{"id":10402,"date":"2025-02-11T01:49:42","date_gmt":"2025-02-08T07:52:29","guid":{"rendered":"https:\/\/moyahousehold.com\/?post_type=product&#038;p=10402"},"modified":"2026-04-04T10:09:27","modified_gmt":"2026-04-04T10:09:27","slug":"wholesale-childrens-metal-lunch-box","status":"publish","type":"product","link":"https:\/\/moyahousehold.com\/es\/producto\/wholesale-childrens-metal-lunch-box\/","title":{"rendered":"Mayorista Fiambrera de Metal para Ni\u00f1os,Fiambreras de Acero Inoxidable a Granel para Adolescentes, Soporte OEM y ODM"},"content":{"rendered":"<h2 class=\"wp-block-heading\">Par\u00e1metros de la fiambrera de acero inoxidable para ni\u00f1os<\/h2>\n\n\n\n<p><strong>Material:<\/strong> 304 + PP + Silicone <strong> Color:<\/strong> Beige\/caqui<\/p>\n\n\n\n<figure class=\"wp-block-table\"><table class=\"has-fixed-layout\"><tbody><tr><td>Art\u00edculo<\/td><td>Capacidad<\/td><td>Talla\/PCS<\/td><td>PCS\/Caja<\/td><td>N.W.\/PCS<\/td><td>G.W.\/Caso<\/td><\/tr><tr><td>MYSK012<\/td><td>Single Grid<\/td><td>13.8*10.8*7.3<\/td><td>100<\/td><td>0,2 kg<\/td><td>25<\/td><\/tr><\/tbody><\/table><\/figure>\n\n\n\n<h3 class=\"wp-block-heading\">Opciones de fiambreras personalizadas<\/h3>\n\n\n\n<p><strong>Logotipo<\/strong>: Customize your brand logo on the stainless steel lunch box and packaging.<br><strong>Opciones de logotipo<\/strong>: Printed logo, laser engraved logo, etc.<br><strong>Patr\u00f3n<\/strong>: Impresi\u00f3n de motivos personalizados en productos y envases.<br><strong>Tecnolog\u00eda de impresi\u00f3n<\/strong>: Water transfer printing, silk screen printing, heat transfer printing, sublimation transfer, etc.<br><strong>Embalaje:<\/strong> Color box.<br><a href=\"https:\/\/moyahousehold.com\/es\/solucion-personalizada\/\"><strong>M\u00e1s informaci\u00f3n sobre soluciones de fiambreras personalizadas.<\/strong><\/a><\/p>\n\n\n\n<div class=\"wp-block-columns is-layout-flex wp-container-core-columns-is-layout-9d6595d7 wp-block-columns-is-layout-flex\">\n<div class=\"wp-block-column is-layout-flow wp-block-column-is-layout-flow\">\n<figure class=\"wp-block-image size-full\"><img fetchpriority=\"high\" decoding=\"async\" width=\"1500\" height=\"1500\" src=\"https:\/\/moyahousehold.com\/wp-content\/uploads\/2025\/02\/Wholesale-Cute-Childrens-Metal-Lunch-Box-5.jpg\" alt=\"Mayorista Fiambrera de metal para ni\u00f1os (5)\" class=\"wp-image-10446\" srcset=\"https:\/\/moyahousehold.com\/wp-content\/uploads\/2025\/02\/Wholesale-Cute-Childrens-Metal-Lunch-Box-5.jpg 1500w, https:\/\/moyahousehold.com\/wp-content\/uploads\/2025\/02\/Wholesale-Cute-Childrens-Metal-Lunch-Box-5-300x300.jpg 300w, https:\/\/moyahousehold.com\/wp-content\/uploads\/2025\/02\/Wholesale-Cute-Childrens-Metal-Lunch-Box-5-150x150.jpg 150w, https:\/\/moyahousehold.com\/wp-content\/uploads\/2025\/02\/Wholesale-Cute-Childrens-Metal-Lunch-Box-5-768x768.jpg 768w, https:\/\/moyahousehold.com\/wp-content\/uploads\/2025\/02\/Wholesale-Cute-Childrens-Metal-Lunch-Box-5-12x12.jpg 12w, https:\/\/moyahousehold.com\/wp-content\/uploads\/2025\/02\/Wholesale-Cute-Childrens-Metal-Lunch-Box-5-285x285.jpg 285w, https:\/\/moyahousehold.com\/wp-content\/uploads\/2025\/02\/Wholesale-Cute-Childrens-Metal-Lunch-Box-5-270x270.jpg 270w, https:\/\/moyahousehold.com\/wp-content\/uploads\/2025\/02\/Wholesale-Cute-Childrens-Metal-Lunch-Box-5-540x540.jpg 540w, https:\/\/moyahousehold.com\/wp-content\/uploads\/2025\/02\/Wholesale-Cute-Childrens-Metal-Lunch-Box-5-660x660.jpg 660w\" sizes=\"(max-width: 1500px) 100vw, 1500px\" \/><\/figure>\n<\/div>\n\n\n\n<div class=\"wp-block-column is-layout-flow wp-block-column-is-layout-flow\">\n<figure class=\"wp-block-image size-full\"><img decoding=\"async\" width=\"1500\" height=\"1500\" src=\"https:\/\/moyahousehold.com\/wp-content\/uploads\/2025\/02\/Wholesale-Cute-Childrens-Metal-Lunch-Box-6.jpg\" alt=\"Mayorista Fiambrera de metal para ni\u00f1os (6)\" class=\"wp-image-10447\" srcset=\"https:\/\/moyahousehold.com\/wp-content\/uploads\/2025\/02\/Wholesale-Cute-Childrens-Metal-Lunch-Box-6.jpg 1500w, https:\/\/moyahousehold.com\/wp-content\/uploads\/2025\/02\/Wholesale-Cute-Childrens-Metal-Lunch-Box-6-300x300.jpg 300w, https:\/\/moyahousehold.com\/wp-content\/uploads\/2025\/02\/Wholesale-Cute-Childrens-Metal-Lunch-Box-6-150x150.jpg 150w, https:\/\/moyahousehold.com\/wp-content\/uploads\/2025\/02\/Wholesale-Cute-Childrens-Metal-Lunch-Box-6-768x768.jpg 768w, https:\/\/moyahousehold.com\/wp-content\/uploads\/2025\/02\/Wholesale-Cute-Childrens-Metal-Lunch-Box-6-12x12.jpg 12w, https:\/\/moyahousehold.com\/wp-content\/uploads\/2025\/02\/Wholesale-Cute-Childrens-Metal-Lunch-Box-6-285x285.jpg 285w, https:\/\/moyahousehold.com\/wp-content\/uploads\/2025\/02\/Wholesale-Cute-Childrens-Metal-Lunch-Box-6-270x270.jpg 270w, https:\/\/moyahousehold.com\/wp-content\/uploads\/2025\/02\/Wholesale-Cute-Childrens-Metal-Lunch-Box-6-540x540.jpg 540w, https:\/\/moyahousehold.com\/wp-content\/uploads\/2025\/02\/Wholesale-Cute-Childrens-Metal-Lunch-Box-6-660x660.jpg 660w\" sizes=\"(max-width: 1500px) 100vw, 1500px\" \/><\/figure>\n<\/div>\n<\/div>","protected":false},"excerpt":{"rendered":"<p>Explore nuestra colecci\u00f3n de bonitas fiambreras infantiles al por mayor, estilos adorables que aportan alegr\u00eda y comodidad a la hora de comer de sus hijos. El dise\u00f1o multirejilla es una herramienta para ense\u00f1ar a los ni\u00f1os a controlar las porciones y a adquirir h\u00e1bitos alimentarios saludables. Estas fiambreras son ideales para los padres que buscan algo pr\u00e1ctico y bonito a la vez. Apoyamos OEM y ODM, p\u00f3ngase en contacto con nosotros para una cotizaci\u00f3n.<\/p>\n<h3>Caracter\u00edsticas de la bonita fiambrera de metal para ni\u00f1os<\/h3>\n<p><strong>Dise\u00f1o bonito y encantador:<\/strong> Nuestra fiambrera de metal para ni\u00f1os tiene colores brillantes y agradables dibujos animados, que hacen que la hora de comer sea emocionante. Despierta el apetito de tus hijos y estar\u00e1n deseando abrir su fiambrera cada d\u00eda.<\/p>\n<p><strong>Calidad de fabricaci\u00f3n superior:<\/strong> Fabricada en acero inoxidable de alta resistencia apto para uso alimentario, la fiambrera met\u00e1lica para ni\u00f1os de dibujos animados cuenta con certificaci\u00f3n ISO y FDA y es muy duradera. El dise\u00f1o de tapa herm\u00e9tica asegura que son 100% a prueba de fugas y a prueba de roturas, y puede soportar la prueba de uso diario.<\/p>\n<p><strong>M\u00faltiples opciones:<\/strong> Con una gran variedad de colores y estilos, siempre hay una fiambrera que se adapta a las preferencias de cada ni\u00f1o. Tambi\u00e9n ofrecemos productos de diferentes capacidades para satisfacer perfectamente las necesidades de los ni\u00f1os en las distintas etapas de crecimiento.<\/p>\n<p><strong>Dise\u00f1o f\u00e1cil de usar:<\/strong> Nuestras fiambreras al por mayor est\u00e1n dise\u00f1adas para manos peque\u00f1as, y las tapas son f\u00e1ciles de abrir, lo que permite a los ni\u00f1os coger la comida de forma independiente. Son ligeras y compactas, y caben c\u00f3modamente en cualquier mochila escolar, lo que las convierte en el compa\u00f1ero perfecto para el almuerzo.<\/p>\n<p><strong>Servicios OEM y ODM de MOYA:<\/strong> En MOYA, sabemos que cada ni\u00f1o es \u00fanico y que cada marca tiene su propia visi\u00f3n. Por eso ofrecemos servicios integrales de OEM y ODM. Tanto si desea personalizar un dise\u00f1o, a\u00f1adir un logotipo o crear un concepto totalmente nuevo, nuestro equipo de expertos har\u00e1 realidad su idea.<\/p>\n<p>No pierda la oportunidad de ofrecer a sus hijos una fiambrera elegante, segura y pr\u00e1ctica. P\u00f3ngase en contacto con nosotros hoy mismo para hablar de sus necesidades y hacer su pedido.<\/p>","protected":false},"featured_media":10442,"comment_status":"closed","ping_status":"closed","template":"","meta":[],"product_cat":[58],"product_tag":[87,92],"class_list":{"0":"post-10402","1":"product","2":"type-product","3":"status-publish","4":"has-post-thumbnail","6":"product_cat-lunch-box-wholesale","7":"product_tag-wholesale-multi-compartment-lunch-box","8":"product_tag-wholesale-rectangle-lunch-box","10":"first","11":"instock","12":"shipping-taxable","13":"product-type-simple"},"_links":{"self":[{"href":"https:\/\/moyahousehold.com\/es\/wp-json\/wp\/v2\/product\/10402","targetHints":{"allow":["GET"]}}],"collection":[{"href":"https:\/\/moyahousehold.com\/es\/wp-json\/wp\/v2\/product"}],"about":[{"href":"https:\/\/moyahousehold.com\/es\/wp-json\/wp\/v2\/types\/product"}],"replies":[{"embeddable":true,"href":"https:\/\/moyahousehold.com\/es\/wp-json\/wp\/v2\/comments?post=10402"}],"version-history":[{"count":2,"href":"https:\/\/moyahousehold.com\/es\/wp-json\/wp\/v2\/product\/10402\/revisions"}],"predecessor-version":[{"id":12610,"href":"https:\/\/moyahousehold.com\/es\/wp-json\/wp\/v2\/product\/10402\/revisions\/12610"}],"wp:featuredmedia":[{"embeddable":true,"href":"https:\/\/moyahousehold.com\/es\/wp-json\/wp\/v2\/media\/10442"}],"wp:attachment":[{"href":"https:\/\/moyahousehold.com\/es\/wp-json\/wp\/v2\/media?parent=10402"}],"wp:term":[{"taxonomy":"product_cat","embeddable":true,"href":"https:\/\/moyahousehold.com\/es\/wp-json\/wp\/v2\/product_cat?post=10402"},{"taxonomy":"product_tag","embeddable":true,"href":"https:\/\/moyahousehold.com\/es\/wp-json\/wp\/v2\/product_tag?post=10402"}],"curies":[{"name":"wp","href":"https:\/\/api.w.org\/{rel}","templated":true}]}}