{"id":10412,"date":"2025-02-11T00:54:01","date_gmt":"2025-02-10T09:04:08","guid":{"rendered":"https:\/\/moyahousehold.com\/?post_type=product&#038;p=10412"},"modified":"2025-02-11T02:45:56","modified_gmt":"2025-02-11T02:45:56","slug":"wholesale-colorful-3-compartment-lunch-box","status":"publish","type":"product","link":"https:\/\/moyahousehold.com\/es\/producto\/wholesale-colorful-3-compartment-lunch-box\/","title":{"rendered":"Mayorista Fiambrera de 3 Compartimentos, Fiambrera a Granel de Acero Inoxidable de Colores, Ideal para la Oficina, la Escuela y las Salidas Familiares"},"content":{"rendered":"<h2 class=\"wp-block-heading\">Par\u00e1metros de la fiambrera de 3 compartimentos de colores<\/h2>\n\n\n\n<p><strong>material:<\/strong> 304 + PP <strong> color:<\/strong> Amarillo, blanco<\/p>\n\n\n\n<figure class=\"wp-block-table\"><table class=\"has-fixed-layout\"><tbody><tr><td>Art\u00edculo<\/td><td>Capacidad<\/td><td>Talla\/PCS<\/td><\/tr><tr><td>MYJD281<\/td><td>3 rejillas<\/td><td>22*17*6<\/td><\/tr><\/tbody><\/table><\/figure>\n\n\n\n<h3 class=\"wp-block-heading\">Opciones de fiambreras personalizadas<\/h3>\n\n\n\n<p><strong>Logotipo<\/strong>Personalice el logotipo de su marca en la caja bento de acero inoxidable y en el paquete.<br><strong>Opciones de logotipo<\/strong>Logotipo impreso, logotipo grabado con l\u00e1ser, etc.<br><strong>Patr\u00f3n<\/strong>Impresi\u00f3n de motivos personalizados en productos y envases.<br><strong>Tecnolog\u00eda de impresi\u00f3n<\/strong>Impresi\u00f3n por transferencia de agua, serigraf\u00eda, transferencia de calor, sublimaci\u00f3n, etc.<br><strong>Paquete<\/strong>: caja de color.<br><a href=\"https:\/\/moyahousehold.com\/es\/solucion-personalizada\/\"><strong>M\u00e1s informaci\u00f3n sobre soluciones de fiambreras personalizadas.<\/strong><\/a><\/p>\n\n\n\n<div class=\"wp-block-columns is-layout-flex wp-container-core-columns-is-layout-9d6595d7 wp-block-columns-is-layout-flex\">\n<div class=\"wp-block-column is-layout-flow wp-block-column-is-layout-flow\">\n<figure class=\"wp-block-image size-full\"><img fetchpriority=\"high\" decoding=\"async\" width=\"1500\" height=\"1500\" src=\"https:\/\/moyahousehold.com\/wp-content\/uploads\/2025\/02\/wholesale-coloful-3-compartment-lunch-box-3.jpg\" alt=\"mayorista coloful fiambrera de 3 compartimentos (3)\" class=\"wp-image-10434\" srcset=\"https:\/\/moyahousehold.com\/wp-content\/uploads\/2025\/02\/wholesale-coloful-3-compartment-lunch-box-3.jpg 1500w, https:\/\/moyahousehold.com\/wp-content\/uploads\/2025\/02\/wholesale-coloful-3-compartment-lunch-box-3-300x300.jpg 300w, https:\/\/moyahousehold.com\/wp-content\/uploads\/2025\/02\/wholesale-coloful-3-compartment-lunch-box-3-150x150.jpg 150w, https:\/\/moyahousehold.com\/wp-content\/uploads\/2025\/02\/wholesale-coloful-3-compartment-lunch-box-3-768x768.jpg 768w, https:\/\/moyahousehold.com\/wp-content\/uploads\/2025\/02\/wholesale-coloful-3-compartment-lunch-box-3-12x12.jpg 12w, https:\/\/moyahousehold.com\/wp-content\/uploads\/2025\/02\/wholesale-coloful-3-compartment-lunch-box-3-285x285.jpg 285w, https:\/\/moyahousehold.com\/wp-content\/uploads\/2025\/02\/wholesale-coloful-3-compartment-lunch-box-3-270x270.jpg 270w, https:\/\/moyahousehold.com\/wp-content\/uploads\/2025\/02\/wholesale-coloful-3-compartment-lunch-box-3-540x540.jpg 540w, https:\/\/moyahousehold.com\/wp-content\/uploads\/2025\/02\/wholesale-coloful-3-compartment-lunch-box-3-660x660.jpg 660w\" sizes=\"(max-width: 1500px) 100vw, 1500px\" \/><\/figure>\n<\/div>\n\n\n\n<div class=\"wp-block-column is-layout-flow wp-block-column-is-layout-flow\">\n<figure class=\"wp-block-image size-full\"><img decoding=\"async\" width=\"1500\" height=\"1500\" src=\"https:\/\/moyahousehold.com\/wp-content\/uploads\/2025\/02\/wholesale-coloful-3-compartment-lunch-box-4.jpg\" alt=\"mayorista coloful fiambrera de 3 compartimentos (4)\" class=\"wp-image-10435\" srcset=\"https:\/\/moyahousehold.com\/wp-content\/uploads\/2025\/02\/wholesale-coloful-3-compartment-lunch-box-4.jpg 1500w, https:\/\/moyahousehold.com\/wp-content\/uploads\/2025\/02\/wholesale-coloful-3-compartment-lunch-box-4-300x300.jpg 300w, https:\/\/moyahousehold.com\/wp-content\/uploads\/2025\/02\/wholesale-coloful-3-compartment-lunch-box-4-150x150.jpg 150w, https:\/\/moyahousehold.com\/wp-content\/uploads\/2025\/02\/wholesale-coloful-3-compartment-lunch-box-4-768x768.jpg 768w, https:\/\/moyahousehold.com\/wp-content\/uploads\/2025\/02\/wholesale-coloful-3-compartment-lunch-box-4-12x12.jpg 12w, https:\/\/moyahousehold.com\/wp-content\/uploads\/2025\/02\/wholesale-coloful-3-compartment-lunch-box-4-285x285.jpg 285w, https:\/\/moyahousehold.com\/wp-content\/uploads\/2025\/02\/wholesale-coloful-3-compartment-lunch-box-4-270x270.jpg 270w, https:\/\/moyahousehold.com\/wp-content\/uploads\/2025\/02\/wholesale-coloful-3-compartment-lunch-box-4-540x540.jpg 540w, https:\/\/moyahousehold.com\/wp-content\/uploads\/2025\/02\/wholesale-coloful-3-compartment-lunch-box-4-660x660.jpg 660w\" sizes=\"(max-width: 1500px) 100vw, 1500px\" \/><\/figure>\n<\/div>\n<\/div>\n\n\n\n<div class=\"wp-block-columns is-layout-flex wp-container-core-columns-is-layout-9d6595d7 wp-block-columns-is-layout-flex\">\n<div class=\"wp-block-column is-layout-flow wp-block-column-is-layout-flow\">\n<figure class=\"wp-block-image size-full\"><img decoding=\"async\" width=\"1500\" height=\"1500\" src=\"https:\/\/moyahousehold.com\/wp-content\/uploads\/2025\/02\/wholesale-coloful-3-compartment-lunch-box-5.jpg\" alt=\"mayorista fiambrera coloful de 3 compartimentos (5)\" class=\"wp-image-10436\" srcset=\"https:\/\/moyahousehold.com\/wp-content\/uploads\/2025\/02\/wholesale-coloful-3-compartment-lunch-box-5.jpg 1500w, https:\/\/moyahousehold.com\/wp-content\/uploads\/2025\/02\/wholesale-coloful-3-compartment-lunch-box-5-300x300.jpg 300w, https:\/\/moyahousehold.com\/wp-content\/uploads\/2025\/02\/wholesale-coloful-3-compartment-lunch-box-5-150x150.jpg 150w, https:\/\/moyahousehold.com\/wp-content\/uploads\/2025\/02\/wholesale-coloful-3-compartment-lunch-box-5-768x768.jpg 768w, https:\/\/moyahousehold.com\/wp-content\/uploads\/2025\/02\/wholesale-coloful-3-compartment-lunch-box-5-12x12.jpg 12w, https:\/\/moyahousehold.com\/wp-content\/uploads\/2025\/02\/wholesale-coloful-3-compartment-lunch-box-5-285x285.jpg 285w, https:\/\/moyahousehold.com\/wp-content\/uploads\/2025\/02\/wholesale-coloful-3-compartment-lunch-box-5-270x270.jpg 270w, https:\/\/moyahousehold.com\/wp-content\/uploads\/2025\/02\/wholesale-coloful-3-compartment-lunch-box-5-540x540.jpg 540w, https:\/\/moyahousehold.com\/wp-content\/uploads\/2025\/02\/wholesale-coloful-3-compartment-lunch-box-5-660x660.jpg 660w\" sizes=\"(max-width: 1500px) 100vw, 1500px\" \/><\/figure>\n<\/div>\n\n\n\n<div class=\"wp-block-column is-layout-flow wp-block-column-is-layout-flow\">\n<figure class=\"wp-block-image size-full\"><img loading=\"lazy\" decoding=\"async\" width=\"1500\" height=\"1500\" src=\"https:\/\/moyahousehold.com\/wp-content\/uploads\/2025\/02\/wholesale-coloful-3-compartment-lunch-box-6.jpg\" alt=\"mayorista coloful fiambrera de 3 compartimentos (6)\" class=\"wp-image-10437\" srcset=\"https:\/\/moyahousehold.com\/wp-content\/uploads\/2025\/02\/wholesale-coloful-3-compartment-lunch-box-6.jpg 1500w, https:\/\/moyahousehold.com\/wp-content\/uploads\/2025\/02\/wholesale-coloful-3-compartment-lunch-box-6-300x300.jpg 300w, https:\/\/moyahousehold.com\/wp-content\/uploads\/2025\/02\/wholesale-coloful-3-compartment-lunch-box-6-150x150.jpg 150w, https:\/\/moyahousehold.com\/wp-content\/uploads\/2025\/02\/wholesale-coloful-3-compartment-lunch-box-6-768x768.jpg 768w, https:\/\/moyahousehold.com\/wp-content\/uploads\/2025\/02\/wholesale-coloful-3-compartment-lunch-box-6-12x12.jpg 12w, https:\/\/moyahousehold.com\/wp-content\/uploads\/2025\/02\/wholesale-coloful-3-compartment-lunch-box-6-285x285.jpg 285w, https:\/\/moyahousehold.com\/wp-content\/uploads\/2025\/02\/wholesale-coloful-3-compartment-lunch-box-6-270x270.jpg 270w, https:\/\/moyahousehold.com\/wp-content\/uploads\/2025\/02\/wholesale-coloful-3-compartment-lunch-box-6-540x540.jpg 540w, https:\/\/moyahousehold.com\/wp-content\/uploads\/2025\/02\/wholesale-coloful-3-compartment-lunch-box-6-660x660.jpg 660w\" sizes=\"(max-width: 1500px) 100vw, 1500px\" \/><\/figure>\n<\/div>\n<\/div>","protected":false},"excerpt":{"rendered":"<p>Mayorista colorida fiambrera de 3 compartimentos, el bien dise\u00f1ado sistema de compartimentos permite a los usuarios porcionar las comidas con precisi\u00f3n, y la avanzada tapa de cierre no s\u00f3lo proporciona un sellado herm\u00e9tico para evitar fugas, sino que tambi\u00e9n resiste peque\u00f1os impactos, lo que la hace digna de confianza en el uso diario. Con soporte OEM y ODM, el fabricante de fiambreras MOYA le ofrece servicios al por mayor y personalizados, p\u00f3ngase en contacto con nosotros para obtener un presupuesto.<\/p>\n<h3><strong>Caracter\u00edsticas de la fiambrera de colores al por mayor<\/strong><\/h3>\n<p><strong>Est\u00e9tica profesional:<\/strong> Nuestras fiambreras al por mayor presentan un dise\u00f1o minimalista pero moderno que encaja en cualquier entorno adulto, ya sea una oficina corporativa o una aventura al aire libre. Sus colores discretos y su acabado suave destilan sofisticaci\u00f3n.<\/p>\n<p><strong>M\u00faltiples compartimentos:<\/strong> Hay fiambreras de 2, 3 e incluso 4 compartimentos entre los que elegir, lo que permite separar eficazmente los distintos alimentos.<\/p>\n<p><strong>Higi\u00e9nico y sostenible:<\/strong> Fabricada \u00edntegramente en acero inoxidable 100% apto para uso alimentario, nuestra fiambrera al por mayor es f\u00e1cil de limpiar y una alternativa ecol\u00f3gica a las fiambreras desechables. Adem\u00e1s, cumple todas las certificaciones internacionales de seguridad pertinentes, como CE y LFGB.<\/p>\n<p><strong>Tama\u00f1os y estilos personalizables:<\/strong> Disponible en varios tama\u00f1os para adaptarse a diferentes apetitos y planes de comidas. Adem\u00e1s, la fiambrera puede personalizarse con el color, la colocaci\u00f3n del logotipo e incluso la configuraci\u00f3n de los compartimentos internos para adaptarse a sus necesidades espec\u00edficas.<\/p>\n<p><strong>Dise\u00f1o ergon\u00f3mico:<\/strong> La tapa de la fiambrera al por mayor est\u00e1 dise\u00f1ada con un mecanismo de f\u00e1cil agarre que permite abrirla y cerrarla f\u00e1cilmente incluso con una sola mano. Su construcci\u00f3n ligera pero resistente facilita su transporte en maletines, mochilas o bolsas.<\/p>\n<p>Elija la fiambrera de acero inoxidable de MOYA, la combinaci\u00f3n perfecta de funcionalidad, estilo y seguridad para mejorar su experiencia gastron\u00f3mica diaria. P\u00f3ngase en contacto con nosotros hoy mismo para hablar de los detalles personalizados y realizar su pedido.<\/p>","protected":false},"featured_media":10432,"comment_status":"closed","ping_status":"closed","template":"","meta":[],"product_cat":[58],"product_tag":[87,92],"class_list":{"0":"post-10412","1":"product","2":"type-product","3":"status-publish","4":"has-post-thumbnail","6":"product_cat-lunch-box-wholesale","7":"product_tag-wholesale-multi-compartment-lunch-box","8":"product_tag-wholesale-rectangle-lunch-box","10":"first","11":"instock","12":"shipping-taxable","13":"product-type-simple"},"_links":{"self":[{"href":"https:\/\/moyahousehold.com\/es\/wp-json\/wp\/v2\/product\/10412","targetHints":{"allow":["GET"]}}],"collection":[{"href":"https:\/\/moyahousehold.com\/es\/wp-json\/wp\/v2\/product"}],"about":[{"href":"https:\/\/moyahousehold.com\/es\/wp-json\/wp\/v2\/types\/product"}],"replies":[{"embeddable":true,"href":"https:\/\/moyahousehold.com\/es\/wp-json\/wp\/v2\/comments?post=10412"}],"version-history":[{"count":0,"href":"https:\/\/moyahousehold.com\/es\/wp-json\/wp\/v2\/product\/10412\/revisions"}],"wp:featuredmedia":[{"embeddable":true,"href":"https:\/\/moyahousehold.com\/es\/wp-json\/wp\/v2\/media\/10432"}],"wp:attachment":[{"href":"https:\/\/moyahousehold.com\/es\/wp-json\/wp\/v2\/media?parent=10412"}],"wp:term":[{"taxonomy":"product_cat","embeddable":true,"href":"https:\/\/moyahousehold.com\/es\/wp-json\/wp\/v2\/product_cat?post=10412"},{"taxonomy":"product_tag","embeddable":true,"href":"https:\/\/moyahousehold.com\/es\/wp-json\/wp\/v2\/product_tag?post=10412"}],"curies":[{"name":"wp","href":"https:\/\/api.w.org\/{rel}","templated":true}]}}