{"id":10583,"date":"2025-03-22T07:17:11","date_gmt":"2025-03-14T08:41:33","guid":{"rendered":"https:\/\/moyahousehold.com\/?post_type=product&#038;p=10583"},"modified":"2025-03-22T08:16:58","modified_gmt":"2025-03-22T08:16:58","slug":"wholesale-multi-compartment-bento-boxes-for-kids","status":"publish","type":"product","link":"https:\/\/moyahousehold.com\/es\/producto\/wholesale-multi-compartment-bento-boxes-for-kids\/","title":{"rendered":"Mayorista Cajas Bento de Varios Compartimentos, La Mejor Caja Bento de Acero Inoxidable para Llevar a los Ni\u00f1os a la Escuela"},"content":{"rendered":"<h2 class=\"wp-block-heading\">Par\u00e1metros de la fiambrera infantil de varios compartimentos para el colegio<\/h2>\n\n\n\n<p><strong>material:<\/strong> 304 + PP <strong> color:<\/strong> Negro, caqui, amarillo<\/p>\n\n\n\n<figure class=\"wp-block-table\"><table class=\"has-fixed-layout\"><tbody><tr><td>Art\u00edculo<\/td><td>Capacidad<\/td><td>Talla\/PCS<\/td><td>PCS\/Caja<\/td><td>N.W.\/PCS<\/td><td>G.W.\/Caso<\/td><\/tr><tr><td>MYJD284-286<\/td><td>3 rejillas<br>4 rejillas<br>5 rejillas<\/td><td>27*21*8<\/td><td>\/<\/td><td>\/<\/td><td>\/<\/td><\/tr><\/tbody><\/table><\/figure>\n\n\n\n<h3 class=\"wp-block-heading\">Opciones de fiambreras personalizadas<\/h3>\n\n\n\n<p><strong>Logotipo<\/strong>Personalice el logotipo de su marca en la caja bento de acero inoxidable y en el embalaje.<br><strong>Opciones de logotipo<\/strong>Logotipo impreso, logotipo grabado con l\u00e1ser, etc.<br><strong>Patr\u00f3n<\/strong>Impresi\u00f3n de motivos en productos y envases.<br><strong>Tecnolog\u00eda de impresi\u00f3n<\/strong>Impresi\u00f3n por transferencia de agua, serigraf\u00eda, transferencia de calor, sublimaci\u00f3n, etc.<br><strong>Embalaje:<\/strong>caja de color.<br><a href=\"https:\/\/moyahousehold.com\/es\/solucion-personalizada\/\"><strong>M\u00e1s informaci\u00f3n sobre soluciones de fiambreras personalizadas.<\/strong><\/a><\/p>\n\n\n\n<div class=\"wp-block-columns is-layout-flex wp-container-core-columns-is-layout-9d6595d7 wp-block-columns-is-layout-flex\">\n<div class=\"wp-block-column is-layout-flow wp-block-column-is-layout-flow\">\n<figure class=\"wp-block-image size-full\"><img fetchpriority=\"high\" decoding=\"async\" width=\"2500\" height=\"2500\" src=\"https:\/\/moyahousehold.com\/wp-content\/uploads\/2025\/03\/Multi-compartment-bento-box-details-1.webp\" alt=\"Detalles de la caja bento con varios compartimentos (1)\" class=\"wp-image-10615\" srcset=\"https:\/\/moyahousehold.com\/wp-content\/uploads\/2025\/03\/Multi-compartment-bento-box-details-1.webp 2500w, https:\/\/moyahousehold.com\/wp-content\/uploads\/2025\/03\/Multi-compartment-bento-box-details-1-300x300.webp 300w, https:\/\/moyahousehold.com\/wp-content\/uploads\/2025\/03\/Multi-compartment-bento-box-details-1-150x150.webp 150w, https:\/\/moyahousehold.com\/wp-content\/uploads\/2025\/03\/Multi-compartment-bento-box-details-1-768x768.webp 768w, https:\/\/moyahousehold.com\/wp-content\/uploads\/2025\/03\/Multi-compartment-bento-box-details-1-12x12.webp 12w, https:\/\/moyahousehold.com\/wp-content\/uploads\/2025\/03\/Multi-compartment-bento-box-details-1-285x285.webp 285w, https:\/\/moyahousehold.com\/wp-content\/uploads\/2025\/03\/Multi-compartment-bento-box-details-1-1600x1600.webp 1600w, https:\/\/moyahousehold.com\/wp-content\/uploads\/2025\/03\/Multi-compartment-bento-box-details-1-270x270.webp 270w, https:\/\/moyahousehold.com\/wp-content\/uploads\/2025\/03\/Multi-compartment-bento-box-details-1-540x540.webp 540w, https:\/\/moyahousehold.com\/wp-content\/uploads\/2025\/03\/Multi-compartment-bento-box-details-1-660x660.webp 660w\" sizes=\"(max-width: 2500px) 100vw, 2500px\" \/><\/figure>\n<\/div>\n\n\n\n<div class=\"wp-block-column is-layout-flow wp-block-column-is-layout-flow\">\n<figure class=\"wp-block-image size-full\"><img decoding=\"async\" width=\"2500\" height=\"2500\" src=\"https:\/\/moyahousehold.com\/wp-content\/uploads\/2025\/03\/Multi-compartment-bento-box-details-2.webp\" alt=\"Detalles de la caja bento con varios compartimentos (2)\" class=\"wp-image-10616\" srcset=\"https:\/\/moyahousehold.com\/wp-content\/uploads\/2025\/03\/Multi-compartment-bento-box-details-2.webp 2500w, https:\/\/moyahousehold.com\/wp-content\/uploads\/2025\/03\/Multi-compartment-bento-box-details-2-300x300.webp 300w, https:\/\/moyahousehold.com\/wp-content\/uploads\/2025\/03\/Multi-compartment-bento-box-details-2-150x150.webp 150w, https:\/\/moyahousehold.com\/wp-content\/uploads\/2025\/03\/Multi-compartment-bento-box-details-2-768x768.webp 768w, https:\/\/moyahousehold.com\/wp-content\/uploads\/2025\/03\/Multi-compartment-bento-box-details-2-12x12.webp 12w, https:\/\/moyahousehold.com\/wp-content\/uploads\/2025\/03\/Multi-compartment-bento-box-details-2-285x285.webp 285w, https:\/\/moyahousehold.com\/wp-content\/uploads\/2025\/03\/Multi-compartment-bento-box-details-2-1600x1600.webp 1600w, https:\/\/moyahousehold.com\/wp-content\/uploads\/2025\/03\/Multi-compartment-bento-box-details-2-270x270.webp 270w, https:\/\/moyahousehold.com\/wp-content\/uploads\/2025\/03\/Multi-compartment-bento-box-details-2-540x540.webp 540w, https:\/\/moyahousehold.com\/wp-content\/uploads\/2025\/03\/Multi-compartment-bento-box-details-2-660x660.webp 660w\" sizes=\"(max-width: 2500px) 100vw, 2500px\" \/><\/figure>\n<\/div>\n<\/div>\n\n\n\n<div class=\"wp-block-columns is-layout-flex wp-container-core-columns-is-layout-9d6595d7 wp-block-columns-is-layout-flex\">\n<div class=\"wp-block-column is-layout-flow wp-block-column-is-layout-flow\">\n<figure class=\"wp-block-image size-full\"><img decoding=\"async\" width=\"2500\" height=\"2500\" src=\"https:\/\/moyahousehold.com\/wp-content\/uploads\/2025\/03\/Multi-compartment-bento-box-details-3.webp\" alt=\"Detalles de la caja bento con varios compartimentos (3)\" class=\"wp-image-10617\" srcset=\"https:\/\/moyahousehold.com\/wp-content\/uploads\/2025\/03\/Multi-compartment-bento-box-details-3.webp 2500w, https:\/\/moyahousehold.com\/wp-content\/uploads\/2025\/03\/Multi-compartment-bento-box-details-3-300x300.webp 300w, https:\/\/moyahousehold.com\/wp-content\/uploads\/2025\/03\/Multi-compartment-bento-box-details-3-150x150.webp 150w, https:\/\/moyahousehold.com\/wp-content\/uploads\/2025\/03\/Multi-compartment-bento-box-details-3-768x768.webp 768w, https:\/\/moyahousehold.com\/wp-content\/uploads\/2025\/03\/Multi-compartment-bento-box-details-3-12x12.webp 12w, https:\/\/moyahousehold.com\/wp-content\/uploads\/2025\/03\/Multi-compartment-bento-box-details-3-285x285.webp 285w, https:\/\/moyahousehold.com\/wp-content\/uploads\/2025\/03\/Multi-compartment-bento-box-details-3-1600x1600.webp 1600w, https:\/\/moyahousehold.com\/wp-content\/uploads\/2025\/03\/Multi-compartment-bento-box-details-3-270x270.webp 270w, https:\/\/moyahousehold.com\/wp-content\/uploads\/2025\/03\/Multi-compartment-bento-box-details-3-540x540.webp 540w, https:\/\/moyahousehold.com\/wp-content\/uploads\/2025\/03\/Multi-compartment-bento-box-details-3-660x660.webp 660w\" sizes=\"(max-width: 2500px) 100vw, 2500px\" \/><\/figure>\n<\/div>\n\n\n\n<div class=\"wp-block-column is-layout-flow wp-block-column-is-layout-flow\">\n<figure class=\"wp-block-image size-full\"><img loading=\"lazy\" decoding=\"async\" width=\"2500\" height=\"2500\" src=\"https:\/\/moyahousehold.com\/wp-content\/uploads\/2025\/03\/Multi-compartment-bento-box-details-4.webp\" alt=\"Detalles de la caja bento con varios compartimentos (4)\" class=\"wp-image-10618\" srcset=\"https:\/\/moyahousehold.com\/wp-content\/uploads\/2025\/03\/Multi-compartment-bento-box-details-4.webp 2500w, https:\/\/moyahousehold.com\/wp-content\/uploads\/2025\/03\/Multi-compartment-bento-box-details-4-300x300.webp 300w, https:\/\/moyahousehold.com\/wp-content\/uploads\/2025\/03\/Multi-compartment-bento-box-details-4-150x150.webp 150w, https:\/\/moyahousehold.com\/wp-content\/uploads\/2025\/03\/Multi-compartment-bento-box-details-4-768x768.webp 768w, https:\/\/moyahousehold.com\/wp-content\/uploads\/2025\/03\/Multi-compartment-bento-box-details-4-12x12.webp 12w, https:\/\/moyahousehold.com\/wp-content\/uploads\/2025\/03\/Multi-compartment-bento-box-details-4-285x285.webp 285w, https:\/\/moyahousehold.com\/wp-content\/uploads\/2025\/03\/Multi-compartment-bento-box-details-4-1600x1600.webp 1600w, https:\/\/moyahousehold.com\/wp-content\/uploads\/2025\/03\/Multi-compartment-bento-box-details-4-270x270.webp 270w, https:\/\/moyahousehold.com\/wp-content\/uploads\/2025\/03\/Multi-compartment-bento-box-details-4-540x540.webp 540w, https:\/\/moyahousehold.com\/wp-content\/uploads\/2025\/03\/Multi-compartment-bento-box-details-4-660x660.webp 660w\" sizes=\"(max-width: 2500px) 100vw, 2500px\" \/><\/figure>\n<\/div>\n<\/div>","protected":false},"excerpt":{"rendered":"<p>Cajas bento de acero inoxidable con m\u00faltiples compartimentos al por mayor, fabricadas en acero inoxidable 304 de calidad alimentaria, con dise\u00f1o de m\u00faltiples compartimentos para facilitar la clasificaci\u00f3n de diferentes alimentos, adecuadas para estudiantes y personal, admite personalizaci\u00f3n OEM y ODM, disfruta de precios preferenciales para compras al por mayor, \u00a1bienvenido a discutir la cooperaci\u00f3n!<\/p>\n<h3>Caracter\u00edsticas de la fiambrera de acero inoxidable con varios compartimentos<\/h3>\n<p>\u00bfBusca una fiambrera estupenda para su hijo? Nuestras fiambreras de acero inoxidable con varios compartimentos son perfectas.<\/p>\n<p><strong>Dise\u00f1o divertido:<\/strong> Los colores vivos y los simp\u00e1ticos dibujos animados hacen que la hora de comer sea emocionante.<br \/><strong>Compartimentos inteligentes:<\/strong> 2 \u00f3 3 compartimentos mantienen los alimentos separados y ayudan a controlar las raciones.<br \/><strong>Material seguro:<\/strong> Fabricado en acero inoxidable de grado alimentario 100%, certificado ISO y FDA.<br \/><strong>Muchas opciones:<\/strong> Disponible en varios colores, estilos y capacidades.<br \/><strong>Amigable con los ni\u00f1os:<\/strong> Tapa f\u00e1cil de abrir, ligera y compacta para mochilas escolares.<\/p>\n<p>Personalizaci\u00f3n<br \/>Como fabricante l\u00edder de fiambreras, MOYA ofrece servicios OEM y ODM.<br \/>Elige MOYA para un almuerzo sano y divertido. \u00a1P\u00f3ngase en contacto con nosotros para personalizar y hacer su pedido!<\/p>","protected":false},"featured_media":10628,"comment_status":"closed","ping_status":"closed","template":"","meta":[],"product_cat":[58],"product_tag":[87,92],"class_list":{"0":"post-10583","1":"product","2":"type-product","3":"status-publish","4":"has-post-thumbnail","6":"product_cat-lunch-box-wholesale","7":"product_tag-wholesale-multi-compartment-lunch-box","8":"product_tag-wholesale-rectangle-lunch-box","10":"first","11":"instock","12":"shipping-taxable","13":"product-type-simple"},"_links":{"self":[{"href":"https:\/\/moyahousehold.com\/es\/wp-json\/wp\/v2\/product\/10583","targetHints":{"allow":["GET"]}}],"collection":[{"href":"https:\/\/moyahousehold.com\/es\/wp-json\/wp\/v2\/product"}],"about":[{"href":"https:\/\/moyahousehold.com\/es\/wp-json\/wp\/v2\/types\/product"}],"replies":[{"embeddable":true,"href":"https:\/\/moyahousehold.com\/es\/wp-json\/wp\/v2\/comments?post=10583"}],"version-history":[{"count":0,"href":"https:\/\/moyahousehold.com\/es\/wp-json\/wp\/v2\/product\/10583\/revisions"}],"wp:featuredmedia":[{"embeddable":true,"href":"https:\/\/moyahousehold.com\/es\/wp-json\/wp\/v2\/media\/10628"}],"wp:attachment":[{"href":"https:\/\/moyahousehold.com\/es\/wp-json\/wp\/v2\/media?parent=10583"}],"wp:term":[{"taxonomy":"product_cat","embeddable":true,"href":"https:\/\/moyahousehold.com\/es\/wp-json\/wp\/v2\/product_cat?post=10583"},{"taxonomy":"product_tag","embeddable":true,"href":"https:\/\/moyahousehold.com\/es\/wp-json\/wp\/v2\/product_tag?post=10583"}],"curies":[{"name":"wp","href":"https:\/\/api.w.org\/{rel}","templated":true}]}}