{"id":11077,"date":"2025-06-16T02:53:22","date_gmt":"2025-06-16T02:53:22","guid":{"rendered":"https:\/\/moyahousehold.com\/?post_type=product&#038;p=11077"},"modified":"2025-06-17T09:36:49","modified_gmt":"2025-06-17T09:36:49","slug":"wholesale-new-steel-cover-bento-boxes-304-stainless-steel-bento-box-crisper","status":"publish","type":"product","link":"https:\/\/moyahousehold.com\/es\/producto\/wholesale-new-steel-cover-bento-boxes-304-stainless-steel-bento-box-crisper\/","title":{"rendered":"Venta al por mayor Nuevo Acero Cubierta Bento Cajas 304 Acero Inoxidable Bento Box Crisper"},"content":{"rendered":"<p><strong>material:<\/strong> 304 + PP <strong> color:<\/strong> Negro\/acero<\/p>\n\n\n\n<figure class=\"wp-block-table\"><table class=\"has-fixed-layout\"><tbody><tr><td>Art\u00edculo<\/td><td>Capacidad<\/td><td>Talla\/PCS<\/td><td>PCS\/Caja<\/td><td>N.W.\/PCS<\/td><td>G.W.\/Caso<\/td><\/tr><tr><td>MYJD294<\/td><td>580 ml<\/td><td>18.2*12*6.7<\/td><td>80<\/td><td>0.3&nbsp;<\/td><td>22.0&nbsp;<\/td><\/tr><tr><td>MYJD295<\/td><td>880 ml<\/td><td>18.2*12*9.2<\/td><td>60<\/td><td>0.3&nbsp;<\/td><td>18.4&nbsp;<\/td><\/tr><tr><td>MYJD296<\/td><td>1180 ml<\/td><td>18.2*12*11.6<\/td><td>50<\/td><td>0.4&nbsp;<\/td><td>18.6&nbsp;<\/td><\/tr><tr><td>MYJD297<\/td><td>1000 ml<\/td><td>22*15.4*6.7<\/td><td>56<\/td><td>0.4&nbsp;<\/td><td>22.9&nbsp;<\/td><\/tr><tr><td>MYJD298<\/td><td>1600 ml<\/td><td>22*15.4*9.2<\/td><td>40<\/td><td>0.4&nbsp;<\/td><td>18.4&nbsp;<\/td><\/tr><tr><td>MYJD299<\/td><td>2100 ml<\/td><td>22*15.4*11.6<\/td><td>32<\/td><td>0.5&nbsp;<\/td><td>17.3&nbsp;<\/td><\/tr><tr><td>MYJD300<\/td><td>1500 ml<\/td><td>25.7*19*6.7<\/td><td>48<\/td><td>0.5&nbsp;<\/td><td>27.2&nbsp;<\/td><\/tr><tr><td>MYJD301<\/td><td>2300 ml<\/td><td>25.7*19*9.2<\/td><td>36<\/td><td>0.6&nbsp;<\/td><td>22.5&nbsp;<\/td><\/tr><tr><td>MYJD302<\/td><td>3100 ml<\/td><td>25.7*19*11.6<\/td><td>24<\/td><td>0.7&nbsp;<\/td><td>17.4&nbsp;<\/td><\/tr><tr><td>MYJD303<\/td><td>1100 ml<\/td><td>19.2*19.2*6.7<\/td><td>60<\/td><td>0.41&nbsp;<\/td><td>25.72&nbsp;<\/td><\/tr><tr><td>MYJD304<\/td><td>1700 ml<\/td><td>19.2*19.2*9.2<\/td><td>36<\/td><td>0.44&nbsp;<\/td><td>16.88&nbsp;<\/td><\/tr><tr><td>MYJD305<\/td><td>2300 ml<\/td><td>19.2*19.2*11.6<\/td><td>24<\/td><td>0.52&nbsp;<\/td><td>13.36&nbsp;<\/td><\/tr><tr><td>MYJD306<\/td><td>450 ml<\/td><td>15*15*6.3<\/td><td>80<\/td><td>0.22&nbsp;<\/td><td>18.28&nbsp;<\/td><\/tr><tr><td>MYJD307<\/td><td>680 ml<\/td><td>15*15*8.7<\/td><td>56<\/td><td>0.24&nbsp;<\/td><td>14.66&nbsp;<\/td><\/tr><tr><td>MYJD308<\/td><td>900 ml<\/td><td>15*15*10.8<\/td><td>40<\/td><td>0.27&nbsp;<\/td><td>11.80&nbsp;<\/td><\/tr><\/tbody><\/table><\/figure>\n\n\n\n<h3 class=\"wp-block-heading\">Opciones de fiambreras personalizadas<\/h3>\n\n\n\n<p><strong>Logotipo<\/strong>Personalice el logotipo de su marca en la caja bento de acero inoxidable y en el embalaje.<br><strong>Opciones de logotipo<\/strong>Logotipo impreso, logotipo grabado con l\u00e1ser, etc.<br><strong>Patr\u00f3n<\/strong>Impresi\u00f3n de motivos en productos y envases.<br><strong>Tecnolog\u00eda de impresi\u00f3n<\/strong>Impresi\u00f3n por transferencia de agua, serigraf\u00eda, transferencia de calor, sublimaci\u00f3n, etc.<br><strong>Embalaje:<\/strong>caja de color.<br><a href=\"https:\/\/moyahousehold.com\/es\/solucion-personalizada\/\"><strong>M\u00e1s informaci\u00f3n sobre soluciones de fiambreras personalizadas.<\/strong><\/a><\/p>\n\n\n\n<div class=\"wp-block-columns is-layout-flex wp-container-core-columns-is-layout-9d6595d7 wp-block-columns-is-layout-flex\">\n<div class=\"wp-block-column is-layout-flow wp-block-column-is-layout-flow\">\n<figure class=\"wp-block-image size-full\"><img fetchpriority=\"high\" decoding=\"async\" width=\"3702\" height=\"3702\" src=\"https:\/\/moyahousehold.com\/wp-content\/uploads\/2025\/06\/Steel-Cover-Storage-Box-17_\u526f\u672c.webp\" alt=\"Caja de almacenamiento con tapa de acero\" class=\"wp-image-11094\" srcset=\"https:\/\/moyahousehold.com\/wp-content\/uploads\/2025\/06\/Steel-Cover-Storage-Box-17_\u526f\u672c.webp 3702w, https:\/\/moyahousehold.com\/wp-content\/uploads\/2025\/06\/Steel-Cover-Storage-Box-17_\u526f\u672c-300x300.webp 300w, https:\/\/moyahousehold.com\/wp-content\/uploads\/2025\/06\/Steel-Cover-Storage-Box-17_\u526f\u672c-150x150.webp 150w, https:\/\/moyahousehold.com\/wp-content\/uploads\/2025\/06\/Steel-Cover-Storage-Box-17_\u526f\u672c-768x768.webp 768w, https:\/\/moyahousehold.com\/wp-content\/uploads\/2025\/06\/Steel-Cover-Storage-Box-17_\u526f\u672c-12x12.webp 12w, https:\/\/moyahousehold.com\/wp-content\/uploads\/2025\/06\/Steel-Cover-Storage-Box-17_\u526f\u672c-285x285.webp 285w, https:\/\/moyahousehold.com\/wp-content\/uploads\/2025\/06\/Steel-Cover-Storage-Box-17_\u526f\u672c-1600x1600.webp 1600w, https:\/\/moyahousehold.com\/wp-content\/uploads\/2025\/06\/Steel-Cover-Storage-Box-17_\u526f\u672c-270x270.webp 270w, https:\/\/moyahousehold.com\/wp-content\/uploads\/2025\/06\/Steel-Cover-Storage-Box-17_\u526f\u672c-540x540.webp 540w, https:\/\/moyahousehold.com\/wp-content\/uploads\/2025\/06\/Steel-Cover-Storage-Box-17_\u526f\u672c-660x660.webp 660w\" sizes=\"(max-width: 3702px) 100vw, 3702px\" \/><\/figure>\n<\/div>\n\n\n\n<div class=\"wp-block-column is-layout-flow wp-block-column-is-layout-flow\">\n<figure class=\"wp-block-image size-full\"><img decoding=\"async\" width=\"4160\" height=\"4160\" src=\"https:\/\/moyahousehold.com\/wp-content\/uploads\/2025\/06\/Steel-Cover-Storage-Box-19_\u526f\u672c.webp\" alt=\"Caja de almacenamiento con tapa de acero\" class=\"wp-image-11096\" srcset=\"https:\/\/moyahousehold.com\/wp-content\/uploads\/2025\/06\/Steel-Cover-Storage-Box-19_\u526f\u672c.webp 4160w, https:\/\/moyahousehold.com\/wp-content\/uploads\/2025\/06\/Steel-Cover-Storage-Box-19_\u526f\u672c-300x300.webp 300w, https:\/\/moyahousehold.com\/wp-content\/uploads\/2025\/06\/Steel-Cover-Storage-Box-19_\u526f\u672c-150x150.webp 150w, https:\/\/moyahousehold.com\/wp-content\/uploads\/2025\/06\/Steel-Cover-Storage-Box-19_\u526f\u672c-768x768.webp 768w, https:\/\/moyahousehold.com\/wp-content\/uploads\/2025\/06\/Steel-Cover-Storage-Box-19_\u526f\u672c-12x12.webp 12w, https:\/\/moyahousehold.com\/wp-content\/uploads\/2025\/06\/Steel-Cover-Storage-Box-19_\u526f\u672c-285x285.webp 285w, https:\/\/moyahousehold.com\/wp-content\/uploads\/2025\/06\/Steel-Cover-Storage-Box-19_\u526f\u672c-1600x1600.webp 1600w, https:\/\/moyahousehold.com\/wp-content\/uploads\/2025\/06\/Steel-Cover-Storage-Box-19_\u526f\u672c-270x270.webp 270w, https:\/\/moyahousehold.com\/wp-content\/uploads\/2025\/06\/Steel-Cover-Storage-Box-19_\u526f\u672c-540x540.webp 540w, https:\/\/moyahousehold.com\/wp-content\/uploads\/2025\/06\/Steel-Cover-Storage-Box-19_\u526f\u672c-660x660.webp 660w\" sizes=\"(max-width: 4160px) 100vw, 4160px\" \/><\/figure>\n<\/div>\n<\/div>\n\n\n\n<div class=\"wp-block-columns is-layout-flex wp-container-core-columns-is-layout-9d6595d7 wp-block-columns-is-layout-flex\">\n<div class=\"wp-block-column is-layout-flow wp-block-column-is-layout-flow\">\n<figure class=\"wp-block-image size-full\"><img decoding=\"async\" width=\"4093\" height=\"4093\" src=\"https:\/\/moyahousehold.com\/wp-content\/uploads\/2025\/06\/Steel-Cover-Storage-Box-18_\u526f\u672c.webp\" alt=\"Caja de almacenamiento con tapa de acero\" class=\"wp-image-11095\" srcset=\"https:\/\/moyahousehold.com\/wp-content\/uploads\/2025\/06\/Steel-Cover-Storage-Box-18_\u526f\u672c.webp 4093w, https:\/\/moyahousehold.com\/wp-content\/uploads\/2025\/06\/Steel-Cover-Storage-Box-18_\u526f\u672c-300x300.webp 300w, https:\/\/moyahousehold.com\/wp-content\/uploads\/2025\/06\/Steel-Cover-Storage-Box-18_\u526f\u672c-150x150.webp 150w, https:\/\/moyahousehold.com\/wp-content\/uploads\/2025\/06\/Steel-Cover-Storage-Box-18_\u526f\u672c-768x768.webp 768w, https:\/\/moyahousehold.com\/wp-content\/uploads\/2025\/06\/Steel-Cover-Storage-Box-18_\u526f\u672c-12x12.webp 12w, https:\/\/moyahousehold.com\/wp-content\/uploads\/2025\/06\/Steel-Cover-Storage-Box-18_\u526f\u672c-285x285.webp 285w, https:\/\/moyahousehold.com\/wp-content\/uploads\/2025\/06\/Steel-Cover-Storage-Box-18_\u526f\u672c-1600x1600.webp 1600w, https:\/\/moyahousehold.com\/wp-content\/uploads\/2025\/06\/Steel-Cover-Storage-Box-18_\u526f\u672c-270x270.webp 270w, https:\/\/moyahousehold.com\/wp-content\/uploads\/2025\/06\/Steel-Cover-Storage-Box-18_\u526f\u672c-540x540.webp 540w, https:\/\/moyahousehold.com\/wp-content\/uploads\/2025\/06\/Steel-Cover-Storage-Box-18_\u526f\u672c-660x660.webp 660w\" sizes=\"(max-width: 4093px) 100vw, 4093px\" \/><\/figure>\n<\/div>\n\n\n\n<div class=\"wp-block-column is-layout-flow wp-block-column-is-layout-flow\">\n<figure class=\"wp-block-image size-full\"><img loading=\"lazy\" decoding=\"async\" width=\"3593\" height=\"3593\" src=\"https:\/\/moyahousehold.com\/wp-content\/uploads\/2025\/06\/Steel-Cover-Storage-Box-16_\u526f\u672c.webp\" alt=\"Caja de almacenamiento con tapa de acero\" class=\"wp-image-11093\" srcset=\"https:\/\/moyahousehold.com\/wp-content\/uploads\/2025\/06\/Steel-Cover-Storage-Box-16_\u526f\u672c.webp 3593w, https:\/\/moyahousehold.com\/wp-content\/uploads\/2025\/06\/Steel-Cover-Storage-Box-16_\u526f\u672c-300x300.webp 300w, https:\/\/moyahousehold.com\/wp-content\/uploads\/2025\/06\/Steel-Cover-Storage-Box-16_\u526f\u672c-150x150.webp 150w, https:\/\/moyahousehold.com\/wp-content\/uploads\/2025\/06\/Steel-Cover-Storage-Box-16_\u526f\u672c-768x768.webp 768w, https:\/\/moyahousehold.com\/wp-content\/uploads\/2025\/06\/Steel-Cover-Storage-Box-16_\u526f\u672c-12x12.webp 12w, https:\/\/moyahousehold.com\/wp-content\/uploads\/2025\/06\/Steel-Cover-Storage-Box-16_\u526f\u672c-285x285.webp 285w, https:\/\/moyahousehold.com\/wp-content\/uploads\/2025\/06\/Steel-Cover-Storage-Box-16_\u526f\u672c-1600x1600.webp 1600w, https:\/\/moyahousehold.com\/wp-content\/uploads\/2025\/06\/Steel-Cover-Storage-Box-16_\u526f\u672c-270x270.webp 270w, https:\/\/moyahousehold.com\/wp-content\/uploads\/2025\/06\/Steel-Cover-Storage-Box-16_\u526f\u672c-540x540.webp 540w, https:\/\/moyahousehold.com\/wp-content\/uploads\/2025\/06\/Steel-Cover-Storage-Box-16_\u526f\u672c-660x660.webp 660w\" sizes=\"(max-width: 3593px) 100vw, 3593px\" \/><\/figure>\n<\/div>\n<\/div>\n\n\n\n<p><\/p>","protected":false},"excerpt":{"rendered":"<h3 class=\"header-OdWb_u auto-hide-last-sibling-br\">Mayorista de Envases de Acero Inoxidable para Conservas con Tapa de Acero - Frescura Sellada, Soluciones a Medida<\/h3>\n<h4 class=\"header-OdWb_u auto-hide-last-sibling-br\">Principales ventajas del producto<\/h4>\n<div class=\"auto-hide-last-sibling-br paragraph-Oc488D paragraph-element br-paragraph-space\"><strong>Material de acero inoxidable de calidad alimentaria<\/strong><br class=\"container-Vdm5p7 wrapper-_7axQ_ undefined\" \/>Fabricado en acero inoxidable de calidad alimentaria, certificado por instituciones autorizadas, que garantiza la ausencia de toxinas, la resistencia a la corrosi\u00f3n y la ausencia de olores. F\u00e1cil de limpiar y seguro para el contacto directo con alimentos, salvaguardando la salud diet\u00e9tica.<\/div>\n<div>\u00a0<\/div>\n<div class=\"auto-hide-last-sibling-br paragraph-Oc488D paragraph-element br-paragraph-space\"><strong>Dise\u00f1o de tapa de acero sellada de alta eficiencia<\/strong><br class=\"container-Vdm5p7 wrapper-_7axQ_ undefined\" \/>Equipado con una tapa de acero herm\u00e9tica y un anillo de sellado de silicona, formando un fuerte espacio herm\u00e9tico. Bloquea eficazmente el aire y la humedad, evita que se mezclen los olores de los alimentos y que se estropeen, prolongando considerablemente su frescura. Mantiene la calidad de los alimentos refrigerados o almacenados a temperatura ambiente.<\/div>\n<div>\u00a0<\/div>\n<div class=\"auto-hide-last-sibling-br paragraph-Oc488D paragraph-element br-paragraph-space\"><strong>Diversos tama\u00f1os y especificaciones<\/strong><br class=\"container-Vdm5p7 wrapper-_7axQ_ undefined\" \/>Ofrece una amplia gama de tama\u00f1os y capacidades, desde minicontenedores para salsas y aperitivos hasta grandes contenedores para comidas familiares. Se adapta a diferentes situaciones de almacenamiento de alimentos y satisface diversas necesidades de uso.<\/div>\n<div>\u00a0<\/div>\n<div class=\"auto-hide-last-sibling-br paragraph-Oc488D paragraph-element br-paragraph-space\"><strong>Servicios de personalizaci\u00f3n<\/strong><br class=\"container-Vdm5p7 wrapper-_7axQ_ undefined\" \/>Admite personalizaci\u00f3n OEM y ODM: adapte los patrones de la tapa de acero, los colores del recipiente, los logotipos de la marca, etc. Perfectos para uso dom\u00e9stico personalizado, regalos de empresa o art\u00edculos promocionales, crean productos exclusivos acordes con la imagen de marca.<\/div>\n<div>\u00a0<\/div>\n<div class=\"auto-hide-last-sibling-br paragraph-Oc488D paragraph-element br-paragraph-space\"><strong>Descuentos por compras al por mayor<\/strong><br class=\"container-Vdm5p7 wrapper-_7axQ_ undefined\" \/>Ofrece precios atractivos para mayoristas, minoristas y clientes corporativos. Los pedidos m\u00e1s grandes implican mayores descuentos, con modelos de cooperaci\u00f3n flexibles para reducir los costes de adquisici\u00f3n.<\/div>","protected":false},"featured_media":11089,"comment_status":"closed","ping_status":"closed","template":"","meta":[],"product_cat":[57],"product_tag":[87,92],"class_list":{"0":"post-11077","1":"product","2":"type-product","3":"status-publish","4":"has-post-thumbnail","6":"product_cat-food-storage-container-wholesale","7":"product_tag-wholesale-multi-compartment-lunch-box","8":"product_tag-wholesale-rectangle-lunch-box","10":"first","11":"instock","12":"shipping-taxable","13":"product-type-simple"},"_links":{"self":[{"href":"https:\/\/moyahousehold.com\/es\/wp-json\/wp\/v2\/product\/11077","targetHints":{"allow":["GET"]}}],"collection":[{"href":"https:\/\/moyahousehold.com\/es\/wp-json\/wp\/v2\/product"}],"about":[{"href":"https:\/\/moyahousehold.com\/es\/wp-json\/wp\/v2\/types\/product"}],"replies":[{"embeddable":true,"href":"https:\/\/moyahousehold.com\/es\/wp-json\/wp\/v2\/comments?post=11077"}],"version-history":[{"count":0,"href":"https:\/\/moyahousehold.com\/es\/wp-json\/wp\/v2\/product\/11077\/revisions"}],"wp:featuredmedia":[{"embeddable":true,"href":"https:\/\/moyahousehold.com\/es\/wp-json\/wp\/v2\/media\/11089"}],"wp:attachment":[{"href":"https:\/\/moyahousehold.com\/es\/wp-json\/wp\/v2\/media?parent=11077"}],"wp:term":[{"taxonomy":"product_cat","embeddable":true,"href":"https:\/\/moyahousehold.com\/es\/wp-json\/wp\/v2\/product_cat?post=11077"},{"taxonomy":"product_tag","embeddable":true,"href":"https:\/\/moyahousehold.com\/es\/wp-json\/wp\/v2\/product_tag?post=11077"}],"curies":[{"name":"wp","href":"https:\/\/api.w.org\/{rel}","templated":true}]}}