{"id":11178,"date":"2025-06-28T09:54:27","date_gmt":"2025-06-28T09:54:27","guid":{"rendered":"https:\/\/moyahousehold.com\/?post_type=product&#038;p=11178"},"modified":"2025-06-28T10:05:03","modified_gmt":"2025-06-28T10:05:03","slug":"304-stainless-steel-portable-bento-lunch-box-with-compartment-for-working-adults","status":"publish","type":"product","link":"https:\/\/moyahousehold.com\/es\/producto\/304-stainless-steel-portable-bento-lunch-box-with-compartment-for-working-adults\/","title":{"rendered":"Fiambrera Bento Port\u00e1til de Acero Inoxidable 304 con Compartimento para Adultos Trabajadores"},"content":{"rendered":"<h2 class=\"wp-block-heading\">Par\u00e1metros de la fiambrera infantil de varios compartimentos para el colegio<\/h2>\n\n\n\n<p><strong>material:<\/strong> 304 + PP <strong> color:<\/strong> Negro, caqui, rosa, verde<\/p>\n\n\n\n<figure class=\"wp-block-table\"><table class=\"has-fixed-layout\"><tbody><tr><td>Art\u00edculo<\/td><td>Capacidad<\/td><td>Talla\/PCS<\/td><td>PCS\/Caja<\/td><td>N.W.\/PCS<\/td><td>G.W.\/Caso<\/td><\/tr><tr><td>MYJD412<\/td><td>4 rejillas + sopera<\/td><td>27.3*19*7.2<\/td><td>36<\/td><td>0.7<\/td><td>27.2<\/td><\/tr><tr><td>MYJD413<\/td><td>5 rejillas + sopera<\/td><td>27.3*19*7.2<\/td><td>36<\/td><td>0.7<\/td><td>27.2<\/td><\/tr><\/tbody><\/table><\/figure>\n\n\n\n<h3 class=\"wp-block-heading\">Opciones de fiambreras personalizadas<\/h3>\n\n\n\n<p><strong>Logotipo<\/strong>Personalice el logotipo de su marca en la caja bento de acero inoxidable y en el embalaje.<br><strong>Opciones de logotipo<\/strong>Logotipo impreso, logotipo grabado con l\u00e1ser, etc.<br><strong>Patr\u00f3n<\/strong>Impresi\u00f3n de motivos en productos y envases.<br><strong>Tecnolog\u00eda de impresi\u00f3n<\/strong>Impresi\u00f3n por transferencia de agua, serigraf\u00eda, transferencia de calor, sublimaci\u00f3n, etc.<br><strong>Embalaje:<\/strong>caja de color.<br><a href=\"https:\/\/moyahousehold.com\/es\/solucion-personalizada\/\"><strong>M\u00e1s informaci\u00f3n sobre soluciones de fiambreras personalizadas.<\/strong><\/a><\/p>\n\n\n\n<div class=\"wp-block-columns is-layout-flex wp-container-core-columns-is-layout-9d6595d7 wp-block-columns-is-layout-flex\">\n<div class=\"wp-block-column is-layout-flow wp-block-column-is-layout-flow\">\n<figure class=\"wp-block-image size-full\"><img fetchpriority=\"high\" decoding=\"async\" width=\"3575\" height=\"3575\" src=\"https:\/\/moyahousehold.com\/wp-content\/uploads\/2025\/06\/Stainless-Steel-Lunch-Box-2.webp\" alt=\"Fiambrera de acero inoxidable\" class=\"wp-image-11195\" srcset=\"https:\/\/moyahousehold.com\/wp-content\/uploads\/2025\/06\/Stainless-Steel-Lunch-Box-2.webp 3575w, https:\/\/moyahousehold.com\/wp-content\/uploads\/2025\/06\/Stainless-Steel-Lunch-Box-2-300x300.webp 300w, https:\/\/moyahousehold.com\/wp-content\/uploads\/2025\/06\/Stainless-Steel-Lunch-Box-2-150x150.webp 150w, https:\/\/moyahousehold.com\/wp-content\/uploads\/2025\/06\/Stainless-Steel-Lunch-Box-2-768x768.webp 768w, https:\/\/moyahousehold.com\/wp-content\/uploads\/2025\/06\/Stainless-Steel-Lunch-Box-2-12x12.webp 12w, https:\/\/moyahousehold.com\/wp-content\/uploads\/2025\/06\/Stainless-Steel-Lunch-Box-2-285x285.webp 285w, https:\/\/moyahousehold.com\/wp-content\/uploads\/2025\/06\/Stainless-Steel-Lunch-Box-2-1600x1600.webp 1600w, https:\/\/moyahousehold.com\/wp-content\/uploads\/2025\/06\/Stainless-Steel-Lunch-Box-2-270x270.webp 270w, https:\/\/moyahousehold.com\/wp-content\/uploads\/2025\/06\/Stainless-Steel-Lunch-Box-2-540x540.webp 540w, https:\/\/moyahousehold.com\/wp-content\/uploads\/2025\/06\/Stainless-Steel-Lunch-Box-2-660x660.webp 660w\" sizes=\"(max-width: 3575px) 100vw, 3575px\" \/><\/figure>\n<\/div>\n\n\n\n<div class=\"wp-block-column is-layout-flow wp-block-column-is-layout-flow\">\n<figure class=\"wp-block-image size-full\"><img decoding=\"async\" width=\"3235\" height=\"3235\" src=\"https:\/\/moyahousehold.com\/wp-content\/uploads\/2025\/06\/Stainless-Steel-Lunch-Box-4.webp\" alt=\"Fiambrera de acero inoxidable\" class=\"wp-image-11197\" srcset=\"https:\/\/moyahousehold.com\/wp-content\/uploads\/2025\/06\/Stainless-Steel-Lunch-Box-4.webp 3235w, https:\/\/moyahousehold.com\/wp-content\/uploads\/2025\/06\/Stainless-Steel-Lunch-Box-4-300x300.webp 300w, https:\/\/moyahousehold.com\/wp-content\/uploads\/2025\/06\/Stainless-Steel-Lunch-Box-4-150x150.webp 150w, https:\/\/moyahousehold.com\/wp-content\/uploads\/2025\/06\/Stainless-Steel-Lunch-Box-4-768x768.webp 768w, https:\/\/moyahousehold.com\/wp-content\/uploads\/2025\/06\/Stainless-Steel-Lunch-Box-4-12x12.webp 12w, https:\/\/moyahousehold.com\/wp-content\/uploads\/2025\/06\/Stainless-Steel-Lunch-Box-4-285x285.webp 285w, https:\/\/moyahousehold.com\/wp-content\/uploads\/2025\/06\/Stainless-Steel-Lunch-Box-4-1600x1600.webp 1600w, https:\/\/moyahousehold.com\/wp-content\/uploads\/2025\/06\/Stainless-Steel-Lunch-Box-4-270x270.webp 270w, https:\/\/moyahousehold.com\/wp-content\/uploads\/2025\/06\/Stainless-Steel-Lunch-Box-4-540x540.webp 540w, https:\/\/moyahousehold.com\/wp-content\/uploads\/2025\/06\/Stainless-Steel-Lunch-Box-4-660x660.webp 660w\" sizes=\"(max-width: 3235px) 100vw, 3235px\" \/><\/figure>\n<\/div>\n<\/div>\n\n\n\n<div class=\"wp-block-columns is-layout-flex wp-container-core-columns-is-layout-9d6595d7 wp-block-columns-is-layout-flex\">\n<div class=\"wp-block-column is-layout-flow wp-block-column-is-layout-flow\">\n<figure class=\"wp-block-image size-full\"><img decoding=\"async\" width=\"3608\" height=\"3608\" src=\"https:\/\/moyahousehold.com\/wp-content\/uploads\/2025\/06\/Stainless-Steel-Lunch-Box-5.webp\" alt=\"Fiambrera de acero inoxidable\" class=\"wp-image-11198\" srcset=\"https:\/\/moyahousehold.com\/wp-content\/uploads\/2025\/06\/Stainless-Steel-Lunch-Box-5.webp 3608w, https:\/\/moyahousehold.com\/wp-content\/uploads\/2025\/06\/Stainless-Steel-Lunch-Box-5-300x300.webp 300w, https:\/\/moyahousehold.com\/wp-content\/uploads\/2025\/06\/Stainless-Steel-Lunch-Box-5-150x150.webp 150w, https:\/\/moyahousehold.com\/wp-content\/uploads\/2025\/06\/Stainless-Steel-Lunch-Box-5-768x768.webp 768w, https:\/\/moyahousehold.com\/wp-content\/uploads\/2025\/06\/Stainless-Steel-Lunch-Box-5-12x12.webp 12w, https:\/\/moyahousehold.com\/wp-content\/uploads\/2025\/06\/Stainless-Steel-Lunch-Box-5-285x285.webp 285w, https:\/\/moyahousehold.com\/wp-content\/uploads\/2025\/06\/Stainless-Steel-Lunch-Box-5-1600x1600.webp 1600w, https:\/\/moyahousehold.com\/wp-content\/uploads\/2025\/06\/Stainless-Steel-Lunch-Box-5-270x270.webp 270w, https:\/\/moyahousehold.com\/wp-content\/uploads\/2025\/06\/Stainless-Steel-Lunch-Box-5-540x540.webp 540w, https:\/\/moyahousehold.com\/wp-content\/uploads\/2025\/06\/Stainless-Steel-Lunch-Box-5-660x660.webp 660w\" sizes=\"(max-width: 3608px) 100vw, 3608px\" \/><\/figure>\n<\/div>\n\n\n\n<div class=\"wp-block-column is-layout-flow wp-block-column-is-layout-flow\">\n<figure class=\"wp-block-image size-full\"><img loading=\"lazy\" decoding=\"async\" width=\"3575\" height=\"3575\" src=\"https:\/\/moyahousehold.com\/wp-content\/uploads\/2025\/06\/Stainless-Steel-Lunch-Box-3.webp\" alt=\"Fiambrera de acero inoxidable\" class=\"wp-image-11196\" srcset=\"https:\/\/moyahousehold.com\/wp-content\/uploads\/2025\/06\/Stainless-Steel-Lunch-Box-3.webp 3575w, https:\/\/moyahousehold.com\/wp-content\/uploads\/2025\/06\/Stainless-Steel-Lunch-Box-3-300x300.webp 300w, https:\/\/moyahousehold.com\/wp-content\/uploads\/2025\/06\/Stainless-Steel-Lunch-Box-3-150x150.webp 150w, https:\/\/moyahousehold.com\/wp-content\/uploads\/2025\/06\/Stainless-Steel-Lunch-Box-3-768x768.webp 768w, https:\/\/moyahousehold.com\/wp-content\/uploads\/2025\/06\/Stainless-Steel-Lunch-Box-3-12x12.webp 12w, https:\/\/moyahousehold.com\/wp-content\/uploads\/2025\/06\/Stainless-Steel-Lunch-Box-3-285x285.webp 285w, https:\/\/moyahousehold.com\/wp-content\/uploads\/2025\/06\/Stainless-Steel-Lunch-Box-3-1600x1600.webp 1600w, https:\/\/moyahousehold.com\/wp-content\/uploads\/2025\/06\/Stainless-Steel-Lunch-Box-3-270x270.webp 270w, https:\/\/moyahousehold.com\/wp-content\/uploads\/2025\/06\/Stainless-Steel-Lunch-Box-3-540x540.webp 540w, https:\/\/moyahousehold.com\/wp-content\/uploads\/2025\/06\/Stainless-Steel-Lunch-Box-3-660x660.webp 660w\" sizes=\"(max-width: 3575px) 100vw, 3575px\" \/><\/figure>\n<\/div>\n<\/div>","protected":false},"excerpt":{"rendered":"<div class=\"inter-tejLiY\">\n<div class=\"container-Cxy479\">\n<div class=\"item-InGWJf\">\n<div class=\"container-S3UiLA chrome70-container\">\n<div class=\"inner-Jx6WFr inner-item-WP6NRr\" data-target-id=\"message-box-target-id\" data-testid=\"union_message\">\n<div class=\"message-block-container-yay_EG\" data-testid=\"message-block-container\">\n<div class=\"flex flex-row w-full w-full max-w-full s-font-base text-s-color-text-secondary p-0 rounded-s-radius-s bg-transparent group data-[attr=select-mode]:-mt-10 data-[attr=select-mode]:py-10 data-[attr=select-mode]:px-16 data-[attr=select-mode]:sm:p-10 data-[attr=select-mode]:hover:bg-s-color-bg-base data-[attr=select-mode]:hover:rounded-s-radius-xs data-[attr=select-mode]:has-[:checked]:bg-s-color-bg-base data-[attr=select-mode]:has-[:checked]:rounded-s-radius-xs data-[attr=select-mode]:pointer-events-none\" data-testid=\"receive_message\">\n<div class=\"flex flex-col flex-grow max-w-full min-w-0\">\n<div class=\"flex flex-row w-full\" data-testid=\"message_content\" data-message-id=\"10338114480324610\">\n<div class=\"w-full\" data-plugin-identifier=\"Symbol(infra:receive-message-box:text)\">\n<div class=\"container-n4oTXW flow-markdown-body theme-samantha-qFInyN text-content-nhvb3V\" dir=\"ltr\" data-testid=\"message_text_content\" data-show-indicator=\"false\">\n<h3 class=\"header-ZWWO7s auto-hide-last-sibling-br\">Mayorista Cajas Bento de Acero Inoxidable con M\u00faltiples Compartimentos<\/h3>\n<div class=\"auto-hide-last-sibling-br paragraph-jgxDqs paragraph-element br-paragraph-space\"><strong>Calidad superior y dise\u00f1o pr\u00e1ctico<\/strong><br class=\"container-sJOC95 wrapper-Blebgw undefined\" \/>Fabricadas en acero inoxidable 304 apto para uso alimentario, estas cajas bento presentan una estructura con varios compartimentos que permite clasificar f\u00e1cilmente los distintos alimentos. Ideales para estudiantes y personal de oficina, garantizan que las comidas se mantengan frescas, organizadas y limpias. Con descuentos por compras al por mayor y posibilidad de personalizaci\u00f3n OEM y ODM, le invitamos a colaborar para satisfacer sus necesidades espec\u00edficas.<\/div>\n<h3 class=\"header-ZWWO7s auto-hide-last-sibling-br\">Caracter\u00edsticas de la fiambrera de acero inoxidable con m\u00faltiples compartimentos<\/h3>\n<h4 class=\"header-ZWWO7s auto-hide-last-sibling-br\">1.\u00a0<strong>Dise\u00f1o divertido<\/strong><\/h4>\n<ul class=\"auto-hide-last-sibling-br\">\n<li>Los colores vivos y los adorables dibujos animados convierten la hora de comer en una experiencia emocionante, especialmente para los ni\u00f1os.<\/li>\n<li>La est\u00e9tica llamativa hace que las fiambreras sean atractivas y fomentan h\u00e1bitos alimentarios saludables.<\/li>\n<\/ul>\n<h4 class=\"header-ZWWO7s auto-hide-last-sibling-br\">2.\u00a0<strong>Sistema de compartimentos inteligentes<\/strong><\/h4>\n<ul class=\"auto-hide-last-sibling-br\">\n<li>2 \u00f3 3 compartimentos separados mantienen aislados platos como ensaladas, platos principales y aperitivos, evitando que se mezclen los sabores.<\/li>\n<li>Ayuda a controlar las porciones, por lo que es adecuado para dietas equilibradas y gesti\u00f3n nutricional.<\/li>\n<\/ul>\n<h4 class=\"header-ZWWO7s auto-hide-last-sibling-br\">3.\u00a0<strong>Material seguro y certificado<\/strong><\/h4>\n<ul class=\"auto-hide-last-sibling-br\">\n<li>Fabricado en acero inoxidable 100% apto para uso alimentario, sin BPA ni sustancias qu\u00edmicas nocivas.<\/li>\n<li>Certificado por la ISO y la FDA, lo que garantiza el cumplimiento de las normas internacionales de seguridad alimentaria.<\/li>\n<\/ul>\n<h4 class=\"header-ZWWO7s auto-hide-last-sibling-br\">4.\u00a0<strong>Opciones diversas<\/strong><\/h4>\n<ul class=\"auto-hide-last-sibling-br\">\n<li>Disponibles en varios colores (azul, rosa, verde, etc.), estilos (minimalista o l\u00fadico) y capacidades (500 ml-1500 ml).<\/li>\n<li>Los dise\u00f1os vers\u00e1tiles se adaptan a diferentes grupos de edad y situaciones de uso, desde la escuela hasta el trabajo.<\/li>\n<\/ul>\n<h4 class=\"header-ZWWO7s auto-hide-last-sibling-br\">5.\u00a0<strong>Detalles para ni\u00f1os<\/strong><\/h4>\n<ul class=\"auto-hide-last-sibling-br\">\n<li>Tapas de f\u00e1cil apertura dise\u00f1adas para manos peque\u00f1as, que reducen la frustraci\u00f3n a la hora de comer.<\/li>\n<li>Ligero y compacto, cabe perfectamente en mochilas o bolsas escolares sin a\u00f1adir volumen.<\/li>\n<\/ul>\n<h3 class=\"header-ZWWO7s auto-hide-last-sibling-br\">Servicios de personalizaci\u00f3n<\/h3>\n<div class=\"auto-hide-last-sibling-br paragraph-jgxDqs paragraph-element br-paragraph-space\">Como fabricante l\u00edder de fiambreras, MOYA proporciona\u00a0<strong>Soluciones OEM y ODM<\/strong>:<\/div>\n<p><br class=\"container-sJOC95 wrapper-Blebgw undefined\" \/><\/p>\n<ul class=\"auto-hide-last-sibling-br\">\n<li><strong>OEM<\/strong>: Personalice logotipos, impresiones o envases para alinearlos con su identidad de marca.<\/li>\n<li><strong>ODM<\/strong>: Colabora en el dise\u00f1o de productos, desde la disposici\u00f3n de los compartimentos hasta los acabados de los materiales, para crear soluciones \u00fanicas y orientadas al mercado.<\/li>\n<\/ul>\n<p>&nbsp;<\/p>\n<\/div>\n<\/div>\n<\/div>\n<\/div>\n<\/div>\n<\/div>\n<\/div>\n<\/div>\n<\/div>\n<\/div>\n<\/div>","protected":false},"featured_media":11199,"comment_status":"closed","ping_status":"closed","template":"","meta":[],"product_cat":[58],"product_tag":[87,92],"class_list":{"0":"post-11178","1":"product","2":"type-product","3":"status-publish","4":"has-post-thumbnail","6":"product_cat-lunch-box-wholesale","7":"product_tag-wholesale-multi-compartment-lunch-box","8":"product_tag-wholesale-rectangle-lunch-box","10":"first","11":"instock","12":"shipping-taxable","13":"product-type-simple"},"_links":{"self":[{"href":"https:\/\/moyahousehold.com\/es\/wp-json\/wp\/v2\/product\/11178","targetHints":{"allow":["GET"]}}],"collection":[{"href":"https:\/\/moyahousehold.com\/es\/wp-json\/wp\/v2\/product"}],"about":[{"href":"https:\/\/moyahousehold.com\/es\/wp-json\/wp\/v2\/types\/product"}],"replies":[{"embeddable":true,"href":"https:\/\/moyahousehold.com\/es\/wp-json\/wp\/v2\/comments?post=11178"}],"version-history":[{"count":0,"href":"https:\/\/moyahousehold.com\/es\/wp-json\/wp\/v2\/product\/11178\/revisions"}],"wp:featuredmedia":[{"embeddable":true,"href":"https:\/\/moyahousehold.com\/es\/wp-json\/wp\/v2\/media\/11199"}],"wp:attachment":[{"href":"https:\/\/moyahousehold.com\/es\/wp-json\/wp\/v2\/media?parent=11178"}],"wp:term":[{"taxonomy":"product_cat","embeddable":true,"href":"https:\/\/moyahousehold.com\/es\/wp-json\/wp\/v2\/product_cat?post=11178"},{"taxonomy":"product_tag","embeddable":true,"href":"https:\/\/moyahousehold.com\/es\/wp-json\/wp\/v2\/product_tag?post=11178"}],"curies":[{"name":"wp","href":"https:\/\/api.w.org\/{rel}","templated":true}]}}