{"id":11204,"date":"2025-06-28T10:18:29","date_gmt":"2025-06-28T10:07:19","guid":{"rendered":"https:\/\/moyahousehold.com\/?post_type=product&#038;p=11204"},"modified":"2025-06-28T10:19:44","modified_gmt":"2025-06-28T10:19:44","slug":"new-style-food-grade-sealed-container-lunch-box-tiffin-bento-lunch-box-with-lid","status":"publish","type":"product","link":"https:\/\/moyahousehold.com\/es\/producto\/new-style-food-grade-sealed-container-lunch-box-tiffin-bento-lunch-box-with-lid\/","title":{"rendered":"Nuevo estilo de alimentos de grado sellado recipiente fiambrera Tiffin Bento fiambrera con tapa"},"content":{"rendered":"<h2 class=\"wp-block-heading\">Par\u00e1metros de la fiambrera redonda apilable<\/h2>\n\n\n\n<p><strong>material:<\/strong>316\/304\/Cer\u00e1mica\/Vidrio + PP <strong> color:<\/strong>Rojo\/caqui\/verde\/amarillo<\/p>\n\n\n\n<figure class=\"wp-block-table\"><table class=\"has-fixed-layout\"><tbody><tr><td>Art\u00edculo<\/td><td>Material<\/td><td>Capacidad<\/td><td>Talla\/PCS<\/td><td>PCS\/Caja<\/td><td>N.W.\/PCS<\/td><td>G.W.\/Caso<\/td><\/tr><tr><td>MYSK014<\/td><td rowspan=\"5\">PP+Silicona+<br>cer\u00e1mica<\/td><td>420 ml<\/td><td>13.3*13.3*7.7<\/td><td>60<\/td><td>0.42<\/td><td>27.2&nbsp;<\/td><\/tr><tr><td>MYSK015<\/td><td>600 ml<\/td><td>13.3*13.3*10.2<\/td><td>48<\/td><td>0.5<\/td><td>26.0&nbsp;<\/td><\/tr><tr><td>MYSK016<\/td><td>Dos envases de 1020 ml<br>(1 grande 1 peque\u00f1a + bolsa isot\u00e9rmica)<\/td><td>14.3*14.3*18<\/td><td>20<\/td><td>1<\/td><td>22.0&nbsp;<\/td><\/tr><tr><td>MYSK017<\/td><td>1440 ml en 3 envases<br>(1 grande 2 peque\u00f1os + bolsa isot\u00e9rmica)<\/td><td>14.3*14.3*25<\/td><td>16<\/td><td>1.5<\/td><td>26.0&nbsp;<\/td><\/tr><tr><td>MYSK018<\/td><td>Cuatro envases de 2040 ml<br>(2 grandes 2 peque\u00f1as + bolsa isot\u00e9rmica)<\/td><td>27.5*14.5*17.8<\/td><td>12<\/td><td>2<\/td><td>26.0&nbsp;<\/td><\/tr><tr><td>MYSK019<\/td><td rowspan=\"5\">PP+Silicona+Vidrio<\/td><td>420 ml<\/td><td>13.3*13.3*7.7<\/td><td>60<\/td><td>0.26<\/td><td>17.6&nbsp;<\/td><\/tr><tr><td>MYSK020<\/td><td>600 ml<\/td><td>13.3*13.3*10.2<\/td><td>48<\/td><td>0.32<\/td><td>17.4&nbsp;<\/td><\/tr><tr><td>MYSK021<\/td><td>Dos envases de 1020 ml<br>(1 grande 1 peque\u00f1a + bolsa isot\u00e9rmica)<\/td><td>14.3*14.3*18<\/td><td>20<\/td><td>0.68<\/td><td>15.6&nbsp;<\/td><\/tr><tr><td>MYSK022<\/td><td>1440 ml en 3 envases<br>(1 grande 2 peque\u00f1os + bolsa isot\u00e9rmica)<\/td><td>14.3*14.3*25<\/td><td>16<\/td><td>0.96<\/td><td>17.4&nbsp;<\/td><\/tr><tr><td>MYSK023<\/td><td>Cuatro envases de 2040 ml<br>(2 grandes 2 peque\u00f1as + bolsa isot\u00e9rmica)<\/td><td>27.5*14.5*17.8<\/td><td>12<\/td><td>1.3<\/td><td>17.6&nbsp;<\/td><\/tr><tr><td>MYSK024<\/td><td rowspan=\"5\">PP+Silicona+<br>304<\/td><td>420 ml<\/td><td>13.3*13.3*7.7<\/td><td>60<\/td><td>0.2<\/td><td>14.0&nbsp;<\/td><\/tr><tr><td>MYSK025<\/td><td>600 ml<\/td><td>13.3*13.3*10.2<\/td><td>48<\/td><td>0.23<\/td><td>13.0&nbsp;<\/td><\/tr><tr><td>MYSK026<\/td><td>Dos envases de 1020 ml<br>(1 grande 1 peque\u00f1a + bolsa isot\u00e9rmica)<\/td><td>14.3*14.3*18<\/td><td>20<\/td><td>0.54<\/td><td>12.8&nbsp;<\/td><\/tr><tr><td>MYSK027<\/td><td>1440 ml en 3 envases<br>(1 grande 2 peque\u00f1os + bolsa isot\u00e9rmica)<\/td><td>14.3*14.3*25<\/td><td>16<\/td><td>0.75<\/td><td>14.0&nbsp;<\/td><\/tr><tr><td>MYSK028<\/td><td>Cuatro envases de 2040 ml<br>(2 grandes 2 peque\u00f1as + bolsa isot\u00e9rmica)<\/td><td>27.5*14.5*17.8<\/td><td>12<\/td><td>1<\/td><td>14.0&nbsp;<\/td><\/tr><tr><td>MYSK029<\/td><td rowspan=\"5\">PP+Silicona+<br>316<\/td><td>420 ml<\/td><td>13.3*13.3*7.7<\/td><td>60<\/td><td>0.2<\/td><td>14.0&nbsp;<\/td><\/tr><tr><td>MYSK030<\/td><td>600 ml<\/td><td>13.3*13.3*10.2<\/td><td>48<\/td><td>0.23<\/td><td>13.0&nbsp;<\/td><\/tr><tr><td>MYSK031<\/td><td>Dos envases de 1020 ml<br>(1 grande 1 peque\u00f1a + bolsa isot\u00e9rmica)<\/td><td>14.3*14.3*18<\/td><td>20<\/td><td>0.54<\/td><td>12.8&nbsp;<\/td><\/tr><tr><td>MYSK032<\/td><td>1440 ml en 3 envases<br>(1 grande 2 peque\u00f1os + bolsa isot\u00e9rmica)<\/td><td>14.3*14.3*25<\/td><td>16<\/td><td>0.75<\/td><td>14.0&nbsp;<\/td><\/tr><tr><td>MYSK033<\/td><td>Cuatro envases de 2040 ml<br>(2 grandes 2 peque\u00f1as + bolsa isot\u00e9rmica)<\/td><td>27.5*14.5*17.8<\/td><td>12<\/td><td>1<\/td><td>14.0&nbsp;<\/td><\/tr><\/tbody><\/table><\/figure>\n\n\n\n<h3 class=\"wp-block-heading\">Fiambreras personalizadas Opciones<\/h3>\n\n\n\n<p><strong>Logotipo: <\/strong>Personalice el logotipo de su marca en cajas bento y envases.<br><strong>Opciones de logotipo:<\/strong> logotipo impreso, logotipo grabado con l\u00e1ser, etc.<br><strong>Patr\u00f3n: <\/strong>patrones de impresi\u00f3n <br><strong>Tecnolog\u00eda de impresi\u00f3n: <\/strong>impresi\u00f3n por transferencia de agua, serigraf\u00eda, impresi\u00f3n por transferencia de calor, transferencia por sublimaci\u00f3n, etc.<br><strong>Embalaje: <\/strong>caja de color<br><a href=\"https:\/\/moyahousehold.com\/es\/solucion-personalizada\/\"><strong>M\u00e1s informaci\u00f3n sobre soluciones de cajas bento personalizadas<\/strong><\/a><\/p>\n\n\n\n<div class=\"wp-block-columns is-layout-flex wp-container-core-columns-is-layout-9d6595d7 wp-block-columns-is-layout-flex\">\n<div class=\"wp-block-column is-layout-flow wp-block-column-is-layout-flow\">\n<figure class=\"wp-block-image size-full\"><img fetchpriority=\"high\" decoding=\"async\" width=\"3933\" height=\"3933\" src=\"https:\/\/moyahousehold.com\/wp-content\/uploads\/2025\/06\/Detachable-lunch-box-13.webp\" alt=\"Fiambrera desmontable\" class=\"wp-image-11191\" srcset=\"https:\/\/moyahousehold.com\/wp-content\/uploads\/2025\/06\/Detachable-lunch-box-13.webp 3933w, https:\/\/moyahousehold.com\/wp-content\/uploads\/2025\/06\/Detachable-lunch-box-13-300x300.webp 300w, https:\/\/moyahousehold.com\/wp-content\/uploads\/2025\/06\/Detachable-lunch-box-13-150x150.webp 150w, https:\/\/moyahousehold.com\/wp-content\/uploads\/2025\/06\/Detachable-lunch-box-13-768x768.webp 768w, https:\/\/moyahousehold.com\/wp-content\/uploads\/2025\/06\/Detachable-lunch-box-13-12x12.webp 12w, https:\/\/moyahousehold.com\/wp-content\/uploads\/2025\/06\/Detachable-lunch-box-13-285x285.webp 285w, https:\/\/moyahousehold.com\/wp-content\/uploads\/2025\/06\/Detachable-lunch-box-13-1600x1600.webp 1600w, https:\/\/moyahousehold.com\/wp-content\/uploads\/2025\/06\/Detachable-lunch-box-13-270x270.webp 270w, https:\/\/moyahousehold.com\/wp-content\/uploads\/2025\/06\/Detachable-lunch-box-13-540x540.webp 540w, https:\/\/moyahousehold.com\/wp-content\/uploads\/2025\/06\/Detachable-lunch-box-13-660x660.webp 660w\" sizes=\"(max-width: 3933px) 100vw, 3933px\" \/><\/figure>\n<\/div>\n\n\n\n<div class=\"wp-block-column is-layout-flow wp-block-column-is-layout-flow\">\n<figure class=\"wp-block-image size-full\"><img decoding=\"async\" width=\"3849\" height=\"3849\" src=\"https:\/\/moyahousehold.com\/wp-content\/uploads\/2025\/06\/Detachable-lunch-box-1.webp\" alt=\"Fiambrera desmontable\" class=\"wp-image-11179\" srcset=\"https:\/\/moyahousehold.com\/wp-content\/uploads\/2025\/06\/Detachable-lunch-box-1.webp 3849w, https:\/\/moyahousehold.com\/wp-content\/uploads\/2025\/06\/Detachable-lunch-box-1-300x300.webp 300w, https:\/\/moyahousehold.com\/wp-content\/uploads\/2025\/06\/Detachable-lunch-box-1-150x150.webp 150w, https:\/\/moyahousehold.com\/wp-content\/uploads\/2025\/06\/Detachable-lunch-box-1-768x768.webp 768w, https:\/\/moyahousehold.com\/wp-content\/uploads\/2025\/06\/Detachable-lunch-box-1-12x12.webp 12w, https:\/\/moyahousehold.com\/wp-content\/uploads\/2025\/06\/Detachable-lunch-box-1-285x285.webp 285w, https:\/\/moyahousehold.com\/wp-content\/uploads\/2025\/06\/Detachable-lunch-box-1-1600x1600.webp 1600w, https:\/\/moyahousehold.com\/wp-content\/uploads\/2025\/06\/Detachable-lunch-box-1-270x270.webp 270w, https:\/\/moyahousehold.com\/wp-content\/uploads\/2025\/06\/Detachable-lunch-box-1-540x540.webp 540w, https:\/\/moyahousehold.com\/wp-content\/uploads\/2025\/06\/Detachable-lunch-box-1-660x660.webp 660w\" sizes=\"(max-width: 3849px) 100vw, 3849px\" \/><\/figure>\n<\/div>\n<\/div>\n\n\n\n<div class=\"wp-block-columns is-layout-flex wp-container-core-columns-is-layout-9d6595d7 wp-block-columns-is-layout-flex\">\n<div class=\"wp-block-column is-layout-flow wp-block-column-is-layout-flow\">\n<figure class=\"wp-block-image size-full\"><img decoding=\"async\" width=\"3798\" height=\"3798\" src=\"https:\/\/moyahousehold.com\/wp-content\/uploads\/2025\/06\/Detachable-lunch-box-15.webp\" alt=\"Fiambrera desmontable\" class=\"wp-image-11193\" srcset=\"https:\/\/moyahousehold.com\/wp-content\/uploads\/2025\/06\/Detachable-lunch-box-15.webp 3798w, https:\/\/moyahousehold.com\/wp-content\/uploads\/2025\/06\/Detachable-lunch-box-15-300x300.webp 300w, https:\/\/moyahousehold.com\/wp-content\/uploads\/2025\/06\/Detachable-lunch-box-15-150x150.webp 150w, https:\/\/moyahousehold.com\/wp-content\/uploads\/2025\/06\/Detachable-lunch-box-15-768x768.webp 768w, https:\/\/moyahousehold.com\/wp-content\/uploads\/2025\/06\/Detachable-lunch-box-15-12x12.webp 12w, https:\/\/moyahousehold.com\/wp-content\/uploads\/2025\/06\/Detachable-lunch-box-15-285x285.webp 285w, https:\/\/moyahousehold.com\/wp-content\/uploads\/2025\/06\/Detachable-lunch-box-15-1600x1600.webp 1600w, https:\/\/moyahousehold.com\/wp-content\/uploads\/2025\/06\/Detachable-lunch-box-15-270x270.webp 270w, https:\/\/moyahousehold.com\/wp-content\/uploads\/2025\/06\/Detachable-lunch-box-15-540x540.webp 540w, https:\/\/moyahousehold.com\/wp-content\/uploads\/2025\/06\/Detachable-lunch-box-15-660x660.webp 660w\" sizes=\"(max-width: 3798px) 100vw, 3798px\" \/><\/figure>\n<\/div>\n\n\n\n<div class=\"wp-block-column is-layout-flow wp-block-column-is-layout-flow\">\n<figure class=\"wp-block-image size-full\"><img loading=\"lazy\" decoding=\"async\" width=\"3813\" height=\"3813\" src=\"https:\/\/moyahousehold.com\/wp-content\/uploads\/2025\/06\/Detachable-lunch-box-14.webp\" alt=\"Fiambrera desmontable\" class=\"wp-image-11192\" srcset=\"https:\/\/moyahousehold.com\/wp-content\/uploads\/2025\/06\/Detachable-lunch-box-14.webp 3813w, https:\/\/moyahousehold.com\/wp-content\/uploads\/2025\/06\/Detachable-lunch-box-14-300x300.webp 300w, https:\/\/moyahousehold.com\/wp-content\/uploads\/2025\/06\/Detachable-lunch-box-14-150x150.webp 150w, https:\/\/moyahousehold.com\/wp-content\/uploads\/2025\/06\/Detachable-lunch-box-14-768x768.webp 768w, https:\/\/moyahousehold.com\/wp-content\/uploads\/2025\/06\/Detachable-lunch-box-14-12x12.webp 12w, https:\/\/moyahousehold.com\/wp-content\/uploads\/2025\/06\/Detachable-lunch-box-14-285x285.webp 285w, https:\/\/moyahousehold.com\/wp-content\/uploads\/2025\/06\/Detachable-lunch-box-14-1600x1600.webp 1600w, https:\/\/moyahousehold.com\/wp-content\/uploads\/2025\/06\/Detachable-lunch-box-14-270x270.webp 270w, https:\/\/moyahousehold.com\/wp-content\/uploads\/2025\/06\/Detachable-lunch-box-14-540x540.webp 540w, https:\/\/moyahousehold.com\/wp-content\/uploads\/2025\/06\/Detachable-lunch-box-14-660x660.webp 660w\" sizes=\"(max-width: 3813px) 100vw, 3813px\" \/><\/figure>\n<\/div>\n<\/div>","protected":false},"excerpt":{"rendered":"<h3 class=\"header-ZWWO7s auto-hide-last-sibling-br\">Mayorista Fiambreras con Forro Desmontable de Cer\u00e1mica, Cristal y Acero Inoxidable<\/h3>\n<div class=\"auto-hide-last-sibling-br paragraph-jgxDqs paragraph-element br-paragraph-space\">Descubra nuestras vers\u00e1tiles fiambreras con revestimiento extra\u00edble de cer\u00e1mica, vidrio y acero inoxidable de primera calidad, dise\u00f1adas para estilos de vida modernos que exigen funcionalidad, higiene y estilo. Estas fiambreras, perfectas para preparar comidas, comer sobre la marcha o para consumidores con conciencia ecol\u00f3gica, combinan durabilidad y f\u00e1cil mantenimiento. Ofrecemos precios al por mayor y servicios completos de personalizaci\u00f3n para pedidos al por mayor. \u00a1Contacte con nosotros para explorar oportunidades de colaboraci\u00f3n!<\/div>\n<h3 class=\"header-ZWWO7s auto-hide-last-sibling-br\">Principales caracter\u00edsticas y ventajas<\/h3>\n<h4 class=\"header-ZWWO7s auto-hide-last-sibling-br\">1.\u00a0<strong>Revestimientos desmontables Tri-Material<\/strong><\/h4>\n<ul class=\"auto-hide-last-sibling-br\">\n<li><strong>Liner cer\u00e1mico<\/strong>:\n<ul class=\"auto-hide-last-sibling-br\">\n<li>La superficie no porosa y resistente a los ara\u00f1azos evita la absorci\u00f3n de olores y sabores de los alimentos.<\/li>\n<li>Ideal para recalentar en el horno (hasta 230\u00b0C) o servir directamente platos calientes.<\/li>\n<\/ul>\n<\/li>\n<li><strong>Liner de vidrio<\/strong>:\n<ul class=\"auto-hide-last-sibling-br\">\n<li>Vidrio de borosilicato resistente al choque t\u00e9rmico, apto para microondas y lavavajillas.<\/li>\n<li>El dise\u00f1o transparente permite a los usuarios ver el contenido de un vistazo.<\/li>\n<\/ul>\n<\/li>\n<li><strong>Revestimiento de acero inoxidable<\/strong>:\n<ul class=\"auto-hide-last-sibling-br\">\n<li>El acero 304 de calidad alimentaria garantiza la durabilidad y la resistencia a la corrosi\u00f3n.<\/li>\n<li>Ligero y perfecto para comidas fr\u00edas, aperitivos o almacenamiento a prueba de fugas.<\/li>\n<\/ul>\n<\/li>\n<\/ul>\n<h4 class=\"header-ZWWO7s auto-hide-last-sibling-br\">2.\u00a0<strong>Dise\u00f1o desmontable para facilitar el mantenimiento<\/strong><\/h4>\n<ul class=\"auto-hide-last-sibling-br\">\n<li>Los forros se separan de la carcasa exterior para una limpieza a fondo (sin esquinas de dif\u00edcil acceso).<\/li>\n<li>Los revestimientos reemplazables prolongan la vida \u00fatil del producto: cambie los materiales en funci\u00f3n del tipo de comida o de sus preferencias.<\/li>\n<\/ul>\n<h4 class=\"header-ZWWO7s auto-hide-last-sibling-br\">3.\u00a0<strong>Construcci\u00f3n a prueba de fugas y aislada<\/strong><\/h4>\n<ul class=\"auto-hide-last-sibling-br\">\n<li>Las tapas selladas con silicona evitan derrames, adecuadas para sopas, ensaladas o salsas.<\/li>\n<li>Las carcasas exteriores de doble pared (pl\u00e1stico PP o ABS) proporcionan aislamiento t\u00e9rmico:\n<ul class=\"auto-hide-last-sibling-br\">\n<li>Mantiene caliente la comida durante 4-6 horas*.<\/li>\n<li>Mantiene frescos los alimentos fr\u00edos durante 6-8 horas*.<\/li>\n<\/ul>\n<\/li>\n<\/ul>\n<p>&nbsp;<\/p>\n<div class=\"auto-hide-last-sibling-br paragraph-jgxDqs paragraph-element br-paragraph-space\"><em>Nota: El rendimiento del aislamiento var\u00eda en funci\u00f3n del material del revestimiento y de las condiciones ambientales.<\/em><\/div>\n<h4 class=\"header-ZWWO7s auto-hide-last-sibling-br\">4.\u00a0<strong>Opciones vers\u00e1tiles de tama\u00f1o y compartimentos<\/strong><\/h4>\n<ul class=\"auto-hide-last-sibling-br\">\n<li>Dise\u00f1os de una sola capa (500 ml-1 l) y de varias capas (2-3 capas):\n<ul class=\"auto-hide-last-sibling-br\">\n<li>Los modelos con varios compartimentos separan las prote\u00ednas, los cereales y las verduras para ofrecer comidas equilibradas.<\/li>\n<\/ul>\n<\/li>\n<li>Su dise\u00f1o apilable ahorra espacio de almacenamiento en cocinas, oficinas o taquillas.<\/li>\n<\/ul>\n<h4 class=\"header-ZWWO7s auto-hide-last-sibling-br\">5.\u00a0<strong>Materiales ecol\u00f3gicos y seguros<\/strong><\/h4>\n<ul class=\"auto-hide-last-sibling-br\">\n<li>Todas las fundas y carcasas est\u00e1n libres de BPA, cuentan con la certificaci\u00f3n de la FDA y cumplen las normas de seguridad alimentaria de la UE.<\/li>\n<li>Los revestimientos de cer\u00e1mica y vidrio no son t\u00f3xicos ni contienen metales pesados, por lo que son ideales para usuarios preocupados por su salud.<\/li>\n<\/ul>\n<h3 class=\"header-ZWWO7s auto-hide-last-sibling-br\">Servicios mayoristas y de personalizaci\u00f3n<\/h3>\n<div class=\"auto-hide-last-sibling-br paragraph-jgxDqs paragraph-element br-paragraph-space\">Como fabricante l\u00edder, ofrecemos:<\/div>\n<p>&nbsp;<\/p>\n<ul class=\"auto-hide-last-sibling-br\">\n<li><strong>Descuentos por pedidos al por mayor<\/strong>: Precios competitivos para pedidos \u2265200 unidades, con presupuestos a medida para compras a gran escala.<\/li>\n<li><strong>Capacidades OEM\/ODM<\/strong>:\n<ul class=\"auto-hide-last-sibling-br\">\n<li><strong>Marca<\/strong>: Incorpore logotipos mediante grabado l\u00e1ser, serigraf\u00eda o etiquetas en relieve.<\/li>\n<li><strong>Revestimientos a medida<\/strong>: Obtenga materiales espec\u00edficos (por ejemplo, cer\u00e1mica coloreada, vidrio estampado) o ajuste el grosor del revestimiento.<\/li>\n<li><strong>Embalaje<\/strong>: Dise\u00f1e cajas personalizadas, encartes o envoltorios ecol\u00f3gicos para mejorar el atractivo de la venta al por menor.<\/li>\n<\/ul>\n<\/li>\n<li><strong>Pruebas por muestreo<\/strong>: Solicite muestras gratuitas para evaluar la calidad del material, la funcionalidad y el dise\u00f1o antes de realizar pedidos al por mayor.<\/li>\n<\/ul>","protected":false},"featured_media":11206,"comment_status":"closed","ping_status":"closed","template":"","meta":[],"product_cat":[58],"product_tag":[86,91],"class_list":{"0":"post-11204","1":"product","2":"type-product","3":"status-publish","4":"has-post-thumbnail","6":"product_cat-lunch-box-wholesale","7":"product_tag-wholesale-insulated-lunch-box","8":"product_tag-wholesale-round-lunch-box","10":"first","11":"instock","12":"shipping-taxable","13":"product-type-simple"},"_links":{"self":[{"href":"https:\/\/moyahousehold.com\/es\/wp-json\/wp\/v2\/product\/11204","targetHints":{"allow":["GET"]}}],"collection":[{"href":"https:\/\/moyahousehold.com\/es\/wp-json\/wp\/v2\/product"}],"about":[{"href":"https:\/\/moyahousehold.com\/es\/wp-json\/wp\/v2\/types\/product"}],"replies":[{"embeddable":true,"href":"https:\/\/moyahousehold.com\/es\/wp-json\/wp\/v2\/comments?post=11204"}],"version-history":[{"count":0,"href":"https:\/\/moyahousehold.com\/es\/wp-json\/wp\/v2\/product\/11204\/revisions"}],"wp:featuredmedia":[{"embeddable":true,"href":"https:\/\/moyahousehold.com\/es\/wp-json\/wp\/v2\/media\/11206"}],"wp:attachment":[{"href":"https:\/\/moyahousehold.com\/es\/wp-json\/wp\/v2\/media?parent=11204"}],"wp:term":[{"taxonomy":"product_cat","embeddable":true,"href":"https:\/\/moyahousehold.com\/es\/wp-json\/wp\/v2\/product_cat?post=11204"},{"taxonomy":"product_tag","embeddable":true,"href":"https:\/\/moyahousehold.com\/es\/wp-json\/wp\/v2\/product_tag?post=11204"}],"curies":[{"name":"wp","href":"https:\/\/api.w.org\/{rel}","templated":true}]}}