{"id":11263,"date":"2025-07-11T08:07:45","date_gmt":"2025-07-11T08:07:45","guid":{"rendered":"https:\/\/moyahousehold.com\/?post_type=product&#038;p=11263"},"modified":"2025-07-11T09:43:04","modified_gmt":"2025-07-11T09:43:04","slug":"wholesale-denmark-style-thermal-water-kettle-with-wooden-handle-1-3l","status":"publish","type":"product","link":"https:\/\/moyahousehold.com\/es\/producto\/wholesale-denmark-style-thermal-water-kettle-with-wooden-handle-1-3l\/","title":{"rendered":"Mayorista Hervidor de Agua T\u00e9rmico Estilo Dan\u00e9s con Mango de Madera 1.3L"},"content":{"rendered":"<h3 class=\"wp-block-heading\">Par\u00e1metros de la jarra de vac\u00edo estilo dan\u00e9s<\/h3>\n\n\n\n<figure class=\"wp-block-table\"><table><tbody><tr><td>Nombre del producto<\/td><td>Color<\/td><td>Material<\/td><td>Tama\u00f1o del producto<\/td><td>Peso bruto (kg)<\/td><\/tr><tr><td>Jarra de vac\u00edo danesa de 1,3 l con asa de madera<\/td><td>negro\/beige<\/td><td>PP, acero inoxidable 304, gel de s\u00edlice, haya<\/td><td>179x111x225mm<\/td><td>1.4<\/td><\/tr><\/tbody><\/table><\/figure>\n\n\n\n<h3 class=\"wp-block-heading\">Opciones de jarra t\u00e9rmica personalizadas<\/h3>\n\n\n\n<p><strong>Logotipo: <\/strong>personalice el logotipo de su marca en la jarra t\u00e9rmica y el envase.<br><strong>Opciones de logotipo: <\/strong>logotipo impreso, logotipo grabado con l\u00e1ser, etc.<br><strong>Patr\u00f3n: <\/strong>patrones de impresi\u00f3n<br><strong>Tecnolog\u00eda de impresi\u00f3n:<\/strong> impresi\u00f3n por transferencia de agua, serigraf\u00eda, impresi\u00f3n por transferencia de calor, transferencia por sublimaci\u00f3n, etc. <br><strong>Embalaje: <\/strong>caja de color<br><a href=\"https:\/\/moyahousehold.com\/es\/solucion-personalizada\/\"><strong>Descubra m\u00e1s personalizaciones de garrafas t\u00e9rmicas<\/strong><\/a><\/p>\n\n\n\n<div class=\"wp-block-columns is-layout-flex wp-container-core-columns-is-layout-9d6595d7 wp-block-columns-is-layout-flex\">\n<div class=\"wp-block-column is-layout-flow wp-block-column-is-layout-flow\">\n<figure class=\"wp-block-image size-full\"><img fetchpriority=\"high\" decoding=\"async\" width=\"4118\" height=\"4118\" src=\"https:\/\/moyahousehold.com\/wp-content\/uploads\/2025\/07\/1.3L-Danish-thermos-flask-4.webp\" alt=\"Termo dan\u00e9s de 1,3 L\" class=\"wp-image-11267\" srcset=\"https:\/\/moyahousehold.com\/wp-content\/uploads\/2025\/07\/1.3L-Danish-thermos-flask-4.webp 4118w, https:\/\/moyahousehold.com\/wp-content\/uploads\/2025\/07\/1.3L-Danish-thermos-flask-4-300x300.webp 300w, https:\/\/moyahousehold.com\/wp-content\/uploads\/2025\/07\/1.3L-Danish-thermos-flask-4-150x150.webp 150w, https:\/\/moyahousehold.com\/wp-content\/uploads\/2025\/07\/1.3L-Danish-thermos-flask-4-768x768.webp 768w, https:\/\/moyahousehold.com\/wp-content\/uploads\/2025\/07\/1.3L-Danish-thermos-flask-4-12x12.webp 12w, https:\/\/moyahousehold.com\/wp-content\/uploads\/2025\/07\/1.3L-Danish-thermos-flask-4-285x285.webp 285w, https:\/\/moyahousehold.com\/wp-content\/uploads\/2025\/07\/1.3L-Danish-thermos-flask-4-1600x1600.webp 1600w, https:\/\/moyahousehold.com\/wp-content\/uploads\/2025\/07\/1.3L-Danish-thermos-flask-4-270x270.webp 270w, https:\/\/moyahousehold.com\/wp-content\/uploads\/2025\/07\/1.3L-Danish-thermos-flask-4-540x540.webp 540w, https:\/\/moyahousehold.com\/wp-content\/uploads\/2025\/07\/1.3L-Danish-thermos-flask-4-660x660.webp 660w\" sizes=\"(max-width: 4118px) 100vw, 4118px\" \/><\/figure>\n<\/div>\n\n\n\n<div class=\"wp-block-column is-layout-flow wp-block-column-is-layout-flow\">\n<figure class=\"wp-block-image size-full\"><img decoding=\"async\" width=\"2750\" height=\"2750\" src=\"https:\/\/moyahousehold.com\/wp-content\/uploads\/2025\/07\/1.3L-Danish-thermos-flask-5.webp\" alt=\"Termo dan\u00e9s de 1,3 L\" class=\"wp-image-11268\" srcset=\"https:\/\/moyahousehold.com\/wp-content\/uploads\/2025\/07\/1.3L-Danish-thermos-flask-5.webp 2750w, https:\/\/moyahousehold.com\/wp-content\/uploads\/2025\/07\/1.3L-Danish-thermos-flask-5-300x300.webp 300w, https:\/\/moyahousehold.com\/wp-content\/uploads\/2025\/07\/1.3L-Danish-thermos-flask-5-150x150.webp 150w, https:\/\/moyahousehold.com\/wp-content\/uploads\/2025\/07\/1.3L-Danish-thermos-flask-5-768x768.webp 768w, https:\/\/moyahousehold.com\/wp-content\/uploads\/2025\/07\/1.3L-Danish-thermos-flask-5-12x12.webp 12w, https:\/\/moyahousehold.com\/wp-content\/uploads\/2025\/07\/1.3L-Danish-thermos-flask-5-285x285.webp 285w, https:\/\/moyahousehold.com\/wp-content\/uploads\/2025\/07\/1.3L-Danish-thermos-flask-5-1600x1600.webp 1600w, https:\/\/moyahousehold.com\/wp-content\/uploads\/2025\/07\/1.3L-Danish-thermos-flask-5-270x270.webp 270w, https:\/\/moyahousehold.com\/wp-content\/uploads\/2025\/07\/1.3L-Danish-thermos-flask-5-540x540.webp 540w, https:\/\/moyahousehold.com\/wp-content\/uploads\/2025\/07\/1.3L-Danish-thermos-flask-5-660x660.webp 660w\" sizes=\"(max-width: 2750px) 100vw, 2750px\" \/><\/figure>\n<\/div>\n<\/div>\n\n\n\n<p><\/p>","protected":false},"excerpt":{"rendered":"<h1 class=\"header-vfC6AV auto-hide-last-sibling-br\">Mayorista Jarra t\u00e9rmica al vac\u00edo de estilo dan\u00e9s<\/h1>\n<div class=\"auto-hide-last-sibling-br paragraph-JOTKXA paragraph-element br-paragraph-space\">Esta jarra t\u00e9rmica de vac\u00edo de estilo dan\u00e9s aporta una excelente experiencia visual con su sencillo dise\u00f1o est\u00e9tico. El asa de madera es c\u00f3moda de sujetar y a\u00f1ade un toque de elegancia natural a la decoraci\u00f3n de su hogar. En t\u00e9rminos de practicidad, cuenta con un dise\u00f1o de vac\u00edo de doble capa, que puede mantener eficazmente las bebidas a su temperatura original hasta 24 horas. P\u00f3ngase en contacto con nosotros para solicitar un presupuesto.<\/div>\n<h2 class=\"header-vfC6AV auto-hide-last-sibling-br\">Caracter\u00edsticas de la jarra t\u00e9rmica de vac\u00edo<\/h2>\n<ul class=\"auto-hide-last-sibling-br\">\n<li><strong>Dise\u00f1o de estilo sencillo<\/strong>: Esta jarra de vac\u00edo t\u00e9rmica adopta un concepto de dise\u00f1o est\u00e9tico minimalista, presentando un aspecto elegante y moderno. Puede integrarse f\u00e1cilmente en diversos entornos dom\u00e9sticos, de oficina u hoteleros.<\/li>\n<li><strong>Mango de madera<\/strong>: Esta jarra t\u00e9rmica de vac\u00edo est\u00e1 equipada con un mango ergon\u00f3mico de madera que proporciona una excelente experiencia de agarre.<\/li>\n<li><strong>Excelente rendimiento de aislamiento t\u00e9rmico<\/strong>: Utiliza tecnolog\u00eda de aislamiento al vac\u00edo de doble capa para reducir eficazmente la p\u00e9rdida de calor, manteniendo la temperatura de las bebidas durante un periodo prolongado.<\/li>\n<li><strong>Materiales ecol\u00f3gicos<\/strong>: La jarra t\u00e9rmica al vac\u00edo est\u00e1 fabricada con materiales ecol\u00f3gicos sin BPA, que cumplen las normas medioambientales internacionales y evitan que las sustancias nocivas afecten al cuerpo humano.<\/li>\n<li><strong>Suministro de agua con un solo bot\u00f3n<\/strong>: El dise\u00f1o \u00fanico de la boquilla hace que el proceso de vertido sea m\u00e1s suave y controlable, evitando salpicaduras de agua. Es adecuado para verter t\u00e9, caf\u00e9 y agua caliente.<\/li>\n<li><strong>Dise\u00f1o de peque\u00f1a capacidad<\/strong>: La capacidad de 1,3 litros es ideal para uso personal o de peque\u00f1as familias, ya que satisface las necesidades diarias de bebida de una sola persona y las necesidades de viajes cortos.<\/li>\n<li><strong>Soluciones de personalizaci\u00f3n OEM y ODM<\/strong>: Moya, el fabricante de garrafas t\u00e9rmicas, puede personalizar el aspecto del producto, la capacidad, el color, el logotipo de la marca y mucho m\u00e1s seg\u00fan las necesidades exclusivas de los clientes.<\/li>\n<\/ul>","protected":false},"featured_media":11264,"comment_status":"closed","ping_status":"closed","template":"","meta":[],"product_cat":[54],"product_tag":[81,85],"class_list":{"0":"post-11263","1":"product","2":"type-product","3":"status-publish","4":"has-post-thumbnail","6":"product_cat-thermal-carafe-wholesale","7":"product_tag-wholesale-600ml-thermos-carafe","8":"product_tag-wholesale-stainless-steel-liner-thermos-carafe","10":"first","11":"instock","12":"shipping-taxable","13":"product-type-simple"},"_links":{"self":[{"href":"https:\/\/moyahousehold.com\/es\/wp-json\/wp\/v2\/product\/11263","targetHints":{"allow":["GET"]}}],"collection":[{"href":"https:\/\/moyahousehold.com\/es\/wp-json\/wp\/v2\/product"}],"about":[{"href":"https:\/\/moyahousehold.com\/es\/wp-json\/wp\/v2\/types\/product"}],"replies":[{"embeddable":true,"href":"https:\/\/moyahousehold.com\/es\/wp-json\/wp\/v2\/comments?post=11263"}],"version-history":[{"count":0,"href":"https:\/\/moyahousehold.com\/es\/wp-json\/wp\/v2\/product\/11263\/revisions"}],"wp:featuredmedia":[{"embeddable":true,"href":"https:\/\/moyahousehold.com\/es\/wp-json\/wp\/v2\/media\/11264"}],"wp:attachment":[{"href":"https:\/\/moyahousehold.com\/es\/wp-json\/wp\/v2\/media?parent=11263"}],"wp:term":[{"taxonomy":"product_cat","embeddable":true,"href":"https:\/\/moyahousehold.com\/es\/wp-json\/wp\/v2\/product_cat?post=11263"},{"taxonomy":"product_tag","embeddable":true,"href":"https:\/\/moyahousehold.com\/es\/wp-json\/wp\/v2\/product_tag?post=11263"}],"curies":[{"name":"wp","href":"https:\/\/api.w.org\/{rel}","templated":true}]}}