{"id":11299,"date":"2025-07-12T02:23:16","date_gmt":"2025-07-12T02:23:16","guid":{"rendered":"https:\/\/moyahousehold.com\/?post_type=product&#038;p=11299"},"modified":"2025-07-12T02:29:33","modified_gmt":"2025-07-12T02:29:33","slug":"wholesale-glass-inner-vacuum-insulated-coffee-carafe%ef%bc%880-6l-and-1-0l%ef%bc%89-moya-thermal-carafe-manufacturer","status":"publish","type":"product","link":"https:\/\/moyahousehold.com\/es\/producto\/wholesale-glass-inner-vacuum-insulated-coffee-carafe%ef%bc%880-6l-and-1-0l%ef%bc%89-moya-thermal-carafe-manufacturer\/","title":{"rendered":"Venta al por mayor de vidrio interior aislado al vac\u00edo jarra de caf\u00e9\uff080.6L y 1.0L\uff09 - MOYA fabricante de jarra t\u00e9rmica"},"content":{"rendered":"<h3 class=\"wp-block-heading\">Par\u00e1metros de la jarra de caf\u00e9 aislada al vac\u00edo<\/h3>\n\n\n\n<figure class=\"wp-block-table\"><table><tbody><tr><td>Capacidad<\/td><td>Material<\/td><td>Tama\u00f1o del producto<\/td><td>Tama\u00f1o de la caja exterior<\/td><td>Cantidad por caja<\/td><td>Color<\/td><\/tr><tr><td>0.6L<\/td><td rowspan=\"2\">Madera,PP,Borosilicato,Inoxidable<br>Acero,Silicona<\/td><td>19.9*13.4*20.9cm<\/td><td>\/<\/td><td>12<\/td><td>Negro,Blanco,Acero<\/td><\/tr><tr><td>1.0L<\/td><td>19.9*13.4*24.4cm<\/td><td>\/<\/td><td>12<\/td><td>Negro,Blanco,Acero<\/td><\/tr><\/tbody><\/table><\/figure>\n\n\n\n<h3 class=\"wp-block-heading\">Opciones de jarra de caf\u00e9 personalizadas<\/h3>\n\n\n\n<p><strong>Tapas: <\/strong>tapa a presi\u00f3n de acero inoxidable<br><strong>Logotipo:<\/strong> Personalice el logotipo de su marca en el producto y el envase.<br><strong>Opciones de logotipo:<\/strong> logotipo impreso, logotipo grabado con l\u00e1ser, etc.<br><strong>Patr\u00f3n: <\/strong>impresi\u00f3n de motivos en botellas t\u00e9rmicas.<br><strong>Tecnolog\u00eda de impresi\u00f3n: <\/strong>impresi\u00f3n por transferencia de agua, serigraf\u00eda, impresi\u00f3n por transferencia de calor, transferencia por sublimaci\u00f3n y mucho m\u00e1s.<br><strong>Embalaje:<\/strong> caja de color<br><a href=\"https:\/\/moyahousehold.com\/es\/solucion-personalizada\/\"><strong>Explore m\u00e1s soluciones de garrafas de caf\u00e9 personalizadas.<\/strong><\/a><\/p>\n\n\n\n<div class=\"wp-block-columns is-layout-flex wp-container-core-columns-is-layout-9d6595d7 wp-block-columns-is-layout-flex\">\n<div class=\"wp-block-column is-layout-flow wp-block-column-is-layout-flow\">\n<figure class=\"wp-block-image size-full\"><img fetchpriority=\"high\" decoding=\"async\" width=\"3512\" height=\"3512\" src=\"https:\/\/moyahousehold.com\/wp-content\/uploads\/2025\/07\/Glass-lined-pizza-thermos-9.webp\" alt=\"Termo de cristal para pizza\" class=\"wp-image-11278\" srcset=\"https:\/\/moyahousehold.com\/wp-content\/uploads\/2025\/07\/Glass-lined-pizza-thermos-9.webp 3512w, https:\/\/moyahousehold.com\/wp-content\/uploads\/2025\/07\/Glass-lined-pizza-thermos-9-300x300.webp 300w, https:\/\/moyahousehold.com\/wp-content\/uploads\/2025\/07\/Glass-lined-pizza-thermos-9-150x150.webp 150w, https:\/\/moyahousehold.com\/wp-content\/uploads\/2025\/07\/Glass-lined-pizza-thermos-9-768x768.webp 768w, https:\/\/moyahousehold.com\/wp-content\/uploads\/2025\/07\/Glass-lined-pizza-thermos-9-12x12.webp 12w, https:\/\/moyahousehold.com\/wp-content\/uploads\/2025\/07\/Glass-lined-pizza-thermos-9-285x285.webp 285w, https:\/\/moyahousehold.com\/wp-content\/uploads\/2025\/07\/Glass-lined-pizza-thermos-9-1600x1600.webp 1600w, https:\/\/moyahousehold.com\/wp-content\/uploads\/2025\/07\/Glass-lined-pizza-thermos-9-270x270.webp 270w, https:\/\/moyahousehold.com\/wp-content\/uploads\/2025\/07\/Glass-lined-pizza-thermos-9-540x540.webp 540w, https:\/\/moyahousehold.com\/wp-content\/uploads\/2025\/07\/Glass-lined-pizza-thermos-9-660x660.webp 660w\" sizes=\"(max-width: 3512px) 100vw, 3512px\" \/><\/figure>\n<\/div>\n\n\n\n<div class=\"wp-block-column is-layout-flow wp-block-column-is-layout-flow\">\n<figure class=\"wp-block-image size-full\"><img decoding=\"async\" width=\"3476\" height=\"3476\" src=\"https:\/\/moyahousehold.com\/wp-content\/uploads\/2025\/07\/Glass-lined-pizza-thermos-8.webp\" alt=\"Termo de cristal para pizza\" class=\"wp-image-11277\" srcset=\"https:\/\/moyahousehold.com\/wp-content\/uploads\/2025\/07\/Glass-lined-pizza-thermos-8.webp 3476w, https:\/\/moyahousehold.com\/wp-content\/uploads\/2025\/07\/Glass-lined-pizza-thermos-8-300x300.webp 300w, https:\/\/moyahousehold.com\/wp-content\/uploads\/2025\/07\/Glass-lined-pizza-thermos-8-150x150.webp 150w, https:\/\/moyahousehold.com\/wp-content\/uploads\/2025\/07\/Glass-lined-pizza-thermos-8-768x768.webp 768w, https:\/\/moyahousehold.com\/wp-content\/uploads\/2025\/07\/Glass-lined-pizza-thermos-8-12x12.webp 12w, https:\/\/moyahousehold.com\/wp-content\/uploads\/2025\/07\/Glass-lined-pizza-thermos-8-285x285.webp 285w, https:\/\/moyahousehold.com\/wp-content\/uploads\/2025\/07\/Glass-lined-pizza-thermos-8-1600x1600.webp 1600w, https:\/\/moyahousehold.com\/wp-content\/uploads\/2025\/07\/Glass-lined-pizza-thermos-8-270x270.webp 270w, https:\/\/moyahousehold.com\/wp-content\/uploads\/2025\/07\/Glass-lined-pizza-thermos-8-540x540.webp 540w, https:\/\/moyahousehold.com\/wp-content\/uploads\/2025\/07\/Glass-lined-pizza-thermos-8-660x660.webp 660w\" sizes=\"(max-width: 3476px) 100vw, 3476px\" \/><\/figure>\n<\/div>\n<\/div>\n\n\n\n<p><\/p>","protected":false},"excerpt":{"rendered":"<h1 class=\"header-vfC6AV auto-hide-last-sibling-br\">Mayorista Jarra de Caf\u00e9 con Liner de Vidrio Aislante<\/h1>\n<div class=\"auto-hide-last-sibling-br paragraph-JOTKXA paragraph-element br-paragraph-space\">Esta jarra de caf\u00e9 aislada presenta un excepcional efecto de retenci\u00f3n del calor y permite dispensar agua f\u00e1cilmente con un solo bot\u00f3n. Con un aspecto sencillo y elegante, es adecuado tanto para uso dom\u00e9stico y de oficina. Ofrecemos servicios de venta al por mayor de jarras de caf\u00e9 isot\u00e9rmicas, as\u00ed como soluciones personalizadas. No dude en ponerse en contacto con nosotros en cualquier momento.<\/div>\n<h2 class=\"header-vfC6AV auto-hide-last-sibling-br\">Caracter\u00edsticas de la jarra de caf\u00e9 con revestimiento de vidrio aislante<\/h2>\n<ul class=\"auto-hide-last-sibling-br\">\n<li>\n<div class=\"auto-hide-last-sibling-br paragraph-JOTKXA paragraph-element br-paragraph-space\"><strong>Aspecto sencillo y elegante<\/strong>: Con un dise\u00f1o minimalista, esta jarra aislante para caf\u00e9 est\u00e1 disponible en los cl\u00e1sicos colores negro y beige. Su aspecto elegante combina a la perfecci\u00f3n con diversos entornos dom\u00e9sticos, de oficina o comerciales.<\/div>\n<\/li>\n<li>\n<div class=\"auto-hide-last-sibling-br paragraph-JOTKXA paragraph-element br-paragraph-space\"><strong>Revestimiento de vidrio<\/strong>: El revestimiento de vidrio de alta calidad garantiza durabilidad y solidez, preservando la seguridad y el sabor puro del agua, el caf\u00e9 y otras bebidas.<\/div>\n<\/li>\n<li>\n<div class=\"auto-hide-last-sibling-br paragraph-JOTKXA paragraph-element br-paragraph-space\"><strong>Dise\u00f1o de un solo bot\u00f3n<\/strong>: Equipada con un innovador mecanismo de pulsaci\u00f3n de un bot\u00f3n, elimina la engorrosa operaci\u00f3n de las garrafas t\u00e9rmicas tradicionales, haciendo m\u00e1s c\u00f3modo su uso.<\/div>\n<\/li>\n<li>\n<div class=\"auto-hide-last-sibling-br paragraph-JOTKXA paragraph-element br-paragraph-space\"><strong>Efecto aislante duradero<\/strong>: Gracias a la tecnolog\u00eda de aislamiento al vac\u00edo, esta jarra puede mantener los l\u00edquidos calientes durante mucho tiempo, garantizando que el caf\u00e9, el t\u00e9 y otras bebidas mantengan su temperatura \u00f3ptima de consumo durante horas.<\/div>\n<\/li>\n<li>\n<div class=\"auto-hide-last-sibling-br paragraph-JOTKXA paragraph-element br-paragraph-space\"><strong>Precios al por mayor<\/strong>: Los fabricantes de Moya ofrecen precios al por mayor muy competitivos, ideales para minoristas, distribuidores y compras al por mayor en el sector de la restauraci\u00f3n.<\/div>\n<\/li>\n<li>\n<div class=\"auto-hide-last-sibling-br paragraph-JOTKXA paragraph-element br-paragraph-space\"><strong>Servicios de personalizaci\u00f3n OEM y ODM<\/strong>: Gracias a nuestros servicios OEM y ODM, puede personalizar el aspecto, la capacidad y el logotipo de la marca de la garrafa para crear productos \u00fanicos y a medida.<\/div>\n<\/li>\n<\/ul>","protected":false},"featured_media":11276,"comment_status":"open","ping_status":"closed","template":"","meta":[],"product_cat":[54],"product_tag":[66,78,85],"class_list":{"0":"post-11299","1":"product","2":"type-product","3":"status-publish","4":"has-post-thumbnail","6":"product_cat-thermal-carafe-wholesale","7":"product_tag-wholesale-1000ml-thermos-carafe","8":"product_tag-wholesale-1500ml-thermos-carafe","9":"product_tag-wholesale-stainless-steel-liner-thermos-carafe","11":"first","12":"instock","13":"shipping-taxable","14":"product-type-simple"},"_links":{"self":[{"href":"https:\/\/moyahousehold.com\/es\/wp-json\/wp\/v2\/product\/11299","targetHints":{"allow":["GET"]}}],"collection":[{"href":"https:\/\/moyahousehold.com\/es\/wp-json\/wp\/v2\/product"}],"about":[{"href":"https:\/\/moyahousehold.com\/es\/wp-json\/wp\/v2\/types\/product"}],"replies":[{"embeddable":true,"href":"https:\/\/moyahousehold.com\/es\/wp-json\/wp\/v2\/comments?post=11299"}],"version-history":[{"count":0,"href":"https:\/\/moyahousehold.com\/es\/wp-json\/wp\/v2\/product\/11299\/revisions"}],"wp:featuredmedia":[{"embeddable":true,"href":"https:\/\/moyahousehold.com\/es\/wp-json\/wp\/v2\/media\/11276"}],"wp:attachment":[{"href":"https:\/\/moyahousehold.com\/es\/wp-json\/wp\/v2\/media?parent=11299"}],"wp:term":[{"taxonomy":"product_cat","embeddable":true,"href":"https:\/\/moyahousehold.com\/es\/wp-json\/wp\/v2\/product_cat?post=11299"},{"taxonomy":"product_tag","embeddable":true,"href":"https:\/\/moyahousehold.com\/es\/wp-json\/wp\/v2\/product_tag?post=11299"}],"curies":[{"name":"wp","href":"https:\/\/api.w.org\/{rel}","templated":true}]}}