{"id":11308,"date":"2025-07-12T02:41:39","date_gmt":"2025-07-12T02:41:39","guid":{"rendered":"https:\/\/moyahousehold.com\/?post_type=product&#038;p=11308"},"modified":"2025-07-12T02:49:25","modified_gmt":"2025-07-12T02:49:25","slug":"new-release-glass-inne-insulated-carafe-enhanced-insulation-leakproof-design","status":"publish","type":"product","link":"https:\/\/moyahousehold.com\/es\/producto\/new-release-glass-inne-insulated-carafe-enhanced-insulation-leakproof-design\/","title":{"rendered":"Nueva jarra aislante de vidrio Inne - Aislamiento mejorado y dise\u00f1o a prueba de fugas"},"content":{"rendered":"<h3 class=\"wp-block-heading\">Par\u00e1metros de la jarra de caf\u00e9 aislada al vac\u00edo<\/h3>\n\n\n\n<figure class=\"wp-block-table\"><table><tbody><tr><td>Capacidad<\/td><td>Material<\/td><td>Tama\u00f1o del producto<\/td><td>Tama\u00f1o de la caja exterior<\/td><td>Cantidad por caja<\/td><td>Color<\/td><\/tr><tr><td>0.6L<\/td><td rowspan=\"2\">Madera,PP,Borosilicato,Inoxidable<br>Acero,Silicona<\/td><td>17.5*12*29.9cm<\/td><td>\/<\/td><td>12<\/td><td>Negro,Blanco,Acero<\/td><\/tr><tr><td>1.0L<\/td><td>19*12.9*33.9cm<\/td><td>\/<\/td><td>12<\/td><td>Negro,Blanco,Acero<\/td><\/tr><\/tbody><\/table><\/figure>\n\n\n\n<h3 class=\"wp-block-heading\">Opciones de jarra de caf\u00e9 personalizadas<\/h3>\n\n\n\n<p><strong>Tapas: <\/strong>Tapa a presi\u00f3n de PP<br><strong>Logotipo:<\/strong> Personalice el logotipo de su marca en el producto y el envase.<br><strong>Opciones de logotipo:<\/strong> logotipo impreso, logotipo grabado con l\u00e1ser, etc.<br><strong>Patr\u00f3n: <\/strong>impresi\u00f3n de motivos en botellas t\u00e9rmicas.<br><strong>Tecnolog\u00eda de impresi\u00f3n: <\/strong>impresi\u00f3n por transferencia de agua, serigraf\u00eda, impresi\u00f3n por transferencia de calor, transferencia por sublimaci\u00f3n y mucho m\u00e1s.<br><strong>Embalaje:<\/strong> caja de color<br><a href=\"https:\/\/moyahousehold.com\/es\/solucion-personalizada\/\"><strong>Explore m\u00e1s soluciones de garrafas de caf\u00e9 personalizadas.<\/strong><\/a><\/p>\n\n\n\n<div class=\"wp-block-columns is-layout-flex wp-container-core-columns-is-layout-9d6595d7 wp-block-columns-is-layout-flex\">\n<div class=\"wp-block-column is-layout-flow wp-block-column-is-layout-flow\">\n<figure class=\"wp-block-image size-full\"><img fetchpriority=\"high\" decoding=\"async\" width=\"4158\" height=\"4158\" src=\"https:\/\/moyahousehold.com\/wp-content\/uploads\/2025\/07\/Spire-insulated-kettle-14.webp\" alt=\"Hervidor aislado Spire \" class=\"wp-image-11295\" srcset=\"https:\/\/moyahousehold.com\/wp-content\/uploads\/2025\/07\/Spire-insulated-kettle-14.webp 4158w, https:\/\/moyahousehold.com\/wp-content\/uploads\/2025\/07\/Spire-insulated-kettle-14-300x300.webp 300w, https:\/\/moyahousehold.com\/wp-content\/uploads\/2025\/07\/Spire-insulated-kettle-14-150x150.webp 150w, https:\/\/moyahousehold.com\/wp-content\/uploads\/2025\/07\/Spire-insulated-kettle-14-768x768.webp 768w, https:\/\/moyahousehold.com\/wp-content\/uploads\/2025\/07\/Spire-insulated-kettle-14-12x12.webp 12w, https:\/\/moyahousehold.com\/wp-content\/uploads\/2025\/07\/Spire-insulated-kettle-14-285x285.webp 285w, https:\/\/moyahousehold.com\/wp-content\/uploads\/2025\/07\/Spire-insulated-kettle-14-1600x1600.webp 1600w, https:\/\/moyahousehold.com\/wp-content\/uploads\/2025\/07\/Spire-insulated-kettle-14-270x270.webp 270w, https:\/\/moyahousehold.com\/wp-content\/uploads\/2025\/07\/Spire-insulated-kettle-14-540x540.webp 540w, https:\/\/moyahousehold.com\/wp-content\/uploads\/2025\/07\/Spire-insulated-kettle-14-660x660.webp 660w\" sizes=\"(max-width: 4158px) 100vw, 4158px\" \/><\/figure>\n<\/div>\n\n\n\n<div class=\"wp-block-column is-layout-flow wp-block-column-is-layout-flow\">\n<figure class=\"wp-block-image size-full\"><img decoding=\"async\" width=\"4077\" height=\"4077\" src=\"https:\/\/moyahousehold.com\/wp-content\/uploads\/2025\/07\/Spire-insulated-kettle-1.webp\" alt=\"Hervidor aislado Spire \" class=\"wp-image-11282\" srcset=\"https:\/\/moyahousehold.com\/wp-content\/uploads\/2025\/07\/Spire-insulated-kettle-1.webp 4077w, https:\/\/moyahousehold.com\/wp-content\/uploads\/2025\/07\/Spire-insulated-kettle-1-300x300.webp 300w, https:\/\/moyahousehold.com\/wp-content\/uploads\/2025\/07\/Spire-insulated-kettle-1-150x150.webp 150w, https:\/\/moyahousehold.com\/wp-content\/uploads\/2025\/07\/Spire-insulated-kettle-1-768x768.webp 768w, https:\/\/moyahousehold.com\/wp-content\/uploads\/2025\/07\/Spire-insulated-kettle-1-12x12.webp 12w, https:\/\/moyahousehold.com\/wp-content\/uploads\/2025\/07\/Spire-insulated-kettle-1-285x285.webp 285w, https:\/\/moyahousehold.com\/wp-content\/uploads\/2025\/07\/Spire-insulated-kettle-1-1600x1600.webp 1600w, https:\/\/moyahousehold.com\/wp-content\/uploads\/2025\/07\/Spire-insulated-kettle-1-270x270.webp 270w, https:\/\/moyahousehold.com\/wp-content\/uploads\/2025\/07\/Spire-insulated-kettle-1-540x540.webp 540w, https:\/\/moyahousehold.com\/wp-content\/uploads\/2025\/07\/Spire-insulated-kettle-1-660x660.webp 660w\" sizes=\"(max-width: 4077px) 100vw, 4077px\" \/><\/figure>\n<\/div>\n<\/div>\n\n\n\n<p><\/p>","protected":false},"excerpt":{"rendered":"<div class=\"inter-jQQQ8P\">\n<div class=\"container-PrUkKo\">\n<div class=\"item-hGGxLi\">\n<div class=\"container-arOxqB chrome70-container\">\n<div class=\"inner-FyM8gE inner-item-swzCut\" data-target-id=\"message-box-target-id\" data-testid=\"union_message\">\n<div class=\"message-block-container-aFugD6\" data-testid=\"message-block-container\">\n<div class=\"flex flex-row w-full w-full max-w-full s-font-base text-s-color-text-secondary p-0 rounded-s-radius-s bg-transparent group data-[attr=select-mode]:-mt-10 data-[attr=select-mode]:py-10 data-[attr=select-mode]:px-16 data-[attr=select-mode]:sm:p-10 data-[attr=select-mode]:hover:bg-s-color-bg-base data-[attr=select-mode]:hover:rounded-s-radius-xs data-[attr=select-mode]:has-[:checked]:bg-s-color-bg-trans data-[attr=select-mode]:has-[:checked]:rounded-s-radius-xs data-[attr=select-mode]:pointer-events-none\" data-testid=\"receive_message\">\n<div class=\"flex flex-col flex-grow max-w-full min-w-0\">\n<div class=\"flex flex-row w-full\" data-testid=\"message_content\" data-message-id=\"11906409299183362\">\n<div class=\"w-full\" data-plugin-identifier=\"Symbol(receive-write-text-content)\">\n<div class=\"container-ZYIsnH flow-markdown-body theme-samantha-Nbr9UN\" dir=\"ltr\" data-testid=\"message_text_content\" data-show-indicator=\"false\">\n<h1 class=\"header-vfC6AV auto-hide-last-sibling-br\">Nuevo lanzamiento: Jarra de caf\u00e9 isot\u00e9rmica con revestimiento de vidrio<\/h1>\n<div class=\"auto-hide-last-sibling-br paragraph-JOTKXA paragraph-element br-paragraph-space\">Esta nueva jarra de caf\u00e9 aislada ofrece una excepcional retenci\u00f3n del calor, junto con un c\u00f3modo dise\u00f1o de dispensaci\u00f3n con un solo bot\u00f3n para un uso sin esfuerzo. Su aspecto elegante y minimalista la hace perfecta tanto para el hogar como para la oficina. Ofrecemos servicios de venta al por mayor para esta nueva jarra isot\u00e9rmica con revestimiento de vidrio, adem\u00e1s de soluciones de personalizaci\u00f3n flexibles. No dude en ponerse en contacto con nosotros en cualquier momento.<\/div>\n<h2 class=\"header-vfC6AV auto-hide-last-sibling-br\">Caracter\u00edsticas de la nueva jarra de caf\u00e9 isot\u00e9rmica con revestimiento de vidrio<\/h2>\n<ul class=\"auto-hide-last-sibling-br\">\n<li>\n<div class=\"auto-hide-last-sibling-br paragraph-JOTKXA paragraph-element br-paragraph-space\"><strong>Dise\u00f1o elegante y atemporal<\/strong>: Fabricada con una est\u00e9tica minimalista y disponible en los cl\u00e1sicos negro y beige, esta nueva jarra se integra a la perfecci\u00f3n en el hogar, la oficina o los espacios comerciales, a\u00f1adiendo un toque de discreta elegancia.<\/div>\n<\/li>\n<li>\n<div class=\"auto-hide-last-sibling-br paragraph-JOTKXA paragraph-element br-paragraph-space\"><strong>Premium Glass Liner<\/strong>: El revestimiento interior de vidrio de alta calidad garantiza la durabilidad al tiempo que preserva el sabor puro del agua, el caf\u00e9 y otras bebidas, sin olores ni residuos no deseados, lo que garantiza una experiencia de consumo segura.<\/div>\n<\/li>\n<li>\n<div class=\"auto-hide-last-sibling-br paragraph-JOTKXA paragraph-element br-paragraph-space\"><strong>Funcionamiento con un solo bot\u00f3n<\/strong>: Equipada con un innovador mecanismo de un solo toque, elimina la molestia de las jarras t\u00e9rmicas tradicionales, haciendo que el vertido sea r\u00e1pido y f\u00e1cil, incluso con una sola mano.<\/div>\n<\/li>\n<li>\n<div class=\"auto-hide-last-sibling-br paragraph-JOTKXA paragraph-element br-paragraph-space\"><strong>Retenci\u00f3n duradera de la temperatura<\/strong>: Gracias a su avanzada tecnolog\u00eda de aislamiento al vac\u00edo, esta nueva jarra mantiene los l\u00edquidos calientes durante periodos prolongados, garantizando que el caf\u00e9, el t\u00e9 y otras bebidas calientes se mantengan a su temperatura \u00f3ptima.<\/div>\n<\/li>\n<li>\n<div class=\"auto-hide-last-sibling-br paragraph-JOTKXA paragraph-element br-paragraph-space\"><strong>Precios al por mayor competitivos<\/strong>: Los fabricantes de Moya ofrecen precios al por mayor muy competitivos para este nuevo lanzamiento, dirigido a minoristas, distribuidores y compradores a granel del sector de la restauraci\u00f3n.<\/div>\n<\/li>\n<li>\n<div class=\"auto-hide-last-sibling-br paragraph-JOTKXA paragraph-element br-paragraph-space\"><strong>Personalizaci\u00f3n OEM y ODM<\/strong>: Nuestros servicios de OEM y ODM le permiten adaptar la nueva garrafa a sus necesidades: personalice su aspecto, capacidad o a\u00f1ada el logotipo de su marca para crear un producto \u00fanico y listo para el mercado.<\/div>\n<\/li>\n<\/ul>\n<\/div>\n<\/div>\n<\/div>\n<div class=\"answer-action-bar-pgm2JD answer-action-bar flex flex-col justify-end\" data-testid=\"message_action_bar\">\n<div class=\"container-rxM4SW flex flex-row items-start w-full self-center\" data-message-action-bar=\"1\">\n<div class=\"left-Y7jNAM\">\u00a0<\/div>\n<\/div>\n<\/div>\n<\/div>\n<\/div>\n<\/div>\n<\/div>\n<\/div>\n<\/div>\n<\/div>\n<\/div>","protected":false},"featured_media":11287,"comment_status":"open","ping_status":"closed","template":"","meta":[],"product_cat":[54],"product_tag":[66,78,85],"class_list":{"0":"post-11308","1":"product","2":"type-product","3":"status-publish","4":"has-post-thumbnail","6":"product_cat-thermal-carafe-wholesale","7":"product_tag-wholesale-1000ml-thermos-carafe","8":"product_tag-wholesale-1500ml-thermos-carafe","9":"product_tag-wholesale-stainless-steel-liner-thermos-carafe","11":"first","12":"instock","13":"shipping-taxable","14":"product-type-simple"},"_links":{"self":[{"href":"https:\/\/moyahousehold.com\/es\/wp-json\/wp\/v2\/product\/11308","targetHints":{"allow":["GET"]}}],"collection":[{"href":"https:\/\/moyahousehold.com\/es\/wp-json\/wp\/v2\/product"}],"about":[{"href":"https:\/\/moyahousehold.com\/es\/wp-json\/wp\/v2\/types\/product"}],"replies":[{"embeddable":true,"href":"https:\/\/moyahousehold.com\/es\/wp-json\/wp\/v2\/comments?post=11308"}],"version-history":[{"count":0,"href":"https:\/\/moyahousehold.com\/es\/wp-json\/wp\/v2\/product\/11308\/revisions"}],"wp:featuredmedia":[{"embeddable":true,"href":"https:\/\/moyahousehold.com\/es\/wp-json\/wp\/v2\/media\/11287"}],"wp:attachment":[{"href":"https:\/\/moyahousehold.com\/es\/wp-json\/wp\/v2\/media?parent=11308"}],"wp:term":[{"taxonomy":"product_cat","embeddable":true,"href":"https:\/\/moyahousehold.com\/es\/wp-json\/wp\/v2\/product_cat?post=11308"},{"taxonomy":"product_tag","embeddable":true,"href":"https:\/\/moyahousehold.com\/es\/wp-json\/wp\/v2\/product_tag?post=11308"}],"curies":[{"name":"wp","href":"https:\/\/api.w.org\/{rel}","templated":true}]}}