{"id":11318,"date":"2025-07-12T02:52:48","date_gmt":"2025-07-12T02:52:48","guid":{"rendered":"https:\/\/moyahousehold.com\/?post_type=product&#038;p=11318"},"modified":"2025-07-12T07:23:48","modified_gmt":"2025-07-12T07:23:48","slug":"wholesale-insulated-water-dispenser-2000ml-vacuum-thermal-insulation-for-home-office-use","status":"publish","type":"product","link":"https:\/\/moyahousehold.com\/es\/producto\/wholesale-insulated-water-dispenser-2000ml-vacuum-thermal-insulation-for-home-office-use\/","title":{"rendered":"Mayorista Dispensador de Agua Aislado 2000ML: Aislamiento T\u00e9rmico al Vac\u00edo para el Hogar y la Oficina"},"content":{"rendered":"<div class=\"wp-block-columns is-layout-flex wp-container-core-columns-is-layout-9d6595d7 wp-block-columns-is-layout-flex\">\n<div class=\"wp-block-column is-layout-flow wp-block-column-is-layout-flow\">\n<h3 class=\"wp-block-heading\">Par\u00e1metros del dispensador de agua aislado<\/h3>\n\n\n\n<p><strong>N\u00famero de modelo<\/strong>:MY0014<br><strong>Material<\/strong>Acero inoxidable 304 +PP + Borosilicato + gel de s\u00edlice<br><strong>Dimensi\u00f3n:<\/strong>230x176x324mm<br><strong>Color<\/strong>:negro\/beige\/acero<br><strong>Sin BPA<\/strong><\/p>\n\n\n\n<h3 class=\"wp-block-heading\">Opciones de termos personalizados<\/h3>\n\n\n\n<p><strong>Logotipo<\/strong>Personalice el logotipo de su marca en el producto y el embalaje.<br><strong>Opciones de logotipo<\/strong>Logotipo impreso, logotipo grabado con l\u00e1ser, etc.<br><strong>Patr\u00f3n<\/strong>: patrones de impresi\u00f3n.<br><strong>Tecnolog\u00eda de impresi\u00f3n<\/strong>Impresi\u00f3n por transferencia de agua, serigraf\u00eda, transferencia de calor, sublimaci\u00f3n, etc.<br><strong>Embalaje:<\/strong> caja de color<br><a href=\"https:\/\/moyahousehold.com\/es\/solucion-personalizada\/\" target=\"_blank\" rel=\"noreferrer noopener\"><strong>M\u00e1s informaci\u00f3n sobre soluciones personalizadas para termos<\/strong><\/a><\/p>\n<\/div>\n<\/div>\n\n\n\n<div class=\"wp-block-columns is-layout-flex wp-container-core-columns-is-layout-9d6595d7 wp-block-columns-is-layout-flex\">\n<div class=\"wp-block-column is-layout-flow wp-block-column-is-layout-flow\">\n<figure class=\"wp-block-image size-full\"><img fetchpriority=\"high\" decoding=\"async\" width=\"3842\" height=\"3842\" src=\"https:\/\/moyahousehold.com\/wp-content\/uploads\/2025\/07\/Simple-pneumatic-thermos-flask-3.webp\" alt=\"Termo neum\u00e1tico simple\" class=\"wp-image-11330\" srcset=\"https:\/\/moyahousehold.com\/wp-content\/uploads\/2025\/07\/Simple-pneumatic-thermos-flask-3.webp 3842w, https:\/\/moyahousehold.com\/wp-content\/uploads\/2025\/07\/Simple-pneumatic-thermos-flask-3-300x300.webp 300w, https:\/\/moyahousehold.com\/wp-content\/uploads\/2025\/07\/Simple-pneumatic-thermos-flask-3-150x150.webp 150w, https:\/\/moyahousehold.com\/wp-content\/uploads\/2025\/07\/Simple-pneumatic-thermos-flask-3-768x768.webp 768w, https:\/\/moyahousehold.com\/wp-content\/uploads\/2025\/07\/Simple-pneumatic-thermos-flask-3-12x12.webp 12w, https:\/\/moyahousehold.com\/wp-content\/uploads\/2025\/07\/Simple-pneumatic-thermos-flask-3-285x285.webp 285w, https:\/\/moyahousehold.com\/wp-content\/uploads\/2025\/07\/Simple-pneumatic-thermos-flask-3-1600x1600.webp 1600w, https:\/\/moyahousehold.com\/wp-content\/uploads\/2025\/07\/Simple-pneumatic-thermos-flask-3-270x270.webp 270w, https:\/\/moyahousehold.com\/wp-content\/uploads\/2025\/07\/Simple-pneumatic-thermos-flask-3-540x540.webp 540w, https:\/\/moyahousehold.com\/wp-content\/uploads\/2025\/07\/Simple-pneumatic-thermos-flask-3-660x660.webp 660w\" sizes=\"(max-width: 3842px) 100vw, 3842px\" \/><\/figure>\n<\/div>\n\n\n\n<div class=\"wp-block-column is-layout-flow wp-block-column-is-layout-flow\">\n<figure class=\"wp-block-image size-full\"><img decoding=\"async\" width=\"3633\" height=\"3633\" src=\"https:\/\/moyahousehold.com\/wp-content\/uploads\/2025\/07\/Simple-pneumatic-thermos-flask-2.webp\" alt=\"Termo neum\u00e1tico simple\" class=\"wp-image-11329\" srcset=\"https:\/\/moyahousehold.com\/wp-content\/uploads\/2025\/07\/Simple-pneumatic-thermos-flask-2.webp 3633w, https:\/\/moyahousehold.com\/wp-content\/uploads\/2025\/07\/Simple-pneumatic-thermos-flask-2-300x300.webp 300w, https:\/\/moyahousehold.com\/wp-content\/uploads\/2025\/07\/Simple-pneumatic-thermos-flask-2-150x150.webp 150w, https:\/\/moyahousehold.com\/wp-content\/uploads\/2025\/07\/Simple-pneumatic-thermos-flask-2-768x768.webp 768w, https:\/\/moyahousehold.com\/wp-content\/uploads\/2025\/07\/Simple-pneumatic-thermos-flask-2-12x12.webp 12w, https:\/\/moyahousehold.com\/wp-content\/uploads\/2025\/07\/Simple-pneumatic-thermos-flask-2-285x285.webp 285w, https:\/\/moyahousehold.com\/wp-content\/uploads\/2025\/07\/Simple-pneumatic-thermos-flask-2-1600x1600.webp 1600w, https:\/\/moyahousehold.com\/wp-content\/uploads\/2025\/07\/Simple-pneumatic-thermos-flask-2-270x270.webp 270w, https:\/\/moyahousehold.com\/wp-content\/uploads\/2025\/07\/Simple-pneumatic-thermos-flask-2-540x540.webp 540w, https:\/\/moyahousehold.com\/wp-content\/uploads\/2025\/07\/Simple-pneumatic-thermos-flask-2-660x660.webp 660w\" sizes=\"(max-width: 3633px) 100vw, 3633px\" \/><\/figure>\n<\/div>\n<\/div>\n\n\n\n<p><\/p>","protected":false},"excerpt":{"rendered":"<div class=\"ace-line heading-h1\" dir=\"auto\" data-node=\"true\"><span data-leaf=\"true\"><span class=\"lb\">Nuevo lanzamiento: Hervidor a presi\u00f3n aislado de 2500 ml con revestimiento de vidrio<\/span><\/span><span data-string=\"true\" data-enter=\"true\" data-leaf=\"true\">\u200b<\/span><\/div>\n<div class=\"ace-line\" dir=\"auto\" data-node=\"true\"><span data-leaf=\"true\"><span class=\"lb\">Este reci\u00e9n lanzado hervidor a presi\u00f3n aislado de 2500 ml con revestimiento de cristal conserva la temperatura interna de las bebidas durante periodos prolongados. Ligera y con una c\u00f3moda asa, ofrece una portabilidad excepcional. Ideal para servir a varias personas, es perfecta para reuniones familiares, oficinas o aventuras al aire libre.<\/span><\/span><span data-string=\"true\" data-enter=\"true\" data-leaf=\"true\">\u200b<\/span><\/div>\n<div class=\"ace-line heading-h2\" dir=\"auto\" data-node=\"true\"><span data-leaf=\"true\"><span class=\"lb\">Caracter\u00edsticas del hervidor a presi\u00f3n aislado 2500ML con revestimiento de vidrio<\/span><\/span><span data-string=\"true\" data-enter=\"true\" data-leaf=\"true\">\u200b<\/span><\/div>\n<div class=\"ace-line list-div\" dir=\"auto\" data-node=\"true\">\n<ul class=\"list-bullet1 r-list r-list-bullet\">\n<li><span data-leaf=\"true\"><span class=\"lb\">Funcionamiento sin esfuerzo<\/span><\/span><span data-leaf=\"true\"><span class=\"lb\">: Gracias a su dise\u00f1o basado en la presi\u00f3n, una simple pulsaci\u00f3n del bot\u00f3n activa la dispensaci\u00f3n autom\u00e1tica de agua o bebidas, haciendo que el vertido sea incre\u00edblemente r\u00e1pido y c\u00f3modo.<\/span><\/span><span data-string=\"true\" data-enter=\"true\" data-leaf=\"true\">\u200b<\/span><\/li>\n<\/ul>\n<\/div>\n<div class=\"ace-line list-div\" dir=\"auto\" data-node=\"true\">\n<ul class=\"list-bullet1 r-list r-list-bullet\">\n<li><span data-leaf=\"true\"><span class=\"lb\">Excelente rendimiento de aislamiento<\/span><\/span><span data-leaf=\"true\"><span class=\"lb\">: Gracias a la tecnolog\u00eda de aislamiento al vac\u00edo de doble capa, este hervidor mantiene eficazmente la temperatura ideal tanto de las bebidas calientes como de las fr\u00edas, para que disfrutes de cada sorbo.<\/span><\/span><span data-string=\"true\" data-enter=\"true\" data-leaf=\"true\">\u200b<\/span><\/li>\n<\/ul>\n<\/div>\n<div class=\"ace-line list-div\" dir=\"auto\" data-node=\"true\">\n<ul class=\"list-bullet1 r-list r-list-bullet\">\n<li><span data-leaf=\"true\"><span class=\"lb\">Gran capacidad<\/span><\/span><span data-leaf=\"true\"><span class=\"lb\">: Con una capacidad de 2,5 litros, satisface las necesidades de bebida habituales en fiestas y reuniones, evit\u00e1ndote la molestia de tener que rellenarla con frecuencia.<\/span><\/span><span data-string=\"true\" data-enter=\"true\" data-leaf=\"true\">\u200b<\/span><\/li>\n<\/ul>\n<\/div>\n<div class=\"ace-line list-div\" dir=\"auto\" data-node=\"true\">\n<ul class=\"list-bullet1 r-list r-list-bullet\">\n<li><span data-leaf=\"true\"><span class=\"lb\">Muy port\u00e1til<\/span><\/span><span data-leaf=\"true\"><span class=\"lb\">: Su construcci\u00f3n ligera, su forma compacta y su dise\u00f1o f\u00e1cil de transportar lo convierten en una excelente opci\u00f3n para actividades al aire libre, viajes o acampadas.<\/span><\/span><span data-string=\"true\" data-enter=\"true\" data-leaf=\"true\">\u200b<\/span><\/li>\n<\/ul>\n<\/div>\n<div class=\"ace-line list-div\" dir=\"auto\" data-node=\"true\">\n<ul class=\"list-bullet1 r-list r-list-bullet\">\n<li><span data-leaf=\"true\"><span class=\"lb\">F\u00e1cil de limpiar<\/span><\/span><span data-leaf=\"true\"><span class=\"lb\">: El hervidor puede desmontarse f\u00e1cilmente, lo que permite a los usuarios limpiar a fondo todos los rincones con facilidad durante su uso.<\/span><\/span><span data-string=\"true\" data-enter=\"true\" data-leaf=\"true\">\u200b<\/span><\/li>\n<\/ul>\n<\/div>\n<div class=\"ace-line list-div\" dir=\"auto\" data-node=\"true\">\n<ul class=\"list-bullet1 r-list r-list-bullet\">\n<li><span data-leaf=\"true\"><span class=\"lb\">Dise\u00f1o respetuoso con el medio ambiente<\/span><\/span><span data-leaf=\"true\"><span class=\"lb\">: M\u00e1s all\u00e1 de la practicidad, su dise\u00f1o se adhiere a principios ecol\u00f3gicos. Reutilizable una y otra vez, este hervidor a presi\u00f3n aislado ayuda a reducir el consumo de botellas de pl\u00e1stico desechables, contribuyendo a un estilo de vida m\u00e1s ecol\u00f3gico.<\/span><\/span><span data-string=\"true\" data-enter=\"true\" data-leaf=\"true\">\u200b<\/span><\/li>\n<\/ul>\n<\/div>","protected":false},"featured_media":11332,"comment_status":"closed","ping_status":"closed","template":"","meta":[],"product_cat":[54],"product_tag":[85],"class_list":{"0":"post-11318","1":"product","2":"type-product","3":"status-publish","4":"has-post-thumbnail","6":"product_cat-thermal-carafe-wholesale","7":"product_tag-wholesale-stainless-steel-liner-thermos-carafe","9":"first","10":"instock","11":"shipping-taxable","12":"product-type-simple"},"_links":{"self":[{"href":"https:\/\/moyahousehold.com\/es\/wp-json\/wp\/v2\/product\/11318","targetHints":{"allow":["GET"]}}],"collection":[{"href":"https:\/\/moyahousehold.com\/es\/wp-json\/wp\/v2\/product"}],"about":[{"href":"https:\/\/moyahousehold.com\/es\/wp-json\/wp\/v2\/types\/product"}],"replies":[{"embeddable":true,"href":"https:\/\/moyahousehold.com\/es\/wp-json\/wp\/v2\/comments?post=11318"}],"version-history":[{"count":0,"href":"https:\/\/moyahousehold.com\/es\/wp-json\/wp\/v2\/product\/11318\/revisions"}],"wp:featuredmedia":[{"embeddable":true,"href":"https:\/\/moyahousehold.com\/es\/wp-json\/wp\/v2\/media\/11332"}],"wp:attachment":[{"href":"https:\/\/moyahousehold.com\/es\/wp-json\/wp\/v2\/media?parent=11318"}],"wp:term":[{"taxonomy":"product_cat","embeddable":true,"href":"https:\/\/moyahousehold.com\/es\/wp-json\/wp\/v2\/product_cat?post=11318"},{"taxonomy":"product_tag","embeddable":true,"href":"https:\/\/moyahousehold.com\/es\/wp-json\/wp\/v2\/product_tag?post=11318"}],"curies":[{"name":"wp","href":"https:\/\/api.w.org\/{rel}","templated":true}]}}