{"id":11343,"date":"2025-07-12T08:37:19","date_gmt":"2025-07-12T08:37:19","guid":{"rendered":"https:\/\/moyahousehold.com\/?post_type=product&#038;p=11343"},"modified":"2025-07-13T01:55:18","modified_gmt":"2025-07-13T01:55:18","slug":"stainless-steel-food-storage-container-with-transparent-lid-durable-visible-storage-solution","status":"publish","type":"product","link":"https:\/\/moyahousehold.com\/es\/producto\/stainless-steel-food-storage-container-with-transparent-lid-durable-visible-storage-solution\/","title":{"rendered":"Recipiente de acero inoxidable para alimentos con tapa transparente Soluci\u00f3n de almacenamiento duradera y visible"},"content":{"rendered":"<p><strong>material:<\/strong> 304 + ABS<strong> <\/strong><\/p>\n\n\n\n<p><strong>color:<\/strong> Acero\/beige\/caqui<\/p>\n\n\n\n<figure class=\"wp-block-table\"><table class=\"has-fixed-layout\"><tbody><tr><td>Art\u00edculo<\/td><td>Material<\/td><td>Capacidad<\/td><td>Talla\/PCS<\/td><td>PCS\/Caja<\/td><td>N.W.\/PCS<\/td><td>G.W.\/Caso<\/td><\/tr><tr><td>MYZT010<\/td><td rowspan=\"6\">304+ABS<\/td><td>700 ml<\/td><td>16.5*12.5*5<\/td><td>84<\/td><td>0.19<\/td><td>17.9&nbsp;<\/td><\/tr><tr><td>MYZT011<\/td><td>1100 ml<\/td><td>20.5*15.5*5.3<\/td><td>56<\/td><td>0.27<\/td><td>16.5&nbsp;<\/td><\/tr><tr><td>MYZT012<\/td><td>1700 ml<\/td><td>24.5*18*5.8<\/td><td>42<\/td><td>0.4<\/td><td>18.4&nbsp;<\/td><\/tr><tr><td>MYZT013<\/td><td>1000 ml<\/td><td>16.5*12.5*7.3<\/td><td>72<\/td><td>0.23<\/td><td>18.3&nbsp;<\/td><\/tr><tr><td>MYZT014<\/td><td>1800 ml<\/td><td>20.5*15.5*8.3<\/td><td>48<\/td><td>0.34<\/td><td>18.4&nbsp;<\/td><\/tr><tr><td>MYZT015<\/td><td>3000 ml<\/td><td>24.5*19*9.2<\/td><td>36<\/td><td>0.5<\/td><td>20.3&nbsp;<\/td><\/tr><\/tbody><\/table><\/figure>\n\n\n\n<h3 class=\"wp-block-heading\">Opciones de fiambreras personalizadas<\/h3>\n\n\n\n<p><strong>Logotipo<\/strong>Personalice el logotipo de su marca en la caja bento de acero inoxidable y en el embalaje.<br><strong>Opciones de logotipo<\/strong>Logotipo impreso, logotipo grabado con l\u00e1ser, etc.<br><strong>Patr\u00f3n<\/strong>Impresi\u00f3n de motivos en productos y envases.<br><strong>Tecnolog\u00eda de impresi\u00f3n<\/strong>Impresi\u00f3n por transferencia de agua, serigraf\u00eda, transferencia de calor, sublimaci\u00f3n, etc.<br><strong>Embalaje:<\/strong>caja de color.<br><a href=\"https:\/\/moyahousehold.com\/es\/solucion-personalizada\/\"><strong>M\u00e1s informaci\u00f3n sobre soluciones de fiambreras personalizadas.<\/strong><\/a><\/p>\n\n\n\n<div class=\"wp-block-columns is-layout-flex wp-container-core-columns-is-layout-9d6595d7 wp-block-columns-is-layout-flex\">\n<div class=\"wp-block-column is-layout-flow wp-block-column-is-layout-flow\">\n<figure class=\"wp-block-image size-full\"><img fetchpriority=\"high\" decoding=\"async\" width=\"3959\" height=\"3959\" src=\"https:\/\/moyahousehold.com\/wp-content\/uploads\/2025\/07\/ZT-\u7d20\u7f8e\u4fdd\u9c9c\u76d2-16_\u526f\u672c.webp\" alt=\"Caja de acero inoxidable para alimentos con tapa transparente\" class=\"wp-image-11360\" srcset=\"https:\/\/moyahousehold.com\/wp-content\/uploads\/2025\/07\/ZT-\u7d20\u7f8e\u4fdd\u9c9c\u76d2-16_\u526f\u672c.webp 3959w, https:\/\/moyahousehold.com\/wp-content\/uploads\/2025\/07\/ZT-\u7d20\u7f8e\u4fdd\u9c9c\u76d2-16_\u526f\u672c-300x300.webp 300w, https:\/\/moyahousehold.com\/wp-content\/uploads\/2025\/07\/ZT-\u7d20\u7f8e\u4fdd\u9c9c\u76d2-16_\u526f\u672c-150x150.webp 150w, https:\/\/moyahousehold.com\/wp-content\/uploads\/2025\/07\/ZT-\u7d20\u7f8e\u4fdd\u9c9c\u76d2-16_\u526f\u672c-768x768.webp 768w, https:\/\/moyahousehold.com\/wp-content\/uploads\/2025\/07\/ZT-\u7d20\u7f8e\u4fdd\u9c9c\u76d2-16_\u526f\u672c-12x12.webp 12w, https:\/\/moyahousehold.com\/wp-content\/uploads\/2025\/07\/ZT-\u7d20\u7f8e\u4fdd\u9c9c\u76d2-16_\u526f\u672c-285x285.webp 285w, https:\/\/moyahousehold.com\/wp-content\/uploads\/2025\/07\/ZT-\u7d20\u7f8e\u4fdd\u9c9c\u76d2-16_\u526f\u672c-1600x1600.webp 1600w, https:\/\/moyahousehold.com\/wp-content\/uploads\/2025\/07\/ZT-\u7d20\u7f8e\u4fdd\u9c9c\u76d2-16_\u526f\u672c-270x270.webp 270w, https:\/\/moyahousehold.com\/wp-content\/uploads\/2025\/07\/ZT-\u7d20\u7f8e\u4fdd\u9c9c\u76d2-16_\u526f\u672c-540x540.webp 540w, https:\/\/moyahousehold.com\/wp-content\/uploads\/2025\/07\/ZT-\u7d20\u7f8e\u4fdd\u9c9c\u76d2-16_\u526f\u672c-660x660.webp 660w\" sizes=\"(max-width: 3959px) 100vw, 3959px\" \/><\/figure>\n<\/div>\n\n\n\n<div class=\"wp-block-column is-layout-flow wp-block-column-is-layout-flow\">\n<figure class=\"wp-block-image size-full\"><img decoding=\"async\" width=\"4149\" height=\"4149\" src=\"https:\/\/moyahousehold.com\/wp-content\/uploads\/2025\/07\/ZT-\u7d20\u7f8e\u4fdd\u9c9c\u76d2-21_\u526f\u672c.webp\" alt=\"Caja de acero inoxidable para alimentos con tapa transparente\" class=\"wp-image-11361\" srcset=\"https:\/\/moyahousehold.com\/wp-content\/uploads\/2025\/07\/ZT-\u7d20\u7f8e\u4fdd\u9c9c\u76d2-21_\u526f\u672c.webp 4149w, https:\/\/moyahousehold.com\/wp-content\/uploads\/2025\/07\/ZT-\u7d20\u7f8e\u4fdd\u9c9c\u76d2-21_\u526f\u672c-300x300.webp 300w, https:\/\/moyahousehold.com\/wp-content\/uploads\/2025\/07\/ZT-\u7d20\u7f8e\u4fdd\u9c9c\u76d2-21_\u526f\u672c-150x150.webp 150w, https:\/\/moyahousehold.com\/wp-content\/uploads\/2025\/07\/ZT-\u7d20\u7f8e\u4fdd\u9c9c\u76d2-21_\u526f\u672c-768x768.webp 768w, https:\/\/moyahousehold.com\/wp-content\/uploads\/2025\/07\/ZT-\u7d20\u7f8e\u4fdd\u9c9c\u76d2-21_\u526f\u672c-12x12.webp 12w, https:\/\/moyahousehold.com\/wp-content\/uploads\/2025\/07\/ZT-\u7d20\u7f8e\u4fdd\u9c9c\u76d2-21_\u526f\u672c-285x285.webp 285w, https:\/\/moyahousehold.com\/wp-content\/uploads\/2025\/07\/ZT-\u7d20\u7f8e\u4fdd\u9c9c\u76d2-21_\u526f\u672c-1600x1600.webp 1600w, https:\/\/moyahousehold.com\/wp-content\/uploads\/2025\/07\/ZT-\u7d20\u7f8e\u4fdd\u9c9c\u76d2-21_\u526f\u672c-270x270.webp 270w, https:\/\/moyahousehold.com\/wp-content\/uploads\/2025\/07\/ZT-\u7d20\u7f8e\u4fdd\u9c9c\u76d2-21_\u526f\u672c-540x540.webp 540w, https:\/\/moyahousehold.com\/wp-content\/uploads\/2025\/07\/ZT-\u7d20\u7f8e\u4fdd\u9c9c\u76d2-21_\u526f\u672c-660x660.webp 660w\" sizes=\"(max-width: 4149px) 100vw, 4149px\" \/><\/figure>\n<\/div>\n<\/div>\n\n\n\n<div class=\"wp-block-columns is-layout-flex wp-container-core-columns-is-layout-9d6595d7 wp-block-columns-is-layout-flex\">\n<div class=\"wp-block-column is-layout-flow wp-block-column-is-layout-flow\">\n<figure class=\"wp-block-image size-full\"><img decoding=\"async\" width=\"4037\" height=\"4037\" src=\"https:\/\/moyahousehold.com\/wp-content\/uploads\/2025\/07\/ZT-\u7d20\u7f8e\u4fdd\u9c9c\u76d2-26_\u526f\u672c.webp\" alt=\"Caja de acero inoxidable para alimentos con tapa transparente\" class=\"wp-image-11362\" srcset=\"https:\/\/moyahousehold.com\/wp-content\/uploads\/2025\/07\/ZT-\u7d20\u7f8e\u4fdd\u9c9c\u76d2-26_\u526f\u672c.webp 4037w, https:\/\/moyahousehold.com\/wp-content\/uploads\/2025\/07\/ZT-\u7d20\u7f8e\u4fdd\u9c9c\u76d2-26_\u526f\u672c-300x300.webp 300w, https:\/\/moyahousehold.com\/wp-content\/uploads\/2025\/07\/ZT-\u7d20\u7f8e\u4fdd\u9c9c\u76d2-26_\u526f\u672c-150x150.webp 150w, https:\/\/moyahousehold.com\/wp-content\/uploads\/2025\/07\/ZT-\u7d20\u7f8e\u4fdd\u9c9c\u76d2-26_\u526f\u672c-768x768.webp 768w, https:\/\/moyahousehold.com\/wp-content\/uploads\/2025\/07\/ZT-\u7d20\u7f8e\u4fdd\u9c9c\u76d2-26_\u526f\u672c-12x12.webp 12w, https:\/\/moyahousehold.com\/wp-content\/uploads\/2025\/07\/ZT-\u7d20\u7f8e\u4fdd\u9c9c\u76d2-26_\u526f\u672c-285x285.webp 285w, https:\/\/moyahousehold.com\/wp-content\/uploads\/2025\/07\/ZT-\u7d20\u7f8e\u4fdd\u9c9c\u76d2-26_\u526f\u672c-1600x1600.webp 1600w, https:\/\/moyahousehold.com\/wp-content\/uploads\/2025\/07\/ZT-\u7d20\u7f8e\u4fdd\u9c9c\u76d2-26_\u526f\u672c-270x270.webp 270w, https:\/\/moyahousehold.com\/wp-content\/uploads\/2025\/07\/ZT-\u7d20\u7f8e\u4fdd\u9c9c\u76d2-26_\u526f\u672c-540x540.webp 540w, https:\/\/moyahousehold.com\/wp-content\/uploads\/2025\/07\/ZT-\u7d20\u7f8e\u4fdd\u9c9c\u76d2-26_\u526f\u672c-660x660.webp 660w\" sizes=\"(max-width: 4037px) 100vw, 4037px\" \/><\/figure>\n<\/div>\n\n\n\n<div class=\"wp-block-column is-layout-flow wp-block-column-is-layout-flow\">\n<figure class=\"wp-block-image size-full\"><img loading=\"lazy\" decoding=\"async\" width=\"3807\" height=\"3807\" src=\"https:\/\/moyahousehold.com\/wp-content\/uploads\/2025\/07\/ZT-\u7d20\u7f8e\u4fdd\u9c9c\u76d2-9_\u526f\u672c.webp\" alt=\"Caja de acero inoxidable para alimentos con tapa transparente\" class=\"wp-image-11359\" srcset=\"https:\/\/moyahousehold.com\/wp-content\/uploads\/2025\/07\/ZT-\u7d20\u7f8e\u4fdd\u9c9c\u76d2-9_\u526f\u672c.webp 3807w, https:\/\/moyahousehold.com\/wp-content\/uploads\/2025\/07\/ZT-\u7d20\u7f8e\u4fdd\u9c9c\u76d2-9_\u526f\u672c-300x300.webp 300w, https:\/\/moyahousehold.com\/wp-content\/uploads\/2025\/07\/ZT-\u7d20\u7f8e\u4fdd\u9c9c\u76d2-9_\u526f\u672c-150x150.webp 150w, https:\/\/moyahousehold.com\/wp-content\/uploads\/2025\/07\/ZT-\u7d20\u7f8e\u4fdd\u9c9c\u76d2-9_\u526f\u672c-768x768.webp 768w, https:\/\/moyahousehold.com\/wp-content\/uploads\/2025\/07\/ZT-\u7d20\u7f8e\u4fdd\u9c9c\u76d2-9_\u526f\u672c-12x12.webp 12w, https:\/\/moyahousehold.com\/wp-content\/uploads\/2025\/07\/ZT-\u7d20\u7f8e\u4fdd\u9c9c\u76d2-9_\u526f\u672c-285x285.webp 285w, https:\/\/moyahousehold.com\/wp-content\/uploads\/2025\/07\/ZT-\u7d20\u7f8e\u4fdd\u9c9c\u76d2-9_\u526f\u672c-1600x1600.webp 1600w, https:\/\/moyahousehold.com\/wp-content\/uploads\/2025\/07\/ZT-\u7d20\u7f8e\u4fdd\u9c9c\u76d2-9_\u526f\u672c-270x270.webp 270w, https:\/\/moyahousehold.com\/wp-content\/uploads\/2025\/07\/ZT-\u7d20\u7f8e\u4fdd\u9c9c\u76d2-9_\u526f\u672c-540x540.webp 540w, https:\/\/moyahousehold.com\/wp-content\/uploads\/2025\/07\/ZT-\u7d20\u7f8e\u4fdd\u9c9c\u76d2-9_\u526f\u672c-660x660.webp 660w\" sizes=\"(max-width: 3807px) 100vw, 3807px\" \/><\/figure>\n<\/div>\n<\/div>\n\n\n\n<p><\/p>","protected":false},"excerpt":{"rendered":"<h1 class=\"header-vfC6AV auto-hide-last-sibling-br\">Mayorista Aceitera de Acero Inoxidable con Tapa Transparente: Duradero, Visible y Pr\u00e1ctico<\/h1>\n<h2 class=\"header-vfC6AV auto-hide-last-sibling-br\">Principales ventajas<\/h2>\n<ul class=\"auto-hide-last-sibling-br\">\n<li><strong>Acero inoxidable de calidad alimentaria<\/strong>: Fabricado en acero inoxidable de calidad alimentaria. No t\u00f3xico, resistente a la corrosi\u00f3n y f\u00e1cil de limpiar. Seguro para el contacto directo con aceite y alimentos, garantizando la salud.<\/li>\n<li><strong>Dise\u00f1o de tapa transparente<\/strong>: Equipado con una tapa transparente resistente a la rotura. Permite una f\u00e1cil visibilidad de los niveles de aceite, conveniente para comprobar y rellenar. Tambi\u00e9n ayuda a mantener el polvo fuera, manteniendo la limpieza del aceite.<\/li>\n<li><strong>Asa y ca\u00f1o ergon\u00f3micos<\/strong>: Mango ergon\u00f3mico para un agarre c\u00f3modo. La boquilla de precisi\u00f3n permite un vertido controlado y sin goteos, reduciendo la suciedad durante el uso.<\/li>\n<li><strong>Aplicaci\u00f3n vers\u00e1til<\/strong>: Adecuado para varios aceites de cocina como aceite de oliva, aceite vegetal. Ideal para cocinas dom\u00e9sticas, restaurantes o servicios de catering. Perfecto para las tareas diarias de cocinar, fre\u00edr y hornear.<\/li>\n<li><strong>Ventajas de la compra al por mayor<\/strong>: Atractivos precios al por mayor para minoristas, restaurantes y compradores al por mayor. Los pedidos m\u00e1s grandes disfrutan de m\u00e1s descuentos, con una cooperaci\u00f3n flexible para reducir los costes de adquisici\u00f3n.<\/li>\n<\/ul>","protected":false},"featured_media":11354,"comment_status":"closed","ping_status":"closed","template":"","meta":[],"product_cat":[57],"product_tag":[87,92],"class_list":{"0":"post-11343","1":"product","2":"type-product","3":"status-publish","4":"has-post-thumbnail","6":"product_cat-food-storage-container-wholesale","7":"product_tag-wholesale-multi-compartment-lunch-box","8":"product_tag-wholesale-rectangle-lunch-box","10":"first","11":"instock","12":"shipping-taxable","13":"product-type-simple"},"_links":{"self":[{"href":"https:\/\/moyahousehold.com\/es\/wp-json\/wp\/v2\/product\/11343","targetHints":{"allow":["GET"]}}],"collection":[{"href":"https:\/\/moyahousehold.com\/es\/wp-json\/wp\/v2\/product"}],"about":[{"href":"https:\/\/moyahousehold.com\/es\/wp-json\/wp\/v2\/types\/product"}],"replies":[{"embeddable":true,"href":"https:\/\/moyahousehold.com\/es\/wp-json\/wp\/v2\/comments?post=11343"}],"version-history":[{"count":0,"href":"https:\/\/moyahousehold.com\/es\/wp-json\/wp\/v2\/product\/11343\/revisions"}],"wp:featuredmedia":[{"embeddable":true,"href":"https:\/\/moyahousehold.com\/es\/wp-json\/wp\/v2\/media\/11354"}],"wp:attachment":[{"href":"https:\/\/moyahousehold.com\/es\/wp-json\/wp\/v2\/media?parent=11343"}],"wp:term":[{"taxonomy":"product_cat","embeddable":true,"href":"https:\/\/moyahousehold.com\/es\/wp-json\/wp\/v2\/product_cat?post=11343"},{"taxonomy":"product_tag","embeddable":true,"href":"https:\/\/moyahousehold.com\/es\/wp-json\/wp\/v2\/product_tag?post=11343"}],"curies":[{"name":"wp","href":"https:\/\/api.w.org\/{rel}","templated":true}]}}