{"id":11379,"date":"2025-07-15T06:43:23","date_gmt":"2025-07-15T06:43:23","guid":{"rendered":"https:\/\/moyahousehold.com\/?post_type=product&#038;p=11379"},"modified":"2026-04-15T01:43:13","modified_gmt":"2026-04-15T01:43:13","slug":"new-striped-bottom-stainless-steel-glass-as-lid-food-container-with-pull-ring-vent","status":"publish","type":"product","link":"https:\/\/moyahousehold.com\/es\/producto\/new-striped-bottom-stainless-steel-glass-as-lid-food-container-with-pull-ring-vent\/","title":{"rendered":"Nuevo recipiente de acero inoxidable con fondo rayado y tapa AS para alimentos con orificio de ventilaci\u00f3n Pull Ring"},"content":{"rendered":"<h3 class=\"wp-block-heading\">Parameters of Customizable Food Container<\/h3>\n\n\n\n<p><strong>Material:<\/strong> 304 + Vidrio\/Tapa AS <strong>  Color:<\/strong> Acero\/beige\/caqui<\/p>\n\n\n\n<figure class=\"wp-block-table\"><table class=\"has-fixed-layout\"><tbody><tr><td><strong>Art\u00edculo<\/strong><\/td><td><strong>Material<\/strong><\/td><td><strong>Color<\/strong><\/td><td><strong>Capacidad<\/strong><\/td><td><strong>Talla\/PCS<\/strong><\/td><td><strong>PCS\/Caja<\/strong><\/td><td><strong>N.W.\/PCS<\/strong><\/td><td><strong>G.W.\/Caso<\/strong><\/td><\/tr><tr><td>MYJD377<\/td><td rowspan=\"15\">304+Glass\/AS+PP+Silicona<\/td><td rowspan=\"15\">Beige\/caqui<\/td><td>580 ml<\/td><td>18.2*12*6.7<\/td><td>80<\/td><td>0.15<\/td><td>14.0&nbsp;<\/td><\/tr><tr><td>MYJD378<\/td><td>880 ml<\/td><td>18.2*12*9.2<\/td><td>60<\/td><td>0.19<\/td><td>13.4&nbsp;<\/td><\/tr><tr><td>MYJD379<\/td><td>1180 ml<\/td><td>18.2*12*11.6<\/td><td>50<\/td><td>0.23<\/td><td>13.5&nbsp;<\/td><\/tr><tr><td>MYJD380<\/td><td>1000 ml<\/td><td>22*15.4*6.7<\/td><td>56<\/td><td>0.23<\/td><td>14.9&nbsp;<\/td><\/tr><tr><td>MYJD381<\/td><td>1600 ml<\/td><td>22*15.4*9.2<\/td><td>40<\/td><td>0.27<\/td><td>12.8&nbsp;<\/td><\/tr><tr><td>MYJD382<\/td><td>2100 ml<\/td><td>22*15.4*11.6<\/td><td>32<\/td><td>0.34<\/td><td>12.9&nbsp;<\/td><\/tr><tr><td>MYJD383<\/td><td>1500 ml<\/td><td>25.7*19*6.7<\/td><td>48<\/td><td>0.29<\/td><td>15.9&nbsp;<\/td><\/tr><tr><td>MYJD384<\/td><td>2300 ml<\/td><td>25.7*19*9.2<\/td><td>36<\/td><td>0.34<\/td><td>14.2&nbsp;<\/td><\/tr><tr><td>MYJD385<\/td><td>3100 ml<\/td><td>25.7*19*11.6<\/td><td>24<\/td><td>0.38<\/td><td>11.1&nbsp;<\/td><\/tr><tr><td>MYJD386<\/td><td>1100 ml<\/td><td>19.2*19.2*6.7<\/td><td>60<\/td><td>0.43<\/td><td>27.8&nbsp;<\/td><\/tr><tr><td>MYJD387<\/td><td>1700 ml<\/td><td>19.2*19.2*9.2<\/td><td>36<\/td><td>0.47<\/td><td>18.9&nbsp;<\/td><\/tr><tr><td>MYJD388<\/td><td>2300 ml<\/td><td>19.2*19.2*11.6<\/td><td>24<\/td><td>0.54<\/td><td>15.0&nbsp;<\/td><\/tr><tr><td>MYJD389<\/td><td>450 ml<\/td><td>15*15*6.3<\/td><td>80<\/td><td>0.23<\/td><td>20.4&nbsp;<\/td><\/tr><tr><td>MYJD390<\/td><td>680 ml<\/td><td>15*15*8.7<\/td><td>56<\/td><td>0.25<\/td><td>16.0&nbsp;<\/td><\/tr><tr><td>MYJD391<\/td><td>900 ml<\/td><td>15*15*10.8<\/td><td>40<\/td><td>0.28<\/td><td>13.2&nbsp;<\/td><\/tr><tr><td>MYJD362<\/td><td rowspan=\"15\">304+Glass\/AS+PP+Silicona<\/td><td rowspan=\"15\">Acero+Verde\/Marr\u00f3n<\/td><td>580 ml<\/td><td>17*10.6*5.2<\/td><td>80<\/td><td>0.15<\/td><td>14.0&nbsp;<\/td><\/tr><tr><td>MYJD363<\/td><td>880 ml<\/td><td>17*10.6*7.7<\/td><td>60<\/td><td>0.19<\/td><td>13.4&nbsp;<\/td><\/tr><tr><td>MYJD364<\/td><td>1180 ml<\/td><td>17*10.6*10.3<\/td><td>50<\/td><td>0.23<\/td><td>13.5&nbsp;<\/td><\/tr><tr><td>MYJD365<\/td><td>1000 ml<\/td><td>20.8*14.1*5.2<\/td><td>56<\/td><td>0.23<\/td><td>14.9&nbsp;<\/td><\/tr><tr><td>MYJD366<\/td><td>1600 ml<\/td><td>20.8*14.1*7.7<\/td><td>40<\/td><td>0.27<\/td><td>12.8&nbsp;<\/td><\/tr><tr><td>MYJD367<\/td><td>2100 ml<\/td><td>20.8*14.1*10.3<\/td><td>32<\/td><td>0.34<\/td><td>12.9&nbsp;<\/td><\/tr><tr><td>MYJD368<\/td><td>1500 ml<\/td><td>24.3*17.5*5.2<\/td><td>48<\/td><td>0.29<\/td><td>15.9&nbsp;<\/td><\/tr><tr><td>MYJD369<\/td><td>2300 ml<\/td><td>24.3*17.5*7.7<\/td><td>36<\/td><td>0.34<\/td><td>14.2&nbsp;<\/td><\/tr><tr><td>MYJD370<\/td><td>3100 ml<\/td><td>24.3*17.5*10.3<\/td><td>24<\/td><td>0.38<\/td><td>11.1&nbsp;<\/td><\/tr><tr><td>MYJD371<\/td><td>1100 ml<\/td><td>19.2*19.2*6.7<\/td><td>60<\/td><td>0.43<\/td><td>27.8&nbsp;<\/td><\/tr><tr><td>MYJD372<\/td><td>1700 ml<\/td><td>19.2*19.2*9.2<\/td><td>36<\/td><td>0.47<\/td><td>18.9&nbsp;<\/td><\/tr><tr><td>MYJD373<\/td><td>2300 ml<\/td><td>19.2*19.2*11.6<\/td><td>24<\/td><td>0.54<\/td><td>15.0&nbsp;<\/td><\/tr><tr><td>MYJD374<\/td><td>450 ml<\/td><td>15*6.3<\/td><td>80<\/td><td>0.23<\/td><td>20.4&nbsp;<\/td><\/tr><tr><td>MYJD375<\/td><td>680 ml<\/td><td>15*8.7<\/td><td>56<\/td><td>0.25<\/td><td>16.0&nbsp;<\/td><\/tr><tr><td>MYJD376<\/td><td>900 ml<\/td><td>15*10.8<\/td><td>40<\/td><td>0.28<\/td><td>13.2&nbsp;<\/td><\/tr><\/tbody><\/table><\/figure>\n\n\n\n<h3 class=\"wp-block-heading\">Opciones de fiambreras personalizadas<\/h3>\n\n\n\n<p><strong>Logotipo<\/strong>Personalice el logotipo de su marca en la caja bento de acero inoxidable y en el embalaje.<br><strong>Logo Options<\/strong>Logotipo impreso, logotipo grabado con l\u00e1ser, etc.<br><strong>Patr\u00f3n<\/strong>Impresi\u00f3n de motivos en productos y envases.<br><strong>Printing Technology<\/strong>Impresi\u00f3n por transferencia de agua, serigraf\u00eda, transferencia de calor, sublimaci\u00f3n, etc.<br><strong>Embalaje:<\/strong> caja de color.<br><a href=\"https:\/\/moyahousehold.com\/es\/solucion-personalizada\/\"><strong>M\u00e1s informaci\u00f3n sobre soluciones de fiambreras personalizadas.<\/strong><\/a><\/p>\n\n\n\n<div class=\"wp-block-columns is-layout-flex wp-container-core-columns-is-layout-9d6595d7 wp-block-columns-is-layout-flex\">\n<div class=\"wp-block-column is-layout-flow wp-block-column-is-layout-flow\">\n<figure class=\"wp-block-image size-full\"><img fetchpriority=\"high\" decoding=\"async\" width=\"3861\" height=\"3861\" src=\"https:\/\/moyahousehold.com\/wp-content\/uploads\/2025\/07\/New-glass-covered-food-storage-container-15.webp\" alt=\"Nuevo recipiente de cristal para alimentos\" class=\"wp-image-11398\" srcset=\"https:\/\/moyahousehold.com\/wp-content\/uploads\/2025\/07\/New-glass-covered-food-storage-container-15.webp 3861w, https:\/\/moyahousehold.com\/wp-content\/uploads\/2025\/07\/New-glass-covered-food-storage-container-15-300x300.webp 300w, https:\/\/moyahousehold.com\/wp-content\/uploads\/2025\/07\/New-glass-covered-food-storage-container-15-150x150.webp 150w, https:\/\/moyahousehold.com\/wp-content\/uploads\/2025\/07\/New-glass-covered-food-storage-container-15-768x768.webp 768w, https:\/\/moyahousehold.com\/wp-content\/uploads\/2025\/07\/New-glass-covered-food-storage-container-15-12x12.webp 12w, https:\/\/moyahousehold.com\/wp-content\/uploads\/2025\/07\/New-glass-covered-food-storage-container-15-285x285.webp 285w, https:\/\/moyahousehold.com\/wp-content\/uploads\/2025\/07\/New-glass-covered-food-storage-container-15-1600x1600.webp 1600w, https:\/\/moyahousehold.com\/wp-content\/uploads\/2025\/07\/New-glass-covered-food-storage-container-15-270x270.webp 270w, https:\/\/moyahousehold.com\/wp-content\/uploads\/2025\/07\/New-glass-covered-food-storage-container-15-540x540.webp 540w, https:\/\/moyahousehold.com\/wp-content\/uploads\/2025\/07\/New-glass-covered-food-storage-container-15-660x660.webp 660w\" sizes=\"(max-width: 3861px) 100vw, 3861px\" \/><\/figure>\n<\/div>\n\n\n\n<div class=\"wp-block-column is-layout-flow wp-block-column-is-layout-flow\">\n<figure class=\"wp-block-image size-full\"><img decoding=\"async\" width=\"3837\" height=\"3837\" src=\"https:\/\/moyahousehold.com\/wp-content\/uploads\/2025\/07\/New-glass-covered-food-storage-container-1.webp\" alt=\"Nuevo recipiente de cristal para alimentos\" class=\"wp-image-11384\" srcset=\"https:\/\/moyahousehold.com\/wp-content\/uploads\/2025\/07\/New-glass-covered-food-storage-container-1.webp 3837w, https:\/\/moyahousehold.com\/wp-content\/uploads\/2025\/07\/New-glass-covered-food-storage-container-1-300x300.webp 300w, https:\/\/moyahousehold.com\/wp-content\/uploads\/2025\/07\/New-glass-covered-food-storage-container-1-150x150.webp 150w, https:\/\/moyahousehold.com\/wp-content\/uploads\/2025\/07\/New-glass-covered-food-storage-container-1-768x768.webp 768w, https:\/\/moyahousehold.com\/wp-content\/uploads\/2025\/07\/New-glass-covered-food-storage-container-1-12x12.webp 12w, https:\/\/moyahousehold.com\/wp-content\/uploads\/2025\/07\/New-glass-covered-food-storage-container-1-285x285.webp 285w, https:\/\/moyahousehold.com\/wp-content\/uploads\/2025\/07\/New-glass-covered-food-storage-container-1-1600x1600.webp 1600w, https:\/\/moyahousehold.com\/wp-content\/uploads\/2025\/07\/New-glass-covered-food-storage-container-1-270x270.webp 270w, https:\/\/moyahousehold.com\/wp-content\/uploads\/2025\/07\/New-glass-covered-food-storage-container-1-540x540.webp 540w, https:\/\/moyahousehold.com\/wp-content\/uploads\/2025\/07\/New-glass-covered-food-storage-container-1-660x660.webp 660w\" sizes=\"(max-width: 3837px) 100vw, 3837px\" \/><\/figure>\n<\/div>\n<\/div>\n\n\n\n<div class=\"wp-block-columns is-layout-flex wp-container-core-columns-is-layout-9d6595d7 wp-block-columns-is-layout-flex\">\n<div class=\"wp-block-column is-layout-flow wp-block-column-is-layout-flow\">\n<figure class=\"wp-block-image size-full\"><img decoding=\"async\" width=\"3710\" height=\"3710\" src=\"https:\/\/moyahousehold.com\/wp-content\/uploads\/2025\/07\/New-AS-lid-food-storage-container-1.webp\" alt=\"Nuevo recipiente de cristal para alimentos\" class=\"wp-image-11380\" srcset=\"https:\/\/moyahousehold.com\/wp-content\/uploads\/2025\/07\/New-AS-lid-food-storage-container-1.webp 3710w, https:\/\/moyahousehold.com\/wp-content\/uploads\/2025\/07\/New-AS-lid-food-storage-container-1-300x300.webp 300w, https:\/\/moyahousehold.com\/wp-content\/uploads\/2025\/07\/New-AS-lid-food-storage-container-1-150x150.webp 150w, https:\/\/moyahousehold.com\/wp-content\/uploads\/2025\/07\/New-AS-lid-food-storage-container-1-768x768.webp 768w, https:\/\/moyahousehold.com\/wp-content\/uploads\/2025\/07\/New-AS-lid-food-storage-container-1-12x12.webp 12w, https:\/\/moyahousehold.com\/wp-content\/uploads\/2025\/07\/New-AS-lid-food-storage-container-1-285x285.webp 285w, https:\/\/moyahousehold.com\/wp-content\/uploads\/2025\/07\/New-AS-lid-food-storage-container-1-1600x1600.webp 1600w, https:\/\/moyahousehold.com\/wp-content\/uploads\/2025\/07\/New-AS-lid-food-storage-container-1-270x270.webp 270w, https:\/\/moyahousehold.com\/wp-content\/uploads\/2025\/07\/New-AS-lid-food-storage-container-1-540x540.webp 540w, https:\/\/moyahousehold.com\/wp-content\/uploads\/2025\/07\/New-AS-lid-food-storage-container-1-660x660.webp 660w\" sizes=\"(max-width: 3710px) 100vw, 3710px\" \/><\/figure>\n<\/div>\n\n\n\n<div class=\"wp-block-column is-layout-flow wp-block-column-is-layout-flow\">\n<figure class=\"wp-block-image size-full\"><img loading=\"lazy\" decoding=\"async\" width=\"3870\" height=\"3870\" src=\"https:\/\/moyahousehold.com\/wp-content\/uploads\/2025\/07\/New-AS-lid-food-storage-container-3.webp\" alt=\"Nuevo recipiente de cristal para alimentos\" class=\"wp-image-11382\" srcset=\"https:\/\/moyahousehold.com\/wp-content\/uploads\/2025\/07\/New-AS-lid-food-storage-container-3.webp 3870w, https:\/\/moyahousehold.com\/wp-content\/uploads\/2025\/07\/New-AS-lid-food-storage-container-3-300x300.webp 300w, https:\/\/moyahousehold.com\/wp-content\/uploads\/2025\/07\/New-AS-lid-food-storage-container-3-150x150.webp 150w, https:\/\/moyahousehold.com\/wp-content\/uploads\/2025\/07\/New-AS-lid-food-storage-container-3-768x768.webp 768w, https:\/\/moyahousehold.com\/wp-content\/uploads\/2025\/07\/New-AS-lid-food-storage-container-3-12x12.webp 12w, https:\/\/moyahousehold.com\/wp-content\/uploads\/2025\/07\/New-AS-lid-food-storage-container-3-285x285.webp 285w, https:\/\/moyahousehold.com\/wp-content\/uploads\/2025\/07\/New-AS-lid-food-storage-container-3-1600x1600.webp 1600w, https:\/\/moyahousehold.com\/wp-content\/uploads\/2025\/07\/New-AS-lid-food-storage-container-3-270x270.webp 270w, https:\/\/moyahousehold.com\/wp-content\/uploads\/2025\/07\/New-AS-lid-food-storage-container-3-540x540.webp 540w, https:\/\/moyahousehold.com\/wp-content\/uploads\/2025\/07\/New-AS-lid-food-storage-container-3-660x660.webp 660w\" sizes=\"(max-width: 3870px) 100vw, 3870px\" \/><\/figure>\n<\/div>\n<\/div>\n\n\n\n<p><\/p>","protected":false},"excerpt":{"rendered":"<h1 class=\"header-vfC6AV auto-hide-last-sibling-br\">Venta al Mayor de Recipientes de Acero Inoxidable para Conservas: Vidrio\/Tapas AS, Ventilaci\u00f3n Pull - Ring, Reci\u00e9n Llegado<\/h1>\n<h2 class=\"header-vfC6AV auto-hide-last-sibling-br\">Principales ventajas del producto<\/h2>\n<h3 class=\"header-vfC6AV auto-hide-last-sibling-br\">Material de acero inoxidable de calidad alimentaria<\/h3>\n<div class=\"auto-hide-last-sibling-br paragraph-JOTKXA paragraph-element br-paragraph-space\">Fabricado en acero inoxidable de calidad alimentaria, certificado por organismos autorizados. No t\u00f3xico, resistente a la corrosi\u00f3n y sin olores. F\u00e1cil de limpiar, seguro para el contacto directo con alimentos, protegiendo la salud diet\u00e9tica.<\/div>\n<h3 class=\"header-vfC6AV auto-hide-last-sibling-br\">Tapa de vidrio\/AS con rejilla de ventilaci\u00f3n<\/h3>\n<div class=\"auto-hide-last-sibling-br paragraph-JOTKXA paragraph-element br-paragraph-space\">Equipado con tapa de vidrio o AS con respiradero de anillo de tracci\u00f3n. Forma un espacio herm\u00e9tico eficaz con el anillo de sellado de silicona. Bloquea el aire, la humedad, evita la mezcla de olores y el deterioro, prolonga la frescura. Funciona bien para refrigeraci\u00f3n y almacenamiento a temperatura ambiente.<\/div>\n<h3 class=\"header-vfC6AV auto-hide-last-sibling-br\">Rayas - Dise\u00f1o inferior<\/h3>\n<div class=\"auto-hide-last-sibling-br paragraph-JOTKXA paragraph-element br-paragraph-space\">El exclusivo fondo rayado a\u00f1ade est\u00e9tica y funci\u00f3n antideslizante. Mejora la textura del producto, adecuado para diversos escenarios.<\/div>\n<h3 class=\"header-vfC6AV auto-hide-last-sibling-br\">Diversos tama\u00f1os y especificaciones<\/h3>\n<div class=\"auto-hide-last-sibling-br paragraph-JOTKXA paragraph-element br-paragraph-space\">Ofrece una amplia gama de tama\u00f1os, desde mini para salsas y aperitivos hasta grandes para comidas familiares. Se adapta a diferentes necesidades de almacenamiento.<\/div>\n<h3 class=\"header-vfC6AV auto-hide-last-sibling-br\">Servicios de personalizaci\u00f3n<\/h3>\n<div class=\"auto-hide-last-sibling-br paragraph-JOTKXA paragraph-element br-paragraph-space\">Admite OEM y ODM: personalice los patrones de la tapa (vidrio\/AS), los colores del envase y los logotipos. Ideal para uso personal, regalos de empresa, creaci\u00f3n de productos exclusivos.<\/div>\n<h3 class=\"header-vfC6AV auto-hide-last-sibling-br\">Descuentos por compras al por mayor<\/h3>\n<div class=\"auto-hide-last-sibling-br paragraph-JOTKXA paragraph-element br-paragraph-space\">Precios atractivos para mayoristas, minoristas y empresas. A mayores pedidos, mayores descuentos. Los modelos flexibles reducen los costes de adquisici\u00f3n.<\/div>","protected":false},"featured_media":11390,"comment_status":"closed","ping_status":"closed","template":"","meta":[],"product_cat":[57],"product_tag":[87,92],"class_list":{"0":"post-11379","1":"product","2":"type-product","3":"status-publish","4":"has-post-thumbnail","6":"product_cat-food-storage-container-wholesale","7":"product_tag-wholesale-multi-compartment-lunch-box","8":"product_tag-wholesale-rectangle-lunch-box","10":"first","11":"instock","12":"shipping-taxable","13":"product-type-simple"},"_links":{"self":[{"href":"https:\/\/moyahousehold.com\/es\/wp-json\/wp\/v2\/product\/11379","targetHints":{"allow":["GET"]}}],"collection":[{"href":"https:\/\/moyahousehold.com\/es\/wp-json\/wp\/v2\/product"}],"about":[{"href":"https:\/\/moyahousehold.com\/es\/wp-json\/wp\/v2\/types\/product"}],"replies":[{"embeddable":true,"href":"https:\/\/moyahousehold.com\/es\/wp-json\/wp\/v2\/comments?post=11379"}],"version-history":[{"count":2,"href":"https:\/\/moyahousehold.com\/es\/wp-json\/wp\/v2\/product\/11379\/revisions"}],"predecessor-version":[{"id":13129,"href":"https:\/\/moyahousehold.com\/es\/wp-json\/wp\/v2\/product\/11379\/revisions\/13129"}],"wp:featuredmedia":[{"embeddable":true,"href":"https:\/\/moyahousehold.com\/es\/wp-json\/wp\/v2\/media\/11390"}],"wp:attachment":[{"href":"https:\/\/moyahousehold.com\/es\/wp-json\/wp\/v2\/media?parent=11379"}],"wp:term":[{"taxonomy":"product_cat","embeddable":true,"href":"https:\/\/moyahousehold.com\/es\/wp-json\/wp\/v2\/product_cat?post=11379"},{"taxonomy":"product_tag","embeddable":true,"href":"https:\/\/moyahousehold.com\/es\/wp-json\/wp\/v2\/product_tag?post=11379"}],"curies":[{"name":"wp","href":"https:\/\/api.w.org\/{rel}","templated":true}]}}