{"id":11446,"date":"2025-07-15T08:00:25","date_gmt":"2025-07-15T08:00:25","guid":{"rendered":"https:\/\/moyahousehold.com\/?post_type=product&#038;p=11446"},"modified":"2025-07-15T08:12:43","modified_gmt":"2025-07-15T08:12:43","slug":"leakproof-glass-lid-compartmental-stainless-steel-lunch-box-dishwasher-safe","status":"publish","type":"product","link":"https:\/\/moyahousehold.com\/es\/producto\/leakproof-glass-lid-compartmental-stainless-steel-lunch-box-dishwasher-safe\/","title":{"rendered":"Fiambrera de acero inoxidable con tapa de cristal herm\u00e9tica apta para lavavajillas"},"content":{"rendered":"<h2 class=\"wp-block-heading\">Par\u00e1metros de la fiambrera infantil de varios compartimentos para el colegio<\/h2>\n\n\n\n<p><strong>material:<\/strong> 304 + PP+vidrio <strong> color:<\/strong> Beige, caqui<\/p>\n\n\n\n<figure class=\"wp-block-table\"><table class=\"has-fixed-layout\"><tbody><tr><td>Art\u00edculo<\/td><td>Material<\/td><td>Color<\/td><td>Capacidad<\/td><td>Talla\/PCS<\/td><td>PCS\/Caja<\/td><td>N.W.\/PCS<\/td><td>G.W.\/Caso<\/td><\/tr><tr><td>MYJD415<\/td><td rowspan=\"2\">304+Vidrio+Silicona+PP<\/td><td rowspan=\"2\">Beige\/caqui<\/td><td>2 rejillas<\/td><td>19*11.7*6<\/td><td>80<\/td><td>0.42<\/td><td>35.6<\/td><\/tr><tr><td>MYJD416<\/td><td>3 rejillas<\/td><td>23.5*19.1*6<\/td><td>48<\/td><td>0.85<\/td><td>42.8<\/td><\/tr><\/tbody><\/table><\/figure>\n\n\n\n<h3 class=\"wp-block-heading\">Opciones de fiambreras personalizadas<\/h3>\n\n\n\n<p><strong>Logotipo<\/strong>Personalice el logotipo de su marca en la caja bento de acero inoxidable y en el embalaje.<br><strong>Opciones de logotipo<\/strong>Logotipo impreso, logotipo grabado con l\u00e1ser, etc.<br><strong>Patr\u00f3n<\/strong>Impresi\u00f3n de motivos en productos y envases.<br><strong>Tecnolog\u00eda de impresi\u00f3n<\/strong>Impresi\u00f3n por transferencia de agua, serigraf\u00eda, transferencia de calor, sublimaci\u00f3n, etc.<br><strong>Embalaje:<\/strong>caja de color.<br><a href=\"https:\/\/moyahousehold.com\/es\/solucion-personalizada\/\"><strong>M\u00e1s informaci\u00f3n sobre soluciones de fiambreras personalizadas.<\/strong><\/a><\/p>\n\n\n\n<div class=\"wp-block-columns is-layout-flex wp-container-core-columns-is-layout-9d6595d7 wp-block-columns-is-layout-flex\">\n<div class=\"wp-block-column is-layout-flow wp-block-column-is-layout-flow\">\n<figure class=\"wp-block-image size-full\"><img fetchpriority=\"high\" decoding=\"async\" width=\"3945\" height=\"3945\" src=\"https:\/\/moyahousehold.com\/wp-content\/uploads\/2025\/07\/Stainless-steel-glass-lid-compartments-lunch-box-2.webp\" alt=\"Fiambrera con compartimentos de acero inoxidable y tapa de cristal\" class=\"wp-image-11431\" srcset=\"https:\/\/moyahousehold.com\/wp-content\/uploads\/2025\/07\/Stainless-steel-glass-lid-compartments-lunch-box-2.webp 3945w, https:\/\/moyahousehold.com\/wp-content\/uploads\/2025\/07\/Stainless-steel-glass-lid-compartments-lunch-box-2-300x300.webp 300w, https:\/\/moyahousehold.com\/wp-content\/uploads\/2025\/07\/Stainless-steel-glass-lid-compartments-lunch-box-2-150x150.webp 150w, https:\/\/moyahousehold.com\/wp-content\/uploads\/2025\/07\/Stainless-steel-glass-lid-compartments-lunch-box-2-768x768.webp 768w, https:\/\/moyahousehold.com\/wp-content\/uploads\/2025\/07\/Stainless-steel-glass-lid-compartments-lunch-box-2-12x12.webp 12w, https:\/\/moyahousehold.com\/wp-content\/uploads\/2025\/07\/Stainless-steel-glass-lid-compartments-lunch-box-2-285x285.webp 285w, https:\/\/moyahousehold.com\/wp-content\/uploads\/2025\/07\/Stainless-steel-glass-lid-compartments-lunch-box-2-1600x1600.webp 1600w, https:\/\/moyahousehold.com\/wp-content\/uploads\/2025\/07\/Stainless-steel-glass-lid-compartments-lunch-box-2-270x270.webp 270w, https:\/\/moyahousehold.com\/wp-content\/uploads\/2025\/07\/Stainless-steel-glass-lid-compartments-lunch-box-2-540x540.webp 540w, https:\/\/moyahousehold.com\/wp-content\/uploads\/2025\/07\/Stainless-steel-glass-lid-compartments-lunch-box-2-660x660.webp 660w\" sizes=\"(max-width: 3945px) 100vw, 3945px\" \/><\/figure>\n<\/div>\n\n\n\n<div class=\"wp-block-column is-layout-flow wp-block-column-is-layout-flow\">\n<figure class=\"wp-block-image size-full\"><img decoding=\"async\" width=\"4005\" height=\"4005\" src=\"https:\/\/moyahousehold.com\/wp-content\/uploads\/2025\/07\/Stainless-steel-glass-lid-compartments-lunch-box-3.webp\" alt=\"Fiambrera con compartimentos de acero inoxidable y tapa de cristal\" class=\"wp-image-11432\" srcset=\"https:\/\/moyahousehold.com\/wp-content\/uploads\/2025\/07\/Stainless-steel-glass-lid-compartments-lunch-box-3.webp 4005w, https:\/\/moyahousehold.com\/wp-content\/uploads\/2025\/07\/Stainless-steel-glass-lid-compartments-lunch-box-3-300x300.webp 300w, https:\/\/moyahousehold.com\/wp-content\/uploads\/2025\/07\/Stainless-steel-glass-lid-compartments-lunch-box-3-150x150.webp 150w, https:\/\/moyahousehold.com\/wp-content\/uploads\/2025\/07\/Stainless-steel-glass-lid-compartments-lunch-box-3-768x768.webp 768w, https:\/\/moyahousehold.com\/wp-content\/uploads\/2025\/07\/Stainless-steel-glass-lid-compartments-lunch-box-3-12x12.webp 12w, https:\/\/moyahousehold.com\/wp-content\/uploads\/2025\/07\/Stainless-steel-glass-lid-compartments-lunch-box-3-285x285.webp 285w, https:\/\/moyahousehold.com\/wp-content\/uploads\/2025\/07\/Stainless-steel-glass-lid-compartments-lunch-box-3-1600x1600.webp 1600w, https:\/\/moyahousehold.com\/wp-content\/uploads\/2025\/07\/Stainless-steel-glass-lid-compartments-lunch-box-3-270x270.webp 270w, https:\/\/moyahousehold.com\/wp-content\/uploads\/2025\/07\/Stainless-steel-glass-lid-compartments-lunch-box-3-540x540.webp 540w, https:\/\/moyahousehold.com\/wp-content\/uploads\/2025\/07\/Stainless-steel-glass-lid-compartments-lunch-box-3-660x660.webp 660w\" sizes=\"(max-width: 4005px) 100vw, 4005px\" \/><\/figure>\n<\/div>\n<\/div>\n\n\n\n<div class=\"wp-block-columns is-layout-flex wp-container-core-columns-is-layout-9d6595d7 wp-block-columns-is-layout-flex\">\n<div class=\"wp-block-column is-layout-flow wp-block-column-is-layout-flow\">\n<figure class=\"wp-block-image size-full\"><img decoding=\"async\" width=\"4052\" height=\"4052\" src=\"https:\/\/moyahousehold.com\/wp-content\/uploads\/2025\/07\/Stainless-steel-glass-lid-compartments-lunch-box-4.webp\" alt=\"Fiambrera con compartimentos de acero inoxidable y tapa de cristal\" class=\"wp-image-11433\" srcset=\"https:\/\/moyahousehold.com\/wp-content\/uploads\/2025\/07\/Stainless-steel-glass-lid-compartments-lunch-box-4.webp 4052w, https:\/\/moyahousehold.com\/wp-content\/uploads\/2025\/07\/Stainless-steel-glass-lid-compartments-lunch-box-4-300x300.webp 300w, https:\/\/moyahousehold.com\/wp-content\/uploads\/2025\/07\/Stainless-steel-glass-lid-compartments-lunch-box-4-150x150.webp 150w, https:\/\/moyahousehold.com\/wp-content\/uploads\/2025\/07\/Stainless-steel-glass-lid-compartments-lunch-box-4-768x768.webp 768w, https:\/\/moyahousehold.com\/wp-content\/uploads\/2025\/07\/Stainless-steel-glass-lid-compartments-lunch-box-4-12x12.webp 12w, https:\/\/moyahousehold.com\/wp-content\/uploads\/2025\/07\/Stainless-steel-glass-lid-compartments-lunch-box-4-285x285.webp 285w, https:\/\/moyahousehold.com\/wp-content\/uploads\/2025\/07\/Stainless-steel-glass-lid-compartments-lunch-box-4-1600x1600.webp 1600w, https:\/\/moyahousehold.com\/wp-content\/uploads\/2025\/07\/Stainless-steel-glass-lid-compartments-lunch-box-4-270x270.webp 270w, https:\/\/moyahousehold.com\/wp-content\/uploads\/2025\/07\/Stainless-steel-glass-lid-compartments-lunch-box-4-540x540.webp 540w, https:\/\/moyahousehold.com\/wp-content\/uploads\/2025\/07\/Stainless-steel-glass-lid-compartments-lunch-box-4-660x660.webp 660w\" sizes=\"(max-width: 4052px) 100vw, 4052px\" \/><\/figure>\n<\/div>\n\n\n\n<div class=\"wp-block-column is-layout-flow wp-block-column-is-layout-flow\">\n<figure class=\"wp-block-image size-full\"><img loading=\"lazy\" decoding=\"async\" width=\"3981\" height=\"3981\" src=\"https:\/\/moyahousehold.com\/wp-content\/uploads\/2025\/07\/Stainless-steel-glass-lid-compartments-lunch-box-1.webp\" alt=\"Fiambrera con compartimentos de acero inoxidable y tapa de cristal\" class=\"wp-image-11430\" srcset=\"https:\/\/moyahousehold.com\/wp-content\/uploads\/2025\/07\/Stainless-steel-glass-lid-compartments-lunch-box-1.webp 3981w, https:\/\/moyahousehold.com\/wp-content\/uploads\/2025\/07\/Stainless-steel-glass-lid-compartments-lunch-box-1-300x300.webp 300w, https:\/\/moyahousehold.com\/wp-content\/uploads\/2025\/07\/Stainless-steel-glass-lid-compartments-lunch-box-1-150x150.webp 150w, https:\/\/moyahousehold.com\/wp-content\/uploads\/2025\/07\/Stainless-steel-glass-lid-compartments-lunch-box-1-768x768.webp 768w, https:\/\/moyahousehold.com\/wp-content\/uploads\/2025\/07\/Stainless-steel-glass-lid-compartments-lunch-box-1-12x12.webp 12w, https:\/\/moyahousehold.com\/wp-content\/uploads\/2025\/07\/Stainless-steel-glass-lid-compartments-lunch-box-1-285x285.webp 285w, https:\/\/moyahousehold.com\/wp-content\/uploads\/2025\/07\/Stainless-steel-glass-lid-compartments-lunch-box-1-1600x1600.webp 1600w, https:\/\/moyahousehold.com\/wp-content\/uploads\/2025\/07\/Stainless-steel-glass-lid-compartments-lunch-box-1-270x270.webp 270w, https:\/\/moyahousehold.com\/wp-content\/uploads\/2025\/07\/Stainless-steel-glass-lid-compartments-lunch-box-1-540x540.webp 540w, https:\/\/moyahousehold.com\/wp-content\/uploads\/2025\/07\/Stainless-steel-glass-lid-compartments-lunch-box-1-660x660.webp 660w\" sizes=\"(max-width: 3981px) 100vw, 3981px\" \/><\/figure>\n<\/div>\n<\/div>","protected":false},"excerpt":{"rendered":"<p>Mayorista Fiambreras de Acero Inoxidable con Tapa de Vidrio a Prueba de Fugas: Herm\u00e9ticas, Sin BPA, Reci\u00e9n Llegadas<br \/>\nPrincipales ventajas del producto<br \/>\nMaterial de acero inoxidable de calidad alimentaria<br \/>\nFabricado en acero inoxidable de calidad alimentaria, certificado por organismos autorizados. No t\u00f3xico, resistente a la corrosi\u00f3n y sin olores. F\u00e1cil de limpiar, seguro para el contacto directo con alimentos y sin BPA, salvaguardando la salud alimentaria.<br \/>\nTapa de cristal a prueba de fugas con dise\u00f1o herm\u00e9tico<br \/>\nEquipado con una tapa de cristal y un anillo de sellado de silicona, formando un fuerte espacio herm\u00e9tico. Efectivamente a prueba de fugas, bloquea el aire y la humedad, evita la mezcla de olores y el deterioro de los alimentos, y prolonga la frescura. Funciona bien para refrigeraci\u00f3n y almacenamiento a temperatura ambiente.<br \/>\nEstructura compartimentada<br \/>\nSu exclusivo dise\u00f1o compartimentado permite guardar por separado los distintos alimentos, evitando que se mezclen los sabores. Mantiene las comidas organizadas, apto para diversas necesidades diet\u00e9ticas, ya sea para el trabajo, la escuela o picnics.<br \/>\nDiversos tama\u00f1os y especificaciones<br \/>\nOfrece una amplia gama de tama\u00f1os, desde el peque\u00f1o para comidas de una sola persona hasta el grande para uso familiar. Se adapta a diferentes situaciones de almacenamiento de alimentos y satisface diversas necesidades de uso.<br \/>\nServicios de personalizaci\u00f3n<br \/>\nAdmite personalizaci\u00f3n OEM y ODM: dise\u00f1o de compartimentos a medida, colores de envases, logotipos de marca, etc. Perfectos para uso personalizado, regalos de empresa o art\u00edculos promocionales, crean productos exclusivos acordes con la imagen de marca.<br \/>\nDescuentos por compras al por mayor<br \/>\nOfrece precios atractivos para mayoristas, minoristas y clientes corporativos. Los pedidos m\u00e1s grandes implican mayores descuentos, con modelos de cooperaci\u00f3n flexibles para reducir los costes de adquisici\u00f3n.<\/p>","protected":false},"featured_media":11435,"comment_status":"closed","ping_status":"closed","template":"","meta":[],"product_cat":[58],"product_tag":[87,92],"class_list":{"0":"post-11446","1":"product","2":"type-product","3":"status-publish","4":"has-post-thumbnail","6":"product_cat-lunch-box-wholesale","7":"product_tag-wholesale-multi-compartment-lunch-box","8":"product_tag-wholesale-rectangle-lunch-box","10":"first","11":"instock","12":"shipping-taxable","13":"product-type-simple"},"_links":{"self":[{"href":"https:\/\/moyahousehold.com\/es\/wp-json\/wp\/v2\/product\/11446","targetHints":{"allow":["GET"]}}],"collection":[{"href":"https:\/\/moyahousehold.com\/es\/wp-json\/wp\/v2\/product"}],"about":[{"href":"https:\/\/moyahousehold.com\/es\/wp-json\/wp\/v2\/types\/product"}],"replies":[{"embeddable":true,"href":"https:\/\/moyahousehold.com\/es\/wp-json\/wp\/v2\/comments?post=11446"}],"version-history":[{"count":0,"href":"https:\/\/moyahousehold.com\/es\/wp-json\/wp\/v2\/product\/11446\/revisions"}],"wp:featuredmedia":[{"embeddable":true,"href":"https:\/\/moyahousehold.com\/es\/wp-json\/wp\/v2\/media\/11435"}],"wp:attachment":[{"href":"https:\/\/moyahousehold.com\/es\/wp-json\/wp\/v2\/media?parent=11446"}],"wp:term":[{"taxonomy":"product_cat","embeddable":true,"href":"https:\/\/moyahousehold.com\/es\/wp-json\/wp\/v2\/product_cat?post=11446"},{"taxonomy":"product_tag","embeddable":true,"href":"https:\/\/moyahousehold.com\/es\/wp-json\/wp\/v2\/product_tag?post=11446"}],"curies":[{"name":"wp","href":"https:\/\/api.w.org\/{rel}","templated":true}]}}