{"id":11453,"date":"2025-07-15T08:48:34","date_gmt":"2025-07-15T08:48:34","guid":{"rendered":"https:\/\/moyahousehold.com\/?post_type=product&#038;p=11453"},"modified":"2026-04-15T01:53:24","modified_gmt":"2026-04-15T01:53:24","slug":"new-section-stainless-steel-lunch-container-stackable-easy-clean-fresh-keeping-design","status":"publish","type":"product","link":"https:\/\/moyahousehold.com\/es\/producto\/new-section-stainless-steel-lunch-container-stackable-easy-clean-fresh-keeping-design\/","title":{"rendered":"Nueva secci\u00f3n de acero inoxidable Lunch Container: Apilable, F\u00e1cil de Limpiar, Dise\u00f1o que Conserva la Frescura"},"content":{"rendered":"<h3 class=\"wp-block-heading\">Parameters Of Multi Compartment Kids&#8217; Lunch Box<\/h3>\n\n\n\n<p><strong>Material:<\/strong> 304 + PP  <strong> Color:<\/strong> Beige\/caqui\/azul\/marr\u00f3n<\/p>\n\n\n\n<figure class=\"wp-block-table\"><table class=\"has-fixed-layout\"><tbody><tr><td><strong>Art\u00edculo<\/strong><\/td><td><strong>Material<\/strong><\/td><td><strong>Color<\/strong><\/td><td><strong>Capacidad<\/strong><\/td><td><strong>Talla\/PCS<\/strong><\/td><td><strong>PCS\/Caja<\/strong><\/td><td><strong>N.W.\/PCS<\/strong><\/td><td><strong>G.W.\/Caso<\/strong><\/td><\/tr><tr><td>MYSK034<\/td><td>304+PP+<br>Silicona<\/td><td>Beige\/Khaki\/<br>Blue\/Brown<\/td><td>2000 ml<br>4 rejillas\/5 rejillas<\/td><td>30*23*8<\/td><td>24<\/td><td>0.81&nbsp;<\/td><td>24.37&nbsp;<\/td><\/tr><\/tbody><\/table><\/figure>\n\n\n\n<h3 class=\"wp-block-heading\">Opciones de fiambreras personalizadas<\/h3>\n\n\n\n<p><strong>Logotipo<\/strong>Personalice el logotipo de su marca en la caja bento de acero inoxidable y en el embalaje.<br><strong>Logo Options<\/strong>Logotipo impreso, logotipo grabado con l\u00e1ser, etc.<br><strong>Patr\u00f3n<\/strong>Impresi\u00f3n de motivos en productos y envases.<br><strong>Printing Technology<\/strong>Impresi\u00f3n por transferencia de agua, serigraf\u00eda, transferencia de calor, sublimaci\u00f3n, etc.<br><strong>Embalaje:<\/strong> caja de color.<br><a href=\"https:\/\/moyahousehold.com\/es\/solucion-personalizada\/\"><strong>M\u00e1s informaci\u00f3n sobre soluciones de fiambreras personalizadas.<\/strong><\/a><\/p>\n\n\n\n<div class=\"wp-block-columns is-layout-flex wp-container-core-columns-is-layout-9d6595d7 wp-block-columns-is-layout-flex\">\n<div class=\"wp-block-column is-layout-flow wp-block-column-is-layout-flow\">\n<figure class=\"wp-block-image size-full\"><img fetchpriority=\"high\" decoding=\"async\" width=\"3976\" height=\"3976\" src=\"https:\/\/moyahousehold.com\/wp-content\/uploads\/2025\/07\/Stainless-steel-lunch-box-with-compartments-6.webp\" alt=\"Fiambrera de acero inoxidable con compartimentos\" class=\"wp-image-11522\" srcset=\"https:\/\/moyahousehold.com\/wp-content\/uploads\/2025\/07\/Stainless-steel-lunch-box-with-compartments-6.webp 3976w, https:\/\/moyahousehold.com\/wp-content\/uploads\/2025\/07\/Stainless-steel-lunch-box-with-compartments-6-300x300.webp 300w, https:\/\/moyahousehold.com\/wp-content\/uploads\/2025\/07\/Stainless-steel-lunch-box-with-compartments-6-150x150.webp 150w, https:\/\/moyahousehold.com\/wp-content\/uploads\/2025\/07\/Stainless-steel-lunch-box-with-compartments-6-768x768.webp 768w, https:\/\/moyahousehold.com\/wp-content\/uploads\/2025\/07\/Stainless-steel-lunch-box-with-compartments-6-12x12.webp 12w, https:\/\/moyahousehold.com\/wp-content\/uploads\/2025\/07\/Stainless-steel-lunch-box-with-compartments-6-285x285.webp 285w, https:\/\/moyahousehold.com\/wp-content\/uploads\/2025\/07\/Stainless-steel-lunch-box-with-compartments-6-1600x1600.webp 1600w, https:\/\/moyahousehold.com\/wp-content\/uploads\/2025\/07\/Stainless-steel-lunch-box-with-compartments-6-270x270.webp 270w, https:\/\/moyahousehold.com\/wp-content\/uploads\/2025\/07\/Stainless-steel-lunch-box-with-compartments-6-540x540.webp 540w, https:\/\/moyahousehold.com\/wp-content\/uploads\/2025\/07\/Stainless-steel-lunch-box-with-compartments-6-660x660.webp 660w\" sizes=\"(max-width: 3976px) 100vw, 3976px\" \/><\/figure>\n<\/div>\n\n\n\n<div class=\"wp-block-column is-layout-flow wp-block-column-is-layout-flow\">\n<figure class=\"wp-block-image size-full\"><img decoding=\"async\" width=\"4160\" height=\"4160\" src=\"https:\/\/moyahousehold.com\/wp-content\/uploads\/2025\/07\/Stainless-steel-lunch-box-with-compartments-7.webp\" alt=\"Fiambrera de acero inoxidable con compartimentos\" class=\"wp-image-11523\" srcset=\"https:\/\/moyahousehold.com\/wp-content\/uploads\/2025\/07\/Stainless-steel-lunch-box-with-compartments-7.webp 4160w, https:\/\/moyahousehold.com\/wp-content\/uploads\/2025\/07\/Stainless-steel-lunch-box-with-compartments-7-300x300.webp 300w, https:\/\/moyahousehold.com\/wp-content\/uploads\/2025\/07\/Stainless-steel-lunch-box-with-compartments-7-150x150.webp 150w, https:\/\/moyahousehold.com\/wp-content\/uploads\/2025\/07\/Stainless-steel-lunch-box-with-compartments-7-768x768.webp 768w, https:\/\/moyahousehold.com\/wp-content\/uploads\/2025\/07\/Stainless-steel-lunch-box-with-compartments-7-12x12.webp 12w, https:\/\/moyahousehold.com\/wp-content\/uploads\/2025\/07\/Stainless-steel-lunch-box-with-compartments-7-285x285.webp 285w, https:\/\/moyahousehold.com\/wp-content\/uploads\/2025\/07\/Stainless-steel-lunch-box-with-compartments-7-1600x1600.webp 1600w, https:\/\/moyahousehold.com\/wp-content\/uploads\/2025\/07\/Stainless-steel-lunch-box-with-compartments-7-270x270.webp 270w, https:\/\/moyahousehold.com\/wp-content\/uploads\/2025\/07\/Stainless-steel-lunch-box-with-compartments-7-540x540.webp 540w, https:\/\/moyahousehold.com\/wp-content\/uploads\/2025\/07\/Stainless-steel-lunch-box-with-compartments-7-660x660.webp 660w\" sizes=\"(max-width: 4160px) 100vw, 4160px\" \/><\/figure>\n<\/div>\n<\/div>\n\n\n\n<div class=\"wp-block-columns is-layout-flex wp-container-core-columns-is-layout-9d6595d7 wp-block-columns-is-layout-flex\">\n<div class=\"wp-block-column is-layout-flow wp-block-column-is-layout-flow\">\n<figure class=\"wp-block-image size-full\"><img decoding=\"async\" width=\"3865\" height=\"3865\" src=\"https:\/\/moyahousehold.com\/wp-content\/uploads\/2025\/07\/Stainless-steel-lunch-box-with-compartments-5.webp\" alt=\"Fiambrera de acero inoxidable con compartimentos\" class=\"wp-image-11521\" srcset=\"https:\/\/moyahousehold.com\/wp-content\/uploads\/2025\/07\/Stainless-steel-lunch-box-with-compartments-5.webp 3865w, https:\/\/moyahousehold.com\/wp-content\/uploads\/2025\/07\/Stainless-steel-lunch-box-with-compartments-5-300x300.webp 300w, https:\/\/moyahousehold.com\/wp-content\/uploads\/2025\/07\/Stainless-steel-lunch-box-with-compartments-5-150x150.webp 150w, https:\/\/moyahousehold.com\/wp-content\/uploads\/2025\/07\/Stainless-steel-lunch-box-with-compartments-5-768x768.webp 768w, https:\/\/moyahousehold.com\/wp-content\/uploads\/2025\/07\/Stainless-steel-lunch-box-with-compartments-5-12x12.webp 12w, https:\/\/moyahousehold.com\/wp-content\/uploads\/2025\/07\/Stainless-steel-lunch-box-with-compartments-5-285x285.webp 285w, https:\/\/moyahousehold.com\/wp-content\/uploads\/2025\/07\/Stainless-steel-lunch-box-with-compartments-5-1600x1600.webp 1600w, https:\/\/moyahousehold.com\/wp-content\/uploads\/2025\/07\/Stainless-steel-lunch-box-with-compartments-5-270x270.webp 270w, https:\/\/moyahousehold.com\/wp-content\/uploads\/2025\/07\/Stainless-steel-lunch-box-with-compartments-5-540x540.webp 540w, https:\/\/moyahousehold.com\/wp-content\/uploads\/2025\/07\/Stainless-steel-lunch-box-with-compartments-5-660x660.webp 660w\" sizes=\"(max-width: 3865px) 100vw, 3865px\" \/><\/figure>\n<\/div>\n\n\n\n<div class=\"wp-block-column is-layout-flow wp-block-column-is-layout-flow\">\n<figure class=\"wp-block-image size-full\"><img loading=\"lazy\" decoding=\"async\" width=\"3883\" height=\"3883\" src=\"https:\/\/moyahousehold.com\/wp-content\/uploads\/2025\/07\/Stainless-steel-lunch-box-with-compartments.webp\" alt=\"Fiambrera de acero inoxidable con compartimentos\" class=\"wp-image-11524\" srcset=\"https:\/\/moyahousehold.com\/wp-content\/uploads\/2025\/07\/Stainless-steel-lunch-box-with-compartments.webp 3883w, https:\/\/moyahousehold.com\/wp-content\/uploads\/2025\/07\/Stainless-steel-lunch-box-with-compartments-300x300.webp 300w, https:\/\/moyahousehold.com\/wp-content\/uploads\/2025\/07\/Stainless-steel-lunch-box-with-compartments-150x150.webp 150w, https:\/\/moyahousehold.com\/wp-content\/uploads\/2025\/07\/Stainless-steel-lunch-box-with-compartments-768x768.webp 768w, https:\/\/moyahousehold.com\/wp-content\/uploads\/2025\/07\/Stainless-steel-lunch-box-with-compartments-12x12.webp 12w, https:\/\/moyahousehold.com\/wp-content\/uploads\/2025\/07\/Stainless-steel-lunch-box-with-compartments-285x285.webp 285w, https:\/\/moyahousehold.com\/wp-content\/uploads\/2025\/07\/Stainless-steel-lunch-box-with-compartments-1600x1600.webp 1600w, https:\/\/moyahousehold.com\/wp-content\/uploads\/2025\/07\/Stainless-steel-lunch-box-with-compartments-270x270.webp 270w, https:\/\/moyahousehold.com\/wp-content\/uploads\/2025\/07\/Stainless-steel-lunch-box-with-compartments-540x540.webp 540w, https:\/\/moyahousehold.com\/wp-content\/uploads\/2025\/07\/Stainless-steel-lunch-box-with-compartments-660x660.webp 660w\" sizes=\"(max-width: 3883px) 100vw, 3883px\" \/><\/figure>\n<\/div>\n<\/div>","protected":false},"excerpt":{"rendered":"<h2 class=\"header-vfC6AV auto-hide-last-sibling-br\">Calidad superior y dise\u00f1o pr\u00e1ctico<\/h2>\n<div class=\"auto-hide-last-sibling-br paragraph-JOTKXA paragraph-element br-paragraph-space\">Fabricada en acero inoxidable 304 apto para uso alimentario, esta caja bento presenta una estructura de varios compartimentos (disponible en opciones de 4 \u00f3 5 compartimentos) que permite clasificar f\u00e1cilmente los distintos alimentos. Ideal para estudiantes y personal de oficina, garantiza que las comidas se mantengan frescas, organizadas y sin ensuciar. Con descuentos por compras al por mayor y soporte para personalizaci\u00f3n OEM y ODM, le invitamos a colaborar para satisfacer sus necesidades espec\u00edficas.<\/div>\n<h3 class=\"header-vfC6AV auto-hide-last-sibling-br\">Caracter\u00edsticas de la fiambrera de acero inoxidable con varios compartimentos<\/h3>\n<h3 class=\"header-vfC6AV auto-hide-last-sibling-br\">1. Smart Compartment System<\/h3>\n<div class=\"auto-hide-last-sibling-br paragraph-JOTKXA paragraph-element br-paragraph-space\">4 \u00f3 5 compartimentos separados mantienen aislados platos como ensaladas, platos principales y aperitivos, evitando que se mezclen los sabores. Ayuda a controlar las porciones, por lo que es adecuado para dietas equilibradas y gesti\u00f3n nutricional. Cada compartimento tiene un tama\u00f1o adecuado para diferentes porciones de comida.<\/div>\n<h3 class=\"header-vfC6AV auto-hide-last-sibling-br\">2. Safe &amp; Certified Material<\/h3>\n<div class=\"auto-hide-last-sibling-br paragraph-JOTKXA paragraph-element br-paragraph-space\">Fabricado en acero inoxidable de calidad alimentaria 100%, sin BPA ni sustancias qu\u00edmicas nocivas. Certificado por las normas de seguridad alimentaria pertinentes, lo que garantiza el cumplimiento de los requisitos internacionales de seguridad alimentaria. Los bordes lisos evitan ara\u00f1azos durante el uso.<\/div>\n<h3 class=\"header-vfC6AV auto-hide-last-sibling-br\">3. Airtight &amp; Leak &#8211; proof Performance<\/h3>\n<div class=\"auto-hide-last-sibling-br paragraph-JOTKXA paragraph-element br-paragraph-space\">Equipado con una tapa herm\u00e9tica y un sistema de cierre fiable, mantiene fuera el aire y la humedad. El dise\u00f1o herm\u00e9tico mantiene la frescura de los alimentos durante m\u00e1s tiempo, ya sea para refrigeraci\u00f3n o para almacenamiento a temperatura ambiente. Puede evitar fugas de sopas o salsas, manteniendo limpias las bolsas.<\/div>\n<div>\u00a0<\/div>\n<h2 class=\"header-vfC6AV auto-hide-last-sibling-br\">Servicios de personalizaci\u00f3n<\/h2>\n<div class=\"auto-hide-last-sibling-br paragraph-JOTKXA paragraph-element br-paragraph-space\">Como fabricante profesional de fiambreras, ofrecemos soluciones completas de OEM y ODM:<\/div>\n<ul class=\"auto-hide-last-sibling-br\">\n<li><strong>OEM<\/strong>: Personalice los logotipos, las impresiones o el embalaje para adaptarlos a la identidad de su marca. Tambi\u00e9n puede elegir diferentes colores para la cubierta exterior para que coincida con el estilo de su marca.<\/li>\n<li><strong>ODM<\/strong>: Colaboramos en el dise\u00f1o del producto, desde la disposici\u00f3n de los compartimentos (ajustando su n\u00famero y tama\u00f1o) hasta los acabados de los materiales, para crear soluciones \u00fanicas y adaptadas al mercado. Tambi\u00e9n podemos optimizar la estructura de sellado o a\u00f1adir dise\u00f1os funcionales especiales seg\u00fan sus necesidades.<\/li>\n<\/ul>","protected":false},"featured_media":11536,"comment_status":"closed","ping_status":"closed","template":"","meta":[],"product_cat":[58],"product_tag":[87,92],"class_list":{"0":"post-11453","1":"product","2":"type-product","3":"status-publish","4":"has-post-thumbnail","6":"product_cat-lunch-box-wholesale","7":"product_tag-wholesale-multi-compartment-lunch-box","8":"product_tag-wholesale-rectangle-lunch-box","10":"first","11":"instock","12":"shipping-taxable","13":"product-type-simple"},"_links":{"self":[{"href":"https:\/\/moyahousehold.com\/es\/wp-json\/wp\/v2\/product\/11453","targetHints":{"allow":["GET"]}}],"collection":[{"href":"https:\/\/moyahousehold.com\/es\/wp-json\/wp\/v2\/product"}],"about":[{"href":"https:\/\/moyahousehold.com\/es\/wp-json\/wp\/v2\/types\/product"}],"replies":[{"embeddable":true,"href":"https:\/\/moyahousehold.com\/es\/wp-json\/wp\/v2\/comments?post=11453"}],"version-history":[{"count":3,"href":"https:\/\/moyahousehold.com\/es\/wp-json\/wp\/v2\/product\/11453\/revisions"}],"predecessor-version":[{"id":13090,"href":"https:\/\/moyahousehold.com\/es\/wp-json\/wp\/v2\/product\/11453\/revisions\/13090"}],"wp:featuredmedia":[{"embeddable":true,"href":"https:\/\/moyahousehold.com\/es\/wp-json\/wp\/v2\/media\/11536"}],"wp:attachment":[{"href":"https:\/\/moyahousehold.com\/es\/wp-json\/wp\/v2\/media?parent=11453"}],"wp:term":[{"taxonomy":"product_cat","embeddable":true,"href":"https:\/\/moyahousehold.com\/es\/wp-json\/wp\/v2\/product_cat?post=11453"},{"taxonomy":"product_tag","embeddable":true,"href":"https:\/\/moyahousehold.com\/es\/wp-json\/wp\/v2\/product_tag?post=11453"}],"curies":[{"name":"wp","href":"https:\/\/api.w.org\/{rel}","templated":true}]}}