{"id":11539,"date":"2025-07-15T09:13:31","date_gmt":"2025-07-15T09:13:31","guid":{"rendered":"https:\/\/moyahousehold.com\/?post_type=product&#038;p=11539"},"modified":"2025-07-16T01:57:40","modified_gmt":"2025-07-16T01:57:40","slug":"stainless-steel-instant-noodle-cup-airtight-lid-easy-clean-perfect-for-office-travel-meals","status":"publish","type":"product","link":"https:\/\/moyahousehold.com\/es\/producto\/stainless-steel-instant-noodle-cup-airtight-lid-easy-clean-perfect-for-office-travel-meals\/","title":{"rendered":"Taza de acero inoxidable para fideos instant\u00e1neos Tapa herm\u00e9tica, f\u00e1cil de limpiar, perfecta para comidas de oficina y viajes"},"content":{"rendered":"<p><strong>material:<\/strong> 304 + PP <strong> color:<\/strong> Beige\/caqui<\/p>\n\n\n\n<figure class=\"wp-block-table\"><table class=\"has-fixed-layout\"><tbody><tr><td>Art\u00edculo<\/td><td>Material<\/td><td>Color<\/td><td>Capacidad<\/td><td>Talla\/PCS<\/td><td>PCS\/Caja<\/td><td>N.W.\/PCS<\/td><td>G.W.\/Caso<\/td><\/tr><tr><td>MYSK049<\/td><td>304+PP<\/td><td>Beige\/caqui<\/td><td>1200 ml<\/td><td>15.5*15.5*10<\/td><td>60<\/td><td>0.23<\/td><td>18.80&nbsp;<\/td><\/tr><\/tbody><\/table><\/figure>\n\n\n\n<h3 class=\"wp-block-heading\">Opciones de fiambreras personalizadas<\/h3>\n\n\n\n<p><strong>Logotipo<\/strong>Personalice el logotipo de su marca en la caja bento de acero inoxidable y en el embalaje.<br><strong>Opciones de logotipo<\/strong>Logotipo impreso, logotipo grabado con l\u00e1ser, etc.<br><strong>Patr\u00f3n<\/strong>Impresi\u00f3n de motivos en productos y envases.<br><strong>Tecnolog\u00eda de impresi\u00f3n<\/strong>Impresi\u00f3n por transferencia de agua, serigraf\u00eda, transferencia de calor, sublimaci\u00f3n, etc.<br><strong>Embalaje:<\/strong>caja de color.<br><a href=\"https:\/\/moyahousehold.com\/es\/solucion-personalizada\/\"><strong>M\u00e1s informaci\u00f3n sobre soluciones de fiambreras personalizadas.<\/strong><\/a><\/p>\n\n\n\n<div class=\"wp-block-columns is-layout-flex wp-container-core-columns-is-layout-9d6595d7 wp-block-columns-is-layout-flex\">\n<div class=\"wp-block-column is-layout-flow wp-block-column-is-layout-flow\">\n<figure class=\"wp-block-image size-full\"><img fetchpriority=\"high\" decoding=\"async\" width=\"3516\" height=\"3516\" src=\"https:\/\/moyahousehold.com\/wp-content\/uploads\/2025\/07\/Stainless-steel-instant-noodle-bowl-2.webp\" alt=\"Bol de acero inoxidable para fideos instant\u00e1neos\" class=\"wp-image-11512\" srcset=\"https:\/\/moyahousehold.com\/wp-content\/uploads\/2025\/07\/Stainless-steel-instant-noodle-bowl-2.webp 3516w, https:\/\/moyahousehold.com\/wp-content\/uploads\/2025\/07\/Stainless-steel-instant-noodle-bowl-2-300x300.webp 300w, https:\/\/moyahousehold.com\/wp-content\/uploads\/2025\/07\/Stainless-steel-instant-noodle-bowl-2-150x150.webp 150w, https:\/\/moyahousehold.com\/wp-content\/uploads\/2025\/07\/Stainless-steel-instant-noodle-bowl-2-768x768.webp 768w, https:\/\/moyahousehold.com\/wp-content\/uploads\/2025\/07\/Stainless-steel-instant-noodle-bowl-2-12x12.webp 12w, https:\/\/moyahousehold.com\/wp-content\/uploads\/2025\/07\/Stainless-steel-instant-noodle-bowl-2-285x285.webp 285w, https:\/\/moyahousehold.com\/wp-content\/uploads\/2025\/07\/Stainless-steel-instant-noodle-bowl-2-1600x1600.webp 1600w, https:\/\/moyahousehold.com\/wp-content\/uploads\/2025\/07\/Stainless-steel-instant-noodle-bowl-2-270x270.webp 270w, https:\/\/moyahousehold.com\/wp-content\/uploads\/2025\/07\/Stainless-steel-instant-noodle-bowl-2-540x540.webp 540w, https:\/\/moyahousehold.com\/wp-content\/uploads\/2025\/07\/Stainless-steel-instant-noodle-bowl-2-660x660.webp 660w\" sizes=\"(max-width: 3516px) 100vw, 3516px\" \/><\/figure>\n<\/div>\n\n\n\n<div class=\"wp-block-column is-layout-flow wp-block-column-is-layout-flow\">\n<figure class=\"wp-block-image size-full\"><img decoding=\"async\" width=\"3132\" height=\"3132\" src=\"https:\/\/moyahousehold.com\/wp-content\/uploads\/2025\/07\/Stainless-steel-instant-noodle-bowl-1.webp\" alt=\"Bol de acero inoxidable para fideos instant\u00e1neos\" class=\"wp-image-11511\" srcset=\"https:\/\/moyahousehold.com\/wp-content\/uploads\/2025\/07\/Stainless-steel-instant-noodle-bowl-1.webp 3132w, https:\/\/moyahousehold.com\/wp-content\/uploads\/2025\/07\/Stainless-steel-instant-noodle-bowl-1-300x300.webp 300w, https:\/\/moyahousehold.com\/wp-content\/uploads\/2025\/07\/Stainless-steel-instant-noodle-bowl-1-150x150.webp 150w, https:\/\/moyahousehold.com\/wp-content\/uploads\/2025\/07\/Stainless-steel-instant-noodle-bowl-1-768x768.webp 768w, https:\/\/moyahousehold.com\/wp-content\/uploads\/2025\/07\/Stainless-steel-instant-noodle-bowl-1-12x12.webp 12w, https:\/\/moyahousehold.com\/wp-content\/uploads\/2025\/07\/Stainless-steel-instant-noodle-bowl-1-285x285.webp 285w, https:\/\/moyahousehold.com\/wp-content\/uploads\/2025\/07\/Stainless-steel-instant-noodle-bowl-1-1600x1600.webp 1600w, https:\/\/moyahousehold.com\/wp-content\/uploads\/2025\/07\/Stainless-steel-instant-noodle-bowl-1-270x270.webp 270w, https:\/\/moyahousehold.com\/wp-content\/uploads\/2025\/07\/Stainless-steel-instant-noodle-bowl-1-540x540.webp 540w, https:\/\/moyahousehold.com\/wp-content\/uploads\/2025\/07\/Stainless-steel-instant-noodle-bowl-1-660x660.webp 660w\" sizes=\"(max-width: 3132px) 100vw, 3132px\" \/><\/figure>\n<\/div>\n<\/div>\n\n\n\n<div class=\"wp-block-columns is-layout-flex wp-container-core-columns-is-layout-9d6595d7 wp-block-columns-is-layout-flex\">\n<div class=\"wp-block-column is-layout-flow wp-block-column-is-layout-flow\">\n<figure class=\"wp-block-image size-full\"><img decoding=\"async\" width=\"3648\" height=\"3648\" src=\"https:\/\/moyahousehold.com\/wp-content\/uploads\/2025\/07\/Stainless-steel-instant-noodle-bowl-3.webp\" alt=\"Bol de acero inoxidable para fideos instant\u00e1neos\" class=\"wp-image-11513\" srcset=\"https:\/\/moyahousehold.com\/wp-content\/uploads\/2025\/07\/Stainless-steel-instant-noodle-bowl-3.webp 3648w, https:\/\/moyahousehold.com\/wp-content\/uploads\/2025\/07\/Stainless-steel-instant-noodle-bowl-3-300x300.webp 300w, https:\/\/moyahousehold.com\/wp-content\/uploads\/2025\/07\/Stainless-steel-instant-noodle-bowl-3-150x150.webp 150w, https:\/\/moyahousehold.com\/wp-content\/uploads\/2025\/07\/Stainless-steel-instant-noodle-bowl-3-768x768.webp 768w, https:\/\/moyahousehold.com\/wp-content\/uploads\/2025\/07\/Stainless-steel-instant-noodle-bowl-3-12x12.webp 12w, https:\/\/moyahousehold.com\/wp-content\/uploads\/2025\/07\/Stainless-steel-instant-noodle-bowl-3-285x285.webp 285w, https:\/\/moyahousehold.com\/wp-content\/uploads\/2025\/07\/Stainless-steel-instant-noodle-bowl-3-1600x1600.webp 1600w, https:\/\/moyahousehold.com\/wp-content\/uploads\/2025\/07\/Stainless-steel-instant-noodle-bowl-3-270x270.webp 270w, https:\/\/moyahousehold.com\/wp-content\/uploads\/2025\/07\/Stainless-steel-instant-noodle-bowl-3-540x540.webp 540w, https:\/\/moyahousehold.com\/wp-content\/uploads\/2025\/07\/Stainless-steel-instant-noodle-bowl-3-660x660.webp 660w\" sizes=\"(max-width: 3648px) 100vw, 3648px\" \/><\/figure>\n<\/div>\n\n\n\n<div class=\"wp-block-column is-layout-flow wp-block-column-is-layout-flow\">\n<figure class=\"wp-block-image size-full\"><img loading=\"lazy\" decoding=\"async\" width=\"3328\" height=\"3328\" src=\"https:\/\/moyahousehold.com\/wp-content\/uploads\/2025\/07\/Stainless-steel-instant-noodle-bowl-4.webp\" alt=\"Bol de acero inoxidable para fideos instant\u00e1neos\" class=\"wp-image-11514\" srcset=\"https:\/\/moyahousehold.com\/wp-content\/uploads\/2025\/07\/Stainless-steel-instant-noodle-bowl-4.webp 3328w, https:\/\/moyahousehold.com\/wp-content\/uploads\/2025\/07\/Stainless-steel-instant-noodle-bowl-4-300x300.webp 300w, https:\/\/moyahousehold.com\/wp-content\/uploads\/2025\/07\/Stainless-steel-instant-noodle-bowl-4-150x150.webp 150w, https:\/\/moyahousehold.com\/wp-content\/uploads\/2025\/07\/Stainless-steel-instant-noodle-bowl-4-768x768.webp 768w, https:\/\/moyahousehold.com\/wp-content\/uploads\/2025\/07\/Stainless-steel-instant-noodle-bowl-4-12x12.webp 12w, https:\/\/moyahousehold.com\/wp-content\/uploads\/2025\/07\/Stainless-steel-instant-noodle-bowl-4-285x285.webp 285w, https:\/\/moyahousehold.com\/wp-content\/uploads\/2025\/07\/Stainless-steel-instant-noodle-bowl-4-1600x1600.webp 1600w, https:\/\/moyahousehold.com\/wp-content\/uploads\/2025\/07\/Stainless-steel-instant-noodle-bowl-4-270x270.webp 270w, https:\/\/moyahousehold.com\/wp-content\/uploads\/2025\/07\/Stainless-steel-instant-noodle-bowl-4-540x540.webp 540w, https:\/\/moyahousehold.com\/wp-content\/uploads\/2025\/07\/Stainless-steel-instant-noodle-bowl-4-660x660.webp 660w\" sizes=\"(max-width: 3328px) 100vw, 3328px\" \/><\/figure>\n<\/div>\n<\/div>","protected":false},"excerpt":{"rendered":"<h2 class=\"header-vfC6AV auto-hide-last-sibling-br\">Calidad superior y dise\u00f1o pr\u00e1ctico<\/h2>\n<div class=\"auto-hide-last-sibling-br paragraph-JOTKXA paragraph-element br-paragraph-space\">Fabricados en acero inoxidable 304 de calidad alimentaria, estos cuencos para fideos instant\u00e1neos presentan una estructura duradera y f\u00e1cil de usar, ideal para fideos instant\u00e1neos, sopas o comidas r\u00e1pidas. Perfectos para estudiantes, oficinistas y viajeros, garantizan una comida c\u00f3moda y sin complicaciones. Con descuentos por compras al por mayor y soporte para personalizaci\u00f3n OEM y ODM, le invitamos a cooperar para satisfacer sus necesidades espec\u00edficas.<\/div>\n<h2 class=\"header-vfC6AV auto-hide-last-sibling-br\">Caracter\u00edsticas del cuenco de acero inoxidable para fideos instant\u00e1neos<\/h2>\n<h3 class=\"header-vfC6AV auto-hide-last-sibling-br\">1. Dise\u00f1o funcional y atractivo<\/h3>\n<div class=\"auto-hide-last-sibling-br paragraph-JOTKXA paragraph-element br-paragraph-space\">Los colores vivos (rojo, azul, blanco) y las l\u00edneas elegantes a\u00f1aden un toque moderno a la hora de comer. El dise\u00f1o de boca ancha facilita remover y comer, mientras que el tama\u00f1o compacto cabe perfectamente en bolsas de almuerzo o mochilas.<\/div>\n<h3 class=\"header-vfC6AV auto-hide-last-sibling-br\">2. Estructura a prueba de fugas y que retiene el calor<\/h3>\n<div class=\"auto-hide-last-sibling-br paragraph-JOTKXA paragraph-element br-paragraph-space\">Equipado con una tapa herm\u00e9tica y un anillo de sellado de silicona, que forma un espacio herm\u00e9tico. Retiene eficazmente el calor para mantener calientes los fideos, evita que se derramen durante el transporte y evita la p\u00e9rdida de humedad, manteniendo los platos frescos y sabrosos.<\/div>\n<h3 class=\"header-vfC6AV auto-hide-last-sibling-br\">3. Material seguro y certificado<\/h3>\n<div class=\"auto-hide-last-sibling-br paragraph-JOTKXA paragraph-element br-paragraph-space\">Fabricado en acero inoxidable 304 de calidad alimentaria 100%, sin BPA ni sustancias qu\u00edmicas nocivas. Certificado por la ISO y la FDA, lo que garantiza el cumplimiento de las normas internacionales de seguridad alimentaria para el contacto directo con alimentos.<\/div>\n<h3 class=\"header-vfC6AV auto-hide-last-sibling-br\">4. Vers\u00e1til y f\u00e1cil de usar<\/h3>\n<div class=\"auto-hide-last-sibling-br paragraph-JOTKXA paragraph-element br-paragraph-space\">Adem\u00e1s de para fideos instant\u00e1neos, es adecuado para sopas, copos de avena o incluso para guardar peque\u00f1os aperitivos. La pared interior lisa evita que se pegue, por lo que la limpieza es r\u00e1pida y sin complicaciones: se puede lavar a mano o en el lavavajillas.<\/div>\n<h3 class=\"header-vfC6AV auto-hide-last-sibling-br\">5. Detalles f\u00e1ciles de usar<\/h3>\n<div class=\"auto-hide-last-sibling-br paragraph-JOTKXA paragraph-element br-paragraph-space\">Tapa dise\u00f1ada para abrirse f\u00e1cilmente, incluso con una sola mano, reduciendo la frustraci\u00f3n. Capa exterior resistente al calor que evita quemaduras, segura para su manipulaci\u00f3n cuando contiene alimentos calientes. Su construcci\u00f3n ligera evita a\u00f1adir volumen adicional a las bolsas.<\/div>\n<h2 class=\"header-vfC6AV auto-hide-last-sibling-br\">Servicios de personalizaci\u00f3n<\/h2>\n<div class=\"auto-hide-last-sibling-br paragraph-JOTKXA paragraph-element br-paragraph-space\">Como fabricante l\u00edder de utensilios de cocina, ofrecemos soluciones completas de OEM y ODM:<\/div>\n<p>&nbsp;<\/p>\n<ul class=\"auto-hide-last-sibling-br\">\n<li><strong>OEM<\/strong>: Personalice logotipos, estampados (por ejemplo, dibujos animados, esl\u00f3ganes de marca) o envases para alinearlos con su identidad de marca.<\/li>\n<li><strong>ODM<\/strong>: Colabore en el dise\u00f1o del producto, desde el ajuste de la capacidad del cuenco (500 ml-1200 ml) hasta la adici\u00f3n de caracter\u00edsticas como coladores incorporados o aislamiento de doble pared, creando cuencos para fideos instant\u00e1neos \u00fanicos y adaptados al mercado.<\/li>\n<\/ul>","protected":false},"featured_media":11516,"comment_status":"closed","ping_status":"closed","template":"","meta":[],"product_cat":[58],"product_tag":[87,92],"class_list":{"0":"post-11539","1":"product","2":"type-product","3":"status-publish","4":"has-post-thumbnail","6":"product_cat-lunch-box-wholesale","7":"product_tag-wholesale-multi-compartment-lunch-box","8":"product_tag-wholesale-rectangle-lunch-box","10":"first","11":"instock","12":"shipping-taxable","13":"product-type-simple"},"_links":{"self":[{"href":"https:\/\/moyahousehold.com\/es\/wp-json\/wp\/v2\/product\/11539","targetHints":{"allow":["GET"]}}],"collection":[{"href":"https:\/\/moyahousehold.com\/es\/wp-json\/wp\/v2\/product"}],"about":[{"href":"https:\/\/moyahousehold.com\/es\/wp-json\/wp\/v2\/types\/product"}],"replies":[{"embeddable":true,"href":"https:\/\/moyahousehold.com\/es\/wp-json\/wp\/v2\/comments?post=11539"}],"version-history":[{"count":0,"href":"https:\/\/moyahousehold.com\/es\/wp-json\/wp\/v2\/product\/11539\/revisions"}],"wp:featuredmedia":[{"embeddable":true,"href":"https:\/\/moyahousehold.com\/es\/wp-json\/wp\/v2\/media\/11516"}],"wp:attachment":[{"href":"https:\/\/moyahousehold.com\/es\/wp-json\/wp\/v2\/media?parent=11539"}],"wp:term":[{"taxonomy":"product_cat","embeddable":true,"href":"https:\/\/moyahousehold.com\/es\/wp-json\/wp\/v2\/product_cat?post=11539"},{"taxonomy":"product_tag","embeddable":true,"href":"https:\/\/moyahousehold.com\/es\/wp-json\/wp\/v2\/product_tag?post=11539"}],"curies":[{"name":"wp","href":"https:\/\/api.w.org\/{rel}","templated":true}]}}