{"id":11542,"date":"2025-07-16T02:06:46","date_gmt":"2025-07-16T02:06:46","guid":{"rendered":"https:\/\/moyahousehold.com\/?post_type=product&#038;p=11542"},"modified":"2025-07-16T03:07:24","modified_gmt":"2025-07-16T03:07:24","slug":"stainless-steel-multi-layer-lunch-container-heat-retaining-durable-fits-snacks-main-dishes","status":"publish","type":"product","link":"https:\/\/moyahousehold.com\/es\/producto\/stainless-steel-multi-layer-lunch-container-heat-retaining-durable-fits-snacks-main-dishes\/","title":{"rendered":"Fiambrera multicapa de acero inoxidable resistente al calor para aperitivos y platos principales"},"content":{"rendered":"<p><strong>material:<\/strong> 304 + PP <strong> color:<\/strong> Beige\/caqui<\/p>\n\n\n\n<figure class=\"wp-block-table\"><table class=\"has-fixed-layout\"><tbody><tr><td>Art\u00edculo<\/td><td>Material<\/td><td>Color<\/td><td>Capacidad<\/td><td>Talla\/PCS<\/td><td>PCS\/Caja<\/td><td>N.W.\/PCS<\/td><td>G.W.\/Caso<\/td><\/tr><tr><td>MYSK037<\/td><td rowspan=\"4\">304+PP+Silicona<\/td><td rowspan=\"4\">Beige\/caqui\/camel<\/td><td>1 capa-1050 ml<\/td><td>16*14.5*13<\/td><td>60<\/td><td>0.31&nbsp;<\/td><td>23.78&nbsp;<\/td><\/tr><tr><td>MYSK038<\/td><td>2 capas-1750ml<\/td><td>16*14.5*19.3<\/td><td>36<\/td><td>0.51&nbsp;<\/td><td>23.36&nbsp;<\/td><\/tr><tr><td>MYSK039<\/td><td>3 capas-2450ml<\/td><td>16*14.5*25.6<\/td><td>24<\/td><td>0.71&nbsp;<\/td><td>21.97&nbsp;<\/td><\/tr><tr><td>MYSK040<\/td><td>4 capas-3150 ml<\/td><td>16*14.5*31.9<\/td><td>24<\/td><td>0.89&nbsp;<\/td><td>26.26&nbsp;<\/td><\/tr><\/tbody><\/table><\/figure>\n\n\n\n<h3 class=\"wp-block-heading\">Opciones de fiambreras personalizadas<\/h3>\n\n\n\n<p><strong>Logotipo<\/strong>Personalice el logotipo de su marca en la caja bento de acero inoxidable y en el embalaje.<br><strong>Opciones de logotipo<\/strong>Logotipo impreso, logotipo grabado con l\u00e1ser, etc.<br><strong>Patr\u00f3n<\/strong>Impresi\u00f3n de motivos en productos y envases.<br><strong>Tecnolog\u00eda de impresi\u00f3n<\/strong>Impresi\u00f3n por transferencia de agua, serigraf\u00eda, transferencia de calor, sublimaci\u00f3n, etc.<br><strong>Embalaje:<\/strong>caja de color.<br><a href=\"https:\/\/moyahousehold.com\/es\/solucion-personalizada\/\"><strong>M\u00e1s informaci\u00f3n sobre soluciones de fiambreras personalizadas.<\/strong><\/a><\/p>\n\n\n\n<div class=\"wp-block-columns is-layout-flex wp-container-core-columns-is-layout-9d6595d7 wp-block-columns-is-layout-flex\">\n<div class=\"wp-block-column is-layout-flow wp-block-column-is-layout-flow\">\n<figure class=\"wp-block-image size-full\"><img fetchpriority=\"high\" decoding=\"async\" width=\"3320\" height=\"3320\" src=\"https:\/\/moyahousehold.com\/wp-content\/uploads\/2025\/07\/Stainless-steel-multi-layer-lunch-box-5.webp\" alt=\"Fiambrera multicapa de acero inoxidable\" class=\"wp-image-11529\" srcset=\"https:\/\/moyahousehold.com\/wp-content\/uploads\/2025\/07\/Stainless-steel-multi-layer-lunch-box-5.webp 3320w, https:\/\/moyahousehold.com\/wp-content\/uploads\/2025\/07\/Stainless-steel-multi-layer-lunch-box-5-300x300.webp 300w, https:\/\/moyahousehold.com\/wp-content\/uploads\/2025\/07\/Stainless-steel-multi-layer-lunch-box-5-150x150.webp 150w, https:\/\/moyahousehold.com\/wp-content\/uploads\/2025\/07\/Stainless-steel-multi-layer-lunch-box-5-768x768.webp 768w, https:\/\/moyahousehold.com\/wp-content\/uploads\/2025\/07\/Stainless-steel-multi-layer-lunch-box-5-12x12.webp 12w, https:\/\/moyahousehold.com\/wp-content\/uploads\/2025\/07\/Stainless-steel-multi-layer-lunch-box-5-285x285.webp 285w, https:\/\/moyahousehold.com\/wp-content\/uploads\/2025\/07\/Stainless-steel-multi-layer-lunch-box-5-1600x1600.webp 1600w, https:\/\/moyahousehold.com\/wp-content\/uploads\/2025\/07\/Stainless-steel-multi-layer-lunch-box-5-270x270.webp 270w, https:\/\/moyahousehold.com\/wp-content\/uploads\/2025\/07\/Stainless-steel-multi-layer-lunch-box-5-540x540.webp 540w, https:\/\/moyahousehold.com\/wp-content\/uploads\/2025\/07\/Stainless-steel-multi-layer-lunch-box-5-660x660.webp 660w\" sizes=\"(max-width: 3320px) 100vw, 3320px\" \/><\/figure>\n<\/div>\n\n\n\n<div class=\"wp-block-column is-layout-flow wp-block-column-is-layout-flow\">\n<figure class=\"wp-block-image size-full\"><img decoding=\"async\" width=\"3504\" height=\"3504\" src=\"https:\/\/moyahousehold.com\/wp-content\/uploads\/2025\/07\/Stainless-steel-multi-layer-lunch-box-6.webp\" alt=\"Fiambrera multicapa de acero inoxidable\" class=\"wp-image-11530\" srcset=\"https:\/\/moyahousehold.com\/wp-content\/uploads\/2025\/07\/Stainless-steel-multi-layer-lunch-box-6.webp 3504w, https:\/\/moyahousehold.com\/wp-content\/uploads\/2025\/07\/Stainless-steel-multi-layer-lunch-box-6-300x300.webp 300w, https:\/\/moyahousehold.com\/wp-content\/uploads\/2025\/07\/Stainless-steel-multi-layer-lunch-box-6-150x150.webp 150w, https:\/\/moyahousehold.com\/wp-content\/uploads\/2025\/07\/Stainless-steel-multi-layer-lunch-box-6-768x768.webp 768w, https:\/\/moyahousehold.com\/wp-content\/uploads\/2025\/07\/Stainless-steel-multi-layer-lunch-box-6-12x12.webp 12w, https:\/\/moyahousehold.com\/wp-content\/uploads\/2025\/07\/Stainless-steel-multi-layer-lunch-box-6-285x285.webp 285w, https:\/\/moyahousehold.com\/wp-content\/uploads\/2025\/07\/Stainless-steel-multi-layer-lunch-box-6-1600x1600.webp 1600w, https:\/\/moyahousehold.com\/wp-content\/uploads\/2025\/07\/Stainless-steel-multi-layer-lunch-box-6-270x270.webp 270w, https:\/\/moyahousehold.com\/wp-content\/uploads\/2025\/07\/Stainless-steel-multi-layer-lunch-box-6-540x540.webp 540w, https:\/\/moyahousehold.com\/wp-content\/uploads\/2025\/07\/Stainless-steel-multi-layer-lunch-box-6-660x660.webp 660w\" sizes=\"(max-width: 3504px) 100vw, 3504px\" \/><\/figure>\n<\/div>\n<\/div>\n\n\n\n<div class=\"wp-block-columns is-layout-flex wp-container-core-columns-is-layout-9d6595d7 wp-block-columns-is-layout-flex\">\n<div class=\"wp-block-column is-layout-flow wp-block-column-is-layout-flow\">\n<figure class=\"wp-block-image size-full\"><img decoding=\"async\" width=\"3648\" height=\"3648\" src=\"https:\/\/moyahousehold.com\/wp-content\/uploads\/2025\/07\/Stainless-steel-multi-layer-lunch-box-7.webp\" alt=\"Fiambrera multicapa de acero inoxidable\" class=\"wp-image-11531\" srcset=\"https:\/\/moyahousehold.com\/wp-content\/uploads\/2025\/07\/Stainless-steel-multi-layer-lunch-box-7.webp 3648w, https:\/\/moyahousehold.com\/wp-content\/uploads\/2025\/07\/Stainless-steel-multi-layer-lunch-box-7-300x300.webp 300w, https:\/\/moyahousehold.com\/wp-content\/uploads\/2025\/07\/Stainless-steel-multi-layer-lunch-box-7-150x150.webp 150w, https:\/\/moyahousehold.com\/wp-content\/uploads\/2025\/07\/Stainless-steel-multi-layer-lunch-box-7-768x768.webp 768w, https:\/\/moyahousehold.com\/wp-content\/uploads\/2025\/07\/Stainless-steel-multi-layer-lunch-box-7-12x12.webp 12w, https:\/\/moyahousehold.com\/wp-content\/uploads\/2025\/07\/Stainless-steel-multi-layer-lunch-box-7-285x285.webp 285w, https:\/\/moyahousehold.com\/wp-content\/uploads\/2025\/07\/Stainless-steel-multi-layer-lunch-box-7-1600x1600.webp 1600w, https:\/\/moyahousehold.com\/wp-content\/uploads\/2025\/07\/Stainless-steel-multi-layer-lunch-box-7-270x270.webp 270w, https:\/\/moyahousehold.com\/wp-content\/uploads\/2025\/07\/Stainless-steel-multi-layer-lunch-box-7-540x540.webp 540w, https:\/\/moyahousehold.com\/wp-content\/uploads\/2025\/07\/Stainless-steel-multi-layer-lunch-box-7-660x660.webp 660w\" sizes=\"(max-width: 3648px) 100vw, 3648px\" \/><\/figure>\n<\/div>\n\n\n\n<div class=\"wp-block-column is-layout-flow wp-block-column-is-layout-flow\">\n<figure class=\"wp-block-image size-full\"><img loading=\"lazy\" decoding=\"async\" width=\"3357\" height=\"3357\" src=\"https:\/\/moyahousehold.com\/wp-content\/uploads\/2025\/07\/Stainless-steel-multi-layer-lunch-box-8.webp\" alt=\"Fiambrera multicapa de acero inoxidable\" class=\"wp-image-11532\" srcset=\"https:\/\/moyahousehold.com\/wp-content\/uploads\/2025\/07\/Stainless-steel-multi-layer-lunch-box-8.webp 3357w, https:\/\/moyahousehold.com\/wp-content\/uploads\/2025\/07\/Stainless-steel-multi-layer-lunch-box-8-300x300.webp 300w, https:\/\/moyahousehold.com\/wp-content\/uploads\/2025\/07\/Stainless-steel-multi-layer-lunch-box-8-150x150.webp 150w, https:\/\/moyahousehold.com\/wp-content\/uploads\/2025\/07\/Stainless-steel-multi-layer-lunch-box-8-768x768.webp 768w, https:\/\/moyahousehold.com\/wp-content\/uploads\/2025\/07\/Stainless-steel-multi-layer-lunch-box-8-12x12.webp 12w, https:\/\/moyahousehold.com\/wp-content\/uploads\/2025\/07\/Stainless-steel-multi-layer-lunch-box-8-285x285.webp 285w, https:\/\/moyahousehold.com\/wp-content\/uploads\/2025\/07\/Stainless-steel-multi-layer-lunch-box-8-1600x1600.webp 1600w, https:\/\/moyahousehold.com\/wp-content\/uploads\/2025\/07\/Stainless-steel-multi-layer-lunch-box-8-270x270.webp 270w, https:\/\/moyahousehold.com\/wp-content\/uploads\/2025\/07\/Stainless-steel-multi-layer-lunch-box-8-540x540.webp 540w, https:\/\/moyahousehold.com\/wp-content\/uploads\/2025\/07\/Stainless-steel-multi-layer-lunch-box-8-660x660.webp 660w\" sizes=\"(max-width: 3357px) 100vw, 3357px\" \/><\/figure>\n<\/div>\n<\/div>","protected":false},"excerpt":{"rendered":"<h2 class=\"header-vfC6AV auto-hide-last-sibling-br\">Calidad superior y dise\u00f1o pr\u00e1ctico<\/h2>\n<div class=\"auto-hide-last-sibling-br paragraph-JOTKXA paragraph-element br-paragraph-space\">Fabricadas en acero inoxidable 304 apto para uso alimentario, estas fiambreras presentan una estructura multicapa (disponible en 2-4 capas) que permite almacenar por separado los distintos alimentos. Ideales para estudiantes, personal de oficina y viajeros, garantizan que las comidas se mantengan frescas, organizadas y sin ensuciar. Gracias a los descuentos por compra al por mayor y a la posibilidad de personalizaci\u00f3n OEM y ODM, le invitamos a colaborar con nosotros para satisfacer sus necesidades espec\u00edficas.<\/div>\n<h2 class=\"header-vfC6AV auto-hide-last-sibling-br\">Caracter\u00edsticas de la fiambrera multicapa de acero inoxidable<\/h2>\n<h3 class=\"header-vfC6AV auto-hide-last-sibling-br\">1. Dise\u00f1o elegante y funcional<\/h3>\n<div class=\"auto-hide-last-sibling-br paragraph-JOTKXA paragraph-element br-paragraph-space\">Los elegantes acabados met\u00e1licos o los colores personalizables (por ejemplo, negro mate, crema) combinan con diversas est\u00e9ticas. El dise\u00f1o apilable ahorra espacio en el armario, mientras que el asa superior reforzada facilita su transporte: lo suficientemente compacta como para caber en mochilas o bolsas de trabajo sin abultar.<\/div>\n<h3 class=\"header-vfC6AV auto-hide-last-sibling-br\">2. Sistema multicapa inteligente<\/h3>\n<div class=\"auto-hide-last-sibling-br paragraph-JOTKXA paragraph-element br-paragraph-space\">De 2 a 4 capas independientes mantienen las sopas, los platos principales, las guarniciones y los aperitivos totalmente separados, evitando que se mezclen los sabores o se ensucien. Cada capa tiene una capacidad adaptada (250 ml-600 ml) para facilitar el control de las porciones, perfecto para dietas equilibradas y gesti\u00f3n nutricional.<\/div>\n<h3 class=\"header-vfC6AV auto-hide-last-sibling-br\">3. Material seguro y certificado<\/h3>\n<div class=\"auto-hide-last-sibling-br paragraph-JOTKXA paragraph-element br-paragraph-space\">Fabricado en acero inoxidable 304 de calidad alimentaria 100%, sin BPA ni sustancias qu\u00edmicas nocivas. Certificado por las normas internacionales de seguridad alimentaria (por ejemplo, FDA, LFGB), lo que garantiza un contacto directo seguro con alimentos calientes o fr\u00edos. Los bordes lisos y pulidos evitan ara\u00f1azos durante el uso.<\/div>\n<h3 class=\"header-vfC6AV auto-hide-last-sibling-br\">4. Rendimiento herm\u00e9tico y a prueba de fugas<\/h3>\n<div class=\"auto-hide-last-sibling-br paragraph-JOTKXA paragraph-element br-paragraph-space\">Cada capa lleva una tapa sellada con silicona que crea una barrera herm\u00e9tica. Mantiene la frescura durante horas (apto para refrigeraci\u00f3n o almacenamiento a temperatura ambiente) y evita las fugas de l\u00edquidos como caldos o aderezos, manteniendo las bolsas limpias.<\/div>\n<h3 class=\"header-vfC6AV auto-hide-last-sibling-br\">5. Detalles f\u00e1ciles de usar<\/h3>\n<div class=\"auto-hide-last-sibling-br paragraph-JOTKXA paragraph-element br-paragraph-space\">Las tapas cuentan con pesta\u00f1as de f\u00e1cil agarre para abrirlas sin esfuerzo, aptas tanto para ni\u00f1os como para adultos. Ligeras pero duraderas, con superficies resistentes al \u00f3xido y aptas para el lavavajillas para una limpieza r\u00e1pida. Las capas desmontables permiten un uso flexible (por ejemplo, una sola capa para aperitivos).<\/div>","protected":false},"featured_media":11525,"comment_status":"closed","ping_status":"closed","template":"","meta":[],"product_cat":[58],"product_tag":[87,92],"class_list":{"0":"post-11542","1":"product","2":"type-product","3":"status-publish","4":"has-post-thumbnail","6":"product_cat-lunch-box-wholesale","7":"product_tag-wholesale-multi-compartment-lunch-box","8":"product_tag-wholesale-rectangle-lunch-box","10":"first","11":"instock","12":"shipping-taxable","13":"product-type-simple"},"_links":{"self":[{"href":"https:\/\/moyahousehold.com\/es\/wp-json\/wp\/v2\/product\/11542","targetHints":{"allow":["GET"]}}],"collection":[{"href":"https:\/\/moyahousehold.com\/es\/wp-json\/wp\/v2\/product"}],"about":[{"href":"https:\/\/moyahousehold.com\/es\/wp-json\/wp\/v2\/types\/product"}],"replies":[{"embeddable":true,"href":"https:\/\/moyahousehold.com\/es\/wp-json\/wp\/v2\/comments?post=11542"}],"version-history":[{"count":0,"href":"https:\/\/moyahousehold.com\/es\/wp-json\/wp\/v2\/product\/11542\/revisions"}],"wp:featuredmedia":[{"embeddable":true,"href":"https:\/\/moyahousehold.com\/es\/wp-json\/wp\/v2\/media\/11525"}],"wp:attachment":[{"href":"https:\/\/moyahousehold.com\/es\/wp-json\/wp\/v2\/media?parent=11542"}],"wp:term":[{"taxonomy":"product_cat","embeddable":true,"href":"https:\/\/moyahousehold.com\/es\/wp-json\/wp\/v2\/product_cat?post=11542"},{"taxonomy":"product_tag","embeddable":true,"href":"https:\/\/moyahousehold.com\/es\/wp-json\/wp\/v2\/product_tag?post=11542"}],"curies":[{"name":"wp","href":"https:\/\/api.w.org\/{rel}","templated":true}]}}