{"id":11545,"date":"2025-07-16T03:10:53","date_gmt":"2025-07-16T03:10:53","guid":{"rendered":"https:\/\/moyahousehold.com\/?post_type=product&#038;p=11545"},"modified":"2025-07-16T03:16:13","modified_gmt":"2025-07-16T03:16:13","slug":"striped-bottom-stainless-steel-storage-box-clear-pe-lid-leakproof-ideal-for-food-preservation","status":"publish","type":"product","link":"https:\/\/moyahousehold.com\/es\/producto\/striped-bottom-stainless-steel-storage-box-clear-pe-lid-leakproof-ideal-for-food-preservation\/","title":{"rendered":"Caja de acero inoxidable con fondo a rayas Tapa transparente de PE A prueba de fugas Ideal para conservar alimentos"},"content":{"rendered":"<p><strong>material:<\/strong> 304 + Tapa PE <strong> color:<\/strong> Acero<\/p>\n\n\n\n<figure class=\"wp-block-table\"><table class=\"has-fixed-layout\"><tbody><tr><td>Art\u00edculo<\/td><td>Material<\/td><td>Color<\/td><td>Capacidad<\/td><td>Talla\/PCS<\/td><td>PCS\/Caja<\/td><td>N.W.\/PCS<\/td><td>G.W.\/Caso<\/td><\/tr><tr><td>MYJD323<\/td><td rowspan=\"9\">SUS304+PE<\/td><td rowspan=\"9\">Acero+blanco<\/td><td>580 ml<\/td><td>17*10.6*5.2<\/td><td>80<\/td><td>0.15&nbsp;<\/td><td>13.84&nbsp;<\/td><\/tr><tr><td>MYJD324<\/td><td>880 ml<\/td><td>17*10.6*7.7<\/td><td>60<\/td><td>0.19&nbsp;<\/td><td>13.34&nbsp;<\/td><\/tr><tr><td>MYJD325<\/td><td>1180 ml<\/td><td>17*10.6*10.3<\/td><td>50<\/td><td>0.23&nbsp;<\/td><td>13.55&nbsp;<\/td><\/tr><tr><td>MYJD326<\/td><td>1000 ml<\/td><td>20.8*14.1*5.2<\/td><td>56<\/td><td>0.23&nbsp;<\/td><td>14.60&nbsp;<\/td><\/tr><tr><td>MYJD327<\/td><td>1600 ml<\/td><td>20.8*14.1*7.7<\/td><td>40<\/td><td>0.27&nbsp;<\/td><td>12.72&nbsp;<\/td><\/tr><tr><td>MYJD328<\/td><td>2100 ml<\/td><td>20.8*14.1*10.3<\/td><td>32<\/td><td>0.34&nbsp;<\/td><td>12.88&nbsp;<\/td><\/tr><tr><td>MYJD329<\/td><td>1500 ml<\/td><td>24.3*17.5*5.2<\/td><td>48<\/td><td>0.29&nbsp;<\/td><td>16.02&nbsp;<\/td><\/tr><tr><td>MYJD330<\/td><td>2300 ml<\/td><td>24.3*17.5*7.7<\/td><td>36<\/td><td>0.34&nbsp;<\/td><td>14.06&nbsp;<\/td><\/tr><tr><td>MYJD331<\/td><td>3100 ml<\/td><td>24.3*17.5*10.3<\/td><td>24<\/td><td>0.38&nbsp;<\/td><td>11.05&nbsp;<\/td><\/tr><\/tbody><\/table><\/figure>\n\n\n\n<h3 class=\"wp-block-heading\">Opciones de fiambreras personalizadas<\/h3>\n\n\n\n<p><strong>Logotipo<\/strong>Personalice el logotipo de su marca en la caja bento de acero inoxidable y en el embalaje.<br><strong>Opciones de logotipo<\/strong>Logotipo impreso, logotipo grabado con l\u00e1ser, etc.<br><strong>Patr\u00f3n<\/strong>Impresi\u00f3n de motivos en productos y envases.<br><strong>Tecnolog\u00eda de impresi\u00f3n<\/strong>Impresi\u00f3n por transferencia de agua, serigraf\u00eda, transferencia de calor, sublimaci\u00f3n, etc.<br><strong>Embalaje:<\/strong>caja de color.<br><a href=\"https:\/\/moyahousehold.com\/es\/solucion-personalizada\/\"><strong>M\u00e1s informaci\u00f3n sobre soluciones de fiambreras personalizadas.<\/strong><\/a><\/p>\n\n\n\n<div class=\"wp-block-columns is-layout-flex wp-container-core-columns-is-layout-9d6595d7 wp-block-columns-is-layout-flex\">\n<div class=\"wp-block-column is-layout-flow wp-block-column-is-layout-flow\">\n<figure class=\"wp-block-image size-full\"><img fetchpriority=\"high\" decoding=\"async\" width=\"3602\" height=\"3602\" src=\"https:\/\/moyahousehold.com\/wp-content\/uploads\/2025\/07\/PE-lid-food-storage-container-12.webp\" alt=\"Recipiente para alimentos con tapa de PE\" class=\"wp-image-11509\" srcset=\"https:\/\/moyahousehold.com\/wp-content\/uploads\/2025\/07\/PE-lid-food-storage-container-12.webp 3602w, https:\/\/moyahousehold.com\/wp-content\/uploads\/2025\/07\/PE-lid-food-storage-container-12-300x300.webp 300w, https:\/\/moyahousehold.com\/wp-content\/uploads\/2025\/07\/PE-lid-food-storage-container-12-150x150.webp 150w, https:\/\/moyahousehold.com\/wp-content\/uploads\/2025\/07\/PE-lid-food-storage-container-12-768x768.webp 768w, https:\/\/moyahousehold.com\/wp-content\/uploads\/2025\/07\/PE-lid-food-storage-container-12-12x12.webp 12w, https:\/\/moyahousehold.com\/wp-content\/uploads\/2025\/07\/PE-lid-food-storage-container-12-285x285.webp 285w, https:\/\/moyahousehold.com\/wp-content\/uploads\/2025\/07\/PE-lid-food-storage-container-12-1600x1600.webp 1600w, https:\/\/moyahousehold.com\/wp-content\/uploads\/2025\/07\/PE-lid-food-storage-container-12-270x270.webp 270w, https:\/\/moyahousehold.com\/wp-content\/uploads\/2025\/07\/PE-lid-food-storage-container-12-540x540.webp 540w, https:\/\/moyahousehold.com\/wp-content\/uploads\/2025\/07\/PE-lid-food-storage-container-12-660x660.webp 660w\" sizes=\"(max-width: 3602px) 100vw, 3602px\" \/><\/figure>\n<\/div>\n\n\n\n<div class=\"wp-block-column is-layout-flow wp-block-column-is-layout-flow\">\n<figure class=\"wp-block-image size-full\"><img decoding=\"async\" width=\"3878\" height=\"3878\" src=\"https:\/\/moyahousehold.com\/wp-content\/uploads\/2025\/07\/PE-lid-food-storage-container-11.webp\" alt=\"Recipiente para alimentos con tapa de PE\" class=\"wp-image-11508\" srcset=\"https:\/\/moyahousehold.com\/wp-content\/uploads\/2025\/07\/PE-lid-food-storage-container-11.webp 3878w, https:\/\/moyahousehold.com\/wp-content\/uploads\/2025\/07\/PE-lid-food-storage-container-11-300x300.webp 300w, https:\/\/moyahousehold.com\/wp-content\/uploads\/2025\/07\/PE-lid-food-storage-container-11-150x150.webp 150w, https:\/\/moyahousehold.com\/wp-content\/uploads\/2025\/07\/PE-lid-food-storage-container-11-768x768.webp 768w, https:\/\/moyahousehold.com\/wp-content\/uploads\/2025\/07\/PE-lid-food-storage-container-11-12x12.webp 12w, https:\/\/moyahousehold.com\/wp-content\/uploads\/2025\/07\/PE-lid-food-storage-container-11-285x285.webp 285w, https:\/\/moyahousehold.com\/wp-content\/uploads\/2025\/07\/PE-lid-food-storage-container-11-1600x1600.webp 1600w, https:\/\/moyahousehold.com\/wp-content\/uploads\/2025\/07\/PE-lid-food-storage-container-11-270x270.webp 270w, https:\/\/moyahousehold.com\/wp-content\/uploads\/2025\/07\/PE-lid-food-storage-container-11-540x540.webp 540w, https:\/\/moyahousehold.com\/wp-content\/uploads\/2025\/07\/PE-lid-food-storage-container-11-660x660.webp 660w\" sizes=\"(max-width: 3878px) 100vw, 3878px\" \/><\/figure>\n<\/div>\n<\/div>\n\n\n\n<div class=\"wp-block-columns is-layout-flex wp-container-core-columns-is-layout-9d6595d7 wp-block-columns-is-layout-flex\">\n<div class=\"wp-block-column is-layout-flow wp-block-column-is-layout-flow\">\n<figure class=\"wp-block-image size-full\"><img decoding=\"async\" width=\"3803\" height=\"3803\" src=\"https:\/\/moyahousehold.com\/wp-content\/uploads\/2025\/07\/PE-lid-food-storage-container-10.webp\" alt=\"Recipiente para alimentos con tapa de PE\" class=\"wp-image-11507\" srcset=\"https:\/\/moyahousehold.com\/wp-content\/uploads\/2025\/07\/PE-lid-food-storage-container-10.webp 3803w, https:\/\/moyahousehold.com\/wp-content\/uploads\/2025\/07\/PE-lid-food-storage-container-10-300x300.webp 300w, https:\/\/moyahousehold.com\/wp-content\/uploads\/2025\/07\/PE-lid-food-storage-container-10-150x150.webp 150w, https:\/\/moyahousehold.com\/wp-content\/uploads\/2025\/07\/PE-lid-food-storage-container-10-768x768.webp 768w, https:\/\/moyahousehold.com\/wp-content\/uploads\/2025\/07\/PE-lid-food-storage-container-10-12x12.webp 12w, https:\/\/moyahousehold.com\/wp-content\/uploads\/2025\/07\/PE-lid-food-storage-container-10-285x285.webp 285w, https:\/\/moyahousehold.com\/wp-content\/uploads\/2025\/07\/PE-lid-food-storage-container-10-1600x1600.webp 1600w, https:\/\/moyahousehold.com\/wp-content\/uploads\/2025\/07\/PE-lid-food-storage-container-10-270x270.webp 270w, https:\/\/moyahousehold.com\/wp-content\/uploads\/2025\/07\/PE-lid-food-storage-container-10-540x540.webp 540w, https:\/\/moyahousehold.com\/wp-content\/uploads\/2025\/07\/PE-lid-food-storage-container-10-660x660.webp 660w\" sizes=\"(max-width: 3803px) 100vw, 3803px\" \/><\/figure>\n<\/div>\n\n\n\n<div class=\"wp-block-column is-layout-flow wp-block-column-is-layout-flow\">\n<figure class=\"wp-block-image size-full\"><img loading=\"lazy\" decoding=\"async\" width=\"3736\" height=\"3736\" src=\"https:\/\/moyahousehold.com\/wp-content\/uploads\/2025\/07\/PE-lid-food-storage-container-8.webp\" alt=\"Recipiente para alimentos con tapa de PE\" class=\"wp-image-11505\" srcset=\"https:\/\/moyahousehold.com\/wp-content\/uploads\/2025\/07\/PE-lid-food-storage-container-8.webp 3736w, https:\/\/moyahousehold.com\/wp-content\/uploads\/2025\/07\/PE-lid-food-storage-container-8-300x300.webp 300w, https:\/\/moyahousehold.com\/wp-content\/uploads\/2025\/07\/PE-lid-food-storage-container-8-150x150.webp 150w, https:\/\/moyahousehold.com\/wp-content\/uploads\/2025\/07\/PE-lid-food-storage-container-8-768x768.webp 768w, https:\/\/moyahousehold.com\/wp-content\/uploads\/2025\/07\/PE-lid-food-storage-container-8-12x12.webp 12w, https:\/\/moyahousehold.com\/wp-content\/uploads\/2025\/07\/PE-lid-food-storage-container-8-285x285.webp 285w, https:\/\/moyahousehold.com\/wp-content\/uploads\/2025\/07\/PE-lid-food-storage-container-8-1600x1600.webp 1600w, https:\/\/moyahousehold.com\/wp-content\/uploads\/2025\/07\/PE-lid-food-storage-container-8-270x270.webp 270w, https:\/\/moyahousehold.com\/wp-content\/uploads\/2025\/07\/PE-lid-food-storage-container-8-540x540.webp 540w, https:\/\/moyahousehold.com\/wp-content\/uploads\/2025\/07\/PE-lid-food-storage-container-8-660x660.webp 660w\" sizes=\"(max-width: 3736px) 100vw, 3736px\" \/><\/figure>\n<\/div>\n<\/div>\n\n\n\n<p><\/p>","protected":false},"excerpt":{"rendered":"<h2 class=\"header-vfC6AV auto-hide-last-sibling-br\">Calidad superior y dise\u00f1o pr\u00e1ctico<\/h2>\n<div class=\"auto-hide-last-sibling-br paragraph-JOTKXA paragraph-element br-paragraph-space\">Fabricados en acero inoxidable apto para uso alimentario, estos recipientes de almacenamiento presentan un fondo a rayas y una tapa de PE transparente, ideal para mantener frescas las frutas, las sobras o los productos secos. Perfectos para uso dom\u00e9stico, en la cocina o en picnics, garantizan que los alimentos se mantengan organizados, visibles y sin ensuciarse. Con descuentos por compras al por mayor y soporte para personalizaci\u00f3n OEM y ODM, le invitamos a cooperar para satisfacer sus necesidades espec\u00edficas.<\/div>\n<h2 class=\"header-vfC6AV auto-hide-last-sibling-br\">Caracter\u00edsticas del recipiente de acero inoxidable para alimentos<\/h2>\n<h3 class=\"header-vfC6AV auto-hide-last-sibling-br\">1. Dise\u00f1o elegante y funcional<\/h3>\n<div class=\"auto-hide-last-sibling-br paragraph-JOTKXA paragraph-element br-paragraph-space\">La exclusiva base rayada a\u00f1ade atractivo est\u00e9tico y funcionalidad antideslizante, mejorando la estabilidad en las encimeras. La tapa de PE transparente permite identificar f\u00e1cilmente el contenido de un vistazo. Compacto y apilable, ahorra espacio en el frigor\u00edfico o el armario.<\/div>\n<h3 class=\"header-vfC6AV auto-hide-last-sibling-br\">2. Conservaci\u00f3n eficaz de la frescura<\/h3>\n<div class=\"auto-hide-last-sibling-br paragraph-JOTKXA paragraph-element br-paragraph-space\">La tapa de PE herm\u00e9tica con un anillo de sellado de silicona crea una barrera herm\u00e9tica. Bloquea el aire y la humedad, evita la mezcla de olores y el deterioro, y prolonga la frescura de los alimentos; apto para refrigeraci\u00f3n y almacenamiento a temperatura ambiente.<\/div>\n<h3 class=\"header-vfC6AV auto-hide-last-sibling-br\">3. Material seguro y duradero<\/h3>\n<div class=\"auto-hide-last-sibling-br paragraph-JOTKXA paragraph-element br-paragraph-space\">Fabricado en acero inoxidable 100% apto para uso alimentario, sin BPA ni sustancias qu\u00edmicas nocivas. La tapa de PE transparente no es t\u00f3xica, es resistente y segura para el contacto directo con alimentos. Certificado por las normas de seguridad alimentaria pertinentes, lo que garantiza un uso fiable.<\/div>\n<h3 class=\"header-vfC6AV auto-hide-last-sibling-br\">4. Detalles f\u00e1ciles de usar<\/h3>\n<div class=\"auto-hide-last-sibling-br paragraph-JOTKXA paragraph-element br-paragraph-space\">La tapa de PE est\u00e1 dise\u00f1ada para abrirse y cerrarse f\u00e1cilmente, con un borde suave que no da\u00f1a las manos. El cuerpo de acero inoxidable es resistente a la corrosi\u00f3n y f\u00e1cil de limpiar, mientras que la base rayada resiste los ara\u00f1azos durante el uso diario.<\/div>\n<h3 class=\"header-vfC6AV auto-hide-last-sibling-br\">5. Tama\u00f1os vers\u00e1tiles<\/h3>\n<div class=\"auto-hide-last-sibling-br paragraph-JOTKXA paragraph-element br-paragraph-space\">Disponibles en distintas capacidades (200 ml-2 l), desde peque\u00f1as para condimentos hasta grandes para las sobras de la familia, se adaptan a las distintas necesidades de almacenamiento en la vida diaria o en entornos comerciales.<\/div>","protected":false},"featured_media":11510,"comment_status":"closed","ping_status":"closed","template":"","meta":[],"product_cat":[57],"product_tag":[87,92],"class_list":{"0":"post-11545","1":"product","2":"type-product","3":"status-publish","4":"has-post-thumbnail","6":"product_cat-food-storage-container-wholesale","7":"product_tag-wholesale-multi-compartment-lunch-box","8":"product_tag-wholesale-rectangle-lunch-box","10":"first","11":"instock","12":"shipping-taxable","13":"product-type-simple"},"_links":{"self":[{"href":"https:\/\/moyahousehold.com\/es\/wp-json\/wp\/v2\/product\/11545","targetHints":{"allow":["GET"]}}],"collection":[{"href":"https:\/\/moyahousehold.com\/es\/wp-json\/wp\/v2\/product"}],"about":[{"href":"https:\/\/moyahousehold.com\/es\/wp-json\/wp\/v2\/types\/product"}],"replies":[{"embeddable":true,"href":"https:\/\/moyahousehold.com\/es\/wp-json\/wp\/v2\/comments?post=11545"}],"version-history":[{"count":1,"href":"https:\/\/moyahousehold.com\/es\/wp-json\/wp\/v2\/product\/11545\/revisions"}],"predecessor-version":[{"id":11812,"href":"https:\/\/moyahousehold.com\/es\/wp-json\/wp\/v2\/product\/11545\/revisions\/11812"}],"wp:featuredmedia":[{"embeddable":true,"href":"https:\/\/moyahousehold.com\/es\/wp-json\/wp\/v2\/media\/11510"}],"wp:attachment":[{"href":"https:\/\/moyahousehold.com\/es\/wp-json\/wp\/v2\/media?parent=11545"}],"wp:term":[{"taxonomy":"product_cat","embeddable":true,"href":"https:\/\/moyahousehold.com\/es\/wp-json\/wp\/v2\/product_cat?post=11545"},{"taxonomy":"product_tag","embeddable":true,"href":"https:\/\/moyahousehold.com\/es\/wp-json\/wp\/v2\/product_tag?post=11545"}],"curies":[{"name":"wp","href":"https:\/\/api.w.org\/{rel}","templated":true}]}}