{"id":11548,"date":"2025-07-16T03:16:37","date_gmt":"2025-07-16T03:16:37","guid":{"rendered":"https:\/\/moyahousehold.com\/?post_type=product&#038;p=11548"},"modified":"2026-03-27T02:30:03","modified_gmt":"2026-03-27T02:30:03","slug":"stainless-steel-food-container-with-striped-base-clear-as-lid-wide-latches-airtight-seal-ideal-for-freshness-preservation","status":"publish","type":"product","link":"https:\/\/moyahousehold.com\/es\/producto\/stainless-steel-food-container-with-striped-base-clear-as-lid-wide-latches-airtight-seal-ideal-for-freshness-preservation\/","title":{"rendered":"Recipiente de acero inoxidable para alimentos con base rayada Tapa transparente AS Cierres anchos Cierre herm\u00e9tico Ideal para conservar la frescura"},"content":{"rendered":"<p><strong>material:<\/strong> 304 +AS Tapa <strong> color:<\/strong> Acero\/beige\/caqui<\/p>\n\n\n\n<figure class=\"wp-block-table\"><table class=\"has-fixed-layout\"><tbody><tr><td>Art\u00edculo<\/td><td>Material<\/td><td>Color<\/td><td>Capacidad<\/td><td>Talla\/PCS<\/td><td>PCS\/Caja<\/td><td>N.W.\/PCS<\/td><td>G.W.\/Caso<\/td><\/tr><tr><td>MYJD392<\/td><td rowspan=\"10\">304+AS+PP+<br>Silicona<\/td><td rowspan=\"10\">Steel+Green\/<br>Marr\u00f3n<\/td><td>520 ml<\/td><td>15.4*10.5*6.5<\/td><td>80<\/td><td>0.20&nbsp;<\/td><td>17.60&nbsp;<\/td><\/tr><tr><td>MYJD393<\/td><td>720 ml<\/td><td>15.4*10.5*8.4<\/td><td>60<\/td><td>0.22&nbsp;<\/td><td>14.90&nbsp;<\/td><\/tr><tr><td>MYJD394<\/td><td>900 ml<\/td><td>18.5*13.8*6.5<\/td><td>56<\/td><td>0.28&nbsp;<\/td><td>17.57&nbsp;<\/td><\/tr><tr><td>MYJD395<\/td><td>1200 ml<\/td><td>18.5*13.8*8.4<\/td><td>48<\/td><td>0.30&nbsp;<\/td><td>16.35&nbsp;<\/td><\/tr><tr><td>MYJD396<\/td><td>1500 ml<\/td><td>22.8*17.2*6.5<\/td><td>48<\/td><td>0.42&nbsp;<\/td><td>21.97&nbsp;<\/td><\/tr><tr><td>MYJD397<\/td><td>2000 ml<\/td><td>22.8*17.2*8.4<\/td><td>36<\/td><td>0.47&nbsp;<\/td><td>18.78&nbsp;<\/td><\/tr><tr><td>MYJD398<\/td><td>700 ml<\/td><td>14*14*6.5<\/td><td>64<\/td><td>0.20&nbsp;<\/td><td>14.86&nbsp;<\/td><\/tr><tr><td>MYJD399<\/td><td>950 ml<\/td><td>14*14*8.4<\/td><td>48<\/td><td>0.22&nbsp;<\/td><td>12.56&nbsp;<\/td><\/tr><tr><td>MYJD400<\/td><td>500 ml<\/td><td>14*14*6.5<\/td><td>96<\/td><td>0.19&nbsp;<\/td><td>19.76&nbsp;<\/td><\/tr><tr><td>MYJD401<\/td><td>720 ml<\/td><td>14*14*8.4<\/td><td>72<\/td><td>0.21&nbsp;<\/td><td>16.83&nbsp;<\/td><\/tr><tr><td>MYJD402<\/td><td rowspan=\"10\">304+AS+PP+<br>Silicona<\/td><td rowspan=\"10\">Beige\/caqui<\/td><td>520 ml<\/td><td>15.4*10.5*6.5<\/td><td>80<\/td><td>0.20&nbsp;<\/td><td>17.76&nbsp;<\/td><\/tr><tr><td>MYJD403<\/td><td>720 ml<\/td><td>15.4*10.5*8.4<\/td><td>60<\/td><td>0.22&nbsp;<\/td><td>15.08&nbsp;<\/td><\/tr><tr><td>MYJD404<\/td><td>900 ml<\/td><td>18.5*13.8*6.5<\/td><td>56<\/td><td>0.28&nbsp;<\/td><td>17.90&nbsp;<\/td><\/tr><tr><td>MYJD405<\/td><td>1200 ml<\/td><td>18.5*13.8*8.4<\/td><td>48<\/td><td>0.30&nbsp;<\/td><td>16.59&nbsp;<\/td><\/tr><tr><td>MYJD406<\/td><td>1500 ml<\/td><td>22.8*17.2*6.5<\/td><td>48<\/td><td>0.42&nbsp;<\/td><td>21.97&nbsp;<\/td><\/tr><tr><td>MYJD407<\/td><td>2000 ml<\/td><td>22.8*17.2*8.4<\/td><td>36<\/td><td>0.48&nbsp;<\/td><td>19.21&nbsp;<\/td><\/tr><tr><td>MYJD408<\/td><td>700 ml<\/td><td>14*14*6.5<\/td><td>64<\/td><td>0.22&nbsp;<\/td><td>16.14&nbsp;<\/td><\/tr><tr><td>MYJD409<\/td><td>950 ml<\/td><td>14*14*8.4<\/td><td>48<\/td><td>0.24&nbsp;<\/td><td>13.66&nbsp;<\/td><\/tr><tr><td>MYJD410<\/td><td>500 ml<\/td><td>14*14*6.5<\/td><td>96<\/td><td>0.19&nbsp;<\/td><td>19.76&nbsp;<\/td><\/tr><tr><td>MYJD411<\/td><td>720 ml<\/td><td>14*14*8.4<\/td><td>72<\/td><td>0.21&nbsp;<\/td><td>16.98&nbsp;<\/td><\/tr><\/tbody><\/table><\/figure>\n\n\n\n<h3 class=\"wp-block-heading\">Opciones de fiambreras personalizadas<\/h3>\n\n\n\n<p><strong>Logotipo<\/strong>Personalice el logotipo de su marca en la caja bento de acero inoxidable y en el embalaje.<br><strong>Opciones de logotipo<\/strong>Logotipo impreso, logotipo grabado con l\u00e1ser, etc.<br><strong>Patr\u00f3n<\/strong>Impresi\u00f3n de motivos en productos y envases.<br><strong>Tecnolog\u00eda de impresi\u00f3n<\/strong>Impresi\u00f3n por transferencia de agua, serigraf\u00eda, transferencia de calor, sublimaci\u00f3n, etc.<br><strong>Embalaje:<\/strong>caja de color.<br><a href=\"https:\/\/moyahousehold.com\/es\/solucion-personalizada\/\"><strong>M\u00e1s informaci\u00f3n sobre soluciones de fiambreras personalizadas.<\/strong><\/a><\/p>\n\n\n\n<div class=\"wp-block-columns is-layout-flex wp-container-core-columns-is-layout-9d6595d7 wp-block-columns-is-layout-flex\">\n<div class=\"wp-block-column is-layout-flow wp-block-column-is-layout-flow\">\n<figure class=\"wp-block-image size-full\"><img fetchpriority=\"high\" decoding=\"async\" width=\"4037\" height=\"4037\" src=\"https:\/\/moyahousehold.com\/wp-content\/uploads\/2025\/07\/AS-cover-food-storage-container.webp\" alt=\"Recipiente de almacenamiento de alimentos con tapa AS\" class=\"wp-image-11497\" srcset=\"https:\/\/moyahousehold.com\/wp-content\/uploads\/2025\/07\/AS-cover-food-storage-container.webp 4037w, https:\/\/moyahousehold.com\/wp-content\/uploads\/2025\/07\/AS-cover-food-storage-container-300x300.webp 300w, https:\/\/moyahousehold.com\/wp-content\/uploads\/2025\/07\/AS-cover-food-storage-container-150x150.webp 150w, https:\/\/moyahousehold.com\/wp-content\/uploads\/2025\/07\/AS-cover-food-storage-container-768x768.webp 768w, https:\/\/moyahousehold.com\/wp-content\/uploads\/2025\/07\/AS-cover-food-storage-container-12x12.webp 12w, https:\/\/moyahousehold.com\/wp-content\/uploads\/2025\/07\/AS-cover-food-storage-container-285x285.webp 285w, https:\/\/moyahousehold.com\/wp-content\/uploads\/2025\/07\/AS-cover-food-storage-container-1600x1600.webp 1600w, https:\/\/moyahousehold.com\/wp-content\/uploads\/2025\/07\/AS-cover-food-storage-container-270x270.webp 270w, https:\/\/moyahousehold.com\/wp-content\/uploads\/2025\/07\/AS-cover-food-storage-container-540x540.webp 540w, https:\/\/moyahousehold.com\/wp-content\/uploads\/2025\/07\/AS-cover-food-storage-container-660x660.webp 660w\" sizes=\"(max-width: 4037px) 100vw, 4037px\" \/><\/figure>\n<\/div>\n\n\n\n<div class=\"wp-block-column is-layout-flow wp-block-column-is-layout-flow\">\n<figure class=\"wp-block-image size-full\"><img decoding=\"async\" width=\"3953\" height=\"3953\" src=\"https:\/\/moyahousehold.com\/wp-content\/uploads\/2025\/07\/AS-cover-food-storage-container-41.webp\" alt=\"Recipiente de almacenamiento de alimentos con tapa AS\" class=\"wp-image-11496\" srcset=\"https:\/\/moyahousehold.com\/wp-content\/uploads\/2025\/07\/AS-cover-food-storage-container-41.webp 3953w, https:\/\/moyahousehold.com\/wp-content\/uploads\/2025\/07\/AS-cover-food-storage-container-41-300x300.webp 300w, https:\/\/moyahousehold.com\/wp-content\/uploads\/2025\/07\/AS-cover-food-storage-container-41-150x150.webp 150w, https:\/\/moyahousehold.com\/wp-content\/uploads\/2025\/07\/AS-cover-food-storage-container-41-768x768.webp 768w, https:\/\/moyahousehold.com\/wp-content\/uploads\/2025\/07\/AS-cover-food-storage-container-41-12x12.webp 12w, https:\/\/moyahousehold.com\/wp-content\/uploads\/2025\/07\/AS-cover-food-storage-container-41-285x285.webp 285w, https:\/\/moyahousehold.com\/wp-content\/uploads\/2025\/07\/AS-cover-food-storage-container-41-1600x1600.webp 1600w, https:\/\/moyahousehold.com\/wp-content\/uploads\/2025\/07\/AS-cover-food-storage-container-41-270x270.webp 270w, https:\/\/moyahousehold.com\/wp-content\/uploads\/2025\/07\/AS-cover-food-storage-container-41-540x540.webp 540w, https:\/\/moyahousehold.com\/wp-content\/uploads\/2025\/07\/AS-cover-food-storage-container-41-660x660.webp 660w\" sizes=\"(max-width: 3953px) 100vw, 3953px\" \/><\/figure>\n<\/div>\n<\/div>\n\n\n\n<div class=\"wp-block-columns is-layout-flex wp-container-core-columns-is-layout-9d6595d7 wp-block-columns-is-layout-flex\">\n<div class=\"wp-block-column is-layout-flow wp-block-column-is-layout-flow\">\n<figure class=\"wp-block-image size-full\"><img decoding=\"async\" width=\"3903\" height=\"3903\" src=\"https:\/\/moyahousehold.com\/wp-content\/uploads\/2025\/07\/AS-cover-food-storage-container-1.webp\" alt=\"Recipiente de almacenamiento de alimentos con tapa AS\" class=\"wp-image-11454\" srcset=\"https:\/\/moyahousehold.com\/wp-content\/uploads\/2025\/07\/AS-cover-food-storage-container-1.webp 3903w, https:\/\/moyahousehold.com\/wp-content\/uploads\/2025\/07\/AS-cover-food-storage-container-1-300x300.webp 300w, https:\/\/moyahousehold.com\/wp-content\/uploads\/2025\/07\/AS-cover-food-storage-container-1-150x150.webp 150w, https:\/\/moyahousehold.com\/wp-content\/uploads\/2025\/07\/AS-cover-food-storage-container-1-768x768.webp 768w, https:\/\/moyahousehold.com\/wp-content\/uploads\/2025\/07\/AS-cover-food-storage-container-1-12x12.webp 12w, https:\/\/moyahousehold.com\/wp-content\/uploads\/2025\/07\/AS-cover-food-storage-container-1-285x285.webp 285w, https:\/\/moyahousehold.com\/wp-content\/uploads\/2025\/07\/AS-cover-food-storage-container-1-1600x1600.webp 1600w, https:\/\/moyahousehold.com\/wp-content\/uploads\/2025\/07\/AS-cover-food-storage-container-1-270x270.webp 270w, https:\/\/moyahousehold.com\/wp-content\/uploads\/2025\/07\/AS-cover-food-storage-container-1-540x540.webp 540w, https:\/\/moyahousehold.com\/wp-content\/uploads\/2025\/07\/AS-cover-food-storage-container-1-660x660.webp 660w\" sizes=\"(max-width: 3903px) 100vw, 3903px\" \/><\/figure>\n<\/div>\n\n\n\n<div class=\"wp-block-column is-layout-flow wp-block-column-is-layout-flow\">\n<figure class=\"wp-block-image size-full\"><img loading=\"lazy\" decoding=\"async\" width=\"4160\" height=\"4160\" src=\"https:\/\/moyahousehold.com\/wp-content\/uploads\/2025\/07\/AS-cover-food-storage-container-2.webp\" alt=\"Recipiente de almacenamiento de alimentos con tapa AS\" class=\"wp-image-11455\" srcset=\"https:\/\/moyahousehold.com\/wp-content\/uploads\/2025\/07\/AS-cover-food-storage-container-2.webp 4160w, https:\/\/moyahousehold.com\/wp-content\/uploads\/2025\/07\/AS-cover-food-storage-container-2-300x300.webp 300w, https:\/\/moyahousehold.com\/wp-content\/uploads\/2025\/07\/AS-cover-food-storage-container-2-150x150.webp 150w, https:\/\/moyahousehold.com\/wp-content\/uploads\/2025\/07\/AS-cover-food-storage-container-2-768x768.webp 768w, https:\/\/moyahousehold.com\/wp-content\/uploads\/2025\/07\/AS-cover-food-storage-container-2-12x12.webp 12w, https:\/\/moyahousehold.com\/wp-content\/uploads\/2025\/07\/AS-cover-food-storage-container-2-285x285.webp 285w, https:\/\/moyahousehold.com\/wp-content\/uploads\/2025\/07\/AS-cover-food-storage-container-2-1600x1600.webp 1600w, https:\/\/moyahousehold.com\/wp-content\/uploads\/2025\/07\/AS-cover-food-storage-container-2-270x270.webp 270w, https:\/\/moyahousehold.com\/wp-content\/uploads\/2025\/07\/AS-cover-food-storage-container-2-540x540.webp 540w, https:\/\/moyahousehold.com\/wp-content\/uploads\/2025\/07\/AS-cover-food-storage-container-2-660x660.webp 660w\" sizes=\"(max-width: 4160px) 100vw, 4160px\" \/><\/figure>\n<\/div>\n<\/div>\n\n\n\n<p><\/p>","protected":false},"excerpt":{"rendered":"<div class=\"inter-jQQQ8P\">\n<div class=\"container-PrUkKo\">\n<div class=\"item-hGGxLi\">\n<div class=\"container-arOxqB chrome70-container\">\n<div class=\"inner-FyM8gE inner-item-swzCut\" data-target-id=\"message-box-target-id\" data-testid=\"union_message\">\n<div class=\"message-block-container-aFugD6\" data-testid=\"message-block-container\">\n<div class=\"flex flex-row w-full w-full max-w-full s-font-base text-s-color-text-secondary p-0 rounded-s-radius-s bg-transparent group data-[attr=select-mode]:-mt-10 data-[attr=select-mode]:py-10 data-[attr=select-mode]:px-16 data-[attr=select-mode]:sm:p-10 data-[attr=select-mode]:hover:bg-s-color-bg-base data-[attr=select-mode]:hover:rounded-s-radius-xs data-[attr=select-mode]:has-[:checked]:bg-s-color-bg-trans data-[attr=select-mode]:has-[:checked]:rounded-s-radius-xs data-[attr=select-mode]:pointer-events-none\" data-testid=\"receive_message\">\n<div class=\"flex flex-col flex-grow max-w-full min-w-0\">\n<div class=\"flex flex-row w-full\" data-testid=\"message_content\" data-message-id=\"12422009564245506\">\n<div class=\"w-full\" data-plugin-identifier=\"Symbol(infra:receive-message-box:text)\">\n<div class=\"container-ZYIsnH flow-markdown-body theme-samantha-Nbr9UN\" dir=\"ltr\" data-testid=\"message_text_content\" data-show-indicator=\"false\">\n<h2 class=\"header-vfC6AV auto-hide-last-sibling-br\">Calidad superior y dise\u00f1o pr\u00e1ctico<\/h2>\n<div class=\"auto-hide-last-sibling-br paragraph-JOTKXA paragraph-element br-paragraph-space\">Fabricados en acero inoxidable apto para uso alimentario, estos recipientes de almacenamiento presentan un fondo rayado, una tapa AS transparente y cierres anchos, ideales para mantener frescas las frutas, las sobras o los productos secos. Perfectos para el hogar, la cocina o el exterior, garantizan que los alimentos permanezcan organizados, visibles y bien cerrados. Con descuentos por compras al por mayor y soporte para personalizaci\u00f3n OEM y ODM, le invitamos a cooperar para satisfacer sus necesidades espec\u00edficas.<\/div>\n<h2 class=\"header-vfC6AV auto-hide-last-sibling-br\">Caracter\u00edsticas del recipiente de acero inoxidable para alimentos<\/h2>\n<h3 class=\"header-vfC6AV auto-hide-last-sibling-br\">1. Dise\u00f1o elegante y funcional<\/h3>\n<div class=\"auto-hide-last-sibling-br paragraph-JOTKXA paragraph-element br-paragraph-space\">La exclusiva base rayada a\u00f1ade un toque est\u00e9tico a la vez que mejora la estabilidad antideslizante en diversas superficies. La tapa transparente AS permite identificar f\u00e1cilmente el contenido de un vistazo. Compacto y apilable, ahorra espacio en frigor\u00edficos, armarios o cestas de picnic.<\/div>\n<h3 class=\"header-vfC6AV auto-hide-last-sibling-br\">2. Conservaci\u00f3n eficaz de la frescura<\/h3>\n<div class=\"auto-hide-last-sibling-br paragraph-JOTKXA paragraph-element br-paragraph-space\">Los pestillos anchos se cierran herm\u00e9ticamente con la tapa AS, junto con un anillo de sellado de silicona para formar una fuerte barrera herm\u00e9tica. Bloquea el aire y la humedad, evita la mezcla de olores y el deterioro, y prolonga la frescura de los alimentos; apto para refrigeraci\u00f3n y almacenamiento a temperatura ambiente.<\/div>\n<h3 class=\"header-vfC6AV auto-hide-last-sibling-br\">3. Material seguro y duradero<\/h3>\n<div class=\"auto-hide-last-sibling-br paragraph-JOTKXA paragraph-element br-paragraph-space\">Fabricado en acero inoxidable 100% apto para uso alimentario, sin BPA ni sustancias qu\u00edmicas nocivas. La tapa AS es inastillable, no t\u00f3xica y segura para el contacto directo con alimentos. Certificada por las normas de seguridad alimentaria pertinentes, garantiza un uso fiable y duradero.<\/div>\n<h3 class=\"header-vfC6AV auto-hide-last-sibling-br\">4. Detalles f\u00e1ciles de usar<\/h3>\n<div class=\"auto-hide-last-sibling-br paragraph-JOTKXA paragraph-element br-paragraph-space\">Los cierres anchos est\u00e1n dise\u00f1ados para abrirse y cerrarse con facilidad, requiriendo un esfuerzo m\u00ednimo, apto tanto para adultos como para ni\u00f1os. El cuerpo de acero inoxidable es resistente a la corrosi\u00f3n y f\u00e1cil de limpiar, mientras que la base rayada resiste los ara\u00f1azos durante el uso diario.<\/div>\n<h3 class=\"header-vfC6AV auto-hide-last-sibling-br\">5. Tama\u00f1os vers\u00e1tiles<\/h3>\n<div class=\"auto-hide-last-sibling-br paragraph-JOTKXA paragraph-element br-paragraph-space\">Disponibles en distintas capacidades (250 ml-2,5 l), desde peque\u00f1as para condimentos o aperitivos hasta grandes para raciones familiares, se adaptan a las distintas necesidades de almacenamiento en la vida diaria o en entornos comerciales.<\/div>\n<\/div>\n<\/div>\n<\/div>\n<\/div>\n<\/div>\n<\/div>\n<\/div>\n<\/div>\n<\/div>\n<\/div>\n<\/div>","protected":false},"featured_media":11470,"comment_status":"closed","ping_status":"closed","template":"","meta":[],"product_cat":[57],"product_tag":[87,92],"class_list":{"0":"post-11548","1":"product","2":"type-product","3":"status-publish","4":"has-post-thumbnail","6":"product_cat-food-storage-container-wholesale","7":"product_tag-wholesale-multi-compartment-lunch-box","8":"product_tag-wholesale-rectangle-lunch-box","10":"first","11":"instock","12":"shipping-taxable","13":"product-type-simple"},"_links":{"self":[{"href":"https:\/\/moyahousehold.com\/es\/wp-json\/wp\/v2\/product\/11548","targetHints":{"allow":["GET"]}}],"collection":[{"href":"https:\/\/moyahousehold.com\/es\/wp-json\/wp\/v2\/product"}],"about":[{"href":"https:\/\/moyahousehold.com\/es\/wp-json\/wp\/v2\/types\/product"}],"replies":[{"embeddable":true,"href":"https:\/\/moyahousehold.com\/es\/wp-json\/wp\/v2\/comments?post=11548"}],"version-history":[{"count":1,"href":"https:\/\/moyahousehold.com\/es\/wp-json\/wp\/v2\/product\/11548\/revisions"}],"predecessor-version":[{"id":12089,"href":"https:\/\/moyahousehold.com\/es\/wp-json\/wp\/v2\/product\/11548\/revisions\/12089"}],"wp:featuredmedia":[{"embeddable":true,"href":"https:\/\/moyahousehold.com\/es\/wp-json\/wp\/v2\/media\/11470"}],"wp:attachment":[{"href":"https:\/\/moyahousehold.com\/es\/wp-json\/wp\/v2\/media?parent=11548"}],"wp:term":[{"taxonomy":"product_cat","embeddable":true,"href":"https:\/\/moyahousehold.com\/es\/wp-json\/wp\/v2\/product_cat?post=11548"},{"taxonomy":"product_tag","embeddable":true,"href":"https:\/\/moyahousehold.com\/es\/wp-json\/wp\/v2\/product_tag?post=11548"}],"curies":[{"name":"wp","href":"https:\/\/api.w.org\/{rel}","templated":true}]}}