{"id":11815,"date":"2025-12-27T03:21:32","date_gmt":"2025-12-27T02:49:20","guid":{"rendered":"https:\/\/moyahousehold.com\/?post_type=product&#038;p=11815"},"modified":"2025-12-27T03:32:55","modified_gmt":"2025-12-27T03:32:55","slug":"breathable-button-stainless-steel-food-container-keep-food-fresh-longer-with-secure-seal-portable-design","status":"publish","type":"product","link":"https:\/\/moyahousehold.com\/es\/producto\/breathable-button-stainless-steel-food-container-keep-food-fresh-longer-with-secure-seal-portable-design\/","title":{"rendered":"Bot\u00f3n transpirable Recipiente de acero inoxidable para alimentos: Mantenga los alimentos frescos durante m\u00e1s tiempo con un cierre seguro y un dise\u00f1o port\u00e1til"},"content":{"rendered":"<h2 class=\"wp-block-heading\">Par\u00e1metros de la fiambrera infantil de varios compartimentos para el colegio<\/h2>\n\n\n\n<p><strong>material:<\/strong> 304 + PP+Silicona <strong> color:<\/strong> Beige<\/p>\n\n\n\n<figure class=\"wp-block-table\"><table class=\"has-fixed-layout\"><tbody><tr><td>Art\u00edculo<\/td><td>Material<\/td><td>Color<\/td><td>Capacidad<\/td><td>Talla\/PCS<\/td><td>PCS\/Caja<\/td><td>N.W.\/PCS<\/td><td>G.W.\/Caso<\/td><\/tr><tr><td>MYJX362<\/td><td>304+PP+Silicona<\/td><td>Beige<\/td><td>1200-3900ML<\/td><td>72*50*52<\/td><td>48<\/td><td>0.81&nbsp;<\/td><td>24.37&nbsp;<\/td><\/tr><\/tbody><\/table><\/figure>\n\n\n\n<h3 class=\"wp-block-heading\">Opciones de fiambreras personalizadas<\/h3>\n\n\n\n<p><strong>Logotipo<\/strong>Personalice el logotipo de su marca en la caja bento de acero inoxidable y en el embalaje.<br><strong>Opciones de logotipo<\/strong>Logotipo impreso, logotipo grabado con l\u00e1ser, etc.<br><strong>Patr\u00f3n<\/strong>Impresi\u00f3n de motivos en productos y envases.<br><strong>Tecnolog\u00eda de impresi\u00f3n<\/strong>Impresi\u00f3n por transferencia de agua, serigraf\u00eda, transferencia de calor, sublimaci\u00f3n, etc.<br><strong>Embalaje:<\/strong>caja de color.<br><a href=\"https:\/\/moyahousehold.com\/es\/solucion-personalizada\/\"><strong>M\u00e1s informaci\u00f3n sobre soluciones de fiambreras personalizadas.<\/strong><\/a><\/p>\n\n\n\n<div class=\"wp-block-columns is-layout-flex wp-container-core-columns-is-layout-9d6595d7 wp-block-columns-is-layout-flex\">\n<div class=\"wp-block-column is-layout-flow wp-block-column-is-layout-flow\" style=\"flex-basis:100%\">\n<div class=\"wp-block-group is-nowrap is-layout-flex wp-container-core-group-is-layout-ad2f72ca wp-block-group-is-layout-flex\">\n<div class=\"wp-block-columns is-layout-flex wp-container-core-columns-is-layout-9d6595d7 wp-block-columns-is-layout-flex\">\n<div class=\"wp-block-column is-layout-flow wp-block-column-is-layout-flow\">\n<figure class=\"wp-block-image size-full\"><img fetchpriority=\"high\" decoding=\"async\" width=\"800\" height=\"800\" src=\"https:\/\/moyahousehold.com\/wp-content\/uploads\/2025\/12\/moya-Stainless-steel-304.webp\" alt=\"\" class=\"wp-image-11821\" srcset=\"https:\/\/moyahousehold.com\/wp-content\/uploads\/2025\/12\/moya-Stainless-steel-304.webp 800w, https:\/\/moyahousehold.com\/wp-content\/uploads\/2025\/12\/moya-Stainless-steel-304-300x300.webp 300w, https:\/\/moyahousehold.com\/wp-content\/uploads\/2025\/12\/moya-Stainless-steel-304-150x150.webp 150w, https:\/\/moyahousehold.com\/wp-content\/uploads\/2025\/12\/moya-Stainless-steel-304-768x768.webp 768w, https:\/\/moyahousehold.com\/wp-content\/uploads\/2025\/12\/moya-Stainless-steel-304-12x12.webp 12w, https:\/\/moyahousehold.com\/wp-content\/uploads\/2025\/12\/moya-Stainless-steel-304-285x285.webp 285w, https:\/\/moyahousehold.com\/wp-content\/uploads\/2025\/12\/moya-Stainless-steel-304-270x270.webp 270w, https:\/\/moyahousehold.com\/wp-content\/uploads\/2025\/12\/moya-Stainless-steel-304-540x540.webp 540w, https:\/\/moyahousehold.com\/wp-content\/uploads\/2025\/12\/moya-Stainless-steel-304-660x660.webp 660w\" sizes=\"(max-width: 800px) 100vw, 800px\" \/><\/figure>\n<\/div>\n\n\n\n<div class=\"wp-block-column is-layout-flow wp-block-column-is-layout-flow\">\n<figure class=\"wp-block-image size-full\"><img decoding=\"async\" width=\"800\" height=\"800\" src=\"https:\/\/moyahousehold.com\/wp-content\/uploads\/2025\/12\/Factory-wholesale-1.webp\" alt=\"\" class=\"wp-image-11819\" srcset=\"https:\/\/moyahousehold.com\/wp-content\/uploads\/2025\/12\/Factory-wholesale-1.webp 800w, https:\/\/moyahousehold.com\/wp-content\/uploads\/2025\/12\/Factory-wholesale-1-300x300.webp 300w, https:\/\/moyahousehold.com\/wp-content\/uploads\/2025\/12\/Factory-wholesale-1-150x150.webp 150w, https:\/\/moyahousehold.com\/wp-content\/uploads\/2025\/12\/Factory-wholesale-1-768x768.webp 768w, https:\/\/moyahousehold.com\/wp-content\/uploads\/2025\/12\/Factory-wholesale-1-12x12.webp 12w, https:\/\/moyahousehold.com\/wp-content\/uploads\/2025\/12\/Factory-wholesale-1-285x285.webp 285w, https:\/\/moyahousehold.com\/wp-content\/uploads\/2025\/12\/Factory-wholesale-1-270x270.webp 270w, https:\/\/moyahousehold.com\/wp-content\/uploads\/2025\/12\/Factory-wholesale-1-540x540.webp 540w, https:\/\/moyahousehold.com\/wp-content\/uploads\/2025\/12\/Factory-wholesale-1-660x660.webp 660w\" sizes=\"(max-width: 800px) 100vw, 800px\" \/><\/figure>\n<\/div>\n<\/div>\n<\/div>\n<\/div>\n<\/div>\n\n\n\n<div class=\"wp-block-columns is-layout-flex wp-container-core-columns-is-layout-9d6595d7 wp-block-columns-is-layout-flex\">\n<div class=\"wp-block-column is-layout-flow wp-block-column-is-layout-flow\">\n<figure class=\"wp-block-image size-full\"><img decoding=\"async\" width=\"800\" height=\"800\" src=\"https:\/\/moyahousehold.com\/wp-content\/uploads\/2025\/12\/food-storage-box.webp\" alt=\"\" class=\"wp-image-11820\" srcset=\"https:\/\/moyahousehold.com\/wp-content\/uploads\/2025\/12\/food-storage-box.webp 800w, https:\/\/moyahousehold.com\/wp-content\/uploads\/2025\/12\/food-storage-box-300x300.webp 300w, https:\/\/moyahousehold.com\/wp-content\/uploads\/2025\/12\/food-storage-box-150x150.webp 150w, https:\/\/moyahousehold.com\/wp-content\/uploads\/2025\/12\/food-storage-box-768x768.webp 768w, https:\/\/moyahousehold.com\/wp-content\/uploads\/2025\/12\/food-storage-box-12x12.webp 12w, https:\/\/moyahousehold.com\/wp-content\/uploads\/2025\/12\/food-storage-box-285x285.webp 285w, https:\/\/moyahousehold.com\/wp-content\/uploads\/2025\/12\/food-storage-box-270x270.webp 270w, https:\/\/moyahousehold.com\/wp-content\/uploads\/2025\/12\/food-storage-box-540x540.webp 540w, https:\/\/moyahousehold.com\/wp-content\/uploads\/2025\/12\/food-storage-box-660x660.webp 660w\" sizes=\"(max-width: 800px) 100vw, 800px\" \/><\/figure>\n<\/div>\n\n\n\n<div class=\"wp-block-column is-layout-flow wp-block-column-is-layout-flow\">\n<figure class=\"wp-block-image size-full\"><img loading=\"lazy\" decoding=\"async\" width=\"800\" height=\"800\" src=\"https:\/\/moyahousehold.com\/wp-content\/uploads\/2025\/12\/Stainless-steel-food-storage-box.webp\" alt=\"\" class=\"wp-image-11822\" srcset=\"https:\/\/moyahousehold.com\/wp-content\/uploads\/2025\/12\/Stainless-steel-food-storage-box.webp 800w, https:\/\/moyahousehold.com\/wp-content\/uploads\/2025\/12\/Stainless-steel-food-storage-box-300x300.webp 300w, https:\/\/moyahousehold.com\/wp-content\/uploads\/2025\/12\/Stainless-steel-food-storage-box-150x150.webp 150w, https:\/\/moyahousehold.com\/wp-content\/uploads\/2025\/12\/Stainless-steel-food-storage-box-768x768.webp 768w, https:\/\/moyahousehold.com\/wp-content\/uploads\/2025\/12\/Stainless-steel-food-storage-box-12x12.webp 12w, https:\/\/moyahousehold.com\/wp-content\/uploads\/2025\/12\/Stainless-steel-food-storage-box-285x285.webp 285w, https:\/\/moyahousehold.com\/wp-content\/uploads\/2025\/12\/Stainless-steel-food-storage-box-270x270.webp 270w, https:\/\/moyahousehold.com\/wp-content\/uploads\/2025\/12\/Stainless-steel-food-storage-box-540x540.webp 540w, https:\/\/moyahousehold.com\/wp-content\/uploads\/2025\/12\/Stainless-steel-food-storage-box-660x660.webp 660w\" sizes=\"(max-width: 800px) 100vw, 800px\" \/><\/figure>\n<\/div>\n<\/div>","protected":false},"excerpt":{"rendered":"<h2 class=\"header-vfC6AV auto-hide-last-sibling-br\">Calidad superior y dise\u00f1o pr\u00e1ctico<\/h2>\n<div class=\"auto-hide-last-sibling-br paragraph-JOTKXA paragraph-element br-paragraph-space\">Fabricada en acero inoxidable 304 apto para uso alimentario, esta caja bento presenta una estructura de varios compartimentos (disponible en opciones de 4 \u00f3 5 compartimentos) que permite clasificar f\u00e1cilmente los distintos alimentos. Ideal para estudiantes y personal de oficina, garantiza que las comidas se mantengan frescas, organizadas y sin ensuciar. Con descuentos por compras al por mayor y soporte para personalizaci\u00f3n OEM y ODM, le invitamos a colaborar para satisfacer sus necesidades espec\u00edficas.<\/div>\n<h1 class=\"header-iWP5WJ auto-hide-last-sibling-br\">Fiambrera port\u00e1til de acero inoxidable: el compa\u00f1ero perfecto para sus comidas sobre la marcha<\/h1>\n<h3 class=\"header-iWP5WJ auto-hide-last-sibling-br\">Ventajas fundamentales<\/h3>\n<div class=\"auto-hide-last-sibling-br paragraph-pP9ZLC paragraph-element br-paragraph-space\"><strong>Acero inoxidable de calidad alimentaria, sin BPA<\/strong>\u00a0- Resistente, sin olores, f\u00e1cil de limpiar, seguro para el uso diario.<\/div>\n<h3 class=\"header-iWP5WJ auto-hide-last-sibling-br\">\u2705 A prueba de fugas y conservaci\u00f3n del frescor<\/h3>\n<div class=\"auto-hide-last-sibling-br paragraph-pP9ZLC paragraph-element br-paragraph-space\"><strong>Junta de clip de 4 lados + junta de silicona<\/strong>\u00a0- Cero derrames;\u00a0<strong>bot\u00f3n transpirable de liberaci\u00f3n de presi\u00f3n<\/strong>\u00a0- Mantiene los alimentos frescos durante m\u00e1s tiempo.<\/div>\n<h3 class=\"header-iWP5WJ auto-hide-last-sibling-br\">F\u00e1cil de llevar<\/h3>\n<div class=\"auto-hide-last-sibling-br paragraph-pP9ZLC paragraph-element br-paragraph-space\"><strong>Mango ergon\u00f3mico en forma de U<\/strong>\u00a0- F\u00e1cil de coger y llevar; dise\u00f1o ligero que se adapta a mochilas\/bolsas de mano.<\/div>\n<h3 class=\"header-iWP5WJ auto-hide-last-sibling-br\">Dise\u00f1o pr\u00e1ctico<\/h3>\n<div class=\"auto-hide-last-sibling-br paragraph-pP9ZLC paragraph-element br-paragraph-space\"><strong>Tapa transparente<\/strong>\u00a0- Compruebe el contenido sin abrirlo;\u00a0<strong>separador compatible<\/strong>\u00a0- Se acabaron los sabores mezclados.<\/div>\n<h3 class=\"header-iWP5WJ auto-hide-last-sibling-br\">\ud83c\udfaf Uso en varias escenas<\/h3>\n<div class=\"auto-hide-last-sibling-br paragraph-pP9ZLC paragraph-element br-paragraph-space\">Perfecta para almuerzos en la oficina, picnics al aire libre, viajes y almacenamiento diario - Imprescindible para trabajadores ocupados y amantes del aire libre.<\/div>\n<h3 class=\"header-iWP5WJ auto-hide-last-sibling-br\">\u267b\ufe0f Elecci\u00f3n ecol\u00f3gica<\/h3>\n<div class=\"auto-hide-last-sibling-br paragraph-pP9ZLC paragraph-element br-paragraph-space\">Alternativa reutilizable a los envases de pl\u00e1stico desechables - \u00a1Haz tu parte por el planeta!<\/div>\n<h2 class=\"header-vfC6AV auto-hide-last-sibling-br\">Servicios de personalizaci\u00f3n<\/h2>\n<div class=\"auto-hide-last-sibling-br paragraph-JOTKXA paragraph-element br-paragraph-space\">Como fabricante profesional de fiambreras, ofrecemos soluciones completas de OEM y ODM:<\/div>\n<ul class=\"auto-hide-last-sibling-br\">\n<li><strong>OEM<\/strong>: Personalice los logotipos, las impresiones o el embalaje para adaptarlos a la identidad de su marca. Tambi\u00e9n puede elegir diferentes colores para la cubierta exterior para que coincida con el estilo de su marca.<\/li>\n<li><strong>ODM<\/strong>: Colaboramos en el dise\u00f1o del producto, desde la disposici\u00f3n de los compartimentos (ajustando su n\u00famero y tama\u00f1o) hasta los acabados de los materiales, para crear soluciones \u00fanicas y adaptadas al mercado. Tambi\u00e9n podemos optimizar la estructura de sellado o a\u00f1adir dise\u00f1os funcionales especiales seg\u00fan sus necesidades.<\/li>\n<\/ul>","protected":false},"featured_media":11824,"comment_status":"closed","ping_status":"closed","template":"","meta":[],"product_cat":[58],"product_tag":[87,92],"class_list":{"0":"post-11815","1":"product","2":"type-product","3":"status-publish","4":"has-post-thumbnail","6":"product_cat-lunch-box-wholesale","7":"product_tag-wholesale-multi-compartment-lunch-box","8":"product_tag-wholesale-rectangle-lunch-box","10":"first","11":"instock","12":"shipping-taxable","13":"product-type-simple"},"_links":{"self":[{"href":"https:\/\/moyahousehold.com\/es\/wp-json\/wp\/v2\/product\/11815","targetHints":{"allow":["GET"]}}],"collection":[{"href":"https:\/\/moyahousehold.com\/es\/wp-json\/wp\/v2\/product"}],"about":[{"href":"https:\/\/moyahousehold.com\/es\/wp-json\/wp\/v2\/types\/product"}],"replies":[{"embeddable":true,"href":"https:\/\/moyahousehold.com\/es\/wp-json\/wp\/v2\/comments?post=11815"}],"version-history":[{"count":3,"href":"https:\/\/moyahousehold.com\/es\/wp-json\/wp\/v2\/product\/11815\/revisions"}],"predecessor-version":[{"id":12091,"href":"https:\/\/moyahousehold.com\/es\/wp-json\/wp\/v2\/product\/11815\/revisions\/12091"}],"wp:featuredmedia":[{"embeddable":true,"href":"https:\/\/moyahousehold.com\/es\/wp-json\/wp\/v2\/media\/11824"}],"wp:attachment":[{"href":"https:\/\/moyahousehold.com\/es\/wp-json\/wp\/v2\/media?parent=11815"}],"wp:term":[{"taxonomy":"product_cat","embeddable":true,"href":"https:\/\/moyahousehold.com\/es\/wp-json\/wp\/v2\/product_cat?post=11815"},{"taxonomy":"product_tag","embeddable":true,"href":"https:\/\/moyahousehold.com\/es\/wp-json\/wp\/v2\/product_tag?post=11815"}],"curies":[{"name":"wp","href":"https:\/\/api.w.org\/{rel}","templated":true}]}}