{"id":11828,"date":"2026-01-05T08:29:38","date_gmt":"2025-12-27T03:33:50","guid":{"rendered":"https:\/\/moyahousehold.com\/?post_type=product&#038;p=11828"},"modified":"2026-01-05T08:30:11","modified_gmt":"2026-01-05T08:30:11","slug":"vase-inspired-insulated-carafe-304-stainless-steel-glass-liner-long-lasting-temperature-retention-stylish-home-essential","status":"publish","type":"product","link":"https:\/\/moyahousehold.com\/es\/producto\/vase-inspired-insulated-carafe-304-stainless-steel-glass-liner-long-lasting-temperature-retention-stylish-home-essential\/","title":{"rendered":"Jarra isot\u00e9rmica inspirada en un jarr\u00f3n | Acero inoxidable 304 y revestimiento de vidrio, conserva la temperatura durante mucho tiempo, un elegante b\u00e1sico para el hogar"},"content":{"rendered":"<h3 class=\"wp-block-heading\">Par\u00e1metros de la jarra de caf\u00e9 aislada al vac\u00edo<\/h3>\n\n\n\n<div class=\"wp-block-group\"><div class=\"wp-block-group__inner-container is-layout-constrained wp-block-group-is-layout-constrained\">\n<figure class=\"wp-block-table\"><table class=\"has-fixed-layout\"><tbody><tr><td>Capacidad<\/td><td>Material<\/td><td>Tama\u00f1o del producto<\/td><td>Cantidad por caja<\/td><td>Color<\/td><\/tr><tr><td rowspan=\"2\">1.0L<\/td><td rowspan=\"2\">ABS, PP, vidrio de alto borosilicato, madera de acacia, silicona<\/td><td rowspan=\"2\">12.5*9.7*7.2<\/td><td rowspan=\"2\">12<\/td><td rowspan=\"2\">Caqui\/gris\/negro<\/td><\/tr><\/tbody><\/table><\/figure>\n<\/div><\/div>\n\n\n\n<h3 class=\"wp-block-heading\"><\/h3>\n\n\n\n<p>Opciones de jarra de caf\u00e9 personalizadas<\/p>\n\n\n\n<p><strong>Tapas: <\/strong>Tapa a presi\u00f3n de PP<br><strong>Logotipo:<\/strong> Personalice el logotipo de su marca en el producto y el envase.<br><strong>Opciones de logotipo:<\/strong> logotipo impreso, logotipo grabado con l\u00e1ser, etc.<br><strong>Patr\u00f3n: <\/strong>impresi\u00f3n de motivos en botellas t\u00e9rmicas.<br><strong>Tecnolog\u00eda de impresi\u00f3n: <\/strong>impresi\u00f3n por transferencia de agua, serigraf\u00eda, impresi\u00f3n por transferencia de calor, transferencia por sublimaci\u00f3n y mucho m\u00e1s.<br><strong>Embalaje:<\/strong> caja de color<br><a href=\"https:\/\/moyahousehold.com\/es\/solucion-personalizada\/\"><strong>Explore m\u00e1s soluciones de garrafas de caf\u00e9 personalizadas.<\/strong><\/a><\/p>\n\n\n\n<div class=\"wp-block-columns is-layout-flex wp-container-core-columns-is-layout-9d6595d7 wp-block-columns-is-layout-flex\">\n<div class=\"wp-block-column is-layout-flow wp-block-column-is-layout-flow\">\n<figure class=\"wp-block-image size-full\"><img fetchpriority=\"high\" decoding=\"async\" width=\"1000\" height=\"1500\" src=\"https:\/\/moyahousehold.com\/wp-content\/uploads\/2025\/12\/Best-stainless-steel-coffee-maker-for-home-use.webp\" alt=\"Cafetera francesa de acero inoxidable\" class=\"wp-image-11835\" srcset=\"https:\/\/moyahousehold.com\/wp-content\/uploads\/2025\/12\/Best-stainless-steel-coffee-maker-for-home-use.webp 1000w, https:\/\/moyahousehold.com\/wp-content\/uploads\/2025\/12\/Best-stainless-steel-coffee-maker-for-home-use-200x300.webp 200w, https:\/\/moyahousehold.com\/wp-content\/uploads\/2025\/12\/Best-stainless-steel-coffee-maker-for-home-use-768x1152.webp 768w, https:\/\/moyahousehold.com\/wp-content\/uploads\/2025\/12\/Best-stainless-steel-coffee-maker-for-home-use-8x12.webp 8w, https:\/\/moyahousehold.com\/wp-content\/uploads\/2025\/12\/Best-stainless-steel-coffee-maker-for-home-use-285x428.webp 285w, https:\/\/moyahousehold.com\/wp-content\/uploads\/2025\/12\/Best-stainless-steel-coffee-maker-for-home-use-440x660.webp 440w, https:\/\/moyahousehold.com\/wp-content\/uploads\/2025\/12\/Best-stainless-steel-coffee-maker-for-home-use-100x150.webp 100w\" sizes=\"(max-width: 1000px) 100vw, 1000px\" \/><figcaption class=\"wp-element-caption\">Cafetera de acero inoxidable 304 de calidad alimentaria<\/figcaption><\/figure>\n<\/div>\n\n\n\n<div class=\"wp-block-column is-layout-flow wp-block-column-is-layout-flow\">\n<figure class=\"wp-block-image size-full\"><img decoding=\"async\" width=\"1000\" height=\"1500\" src=\"https:\/\/moyahousehold.com\/wp-content\/uploads\/2025\/12\/Stainless-steel-French-press-coffee-maker.webp\" alt=\"Cafetera de acero inoxidable\" class=\"wp-image-11842\" srcset=\"https:\/\/moyahousehold.com\/wp-content\/uploads\/2025\/12\/Stainless-steel-French-press-coffee-maker.webp 1000w, https:\/\/moyahousehold.com\/wp-content\/uploads\/2025\/12\/Stainless-steel-French-press-coffee-maker-200x300.webp 200w, https:\/\/moyahousehold.com\/wp-content\/uploads\/2025\/12\/Stainless-steel-French-press-coffee-maker-768x1152.webp 768w, https:\/\/moyahousehold.com\/wp-content\/uploads\/2025\/12\/Stainless-steel-French-press-coffee-maker-8x12.webp 8w, https:\/\/moyahousehold.com\/wp-content\/uploads\/2025\/12\/Stainless-steel-French-press-coffee-maker-285x428.webp 285w, https:\/\/moyahousehold.com\/wp-content\/uploads\/2025\/12\/Stainless-steel-French-press-coffee-maker-440x660.webp 440w, https:\/\/moyahousehold.com\/wp-content\/uploads\/2025\/12\/Stainless-steel-French-press-coffee-maker-100x150.webp 100w\" sizes=\"(max-width: 1000px) 100vw, 1000px\" \/><figcaption class=\"wp-element-caption\">Cafetera de acero inoxidable para baristas dom\u00e9sticos<\/figcaption><\/figure>\n<\/div>\n<\/div>\n\n\n\n<p>Conozca su nuevo recipiente para bebidas que combina&nbsp;<em>elegante jarr\u00f3n de dise\u00f1o<\/em>&nbsp;con un rendimiento insuperable: nuestra jarra isot\u00e9rmica de acero inoxidable 304.<\/p>\n\n\n\n<p>Fabricada en acero inoxidable 304 apto para uso alimentario (resistente a la oxidaci\u00f3n, sin BPA y seguro para todo tipo de bebidas), esta jarra mantiene la temperatura durante m\u00e1s tiempo.&nbsp;<strong>6-12 horas<\/strong>-mantener el caf\u00e9 de la ma\u00f1ana humeante hasta el almuerzo, o la limonada helada crujiente toda la tarde.<\/p>\n\n\n\n<p>Su elegante silueta de jarr\u00f3n curvado no es s\u00f3lo un atractivo visual: el asa ancha se adapta c\u00f3modamente a la mano para verter sin derrames, mientras que la tapa a prueba de fugas se cierra herm\u00e9ticamente (sin ensuciar el bolso o la nevera).<\/p>\n\n\n\n<p>Perfecto para:<\/p>\n\n\n\n<div class=\"wp-block-group is-nowrap is-layout-flex wp-container-core-group-is-layout-ad2f72ca wp-block-group-is-layout-flex\">\n<p>\u2705 Cenas en casa (sirve t\u00e9\/vino caliente en un recipiente llamativo)<\/p>\n<\/div>\n\n\n\n<p>\u2705 Mesas de oficina (mantenga caliente su infusi\u00f3n diaria sin sacrificar la decoraci\u00f3n).<\/p>\n\n\n\n<p>\u2705 Picnics de fin de semana (ligeros, duraderos y que mantienen la temperatura durante horas).<\/p>\n\n\n\n<p>Mejora tu juego de beber con una jarra que funcione&nbsp;<em>tan dif\u00edcil como parece<\/em>-\u00a1A\u00f1adir a la cesta antes de que se agote!<\/p>\n\n\n\n<figure class=\"wp-block-gallery has-nested-images columns-default wp-block-gallery-1 is-layout-flex wp-block-gallery-is-layout-flex\">\n<figure class=\"wp-block-image size-large\"><img decoding=\"async\" width=\"1125\" height=\"1500\" data-id=\"11860\" src=\"https:\/\/moyahousehold.com\/wp-content\/uploads\/2026\/01\/Affordable-stainless-steel-pour-over-coffee-pot-2.webp\" alt=\"\" class=\"wp-image-11860\" srcset=\"https:\/\/moyahousehold.com\/wp-content\/uploads\/2026\/01\/Affordable-stainless-steel-pour-over-coffee-pot-2.webp 1125w, https:\/\/moyahousehold.com\/wp-content\/uploads\/2026\/01\/Affordable-stainless-steel-pour-over-coffee-pot-2-225x300.webp 225w, https:\/\/moyahousehold.com\/wp-content\/uploads\/2026\/01\/Affordable-stainless-steel-pour-over-coffee-pot-2-768x1024.webp 768w, https:\/\/moyahousehold.com\/wp-content\/uploads\/2026\/01\/Affordable-stainless-steel-pour-over-coffee-pot-2-9x12.webp 9w, https:\/\/moyahousehold.com\/wp-content\/uploads\/2026\/01\/Affordable-stainless-steel-pour-over-coffee-pot-2-285x380.webp 285w, https:\/\/moyahousehold.com\/wp-content\/uploads\/2026\/01\/Affordable-stainless-steel-pour-over-coffee-pot-2-495x660.webp 495w, https:\/\/moyahousehold.com\/wp-content\/uploads\/2026\/01\/Affordable-stainless-steel-pour-over-coffee-pot-2-113x150.webp 113w\" sizes=\"(max-width: 1125px) 100vw, 1125px\" \/><\/figure>\n\n\n\n<figure class=\"wp-block-image size-large\"><img loading=\"lazy\" decoding=\"async\" width=\"1000\" height=\"1500\" data-id=\"11859\" src=\"https:\/\/moyahousehold.com\/wp-content\/uploads\/2026\/01\/Best-stainless-steel-coffee-maker-for-home-use.webp\" alt=\"\" class=\"wp-image-11859\" srcset=\"https:\/\/moyahousehold.com\/wp-content\/uploads\/2026\/01\/Best-stainless-steel-coffee-maker-for-home-use.webp 1000w, https:\/\/moyahousehold.com\/wp-content\/uploads\/2026\/01\/Best-stainless-steel-coffee-maker-for-home-use-200x300.webp 200w, https:\/\/moyahousehold.com\/wp-content\/uploads\/2026\/01\/Best-stainless-steel-coffee-maker-for-home-use-768x1152.webp 768w, https:\/\/moyahousehold.com\/wp-content\/uploads\/2026\/01\/Best-stainless-steel-coffee-maker-for-home-use-8x12.webp 8w, https:\/\/moyahousehold.com\/wp-content\/uploads\/2026\/01\/Best-stainless-steel-coffee-maker-for-home-use-285x428.webp 285w, https:\/\/moyahousehold.com\/wp-content\/uploads\/2026\/01\/Best-stainless-steel-coffee-maker-for-home-use-440x660.webp 440w, https:\/\/moyahousehold.com\/wp-content\/uploads\/2026\/01\/Best-stainless-steel-coffee-maker-for-home-use-100x150.webp 100w\" sizes=\"(max-width: 1000px) 100vw, 1000px\" \/><\/figure>\n<\/figure>\n\n\n\n<p>Ya sea para recibir invitados, preparar sus bebidas diarias o a\u00f1adir un toque chic a su encimera, esta jarra isot\u00e9rmica con forma de jarr\u00f3n cumple todos los requisitos. Duradera, elegante y dise\u00f1ada para que cada sorbo sea perfecto. No te conformes con una vajilla aburrida: \u00a1hazte con la tuya hoy mismo y mejora tu rutina de hidrataci\u00f3n!<\/p>\n\n\n\n<figure class=\"wp-block-gallery has-nested-images columns-default is-cropped wp-block-gallery-2 is-layout-flex wp-block-gallery-is-layout-flex\">\n<figure class=\"wp-block-image size-large\"><img loading=\"lazy\" decoding=\"async\" width=\"1000\" height=\"1500\" data-id=\"11861\" src=\"https:\/\/moyahousehold.com\/wp-content\/uploads\/2026\/01\/Food-grade-304-stainless-steel-coffee-maker.webp\" alt=\"\" class=\"wp-image-11861\" srcset=\"https:\/\/moyahousehold.com\/wp-content\/uploads\/2026\/01\/Food-grade-304-stainless-steel-coffee-maker.webp 1000w, https:\/\/moyahousehold.com\/wp-content\/uploads\/2026\/01\/Food-grade-304-stainless-steel-coffee-maker-200x300.webp 200w, https:\/\/moyahousehold.com\/wp-content\/uploads\/2026\/01\/Food-grade-304-stainless-steel-coffee-maker-768x1152.webp 768w, https:\/\/moyahousehold.com\/wp-content\/uploads\/2026\/01\/Food-grade-304-stainless-steel-coffee-maker-8x12.webp 8w, https:\/\/moyahousehold.com\/wp-content\/uploads\/2026\/01\/Food-grade-304-stainless-steel-coffee-maker-285x428.webp 285w, https:\/\/moyahousehold.com\/wp-content\/uploads\/2026\/01\/Food-grade-304-stainless-steel-coffee-maker-440x660.webp 440w, https:\/\/moyahousehold.com\/wp-content\/uploads\/2026\/01\/Food-grade-304-stainless-steel-coffee-maker-100x150.webp 100w\" sizes=\"(max-width: 1000px) 100vw, 1000px\" \/><\/figure>\n\n\n\n<figure class=\"wp-block-image size-large\"><img loading=\"lazy\" decoding=\"async\" width=\"1000\" height=\"1500\" data-id=\"11862\" src=\"https:\/\/moyahousehold.com\/wp-content\/uploads\/2026\/01\/Rust-proof-stainless-steel-coffee-pot-2.webp\" alt=\"\" class=\"wp-image-11862\" srcset=\"https:\/\/moyahousehold.com\/wp-content\/uploads\/2026\/01\/Rust-proof-stainless-steel-coffee-pot-2.webp 1000w, https:\/\/moyahousehold.com\/wp-content\/uploads\/2026\/01\/Rust-proof-stainless-steel-coffee-pot-2-200x300.webp 200w, https:\/\/moyahousehold.com\/wp-content\/uploads\/2026\/01\/Rust-proof-stainless-steel-coffee-pot-2-768x1152.webp 768w, https:\/\/moyahousehold.com\/wp-content\/uploads\/2026\/01\/Rust-proof-stainless-steel-coffee-pot-2-8x12.webp 8w, https:\/\/moyahousehold.com\/wp-content\/uploads\/2026\/01\/Rust-proof-stainless-steel-coffee-pot-2-285x428.webp 285w, https:\/\/moyahousehold.com\/wp-content\/uploads\/2026\/01\/Rust-proof-stainless-steel-coffee-pot-2-440x660.webp 440w, https:\/\/moyahousehold.com\/wp-content\/uploads\/2026\/01\/Rust-proof-stainless-steel-coffee-pot-2-100x150.webp 100w\" sizes=\"(max-width: 1000px) 100vw, 1000px\" \/><\/figure>\n<\/figure>","protected":false},"excerpt":{"rendered":"<div class=\"inter-jQQQ8P\">\n<div class=\"container-PrUkKo\">\n<div class=\"item-hGGxLi\">\n<div class=\"container-arOxqB chrome70-container\">\n<div class=\"inner-FyM8gE inner-item-swzCut\" data-target-id=\"message-box-target-id\" data-testid=\"union_message\">\n<div class=\"message-block-container-aFugD6\" data-testid=\"message-block-container\">\n<div class=\"flex flex-row w-full w-full max-w-full s-font-base text-s-color-text-secondary p-0 rounded-s-radius-s bg-transparent group data-[attr=select-mode]:-mt-10 data-[attr=select-mode]:py-10 data-[attr=select-mode]:px-16 data-[attr=select-mode]:sm:p-10 data-[attr=select-mode]:hover:bg-s-color-bg-base data-[attr=select-mode]:hover:rounded-s-radius-xs data-[attr=select-mode]:has-[:checked]:bg-s-color-bg-trans data-[attr=select-mode]:has-[:checked]:rounded-s-radius-xs data-[attr=select-mode]:pointer-events-none\" data-testid=\"receive_message\">\n<div class=\"flex flex-col flex-grow max-w-full min-w-0\">\n<div class=\"flex flex-row w-full\" data-testid=\"message_content\" data-message-id=\"11906409299183362\">\n<div class=\"w-full\" data-plugin-identifier=\"Symbol(receive-write-text-content)\">\n<div class=\"container-ZYIsnH flow-markdown-body theme-samantha-Nbr9UN\" dir=\"ltr\" data-testid=\"message_text_content\" data-show-indicator=\"false\">\n<h1 class=\"header-vfC6AV auto-hide-last-sibling-br\">Nuevo lanzamiento: Jarra de caf\u00e9 isot\u00e9rmica con revestimiento de vidrio<\/h1>\n<div class=\"auto-hide-last-sibling-br paragraph-JOTKXA paragraph-element br-paragraph-space\">Esta nueva jarra de caf\u00e9 aislada ofrece una excepcional retenci\u00f3n del calor, junto con un c\u00f3modo dise\u00f1o de dispensaci\u00f3n con un solo bot\u00f3n para un uso sin esfuerzo. Su aspecto elegante y minimalista la hace perfecta tanto para el hogar como para la oficina. Ofrecemos servicios de venta al por mayor para esta nueva jarra isot\u00e9rmica con revestimiento de vidrio, adem\u00e1s de soluciones de personalizaci\u00f3n flexibles. No dude en ponerse en contacto con nosotros en cualquier momento.<\/div>\n<h2 class=\"header-vfC6AV auto-hide-last-sibling-br\">Caracter\u00edsticas de la nueva jarra de caf\u00e9 isot\u00e9rmica con revestimiento de vidrio<\/h2>\n<ul class=\"auto-hide-last-sibling-br\">\n<li>\n<div class=\"auto-hide-last-sibling-br paragraph-JOTKXA paragraph-element br-paragraph-space\"><strong>Dise\u00f1o elegante y atemporal<\/strong>: Fabricada con una est\u00e9tica minimalista y disponible en los cl\u00e1sicos negro y beige, esta nueva jarra se integra a la perfecci\u00f3n en el hogar, la oficina o los espacios comerciales, a\u00f1adiendo un toque de discreta elegancia.<\/div>\n<\/li>\n<li>\n<div class=\"auto-hide-last-sibling-br paragraph-JOTKXA paragraph-element br-paragraph-space\"><strong>Premium Glass Liner<\/strong>: El revestimiento interior de vidrio de alta calidad garantiza la durabilidad al tiempo que preserva el sabor puro del agua, el caf\u00e9 y otras bebidas, sin olores ni residuos no deseados, lo que garantiza una experiencia de consumo segura.<\/div>\n<\/li>\n<li>\n<div class=\"auto-hide-last-sibling-br paragraph-JOTKXA paragraph-element br-paragraph-space\"><strong>Funcionamiento con un solo bot\u00f3n<\/strong>: Equipada con un innovador mecanismo de un solo toque, elimina la molestia de las jarras t\u00e9rmicas tradicionales, haciendo que el vertido sea r\u00e1pido y f\u00e1cil, incluso con una sola mano.<\/div>\n<\/li>\n<li>\n<div class=\"auto-hide-last-sibling-br paragraph-JOTKXA paragraph-element br-paragraph-space\"><strong>Retenci\u00f3n duradera de la temperatura<\/strong>: Gracias a su avanzada tecnolog\u00eda de aislamiento al vac\u00edo, esta nueva jarra mantiene los l\u00edquidos calientes durante periodos prolongados, garantizando que el caf\u00e9, el t\u00e9 y otras bebidas calientes se mantengan a su temperatura \u00f3ptima.<\/div>\n<\/li>\n<li>\n<div class=\"auto-hide-last-sibling-br paragraph-JOTKXA paragraph-element br-paragraph-space\"><strong>Precios al por mayor competitivos<\/strong>: Los fabricantes de Moya ofrecen precios al por mayor muy competitivos para este nuevo lanzamiento, dirigido a minoristas, distribuidores y compradores a granel del sector de la restauraci\u00f3n.<\/div>\n<\/li>\n<li>\n<div class=\"auto-hide-last-sibling-br paragraph-JOTKXA paragraph-element br-paragraph-space\"><strong>Personalizaci\u00f3n OEM y ODM<\/strong>: Nuestros servicios de OEM y ODM le permiten adaptar la nueva garrafa a sus necesidades: personalice su aspecto, capacidad o a\u00f1ada el logotipo de su marca para crear un producto \u00fanico y listo para el mercado.<\/div>\n<\/li>\n<\/ul>\n<\/div>\n<\/div>\n<\/div>\n<div class=\"answer-action-bar-pgm2JD answer-action-bar flex flex-col justify-end\" data-testid=\"message_action_bar\">\n<div class=\"container-rxM4SW flex flex-row items-start w-full self-center\" data-message-action-bar=\"1\">\n<div class=\"left-Y7jNAM\">\u00a0<\/div>\n<\/div>\n<\/div>\n<\/div>\n<\/div>\n<\/div>\n<\/div>\n<\/div>\n<\/div>\n<\/div>\n<\/div>","protected":false},"featured_media":11832,"comment_status":"open","ping_status":"closed","template":"","meta":[],"product_cat":[54],"product_tag":[66,78,85],"class_list":{"0":"post-11828","1":"product","2":"type-product","3":"status-publish","4":"has-post-thumbnail","6":"product_cat-thermal-carafe-wholesale","7":"product_tag-wholesale-1000ml-thermos-carafe","8":"product_tag-wholesale-1500ml-thermos-carafe","9":"product_tag-wholesale-stainless-steel-liner-thermos-carafe","11":"first","12":"instock","13":"shipping-taxable","14":"product-type-simple"},"_links":{"self":[{"href":"https:\/\/moyahousehold.com\/es\/wp-json\/wp\/v2\/product\/11828","targetHints":{"allow":["GET"]}}],"collection":[{"href":"https:\/\/moyahousehold.com\/es\/wp-json\/wp\/v2\/product"}],"about":[{"href":"https:\/\/moyahousehold.com\/es\/wp-json\/wp\/v2\/types\/product"}],"replies":[{"embeddable":true,"href":"https:\/\/moyahousehold.com\/es\/wp-json\/wp\/v2\/comments?post=11828"}],"version-history":[{"count":3,"href":"https:\/\/moyahousehold.com\/es\/wp-json\/wp\/v2\/product\/11828\/revisions"}],"predecessor-version":[{"id":11863,"href":"https:\/\/moyahousehold.com\/es\/wp-json\/wp\/v2\/product\/11828\/revisions\/11863"}],"wp:featuredmedia":[{"embeddable":true,"href":"https:\/\/moyahousehold.com\/es\/wp-json\/wp\/v2\/media\/11832"}],"wp:attachment":[{"href":"https:\/\/moyahousehold.com\/es\/wp-json\/wp\/v2\/media?parent=11828"}],"wp:term":[{"taxonomy":"product_cat","embeddable":true,"href":"https:\/\/moyahousehold.com\/es\/wp-json\/wp\/v2\/product_cat?post=11828"},{"taxonomy":"product_tag","embeddable":true,"href":"https:\/\/moyahousehold.com\/es\/wp-json\/wp\/v2\/product_tag?post=11828"}],"curies":[{"name":"wp","href":"https:\/\/api.w.org\/{rel}","templated":true}]}}