{"id":11864,"date":"2026-01-06T07:43:46","date_gmt":"2026-01-06T07:05:00","guid":{"rendered":"https:\/\/moyahousehold.com\/?post_type=product&#038;p=11864"},"modified":"2026-04-15T06:40:49","modified_gmt":"2026-04-15T06:40:49","slug":"304-stainless-steel-mixing-bowl-your-ultimate-kitchen-prep-tool","status":"publish","type":"product","link":"https:\/\/moyahousehold.com\/es\/producto\/304-stainless-steel-mixing-bowl-your-ultimate-kitchen-prep-tool\/","title":{"rendered":"304 Stainless Steel Mixing Bowl | Your Ultimate Kitchen Prep Tool"},"content":{"rendered":"<figure class=\"wp-block-image size-full\"><img fetchpriority=\"high\" decoding=\"async\" width=\"800\" height=\"800\" src=\"https:\/\/moyahousehold.com\/wp-content\/uploads\/2026\/01\/durable-kitchen-bowls-for-home-cooks.webp\" alt=\"\" class=\"wp-image-11866\" srcset=\"https:\/\/moyahousehold.com\/wp-content\/uploads\/2026\/01\/durable-kitchen-bowls-for-home-cooks.webp 800w, https:\/\/moyahousehold.com\/wp-content\/uploads\/2026\/01\/durable-kitchen-bowls-for-home-cooks-300x300.webp 300w, https:\/\/moyahousehold.com\/wp-content\/uploads\/2026\/01\/durable-kitchen-bowls-for-home-cooks-150x150.webp 150w, https:\/\/moyahousehold.com\/wp-content\/uploads\/2026\/01\/durable-kitchen-bowls-for-home-cooks-768x768.webp 768w, https:\/\/moyahousehold.com\/wp-content\/uploads\/2026\/01\/durable-kitchen-bowls-for-home-cooks-12x12.webp 12w, https:\/\/moyahousehold.com\/wp-content\/uploads\/2026\/01\/durable-kitchen-bowls-for-home-cooks-285x285.webp 285w, https:\/\/moyahousehold.com\/wp-content\/uploads\/2026\/01\/durable-kitchen-bowls-for-home-cooks-270x270.webp 270w, https:\/\/moyahousehold.com\/wp-content\/uploads\/2026\/01\/durable-kitchen-bowls-for-home-cooks-540x540.webp 540w, https:\/\/moyahousehold.com\/wp-content\/uploads\/2026\/01\/durable-kitchen-bowls-for-home-cooks-660x660.webp 660w\" sizes=\"(max-width: 800px) 100vw, 800px\" \/><\/figure>\n\n\n\n<h3 class=\"wp-block-heading\">Parameters of Stainless Steel Mixing Bowl<\/h3>\n\n\n\n<p><strong>Material:<\/strong> Acero inoxidable 304  <strong> Color:<\/strong> Plata<\/p>\n\n\n\n<figure class=\"wp-block-table\"><table class=\"has-fixed-layout\"><tbody><tr><td class=\"has-text-align-center\" data-align=\"center\"><strong>Art\u00edculo<\/strong><\/td><td><strong>Material<\/strong><\/td><td><strong>Color<\/strong><\/td><td><strong>PCS\/Caja<\/strong><\/td><td><strong>Capacidad<\/strong><\/td><td><strong>G.W.\/Caso<\/strong><\/td><\/tr><tr><td class=\"has-text-align-center\" data-align=\"center\">MYDS016<\/td><td rowspan=\"6\">Acero inoxidable 304<\/td><td rowspan=\"6\">Plata<\/td><td rowspan=\"6\">180<\/td><td>300ML<\/td><td>12.7<\/td><\/tr><tr><td class=\"has-text-align-center\" data-align=\"center\">MYDS017<\/td><td>500ML<\/td><td>19<\/td><\/tr><tr><td class=\"has-text-align-center\" data-align=\"center\">MYDS018<\/td><td>900ML<\/td><td>24.5<\/td><\/tr><tr><td class=\"has-text-align-center\" data-align=\"center\">MYDS019<\/td><td>300ML Con asa<\/td><td>16.9<\/td><\/tr><tr><td class=\"has-text-align-center\" data-align=\"center\">MYDS020<\/td><td>500ML Con asa<\/td><td>22.5<\/td><\/tr><tr><td class=\"has-text-align-center\" data-align=\"center\">MYDS021<\/td><td>900ML Con asa<\/td><td>30.5<\/td><\/tr><\/tbody><\/table><\/figure>\n\n\n\n<h3 class=\"wp-block-heading\">Opciones de recipientes de cocci\u00f3n personalizados<\/h3>\n\n\n\n<p><strong>Logotipo<\/strong>Personalice el logotipo de su marca en el recipiente de acero inoxidable y en el embalaje.<br><strong>Logo Options<\/strong>Logotipo impreso, logotipo grabado con l\u00e1ser, etc.<br><strong>Patr\u00f3n<\/strong>Impresi\u00f3n de motivos en productos y envases.<br><strong>Printing Technology<\/strong>Impresi\u00f3n por transferencia de agua, serigraf\u00eda, transferencia de calor, sublimaci\u00f3n, etc.<br><strong>Embalaje:<\/strong>caja de color.<br><a href=\"https:\/\/moyahousehold.com\/es\/solucion-personalizada\/\"><strong>M\u00e1s informaci\u00f3n sobre soluciones de fiambreras personalizadas.<\/strong><\/a><\/p>\n\n\n\n<div class=\"wp-block-columns is-layout-flex wp-container-core-columns-is-layout-9d6595d7 wp-block-columns-is-layout-flex\">\n<div class=\"wp-block-column is-layout-flow wp-block-column-is-layout-flow\" style=\"flex-basis:100%\">\n<div class=\"wp-block-group is-nowrap is-layout-flex wp-container-core-group-is-layout-ad2f72ca wp-block-group-is-layout-flex\">\n<div class=\"wp-block-columns is-layout-flex wp-container-core-columns-is-layout-9d6595d7 wp-block-columns-is-layout-flex\">\n<div class=\"wp-block-column is-layout-flow wp-block-column-is-layout-flow\">\n<figure class=\"wp-block-image size-full\"><img decoding=\"async\" width=\"800\" height=\"800\" src=\"https:\/\/moyahousehold.com\/wp-content\/uploads\/2026\/01\/food-grade-304-stainless-steel-mixing-bowls-with-measurements.webp\" alt=\"Boles de acero inoxidable 304 con asa\" class=\"wp-image-11868\" srcset=\"https:\/\/moyahousehold.com\/wp-content\/uploads\/2026\/01\/food-grade-304-stainless-steel-mixing-bowls-with-measurements.webp 800w, https:\/\/moyahousehold.com\/wp-content\/uploads\/2026\/01\/food-grade-304-stainless-steel-mixing-bowls-with-measurements-300x300.webp 300w, https:\/\/moyahousehold.com\/wp-content\/uploads\/2026\/01\/food-grade-304-stainless-steel-mixing-bowls-with-measurements-150x150.webp 150w, https:\/\/moyahousehold.com\/wp-content\/uploads\/2026\/01\/food-grade-304-stainless-steel-mixing-bowls-with-measurements-768x768.webp 768w, https:\/\/moyahousehold.com\/wp-content\/uploads\/2026\/01\/food-grade-304-stainless-steel-mixing-bowls-with-measurements-12x12.webp 12w, https:\/\/moyahousehold.com\/wp-content\/uploads\/2026\/01\/food-grade-304-stainless-steel-mixing-bowls-with-measurements-285x285.webp 285w, https:\/\/moyahousehold.com\/wp-content\/uploads\/2026\/01\/food-grade-304-stainless-steel-mixing-bowls-with-measurements-270x270.webp 270w, https:\/\/moyahousehold.com\/wp-content\/uploads\/2026\/01\/food-grade-304-stainless-steel-mixing-bowls-with-measurements-540x540.webp 540w, https:\/\/moyahousehold.com\/wp-content\/uploads\/2026\/01\/food-grade-304-stainless-steel-mixing-bowls-with-measurements-660x660.webp 660w\" sizes=\"(max-width: 800px) 100vw, 800px\" \/><\/figure>\n<\/div>\n\n\n\n<div class=\"wp-block-column is-layout-flow wp-block-column-is-layout-flow\">\n<figure class=\"wp-block-image size-full\"><img decoding=\"async\" width=\"800\" height=\"800\" src=\"https:\/\/moyahousehold.com\/wp-content\/uploads\/2026\/01\/non-deformable-kitchen-mixing-bowls-set.webp\" alt=\"\" class=\"wp-image-11869\" srcset=\"https:\/\/moyahousehold.com\/wp-content\/uploads\/2026\/01\/non-deformable-kitchen-mixing-bowls-set.webp 800w, https:\/\/moyahousehold.com\/wp-content\/uploads\/2026\/01\/non-deformable-kitchen-mixing-bowls-set-300x300.webp 300w, https:\/\/moyahousehold.com\/wp-content\/uploads\/2026\/01\/non-deformable-kitchen-mixing-bowls-set-150x150.webp 150w, https:\/\/moyahousehold.com\/wp-content\/uploads\/2026\/01\/non-deformable-kitchen-mixing-bowls-set-768x768.webp 768w, https:\/\/moyahousehold.com\/wp-content\/uploads\/2026\/01\/non-deformable-kitchen-mixing-bowls-set-12x12.webp 12w, https:\/\/moyahousehold.com\/wp-content\/uploads\/2026\/01\/non-deformable-kitchen-mixing-bowls-set-285x285.webp 285w, https:\/\/moyahousehold.com\/wp-content\/uploads\/2026\/01\/non-deformable-kitchen-mixing-bowls-set-270x270.webp 270w, https:\/\/moyahousehold.com\/wp-content\/uploads\/2026\/01\/non-deformable-kitchen-mixing-bowls-set-540x540.webp 540w, https:\/\/moyahousehold.com\/wp-content\/uploads\/2026\/01\/non-deformable-kitchen-mixing-bowls-set-660x660.webp 660w\" sizes=\"(max-width: 800px) 100vw, 800px\" \/><\/figure>\n<\/div>\n<\/div>\n<\/div>\n<\/div>\n<\/div>\n\n\n\n<p><strong>Resumen r\u00e1pido: <\/strong>\u00bfBusca un bol duradero, seguro y vers\u00e1til para mejorar su experiencia en la cocina y la reposter\u00eda? Nuestro bol de acero inoxidable 304 es la elecci\u00f3n perfecta. Fabricado en acero inoxidable 304 apto para uso alimentario, con asa resistente al calor y marcas de medida claras, este bol es ideal para todo, desde preparar huevos y mezclar ensaladas hasta hornear pasteles y almacenar sobras. F\u00e1cil de limpiar, inastillable y sin olores: \u00a1adi\u00f3s a los sucios y endebles cuencos de cocina y hola a la preparaci\u00f3n de comidas sin esfuerzo!<\/p>\n\n\n\n<figure class=\"wp-block-gallery has-nested-images columns-default is-cropped wp-block-gallery-1 is-layout-flex wp-block-gallery-is-layout-flex\">\n<figure class=\"wp-block-image size-large\"><img loading=\"lazy\" decoding=\"async\" width=\"1000\" height=\"1500\" data-id=\"11870\" src=\"https:\/\/moyahousehold.com\/wp-content\/uploads\/2026\/01\/304-stainless-steel-mixing-bowls-with-handle-1.webp\" alt=\"\" class=\"wp-image-11870\" srcset=\"https:\/\/moyahousehold.com\/wp-content\/uploads\/2026\/01\/304-stainless-steel-mixing-bowls-with-handle-1.webp 1000w, https:\/\/moyahousehold.com\/wp-content\/uploads\/2026\/01\/304-stainless-steel-mixing-bowls-with-handle-1-200x300.webp 200w, https:\/\/moyahousehold.com\/wp-content\/uploads\/2026\/01\/304-stainless-steel-mixing-bowls-with-handle-1-768x1152.webp 768w, https:\/\/moyahousehold.com\/wp-content\/uploads\/2026\/01\/304-stainless-steel-mixing-bowls-with-handle-1-8x12.webp 8w, https:\/\/moyahousehold.com\/wp-content\/uploads\/2026\/01\/304-stainless-steel-mixing-bowls-with-handle-1-285x428.webp 285w, https:\/\/moyahousehold.com\/wp-content\/uploads\/2026\/01\/304-stainless-steel-mixing-bowls-with-handle-1-440x660.webp 440w, https:\/\/moyahousehold.com\/wp-content\/uploads\/2026\/01\/304-stainless-steel-mixing-bowls-with-handle-1-100x150.webp 100w\" sizes=\"(max-width: 1000px) 100vw, 1000px\" \/><\/figure>\n\n\n\n<figure class=\"wp-block-image size-large\"><img loading=\"lazy\" decoding=\"async\" width=\"1000\" height=\"1500\" data-id=\"11871\" src=\"https:\/\/moyahousehold.com\/wp-content\/uploads\/2026\/01\/easy-clean-non-stick-mixing-bowls.webp\" alt=\"\" class=\"wp-image-11871\" srcset=\"https:\/\/moyahousehold.com\/wp-content\/uploads\/2026\/01\/easy-clean-non-stick-mixing-bowls.webp 1000w, https:\/\/moyahousehold.com\/wp-content\/uploads\/2026\/01\/easy-clean-non-stick-mixing-bowls-200x300.webp 200w, https:\/\/moyahousehold.com\/wp-content\/uploads\/2026\/01\/easy-clean-non-stick-mixing-bowls-768x1152.webp 768w, https:\/\/moyahousehold.com\/wp-content\/uploads\/2026\/01\/easy-clean-non-stick-mixing-bowls-8x12.webp 8w, https:\/\/moyahousehold.com\/wp-content\/uploads\/2026\/01\/easy-clean-non-stick-mixing-bowls-285x428.webp 285w, https:\/\/moyahousehold.com\/wp-content\/uploads\/2026\/01\/easy-clean-non-stick-mixing-bowls-440x660.webp 440w, https:\/\/moyahousehold.com\/wp-content\/uploads\/2026\/01\/easy-clean-non-stick-mixing-bowls-100x150.webp 100w\" sizes=\"(max-width: 1000px) 100vw, 1000px\" \/><\/figure>\n<\/figure>\n\n\n\n<h3 class=\"wp-block-heading\">1. Acero inoxidable 304 de calidad alimentaria: La seguridad es lo primero para usted y su familia<\/h3>\n\n\n\n<p>La salud es lo primero: Hecho de acero inoxidable 304 de grado alimenticio de alta calidad, resistente a la corrosi\u00f3n, a prueba de \u00f3xido y no t\u00f3xico. No absorbe olores incluso con ingredientes \u00e1cidos\/alcalinos (limones, huevos, etc.), seguro para marinar, mezclar y almacenar alimentos.<\/p>\n\n\n\n<h3 class=\"wp-block-heading\">2. Mango resistente al calor: Seguro y estable de sujetar, incluso con comida caliente.<\/h3>\n\n\n\n<p>Mango resistente al calor: Se mantiene fr\u00edo al sujetar alimentos calientes (sopas, guisos, etc.), su dise\u00f1o ergon\u00f3mico garantiza un agarre firme. Evita resbalones y quemaduras, conveniente para la transferencia r\u00e1pida de alimentos.<\/p>\n\n\n\n<h3 class=\"wp-block-heading\">3. Marcas de medici\u00f3n incorporadas: Precisi\u00f3n en todo momento<\/h3>\n\n\n\n<p>Olv\u00eddese de hacer malabarismos con varias tazas y cucharas medidoras: nuestro bol tiene marcas de medici\u00f3n claras y f\u00e1ciles de leer (ml y tazas) impresas en el interior. Tanto si est\u00e1 horneando un pastel que requiere cantidades exactas de leche y harina, como si est\u00e1 mezclando una salsa que necesita un condimento preciso, estas marcas facilitan la medici\u00f3n directamente en el bol. Ahorre tiempo, reduzca la limpieza y obtenga resultados uniformes en todo momento.<\/p>\n\n\n\n<h3 class=\"wp-block-heading\">4. Practical Size: Ideal for Multiple Kitchen Tasks<\/h3>\n\n\n\n<p>With a practical capacity, this mixing bowl is designed to cover most of your daily kitchen needs. Use it for prepping eggs, mixing spices, marinating small portions of meat, mixing salads, or storing leftovers. The compact design also saves space in your kitchen cabinet\u2014easy to store without cluttering shelves!<\/p>\n\n\n\n<figure class=\"wp-block-gallery has-nested-images columns-default is-cropped wp-block-gallery-2 is-layout-flex wp-block-gallery-is-layout-flex\">\n<figure class=\"wp-block-image size-large\"><img loading=\"lazy\" decoding=\"async\" width=\"1000\" height=\"1500\" data-id=\"11880\" src=\"https:\/\/moyahousehold.com\/wp-content\/uploads\/2026\/01\/measuring-mixing-bowls-set.webp\" alt=\"\" class=\"wp-image-11880\" srcset=\"https:\/\/moyahousehold.com\/wp-content\/uploads\/2026\/01\/measuring-mixing-bowls-set.webp 1000w, https:\/\/moyahousehold.com\/wp-content\/uploads\/2026\/01\/measuring-mixing-bowls-set-200x300.webp 200w, https:\/\/moyahousehold.com\/wp-content\/uploads\/2026\/01\/measuring-mixing-bowls-set-768x1152.webp 768w, https:\/\/moyahousehold.com\/wp-content\/uploads\/2026\/01\/measuring-mixing-bowls-set-8x12.webp 8w, https:\/\/moyahousehold.com\/wp-content\/uploads\/2026\/01\/measuring-mixing-bowls-set-285x428.webp 285w, https:\/\/moyahousehold.com\/wp-content\/uploads\/2026\/01\/measuring-mixing-bowls-set-440x660.webp 440w, https:\/\/moyahousehold.com\/wp-content\/uploads\/2026\/01\/measuring-mixing-bowls-set-100x150.webp 100w\" sizes=\"(max-width: 1000px) 100vw, 1000px\" \/><\/figure>\n\n\n\n<figure class=\"wp-block-image size-large\"><img loading=\"lazy\" decoding=\"async\" width=\"1000\" height=\"1500\" data-id=\"11881\" src=\"https:\/\/moyahousehold.com\/wp-content\/uploads\/2026\/01\/salad-mixing-bowls-for-cooking.webp\" alt=\"\" class=\"wp-image-11881\" srcset=\"https:\/\/moyahousehold.com\/wp-content\/uploads\/2026\/01\/salad-mixing-bowls-for-cooking.webp 1000w, https:\/\/moyahousehold.com\/wp-content\/uploads\/2026\/01\/salad-mixing-bowls-for-cooking-200x300.webp 200w, https:\/\/moyahousehold.com\/wp-content\/uploads\/2026\/01\/salad-mixing-bowls-for-cooking-768x1152.webp 768w, https:\/\/moyahousehold.com\/wp-content\/uploads\/2026\/01\/salad-mixing-bowls-for-cooking-8x12.webp 8w, https:\/\/moyahousehold.com\/wp-content\/uploads\/2026\/01\/salad-mixing-bowls-for-cooking-285x428.webp 285w, https:\/\/moyahousehold.com\/wp-content\/uploads\/2026\/01\/salad-mixing-bowls-for-cooking-440x660.webp 440w, https:\/\/moyahousehold.com\/wp-content\/uploads\/2026\/01\/salad-mixing-bowls-for-cooking-100x150.webp 100w\" sizes=\"(max-width: 1000px) 100vw, 1000px\" \/><\/figure>\n<\/figure>\n\n\n\n<p><\/p>","protected":false},"excerpt":{"rendered":"<h2 class=\"header-vfC6AV auto-hide-last-sibling-br\">Servicios de personalizaci\u00f3n<\/h2>\n<div class=\"auto-hide-last-sibling-br paragraph-JOTKXA paragraph-element br-paragraph-space\">Como fabricante profesional de fiambreras, ofrecemos soluciones completas de OEM y ODM:<\/div>\n<ul class=\"auto-hide-last-sibling-br\">\n<li><strong>OEM<\/strong>: Personalice los logotipos, las impresiones o el embalaje para adaptarlos a la identidad de su marca. Tambi\u00e9n puede elegir diferentes colores para la cubierta exterior para que coincida con el estilo de su marca.<\/li>\n<li><strong>ODM<\/strong>: Colaboramos en el dise\u00f1o del producto, desde la disposici\u00f3n de los compartimentos (ajustando su n\u00famero y tama\u00f1o) hasta los acabados de los materiales, para crear soluciones \u00fanicas y adaptadas al mercado. Tambi\u00e9n podemos optimizar la estructura de sellado o a\u00f1adir dise\u00f1os funcionales especiales seg\u00fan sus necesidades.<\/li>\n<\/ul>","protected":false},"featured_media":11874,"comment_status":"closed","ping_status":"closed","template":"","meta":[],"product_cat":[58],"product_tag":[87,92],"class_list":{"0":"post-11864","1":"product","2":"type-product","3":"status-publish","4":"has-post-thumbnail","6":"product_cat-lunch-box-wholesale","7":"product_tag-wholesale-multi-compartment-lunch-box","8":"product_tag-wholesale-rectangle-lunch-box","10":"first","11":"instock","12":"shipping-taxable","13":"product-type-simple"},"_links":{"self":[{"href":"https:\/\/moyahousehold.com\/es\/wp-json\/wp\/v2\/product\/11864","targetHints":{"allow":["GET"]}}],"collection":[{"href":"https:\/\/moyahousehold.com\/es\/wp-json\/wp\/v2\/product"}],"about":[{"href":"https:\/\/moyahousehold.com\/es\/wp-json\/wp\/v2\/types\/product"}],"replies":[{"embeddable":true,"href":"https:\/\/moyahousehold.com\/es\/wp-json\/wp\/v2\/comments?post=11864"}],"version-history":[{"count":1,"href":"https:\/\/moyahousehold.com\/es\/wp-json\/wp\/v2\/product\/11864\/revisions"}],"predecessor-version":[{"id":13117,"href":"https:\/\/moyahousehold.com\/es\/wp-json\/wp\/v2\/product\/11864\/revisions\/13117"}],"wp:featuredmedia":[{"embeddable":true,"href":"https:\/\/moyahousehold.com\/es\/wp-json\/wp\/v2\/media\/11874"}],"wp:attachment":[{"href":"https:\/\/moyahousehold.com\/es\/wp-json\/wp\/v2\/media?parent=11864"}],"wp:term":[{"taxonomy":"product_cat","embeddable":true,"href":"https:\/\/moyahousehold.com\/es\/wp-json\/wp\/v2\/product_cat?post=11864"},{"taxonomy":"product_tag","embeddable":true,"href":"https:\/\/moyahousehold.com\/es\/wp-json\/wp\/v2\/product_tag?post=11864"}],"curies":[{"name":"wp","href":"https:\/\/api.w.org\/{rel}","templated":true}]}}