{"id":11885,"date":"2026-01-07T07:49:17","date_gmt":"2026-01-07T07:27:51","guid":{"rendered":"https:\/\/moyahousehold.com\/?post_type=product&#038;p=11885"},"modified":"2026-01-07T07:50:13","modified_gmt":"2026-01-07T07:50:13","slug":"moya-304-stainless-steel-deep-mixing-bowl-your-go-to-tool-for-mess-free-baking-cooking","status":"publish","type":"product","link":"https:\/\/moyahousehold.com\/es\/producto\/moya-304-stainless-steel-deep-mixing-bowl-your-go-to-tool-for-mess-free-baking-cooking\/","title":{"rendered":"MOYA 304 Stainless Steel Deep Mixing Bowl - Su herramienta para hornear y cocinar sin l\u00edos"},"content":{"rendered":"<figure class=\"wp-block-image size-full\"><img fetchpriority=\"high\" decoding=\"async\" width=\"2000\" height=\"1328\" src=\"https:\/\/moyahousehold.com\/wp-content\/uploads\/2026\/01\/304-stainless-steel-mixing-bowl.webp\" alt=\"\" class=\"wp-image-11886\" srcset=\"https:\/\/moyahousehold.com\/wp-content\/uploads\/2026\/01\/304-stainless-steel-mixing-bowl.webp 2000w, https:\/\/moyahousehold.com\/wp-content\/uploads\/2026\/01\/304-stainless-steel-mixing-bowl-300x199.webp 300w, https:\/\/moyahousehold.com\/wp-content\/uploads\/2026\/01\/304-stainless-steel-mixing-bowl-768x510.webp 768w, https:\/\/moyahousehold.com\/wp-content\/uploads\/2026\/01\/304-stainless-steel-mixing-bowl-18x12.webp 18w, https:\/\/moyahousehold.com\/wp-content\/uploads\/2026\/01\/304-stainless-steel-mixing-bowl-285x189.webp 285w, https:\/\/moyahousehold.com\/wp-content\/uploads\/2026\/01\/304-stainless-steel-mixing-bowl-1600x1062.webp 1600w, https:\/\/moyahousehold.com\/wp-content\/uploads\/2026\/01\/304-stainless-steel-mixing-bowl-660x438.webp 660w, https:\/\/moyahousehold.com\/wp-content\/uploads\/2026\/01\/304-stainless-steel-mixing-bowl-150x100.webp 150w\" sizes=\"(max-width: 2000px) 100vw, 2000px\" \/><figcaption class=\"wp-element-caption\"><br><\/figcaption><\/figure>\n\n\n\n<p><strong>material:<\/strong> Acero inoxidable 304+Silicona <strong> color:<\/strong> Plata<\/p>\n\n\n\n<h3 class=\"wp-block-heading\"><\/h3>\n\n\n\n<figure class=\"wp-block-table\"><table class=\"has-fixed-layout\"><tbody><tr><td class=\"has-text-align-center\" data-align=\"center\"><strong>Art\u00edculo<\/strong><\/td><td class=\"has-text-align-center\" data-align=\"center\"><strong>Material<\/strong><\/td><td class=\"has-text-align-center\" data-align=\"center\"><strong>Color<\/strong><\/td><td class=\"has-text-align-center\" data-align=\"center\"><strong>Tama\u00f1o del producto<\/strong><\/td><td class=\"has-text-align-center\" data-align=\"center\"><strong>Tama\u00f1o del producto<\/strong><\/td><\/tr><tr><td class=\"has-text-align-center\" data-align=\"center\">MYDS022<\/td><td class=\"has-text-align-center\" data-align=\"center\" rowspan=\"2\">Acero inoxidable 304<\/td><td class=\"has-text-align-center\" data-align=\"center\" rowspan=\"2\">Plata<\/td><td class=\"has-text-align-center\" data-align=\"center\">3000ML<\/td><td class=\"has-text-align-center\" data-align=\"center\">19*19*13<\/td><\/tr><tr><td class=\"has-text-align-center\" data-align=\"center\">MYDS023<\/td><td class=\"has-text-align-center\" data-align=\"center\">3600ML<\/td><td class=\"has-text-align-center\" data-align=\"center\">21*21*14<\/td><\/tr><tr><td class=\"has-text-align-center\" data-align=\"center\">MYDS024<\/td><td class=\"has-text-align-center\" data-align=\"center\" rowspan=\"2\">Acero inoxidable 304, silicona<\/td><td class=\"has-text-align-center\" data-align=\"center\" rowspan=\"2\">Plata+Rojo<\/td><td class=\"has-text-align-center\" data-align=\"center\">3000ML<\/td><td class=\"has-text-align-center\" data-align=\"center\">19*19*13<\/td><\/tr><tr><td class=\"has-text-align-center\" data-align=\"center\">MYDS025<\/td><td class=\"has-text-align-center\" data-align=\"center\">3600ML<\/td><td class=\"has-text-align-center\" data-align=\"center\">21*21*14<\/td><\/tr><\/tbody><\/table><\/figure>\n\n\n\n<h3 class=\"wp-block-heading\">Opciones de recipientes de cocci\u00f3n personalizados<\/h3>\n\n\n\n<p><strong>Logotipo<\/strong>Personalice el logotipo de su marca en el recipiente de acero inoxidable y en el embalaje.<br><strong>Opciones de logotipo<\/strong>Logotipo impreso, logotipo grabado con l\u00e1ser, etc.<br><strong>Patr\u00f3n<\/strong>Impresi\u00f3n de motivos en productos y envases.<br><strong>Tecnolog\u00eda de impresi\u00f3n<\/strong>Impresi\u00f3n por transferencia de agua, serigraf\u00eda, transferencia de calor, sublimaci\u00f3n, etc.<br><strong>Embalaje:<\/strong>caja de color.<br><a href=\"https:\/\/moyahousehold.com\/es\/solucion-personalizada\/\"><strong>M\u00e1s informaci\u00f3n sobre soluciones de fiambreras personalizadas.<\/strong><\/a><\/p>\n\n\n\n<div class=\"wp-block-columns is-layout-flex wp-container-core-columns-is-layout-9d6595d7 wp-block-columns-is-layout-flex\">\n<div class=\"wp-block-column is-layout-flow wp-block-column-is-layout-flow\" style=\"flex-basis:100%\">\n<div class=\"wp-block-group is-nowrap is-layout-flex wp-container-core-group-is-layout-ad2f72ca wp-block-group-is-layout-flex\">\n<div class=\"wp-block-columns is-layout-flex wp-container-core-columns-is-layout-9d6595d7 wp-block-columns-is-layout-flex\">\n<div class=\"wp-block-column is-layout-flow wp-block-column-is-layout-flow\">\n<figure class=\"wp-block-image size-full\"><img decoding=\"async\" width=\"800\" height=\"800\" src=\"https:\/\/moyahousehold.com\/wp-content\/uploads\/2026\/01\/salad-mixing-bowl.webp\" alt=\"\" class=\"wp-image-11891\" srcset=\"https:\/\/moyahousehold.com\/wp-content\/uploads\/2026\/01\/salad-mixing-bowl.webp 800w, https:\/\/moyahousehold.com\/wp-content\/uploads\/2026\/01\/salad-mixing-bowl-300x300.webp 300w, https:\/\/moyahousehold.com\/wp-content\/uploads\/2026\/01\/salad-mixing-bowl-150x150.webp 150w, https:\/\/moyahousehold.com\/wp-content\/uploads\/2026\/01\/salad-mixing-bowl-768x768.webp 768w, https:\/\/moyahousehold.com\/wp-content\/uploads\/2026\/01\/salad-mixing-bowl-12x12.webp 12w, https:\/\/moyahousehold.com\/wp-content\/uploads\/2026\/01\/salad-mixing-bowl-285x285.webp 285w, https:\/\/moyahousehold.com\/wp-content\/uploads\/2026\/01\/salad-mixing-bowl-270x270.webp 270w, https:\/\/moyahousehold.com\/wp-content\/uploads\/2026\/01\/salad-mixing-bowl-540x540.webp 540w, https:\/\/moyahousehold.com\/wp-content\/uploads\/2026\/01\/salad-mixing-bowl-660x660.webp 660w\" sizes=\"(max-width: 800px) 100vw, 800px\" \/><figcaption class=\"wp-element-caption\">bol de cocina\n<\/figcaption><\/figure>\n<\/div>\n\n\n\n<div class=\"wp-block-column is-layout-flow wp-block-column-is-layout-flow\">\n<figure class=\"wp-block-image size-full\"><img decoding=\"async\" width=\"800\" height=\"800\" src=\"https:\/\/moyahousehold.com\/wp-content\/uploads\/2026\/01\/mess-free-mixing-bowl.webp\" alt=\"\" class=\"wp-image-11892\" srcset=\"https:\/\/moyahousehold.com\/wp-content\/uploads\/2026\/01\/mess-free-mixing-bowl.webp 800w, https:\/\/moyahousehold.com\/wp-content\/uploads\/2026\/01\/mess-free-mixing-bowl-300x300.webp 300w, https:\/\/moyahousehold.com\/wp-content\/uploads\/2026\/01\/mess-free-mixing-bowl-150x150.webp 150w, https:\/\/moyahousehold.com\/wp-content\/uploads\/2026\/01\/mess-free-mixing-bowl-768x768.webp 768w, https:\/\/moyahousehold.com\/wp-content\/uploads\/2026\/01\/mess-free-mixing-bowl-12x12.webp 12w, https:\/\/moyahousehold.com\/wp-content\/uploads\/2026\/01\/mess-free-mixing-bowl-285x285.webp 285w, https:\/\/moyahousehold.com\/wp-content\/uploads\/2026\/01\/mess-free-mixing-bowl-270x270.webp 270w, https:\/\/moyahousehold.com\/wp-content\/uploads\/2026\/01\/mess-free-mixing-bowl-540x540.webp 540w, https:\/\/moyahousehold.com\/wp-content\/uploads\/2026\/01\/mess-free-mixing-bowl-660x660.webp 660w\" sizes=\"(max-width: 800px) 100vw, 800px\" \/><figcaption class=\"wp-element-caption\"><br><\/figcaption><\/figure>\n<\/div>\n<\/div>\n<\/div>\n<\/div>\n<\/div>\n\n\n\n<div class=\"wp-block-columns is-layout-flex wp-container-core-columns-is-layout-9d6595d7 wp-block-columns-is-layout-flex\">\n<div class=\"wp-block-column is-layout-flow wp-block-column-is-layout-flow\"><\/div>\n\n\n\n<div class=\"wp-block-column is-layout-flow wp-block-column-is-layout-flow\"><\/div>\n<\/div>\n\n\n\n<p>\u00bfCansado de ensuciar la encimera y de salpicar las claras al batir? \u00bfFrustrado por las mediciones inexactas o los cuencos que se tambalean y se deslizan a mitad de la mezcla? Te presentamos el bol para mezclar de acero inoxidable 304 MOYA, dise\u00f1ado para resolver todos tus problemas de preparaci\u00f3n en la cocina y hacer que cada sesi\u00f3n de horneado o cocinado sea m\u00e1s suave, limpia y agradable.<\/p>\n\n\n\n<figure class=\"wp-block-gallery has-nested-images columns-default is-cropped wp-block-gallery-1 is-layout-flex wp-block-gallery-is-layout-flex\">\n<figure class=\"wp-block-image size-full\"><img loading=\"lazy\" decoding=\"async\" width=\"1200\" height=\"1600\" data-id=\"11893\" src=\"https:\/\/moyahousehold.com\/wp-content\/uploads\/2026\/01\/anti-splash-mixing-bowl-1.webp\" alt=\"\" class=\"wp-image-11893\" srcset=\"https:\/\/moyahousehold.com\/wp-content\/uploads\/2026\/01\/anti-splash-mixing-bowl-1.webp 1200w, https:\/\/moyahousehold.com\/wp-content\/uploads\/2026\/01\/anti-splash-mixing-bowl-1-225x300.webp 225w, https:\/\/moyahousehold.com\/wp-content\/uploads\/2026\/01\/anti-splash-mixing-bowl-1-768x1024.webp 768w, https:\/\/moyahousehold.com\/wp-content\/uploads\/2026\/01\/anti-splash-mixing-bowl-1-9x12.webp 9w, https:\/\/moyahousehold.com\/wp-content\/uploads\/2026\/01\/anti-splash-mixing-bowl-1-285x380.webp 285w, https:\/\/moyahousehold.com\/wp-content\/uploads\/2026\/01\/anti-splash-mixing-bowl-1-495x660.webp 495w, https:\/\/moyahousehold.com\/wp-content\/uploads\/2026\/01\/anti-splash-mixing-bowl-1-113x150.webp 113w\" sizes=\"(max-width: 1200px) 100vw, 1200px\" \/><\/figure>\n\n\n\n<figure class=\"wp-block-image size-full\"><img loading=\"lazy\" decoding=\"async\" width=\"1125\" height=\"1500\" data-id=\"11894\" src=\"https:\/\/moyahousehold.com\/wp-content\/uploads\/2026\/01\/deep-mixing-bowl.webp\" alt=\"\" class=\"wp-image-11894\" srcset=\"https:\/\/moyahousehold.com\/wp-content\/uploads\/2026\/01\/deep-mixing-bowl.webp 1125w, https:\/\/moyahousehold.com\/wp-content\/uploads\/2026\/01\/deep-mixing-bowl-225x300.webp 225w, https:\/\/moyahousehold.com\/wp-content\/uploads\/2026\/01\/deep-mixing-bowl-768x1024.webp 768w, https:\/\/moyahousehold.com\/wp-content\/uploads\/2026\/01\/deep-mixing-bowl-9x12.webp 9w, https:\/\/moyahousehold.com\/wp-content\/uploads\/2026\/01\/deep-mixing-bowl-285x380.webp 285w, https:\/\/moyahousehold.com\/wp-content\/uploads\/2026\/01\/deep-mixing-bowl-495x660.webp 495w, https:\/\/moyahousehold.com\/wp-content\/uploads\/2026\/01\/deep-mixing-bowl-113x150.webp 113w\" sizes=\"(max-width: 1125px) 100vw, 1125px\" \/><figcaption class=\"wp-element-caption\">ingrediente recipiente para marinar\n<\/figcaption><\/figure>\n<\/figure>\n\n\n\n<h2 class=\"wp-block-heading\">\u00bfPor qu\u00e9 elegir nuestro bol mezclador de acero inoxidable 304?<\/h2>\n\n\n\n<p>Cocinar y hornear deber\u00eda ser divertido, no frustrante. Por eso hemos dise\u00f1ado este bol para resolver los problemas m\u00e1s comunes de la cocina. Tanto si eres un cocinero casero, un entusiasta de la reposter\u00eda o un padre ocupado, este bol se convertir\u00e1 en tu herramienta imprescindible para todas las tareas de preparaci\u00f3n de comidas.<\/p>\n\n\n\n<figure class=\"wp-block-gallery has-nested-images columns-default is-cropped wp-block-gallery-2 is-layout-flex wp-block-gallery-is-layout-flex\">\n<figure class=\"wp-block-image size-full\"><img loading=\"lazy\" decoding=\"async\" width=\"1200\" height=\"1600\" data-id=\"11895\" src=\"https:\/\/moyahousehold.com\/wp-content\/uploads\/2026\/01\/dishwasher-safe-mixing-bowl.webp\" alt=\"\" class=\"wp-image-11895\" srcset=\"https:\/\/moyahousehold.com\/wp-content\/uploads\/2026\/01\/dishwasher-safe-mixing-bowl.webp 1200w, https:\/\/moyahousehold.com\/wp-content\/uploads\/2026\/01\/dishwasher-safe-mixing-bowl-225x300.webp 225w, https:\/\/moyahousehold.com\/wp-content\/uploads\/2026\/01\/dishwasher-safe-mixing-bowl-768x1024.webp 768w, https:\/\/moyahousehold.com\/wp-content\/uploads\/2026\/01\/dishwasher-safe-mixing-bowl-9x12.webp 9w, https:\/\/moyahousehold.com\/wp-content\/uploads\/2026\/01\/dishwasher-safe-mixing-bowl-285x380.webp 285w, https:\/\/moyahousehold.com\/wp-content\/uploads\/2026\/01\/dishwasher-safe-mixing-bowl-495x660.webp 495w, https:\/\/moyahousehold.com\/wp-content\/uploads\/2026\/01\/dishwasher-safe-mixing-bowl-113x150.webp 113w\" sizes=\"(max-width: 1200px) 100vw, 1200px\" \/><\/figure>\n<\/figure>\n\n\n\n<h3 class=\"wp-block-heading\"><strong>1. Acero inoxidable 304 de calidad alimentaria: Seguro y duradero<\/strong><\/h3>\n\n\n\n<p>Fabricado en acero inoxidable 304 de alta calidad, 100% apto para alimentos, sin BPA y resistente a la oxidaci\u00f3n y los olores. Adecuado para marinar, mezclar batidos o almacenar ensaladas sin que reaccione con los alimentos.<\/p>\n\n\n\n<p><strong>2. Dise\u00f1o antisalpicaduras m\u00e1s profundo<\/strong><\/p>\n\n\n\n<p>El bol de 5 pulgadas de profundidad contiene eficazmente las salpicaduras al batir claras de huevo, montar nata o mezclar masas, manteniendo su cocina limpia y reduciendo el tiempo de limpieza.<\/p>\n\n\n\n<p><strong>3. Marcas de medici\u00f3n dobles (ml\/oz)<\/strong><\/p>\n\n\n\n<p>La doble escala transparente de la pared interior le permite medir con precisi\u00f3n l\u00edquidos e ingredientes secos directamente en el bol, sin necesidad de tazas medidoras adicionales.<\/p>\n\n\n\n<p><strong>4. Base de silicona antideslizante<\/strong><\/p>\n\n\n\n<p>El anillo de silicona de primera calidad de la base mantiene el bol estable en cualquier encimera, incluso al batir o mezclar en\u00e9rgicamente, evitando resbalones y derrames.<\/p>\n\n\n\n<p><strong>5. Apilable y f\u00e1cil de limpiar<\/strong><\/p>\n\n\n\n<p>Interior liso y pulido para facilitar la limpieza (apto para lavavajillas). El dise\u00f1o apilable ahorra espacio en el armario, manteniendo su cocina organizada.<\/p>\n\n\n\n<figure class=\"wp-block-gallery has-nested-images columns-default is-cropped wp-block-gallery-3 is-layout-flex wp-block-gallery-is-layout-flex\">\n<figure class=\"wp-block-image size-full\"><img loading=\"lazy\" decoding=\"async\" width=\"1200\" height=\"1800\" data-id=\"11896\" src=\"https:\/\/moyahousehold.com\/wp-content\/uploads\/2026\/01\/mixing-bowl-with-measurement-marks.webp\" alt=\"\" class=\"wp-image-11896\" srcset=\"https:\/\/moyahousehold.com\/wp-content\/uploads\/2026\/01\/mixing-bowl-with-measurement-marks.webp 1200w, https:\/\/moyahousehold.com\/wp-content\/uploads\/2026\/01\/mixing-bowl-with-measurement-marks-200x300.webp 200w, https:\/\/moyahousehold.com\/wp-content\/uploads\/2026\/01\/mixing-bowl-with-measurement-marks-768x1152.webp 768w, https:\/\/moyahousehold.com\/wp-content\/uploads\/2026\/01\/mixing-bowl-with-measurement-marks-8x12.webp 8w, https:\/\/moyahousehold.com\/wp-content\/uploads\/2026\/01\/mixing-bowl-with-measurement-marks-285x428.webp 285w, https:\/\/moyahousehold.com\/wp-content\/uploads\/2026\/01\/mixing-bowl-with-measurement-marks-440x660.webp 440w, https:\/\/moyahousehold.com\/wp-content\/uploads\/2026\/01\/mixing-bowl-with-measurement-marks-100x150.webp 100w\" sizes=\"(max-width: 1200px) 100vw, 1200px\" \/><\/figure>\n\n\n\n<figure class=\"wp-block-image size-full\"><img loading=\"lazy\" decoding=\"async\" width=\"1000\" height=\"1500\" data-id=\"11897\" src=\"https:\/\/moyahousehold.com\/wp-content\/uploads\/2026\/01\/non-slip-mixing-bowl.webp\" alt=\"\" class=\"wp-image-11897\" srcset=\"https:\/\/moyahousehold.com\/wp-content\/uploads\/2026\/01\/non-slip-mixing-bowl.webp 1000w, https:\/\/moyahousehold.com\/wp-content\/uploads\/2026\/01\/non-slip-mixing-bowl-200x300.webp 200w, https:\/\/moyahousehold.com\/wp-content\/uploads\/2026\/01\/non-slip-mixing-bowl-768x1152.webp 768w, https:\/\/moyahousehold.com\/wp-content\/uploads\/2026\/01\/non-slip-mixing-bowl-8x12.webp 8w, https:\/\/moyahousehold.com\/wp-content\/uploads\/2026\/01\/non-slip-mixing-bowl-285x428.webp 285w, https:\/\/moyahousehold.com\/wp-content\/uploads\/2026\/01\/non-slip-mixing-bowl-440x660.webp 440w, https:\/\/moyahousehold.com\/wp-content\/uploads\/2026\/01\/non-slip-mixing-bowl-100x150.webp 100w\" sizes=\"(max-width: 1000px) 100vw, 1000px\" \/><\/figure>\n<\/figure>\n\n\n\n<h1 class=\"wp-block-heading\"><strong>\u00bfPara qui\u00e9n es este bol?<\/strong><\/h1>\n\n\n\n<ul class=\"wp-block-list\">\n<li>Cocineros caseros que desean un bol fiable y duradero para preparar sus comidas diarias<\/li>\n\n\n\n<li>Aficionados a la reposter\u00eda que necesitan medidas precisas para sus recetas<\/li>\n\n\n\n<li>Padres ocupados que quieren utensilios de cocina f\u00e1ciles de limpiar e inastillables<\/li>\n\n\n\n<li>Personas que valoran la seguridad alimentaria y desean utensilios de cocina no t\u00f3xicos y sin BPA<\/li>\n\n\n\n<li>Campistas o cocineros que necesitan cuencos port\u00e1tiles y duraderos<\/li>\n<\/ul>\n\n\n\n<h3 class=\"wp-block-heading\">Lo suficientemente vers\u00e1til como para batir huevos, montar nata, mezclar ensaladas, preparar ingredientes e incluso almacenar alimentos, el bol hondo para mezclar de acero inoxidable MOYA 304 es m\u00e1s que un simple bol: cambiar\u00e1 su rutina en la cocina. Si usted es un panadero principiante, un cocinero experimentado, o simplemente alguien que ama preparar comidas para la familia y amigos, este taz\u00f3n se convertir\u00e1 r\u00e1pidamente en su esencial de cocina favorito.<\/h3>\n\n\n\n<p><strong>Actualice hoy mismo sus utensilios de cocina con el bol hondo para mezclas MOYA, donde la funcionalidad, la seguridad y la comodidad se dan la mano.<\/strong><\/p>\n\n\n\n<p><\/p>","protected":false},"excerpt":{"rendered":"<h2 class=\"header-vfC6AV auto-hide-last-sibling-br\">Servicios de personalizaci\u00f3n<\/h2>\n<div class=\"auto-hide-last-sibling-br paragraph-JOTKXA paragraph-element br-paragraph-space\">Como fabricante profesional de fiambreras, ofrecemos soluciones completas de OEM y ODM:<\/div>\n<ul class=\"auto-hide-last-sibling-br\">\n<li><strong>OEM<\/strong>: Personalice los logotipos, las impresiones o el embalaje para adaptarlos a la identidad de su marca. Tambi\u00e9n puede elegir diferentes colores para la cubierta exterior para que coincida con el estilo de su marca.<\/li>\n<li><strong>ODM<\/strong>: Colaboramos en el dise\u00f1o del producto, desde la disposici\u00f3n de los compartimentos (ajustando su n\u00famero y tama\u00f1o) hasta los acabados de los materiales, para crear soluciones \u00fanicas y adaptadas al mercado. Tambi\u00e9n podemos optimizar la estructura de sellado o a\u00f1adir dise\u00f1os funcionales especiales seg\u00fan sus necesidades.<\/li>\n<\/ul>","protected":false},"featured_media":11902,"comment_status":"closed","ping_status":"closed","template":"","meta":[],"product_cat":[58],"product_tag":[87,92],"class_list":{"0":"post-11885","1":"product","2":"type-product","3":"status-publish","4":"has-post-thumbnail","6":"product_cat-lunch-box-wholesale","7":"product_tag-wholesale-multi-compartment-lunch-box","8":"product_tag-wholesale-rectangle-lunch-box","10":"first","11":"instock","12":"shipping-taxable","13":"product-type-simple"},"_links":{"self":[{"href":"https:\/\/moyahousehold.com\/es\/wp-json\/wp\/v2\/product\/11885","targetHints":{"allow":["GET"]}}],"collection":[{"href":"https:\/\/moyahousehold.com\/es\/wp-json\/wp\/v2\/product"}],"about":[{"href":"https:\/\/moyahousehold.com\/es\/wp-json\/wp\/v2\/types\/product"}],"replies":[{"embeddable":true,"href":"https:\/\/moyahousehold.com\/es\/wp-json\/wp\/v2\/comments?post=11885"}],"version-history":[{"count":2,"href":"https:\/\/moyahousehold.com\/es\/wp-json\/wp\/v2\/product\/11885\/revisions"}],"predecessor-version":[{"id":11901,"href":"https:\/\/moyahousehold.com\/es\/wp-json\/wp\/v2\/product\/11885\/revisions\/11901"}],"wp:featuredmedia":[{"embeddable":true,"href":"https:\/\/moyahousehold.com\/es\/wp-json\/wp\/v2\/media\/11902"}],"wp:attachment":[{"href":"https:\/\/moyahousehold.com\/es\/wp-json\/wp\/v2\/media?parent=11885"}],"wp:term":[{"taxonomy":"product_cat","embeddable":true,"href":"https:\/\/moyahousehold.com\/es\/wp-json\/wp\/v2\/product_cat?post=11885"},{"taxonomy":"product_tag","embeddable":true,"href":"https:\/\/moyahousehold.com\/es\/wp-json\/wp\/v2\/product_tag?post=11885"}],"curies":[{"name":"wp","href":"https:\/\/api.w.org\/{rel}","templated":true}]}}