{"id":11904,"date":"2026-01-07T08:49:59","date_gmt":"2026-01-07T08:11:58","guid":{"rendered":"https:\/\/moyahousehold.com\/?post_type=product&#038;p=11904"},"modified":"2026-01-07T08:50:45","modified_gmt":"2026-01-07T08:50:45","slug":"304-stainless-steel-detachable-food-containers-with-removable-silicone-seal-leak-proof-stackable-multi-size-for-meal-prep-travel-and-kitchen-storage","status":"publish","type":"product","link":"https:\/\/moyahousehold.com\/es\/producto\/304-stainless-steel-detachable-food-containers-with-removable-silicone-seal-leak-proof-stackable-multi-size-for-meal-prep-travel-and-kitchen-storage\/","title":{"rendered":"Recipientes Desmontables de Acero Inoxidable 304 con Sello de Silicona Extra\u00edble - A Prueba de Fugas, Apilables y Multi-Tama\u00f1o para Preparar Comidas, Viajar y Almacenar en la Cocina"},"content":{"rendered":"<figure class=\"wp-block-image size-full\"><img fetchpriority=\"high\" decoding=\"async\" width=\"1125\" height=\"1500\" src=\"https:\/\/moyahousehold.com\/wp-content\/uploads\/2026\/01\/304-stainless-steel-detachable-food-container-with-silicone-seal.webp\" alt=\"\" class=\"wp-image-11906\" srcset=\"https:\/\/moyahousehold.com\/wp-content\/uploads\/2026\/01\/304-stainless-steel-detachable-food-container-with-silicone-seal.webp 1125w, https:\/\/moyahousehold.com\/wp-content\/uploads\/2026\/01\/304-stainless-steel-detachable-food-container-with-silicone-seal-225x300.webp 225w, https:\/\/moyahousehold.com\/wp-content\/uploads\/2026\/01\/304-stainless-steel-detachable-food-container-with-silicone-seal-768x1024.webp 768w, https:\/\/moyahousehold.com\/wp-content\/uploads\/2026\/01\/304-stainless-steel-detachable-food-container-with-silicone-seal-9x12.webp 9w, https:\/\/moyahousehold.com\/wp-content\/uploads\/2026\/01\/304-stainless-steel-detachable-food-container-with-silicone-seal-285x380.webp 285w, https:\/\/moyahousehold.com\/wp-content\/uploads\/2026\/01\/304-stainless-steel-detachable-food-container-with-silicone-seal-495x660.webp 495w, https:\/\/moyahousehold.com\/wp-content\/uploads\/2026\/01\/304-stainless-steel-detachable-food-container-with-silicone-seal-113x150.webp 113w\" sizes=\"(max-width: 1125px) 100vw, 1125px\" \/><figcaption class=\"wp-element-caption\">recipiente desmontable de acero inoxidable f\u00e1cil de limpiar para preparar comidas<\/figcaption><\/figure>\n\n\n\n<p><strong>material:<\/strong> Acero inoxidable 304+Silicona <strong> color:<\/strong> Negro\/Blanco<\/p>\n\n\n\n<h3 class=\"wp-block-heading\"><\/h3>\n\n\n\n<figure class=\"wp-block-table\"><table class=\"has-fixed-layout\"><tbody><tr><td class=\"has-text-align-center\" data-align=\"center\">Art\u00edculo<\/td><td class=\"has-text-align-center\" data-align=\"center\">Material<\/td><td class=\"has-text-align-center\" data-align=\"center\">Color<\/td><td class=\"has-text-align-center\" data-align=\"center\">Tama\u00f1o del producto<\/td><\/tr><tr><td class=\"has-text-align-center\" data-align=\"center\">MYJD370<\/td><td class=\"has-text-align-center\" data-align=\"center\" rowspan=\"10\">304+PP+Silicona<\/td><td class=\"has-text-align-center\" data-align=\"center\" rowspan=\"10\">Negro\/Blanco<\/td><td class=\"has-text-align-center\" data-align=\"center\">400ML<\/td><\/tr><tr><td class=\"has-text-align-center\" data-align=\"center\">MYJD371<\/td><td class=\"has-text-align-center\" data-align=\"center\">600ML<\/td><\/tr><tr><td class=\"has-text-align-center\" data-align=\"center\">MYJD372<\/td><td class=\"has-text-align-center\" data-align=\"center\">655NL<\/td><\/tr><tr><td class=\"has-text-align-center\" data-align=\"center\">MYJD373<\/td><td class=\"has-text-align-center\" data-align=\"center\">950ML<\/td><\/tr><tr><td class=\"has-text-align-center\" data-align=\"center\">MYJD374<\/td><td class=\"has-text-align-center\" data-align=\"center\">1000ML<\/td><\/tr><tr><td class=\"has-text-align-center\" data-align=\"center\">MYJD375<\/td><td class=\"has-text-align-center\" data-align=\"center\">1100ML<\/td><\/tr><tr><td class=\"has-text-align-center\" data-align=\"center\">MYJD376<\/td><td class=\"has-text-align-center\" data-align=\"center\">1500ML<\/td><\/tr><tr><td class=\"has-text-align-center\" data-align=\"center\">MYJD377<\/td><td class=\"has-text-align-center\" data-align=\"center\">1800ML<\/td><\/tr><tr><td class=\"has-text-align-center\" data-align=\"center\">MYJD378<\/td><td class=\"has-text-align-center\" data-align=\"center\">2500ML<\/td><\/tr><tr><td class=\"has-text-align-center\" data-align=\"center\">MYJD379<\/td><td class=\"has-text-align-center\" data-align=\"center\">2800ML<\/td><\/tr><\/tbody><\/table><\/figure>\n\n\n\n<h3 class=\"wp-block-heading\">Opciones de cajas de conservaci\u00f3n personalizadas<\/h3>\n\n\n\n<p><strong>Logotipo<\/strong>Personalice el logotipo de su marca en el recipiente de acero inoxidable y en el embalaje.<br><strong>Opciones de logotipo<\/strong>Logotipo impreso, logotipo grabado con l\u00e1ser, etc.<br><strong>Patr\u00f3n<\/strong>Impresi\u00f3n de motivos en productos y envases.<br><strong>Tecnolog\u00eda de impresi\u00f3n<\/strong>Impresi\u00f3n por transferencia de agua, serigraf\u00eda, transferencia de calor, sublimaci\u00f3n, etc.<br><strong>Embalaje:<\/strong>caja de color.<br><a href=\"https:\/\/moyahousehold.com\/es\/solucion-personalizada\/\"><strong>M\u00e1s informaci\u00f3n sobre soluciones de fiambreras personalizadas.<\/strong><\/a><\/p>\n\n\n\n<div class=\"wp-block-columns is-layout-flex wp-container-core-columns-is-layout-9d6595d7 wp-block-columns-is-layout-flex\">\n<div class=\"wp-block-column is-layout-flow wp-block-column-is-layout-flow\" style=\"flex-basis:100%\">\n<div class=\"wp-block-group is-nowrap is-layout-flex wp-container-core-group-is-layout-ad2f72ca wp-block-group-is-layout-flex\">\n<div class=\"wp-block-columns is-layout-flex wp-container-core-columns-is-layout-9d6595d7 wp-block-columns-is-layout-flex\">\n<div class=\"wp-block-column is-layout-flow wp-block-column-is-layout-flow\">\n<figure class=\"wp-block-image size-full\"><img decoding=\"async\" width=\"800\" height=\"800\" src=\"https:\/\/moyahousehold.com\/wp-content\/uploads\/2026\/01\/heat-resistant-food-container.webp\" alt=\"\" class=\"wp-image-11909\" srcset=\"https:\/\/moyahousehold.com\/wp-content\/uploads\/2026\/01\/heat-resistant-food-container.webp 800w, https:\/\/moyahousehold.com\/wp-content\/uploads\/2026\/01\/heat-resistant-food-container-300x300.webp 300w, https:\/\/moyahousehold.com\/wp-content\/uploads\/2026\/01\/heat-resistant-food-container-150x150.webp 150w, https:\/\/moyahousehold.com\/wp-content\/uploads\/2026\/01\/heat-resistant-food-container-768x768.webp 768w, https:\/\/moyahousehold.com\/wp-content\/uploads\/2026\/01\/heat-resistant-food-container-12x12.webp 12w, https:\/\/moyahousehold.com\/wp-content\/uploads\/2026\/01\/heat-resistant-food-container-285x285.webp 285w, https:\/\/moyahousehold.com\/wp-content\/uploads\/2026\/01\/heat-resistant-food-container-270x270.webp 270w, https:\/\/moyahousehold.com\/wp-content\/uploads\/2026\/01\/heat-resistant-food-container-540x540.webp 540w, https:\/\/moyahousehold.com\/wp-content\/uploads\/2026\/01\/heat-resistant-food-container-660x660.webp 660w\" sizes=\"(max-width: 800px) 100vw, 800px\" \/><figcaption class=\"wp-element-caption\">recipiente de acero inoxidable reutilizable de varios tama\u00f1os para alimentos<\/figcaption><\/figure>\n<\/div>\n\n\n\n<div class=\"wp-block-column is-layout-flow wp-block-column-is-layout-flow\">\n<figure class=\"wp-block-image size-full\"><img decoding=\"async\" width=\"800\" height=\"800\" src=\"https:\/\/moyahousehold.com\/wp-content\/uploads\/2026\/01\/easy-to-clean-food-container.webp\" alt=\"\" class=\"wp-image-11907\" srcset=\"https:\/\/moyahousehold.com\/wp-content\/uploads\/2026\/01\/easy-to-clean-food-container.webp 800w, https:\/\/moyahousehold.com\/wp-content\/uploads\/2026\/01\/easy-to-clean-food-container-300x300.webp 300w, https:\/\/moyahousehold.com\/wp-content\/uploads\/2026\/01\/easy-to-clean-food-container-150x150.webp 150w, https:\/\/moyahousehold.com\/wp-content\/uploads\/2026\/01\/easy-to-clean-food-container-768x768.webp 768w, https:\/\/moyahousehold.com\/wp-content\/uploads\/2026\/01\/easy-to-clean-food-container-12x12.webp 12w, https:\/\/moyahousehold.com\/wp-content\/uploads\/2026\/01\/easy-to-clean-food-container-285x285.webp 285w, https:\/\/moyahousehold.com\/wp-content\/uploads\/2026\/01\/easy-to-clean-food-container-270x270.webp 270w, https:\/\/moyahousehold.com\/wp-content\/uploads\/2026\/01\/easy-to-clean-food-container-540x540.webp 540w, https:\/\/moyahousehold.com\/wp-content\/uploads\/2026\/01\/easy-to-clean-food-container-660x660.webp 660w\" sizes=\"(max-width: 800px) 100vw, 800px\" \/><figcaption class=\"wp-element-caption\">fiambrera apilable de acero inoxidable 304 a prueba de fugas<\/figcaption><\/figure>\n<\/div>\n<\/div>\n<\/div>\n<\/div>\n<\/div>\n\n\n\n<div class=\"wp-block-columns is-layout-flex wp-container-core-columns-is-layout-9d6595d7 wp-block-columns-is-layout-flex\">\n<div class=\"wp-block-column is-layout-flow wp-block-column-is-layout-flow\"><\/div>\n\n\n\n<div class=\"wp-block-column is-layout-flow wp-block-column-is-layout-flow\"><\/div>\n<\/div>\n\n\n\n<p>\u00bfCansado de los endebles recipientes de pl\u00e1stico que gotean, retienen olores o se rompen a los pocos usos? Actualice su rutina de almacenamiento de alimentos con nuestros recipientes desmontables de acero inoxidable 304 de primera calidad, dise\u00f1ados para ofrecer salud, comodidad y un rendimiento duradero. Tanto si prepara las comidas de la semana, como si prepara el almuerzo para ir al trabajo, guarda las sobras en el frigor\u00edfico o se lleva un tentempi\u00e9 a un picnic familiar, estos recipientes son su soluci\u00f3n todo en uno para conservar los alimentos frescos y sin ensuciar. Fabricados con materiales aptos para uso alimentario y una cuidada ingenier\u00eda, est\u00e1n pensados para satisfacer las necesidades de los hogares ocupados, los consumidores con conciencia ecol\u00f3gica y cualquiera que valore la calidad en sus utensilios de cocina.<\/p>\n\n\n\n<figure class=\"wp-block-gallery has-nested-images columns-default is-cropped wp-block-gallery-1 is-layout-flex wp-block-gallery-is-layout-flex\">\n<figure class=\"wp-block-image size-full is-style-default\"><img loading=\"lazy\" decoding=\"async\" width=\"1125\" height=\"1500\" data-id=\"11919\" src=\"https:\/\/moyahousehold.com\/wp-content\/uploads\/2026\/01\/detachable-food-storage-container-1.webp\" alt=\"\" class=\"wp-image-11919\" srcset=\"https:\/\/moyahousehold.com\/wp-content\/uploads\/2026\/01\/detachable-food-storage-container-1.webp 1125w, https:\/\/moyahousehold.com\/wp-content\/uploads\/2026\/01\/detachable-food-storage-container-1-225x300.webp 225w, https:\/\/moyahousehold.com\/wp-content\/uploads\/2026\/01\/detachable-food-storage-container-1-768x1024.webp 768w, https:\/\/moyahousehold.com\/wp-content\/uploads\/2026\/01\/detachable-food-storage-container-1-9x12.webp 9w, https:\/\/moyahousehold.com\/wp-content\/uploads\/2026\/01\/detachable-food-storage-container-1-285x380.webp 285w, https:\/\/moyahousehold.com\/wp-content\/uploads\/2026\/01\/detachable-food-storage-container-1-495x660.webp 495w, https:\/\/moyahousehold.com\/wp-content\/uploads\/2026\/01\/detachable-food-storage-container-1-113x150.webp 113w\" sizes=\"(max-width: 1125px) 100vw, 1125px\" \/><\/figure>\n\n\n\n<figure class=\"wp-block-image size-full is-style-default\"><img loading=\"lazy\" decoding=\"async\" width=\"1125\" height=\"1500\" data-id=\"11918\" src=\"https:\/\/moyahousehold.com\/wp-content\/uploads\/2026\/01\/multi-size-food-container.webp\" alt=\"\" class=\"wp-image-11918\" srcset=\"https:\/\/moyahousehold.com\/wp-content\/uploads\/2026\/01\/multi-size-food-container.webp 1125w, https:\/\/moyahousehold.com\/wp-content\/uploads\/2026\/01\/multi-size-food-container-225x300.webp 225w, https:\/\/moyahousehold.com\/wp-content\/uploads\/2026\/01\/multi-size-food-container-768x1024.webp 768w, https:\/\/moyahousehold.com\/wp-content\/uploads\/2026\/01\/multi-size-food-container-9x12.webp 9w, https:\/\/moyahousehold.com\/wp-content\/uploads\/2026\/01\/multi-size-food-container-285x380.webp 285w, https:\/\/moyahousehold.com\/wp-content\/uploads\/2026\/01\/multi-size-food-container-495x660.webp 495w, https:\/\/moyahousehold.com\/wp-content\/uploads\/2026\/01\/multi-size-food-container-113x150.webp 113w\" sizes=\"(max-width: 1125px) 100vw, 1125px\" \/><\/figure>\n<\/figure>\n\n\n\n<h2 class=\"wp-block-heading\"><\/h2>\n\n\n\n<figure class=\"wp-block-gallery has-nested-images columns-default is-cropped wp-block-gallery-2 is-layout-flex wp-block-gallery-is-layout-flex\">\n<figure class=\"wp-block-image size-full\"><img loading=\"lazy\" decoding=\"async\" width=\"1000\" height=\"1500\" data-id=\"11920\" src=\"https:\/\/moyahousehold.com\/wp-content\/uploads\/2026\/01\/cold-resistant-food-container-1.webp\" alt=\"\" class=\"wp-image-11920\" srcset=\"https:\/\/moyahousehold.com\/wp-content\/uploads\/2026\/01\/cold-resistant-food-container-1.webp 1000w, https:\/\/moyahousehold.com\/wp-content\/uploads\/2026\/01\/cold-resistant-food-container-1-200x300.webp 200w, https:\/\/moyahousehold.com\/wp-content\/uploads\/2026\/01\/cold-resistant-food-container-1-768x1152.webp 768w, https:\/\/moyahousehold.com\/wp-content\/uploads\/2026\/01\/cold-resistant-food-container-1-8x12.webp 8w, https:\/\/moyahousehold.com\/wp-content\/uploads\/2026\/01\/cold-resistant-food-container-1-285x428.webp 285w, https:\/\/moyahousehold.com\/wp-content\/uploads\/2026\/01\/cold-resistant-food-container-1-440x660.webp 440w, https:\/\/moyahousehold.com\/wp-content\/uploads\/2026\/01\/cold-resistant-food-container-1-100x150.webp 100w\" sizes=\"(max-width: 1000px) 100vw, 1000px\" \/><\/figure>\n<\/figure>\n\n\n\n<h3 class=\"wp-block-heading\"><\/h3>\n\n\n\n<p>1.<strong>Construcci\u00f3n de acero inoxidable 304 de calidad alimentaria<\/strong><\/p>\n\n\n\n<p>Nuestros recipientes est\u00e1n fabricados con acero inoxidable 304 de alta calidad, un material en el que conf\u00edan chefs y profesionales de la industria alimentaria de todo el mundo. No es t\u00f3xico, no contiene BPA ni sustancias qu\u00edmicas nocivas, lo que garantiza la pureza e integridad de los alimentos. A diferencia del pl\u00e1stico, no retiene manchas, olores ni sabores de alimentos fuertes como el ajo, la salsa de tomate o el curry, manteniendo sus recipientes frescos y limpios en cada uso.<\/p>\n\n\n\n<p>2.<strong>Junta de silicona extra\u00edble para un rendimiento inmejorable a prueba de fugas<\/strong><\/p>\n\n\n\n<p>Cada contenedor cuenta con <strong>tira de sellado de silicona extra\u00edble y de alta elasticidad<\/strong> que crea una barrera herm\u00e9tica e impermeable. Desp\u00eddete de los derrames en el bolso, el coche o el frigor\u00edfico. La tira de silicona mantiene la frescura, evita que los alimentos se sequen y evita la contaminaci\u00f3n cruzada entre diferentes alimentos. Lo mejor de todo es que el precinto es totalmente desmontable, lo que facilita la limpieza de todos los rincones, para que no haya suciedad oculta ni acumulaci\u00f3n de bacterias.<\/p>\n\n\n\n<p>3.<strong>Dise\u00f1o desmontable para una limpieza a fondo y versatilidad<\/strong><\/p>\n\n\n\n<p>El cuerpo y la tapa desmontables del recipiente (adem\u00e1s de la junta de silicona extra\u00edble) permiten desmontarlo por completo para limpiarlo en profundidad. Se acabaron los problemas con los rincones de dif\u00edcil acceso y las part\u00edculas de comida atrapadas. Es apto para el lavavajillas para mayor comodidad, y su resistente construcci\u00f3n garantiza que no se deformar\u00e1 ni da\u00f1ar\u00e1 incluso con lavados frecuentes.<\/p>\n\n\n\n<p>4.<strong>Dise\u00f1o apilable y compacto<\/strong><\/p>\n\n\n\n<p>Con una forma elegante y uniforme, nuestros recipientes de acero inoxidable se apilan perfectamente unos sobre otros, ahorrando un valioso espacio en el frigor\u00edfico, el congelador o los armarios de la cocina. Tanto si tienes la cocina de un apartamento peque\u00f1o como la despensa de una familia ajetreada, estos recipientes te ayudar\u00e1n a mantenerte organizado sin desordenar el espacio.<\/p>\n\n\n\n<p>5.<strong>M\u00faltiples tama\u00f1os para cada necesidad<\/strong><\/p>\n\n\n\n<p>Elija entre una amplia gama de tama\u00f1os, desde recipientes compactos de 200 ml para salsas, aperitivos o condimentos hasta grandes recipientes de 1500 ml para comidas familiares, ensaladas o sobras. Combina los tama\u00f1os para crear el conjunto de almacenamiento perfecto para tu estilo de vida, ideal para preparar comidas, controlar las porciones o comer sobre la marcha.<\/p>\n\n\n\n<p>6.<strong>Resistente al calor y al fr\u00edo para uso en m\u00faltiples escenarios<\/strong><\/p>\n\n\n\n<p>Nuestros recipientes est\u00e1n dise\u00f1ados para soportar temperaturas extremas, desde -20 \u00b0C (aptos para el congelador) hasta 100 \u00b0C (resistentes al calor). Util\u00edzalos para guardar batidos congelados, refrigerar ensaladas frescas o mantener calientes las sobras de una comida r\u00e1pida. Son perfectos para el hogar, la oficina, los viajes, los picnics y las acampadas, lo que los convierte en un complemento vers\u00e1til para su rutina diaria.<\/p>\n\n\n\n<p>7.<strong>Ecol\u00f3gico y reutilizable<\/strong><\/p>\n\n\n\n<p>Desh\u00e1gase de los envases de pl\u00e1stico de un solo uso y reduzca su huella ecol\u00f3gica con nuestros recipientes reutilizables de acero inoxidable. Son lo suficientemente resistentes como para durar a\u00f1os, ahorr\u00e1ndote dinero a largo plazo y ayudando a proteger el planeta. Es una elecci\u00f3n inteligente y sostenible para los consumidores concienciados.<\/p>\n\n\n\n<figure class=\"wp-block-gallery has-nested-images columns-default is-cropped wp-block-gallery-3 is-layout-flex wp-block-gallery-is-layout-flex\">\n<figure class=\"wp-block-image size-full\"><img loading=\"lazy\" decoding=\"async\" width=\"1125\" height=\"1500\" data-id=\"11917\" src=\"https:\/\/moyahousehold.com\/wp-content\/uploads\/2026\/01\/stainless-steel-lunch-box.webp\" alt=\"\" class=\"wp-image-11917\" srcset=\"https:\/\/moyahousehold.com\/wp-content\/uploads\/2026\/01\/stainless-steel-lunch-box.webp 1125w, https:\/\/moyahousehold.com\/wp-content\/uploads\/2026\/01\/stainless-steel-lunch-box-225x300.webp 225w, https:\/\/moyahousehold.com\/wp-content\/uploads\/2026\/01\/stainless-steel-lunch-box-768x1024.webp 768w, https:\/\/moyahousehold.com\/wp-content\/uploads\/2026\/01\/stainless-steel-lunch-box-9x12.webp 9w, https:\/\/moyahousehold.com\/wp-content\/uploads\/2026\/01\/stainless-steel-lunch-box-285x380.webp 285w, https:\/\/moyahousehold.com\/wp-content\/uploads\/2026\/01\/stainless-steel-lunch-box-495x660.webp 495w, https:\/\/moyahousehold.com\/wp-content\/uploads\/2026\/01\/stainless-steel-lunch-box-113x150.webp 113w\" sizes=\"(max-width: 1125px) 100vw, 1125px\" \/><\/figure>\n\n\n\n<figure class=\"wp-block-image size-full\"><img loading=\"lazy\" decoding=\"async\" width=\"1125\" height=\"1500\" data-id=\"11921\" src=\"https:\/\/moyahousehold.com\/wp-content\/uploads\/2026\/01\/leak-proof-food-container.webp\" alt=\"\" class=\"wp-image-11921\" srcset=\"https:\/\/moyahousehold.com\/wp-content\/uploads\/2026\/01\/leak-proof-food-container.webp 1125w, https:\/\/moyahousehold.com\/wp-content\/uploads\/2026\/01\/leak-proof-food-container-225x300.webp 225w, https:\/\/moyahousehold.com\/wp-content\/uploads\/2026\/01\/leak-proof-food-container-768x1024.webp 768w, https:\/\/moyahousehold.com\/wp-content\/uploads\/2026\/01\/leak-proof-food-container-9x12.webp 9w, https:\/\/moyahousehold.com\/wp-content\/uploads\/2026\/01\/leak-proof-food-container-285x380.webp 285w, https:\/\/moyahousehold.com\/wp-content\/uploads\/2026\/01\/leak-proof-food-container-495x660.webp 495w, https:\/\/moyahousehold.com\/wp-content\/uploads\/2026\/01\/leak-proof-food-container-113x150.webp 113w\" sizes=\"(max-width: 1125px) 100vw, 1125px\" \/><\/figure>\n<\/figure>\n\n\n\n<h3 class=\"wp-block-heading\"><strong>Nuestros recipientes desmontables de acero inoxidable 304 para alimentos son algo m\u00e1s que un simple recipiente de almacenamiento: son una inversi\u00f3n fiable y ecol\u00f3gica para su salud y su comodidad diaria. Con un rendimiento inmejorable a prueba de fugas, f\u00e1cil limpieza, dise\u00f1o apilable y m\u00faltiples tama\u00f1os, son perfectos para cualquier necesidad de almacenamiento de alimentos. Tanto si eres un padre ocupado, un entusiasta del fitness que prepara comidas o un viajero frecuente, estos recipientes simplificar\u00e1n tu vida y mantendr\u00e1n tu comida fresca y deliciosa. No se conforme con menos: adquiera hoy mismo lo mejor en almacenamiento de alimentos. A\u00f1ada nuestros recipientes de acero inoxidable a su cesta y compruebe la diferencia que marca la calidad.<\/strong><\/h3>\n\n\n\n<p><\/p>","protected":false},"excerpt":{"rendered":"<h2 class=\"header-vfC6AV auto-hide-last-sibling-br\">Servicios de personalizaci\u00f3n<\/h2>\n<div class=\"auto-hide-last-sibling-br paragraph-JOTKXA paragraph-element br-paragraph-space\">Como fabricante profesional de fiambreras, ofrecemos soluciones completas de OEM y ODM:<\/div>\n<ul class=\"auto-hide-last-sibling-br\">\n<li><strong>OEM<\/strong>: Personalice los logotipos, las impresiones o el embalaje para adaptarlos a la identidad de su marca. Tambi\u00e9n puede elegir diferentes colores para la cubierta exterior para que coincida con el estilo de su marca.<\/li>\n<li><strong>ODM<\/strong>: Colaboramos en el dise\u00f1o del producto, desde la disposici\u00f3n de los compartimentos (ajustando su n\u00famero y tama\u00f1o) hasta los acabados de los materiales, para crear soluciones \u00fanicas y adaptadas al mercado. Tambi\u00e9n podemos optimizar la estructura de sellado o a\u00f1adir dise\u00f1os funcionales especiales seg\u00fan sus necesidades.<\/li>\n<\/ul>","protected":false},"featured_media":11905,"comment_status":"closed","ping_status":"closed","template":"","meta":[],"product_cat":[58],"product_tag":[87,92],"class_list":{"0":"post-11904","1":"product","2":"type-product","3":"status-publish","4":"has-post-thumbnail","6":"product_cat-lunch-box-wholesale","7":"product_tag-wholesale-multi-compartment-lunch-box","8":"product_tag-wholesale-rectangle-lunch-box","10":"first","11":"instock","12":"shipping-taxable","13":"product-type-simple"},"_links":{"self":[{"href":"https:\/\/moyahousehold.com\/es\/wp-json\/wp\/v2\/product\/11904","targetHints":{"allow":["GET"]}}],"collection":[{"href":"https:\/\/moyahousehold.com\/es\/wp-json\/wp\/v2\/product"}],"about":[{"href":"https:\/\/moyahousehold.com\/es\/wp-json\/wp\/v2\/types\/product"}],"replies":[{"embeddable":true,"href":"https:\/\/moyahousehold.com\/es\/wp-json\/wp\/v2\/comments?post=11904"}],"version-history":[{"count":2,"href":"https:\/\/moyahousehold.com\/es\/wp-json\/wp\/v2\/product\/11904\/revisions"}],"predecessor-version":[{"id":11924,"href":"https:\/\/moyahousehold.com\/es\/wp-json\/wp\/v2\/product\/11904\/revisions\/11924"}],"wp:featuredmedia":[{"embeddable":true,"href":"https:\/\/moyahousehold.com\/es\/wp-json\/wp\/v2\/media\/11905"}],"wp:attachment":[{"href":"https:\/\/moyahousehold.com\/es\/wp-json\/wp\/v2\/media?parent=11904"}],"wp:term":[{"taxonomy":"product_cat","embeddable":true,"href":"https:\/\/moyahousehold.com\/es\/wp-json\/wp\/v2\/product_cat?post=11904"},{"taxonomy":"product_tag","embeddable":true,"href":"https:\/\/moyahousehold.com\/es\/wp-json\/wp\/v2\/product_tag?post=11904"}],"curies":[{"name":"wp","href":"https:\/\/api.w.org\/{rel}","templated":true}]}}