{"id":11936,"date":"2026-01-09T09:30:08","date_gmt":"2026-01-09T09:16:39","guid":{"rendered":"https:\/\/moyahousehold.com\/?post_type=product&#038;p=11936"},"modified":"2026-01-09T09:31:10","modified_gmt":"2026-01-09T09:31:10","slug":"sus-304-stainless-steel-creamy-white-tri-ply-steel-cookware-set-detachable-handle-deepened-design","status":"publish","type":"product","link":"https:\/\/moyahousehold.com\/es\/producto\/sus-304-stainless-steel-creamy-white-tri-ply-steel-cookware-set-detachable-handle-deepened-design\/","title":{"rendered":"SUS 304 Stainless Steel Creamy White Tri-Ply Steel Cookware Set - Mango Desmontable y Dise\u00f1o Profundo"},"content":{"rendered":"<p>Ollas y sartenes todo en uno para cocinar con seguridad y estilo<\/p>\n\n\n\n<figure class=\"wp-block-image size-full is-style-default\"><img fetchpriority=\"high\" decoding=\"async\" width=\"800\" height=\"800\" src=\"https:\/\/moyahousehold.com\/wp-content\/uploads\/2026\/01\/4-piece-cookware-set.webp\" alt=\"\" class=\"wp-image-11937\" srcset=\"https:\/\/moyahousehold.com\/wp-content\/uploads\/2026\/01\/4-piece-cookware-set.webp 800w, https:\/\/moyahousehold.com\/wp-content\/uploads\/2026\/01\/4-piece-cookware-set-300x300.webp 300w, https:\/\/moyahousehold.com\/wp-content\/uploads\/2026\/01\/4-piece-cookware-set-150x150.webp 150w, https:\/\/moyahousehold.com\/wp-content\/uploads\/2026\/01\/4-piece-cookware-set-768x768.webp 768w, https:\/\/moyahousehold.com\/wp-content\/uploads\/2026\/01\/4-piece-cookware-set-12x12.webp 12w, https:\/\/moyahousehold.com\/wp-content\/uploads\/2026\/01\/4-piece-cookware-set-285x285.webp 285w, https:\/\/moyahousehold.com\/wp-content\/uploads\/2026\/01\/4-piece-cookware-set-270x270.webp 270w, https:\/\/moyahousehold.com\/wp-content\/uploads\/2026\/01\/4-piece-cookware-set-540x540.webp 540w, https:\/\/moyahousehold.com\/wp-content\/uploads\/2026\/01\/4-piece-cookware-set-660x660.webp 660w\" sizes=\"(max-width: 800px) 100vw, 800px\" \/><figcaption class=\"wp-element-caption\">recipiente desmontable de acero inoxidable f\u00e1cil de limpiar para preparar comidas<\/figcaption><\/figure>\n\n\n\n<p><strong>material:<\/strong> Acero inoxidable 304+Tres capas de acero <strong> color:<\/strong> Beige<\/p>\n\n\n\n<h3 class=\"wp-block-heading\"><\/h3>\n\n\n\n<figure class=\"wp-block-table\"><table class=\"has-fixed-layout\"><tbody><tr><td class=\"has-text-align-center\" data-align=\"center\"><strong>Art\u00edculo<\/strong><\/td><td class=\"has-text-align-center\" data-align=\"center\"><strong>Material<\/strong><\/td><td class=\"has-text-align-center\" data-align=\"center\"><strong>Color<\/strong><\/td><\/tr><tr><td class=\"has-text-align-center\" data-align=\"center\">MYHL031<\/td><td class=\"has-text-align-center\" data-align=\"center\" rowspan=\"3\">SUS304, tres capas de acero<\/td><td class=\"has-text-align-center\" data-align=\"center\" rowspan=\"3\">Beige<\/td><\/tr><tr><td class=\"has-text-align-center\" data-align=\"center\">MYHL032<\/td><\/tr><tr><td class=\"has-text-align-center\" data-align=\"center\">MYHL033<\/td><\/tr><\/tbody><\/table><\/figure>\n\n\n\n<h3 class=\"wp-block-heading\">Opciones de macetas personalizadas<\/h3>\n\n\n\n<p><strong>Logotipo<\/strong>Personalice el logotipo de su marca en el recipiente de acero inoxidable y en el envase.<br><strong>Opciones de logotipo<\/strong>Logotipo impreso, logotipo grabado con l\u00e1ser, etc.<br><strong>Patr\u00f3n<\/strong>Impresi\u00f3n de motivos en productos y envases.<br><strong>Tecnolog\u00eda de impresi\u00f3n<\/strong>Impresi\u00f3n por transferencia de agua, serigraf\u00eda, transferencia de calor, sublimaci\u00f3n, etc.<br><strong>Embalaje:<\/strong>caja de color.<br><a href=\"https:\/\/moyahousehold.com\/es\/solucion-personalizada\/\"><strong>M\u00e1s informaci\u00f3n sobre soluciones de macetas a medida.<\/strong><\/a><\/p>\n\n\n\n<div class=\"wp-block-columns is-layout-flex wp-container-core-columns-is-layout-9d6595d7 wp-block-columns-is-layout-flex\">\n<div class=\"wp-block-column is-layout-flow wp-block-column-is-layout-flow\" style=\"flex-basis:100%\">\n<div class=\"wp-block-group is-nowrap is-layout-flex wp-container-core-group-is-layout-ad2f72ca wp-block-group-is-layout-flex\">\n<div class=\"wp-block-columns is-layout-flex wp-container-core-columns-is-layout-9d6595d7 wp-block-columns-is-layout-flex\">\n<div class=\"wp-block-column is-layout-flow wp-block-column-is-layout-flow\">\n<figure class=\"wp-block-image size-full\"><img decoding=\"async\" width=\"800\" height=\"800\" src=\"https:\/\/moyahousehold.com\/wp-content\/uploads\/2026\/01\/Creamy-white-cookware-set.webp\" alt=\"\" class=\"wp-image-11940\" srcset=\"https:\/\/moyahousehold.com\/wp-content\/uploads\/2026\/01\/Creamy-white-cookware-set.webp 800w, https:\/\/moyahousehold.com\/wp-content\/uploads\/2026\/01\/Creamy-white-cookware-set-300x300.webp 300w, https:\/\/moyahousehold.com\/wp-content\/uploads\/2026\/01\/Creamy-white-cookware-set-150x150.webp 150w, https:\/\/moyahousehold.com\/wp-content\/uploads\/2026\/01\/Creamy-white-cookware-set-768x768.webp 768w, https:\/\/moyahousehold.com\/wp-content\/uploads\/2026\/01\/Creamy-white-cookware-set-12x12.webp 12w, https:\/\/moyahousehold.com\/wp-content\/uploads\/2026\/01\/Creamy-white-cookware-set-285x285.webp 285w, https:\/\/moyahousehold.com\/wp-content\/uploads\/2026\/01\/Creamy-white-cookware-set-270x270.webp 270w, https:\/\/moyahousehold.com\/wp-content\/uploads\/2026\/01\/Creamy-white-cookware-set-540x540.webp 540w, https:\/\/moyahousehold.com\/wp-content\/uploads\/2026\/01\/Creamy-white-cookware-set-660x660.webp 660w\" sizes=\"(max-width: 800px) 100vw, 800px\" \/><\/figure>\n<\/div>\n\n\n\n<div class=\"wp-block-column is-layout-flow wp-block-column-is-layout-flow\">\n<figure class=\"wp-block-image size-full\"><img decoding=\"async\" width=\"800\" height=\"800\" src=\"https:\/\/moyahousehold.com\/wp-content\/uploads\/2026\/01\/Detachable-handle-cookware.webp\" alt=\"\" class=\"wp-image-11941\" srcset=\"https:\/\/moyahousehold.com\/wp-content\/uploads\/2026\/01\/Detachable-handle-cookware.webp 800w, https:\/\/moyahousehold.com\/wp-content\/uploads\/2026\/01\/Detachable-handle-cookware-300x300.webp 300w, https:\/\/moyahousehold.com\/wp-content\/uploads\/2026\/01\/Detachable-handle-cookware-150x150.webp 150w, https:\/\/moyahousehold.com\/wp-content\/uploads\/2026\/01\/Detachable-handle-cookware-768x768.webp 768w, https:\/\/moyahousehold.com\/wp-content\/uploads\/2026\/01\/Detachable-handle-cookware-12x12.webp 12w, https:\/\/moyahousehold.com\/wp-content\/uploads\/2026\/01\/Detachable-handle-cookware-285x285.webp 285w, https:\/\/moyahousehold.com\/wp-content\/uploads\/2026\/01\/Detachable-handle-cookware-270x270.webp 270w, https:\/\/moyahousehold.com\/wp-content\/uploads\/2026\/01\/Detachable-handle-cookware-540x540.webp 540w, https:\/\/moyahousehold.com\/wp-content\/uploads\/2026\/01\/Detachable-handle-cookware-660x660.webp 660w\" sizes=\"(max-width: 800px) 100vw, 800px\" \/><\/figure>\n<\/div>\n<\/div>\n<\/div>\n<\/div>\n<\/div>\n\n\n\n<div class=\"wp-block-columns is-layout-flex wp-container-core-columns-is-layout-9d6595d7 wp-block-columns-is-layout-flex\">\n<div class=\"wp-block-column is-layout-flow wp-block-column-is-layout-flow\"><\/div>\n\n\n\n<div class=\"wp-block-column is-layout-flow wp-block-column-is-layout-flow\"><\/div>\n<\/div>\n\n\n\n<p>\ud83c\udf1f Eleva tu experiencia en la cocina con el juego de utensilios de cocina de acero tricapa blanco cremoso \ud83c\udf1f<\/p>\n\n\n\n<p>\u00bfCansado de tener los armarios de la cocina desordenados? \u00bfLe irritan las manos al cocinar? \u00bfFrustrado por los utensilios de cocina dif\u00edciles de limpiar? Nuestra bater\u00eda de cocina de acero trilaminado de 4 piezas ha llegado para solucionar todos sus problemas en la cocina. Combinando materiales de primera calidad, un dise\u00f1o pr\u00e1ctico y una est\u00e9tica elegante, no es s\u00f3lo una bater\u00eda de cocina, es un complemento perfecto para su hogar moderno.<\/p>\n\n\n\n<figure class=\"wp-block-gallery has-nested-images columns-default is-cropped wp-block-gallery-1 is-layout-flex wp-block-gallery-is-layout-flex\">\n<figure class=\"wp-block-image size-full is-style-default\"><img loading=\"lazy\" decoding=\"async\" width=\"1500\" height=\"2000\" data-id=\"11942\" src=\"https:\/\/moyahousehold.com\/wp-content\/uploads\/2026\/01\/4-piece-tri-ply-steel-cookware-set-milk-pot-soup-pot-frying-pan.webp\" alt=\"\" class=\"wp-image-11942\" srcset=\"https:\/\/moyahousehold.com\/wp-content\/uploads\/2026\/01\/4-piece-tri-ply-steel-cookware-set-milk-pot-soup-pot-frying-pan.webp 1500w, https:\/\/moyahousehold.com\/wp-content\/uploads\/2026\/01\/4-piece-tri-ply-steel-cookware-set-milk-pot-soup-pot-frying-pan-225x300.webp 225w, https:\/\/moyahousehold.com\/wp-content\/uploads\/2026\/01\/4-piece-tri-ply-steel-cookware-set-milk-pot-soup-pot-frying-pan-768x1024.webp 768w, https:\/\/moyahousehold.com\/wp-content\/uploads\/2026\/01\/4-piece-tri-ply-steel-cookware-set-milk-pot-soup-pot-frying-pan-9x12.webp 9w, https:\/\/moyahousehold.com\/wp-content\/uploads\/2026\/01\/4-piece-tri-ply-steel-cookware-set-milk-pot-soup-pot-frying-pan-285x380.webp 285w, https:\/\/moyahousehold.com\/wp-content\/uploads\/2026\/01\/4-piece-tri-ply-steel-cookware-set-milk-pot-soup-pot-frying-pan-495x660.webp 495w, https:\/\/moyahousehold.com\/wp-content\/uploads\/2026\/01\/4-piece-tri-ply-steel-cookware-set-milk-pot-soup-pot-frying-pan-113x150.webp 113w\" sizes=\"(max-width: 1500px) 100vw, 1500px\" \/><\/figure>\n\n\n\n<figure class=\"wp-block-image size-full is-style-default\"><img loading=\"lazy\" decoding=\"async\" width=\"1500\" height=\"2000\" data-id=\"11943\" src=\"https:\/\/moyahousehold.com\/wp-content\/uploads\/2026\/01\/Creamy-white-deepened-pot-cookware-set.webp\" alt=\"\" class=\"wp-image-11943\" srcset=\"https:\/\/moyahousehold.com\/wp-content\/uploads\/2026\/01\/Creamy-white-deepened-pot-cookware-set.webp 1500w, https:\/\/moyahousehold.com\/wp-content\/uploads\/2026\/01\/Creamy-white-deepened-pot-cookware-set-225x300.webp 225w, https:\/\/moyahousehold.com\/wp-content\/uploads\/2026\/01\/Creamy-white-deepened-pot-cookware-set-768x1024.webp 768w, https:\/\/moyahousehold.com\/wp-content\/uploads\/2026\/01\/Creamy-white-deepened-pot-cookware-set-9x12.webp 9w, https:\/\/moyahousehold.com\/wp-content\/uploads\/2026\/01\/Creamy-white-deepened-pot-cookware-set-285x380.webp 285w, https:\/\/moyahousehold.com\/wp-content\/uploads\/2026\/01\/Creamy-white-deepened-pot-cookware-set-495x660.webp 495w, https:\/\/moyahousehold.com\/wp-content\/uploads\/2026\/01\/Creamy-white-deepened-pot-cookware-set-113x150.webp 113w\" sizes=\"(max-width: 1500px) 100vw, 1500px\" \/><\/figure>\n<\/figure>\n\n\n\n<h2 class=\"wp-block-heading\"><\/h2>\n\n\n\n<h3 class=\"wp-block-heading\"><\/h3>\n\n\n\n<p><strong>\u2728 Ventajas fundamentales que marcan la diferencia<\/strong><\/p>\n\n\n\n<h3 class=\"wp-block-heading\">1. Base de acero Tri-Ply Premium - Calentamiento uniforme y duradero.<\/h3>\n\n\n\n<p>Fabricada con acero tricapa de alta calidad, la bater\u00eda de cocina garantiza una distribuci\u00f3n r\u00e1pida y uniforme del calor, eliminando los puntos calientes que queman los alimentos. La robusta estructura de acero garantiza un uso prolongado, resistente a la deformaci\u00f3n y el desgaste. Segura para el contacto con alimentos, es la elecci\u00f3n fiable para cocinar en familia.<\/p>\n\n\n\n<h3 class=\"wp-block-heading\">2. Asa desmontable: ahorra espacio y es flexible<\/h3>\n\n\n\n<p>El dise\u00f1o desmontable del mango permite retirarlo sin esfuerzo despu\u00e9s de cocinar. Apile las ollas y sartenes ordenadamente en el armario, ahorrando 50% de espacio de almacenamiento-ideal para cocinas peque\u00f1as, apartamentos o casas rodantes. El mango tambi\u00e9n tiene un dise\u00f1o ergon\u00f3mico, con una empu\u00f1adura antideslizante que se mantiene fr\u00eda al tacto, garantizando un manejo c\u00f3modo y seguro.<\/p>\n\n\n\n<h3 class=\"wp-block-heading\">3. Cuerpo de la olla m\u00e1s profundo - Anti-salpicaduras y anti-quemaduras<\/h3>\n\n\n\n<p>La cavidad especialmente profunda de la olla evita las salpicaduras de aceite al fre\u00edr y hervir, manteniendo limpia la cocina. Al mismo tiempo, el dise\u00f1o m\u00e1s profundo aumenta la distancia entre las manos y la fuente de calor, lo que evita quemaduras y hace que cocinar sea m\u00e1s seguro para todos.<\/p>\n\n\n\n<h3 class=\"wp-block-heading\">4. Revestimiento blanco mate cremoso - Elegante y f\u00e1cil de limpiar<\/h3>\n\n\n\n<p>El elegante exterior blanco crema mate a\u00f1ade un toque de minimalismo a su cocina, combinando con todos los estilos de decoraci\u00f3n de cocinas. El revestimiento liso es muy f\u00e1cil de limpiar: basta con pasar un pa\u00f1o h\u00famedo o aclarar con agua, sin necesidad de frotar, para ahorrar tiempo y esfuerzo.<\/p>\n\n\n\n<h3 class=\"wp-block-heading\">5. Juego completo de 6 piezas - Cubre todas las situaciones culinarias.<\/h3>\n\n\n\n<p>El juego incluye una lechera, una sopera, una sart\u00e9n llana y una sart\u00e9n honda, para satisfacer todas sus necesidades culinarias diarias: hervir leche, hacer sopa, fre\u00edr huevos o saltear verduras. Apto para cocinas de gas, inducci\u00f3n y otras cocinas comunes, vers\u00e1til y pr\u00e1ctico.<\/p>\n\n\n\n<figure class=\"wp-block-gallery has-nested-images columns-default is-cropped wp-block-gallery-2 is-layout-flex wp-block-gallery-is-layout-flex\">\n<figure class=\"wp-block-image size-full\"><img loading=\"lazy\" decoding=\"async\" width=\"1500\" height=\"2000\" data-id=\"11944\" src=\"https:\/\/moyahousehold.com\/wp-content\/uploads\/2026\/01\/Detachable-handle-cookware-set-for-small-kitchen.webp\" alt=\"\" class=\"wp-image-11944\" srcset=\"https:\/\/moyahousehold.com\/wp-content\/uploads\/2026\/01\/Detachable-handle-cookware-set-for-small-kitchen.webp 1500w, https:\/\/moyahousehold.com\/wp-content\/uploads\/2026\/01\/Detachable-handle-cookware-set-for-small-kitchen-225x300.webp 225w, https:\/\/moyahousehold.com\/wp-content\/uploads\/2026\/01\/Detachable-handle-cookware-set-for-small-kitchen-768x1024.webp 768w, https:\/\/moyahousehold.com\/wp-content\/uploads\/2026\/01\/Detachable-handle-cookware-set-for-small-kitchen-9x12.webp 9w, https:\/\/moyahousehold.com\/wp-content\/uploads\/2026\/01\/Detachable-handle-cookware-set-for-small-kitchen-285x380.webp 285w, https:\/\/moyahousehold.com\/wp-content\/uploads\/2026\/01\/Detachable-handle-cookware-set-for-small-kitchen-495x660.webp 495w, https:\/\/moyahousehold.com\/wp-content\/uploads\/2026\/01\/Detachable-handle-cookware-set-for-small-kitchen-113x150.webp 113w\" sizes=\"(max-width: 1500px) 100vw, 1500px\" \/><\/figure>\n\n\n\n<figure class=\"wp-block-image size-full\"><img loading=\"lazy\" decoding=\"async\" width=\"1500\" height=\"2000\" data-id=\"11945\" src=\"https:\/\/moyahousehold.com\/wp-content\/uploads\/2026\/01\/Deepened-anti-scald-tri-ply-steel-cookware.webp\" alt=\"\" class=\"wp-image-11945\" srcset=\"https:\/\/moyahousehold.com\/wp-content\/uploads\/2026\/01\/Deepened-anti-scald-tri-ply-steel-cookware.webp 1500w, https:\/\/moyahousehold.com\/wp-content\/uploads\/2026\/01\/Deepened-anti-scald-tri-ply-steel-cookware-225x300.webp 225w, https:\/\/moyahousehold.com\/wp-content\/uploads\/2026\/01\/Deepened-anti-scald-tri-ply-steel-cookware-768x1024.webp 768w, https:\/\/moyahousehold.com\/wp-content\/uploads\/2026\/01\/Deepened-anti-scald-tri-ply-steel-cookware-9x12.webp 9w, https:\/\/moyahousehold.com\/wp-content\/uploads\/2026\/01\/Deepened-anti-scald-tri-ply-steel-cookware-285x380.webp 285w, https:\/\/moyahousehold.com\/wp-content\/uploads\/2026\/01\/Deepened-anti-scald-tri-ply-steel-cookware-495x660.webp 495w, https:\/\/moyahousehold.com\/wp-content\/uploads\/2026\/01\/Deepened-anti-scald-tri-ply-steel-cookware-113x150.webp 113w\" sizes=\"(max-width: 1500px) 100vw, 1500px\" \/><\/figure>\n<\/figure>\n\n\n\n<h3 class=\"wp-block-heading\"><\/h3>\n\n\n\n<p>\ud83c\udfe1 \u00bfPor qu\u00e9 elegir nuestra bater\u00eda de cocina?<\/p>\n\n\n\n<p>Juego completo de 4 piezas para todas las necesidades culinarias<\/p>\n\n\n\n<p>Acero tricapa de primera calidad para una cocci\u00f3n segura y eficaz<\/p>\n\n\n\n<p>Asa desmontable para ahorrar espacio<\/p>\n\n\n\n<p>Dise\u00f1o m\u00e1s profundo para protecci\u00f3n antisalpicaduras y antiquemaduras<\/p>\n\n\n\n<p>Elegante aspecto blanco cremoso que decora su cocina<\/p>\n\n\n\n<p>F\u00e1cil de limpiar y compatible con m\u00faltiples estufas<\/p>\n\n\n\n<figure class=\"wp-block-gallery has-nested-images columns-default is-cropped wp-block-gallery-3 is-layout-flex wp-block-gallery-is-layout-flex\">\n<figure class=\"wp-block-image size-large\"><img loading=\"lazy\" decoding=\"async\" width=\"1500\" height=\"2000\" data-id=\"11947\" src=\"https:\/\/moyahousehold.com\/wp-content\/uploads\/2026\/01\/Easy-clean-tri-ply-steel-cookware-for-home-1.webp\" alt=\"\" class=\"wp-image-11947\" srcset=\"https:\/\/moyahousehold.com\/wp-content\/uploads\/2026\/01\/Easy-clean-tri-ply-steel-cookware-for-home-1.webp 1500w, https:\/\/moyahousehold.com\/wp-content\/uploads\/2026\/01\/Easy-clean-tri-ply-steel-cookware-for-home-1-225x300.webp 225w, https:\/\/moyahousehold.com\/wp-content\/uploads\/2026\/01\/Easy-clean-tri-ply-steel-cookware-for-home-1-768x1024.webp 768w, https:\/\/moyahousehold.com\/wp-content\/uploads\/2026\/01\/Easy-clean-tri-ply-steel-cookware-for-home-1-9x12.webp 9w, https:\/\/moyahousehold.com\/wp-content\/uploads\/2026\/01\/Easy-clean-tri-ply-steel-cookware-for-home-1-285x380.webp 285w, https:\/\/moyahousehold.com\/wp-content\/uploads\/2026\/01\/Easy-clean-tri-ply-steel-cookware-for-home-1-495x660.webp 495w, https:\/\/moyahousehold.com\/wp-content\/uploads\/2026\/01\/Easy-clean-tri-ply-steel-cookware-for-home-1-113x150.webp 113w\" sizes=\"(max-width: 1500px) 100vw, 1500px\" \/><\/figure>\n\n\n\n<figure class=\"wp-block-image size-large\"><img loading=\"lazy\" decoding=\"async\" width=\"1500\" height=\"2000\" data-id=\"11948\" src=\"https:\/\/moyahousehold.com\/wp-content\/uploads\/2026\/01\/Modern-creamy-white-kitchen-cookware-set.webp\" alt=\"\" class=\"wp-image-11948\" srcset=\"https:\/\/moyahousehold.com\/wp-content\/uploads\/2026\/01\/Modern-creamy-white-kitchen-cookware-set.webp 1500w, https:\/\/moyahousehold.com\/wp-content\/uploads\/2026\/01\/Modern-creamy-white-kitchen-cookware-set-225x300.webp 225w, https:\/\/moyahousehold.com\/wp-content\/uploads\/2026\/01\/Modern-creamy-white-kitchen-cookware-set-768x1024.webp 768w, https:\/\/moyahousehold.com\/wp-content\/uploads\/2026\/01\/Modern-creamy-white-kitchen-cookware-set-9x12.webp 9w, https:\/\/moyahousehold.com\/wp-content\/uploads\/2026\/01\/Modern-creamy-white-kitchen-cookware-set-285x380.webp 285w, https:\/\/moyahousehold.com\/wp-content\/uploads\/2026\/01\/Modern-creamy-white-kitchen-cookware-set-495x660.webp 495w, https:\/\/moyahousehold.com\/wp-content\/uploads\/2026\/01\/Modern-creamy-white-kitchen-cookware-set-113x150.webp 113w\" sizes=\"(max-width: 1500px) 100vw, 1500px\" \/><\/figure>\n<\/figure>\n\n\n\n<p>Tanto si es un cocinero principiante como un experimentado chef casero, este juego de utensilios de cocina le har\u00e1 la vida en la cocina m\u00e1s f\u00e1cil y agradable. No es solo una herramienta, sino un compa\u00f1ero que a\u00f1ade calidez a sus comidas diarias.<\/p>\n\n\n\n<p><strong>\ud83d\udc49 \u00a1A\u00f1ade a la cesta ahora y transforma tu cocina!<\/strong><\/p>\n\n\n\n<p><\/p>","protected":false},"excerpt":{"rendered":"<h2 class=\"header-vfC6AV auto-hide-last-sibling-br\">Servicios de personalizaci\u00f3n<\/h2>\n<div class=\"auto-hide-last-sibling-br paragraph-JOTKXA paragraph-element br-paragraph-space\">Como fabricante profesional de fiambreras, ofrecemos soluciones completas de OEM y ODM:<\/div>\n<ul class=\"auto-hide-last-sibling-br\">\n<li><strong>OEM<\/strong>: Personalice los logotipos, las impresiones o el embalaje para adaptarlos a la identidad de su marca. Tambi\u00e9n puede elegir diferentes colores para la cubierta exterior para que coincida con el estilo de su marca.<\/li>\n<li><strong>ODM<\/strong>: Colaboramos en el dise\u00f1o del producto, desde la disposici\u00f3n de los compartimentos (ajustando su n\u00famero y tama\u00f1o) hasta los acabados de los materiales, para crear soluciones \u00fanicas y adaptadas al mercado. Tambi\u00e9n podemos optimizar la estructura de sellado o a\u00f1adir dise\u00f1os funcionales especiales seg\u00fan sus necesidades.<\/li>\n<\/ul>","protected":false},"featured_media":11938,"comment_status":"closed","ping_status":"closed","template":"","meta":[],"product_cat":[58],"product_tag":[87,92],"class_list":{"0":"post-11936","1":"product","2":"type-product","3":"status-publish","4":"has-post-thumbnail","6":"product_cat-lunch-box-wholesale","7":"product_tag-wholesale-multi-compartment-lunch-box","8":"product_tag-wholesale-rectangle-lunch-box","10":"first","11":"instock","12":"shipping-taxable","13":"product-type-simple"},"_links":{"self":[{"href":"https:\/\/moyahousehold.com\/es\/wp-json\/wp\/v2\/product\/11936","targetHints":{"allow":["GET"]}}],"collection":[{"href":"https:\/\/moyahousehold.com\/es\/wp-json\/wp\/v2\/product"}],"about":[{"href":"https:\/\/moyahousehold.com\/es\/wp-json\/wp\/v2\/types\/product"}],"replies":[{"embeddable":true,"href":"https:\/\/moyahousehold.com\/es\/wp-json\/wp\/v2\/comments?post=11936"}],"version-history":[{"count":1,"href":"https:\/\/moyahousehold.com\/es\/wp-json\/wp\/v2\/product\/11936\/revisions"}],"predecessor-version":[{"id":11949,"href":"https:\/\/moyahousehold.com\/es\/wp-json\/wp\/v2\/product\/11936\/revisions\/11949"}],"wp:featuredmedia":[{"embeddable":true,"href":"https:\/\/moyahousehold.com\/es\/wp-json\/wp\/v2\/media\/11938"}],"wp:attachment":[{"href":"https:\/\/moyahousehold.com\/es\/wp-json\/wp\/v2\/media?parent=11936"}],"wp:term":[{"taxonomy":"product_cat","embeddable":true,"href":"https:\/\/moyahousehold.com\/es\/wp-json\/wp\/v2\/product_cat?post=11936"},{"taxonomy":"product_tag","embeddable":true,"href":"https:\/\/moyahousehold.com\/es\/wp-json\/wp\/v2\/product_tag?post=11936"}],"curies":[{"name":"wp","href":"https:\/\/api.w.org\/{rel}","templated":true}]}}