{"id":11950,"date":"2026-01-12T10:12:44","date_gmt":"2026-01-12T09:54:34","guid":{"rendered":"https:\/\/moyahousehold.com\/?post_type=product&#038;p=11950"},"modified":"2026-04-06T01:24:09","modified_gmt":"2026-04-06T01:24:09","slug":"moya-304-stainless-steel-food-containers-with-glass-lid-leak-proof-microwave-safe-for-kitchen-meal-prep","status":"publish","type":"product","link":"https:\/\/moyahousehold.com\/es\/producto\/moya-304-stainless-steel-food-containers-with-glass-lid-leak-proof-microwave-safe-for-kitchen-meal-prep\/","title":{"rendered":"MOYA Recipientes de Acero Inoxidable 304 con Tapa de Cristal - A Prueba de Fugas, Aptos para Microondas para Cocina y Preparaci\u00f3n de Comidas"},"content":{"rendered":"<figure class=\"wp-block-image size-full\"><img fetchpriority=\"high\" decoding=\"async\" width=\"2141\" height=\"2854\" src=\"https:\/\/moyahousehold.com\/wp-content\/uploads\/2026\/01\/304-stainless-steel-food-containers.webp\" alt=\"\" class=\"wp-image-11951\" srcset=\"https:\/\/moyahousehold.com\/wp-content\/uploads\/2026\/01\/304-stainless-steel-food-containers.webp 2141w, https:\/\/moyahousehold.com\/wp-content\/uploads\/2026\/01\/304-stainless-steel-food-containers-225x300.webp 225w, https:\/\/moyahousehold.com\/wp-content\/uploads\/2026\/01\/304-stainless-steel-food-containers-768x1024.webp 768w, https:\/\/moyahousehold.com\/wp-content\/uploads\/2026\/01\/304-stainless-steel-food-containers-9x12.webp 9w, https:\/\/moyahousehold.com\/wp-content\/uploads\/2026\/01\/304-stainless-steel-food-containers-285x380.webp 285w, https:\/\/moyahousehold.com\/wp-content\/uploads\/2026\/01\/304-stainless-steel-food-containers-1600x2133.webp 1600w, https:\/\/moyahousehold.com\/wp-content\/uploads\/2026\/01\/304-stainless-steel-food-containers-495x660.webp 495w, https:\/\/moyahousehold.com\/wp-content\/uploads\/2026\/01\/304-stainless-steel-food-containers-113x150.webp 113w\" sizes=\"(max-width: 2141px) 100vw, 2141px\" \/><\/figure>\n\n\n\n<p><strong>Material:<\/strong> Acero inoxidable 304+Silicona+Vidrio <strong> Color:<\/strong> Beige<\/p>\n\n\n\n<figure class=\"wp-block-table\"><table class=\"has-fixed-layout\"><tbody><tr><td class=\"has-text-align-center\" data-align=\"center\"><strong>Art\u00edculo<\/strong><\/td><td class=\"has-text-align-center\" data-align=\"center\"><strong>Material<\/strong><\/td><td class=\"has-text-align-center\" data-align=\"center\"><strong>Color<\/strong><\/td><td class=\"has-text-align-center\" data-align=\"center\"><strong>Capacidad<\/strong><\/td><\/tr><tr><td class=\"has-text-align-center\" data-align=\"center\">MYJD390<\/td><td class=\"has-text-align-center\" data-align=\"center\" rowspan=\"9\">304+vidrio+silicona<\/td><td class=\"has-text-align-center\" data-align=\"center\" rowspan=\"9\">Beige<\/td><td class=\"has-text-align-center\" data-align=\"center\">300ML<\/td><\/tr><tr><td class=\"has-text-align-center\" data-align=\"center\">MYJD391<\/td><td class=\"has-text-align-center\" data-align=\"center\">500ML<\/td><\/tr><tr><td class=\"has-text-align-center\" data-align=\"center\">MYJD392<\/td><td class=\"has-text-align-center\" data-align=\"center\">600ML<\/td><\/tr><tr><td class=\"has-text-align-center\" data-align=\"center\">MYJD393<\/td><td class=\"has-text-align-center\" data-align=\"center\">700ML<\/td><\/tr><tr><td class=\"has-text-align-center\" data-align=\"center\">MYJD394<\/td><td class=\"has-text-align-center\" data-align=\"center\">1100ML<\/td><\/tr><tr><td class=\"has-text-align-center\" data-align=\"center\">MYJD395<\/td><td class=\"has-text-align-center\" data-align=\"center\">1400ML<\/td><\/tr><tr><td class=\"has-text-align-center\" data-align=\"center\">MYJD396<\/td><td class=\"has-text-align-center\" data-align=\"center\">1700ML<\/td><\/tr><tr><td class=\"has-text-align-center\" data-align=\"center\">MYJD397<\/td><td class=\"has-text-align-center\" data-align=\"center\">2400ML<\/td><\/tr><tr><td class=\"has-text-align-center\" data-align=\"center\">MYJD398<\/td><td class=\"has-text-align-center\" data-align=\"center\">3200ML<\/td><\/tr><\/tbody><\/table><\/figure>\n\n\n\n<h3 class=\"wp-block-heading\">Opciones de cajas de conservaci\u00f3n personalizadas<\/h3>\n\n\n\n<p><strong>Logotipo<\/strong>: Customize your brand logo on the stainless steel cooking bowl and packaging.<br><strong>Logo Options<\/strong>: Printed logo, laser engraved logo, etc.<br><strong>Patr\u00f3n<\/strong>: Printing patterns on products and packaging.<br><strong>Printing Technology<\/strong>: Water transfer printing, silk screen printing, heat transfer printing, sublimation transfer, etc.<br><strong>Embalaje:<\/strong> Color box.<br><a href=\"https:\/\/moyahousehold.com\/es\/solucion-personalizada\/\"><strong>M\u00e1s informaci\u00f3n sobre soluciones de fiambreras personalizadas.<\/strong><\/a><\/p>\n\n\n\n<div class=\"wp-block-columns is-layout-flex wp-container-core-columns-is-layout-9d6595d7 wp-block-columns-is-layout-flex\">\n<div class=\"wp-block-column is-layout-flow wp-block-column-is-layout-flow\" style=\"flex-basis:100%\">\n<div class=\"wp-block-group is-nowrap is-layout-flex wp-container-core-group-is-layout-ad2f72ca wp-block-group-is-layout-flex\">\n<div class=\"wp-block-columns is-layout-flex wp-container-core-columns-is-layout-9d6595d7 wp-block-columns-is-layout-flex\">\n<div class=\"wp-block-column is-layout-flow wp-block-column-is-layout-flow\">\n<figure class=\"wp-block-image size-full\"><img decoding=\"async\" width=\"800\" height=\"800\" src=\"https:\/\/moyahousehold.com\/wp-content\/uploads\/2026\/01\/easy-open-food-containers-with-glass-lid.webp\" alt=\"\" class=\"wp-image-11952\" srcset=\"https:\/\/moyahousehold.com\/wp-content\/uploads\/2026\/01\/easy-open-food-containers-with-glass-lid.webp 800w, https:\/\/moyahousehold.com\/wp-content\/uploads\/2026\/01\/easy-open-food-containers-with-glass-lid-300x300.webp 300w, https:\/\/moyahousehold.com\/wp-content\/uploads\/2026\/01\/easy-open-food-containers-with-glass-lid-150x150.webp 150w, https:\/\/moyahousehold.com\/wp-content\/uploads\/2026\/01\/easy-open-food-containers-with-glass-lid-768x768.webp 768w, https:\/\/moyahousehold.com\/wp-content\/uploads\/2026\/01\/easy-open-food-containers-with-glass-lid-12x12.webp 12w, https:\/\/moyahousehold.com\/wp-content\/uploads\/2026\/01\/easy-open-food-containers-with-glass-lid-285x285.webp 285w, https:\/\/moyahousehold.com\/wp-content\/uploads\/2026\/01\/easy-open-food-containers-with-glass-lid-270x270.webp 270w, https:\/\/moyahousehold.com\/wp-content\/uploads\/2026\/01\/easy-open-food-containers-with-glass-lid-540x540.webp 540w, https:\/\/moyahousehold.com\/wp-content\/uploads\/2026\/01\/easy-open-food-containers-with-glass-lid-660x660.webp 660w\" sizes=\"(max-width: 800px) 100vw, 800px\" \/><\/figure>\n<\/div>\n\n\n\n<div class=\"wp-block-column is-layout-flow wp-block-column-is-layout-flow\">\n<figure class=\"wp-block-image size-full\"><img decoding=\"async\" width=\"800\" height=\"800\" src=\"https:\/\/moyahousehold.com\/wp-content\/uploads\/2026\/01\/multi-size-food-storage-set.webp\" alt=\"\" class=\"wp-image-11953\" srcset=\"https:\/\/moyahousehold.com\/wp-content\/uploads\/2026\/01\/multi-size-food-storage-set.webp 800w, https:\/\/moyahousehold.com\/wp-content\/uploads\/2026\/01\/multi-size-food-storage-set-300x300.webp 300w, https:\/\/moyahousehold.com\/wp-content\/uploads\/2026\/01\/multi-size-food-storage-set-150x150.webp 150w, https:\/\/moyahousehold.com\/wp-content\/uploads\/2026\/01\/multi-size-food-storage-set-768x768.webp 768w, https:\/\/moyahousehold.com\/wp-content\/uploads\/2026\/01\/multi-size-food-storage-set-12x12.webp 12w, https:\/\/moyahousehold.com\/wp-content\/uploads\/2026\/01\/multi-size-food-storage-set-285x285.webp 285w, https:\/\/moyahousehold.com\/wp-content\/uploads\/2026\/01\/multi-size-food-storage-set-270x270.webp 270w, https:\/\/moyahousehold.com\/wp-content\/uploads\/2026\/01\/multi-size-food-storage-set-540x540.webp 540w, https:\/\/moyahousehold.com\/wp-content\/uploads\/2026\/01\/multi-size-food-storage-set-660x660.webp 660w\" sizes=\"(max-width: 800px) 100vw, 800px\" \/><\/figure>\n<\/div>\n<\/div>\n<\/div>\n<\/div>\n<\/div>\n\n\n\n<p>\u00bfCansado de tener que lidiar con malolientes recipientes de pl\u00e1stico, sucias fugas en la bolsa o de preocuparte por las sustancias qu\u00edmicas nocivas que se filtran en los alimentos? Tanto si prepara comidas semanales para el trabajo, como si guarda las sobras en la nevera o prepara tentempi\u00e9s para una excursi\u00f3n familiar, el recipiente adecuado puede convertir el caos en orden. Nuestro contenedor de alimentos de acero inoxidable 304 con tapa de cristal est\u00e1 dise\u00f1ado para resolver todos estos problemas, combinando materiales seguros para los alimentos, un sellado fiable y una versatilidad multiuso para hacer su vida diaria m\u00e1s f\u00e1cil y saludable.<\/p>\n\n\n\n<figure class=\"wp-block-gallery has-nested-images columns-default is-cropped wp-block-gallery-1 is-layout-flex wp-block-gallery-is-layout-flex\">\n<figure class=\"wp-block-image size-full is-style-default\"><img loading=\"lazy\" decoding=\"async\" width=\"1650\" height=\"2200\" data-id=\"11956\" src=\"https:\/\/moyahousehold.com\/wp-content\/uploads\/2026\/01\/food-grade-stainless-steel-storage-containers-for-kitchen.webp\" alt=\"\" class=\"wp-image-11956\" srcset=\"https:\/\/moyahousehold.com\/wp-content\/uploads\/2026\/01\/food-grade-stainless-steel-storage-containers-for-kitchen.webp 1650w, https:\/\/moyahousehold.com\/wp-content\/uploads\/2026\/01\/food-grade-stainless-steel-storage-containers-for-kitchen-225x300.webp 225w, https:\/\/moyahousehold.com\/wp-content\/uploads\/2026\/01\/food-grade-stainless-steel-storage-containers-for-kitchen-768x1024.webp 768w, https:\/\/moyahousehold.com\/wp-content\/uploads\/2026\/01\/food-grade-stainless-steel-storage-containers-for-kitchen-9x12.webp 9w, https:\/\/moyahousehold.com\/wp-content\/uploads\/2026\/01\/food-grade-stainless-steel-storage-containers-for-kitchen-285x380.webp 285w, https:\/\/moyahousehold.com\/wp-content\/uploads\/2026\/01\/food-grade-stainless-steel-storage-containers-for-kitchen-1600x2133.webp 1600w, https:\/\/moyahousehold.com\/wp-content\/uploads\/2026\/01\/food-grade-stainless-steel-storage-containers-for-kitchen-495x660.webp 495w, https:\/\/moyahousehold.com\/wp-content\/uploads\/2026\/01\/food-grade-stainless-steel-storage-containers-for-kitchen-113x150.webp 113w\" sizes=\"(max-width: 1650px) 100vw, 1650px\" \/><\/figure>\n\n\n\n<figure class=\"wp-block-image size-full is-style-default\"><img loading=\"lazy\" decoding=\"async\" width=\"1650\" height=\"2200\" data-id=\"11957\" src=\"https:\/\/moyahousehold.com\/wp-content\/uploads\/2026\/01\/glass-lid-food-storage-boxes.webp\" alt=\"\" class=\"wp-image-11957\" srcset=\"https:\/\/moyahousehold.com\/wp-content\/uploads\/2026\/01\/glass-lid-food-storage-boxes.webp 1650w, https:\/\/moyahousehold.com\/wp-content\/uploads\/2026\/01\/glass-lid-food-storage-boxes-225x300.webp 225w, https:\/\/moyahousehold.com\/wp-content\/uploads\/2026\/01\/glass-lid-food-storage-boxes-768x1024.webp 768w, https:\/\/moyahousehold.com\/wp-content\/uploads\/2026\/01\/glass-lid-food-storage-boxes-9x12.webp 9w, https:\/\/moyahousehold.com\/wp-content\/uploads\/2026\/01\/glass-lid-food-storage-boxes-285x380.webp 285w, https:\/\/moyahousehold.com\/wp-content\/uploads\/2026\/01\/glass-lid-food-storage-boxes-1600x2133.webp 1600w, https:\/\/moyahousehold.com\/wp-content\/uploads\/2026\/01\/glass-lid-food-storage-boxes-495x660.webp 495w, https:\/\/moyahousehold.com\/wp-content\/uploads\/2026\/01\/glass-lid-food-storage-boxes-113x150.webp 113w\" sizes=\"(max-width: 1650px) 100vw, 1650px\" \/><\/figure>\n<\/figure>\n\n\n\n<p><strong>Cuerpo de acero inoxidable 304 de calidad alimentaria<\/strong>: Fabricado en acero inoxidable 304 de alta calidad, este recipiente no es t\u00f3xico, no desprende olores y es resistente a la corrosi\u00f3n. No se oxida ni se deforma incluso con un uso prolongado, lo que garantiza que sus alimentos se mantengan puros y seguros en cada comida.<\/p>\n\n\n\n<p><strong>Tapa de cristal transparente con respiradero de silicona<\/strong>: La tapa de cristal transparente permite comprobar el contenido de un vistazo sin necesidad de abrirla, \u00a1se acab\u00f3 rebuscar en la nevera! La rejilla de silicona incorporada se puede presionar para liberar presi\u00f3n, lo que facilita su apertura despu\u00e9s de calentar y evita que se hinche al guardar alimentos calientes.<\/p>\n\n\n\n<p><strong>Dise\u00f1o de sellado a prueba de fugas<\/strong>: Equipado con una junta de silicona de primera calidad y una estructura herm\u00e9tica, ofrece doble protecci\u00f3n contra fugas y derrames. Si\u00e9ntase seguro de llevar sopas, salsas o guisos en el bolso: se acabaron los accidentes.<\/p>\n\n\n\n<p><strong>Apto para microondas y frigor\u00edfico<\/strong>: Cambia sin problemas entre almacenamiento y calentamiento. Se puede utilizar en el microondas (quitando la tapa si es necesario) y en el frigor\u00edfico, ya que soporta temperaturas altas y bajas sin esfuerzo. Un solo recipiente para todas sus necesidades: no tendr\u00e1 que cambiar de un plato a otro.<\/p>\n\n\n\n<p><strong>Apilable para ahorrar espacio<\/strong>: Dise\u00f1ados con dimensiones uniformes, se pueden apilar varios recipientes en el frigor\u00edfico o el armario, maximizando el espacio de almacenamiento y manteniendo la cocina organizada. Disponible en varios tama\u00f1os para adaptarse a diferentes porciones de comidas, frutas o productos secos.<\/p>\n\n\n\n<p><strong>F\u00e1cil de limpiar y duradero<\/strong>: La superficie lisa del cuerpo de acero inoxidable y la tapa de cristal no deja esquinas muertas, por lo que puede limpiarlos en segundos con un simple enjuague. A diferencia de los fr\u00e1giles recipientes de pl\u00e1stico, la combinaci\u00f3n de acero y cristal es inastillable y a prueba de ca\u00eddas, por lo que ofrece un uso duradero y te permite ahorrar dinero a largo plazo.<\/p>\n\n\n\n<figure class=\"wp-block-gallery has-nested-images columns-default is-cropped wp-block-gallery-2 is-layout-flex wp-block-gallery-is-layout-flex\">\n<figure class=\"wp-block-image size-full\"><img loading=\"lazy\" decoding=\"async\" width=\"1650\" height=\"2200\" data-id=\"11958\" src=\"https:\/\/moyahousehold.com\/wp-content\/uploads\/2026\/01\/glass-lid-leak-proof-meal-prep-containers.webp\" alt=\"\" class=\"wp-image-11958\" srcset=\"https:\/\/moyahousehold.com\/wp-content\/uploads\/2026\/01\/glass-lid-leak-proof-meal-prep-containers.webp 1650w, https:\/\/moyahousehold.com\/wp-content\/uploads\/2026\/01\/glass-lid-leak-proof-meal-prep-containers-225x300.webp 225w, https:\/\/moyahousehold.com\/wp-content\/uploads\/2026\/01\/glass-lid-leak-proof-meal-prep-containers-768x1024.webp 768w, https:\/\/moyahousehold.com\/wp-content\/uploads\/2026\/01\/glass-lid-leak-proof-meal-prep-containers-9x12.webp 9w, https:\/\/moyahousehold.com\/wp-content\/uploads\/2026\/01\/glass-lid-leak-proof-meal-prep-containers-285x380.webp 285w, https:\/\/moyahousehold.com\/wp-content\/uploads\/2026\/01\/glass-lid-leak-proof-meal-prep-containers-1600x2133.webp 1600w, https:\/\/moyahousehold.com\/wp-content\/uploads\/2026\/01\/glass-lid-leak-proof-meal-prep-containers-495x660.webp 495w, https:\/\/moyahousehold.com\/wp-content\/uploads\/2026\/01\/glass-lid-leak-proof-meal-prep-containers-113x150.webp 113w\" sizes=\"(max-width: 1650px) 100vw, 1650px\" \/><\/figure>\n\n\n\n<figure class=\"wp-block-image size-full\"><img loading=\"lazy\" decoding=\"async\" width=\"1650\" height=\"2200\" data-id=\"11959\" src=\"https:\/\/moyahousehold.com\/wp-content\/uploads\/2026\/01\/leak-proof-food-containers.webp\" alt=\"\" class=\"wp-image-11959\" srcset=\"https:\/\/moyahousehold.com\/wp-content\/uploads\/2026\/01\/leak-proof-food-containers.webp 1650w, https:\/\/moyahousehold.com\/wp-content\/uploads\/2026\/01\/leak-proof-food-containers-225x300.webp 225w, https:\/\/moyahousehold.com\/wp-content\/uploads\/2026\/01\/leak-proof-food-containers-768x1024.webp 768w, https:\/\/moyahousehold.com\/wp-content\/uploads\/2026\/01\/leak-proof-food-containers-9x12.webp 9w, https:\/\/moyahousehold.com\/wp-content\/uploads\/2026\/01\/leak-proof-food-containers-285x380.webp 285w, https:\/\/moyahousehold.com\/wp-content\/uploads\/2026\/01\/leak-proof-food-containers-1600x2133.webp 1600w, https:\/\/moyahousehold.com\/wp-content\/uploads\/2026\/01\/leak-proof-food-containers-495x660.webp 495w, https:\/\/moyahousehold.com\/wp-content\/uploads\/2026\/01\/leak-proof-food-containers-113x150.webp 113w\" sizes=\"(max-width: 1650px) 100vw, 1650px\" \/><\/figure>\n<\/figure>\n\n\n\n<p><\/p>","protected":false},"excerpt":{"rendered":"<h2 class=\"header-vfC6AV auto-hide-last-sibling-br\">Servicios de personalizaci\u00f3n<\/h2>\n<div class=\"auto-hide-last-sibling-br paragraph-JOTKXA paragraph-element br-paragraph-space\">Como fabricante profesional de fiambreras, ofrecemos soluciones completas de OEM y ODM:<\/div>\n<ul class=\"auto-hide-last-sibling-br\">\n<li><strong>OEM<\/strong>: Personalice los logotipos, las impresiones o el embalaje para adaptarlos a la identidad de su marca. Tambi\u00e9n puede elegir diferentes colores para la cubierta exterior para que coincida con el estilo de su marca.<\/li>\n<li><strong>ODM<\/strong>: Colaboramos en el dise\u00f1o del producto, desde la disposici\u00f3n de los compartimentos (ajustando su n\u00famero y tama\u00f1o) hasta los acabados de los materiales, para crear soluciones \u00fanicas y adaptadas al mercado. Tambi\u00e9n podemos optimizar la estructura de sellado o a\u00f1adir dise\u00f1os funcionales especiales seg\u00fan sus necesidades.<\/li>\n<\/ul>","protected":false},"featured_media":12616,"comment_status":"closed","ping_status":"closed","template":"","meta":[],"product_cat":[58],"product_tag":[87,92],"class_list":{"0":"post-11950","1":"product","2":"type-product","3":"status-publish","4":"has-post-thumbnail","6":"product_cat-lunch-box-wholesale","7":"product_tag-wholesale-multi-compartment-lunch-box","8":"product_tag-wholesale-rectangle-lunch-box","10":"first","11":"instock","12":"shipping-taxable","13":"product-type-simple"},"_links":{"self":[{"href":"https:\/\/moyahousehold.com\/es\/wp-json\/wp\/v2\/product\/11950","targetHints":{"allow":["GET"]}}],"collection":[{"href":"https:\/\/moyahousehold.com\/es\/wp-json\/wp\/v2\/product"}],"about":[{"href":"https:\/\/moyahousehold.com\/es\/wp-json\/wp\/v2\/types\/product"}],"replies":[{"embeddable":true,"href":"https:\/\/moyahousehold.com\/es\/wp-json\/wp\/v2\/comments?post=11950"}],"version-history":[{"count":2,"href":"https:\/\/moyahousehold.com\/es\/wp-json\/wp\/v2\/product\/11950\/revisions"}],"predecessor-version":[{"id":12621,"href":"https:\/\/moyahousehold.com\/es\/wp-json\/wp\/v2\/product\/11950\/revisions\/12621"}],"wp:featuredmedia":[{"embeddable":true,"href":"https:\/\/moyahousehold.com\/es\/wp-json\/wp\/v2\/media\/12616"}],"wp:attachment":[{"href":"https:\/\/moyahousehold.com\/es\/wp-json\/wp\/v2\/media?parent=11950"}],"wp:term":[{"taxonomy":"product_cat","embeddable":true,"href":"https:\/\/moyahousehold.com\/es\/wp-json\/wp\/v2\/product_cat?post=11950"},{"taxonomy":"product_tag","embeddable":true,"href":"https:\/\/moyahousehold.com\/es\/wp-json\/wp\/v2\/product_tag?post=11950"}],"curies":[{"name":"wp","href":"https:\/\/api.w.org\/{rel}","templated":true}]}}