{"id":12012,"date":"2026-03-27T02:43:25","date_gmt":"2026-03-26T02:18:41","guid":{"rendered":"https:\/\/moyahousehold.com\/?post_type=product&#038;p=12012"},"modified":"2026-04-15T07:17:45","modified_gmt":"2026-04-15T07:17:45","slug":"moya-304-stainless-steel-food-containers-glass-lid-leak-proof-microwave-safe","status":"publish","type":"product","link":"https:\/\/moyahousehold.com\/es\/producto\/moya-304-stainless-steel-food-containers-glass-lid-leak-proof-microwave-safe\/","title":{"rendered":"MOYA 304 Stainless Steel Food Containers | Glass Lid | Leak-Proof &amp; Microwave Safe"},"content":{"rendered":"<figure class=\"wp-block-image size-full\"><img fetchpriority=\"high\" decoding=\"async\" width=\"2109\" height=\"2813\" src=\"https:\/\/moyahousehold.com\/wp-content\/uploads\/2026\/03\/8.jpg\" alt=\"Recipientes para alimentos de acero inoxidable 304 con respiradero de silicona\" class=\"wp-image-12041\" srcset=\"https:\/\/moyahousehold.com\/wp-content\/uploads\/2026\/03\/8.jpg 2109w, https:\/\/moyahousehold.com\/wp-content\/uploads\/2026\/03\/8-225x300.jpg 225w, https:\/\/moyahousehold.com\/wp-content\/uploads\/2026\/03\/8-768x1024.jpg 768w, https:\/\/moyahousehold.com\/wp-content\/uploads\/2026\/03\/8-9x12.jpg 9w, https:\/\/moyahousehold.com\/wp-content\/uploads\/2026\/03\/8-285x380.jpg 285w, https:\/\/moyahousehold.com\/wp-content\/uploads\/2026\/03\/8-1600x2134.jpg 1600w, https:\/\/moyahousehold.com\/wp-content\/uploads\/2026\/03\/8-495x660.jpg 495w, https:\/\/moyahousehold.com\/wp-content\/uploads\/2026\/03\/8-112x150.jpg 112w\" sizes=\"(max-width: 2109px) 100vw, 2109px\" \/><\/figure>\n\n\n\n<h3 class=\"wp-block-heading\">Food Container Size &amp; Material Specifications<\/h3>\n\n\n\n<p><strong>Material:<\/strong> Acero inoxidable 304+Silicona+Vidrio <strong> Color:<\/strong> Nature<\/p>\n\n\n\n<figure class=\"wp-block-table\"><table class=\"has-fixed-layout\"><tbody><tr><td class=\"has-text-align-center\" data-align=\"center\"><strong>Art\u00edculo<\/strong><\/td><td class=\"has-text-align-center\" data-align=\"center\"><strong>Material<\/strong><\/td><td class=\"has-text-align-center\" data-align=\"center\"><strong>Color<\/strong><\/td><td class=\"has-text-align-center\" data-align=\"center\"><strong>Capacidad<\/strong><\/td><\/tr><tr><td class=\"has-text-align-center\" data-align=\"center\">MYJD399<\/td><td class=\"has-text-align-center\" data-align=\"center\" rowspan=\"9\">304+vidrio+silicona<\/td><td class=\"has-text-align-center\" data-align=\"center\" rowspan=\"9\">Nature<\/td><td class=\"has-text-align-center\" data-align=\"center\">300ML<\/td><\/tr><tr><td class=\"has-text-align-center\" data-align=\"center\">MYJD400<\/td><td class=\"has-text-align-center\" data-align=\"center\">500ML<\/td><\/tr><tr><td class=\"has-text-align-center\" data-align=\"center\">MYJD401<\/td><td class=\"has-text-align-center\" data-align=\"center\">600ML<\/td><\/tr><tr><td class=\"has-text-align-center\" data-align=\"center\">MYJD402<\/td><td class=\"has-text-align-center\" data-align=\"center\">700ML<\/td><\/tr><tr><td class=\"has-text-align-center\" data-align=\"center\">MYJD403<\/td><td class=\"has-text-align-center\" data-align=\"center\">1100ML<\/td><\/tr><tr><td class=\"has-text-align-center\" data-align=\"center\">MYJD404<\/td><td class=\"has-text-align-center\" data-align=\"center\">1400ML<\/td><\/tr><tr><td class=\"has-text-align-center\" data-align=\"center\">MYJD405<\/td><td class=\"has-text-align-center\" data-align=\"center\">1700ML<\/td><\/tr><tr><td class=\"has-text-align-center\" data-align=\"center\">MYJD406<\/td><td class=\"has-text-align-center\" data-align=\"center\">2400ML<\/td><\/tr><tr><td class=\"has-text-align-center\" data-align=\"center\">MYJD407<\/td><td class=\"has-text-align-center\" data-align=\"center\">3200ML<\/td><\/tr><\/tbody><\/table><\/figure>\n\n\n\n<h3 class=\"wp-block-heading\">Opciones de cajas de conservaci\u00f3n personalizadas<\/h3>\n\n\n\n<p><strong>Logotipo<\/strong>Personalice el logotipo de su marca en el recipiente de acero inoxidable y en el embalaje.<br><strong>Opciones de logotipo<\/strong>Logotipo impreso, logotipo grabado con l\u00e1ser, etc.<br><strong>Patr\u00f3n<\/strong>Impresi\u00f3n de motivos en productos y envases.<br><strong>Tecnolog\u00eda de impresi\u00f3n<\/strong>Impresi\u00f3n por transferencia de agua, serigraf\u00eda, transferencia de calor, sublimaci\u00f3n, etc.<br><strong>Embalaje:<\/strong>caja de color.<br><a href=\"https:\/\/moyahousehold.com\/es\/solucion-personalizada\/\"><strong>M\u00e1s informaci\u00f3n sobre soluciones de fiambreras personalizadas.<\/strong><\/a><\/p>\n\n\n\n<div class=\"wp-block-columns is-layout-flex wp-container-core-columns-is-layout-9d6595d7 wp-block-columns-is-layout-flex\">\n<div class=\"wp-block-column is-layout-flow wp-block-column-is-layout-flow\" style=\"flex-basis:100%\">\n<div class=\"wp-block-group is-nowrap is-layout-flex wp-container-core-group-is-layout-ad2f72ca wp-block-group-is-layout-flex\">\n<div class=\"wp-block-columns is-layout-flex wp-container-core-columns-is-layout-9d6595d7 wp-block-columns-is-layout-flex\">\n<div class=\"wp-block-column is-layout-flow wp-block-column-is-layout-flow\">\n<figure class=\"wp-block-image size-full\"><img decoding=\"async\" width=\"800\" height=\"800\" src=\"https:\/\/moyahousehold.com\/wp-content\/uploads\/2026\/03\/4_1.png\" alt=\"easy-open food containers with glass lid\" class=\"wp-image-12015\" srcset=\"https:\/\/moyahousehold.com\/wp-content\/uploads\/2026\/03\/4_1.png 800w, https:\/\/moyahousehold.com\/wp-content\/uploads\/2026\/03\/4_1-300x300.png 300w, https:\/\/moyahousehold.com\/wp-content\/uploads\/2026\/03\/4_1-150x150.png 150w, https:\/\/moyahousehold.com\/wp-content\/uploads\/2026\/03\/4_1-768x768.png 768w, https:\/\/moyahousehold.com\/wp-content\/uploads\/2026\/03\/4_1-12x12.png 12w, https:\/\/moyahousehold.com\/wp-content\/uploads\/2026\/03\/4_1-285x285.png 285w, https:\/\/moyahousehold.com\/wp-content\/uploads\/2026\/03\/4_1-270x270.png 270w, https:\/\/moyahousehold.com\/wp-content\/uploads\/2026\/03\/4_1-540x540.png 540w, https:\/\/moyahousehold.com\/wp-content\/uploads\/2026\/03\/4_1-660x660.png 660w\" sizes=\"(max-width: 800px) 100vw, 800px\" \/><\/figure>\n<\/div>\n\n\n\n<div class=\"wp-block-column is-layout-flow wp-block-column-is-layout-flow\">\n<figure class=\"wp-block-image size-full\"><img decoding=\"async\" width=\"800\" height=\"800\" src=\"https:\/\/moyahousehold.com\/wp-content\/uploads\/2026\/03\/3_1.png\" alt=\"multi-size food storage set\" class=\"wp-image-12016\" srcset=\"https:\/\/moyahousehold.com\/wp-content\/uploads\/2026\/03\/3_1.png 800w, https:\/\/moyahousehold.com\/wp-content\/uploads\/2026\/03\/3_1-300x300.png 300w, https:\/\/moyahousehold.com\/wp-content\/uploads\/2026\/03\/3_1-150x150.png 150w, https:\/\/moyahousehold.com\/wp-content\/uploads\/2026\/03\/3_1-768x768.png 768w, https:\/\/moyahousehold.com\/wp-content\/uploads\/2026\/03\/3_1-12x12.png 12w, https:\/\/moyahousehold.com\/wp-content\/uploads\/2026\/03\/3_1-285x285.png 285w, https:\/\/moyahousehold.com\/wp-content\/uploads\/2026\/03\/3_1-270x270.png 270w, https:\/\/moyahousehold.com\/wp-content\/uploads\/2026\/03\/3_1-540x540.png 540w, https:\/\/moyahousehold.com\/wp-content\/uploads\/2026\/03\/3_1-660x660.png 660w\" sizes=\"(max-width: 800px) 100vw, 800px\" \/><\/figure>\n<\/div>\n<\/div>\n<\/div>\n<\/div>\n<\/div>\n\n\n\n<figure class=\"wp-block-gallery has-nested-images columns-default is-cropped wp-block-gallery-1 is-layout-flex wp-block-gallery-is-layout-flex\">\n<figure class=\"wp-block-image size-full is-style-default\"><img loading=\"lazy\" decoding=\"async\" width=\"1650\" height=\"2250\" data-id=\"12017\" src=\"https:\/\/moyahousehold.com\/wp-content\/uploads\/2026\/03\/4.png\" alt=\"glass lid food storage boxes\" class=\"wp-image-12017\" srcset=\"https:\/\/moyahousehold.com\/wp-content\/uploads\/2026\/03\/4.png 1650w, https:\/\/moyahousehold.com\/wp-content\/uploads\/2026\/03\/4-220x300.png 220w, https:\/\/moyahousehold.com\/wp-content\/uploads\/2026\/03\/4-768x1047.png 768w, https:\/\/moyahousehold.com\/wp-content\/uploads\/2026\/03\/4-9x12.png 9w, https:\/\/moyahousehold.com\/wp-content\/uploads\/2026\/03\/4-285x389.png 285w, https:\/\/moyahousehold.com\/wp-content\/uploads\/2026\/03\/4-1600x2182.png 1600w, https:\/\/moyahousehold.com\/wp-content\/uploads\/2026\/03\/4-484x660.png 484w, https:\/\/moyahousehold.com\/wp-content\/uploads\/2026\/03\/4-110x150.png 110w\" sizes=\"(max-width: 1650px) 100vw, 1650px\" \/><\/figure>\n\n\n\n<figure class=\"wp-block-image size-full is-style-default\"><img loading=\"lazy\" decoding=\"async\" width=\"1650\" height=\"2250\" data-id=\"12018\" src=\"https:\/\/moyahousehold.com\/wp-content\/uploads\/2026\/03\/6.png\" alt=\"food-grade stainless steel storage containers for kitchen\" class=\"wp-image-12018\" srcset=\"https:\/\/moyahousehold.com\/wp-content\/uploads\/2026\/03\/6.png 1650w, https:\/\/moyahousehold.com\/wp-content\/uploads\/2026\/03\/6-220x300.png 220w, https:\/\/moyahousehold.com\/wp-content\/uploads\/2026\/03\/6-768x1047.png 768w, https:\/\/moyahousehold.com\/wp-content\/uploads\/2026\/03\/6-9x12.png 9w, https:\/\/moyahousehold.com\/wp-content\/uploads\/2026\/03\/6-285x389.png 285w, https:\/\/moyahousehold.com\/wp-content\/uploads\/2026\/03\/6-1600x2182.png 1600w, https:\/\/moyahousehold.com\/wp-content\/uploads\/2026\/03\/6-484x660.png 484w, https:\/\/moyahousehold.com\/wp-content\/uploads\/2026\/03\/6-110x150.png 110w\" sizes=\"(max-width: 1650px) 100vw, 1650px\" \/><\/figure>\n<\/figure>\n\n\n\n<p><strong>Cuerpo de acero inoxidable 304 de calidad alimentaria<\/strong>: Fabricado en acero inoxidable 304 de alta calidad, este recipiente no es t\u00f3xico, no desprende olores y es resistente a la corrosi\u00f3n. No se oxida ni se deforma incluso con un uso prolongado, lo que garantiza que sus alimentos se mantengan puros y seguros en cada comida.<\/p>\n\n\n\n<p><strong>Tapa de cristal transparente con respiradero de silicona<\/strong>: La tapa de cristal transparente permite comprobar el contenido de un vistazo sin necesidad de abrirla, \u00a1se acab\u00f3 rebuscar en la nevera! La rejilla de silicona incorporada se puede presionar para liberar presi\u00f3n, lo que facilita su apertura despu\u00e9s de calentar y evita que se hinche al guardar alimentos calientes.<\/p>\n\n\n\n<p><strong>Dise\u00f1o de sellado a prueba de fugas<\/strong>: Equipado con una junta de silicona de primera calidad y una estructura herm\u00e9tica, ofrece doble protecci\u00f3n contra fugas y derrames. Si\u00e9ntase seguro de llevar sopas, salsas o guisos en el bolso: se acabaron los accidentes.<\/p>\n\n\n\n<p><strong>Apto para microondas y frigor\u00edfico<\/strong>: Cambia sin problemas entre almacenamiento y calentamiento. Se puede utilizar en el microondas (quitando la tapa si es necesario) y en el frigor\u00edfico, ya que soporta temperaturas altas y bajas sin esfuerzo. Un solo recipiente para todas sus necesidades: no tendr\u00e1 que cambiar de un plato a otro.<\/p>\n\n\n\n<p><\/p>","protected":false},"excerpt":{"rendered":"<h2 class=\"header-vfC6AV auto-hide-last-sibling-br\">Servicios de personalizaci\u00f3n<\/h2>\n<div class=\"auto-hide-last-sibling-br paragraph-JOTKXA paragraph-element br-paragraph-space\">Como fabricante profesional de fiambreras, ofrecemos soluciones completas de OEM y ODM:<\/div>\n<ul class=\"auto-hide-last-sibling-br\">\n<li><strong>OEM<\/strong>: Personalice los logotipos, las impresiones o el embalaje para adaptarlos a la identidad de su marca. Tambi\u00e9n puede elegir diferentes colores para la cubierta exterior para que coincida con el estilo de su marca.<\/li>\n<li><strong>ODM<\/strong>: Colaboramos en el dise\u00f1o del producto, desde la disposici\u00f3n de los compartimentos (ajustando su n\u00famero y tama\u00f1o) hasta los acabados de los materiales, para crear soluciones \u00fanicas y adaptadas al mercado. Tambi\u00e9n podemos optimizar la estructura de sellado o a\u00f1adir dise\u00f1os funcionales especiales seg\u00fan sus necesidades.<\/li>\n<\/ul>","protected":false},"featured_media":12022,"comment_status":"closed","ping_status":"closed","template":"","meta":[],"product_cat":[58],"product_tag":[87,92],"class_list":{"0":"post-12012","1":"product","2":"type-product","3":"status-publish","4":"has-post-thumbnail","6":"product_cat-lunch-box-wholesale","7":"product_tag-wholesale-multi-compartment-lunch-box","8":"product_tag-wholesale-rectangle-lunch-box","10":"first","11":"instock","12":"shipping-taxable","13":"product-type-simple"},"_links":{"self":[{"href":"https:\/\/moyahousehold.com\/es\/wp-json\/wp\/v2\/product\/12012","targetHints":{"allow":["GET"]}}],"collection":[{"href":"https:\/\/moyahousehold.com\/es\/wp-json\/wp\/v2\/product"}],"about":[{"href":"https:\/\/moyahousehold.com\/es\/wp-json\/wp\/v2\/types\/product"}],"replies":[{"embeddable":true,"href":"https:\/\/moyahousehold.com\/es\/wp-json\/wp\/v2\/comments?post=12012"}],"version-history":[{"count":1,"href":"https:\/\/moyahousehold.com\/es\/wp-json\/wp\/v2\/product\/12012\/revisions"}],"predecessor-version":[{"id":13131,"href":"https:\/\/moyahousehold.com\/es\/wp-json\/wp\/v2\/product\/12012\/revisions\/13131"}],"wp:featuredmedia":[{"embeddable":true,"href":"https:\/\/moyahousehold.com\/es\/wp-json\/wp\/v2\/media\/12022"}],"wp:attachment":[{"href":"https:\/\/moyahousehold.com\/es\/wp-json\/wp\/v2\/media?parent=12012"}],"wp:term":[{"taxonomy":"product_cat","embeddable":true,"href":"https:\/\/moyahousehold.com\/es\/wp-json\/wp\/v2\/product_cat?post=12012"},{"taxonomy":"product_tag","embeddable":true,"href":"https:\/\/moyahousehold.com\/es\/wp-json\/wp\/v2\/product_tag?post=12012"}],"curies":[{"name":"wp","href":"https:\/\/api.w.org\/{rel}","templated":true}]}}