{"id":12073,"date":"2026-03-27T02:59:28","date_gmt":"2026-03-27T01:21:00","guid":{"rendered":"https:\/\/moyahousehold.com\/?post_type=product&#038;p=12073"},"modified":"2026-03-27T03:39:25","modified_gmt":"2026-03-27T03:39:25","slug":"moya-800ml-304-stainless-steel-mixing-bowl-leak-proof-food-container-with-handle-measurement-markings","status":"publish","type":"product","link":"https:\/\/moyahousehold.com\/es\/producto\/moya-800ml-304-stainless-steel-mixing-bowl-leak-proof-food-container-with-handle-measurement-markings\/","title":{"rendered":"MOYA 800ml 304 Stainless Steel Mixing Bowl | Leak-Proof Food Container with Handle &amp; Measurement Markings"},"content":{"rendered":"<figure class=\"wp-block-image size-full\"><img fetchpriority=\"high\" decoding=\"async\" width=\"800\" height=\"800\" src=\"https:\/\/moyahousehold.com\/wp-content\/uploads\/2026\/03\/4-1.png\" alt=\"Boles de acero inoxidable 304 con asa\" class=\"wp-image-12074\" srcset=\"https:\/\/moyahousehold.com\/wp-content\/uploads\/2026\/03\/4-1.png 800w, https:\/\/moyahousehold.com\/wp-content\/uploads\/2026\/03\/4-1-300x300.png 300w, https:\/\/moyahousehold.com\/wp-content\/uploads\/2026\/03\/4-1-150x150.png 150w, https:\/\/moyahousehold.com\/wp-content\/uploads\/2026\/03\/4-1-768x768.png 768w, https:\/\/moyahousehold.com\/wp-content\/uploads\/2026\/03\/4-1-12x12.png 12w, https:\/\/moyahousehold.com\/wp-content\/uploads\/2026\/03\/4-1-285x285.png 285w, https:\/\/moyahousehold.com\/wp-content\/uploads\/2026\/03\/4-1-270x270.png 270w, https:\/\/moyahousehold.com\/wp-content\/uploads\/2026\/03\/4-1-540x540.png 540w, https:\/\/moyahousehold.com\/wp-content\/uploads\/2026\/03\/4-1-660x660.png 660w\" sizes=\"(max-width: 800px) 100vw, 800px\" \/><\/figure>\n\n\n\n<p><strong>Material:<\/strong> Acero inoxidable 304 <strong> Color:<\/strong> Plata<\/p>\n\n\n\n<figure class=\"wp-block-table\"><table class=\"has-fixed-layout\"><tbody><tr><td class=\"has-text-align-center\" data-align=\"center\"><strong>Art\u00edculo<\/strong><\/td><td><strong>Material<\/strong><\/td><td><strong>Capacidad<\/strong><\/td><\/tr><tr><td class=\"has-text-align-center\" data-align=\"center\">MYBX014<\/td><td rowspan=\"6\">Acero inoxidable 304<\/td><td>220ML<\/td><\/tr><tr><td class=\"has-text-align-center\" data-align=\"center\">MYBX015<\/td><td>800ML With handle<\/td><\/tr><\/tbody><\/table><\/figure>\n\n\n\n<h3 class=\"wp-block-heading\">Custom Cooking Bowl Options<\/h3>\n\n\n\n<p><strong>Logotipo<\/strong>Personalice el logotipo de su marca en el recipiente de acero inoxidable y en el embalaje.<br><strong>Opciones de logotipo<\/strong>Logotipo impreso, logotipo grabado con l\u00e1ser, etc.<br><strong>Patr\u00f3n<\/strong>Impresi\u00f3n de motivos en productos y envases.<br><strong>Tecnolog\u00eda de impresi\u00f3n<\/strong>Impresi\u00f3n por transferencia de agua, serigraf\u00eda, transferencia de calor, sublimaci\u00f3n, etc.<br><strong>Embalaje:<\/strong>caja de color.<br><a href=\"https:\/\/moyahousehold.com\/es\/solucion-personalizada\/\"><strong>M\u00e1s informaci\u00f3n sobre soluciones de fiambreras personalizadas.<\/strong><\/a><\/p>\n\n\n\n<div class=\"wp-block-columns is-layout-flex wp-container-core-columns-is-layout-9d6595d7 wp-block-columns-is-layout-flex\">\n<div class=\"wp-block-column is-layout-flow wp-block-column-is-layout-flow\" style=\"flex-basis:100%\">\n<div class=\"wp-block-group is-nowrap is-layout-flex wp-container-core-group-is-layout-ad2f72ca wp-block-group-is-layout-flex\">\n<div class=\"wp-block-columns is-layout-flex wp-container-core-columns-is-layout-9d6595d7 wp-block-columns-is-layout-flex\">\n<div class=\"wp-block-column is-layout-flow wp-block-column-is-layout-flow\">\n<figure class=\"wp-block-image size-full\"><img decoding=\"async\" width=\"800\" height=\"800\" src=\"https:\/\/moyahousehold.com\/wp-content\/uploads\/2026\/03\/6-1.png\" alt=\"Boles de acero inoxidable 304 con asa\" class=\"wp-image-12076\" srcset=\"https:\/\/moyahousehold.com\/wp-content\/uploads\/2026\/03\/6-1.png 800w, https:\/\/moyahousehold.com\/wp-content\/uploads\/2026\/03\/6-1-300x300.png 300w, https:\/\/moyahousehold.com\/wp-content\/uploads\/2026\/03\/6-1-150x150.png 150w, https:\/\/moyahousehold.com\/wp-content\/uploads\/2026\/03\/6-1-768x768.png 768w, https:\/\/moyahousehold.com\/wp-content\/uploads\/2026\/03\/6-1-12x12.png 12w, https:\/\/moyahousehold.com\/wp-content\/uploads\/2026\/03\/6-1-285x285.png 285w, https:\/\/moyahousehold.com\/wp-content\/uploads\/2026\/03\/6-1-270x270.png 270w, https:\/\/moyahousehold.com\/wp-content\/uploads\/2026\/03\/6-1-540x540.png 540w, https:\/\/moyahousehold.com\/wp-content\/uploads\/2026\/03\/6-1-660x660.png 660w\" sizes=\"(max-width: 800px) 100vw, 800px\" \/><\/figure>\n<\/div>\n\n\n\n<div class=\"wp-block-column is-layout-flow wp-block-column-is-layout-flow\">\n<figure class=\"wp-block-image size-full\"><img decoding=\"async\" width=\"800\" height=\"800\" src=\"https:\/\/moyahousehold.com\/wp-content\/uploads\/2026\/03\/5-2.png\" alt=\"Boles de acero inoxidable 304 con asa\" class=\"wp-image-12075\" srcset=\"https:\/\/moyahousehold.com\/wp-content\/uploads\/2026\/03\/5-2.png 800w, https:\/\/moyahousehold.com\/wp-content\/uploads\/2026\/03\/5-2-300x300.png 300w, https:\/\/moyahousehold.com\/wp-content\/uploads\/2026\/03\/5-2-150x150.png 150w, https:\/\/moyahousehold.com\/wp-content\/uploads\/2026\/03\/5-2-768x768.png 768w, https:\/\/moyahousehold.com\/wp-content\/uploads\/2026\/03\/5-2-12x12.png 12w, https:\/\/moyahousehold.com\/wp-content\/uploads\/2026\/03\/5-2-285x285.png 285w, https:\/\/moyahousehold.com\/wp-content\/uploads\/2026\/03\/5-2-270x270.png 270w, https:\/\/moyahousehold.com\/wp-content\/uploads\/2026\/03\/5-2-540x540.png 540w, https:\/\/moyahousehold.com\/wp-content\/uploads\/2026\/03\/5-2-660x660.png 660w\" sizes=\"(max-width: 800px) 100vw, 800px\" \/><\/figure>\n<\/div>\n<\/div>\n<\/div>\n<\/div>\n<\/div>\n\n\n\n<p><strong>Resumen r\u00e1pido: <\/strong>\u00bfBusca un bol duradero, seguro y vers\u00e1til para mejorar su experiencia en la cocina y la reposter\u00eda? Nuestro bol de acero inoxidable 304 es la elecci\u00f3n perfecta. Fabricado en acero inoxidable 304 apto para uso alimentario, con asa resistente al calor y marcas de medida claras, este bol es ideal para todo, desde preparar huevos y mezclar ensaladas hasta hornear pasteles y almacenar sobras. F\u00e1cil de limpiar, inastillable y sin olores: \u00a1adi\u00f3s a los sucios y endebles cuencos de cocina y hola a la preparaci\u00f3n de comidas sin esfuerzo!<\/p>\n\n\n\n<figure class=\"wp-block-gallery has-nested-images columns-default is-cropped wp-block-gallery-2 is-layout-flex wp-block-gallery-is-layout-flex\">\n<figure class=\"wp-block-image size-full is-style-default\"><img loading=\"lazy\" decoding=\"async\" width=\"3840\" height=\"5760\" data-id=\"12081\" src=\"https:\/\/moyahousehold.com\/wp-content\/uploads\/2026\/03\/2-3.jpg\" alt=\"Boles de acero inoxidable 304 con asa\" class=\"wp-image-12081\" srcset=\"https:\/\/moyahousehold.com\/wp-content\/uploads\/2026\/03\/2-3.jpg 3840w, https:\/\/moyahousehold.com\/wp-content\/uploads\/2026\/03\/2-3-200x300.jpg 200w, https:\/\/moyahousehold.com\/wp-content\/uploads\/2026\/03\/2-3-768x1152.jpg 768w, https:\/\/moyahousehold.com\/wp-content\/uploads\/2026\/03\/2-3-8x12.jpg 8w, https:\/\/moyahousehold.com\/wp-content\/uploads\/2026\/03\/2-3-285x428.jpg 285w, https:\/\/moyahousehold.com\/wp-content\/uploads\/2026\/03\/2-3-1600x2400.jpg 1600w, https:\/\/moyahousehold.com\/wp-content\/uploads\/2026\/03\/2-3-440x660.jpg 440w, https:\/\/moyahousehold.com\/wp-content\/uploads\/2026\/03\/2-3-100x150.jpg 100w\" sizes=\"(max-width: 3840px) 100vw, 3840px\" \/><\/figure>\n\n\n\n<figure class=\"wp-block-image size-full wp-duotone-unset-1\"><img loading=\"lazy\" decoding=\"async\" width=\"3840\" height=\"5760\" data-id=\"12083\" src=\"https:\/\/moyahousehold.com\/wp-content\/uploads\/2026\/03\/4-4.jpg\" alt=\"Boles de acero inoxidable 304 con asa\" class=\"wp-image-12083\" srcset=\"https:\/\/moyahousehold.com\/wp-content\/uploads\/2026\/03\/4-4.jpg 3840w, https:\/\/moyahousehold.com\/wp-content\/uploads\/2026\/03\/4-4-200x300.jpg 200w, https:\/\/moyahousehold.com\/wp-content\/uploads\/2026\/03\/4-4-768x1152.jpg 768w, https:\/\/moyahousehold.com\/wp-content\/uploads\/2026\/03\/4-4-8x12.jpg 8w, https:\/\/moyahousehold.com\/wp-content\/uploads\/2026\/03\/4-4-285x428.jpg 285w, https:\/\/moyahousehold.com\/wp-content\/uploads\/2026\/03\/4-4-1600x2400.jpg 1600w, https:\/\/moyahousehold.com\/wp-content\/uploads\/2026\/03\/4-4-440x660.jpg 440w, https:\/\/moyahousehold.com\/wp-content\/uploads\/2026\/03\/4-4-100x150.jpg 100w\" sizes=\"(max-width: 3840px) 100vw, 3840px\" \/><\/figure>\n<\/figure>\n\n\n\n<h2 class=\"wp-block-heading\">\u00bfPor qu\u00e9 elegir nuestro bol mezclador de acero inoxidable 304?<\/h2>\n\n\n\n<p>Cocinar y hornear deber\u00eda ser divertido, no frustrante. Por eso hemos dise\u00f1ado este bol para resolver los problemas m\u00e1s comunes de la cocina. Tanto si eres un cocinero casero, un entusiasta de la reposter\u00eda o un padre ocupado, este bol se convertir\u00e1 en tu herramienta imprescindible para todas las tareas de preparaci\u00f3n de comidas.<\/p>\n\n\n\n<div class=\"wp-block-columns is-layout-flex wp-container-core-columns-is-layout-9d6595d7 wp-block-columns-is-layout-flex\">\n<div class=\"wp-block-column is-layout-flow wp-block-column-is-layout-flow\">\n<figure class=\"wp-block-image size-full\"><img loading=\"lazy\" decoding=\"async\" width=\"3840\" height=\"5760\" src=\"https:\/\/moyahousehold.com\/wp-content\/uploads\/2026\/03\/3-3.jpg\" alt=\"Boles de acero inoxidable 304 con asa\" class=\"wp-image-12082\" srcset=\"https:\/\/moyahousehold.com\/wp-content\/uploads\/2026\/03\/3-3.jpg 3840w, https:\/\/moyahousehold.com\/wp-content\/uploads\/2026\/03\/3-3-200x300.jpg 200w, https:\/\/moyahousehold.com\/wp-content\/uploads\/2026\/03\/3-3-768x1152.jpg 768w, https:\/\/moyahousehold.com\/wp-content\/uploads\/2026\/03\/3-3-8x12.jpg 8w, https:\/\/moyahousehold.com\/wp-content\/uploads\/2026\/03\/3-3-285x428.jpg 285w, https:\/\/moyahousehold.com\/wp-content\/uploads\/2026\/03\/3-3-1600x2400.jpg 1600w, https:\/\/moyahousehold.com\/wp-content\/uploads\/2026\/03\/3-3-440x660.jpg 440w, https:\/\/moyahousehold.com\/wp-content\/uploads\/2026\/03\/3-3-100x150.jpg 100w\" sizes=\"(max-width: 3840px) 100vw, 3840px\" \/><\/figure>\n<\/div>\n\n\n\n<div class=\"wp-block-column is-layout-flow wp-block-column-is-layout-flow\">\n<figure class=\"wp-block-image size-full\"><img loading=\"lazy\" decoding=\"async\" width=\"3840\" height=\"5760\" src=\"https:\/\/moyahousehold.com\/wp-content\/uploads\/2026\/03\/5-3.jpg\" alt=\"Boles de acero inoxidable 304 con asa\" class=\"wp-image-12084\" srcset=\"https:\/\/moyahousehold.com\/wp-content\/uploads\/2026\/03\/5-3.jpg 3840w, https:\/\/moyahousehold.com\/wp-content\/uploads\/2026\/03\/5-3-200x300.jpg 200w, https:\/\/moyahousehold.com\/wp-content\/uploads\/2026\/03\/5-3-768x1152.jpg 768w, https:\/\/moyahousehold.com\/wp-content\/uploads\/2026\/03\/5-3-8x12.jpg 8w, https:\/\/moyahousehold.com\/wp-content\/uploads\/2026\/03\/5-3-285x428.jpg 285w, https:\/\/moyahousehold.com\/wp-content\/uploads\/2026\/03\/5-3-1600x2400.jpg 1600w, https:\/\/moyahousehold.com\/wp-content\/uploads\/2026\/03\/5-3-440x660.jpg 440w, https:\/\/moyahousehold.com\/wp-content\/uploads\/2026\/03\/5-3-100x150.jpg 100w\" sizes=\"(max-width: 3840px) 100vw, 3840px\" \/><\/figure>\n<\/div>\n<\/div>\n\n\n\n<h3 class=\"wp-block-heading\">1. Acero inoxidable 304 de calidad alimentaria: La seguridad es lo primero para usted y su familia<\/h3>\n\n\n\n<p>La salud es lo primero: Hecho de acero inoxidable 304 de grado alimenticio de alta calidad, resistente a la corrosi\u00f3n, a prueba de \u00f3xido y no t\u00f3xico. No absorbe olores incluso con ingredientes \u00e1cidos\/alcalinos (limones, huevos, etc.), seguro para marinar, mezclar y almacenar alimentos.<\/p>\n\n\n\n<h3 class=\"wp-block-heading\">2. Mango resistente al calor: Seguro y estable de sujetar, incluso con comida caliente.<\/h3>\n\n\n\n<p>Mango resistente al calor: Se mantiene fr\u00edo al sujetar alimentos calientes (sopas, guisos, etc.), su dise\u00f1o ergon\u00f3mico garantiza un agarre firme. Evita resbalones y quemaduras, conveniente para la transferencia r\u00e1pida de alimentos.<\/p>\n\n\n\n<h3 class=\"wp-block-heading\">3. Marcas de medici\u00f3n incorporadas: Precisi\u00f3n en todo momento<\/h3>\n\n\n\n<p>Olv\u00eddese de hacer malabarismos con varias tazas y cucharas medidoras: nuestro bol tiene marcas de medici\u00f3n claras y f\u00e1ciles de leer (ml y tazas) impresas en el interior. Tanto si est\u00e1 horneando un pastel que requiere cantidades exactas de leche y harina, como si est\u00e1 mezclando una salsa que necesita un condimento preciso, estas marcas facilitan la medici\u00f3n directamente en el bol. Ahorre tiempo, reduzca la limpieza y obtenga resultados uniformes en todo momento.<\/p>\n\n\n\n<h3 class=\"wp-block-heading\">4. Espeso e inastillable: Duradero para el uso diario<\/h3>\n\n\n\n<p>Las cocinas pueden ser ca\u00f3ticas, pero tu bol no tiene por qu\u00e9 ser fr\u00e1gil. Nuestro bol est\u00e1 engrosado para una mayor durabilidad: no se doblar\u00e1, deformar\u00e1 ni agrietar\u00e1 aunque se le caiga accidentalmente (s\u00ed, \u00a1incluso si sus hijos lo tiran de la encimera!). A diferencia de los cuencos de cristal o cer\u00e1mica, que se rompen con facilidad, este cuenco de acero inoxidable est\u00e1 fabricado para durar a\u00f1os de uso diario. Perfecto para hogares ajetreados, autocaravanas o para cocinar al aire libre.<\/p>\n\n\n\n<h3 class=\"wp-block-heading\">5. Aceite antiadherente y f\u00e1cil de limpiar: Menos tiempo fregando, m\u00e1s tiempo disfrutando<\/h3>\n\n\n\n<p>A nadie le gusta pasarse horas fregando platos sucios. La superficie lisa de nuestro bol de acero inoxidable 304 es antiadherente al aceite y a los restos de comida; basta con enjuagarlo con agua y limpiarlo con un pa\u00f1o para que quede limpio en segundos. Tambi\u00e9n es apto para el lavavajillas, por lo que puedes meterlo en el lavavajillas para limpiarlo sin problemas. Ideal para cuando organizas una cena o preparas una comida copiosa y no tienes tiempo de lavar los platos a mano.<\/p>\n\n\n\n<h3 class=\"wp-block-heading\">6. Tama\u00f1o pr\u00e1ctico: Ideal para m\u00faltiples tareas en la cocina<\/h3>\n\n\n\n<p>With a practical capacity (220ML\/800ML), this mixing bowl is designed to cover most of your daily kitchen needs. Use it for prepping eggs, mixing spices, marinating small portions of meat, mixing salads, or storing leftovers. The compact design also saves space in your kitchen cabinet\u2014easy to store without cluttering shelves!<\/p>\n\n\n\n<p><\/p>","protected":false},"excerpt":{"rendered":"<h2 class=\"header-vfC6AV auto-hide-last-sibling-br\">Servicios de personalizaci\u00f3n<\/h2>\n<div class=\"auto-hide-last-sibling-br paragraph-JOTKXA paragraph-element br-paragraph-space\">Como fabricante profesional de fiambreras, ofrecemos soluciones completas de OEM y ODM:<\/div>\n<ul class=\"auto-hide-last-sibling-br\">\n<li><strong>OEM<\/strong>: Personalice los logotipos, las impresiones o el embalaje para adaptarlos a la identidad de su marca. Tambi\u00e9n puede elegir diferentes colores para la cubierta exterior para que coincida con el estilo de su marca.<\/li>\n<li><strong>ODM<\/strong>: Colaboramos en el dise\u00f1o del producto, desde la disposici\u00f3n de los compartimentos (ajustando su n\u00famero y tama\u00f1o) hasta los acabados de los materiales, para crear soluciones \u00fanicas y adaptadas al mercado. Tambi\u00e9n podemos optimizar la estructura de sellado o a\u00f1adir dise\u00f1os funcionales especiales seg\u00fan sus necesidades.<\/li>\n<\/ul>","protected":false},"featured_media":12077,"comment_status":"closed","ping_status":"closed","template":"","meta":[],"product_cat":[55],"product_tag":[113,111,112,110],"class_list":{"0":"post-12073","1":"product","2":"type-product","3":"status-publish","4":"has-post-thumbnail","6":"product_cat-salad-bowl-wholesale","7":"product_tag-breakfast-cup","8":"product_tag-cooking-bowl","9":"product_tag-mixing-bowl","10":"product_tag-salad-bowl","12":"first","13":"instock","14":"shipping-taxable","15":"product-type-simple"},"_links":{"self":[{"href":"https:\/\/moyahousehold.com\/es\/wp-json\/wp\/v2\/product\/12073","targetHints":{"allow":["GET"]}}],"collection":[{"href":"https:\/\/moyahousehold.com\/es\/wp-json\/wp\/v2\/product"}],"about":[{"href":"https:\/\/moyahousehold.com\/es\/wp-json\/wp\/v2\/types\/product"}],"replies":[{"embeddable":true,"href":"https:\/\/moyahousehold.com\/es\/wp-json\/wp\/v2\/comments?post=12073"}],"version-history":[{"count":0,"href":"https:\/\/moyahousehold.com\/es\/wp-json\/wp\/v2\/product\/12073\/revisions"}],"wp:featuredmedia":[{"embeddable":true,"href":"https:\/\/moyahousehold.com\/es\/wp-json\/wp\/v2\/media\/12077"}],"wp:attachment":[{"href":"https:\/\/moyahousehold.com\/es\/wp-json\/wp\/v2\/media?parent=12073"}],"wp:term":[{"taxonomy":"product_cat","embeddable":true,"href":"https:\/\/moyahousehold.com\/es\/wp-json\/wp\/v2\/product_cat?post=12073"},{"taxonomy":"product_tag","embeddable":true,"href":"https:\/\/moyahousehold.com\/es\/wp-json\/wp\/v2\/product_tag?post=12073"}],"curies":[{"name":"wp","href":"https:\/\/api.w.org\/{rel}","templated":true}]}}