{"id":12152,"date":"2026-03-28T02:49:40","date_gmt":"2026-03-28T01:58:22","guid":{"rendered":"https:\/\/moyahousehold.com\/?post_type=product&#038;p=12152"},"modified":"2026-03-28T02:50:13","modified_gmt":"2026-03-28T02:50:13","slug":"moya-304-stainless-steel-insulated-carafe-with-aluminum-handle-eco-friendly-one-button-dispensing-airtight-leak-proof-thermal-carafe-for-home-office-party","status":"publish","type":"product","link":"https:\/\/moyahousehold.com\/es\/producto\/moya-304-stainless-steel-insulated-carafe-with-aluminum-handle-eco-friendly-one-button-dispensing-airtight-leak-proof-thermal-carafe-for-home-office-party\/","title":{"rendered":"MOYA 304 Stainless Steel Insulated Carafe with Aluminum Handle &#8211; Eco-Friendly One-Button Dispensing, Airtight &amp; Leak-Proof Thermal Carafe for Home, Office &amp; Party"},"content":{"rendered":"<h3 class=\"wp-block-heading\">Par\u00e1metros de la jarra de vac\u00edo estilo dan\u00e9s<\/h3>\n\n\n\n<figure class=\"wp-block-table\"><table><tbody><tr><td>Nombre del producto<\/td><td>Color<\/td><td>Material<\/td><td>Tama\u00f1o del producto<\/td><td>Net Weight(kg)<\/td><\/tr><tr><td>1.0L thermos jug with aluminum handle<\/td><td>Nature<\/td><td>PP,304 stainless steel\uff0cSilicone, Aluminum handle<\/td><td>177*110*211mm<\/td><td>1.4<\/td><\/tr><tr><td>1.5L thermos jug with aluminum handle<\/td><td>Nature<\/td><td>PP,304 stainless steel\uff0cSilicone, Aluminum handle<\/td><td>193*120*252mm<\/td><td>1.5<\/td><\/tr><\/tbody><\/table><\/figure>\n\n\n\n<h3 class=\"wp-block-heading\">Opciones de jarra t\u00e9rmica personalizadas<\/h3>\n\n\n\n<p><strong>Logotipo: <\/strong>personalice el logotipo de su marca en la jarra t\u00e9rmica y el envase.<br><strong>Opciones de logotipo: <\/strong>logotipo impreso, logotipo grabado con l\u00e1ser, etc.<br><strong>Patr\u00f3n: <\/strong>patrones de impresi\u00f3n<br><strong>Tecnolog\u00eda de impresi\u00f3n:<\/strong> impresi\u00f3n por transferencia de agua, serigraf\u00eda, impresi\u00f3n por transferencia de calor, transferencia por sublimaci\u00f3n, etc. <br><strong>Embalaje: <\/strong>caja de color<br><a href=\"https:\/\/moyahousehold.com\/es\/solucion-personalizada\/\"><strong>Descubra m\u00e1s personalizaciones de garrafas t\u00e9rmicas<\/strong><\/a><\/p>\n\n\n\n<div class=\"wp-block-columns is-layout-flex wp-container-core-columns-is-layout-9d6595d7 wp-block-columns-is-layout-flex\">\n<div class=\"wp-block-column is-layout-flow wp-block-column-is-layout-flow\">\n<figure class=\"wp-block-image size-full\"><img fetchpriority=\"high\" decoding=\"async\" width=\"800\" height=\"800\" src=\"https:\/\/moyahousehold.com\/wp-content\/uploads\/2026\/03\/2.png\" alt=\"MOYA 304 Stainless Steel Insulated Thermal Carafe with Aluminum Handle, Denmark Style, One-Button Dispensing, Airtight Leak-Proof, for Home Office Party Use\" class=\"wp-image-12157\" srcset=\"https:\/\/moyahousehold.com\/wp-content\/uploads\/2026\/03\/2.png 800w, https:\/\/moyahousehold.com\/wp-content\/uploads\/2026\/03\/2-300x300.png 300w, https:\/\/moyahousehold.com\/wp-content\/uploads\/2026\/03\/2-150x150.png 150w, https:\/\/moyahousehold.com\/wp-content\/uploads\/2026\/03\/2-768x768.png 768w, https:\/\/moyahousehold.com\/wp-content\/uploads\/2026\/03\/2-12x12.png 12w, https:\/\/moyahousehold.com\/wp-content\/uploads\/2026\/03\/2-285x285.png 285w, https:\/\/moyahousehold.com\/wp-content\/uploads\/2026\/03\/2-270x270.png 270w, https:\/\/moyahousehold.com\/wp-content\/uploads\/2026\/03\/2-540x540.png 540w, https:\/\/moyahousehold.com\/wp-content\/uploads\/2026\/03\/2-660x660.png 660w\" sizes=\"(max-width: 800px) 100vw, 800px\" \/><\/figure>\n<\/div>\n\n\n\n<div class=\"wp-block-column is-layout-flow wp-block-column-is-layout-flow\">\n<figure class=\"wp-block-image size-full\"><img decoding=\"async\" width=\"800\" height=\"800\" src=\"https:\/\/moyahousehold.com\/wp-content\/uploads\/2026\/03\/4-2.png\" alt=\"MOYA 304 Stainless Steel Insulated Thermal Carafe with Aluminum Handle, Denmark Style, One-Button Dispensing, Airtight Leak-Proof, for Home Office Party Use\" class=\"wp-image-12153\" srcset=\"https:\/\/moyahousehold.com\/wp-content\/uploads\/2026\/03\/4-2.png 800w, https:\/\/moyahousehold.com\/wp-content\/uploads\/2026\/03\/4-2-300x300.png 300w, https:\/\/moyahousehold.com\/wp-content\/uploads\/2026\/03\/4-2-150x150.png 150w, https:\/\/moyahousehold.com\/wp-content\/uploads\/2026\/03\/4-2-768x768.png 768w, https:\/\/moyahousehold.com\/wp-content\/uploads\/2026\/03\/4-2-12x12.png 12w, https:\/\/moyahousehold.com\/wp-content\/uploads\/2026\/03\/4-2-285x285.png 285w, https:\/\/moyahousehold.com\/wp-content\/uploads\/2026\/03\/4-2-270x270.png 270w, https:\/\/moyahousehold.com\/wp-content\/uploads\/2026\/03\/4-2-540x540.png 540w, https:\/\/moyahousehold.com\/wp-content\/uploads\/2026\/03\/4-2-660x660.png 660w\" sizes=\"(max-width: 800px) 100vw, 800px\" \/><\/figure>\n<\/div>\n<\/div>\n\n\n\n<div class=\"wp-block-columns is-layout-flex wp-container-core-columns-is-layout-9d6595d7 wp-block-columns-is-layout-flex\">\n<div class=\"wp-block-column is-layout-flow wp-block-column-is-layout-flow\">\n<figure class=\"wp-block-image size-full\"><img decoding=\"async\" width=\"800\" height=\"800\" src=\"https:\/\/moyahousehold.com\/wp-content\/uploads\/2026\/03\/6-2.png\" alt=\"MOYA 304 Stainless Steel Insulated Thermal Carafe with Aluminum Handle, Denmark Style, One-Button Dispensing, Airtight Leak-Proof, for Home Office Party Use\" class=\"wp-image-12155\" srcset=\"https:\/\/moyahousehold.com\/wp-content\/uploads\/2026\/03\/6-2.png 800w, https:\/\/moyahousehold.com\/wp-content\/uploads\/2026\/03\/6-2-300x300.png 300w, https:\/\/moyahousehold.com\/wp-content\/uploads\/2026\/03\/6-2-150x150.png 150w, https:\/\/moyahousehold.com\/wp-content\/uploads\/2026\/03\/6-2-768x768.png 768w, https:\/\/moyahousehold.com\/wp-content\/uploads\/2026\/03\/6-2-12x12.png 12w, https:\/\/moyahousehold.com\/wp-content\/uploads\/2026\/03\/6-2-285x285.png 285w, https:\/\/moyahousehold.com\/wp-content\/uploads\/2026\/03\/6-2-270x270.png 270w, https:\/\/moyahousehold.com\/wp-content\/uploads\/2026\/03\/6-2-540x540.png 540w, https:\/\/moyahousehold.com\/wp-content\/uploads\/2026\/03\/6-2-660x660.png 660w\" sizes=\"(max-width: 800px) 100vw, 800px\" \/><\/figure>\n<\/div>\n\n\n\n<div class=\"wp-block-column is-layout-flow wp-block-column-is-layout-flow\">\n<figure class=\"wp-block-image size-full\"><img loading=\"lazy\" decoding=\"async\" width=\"800\" height=\"800\" src=\"https:\/\/moyahousehold.com\/wp-content\/uploads\/2026\/03\/5-3.png\" alt=\"MOYA 304 Stainless Steel Insulated Thermal Carafe with Aluminum Handle, Denmark Style, One-Button Dispensing, Airtight Leak-Proof, for Home Office Party Use\" class=\"wp-image-12154\" srcset=\"https:\/\/moyahousehold.com\/wp-content\/uploads\/2026\/03\/5-3.png 800w, https:\/\/moyahousehold.com\/wp-content\/uploads\/2026\/03\/5-3-300x300.png 300w, https:\/\/moyahousehold.com\/wp-content\/uploads\/2026\/03\/5-3-150x150.png 150w, https:\/\/moyahousehold.com\/wp-content\/uploads\/2026\/03\/5-3-768x768.png 768w, https:\/\/moyahousehold.com\/wp-content\/uploads\/2026\/03\/5-3-12x12.png 12w, https:\/\/moyahousehold.com\/wp-content\/uploads\/2026\/03\/5-3-285x285.png 285w, https:\/\/moyahousehold.com\/wp-content\/uploads\/2026\/03\/5-3-270x270.png 270w, https:\/\/moyahousehold.com\/wp-content\/uploads\/2026\/03\/5-3-540x540.png 540w, https:\/\/moyahousehold.com\/wp-content\/uploads\/2026\/03\/5-3-660x660.png 660w\" sizes=\"(max-width: 800px) 100vw, 800px\" \/><\/figure>\n<\/div>\n<\/div>","protected":false},"excerpt":{"rendered":"<h1 class=\"header-vfC6AV auto-hide-last-sibling-br\">Mayorista Jarra t\u00e9rmica al vac\u00edo de estilo dan\u00e9s<\/h1>\n<div class=\"auto-hide-last-sibling-br paragraph-JOTKXA paragraph-element br-paragraph-space\">Esta jarra t\u00e9rmica de vac\u00edo de estilo dan\u00e9s aporta una excelente experiencia visual con su sencillo dise\u00f1o est\u00e9tico. El asa de madera es c\u00f3moda de sujetar y a\u00f1ade un toque de elegancia natural a la decoraci\u00f3n de su hogar. En t\u00e9rminos de practicidad, cuenta con un dise\u00f1o de vac\u00edo de doble capa, que puede mantener eficazmente las bebidas a su temperatura original hasta 24 horas. P\u00f3ngase en contacto con nosotros para solicitar un presupuesto.<\/div>\n<h2 class=\"header-vfC6AV auto-hide-last-sibling-br\">Caracter\u00edsticas de la jarra t\u00e9rmica de vac\u00edo<\/h2>\n<ul class=\"auto-hide-last-sibling-br\">\n<li><strong>Dise\u00f1o de estilo sencillo<\/strong>: Esta jarra de vac\u00edo t\u00e9rmica adopta un concepto de dise\u00f1o est\u00e9tico minimalista, presentando un aspecto elegante y moderno. Puede integrarse f\u00e1cilmente en diversos entornos dom\u00e9sticos, de oficina u hoteleros.<\/li>\n<li><strong>Mango de madera<\/strong>: Esta jarra t\u00e9rmica de vac\u00edo est\u00e1 equipada con un mango ergon\u00f3mico de madera que proporciona una excelente experiencia de agarre.<\/li>\n<li><strong>Excelente rendimiento de aislamiento t\u00e9rmico<\/strong>: Utiliza tecnolog\u00eda de aislamiento al vac\u00edo de doble capa para reducir eficazmente la p\u00e9rdida de calor, manteniendo la temperatura de las bebidas durante un periodo prolongado.<\/li>\n<li><strong>Materiales ecol\u00f3gicos<\/strong>: La jarra t\u00e9rmica al vac\u00edo est\u00e1 fabricada con materiales ecol\u00f3gicos sin BPA, que cumplen las normas medioambientales internacionales y evitan que las sustancias nocivas afecten al cuerpo humano.<\/li>\n<li><strong>Suministro de agua con un solo bot\u00f3n<\/strong>: El dise\u00f1o \u00fanico de la boquilla hace que el proceso de vertido sea m\u00e1s suave y controlable, evitando salpicaduras de agua. Es adecuado para verter t\u00e9, caf\u00e9 y agua caliente.<\/li>\n<li><strong>Dise\u00f1o de peque\u00f1a capacidad<\/strong>: The 1.0L\/1.5L capacity is ideal for personal or small family use, meeting the daily drinking needs of a single person and the requirements for short trips.<\/li>\n<li><strong>Soluciones de personalizaci\u00f3n OEM y ODM<\/strong>: Moya, el fabricante de garrafas t\u00e9rmicas, puede personalizar el aspecto del producto, la capacidad, el color, el logotipo de la marca y mucho m\u00e1s seg\u00fan las necesidades exclusivas de los clientes.<\/li>\n<\/ul>","protected":false},"featured_media":12159,"comment_status":"closed","ping_status":"closed","template":"","meta":[],"product_cat":[54],"product_tag":[66,115,85],"class_list":{"0":"post-12152","1":"product","2":"type-product","3":"status-publish","4":"has-post-thumbnail","6":"product_cat-thermal-carafe-wholesale","7":"product_tag-wholesale-1000ml-thermos-carafe","8":"product_tag-1-5l-thermos-jug","9":"product_tag-wholesale-stainless-steel-liner-thermos-carafe","11":"first","12":"instock","13":"shipping-taxable","14":"product-type-simple"},"_links":{"self":[{"href":"https:\/\/moyahousehold.com\/es\/wp-json\/wp\/v2\/product\/12152","targetHints":{"allow":["GET"]}}],"collection":[{"href":"https:\/\/moyahousehold.com\/es\/wp-json\/wp\/v2\/product"}],"about":[{"href":"https:\/\/moyahousehold.com\/es\/wp-json\/wp\/v2\/types\/product"}],"replies":[{"embeddable":true,"href":"https:\/\/moyahousehold.com\/es\/wp-json\/wp\/v2\/comments?post=12152"}],"version-history":[{"count":0,"href":"https:\/\/moyahousehold.com\/es\/wp-json\/wp\/v2\/product\/12152\/revisions"}],"wp:featuredmedia":[{"embeddable":true,"href":"https:\/\/moyahousehold.com\/es\/wp-json\/wp\/v2\/media\/12159"}],"wp:attachment":[{"href":"https:\/\/moyahousehold.com\/es\/wp-json\/wp\/v2\/media?parent=12152"}],"wp:term":[{"taxonomy":"product_cat","embeddable":true,"href":"https:\/\/moyahousehold.com\/es\/wp-json\/wp\/v2\/product_cat?post=12152"},{"taxonomy":"product_tag","embeddable":true,"href":"https:\/\/moyahousehold.com\/es\/wp-json\/wp\/v2\/product_tag?post=12152"}],"curies":[{"name":"wp","href":"https:\/\/api.w.org\/{rel}","templated":true}]}}