{"id":12162,"date":"2026-03-28T03:22:27","date_gmt":"2026-03-28T02:56:09","guid":{"rendered":"https:\/\/moyahousehold.com\/?post_type=product&#038;p=12162"},"modified":"2026-03-28T03:23:19","modified_gmt":"2026-03-28T03:23:19","slug":"round-304-stainless-steel-food-storage-jars-with-airtight-lids-premium-bulk-food-canisters-for-kitchen-organization","status":"publish","type":"product","link":"https:\/\/moyahousehold.com\/es\/producto\/round-304-stainless-steel-food-storage-jars-with-airtight-lids-premium-bulk-food-canisters-for-kitchen-organization\/","title":{"rendered":"Round 304 Stainless Steel Food Storage Jars with Airtight Lids | Premium Bulk Food Canisters for Kitchen Organization"},"content":{"rendered":"<div class=\"wp-block-columns is-layout-flex wp-container-core-columns-is-layout-9d6595d7 wp-block-columns-is-layout-flex\">\n<div class=\"wp-block-column is-layout-flow wp-block-column-is-layout-flow\">\n<h3 class=\"wp-block-heading\">Par\u00e1metros de los tarros de conservas con tapa<\/h3>\n\n\n\n<figure class=\"wp-block-table\"><table class=\"has-fixed-layout\"><tbody><tr><td>Art\u00edculo<\/td><td>Material<\/td><td>Capacidad<\/td><td>Talla\/PCS<\/td><td>N.W.\/PCS<\/td><\/tr><tr><td>MYJD448<\/td><td>304+PP+Silicona<\/td><td>350 ml<\/td><td>10.5*10.5*6<\/td><td>0.09<\/td><\/tr><tr><td>MYJD449<\/td><td>304+PP+Silicona<\/td><td>550 ml<\/td><td>13*13*6.5<\/td><td>0.13<\/td><\/tr><\/tbody><\/table><\/figure>\n<\/div>\n<\/div>\n\n\n\n<h3 class=\"wp-block-heading\">Opciones de envases personalizados para alimentos<\/h3>\n\n\n\n<p><strong>Logotipo<\/strong>Personalice el logotipo de su marca en los productos y embalajes.<br><strong>Tapa<\/strong>: PP lid<br><strong>Opciones de logotipo<\/strong>Logotipo impreso, logotipo grabado con l\u00e1ser, etc.<br><strong>Patr\u00f3n<\/strong>Impresi\u00f3n de motivos en contenedores de alimentos.<br><strong>Tecnolog\u00eda de impresi\u00f3n<\/strong>Impresi\u00f3n por transferencia de agua, serigraf\u00eda, impresi\u00f3n por transferencia de calor, etc.<br><strong>Paquete:<\/strong> Caja de color.<br><a href=\"https:\/\/moyahousehold.com\/es\/solucion-personalizada\/\" data-type=\"page\" data-id=\"2817\" target=\"_blank\" rel=\"noreferrer noopener\"><strong>Descubra m\u00e1s soluciones de envases alimentarios personalizados.<\/strong><\/a><\/p>\n\n\n\n<div class=\"wp-block-columns is-layout-flex wp-container-core-columns-is-layout-9d6595d7 wp-block-columns-is-layout-flex\">\n<div class=\"wp-block-column is-layout-flow wp-block-column-is-layout-flow\">\n<figure class=\"wp-block-image size-full\"><img fetchpriority=\"high\" decoding=\"async\" width=\"800\" height=\"800\" src=\"https:\/\/moyahousehold.com\/wp-content\/uploads\/2026\/03\/2-9.jpg\" alt=\"MOYA 304 Stainless Steel Airtight Food Storage Containers with Lids, Leakproof Stackable Lunch Boxes for Fridge Freezer Office Student Use\" class=\"wp-image-12167\" srcset=\"https:\/\/moyahousehold.com\/wp-content\/uploads\/2026\/03\/2-9.jpg 800w, https:\/\/moyahousehold.com\/wp-content\/uploads\/2026\/03\/2-9-300x300.jpg 300w, https:\/\/moyahousehold.com\/wp-content\/uploads\/2026\/03\/2-9-150x150.jpg 150w, https:\/\/moyahousehold.com\/wp-content\/uploads\/2026\/03\/2-9-768x768.jpg 768w, https:\/\/moyahousehold.com\/wp-content\/uploads\/2026\/03\/2-9-12x12.jpg 12w, https:\/\/moyahousehold.com\/wp-content\/uploads\/2026\/03\/2-9-285x285.jpg 285w, https:\/\/moyahousehold.com\/wp-content\/uploads\/2026\/03\/2-9-270x270.jpg 270w, https:\/\/moyahousehold.com\/wp-content\/uploads\/2026\/03\/2-9-540x540.jpg 540w, https:\/\/moyahousehold.com\/wp-content\/uploads\/2026\/03\/2-9-660x660.jpg 660w\" sizes=\"(max-width: 800px) 100vw, 800px\" \/><\/figure>\n<\/div>\n\n\n\n<div class=\"wp-block-column is-layout-flow wp-block-column-is-layout-flow\">\n<figure class=\"wp-block-image size-full\"><img decoding=\"async\" width=\"800\" height=\"800\" src=\"https:\/\/moyahousehold.com\/wp-content\/uploads\/2026\/03\/5-7.jpg\" alt=\"MOYA 304 Stainless Steel Airtight Food Storage Containers with Lids, Leakproof Stackable Lunch Boxes for Fridge Freezer Office Student Use\" class=\"wp-image-12164\" srcset=\"https:\/\/moyahousehold.com\/wp-content\/uploads\/2026\/03\/5-7.jpg 800w, https:\/\/moyahousehold.com\/wp-content\/uploads\/2026\/03\/5-7-300x300.jpg 300w, https:\/\/moyahousehold.com\/wp-content\/uploads\/2026\/03\/5-7-150x150.jpg 150w, https:\/\/moyahousehold.com\/wp-content\/uploads\/2026\/03\/5-7-768x768.jpg 768w, https:\/\/moyahousehold.com\/wp-content\/uploads\/2026\/03\/5-7-12x12.jpg 12w, https:\/\/moyahousehold.com\/wp-content\/uploads\/2026\/03\/5-7-285x285.jpg 285w, https:\/\/moyahousehold.com\/wp-content\/uploads\/2026\/03\/5-7-270x270.jpg 270w, https:\/\/moyahousehold.com\/wp-content\/uploads\/2026\/03\/5-7-540x540.jpg 540w, https:\/\/moyahousehold.com\/wp-content\/uploads\/2026\/03\/5-7-660x660.jpg 660w\" sizes=\"(max-width: 800px) 100vw, 800px\" \/><\/figure>\n<\/div>\n<\/div>\n\n\n\n<div class=\"wp-block-columns is-layout-flex wp-container-core-columns-is-layout-9d6595d7 wp-block-columns-is-layout-flex\">\n<div class=\"wp-block-column is-layout-flow wp-block-column-is-layout-flow\">\n<div class=\"wp-block-columns is-layout-flex wp-container-core-columns-is-layout-9d6595d7 wp-block-columns-is-layout-flex\">\n<div class=\"wp-block-column is-layout-flow wp-block-column-is-layout-flow\">\n<figure class=\"wp-block-image size-full\"><img decoding=\"async\" width=\"800\" height=\"800\" src=\"https:\/\/moyahousehold.com\/wp-content\/uploads\/2026\/03\/3-9.jpg\" alt=\"MOYA 304 Stainless Steel Airtight Food Storage Containers with Lids, Leakproof Stackable Lunch Boxes for Fridge Freezer Office Student Use\" class=\"wp-image-12168\" srcset=\"https:\/\/moyahousehold.com\/wp-content\/uploads\/2026\/03\/3-9.jpg 800w, https:\/\/moyahousehold.com\/wp-content\/uploads\/2026\/03\/3-9-300x300.jpg 300w, https:\/\/moyahousehold.com\/wp-content\/uploads\/2026\/03\/3-9-150x150.jpg 150w, https:\/\/moyahousehold.com\/wp-content\/uploads\/2026\/03\/3-9-768x768.jpg 768w, https:\/\/moyahousehold.com\/wp-content\/uploads\/2026\/03\/3-9-12x12.jpg 12w, https:\/\/moyahousehold.com\/wp-content\/uploads\/2026\/03\/3-9-285x285.jpg 285w, https:\/\/moyahousehold.com\/wp-content\/uploads\/2026\/03\/3-9-270x270.jpg 270w, https:\/\/moyahousehold.com\/wp-content\/uploads\/2026\/03\/3-9-540x540.jpg 540w, https:\/\/moyahousehold.com\/wp-content\/uploads\/2026\/03\/3-9-660x660.jpg 660w\" sizes=\"(max-width: 800px) 100vw, 800px\" \/><\/figure>\n<\/div>\n\n\n\n<div class=\"wp-block-column is-layout-flow wp-block-column-is-layout-flow\">\n<figure class=\"wp-block-image size-full\"><img loading=\"lazy\" decoding=\"async\" width=\"800\" height=\"800\" src=\"https:\/\/moyahousehold.com\/wp-content\/uploads\/2026\/03\/4-10.jpg\" alt=\"MOYA 304 Stainless Steel Airtight Food Storage Containers with Lids, Leakproof Stackable Lunch Boxes for Fridge Freezer Office Student Use\" class=\"wp-image-12163\" srcset=\"https:\/\/moyahousehold.com\/wp-content\/uploads\/2026\/03\/4-10.jpg 800w, https:\/\/moyahousehold.com\/wp-content\/uploads\/2026\/03\/4-10-300x300.jpg 300w, https:\/\/moyahousehold.com\/wp-content\/uploads\/2026\/03\/4-10-150x150.jpg 150w, https:\/\/moyahousehold.com\/wp-content\/uploads\/2026\/03\/4-10-768x768.jpg 768w, https:\/\/moyahousehold.com\/wp-content\/uploads\/2026\/03\/4-10-12x12.jpg 12w, https:\/\/moyahousehold.com\/wp-content\/uploads\/2026\/03\/4-10-285x285.jpg 285w, https:\/\/moyahousehold.com\/wp-content\/uploads\/2026\/03\/4-10-270x270.jpg 270w, https:\/\/moyahousehold.com\/wp-content\/uploads\/2026\/03\/4-10-540x540.jpg 540w, https:\/\/moyahousehold.com\/wp-content\/uploads\/2026\/03\/4-10-660x660.jpg 660w\" sizes=\"(max-width: 800px) 100vw, 800px\" \/><\/figure>\n<\/div>\n<\/div>\n<\/div>\n<\/div>","protected":false},"excerpt":{"rendered":"<p>Wholesale bulk food storage jars with lids, can effectively store dry goods, spices, grains, nuts and other foods, keep food fresh and flavorful, is an ideal choice for retailers, catering and commercial kitchens. This food jar has a cute design and we provide a variety of capacity options, welcome B2B buyers to contact us.<\/p>\n<h3>Caracter\u00edsticas de los tarros de conservas con tapa<\/h3>\n<p><strong>Salud y seguridad:<\/strong> El tarro de comida est\u00e1 hecho de acero inoxidable de calidad alimentaria y vidrio, sin BPA, muy seguro, adecuado para t\u00e9, granos de caf\u00e9 y otros alimentos. La dieta de la familia es saludable.<\/p>\n<p><strong>Buen rendimiento de sellado:<\/strong> Equipado con anillos de sellado avanzados, la tapa y el tarro son muy herm\u00e9ticos, el aire, la humedad y el polvo no pueden entrar, por lo que los alimentos pueden mantenerse frescos y durar m\u00e1s tiempo.<\/p>\n<p><strong>M\u00faltiples capacidades disponibles:<\/strong> Hay muchos tama\u00f1os diferentes de tarros entre los que elegir, los peque\u00f1os pueden utilizarse para aperitivos y los grandes para alimentos b\u00e1sicos. Ya sea para uso personal, para picnics o para grandes almacenamientos, puedes encontrar el adecuado.<\/p>\n<p><strong>Apoyo a la personalizaci\u00f3n:<\/strong> Podemos personalizar los productos seg\u00fan los requisitos del cliente, como cambiar los colores, imprimir el logotipo u optimizar las funciones. Especialmente indicado para clientes que compran en grandes cantidades, como minoristas o comerciantes de regalos.<\/p>","protected":false},"featured_media":12166,"comment_status":"closed","ping_status":"closed","template":"","meta":[],"product_cat":[57],"product_tag":[98],"class_list":{"0":"post-12162","1":"product","2":"type-product","3":"status-publish","4":"has-post-thumbnail","6":"product_cat-food-storage-container-wholesale","7":"product_tag-wholesale-round-food-storage-containers","9":"first","10":"instock","11":"shipping-taxable","12":"product-type-simple"},"_links":{"self":[{"href":"https:\/\/moyahousehold.com\/es\/wp-json\/wp\/v2\/product\/12162","targetHints":{"allow":["GET"]}}],"collection":[{"href":"https:\/\/moyahousehold.com\/es\/wp-json\/wp\/v2\/product"}],"about":[{"href":"https:\/\/moyahousehold.com\/es\/wp-json\/wp\/v2\/types\/product"}],"replies":[{"embeddable":true,"href":"https:\/\/moyahousehold.com\/es\/wp-json\/wp\/v2\/comments?post=12162"}],"version-history":[{"count":0,"href":"https:\/\/moyahousehold.com\/es\/wp-json\/wp\/v2\/product\/12162\/revisions"}],"wp:featuredmedia":[{"embeddable":true,"href":"https:\/\/moyahousehold.com\/es\/wp-json\/wp\/v2\/media\/12166"}],"wp:attachment":[{"href":"https:\/\/moyahousehold.com\/es\/wp-json\/wp\/v2\/media?parent=12162"}],"wp:term":[{"taxonomy":"product_cat","embeddable":true,"href":"https:\/\/moyahousehold.com\/es\/wp-json\/wp\/v2\/product_cat?post=12162"},{"taxonomy":"product_tag","embeddable":true,"href":"https:\/\/moyahousehold.com\/es\/wp-json\/wp\/v2\/product_tag?post=12162"}],"curies":[{"name":"wp","href":"https:\/\/api.w.org\/{rel}","templated":true}]}}