{"id":12198,"date":"2026-03-28T06:53:11","date_gmt":"2026-03-28T06:21:30","guid":{"rendered":"https:\/\/moyahousehold.com\/?post_type=product&#038;p=12198"},"modified":"2026-03-28T06:57:25","modified_gmt":"2026-03-28T06:57:25","slug":"moya-2-compartment-304-stainless-steel-lunch-box-leakproof-silicone-seal-multifunctional-food-storage-container-for-freshness-preservation","status":"publish","type":"product","link":"https:\/\/moyahousehold.com\/es\/producto\/moya-2-compartment-304-stainless-steel-lunch-box-leakproof-silicone-seal-multifunctional-food-storage-container-for-freshness-preservation\/","title":{"rendered":"MOYA 2-Compartment 304 Stainless Steel Lunch Box | Leakproof Silicone Seal, Multifunctional Food Storage Container for Freshness Preservation"},"content":{"rendered":"<div class=\"wp-block-columns is-layout-flex wp-container-core-columns-is-layout-9d6595d7 wp-block-columns-is-layout-flex\">\n<div class=\"wp-block-column is-layout-flow wp-block-column-is-layout-flow\">\n<h3 class=\"wp-block-heading\">Par\u00e1metros del contenedor grande de acero inoxidable<\/h3>\n\n\n\n<div class=\"wp-block-group\"><div class=\"wp-block-group__inner-container is-layout-constrained wp-block-group-is-layout-constrained\">\n<figure class=\"wp-block-table\"><table><tbody><tr><td>Art\u00edculo NO<\/td><td>Capacidad<\/td><td>Talla\/PCS<\/td><td>PCS\/Caja<\/td><\/tr><tr><td>MYJD408<\/td><td>550ml\/2 Grids<\/td><td>14.5*10.7*7.5<\/td><td>60<\/td><\/tr><tr><td>MYJD409<\/td><td>850ml\/2 Grids<\/td><td>17*11.8*8<\/td><td>48<\/td><\/tr><tr><td>MYJD410<\/td><td>1500ml\/2 Grids<\/td><td>19.8*14.5*10<\/td><td>36<\/td><\/tr><tr><td>MYJD411<\/td><td>550 ml<\/td><td>11.5*7.9*7.5<\/td><td>120<\/td><\/tr><tr><td>MYJD412<\/td><td>850 ml<\/td><td>13.5*9.5*8.5<\/td><td>96<\/td><\/tr><tr><td>MYJD413<\/td><td>1500 ml<\/td><td>16*11*9.5<\/td><td>60<\/td><\/tr><tr><td>MYJD414<\/td><td>2800 ml<\/td><td>19*13*12.5<\/td><td>36<\/td><\/tr><\/tbody><\/table><\/figure>\n<\/div><\/div>\n<\/div>\n<\/div>\n\n\n\n<h3 class=\"wp-block-heading\">Opciones de recipientes grandes de acero inoxidable a medida<\/h3>\n\n\n\n<p><strong>Logotipo<\/strong>Personalice el logotipo de su marca en el producto y el envase.<br><strong>Tapa<\/strong>: PP lid<br><strong>Opciones de logotipo<\/strong>Logotipo impreso, logotipo grabado con l\u00e1ser, etc.<br><strong>Patr\u00f3n<\/strong>Impresi\u00f3n de motivos en recipientes para alimentos.<br><strong>Tecnolog\u00eda de impresi\u00f3n<\/strong>Impresi\u00f3n por transferencia de agua, serigraf\u00eda, impresi\u00f3n por transferencia de calor, etc.<br><strong>Paquete<\/strong>:caja de color<br><a href=\"https:\/\/moyahousehold.com\/es\/solucion-personalizada\/\" data-type=\"page\" data-id=\"2817\"><strong>M\u00e1s personalizaci\u00f3n<\/strong><\/a><\/p>\n\n\n\n<div class=\"wp-block-columns is-layout-flex wp-container-core-columns-is-layout-9d6595d7 wp-block-columns-is-layout-flex\">\n<div class=\"wp-block-column is-layout-flow wp-block-column-is-layout-flow\">\n<figure class=\"wp-block-image size-full\"><img fetchpriority=\"high\" decoding=\"async\" width=\"800\" height=\"800\" src=\"https:\/\/moyahousehold.com\/wp-content\/uploads\/2026\/03\/1-1.png\" alt=\"MOYA 304 Stainless Steel Food Storage Containers | 2-Compartment Leakproof Lunch Boxes with Clear Lids, Stackable for Meal Prep &amp; Fridge Organization\" class=\"wp-image-12202\" srcset=\"https:\/\/moyahousehold.com\/wp-content\/uploads\/2026\/03\/1-1.png 800w, https:\/\/moyahousehold.com\/wp-content\/uploads\/2026\/03\/1-1-300x300.png 300w, https:\/\/moyahousehold.com\/wp-content\/uploads\/2026\/03\/1-1-150x150.png 150w, https:\/\/moyahousehold.com\/wp-content\/uploads\/2026\/03\/1-1-768x768.png 768w, https:\/\/moyahousehold.com\/wp-content\/uploads\/2026\/03\/1-1-12x12.png 12w, https:\/\/moyahousehold.com\/wp-content\/uploads\/2026\/03\/1-1-285x285.png 285w, https:\/\/moyahousehold.com\/wp-content\/uploads\/2026\/03\/1-1-270x270.png 270w, https:\/\/moyahousehold.com\/wp-content\/uploads\/2026\/03\/1-1-540x540.png 540w, https:\/\/moyahousehold.com\/wp-content\/uploads\/2026\/03\/1-1-660x660.png 660w\" sizes=\"(max-width: 800px) 100vw, 800px\" \/><\/figure>\n<\/div>\n\n\n\n<div class=\"wp-block-column is-layout-flow wp-block-column-is-layout-flow\">\n<figure class=\"wp-block-image size-full\"><img decoding=\"async\" width=\"800\" height=\"800\" src=\"https:\/\/moyahousehold.com\/wp-content\/uploads\/2026\/03\/6-3.png\" alt=\"MOYA 304 Stainless Steel Food Storage Containers | 2-Compartment Leakproof Lunch Boxes with Clear Lids, Stackable for Meal Prep &amp; Fridge Organization\" class=\"wp-image-12200\" srcset=\"https:\/\/moyahousehold.com\/wp-content\/uploads\/2026\/03\/6-3.png 800w, https:\/\/moyahousehold.com\/wp-content\/uploads\/2026\/03\/6-3-300x300.png 300w, https:\/\/moyahousehold.com\/wp-content\/uploads\/2026\/03\/6-3-150x150.png 150w, https:\/\/moyahousehold.com\/wp-content\/uploads\/2026\/03\/6-3-768x768.png 768w, https:\/\/moyahousehold.com\/wp-content\/uploads\/2026\/03\/6-3-12x12.png 12w, https:\/\/moyahousehold.com\/wp-content\/uploads\/2026\/03\/6-3-285x285.png 285w, https:\/\/moyahousehold.com\/wp-content\/uploads\/2026\/03\/6-3-270x270.png 270w, https:\/\/moyahousehold.com\/wp-content\/uploads\/2026\/03\/6-3-540x540.png 540w, https:\/\/moyahousehold.com\/wp-content\/uploads\/2026\/03\/6-3-660x660.png 660w\" sizes=\"(max-width: 800px) 100vw, 800px\" \/><\/figure>\n<\/div>\n<\/div>\n\n\n\n<div class=\"wp-block-columns is-layout-flex wp-container-core-columns-is-layout-9d6595d7 wp-block-columns-is-layout-flex\">\n<div class=\"wp-block-column is-layout-flow wp-block-column-is-layout-flow\">\n<figure class=\"wp-block-image size-full\"><img decoding=\"async\" width=\"800\" height=\"800\" src=\"https:\/\/moyahousehold.com\/wp-content\/uploads\/2026\/03\/4-3.png\" alt=\"MOYA 304 Stainless Steel Food Storage Containers | 2-Compartment Leakproof Lunch Boxes with Clear Lids, Stackable for Meal Prep &amp; Fridge Organization\" class=\"wp-image-12205\" srcset=\"https:\/\/moyahousehold.com\/wp-content\/uploads\/2026\/03\/4-3.png 800w, https:\/\/moyahousehold.com\/wp-content\/uploads\/2026\/03\/4-3-300x300.png 300w, https:\/\/moyahousehold.com\/wp-content\/uploads\/2026\/03\/4-3-150x150.png 150w, https:\/\/moyahousehold.com\/wp-content\/uploads\/2026\/03\/4-3-768x768.png 768w, https:\/\/moyahousehold.com\/wp-content\/uploads\/2026\/03\/4-3-12x12.png 12w, https:\/\/moyahousehold.com\/wp-content\/uploads\/2026\/03\/4-3-285x285.png 285w, https:\/\/moyahousehold.com\/wp-content\/uploads\/2026\/03\/4-3-270x270.png 270w, https:\/\/moyahousehold.com\/wp-content\/uploads\/2026\/03\/4-3-540x540.png 540w, https:\/\/moyahousehold.com\/wp-content\/uploads\/2026\/03\/4-3-660x660.png 660w\" sizes=\"(max-width: 800px) 100vw, 800px\" \/><\/figure>\n<\/div>\n\n\n\n<div class=\"wp-block-column is-layout-flow wp-block-column-is-layout-flow\">\n<figure class=\"wp-block-image size-full\"><img loading=\"lazy\" decoding=\"async\" width=\"800\" height=\"800\" src=\"https:\/\/moyahousehold.com\/wp-content\/uploads\/2026\/03\/2-1.png\" alt=\"MOYA 304 Stainless Steel Food Storage Containers | 2-Compartment Leakproof Lunch Boxes with Clear Lids, Stackable for Meal Prep &amp; Fridge Organization\" class=\"wp-image-12203\" srcset=\"https:\/\/moyahousehold.com\/wp-content\/uploads\/2026\/03\/2-1.png 800w, https:\/\/moyahousehold.com\/wp-content\/uploads\/2026\/03\/2-1-300x300.png 300w, https:\/\/moyahousehold.com\/wp-content\/uploads\/2026\/03\/2-1-150x150.png 150w, https:\/\/moyahousehold.com\/wp-content\/uploads\/2026\/03\/2-1-768x768.png 768w, https:\/\/moyahousehold.com\/wp-content\/uploads\/2026\/03\/2-1-12x12.png 12w, https:\/\/moyahousehold.com\/wp-content\/uploads\/2026\/03\/2-1-285x285.png 285w, https:\/\/moyahousehold.com\/wp-content\/uploads\/2026\/03\/2-1-270x270.png 270w, https:\/\/moyahousehold.com\/wp-content\/uploads\/2026\/03\/2-1-540x540.png 540w, https:\/\/moyahousehold.com\/wp-content\/uploads\/2026\/03\/2-1-660x660.png 660w\" sizes=\"(max-width: 800px) 100vw, 800px\" \/><\/figure>\n<\/div>\n<\/div>\n\n\n\n<p><\/p>","protected":false},"excerpt":{"rendered":"<p>Ofrecemos grandes contenedores de acero inoxidable para alimentos a precios de f\u00e1brica, con una gran variedad de capacidades y dise\u00f1os entre los que elegir. La gran capacidad es perfecta para almacenar diversos tipos de alimentos, y los recipientes grandes de acero inoxidable de diversas formas pueden combinarse razonablemente para separar distintos alimentos, incluidos los rectangulares y cuadrados. Es una soluci\u00f3n de almacenamiento perfecta para cocinas dom\u00e9sticas y restaurantes comerciales. Este contenedor grande de acero para alimentos tiene un bonito dise\u00f1o y estilo, y puede integrarse perfectamente en varios estilos de cocina. Tambi\u00e9n ofrecemos servicios de contenedores de alimentos personalizados OEM y ODM. Si necesita un contenedor de acero inoxidable m\u00e1s grande, puede ponerse en contacto con nosotros para personalizarlo.<\/p>\n<h3>Caracter\u00edsticas y ventajas del recipiente grande de acero inoxidable para alimentos<\/h3>\n<p>1.Los grandes recipientes de acero para alimentos tienen una buena resistencia a los \u00e1cidos y los \u00e1lcalis y son adecuados para almacenar diversos alimentos \u00e1cidos y alcalinos.<\/p>\n<p>2.Los grandes contenedores de acero inoxidable est\u00e1n fabricados con material de acero inoxidable 304;<\/p>\n<p>3.El dise\u00f1o engrosado del contenedor de alimentos aumenta la resistencia al impacto del contenedor, por lo que es menos probable que se deforme y m\u00e1s seguro de usar.<\/p>\n<p>4.Mejorado y engrosado, resistente a las altas temperaturas y a la corrosi\u00f3n; F\u00e1cil de limpiar y m\u00e1s duradero;<\/p>\n<p>5.Incluso despu\u00e9s de un uso prolongado, estos grandes recipientes de acero inoxidable para alimentos pueden permanecer tan brillantes y limpios como nuevos.<\/p>\n<p>6.El proceso electrol\u00edtico dentro de la caja es suave y redondo, f\u00e1cil de limpiar, y no hay olor residual al almacenar alimentos;<\/p>\n<p>7.Anillo de silicona de sellado ensanchado, herm\u00e9ticamente ajustado, a prueba de fugas en todas las direcciones, a prueba de humedad y de humedad, a prueba de fugas;<\/p>\n<p>8.La tapa de la caja engrosada del contenedor de acero inoxidable no se deforma f\u00e1cilmente;<\/p>\n<p>9.As a professional food container manufacturer,we provice OEM&amp;ODM customized stainless steel food containers solution.<\/a><\/strong><\/p>","protected":false},"featured_media":12208,"comment_status":"open","ping_status":"closed","template":"","meta":[],"product_cat":[57],"product_tag":[95,99,100],"class_list":{"0":"post-12198","1":"product","2":"type-product","3":"status-publish","4":"has-post-thumbnail","6":"product_cat-food-storage-container-wholesale","7":"product_tag-wholesale-food-storage-containers-with-date-dial","8":"product_tag-wholesale-rectangle-food-storage-containers","9":"product_tag-wholesale-square-food-storage-containers","11":"first","12":"instock","13":"shipping-taxable","14":"product-type-simple"},"_links":{"self":[{"href":"https:\/\/moyahousehold.com\/es\/wp-json\/wp\/v2\/product\/12198","targetHints":{"allow":["GET"]}}],"collection":[{"href":"https:\/\/moyahousehold.com\/es\/wp-json\/wp\/v2\/product"}],"about":[{"href":"https:\/\/moyahousehold.com\/es\/wp-json\/wp\/v2\/types\/product"}],"replies":[{"embeddable":true,"href":"https:\/\/moyahousehold.com\/es\/wp-json\/wp\/v2\/comments?post=12198"}],"version-history":[{"count":0,"href":"https:\/\/moyahousehold.com\/es\/wp-json\/wp\/v2\/product\/12198\/revisions"}],"wp:featuredmedia":[{"embeddable":true,"href":"https:\/\/moyahousehold.com\/es\/wp-json\/wp\/v2\/media\/12208"}],"wp:attachment":[{"href":"https:\/\/moyahousehold.com\/es\/wp-json\/wp\/v2\/media?parent=12198"}],"wp:term":[{"taxonomy":"product_cat","embeddable":true,"href":"https:\/\/moyahousehold.com\/es\/wp-json\/wp\/v2\/product_cat?post=12198"},{"taxonomy":"product_tag","embeddable":true,"href":"https:\/\/moyahousehold.com\/es\/wp-json\/wp\/v2\/product_tag?post=12198"}],"curies":[{"name":"wp","href":"https:\/\/api.w.org\/{rel}","templated":true}]}}