{"id":12241,"date":"2026-03-30T02:27:13","date_gmt":"2026-03-30T02:01:38","guid":{"rendered":"https:\/\/moyahousehold.com\/?post_type=product&#038;p=12241"},"modified":"2026-04-15T06:20:26","modified_gmt":"2026-04-15T06:20:26","slug":"moya-eco-friendly-304-stainless-steel-steamer-anti-scald-splash-proof-lid-dishwasher-safe-kitchen-cookware","status":"publish","type":"product","link":"https:\/\/moyahousehold.com\/es\/producto\/moya-eco-friendly-304-stainless-steel-steamer-anti-scald-splash-proof-lid-dishwasher-safe-kitchen-cookware\/","title":{"rendered":"MOYA Eco-Friendly 304 Stainless Steel Steamer | Anti-Scald &amp; Splash-Proof Lid | Dishwasher Safe Kitchen Cookware"},"content":{"rendered":"<figure class=\"wp-block-image size-full is-style-default\"><img fetchpriority=\"high\" decoding=\"async\" width=\"800\" height=\"800\" src=\"https:\/\/moyahousehold.com\/wp-content\/uploads\/2026\/03\/1-2.png\" alt=\"304 Stainless Steel Steamer Pot with Steamer Basket, Glass Lid &amp; Anti-Scald Handles for Kitchen Cooking\" class=\"wp-image-12248\" srcset=\"https:\/\/moyahousehold.com\/wp-content\/uploads\/2026\/03\/1-2.png 800w, https:\/\/moyahousehold.com\/wp-content\/uploads\/2026\/03\/1-2-300x300.png 300w, https:\/\/moyahousehold.com\/wp-content\/uploads\/2026\/03\/1-2-150x150.png 150w, https:\/\/moyahousehold.com\/wp-content\/uploads\/2026\/03\/1-2-768x768.png 768w, https:\/\/moyahousehold.com\/wp-content\/uploads\/2026\/03\/1-2-12x12.png 12w, https:\/\/moyahousehold.com\/wp-content\/uploads\/2026\/03\/1-2-285x285.png 285w, https:\/\/moyahousehold.com\/wp-content\/uploads\/2026\/03\/1-2-270x270.png 270w, https:\/\/moyahousehold.com\/wp-content\/uploads\/2026\/03\/1-2-540x540.png 540w, https:\/\/moyahousehold.com\/wp-content\/uploads\/2026\/03\/1-2-660x660.png 660w\" sizes=\"(max-width: 800px) 100vw, 800px\" \/><\/figure>\n\n\n\n<h3 class=\"wp-block-heading\">Parameters of Stainless Steel Steamer<\/h3>\n\n\n\n<p><strong>Material:<\/strong> 304 Stainless Steel+Glass+ Wood <strong> Color:<\/strong> Nature<\/p>\n\n\n\n<figure class=\"wp-block-table\"><table class=\"has-fixed-layout\"><tbody><tr><td class=\"has-text-align-center\" data-align=\"center\"><strong>Art\u00edculo<\/strong><\/td><td class=\"has-text-align-center\" data-align=\"center\"><strong>Material<\/strong><\/td><td class=\"has-text-align-center\" data-align=\"center\"><strong>Color<\/strong><\/td><td class=\"has-text-align-center\" data-align=\"center\"><strong>Capacidad<\/strong><\/td><td class=\"has-text-align-center\" data-align=\"center\"><strong>Talla<\/strong><\/td><td class=\"has-text-align-center\" data-align=\"center\"><strong>Embalaje<\/strong><br><strong>talla<\/strong><\/td><td class=\"has-text-align-center\" data-align=\"center\"><strong>N.W.\/PCS<\/strong><\/td><\/tr><tr><td class=\"has-text-align-center\" data-align=\"center\">MYHL030<\/td><td class=\"has-text-align-center\" data-align=\"center\" rowspan=\"10\">304 Stainless Steel+Glass+<br>Wood<\/td><td class=\"has-text-align-center\" data-align=\"center\" rowspan=\"10\">Nature<\/td><td class=\"has-text-align-center\" data-align=\"center\">9L<\/td><td class=\"has-text-align-center\" data-align=\"center\">26cm<\/td><td class=\"has-text-align-center\" data-align=\"center\">27.6*27.9*30.1<\/td><td class=\"has-text-align-center\" data-align=\"center\">4.21<\/td><\/tr><tr><td class=\"has-text-align-center\" data-align=\"center\">MYHL030<\/td><td class=\"has-text-align-center\" data-align=\"center\">11L<\/td><td class=\"has-text-align-center\" data-align=\"center\">28 cm<\/td><td class=\"has-text-align-center\" data-align=\"center\">29.6*29.9*30.2<\/td><td class=\"has-text-align-center\" data-align=\"center\">4.62<\/td><\/tr><\/tbody><\/table><\/figure>\n\n\n\n<h3 class=\"wp-block-heading\">Opciones de macetas personalizadas<\/h3>\n\n\n\n<p><strong>Logotipo<\/strong>Personalice el logotipo de su marca en el recipiente de acero inoxidable y en el envase.<br><strong>Logo Options<\/strong>Logotipo impreso, logotipo grabado con l\u00e1ser, etc.<br><strong>Patr\u00f3n<\/strong>Impresi\u00f3n de motivos en productos y envases.<br><strong>Printing Technology<\/strong>Impresi\u00f3n por transferencia de agua, serigraf\u00eda, transferencia de calor, sublimaci\u00f3n, etc.<br><strong>Embalaje:<\/strong> caja de color.<br><a href=\"https:\/\/moyahousehold.com\/es\/solucion-personalizada\/\"><strong>M\u00e1s informaci\u00f3n sobre soluciones de macetas a medida.<\/strong><\/a><\/p>\n\n\n\n<div class=\"wp-block-columns is-layout-flex wp-container-core-columns-is-layout-9d6595d7 wp-block-columns-is-layout-flex\">\n<div class=\"wp-block-column is-layout-flow wp-block-column-is-layout-flow\" style=\"flex-basis:100%\">\n<div class=\"wp-block-group is-nowrap is-layout-flex wp-container-core-group-is-layout-ad2f72ca wp-block-group-is-layout-flex\">\n<div class=\"wp-block-columns is-layout-flex wp-container-core-columns-is-layout-9d6595d7 wp-block-columns-is-layout-flex\">\n<div class=\"wp-block-column is-layout-flow wp-block-column-is-layout-flow\">\n<figure class=\"wp-block-image\"><img decoding=\"async\" width=\"800\" height=\"800\" src=\"https:\/\/moyahousehold.com\/wp-content\/uploads\/2026\/03\/2-2.png\" alt=\"304 Stainless Steel Steamer Pot with Steamer Basket, Glass Lid &amp; Anti-Scald Handles for Kitchen Cooking\" class=\"wp-image-12249\" srcset=\"https:\/\/moyahousehold.com\/wp-content\/uploads\/2026\/03\/2-2.png 800w, https:\/\/moyahousehold.com\/wp-content\/uploads\/2026\/03\/2-2-300x300.png 300w, https:\/\/moyahousehold.com\/wp-content\/uploads\/2026\/03\/2-2-150x150.png 150w, https:\/\/moyahousehold.com\/wp-content\/uploads\/2026\/03\/2-2-768x768.png 768w, https:\/\/moyahousehold.com\/wp-content\/uploads\/2026\/03\/2-2-12x12.png 12w, https:\/\/moyahousehold.com\/wp-content\/uploads\/2026\/03\/2-2-285x285.png 285w, https:\/\/moyahousehold.com\/wp-content\/uploads\/2026\/03\/2-2-270x270.png 270w, https:\/\/moyahousehold.com\/wp-content\/uploads\/2026\/03\/2-2-540x540.png 540w, https:\/\/moyahousehold.com\/wp-content\/uploads\/2026\/03\/2-2-660x660.png 660w\" sizes=\"(max-width: 800px) 100vw, 800px\" \/><\/figure>\n<\/div>\n\n\n\n<div class=\"wp-block-column is-layout-flow wp-block-column-is-layout-flow\">\n<figure class=\"wp-block-image size-full\"><img decoding=\"async\" width=\"800\" height=\"800\" src=\"https:\/\/moyahousehold.com\/wp-content\/uploads\/2026\/03\/6-4.png\" alt=\"304 Stainless Steel Steamer Pot with Steamer Basket, Glass Lid &amp; Anti-Scald Handles for Kitchen Cooking\" class=\"wp-image-12244\" srcset=\"https:\/\/moyahousehold.com\/wp-content\/uploads\/2026\/03\/6-4.png 800w, https:\/\/moyahousehold.com\/wp-content\/uploads\/2026\/03\/6-4-300x300.png 300w, https:\/\/moyahousehold.com\/wp-content\/uploads\/2026\/03\/6-4-150x150.png 150w, https:\/\/moyahousehold.com\/wp-content\/uploads\/2026\/03\/6-4-768x768.png 768w, https:\/\/moyahousehold.com\/wp-content\/uploads\/2026\/03\/6-4-12x12.png 12w, https:\/\/moyahousehold.com\/wp-content\/uploads\/2026\/03\/6-4-285x285.png 285w, https:\/\/moyahousehold.com\/wp-content\/uploads\/2026\/03\/6-4-270x270.png 270w, https:\/\/moyahousehold.com\/wp-content\/uploads\/2026\/03\/6-4-540x540.png 540w, https:\/\/moyahousehold.com\/wp-content\/uploads\/2026\/03\/6-4-660x660.png 660w\" sizes=\"(max-width: 800px) 100vw, 800px\" \/><\/figure>\n<\/div>\n<\/div>\n<\/div>\n<\/div>\n<\/div>\n\n\n\n<div class=\"wp-block-columns is-layout-flex wp-container-core-columns-is-layout-9d6595d7 wp-block-columns-is-layout-flex\">\n<div class=\"wp-block-column is-layout-flow wp-block-column-is-layout-flow\">\n<figure class=\"wp-block-image size-full\"><img loading=\"lazy\" decoding=\"async\" width=\"800\" height=\"800\" src=\"https:\/\/moyahousehold.com\/wp-content\/uploads\/2026\/03\/7-1.png\" alt=\"304 Stainless Steel Steamer Pot with Steamer Basket, Glass Lid &amp; Anti-Scald Handles for Kitchen Cooking\" class=\"wp-image-12245\" srcset=\"https:\/\/moyahousehold.com\/wp-content\/uploads\/2026\/03\/7-1.png 800w, https:\/\/moyahousehold.com\/wp-content\/uploads\/2026\/03\/7-1-300x300.png 300w, https:\/\/moyahousehold.com\/wp-content\/uploads\/2026\/03\/7-1-150x150.png 150w, https:\/\/moyahousehold.com\/wp-content\/uploads\/2026\/03\/7-1-768x768.png 768w, https:\/\/moyahousehold.com\/wp-content\/uploads\/2026\/03\/7-1-12x12.png 12w, https:\/\/moyahousehold.com\/wp-content\/uploads\/2026\/03\/7-1-285x285.png 285w, https:\/\/moyahousehold.com\/wp-content\/uploads\/2026\/03\/7-1-270x270.png 270w, https:\/\/moyahousehold.com\/wp-content\/uploads\/2026\/03\/7-1-540x540.png 540w, https:\/\/moyahousehold.com\/wp-content\/uploads\/2026\/03\/7-1-660x660.png 660w\" sizes=\"(max-width: 800px) 100vw, 800px\" \/><\/figure>\n<\/div>\n\n\n\n<div class=\"wp-block-column is-layout-flow wp-block-column-is-layout-flow\">\n<figure class=\"wp-block-image size-full\"><img loading=\"lazy\" decoding=\"async\" width=\"800\" height=\"800\" src=\"https:\/\/moyahousehold.com\/wp-content\/uploads\/2026\/03\/3-3.png\" alt=\"304 Stainless Steel Steamer Pot with Steamer Basket, Glass Lid &amp; Anti-Scald Handles for Kitchen Cooking\" class=\"wp-image-12250\" srcset=\"https:\/\/moyahousehold.com\/wp-content\/uploads\/2026\/03\/3-3.png 800w, https:\/\/moyahousehold.com\/wp-content\/uploads\/2026\/03\/3-3-300x300.png 300w, https:\/\/moyahousehold.com\/wp-content\/uploads\/2026\/03\/3-3-150x150.png 150w, https:\/\/moyahousehold.com\/wp-content\/uploads\/2026\/03\/3-3-768x768.png 768w, https:\/\/moyahousehold.com\/wp-content\/uploads\/2026\/03\/3-3-12x12.png 12w, https:\/\/moyahousehold.com\/wp-content\/uploads\/2026\/03\/3-3-285x285.png 285w, https:\/\/moyahousehold.com\/wp-content\/uploads\/2026\/03\/3-3-270x270.png 270w, https:\/\/moyahousehold.com\/wp-content\/uploads\/2026\/03\/3-3-540x540.png 540w, https:\/\/moyahousehold.com\/wp-content\/uploads\/2026\/03\/3-3-660x660.png 660w\" sizes=\"(max-width: 800px) 100vw, 800px\" \/><\/figure>\n<\/div>\n<\/div>\n\n\n\n<p>\ud83c\udf1f Elevate Your Kitchen with Our Nature 304 Tri-Ply Pot &amp; Steamer Set \ud83c\udf1f<\/p>\n\n\n\n<p>\u00bfBusca una bater\u00eda de cocina que combine a la perfecci\u00f3n <strong>elegancia<\/strong>, <strong>durabilidad<\/strong> y <strong>versatilidad<\/strong>? Look no further than our 304 tri-ply pot and steamer set \u2014 the perfect addition to transform your daily cooking into a delightful experience. Whether you\u2019re simmering a warm bowl of soup, steaming fresh veggies, this set has got you covered.<\/p>\n\n\n\n<figure class=\"wp-block-gallery has-nested-images columns-default is-cropped wp-block-gallery-1 is-layout-flex wp-block-gallery-is-layout-flex\">\n<figure class=\"wp-block-image size-full is-style-default\"><img loading=\"lazy\" decoding=\"async\" width=\"4893\" height=\"6523\" data-id=\"12253\" src=\"https:\/\/moyahousehold.com\/wp-content\/uploads\/2026\/03\/1-14.jpg\" alt=\"304 Stainless Steel Steamer Pot with Steamer Basket, Glass Lid &amp; Anti-Scald Handles for Kitchen Cooking\" class=\"wp-image-12253\" srcset=\"https:\/\/moyahousehold.com\/wp-content\/uploads\/2026\/03\/1-14.jpg 4893w, https:\/\/moyahousehold.com\/wp-content\/uploads\/2026\/03\/1-14-225x300.jpg 225w, https:\/\/moyahousehold.com\/wp-content\/uploads\/2026\/03\/1-14-768x1024.jpg 768w, https:\/\/moyahousehold.com\/wp-content\/uploads\/2026\/03\/1-14-9x12.jpg 9w, https:\/\/moyahousehold.com\/wp-content\/uploads\/2026\/03\/1-14-285x380.jpg 285w, https:\/\/moyahousehold.com\/wp-content\/uploads\/2026\/03\/1-14-1600x2133.jpg 1600w, https:\/\/moyahousehold.com\/wp-content\/uploads\/2026\/03\/1-14-495x660.jpg 495w, https:\/\/moyahousehold.com\/wp-content\/uploads\/2026\/03\/1-14-113x150.jpg 113w\" sizes=\"(max-width: 4893px) 100vw, 4893px\" \/><\/figure>\n\n\n\n<figure class=\"wp-block-image size-full is-style-default\"><img loading=\"lazy\" decoding=\"async\" width=\"4633\" height=\"6177\" data-id=\"12252\" src=\"https:\/\/moyahousehold.com\/wp-content\/uploads\/2026\/03\/2-12.jpg\" alt=\"304 Stainless Steel Steamer Pot with Steamer Basket, Glass Lid &amp; Anti-Scald Handles for Kitchen Cooking\" class=\"wp-image-12252\" srcset=\"https:\/\/moyahousehold.com\/wp-content\/uploads\/2026\/03\/2-12.jpg 4633w, https:\/\/moyahousehold.com\/wp-content\/uploads\/2026\/03\/2-12-225x300.jpg 225w, https:\/\/moyahousehold.com\/wp-content\/uploads\/2026\/03\/2-12-768x1024.jpg 768w, https:\/\/moyahousehold.com\/wp-content\/uploads\/2026\/03\/2-12-9x12.jpg 9w, https:\/\/moyahousehold.com\/wp-content\/uploads\/2026\/03\/2-12-285x380.jpg 285w, https:\/\/moyahousehold.com\/wp-content\/uploads\/2026\/03\/2-12-1600x2133.jpg 1600w, https:\/\/moyahousehold.com\/wp-content\/uploads\/2026\/03\/2-12-495x660.jpg 495w, https:\/\/moyahousehold.com\/wp-content\/uploads\/2026\/03\/2-12-113x150.jpg 113w\" sizes=\"(max-width: 4633px) 100vw, 4633px\" \/><\/figure>\n<\/figure>\n\n\n\n<h2 class=\"wp-block-heading\"><\/h2>\n\n\n\n<p><strong>\u2728 Ventajas fundamentales que marcan la diferencia<\/strong><\/p>\n\n\n\n<h3 class=\"wp-block-heading\"><strong>Construcci\u00f3n Premium 304 Tri-Ply<\/strong><\/h3>\n\n\n\n<p>Fabricada con acero inoxidable 304 apto para uso alimentario y base tricapa, esta bater\u00eda de cocina garantiza <strong>distribuci\u00f3n uniforme del calor<\/strong> en toda la superficie, eliminando los puntos calientes que queman los alimentos. Es resistente a la corrosi\u00f3n, a prueba de \u00f3xido y 100% seguro para todas sus creaciones culinarias.<\/p>\n\n\n\n<p><strong>Mango ergon\u00f3mico resistente al calor<\/strong><\/p>\n\n\n\n<p>El mango de dise\u00f1o exclusivo ofrece un excelente aislamiento t\u00e9rmico, manteniendo las manos a salvo de quemaduras incluso durante largas sesiones de cocci\u00f3n. Su forma ergon\u00f3mica se adapta c\u00f3modamente a la palma de la mano, lo que permite levantar y verter con facilidad sin forzar las mu\u00f1ecas.<\/p>\n\n\n\n<p><strong>Funci\u00f3n todo en uno para cocer al vapor y hervir<\/strong><\/p>\n\n\n\n<p>Con el juego de ollas se incluye una vaporera a juego, que le permite alternar entre hervir y cocer al vapor en cuesti\u00f3n de segundos. Cocine un guiso abundante mientras cocina alb\u00f3ndigas al vapor por encima: ahorre tiempo y energ\u00eda y convierta las comidas de varios platos en un juego de ni\u00f1os.<\/p>\n\n\n\n<p><strong>F\u00e1cil de limpiar y universal<\/strong><\/p>\n\n\n\n<p>La superficie lisa y no porosa evita que los alimentos se peguen, por lo que la limpieza es tan sencilla como un r\u00e1pido aclarado con agua. Es compatible con cocinas de gas, el\u00e9ctricas, vitrocer\u00e1micas y de inducci\u00f3n, por lo que podr\u00e1 utilizarla independientemente del tipo de placa que tenga.<\/p>\n\n\n\n<figure class=\"wp-block-gallery has-nested-images columns-default is-cropped wp-block-gallery-2 is-layout-flex wp-block-gallery-is-layout-flex\">\n<figure class=\"wp-block-image size-full\"><img loading=\"lazy\" decoding=\"async\" width=\"5097\" height=\"6796\" data-id=\"12255\" src=\"https:\/\/moyahousehold.com\/wp-content\/uploads\/2026\/03\/6-12.jpg\" alt=\"304 Stainless Steel Steamer Pot with Steamer Basket, Glass Lid &amp; Anti-Scald Handles for Kitchen Cooking\" class=\"wp-image-12255\" srcset=\"https:\/\/moyahousehold.com\/wp-content\/uploads\/2026\/03\/6-12.jpg 5097w, https:\/\/moyahousehold.com\/wp-content\/uploads\/2026\/03\/6-12-225x300.jpg 225w, https:\/\/moyahousehold.com\/wp-content\/uploads\/2026\/03\/6-12-768x1024.jpg 768w, https:\/\/moyahousehold.com\/wp-content\/uploads\/2026\/03\/6-12-9x12.jpg 9w, https:\/\/moyahousehold.com\/wp-content\/uploads\/2026\/03\/6-12-285x380.jpg 285w, https:\/\/moyahousehold.com\/wp-content\/uploads\/2026\/03\/6-12-1600x2133.jpg 1600w, https:\/\/moyahousehold.com\/wp-content\/uploads\/2026\/03\/6-12-495x660.jpg 495w, https:\/\/moyahousehold.com\/wp-content\/uploads\/2026\/03\/6-12-113x150.jpg 113w\" sizes=\"(max-width: 5097px) 100vw, 5097px\" \/><\/figure>\n\n\n\n<figure class=\"wp-block-image size-full\"><img loading=\"lazy\" decoding=\"async\" width=\"5007\" height=\"6676\" data-id=\"12254\" src=\"https:\/\/moyahousehold.com\/wp-content\/uploads\/2026\/03\/5-10.jpg\" alt=\"304 Stainless Steel Steamer Pot with Steamer Basket, Glass Lid &amp; Anti-Scald Handles for Kitchen Cooking\" class=\"wp-image-12254\" srcset=\"https:\/\/moyahousehold.com\/wp-content\/uploads\/2026\/03\/5-10.jpg 5007w, https:\/\/moyahousehold.com\/wp-content\/uploads\/2026\/03\/5-10-225x300.jpg 225w, https:\/\/moyahousehold.com\/wp-content\/uploads\/2026\/03\/5-10-768x1024.jpg 768w, https:\/\/moyahousehold.com\/wp-content\/uploads\/2026\/03\/5-10-9x12.jpg 9w, https:\/\/moyahousehold.com\/wp-content\/uploads\/2026\/03\/5-10-285x380.jpg 285w, https:\/\/moyahousehold.com\/wp-content\/uploads\/2026\/03\/5-10-1600x2133.jpg 1600w, https:\/\/moyahousehold.com\/wp-content\/uploads\/2026\/03\/5-10-495x660.jpg 495w, https:\/\/moyahousehold.com\/wp-content\/uploads\/2026\/03\/5-10-113x150.jpg 113w\" sizes=\"(max-width: 5007px) 100vw, 5007px\" \/><\/figure>\n<\/figure>\n\n\n\n<p><\/p>","protected":false},"excerpt":{"rendered":"<h2 class=\"header-vfC6AV auto-hide-last-sibling-br\">Servicios de personalizaci\u00f3n<\/h2>\n<div class=\"auto-hide-last-sibling-br paragraph-JOTKXA paragraph-element br-paragraph-space\">As a professional kitchenware manufacturer, we provide comprehensive OEM &amp; ODM solutions:<\/div>\n<ul class=\"auto-hide-last-sibling-br\">\n<li><strong>OEM<\/strong>: Personalice los logotipos, las impresiones o el embalaje para adaptarlos a la identidad de su marca. Tambi\u00e9n puede elegir diferentes colores para la cubierta exterior para que coincida con el estilo de su marca.<\/li>\n<li><strong>ODM<\/strong>: Colaboramos en el dise\u00f1o del producto, desde la disposici\u00f3n de los compartimentos (ajustando su n\u00famero y tama\u00f1o) hasta los acabados de los materiales, para crear soluciones \u00fanicas y adaptadas al mercado. Tambi\u00e9n podemos optimizar la estructura de sellado o a\u00f1adir dise\u00f1os funcionales especiales seg\u00fan sus necesidades.<\/li>\n<\/ul>","protected":false},"featured_media":12251,"comment_status":"closed","ping_status":"closed","template":"","meta":[],"product_cat":[58],"product_tag":[87,92],"class_list":{"0":"post-12241","1":"product","2":"type-product","3":"status-publish","4":"has-post-thumbnail","6":"product_cat-lunch-box-wholesale","7":"product_tag-wholesale-multi-compartment-lunch-box","8":"product_tag-wholesale-rectangle-lunch-box","10":"first","11":"instock","12":"shipping-taxable","13":"product-type-simple"},"_links":{"self":[{"href":"https:\/\/moyahousehold.com\/es\/wp-json\/wp\/v2\/product\/12241","targetHints":{"allow":["GET"]}}],"collection":[{"href":"https:\/\/moyahousehold.com\/es\/wp-json\/wp\/v2\/product"}],"about":[{"href":"https:\/\/moyahousehold.com\/es\/wp-json\/wp\/v2\/types\/product"}],"replies":[{"embeddable":true,"href":"https:\/\/moyahousehold.com\/es\/wp-json\/wp\/v2\/comments?post=12241"}],"version-history":[{"count":1,"href":"https:\/\/moyahousehold.com\/es\/wp-json\/wp\/v2\/product\/12241\/revisions"}],"predecessor-version":[{"id":13108,"href":"https:\/\/moyahousehold.com\/es\/wp-json\/wp\/v2\/product\/12241\/revisions\/13108"}],"wp:featuredmedia":[{"embeddable":true,"href":"https:\/\/moyahousehold.com\/es\/wp-json\/wp\/v2\/media\/12251"}],"wp:attachment":[{"href":"https:\/\/moyahousehold.com\/es\/wp-json\/wp\/v2\/media?parent=12241"}],"wp:term":[{"taxonomy":"product_cat","embeddable":true,"href":"https:\/\/moyahousehold.com\/es\/wp-json\/wp\/v2\/product_cat?post=12241"},{"taxonomy":"product_tag","embeddable":true,"href":"https:\/\/moyahousehold.com\/es\/wp-json\/wp\/v2\/product_tag?post=12241"}],"curies":[{"name":"wp","href":"https:\/\/api.w.org\/{rel}","templated":true}]}}