{"id":12258,"date":"2026-03-30T06:11:53","date_gmt":"2026-03-30T03:46:20","guid":{"rendered":"https:\/\/moyahousehold.com\/?post_type=product&#038;p=12258"},"modified":"2026-03-30T06:12:43","modified_gmt":"2026-03-30T06:12:43","slug":"moya-eco-friendly-2-in-1-stainless-steel-colander-drain-basket-premium-kitchen-strainer-for-fruit-vegetable-cleaning","status":"publish","type":"product","link":"https:\/\/moyahousehold.com\/es\/producto\/moya-eco-friendly-2-in-1-stainless-steel-colander-drain-basket-premium-kitchen-strainer-for-fruit-vegetable-cleaning\/","title":{"rendered":"MOYA Eco-Friendly 2-in-1 Stainless Steel Colander &amp; Drain Basket | Premium Kitchen Strainer for Fruit &amp; Vegetable Cleaning"},"content":{"rendered":"<div class=\"wp-block-columns is-layout-flex wp-container-core-columns-is-layout-9d6595d7 wp-block-columns-is-layout-flex\">\n<div class=\"wp-block-column is-layout-flow wp-block-column-is-layout-flow\">\n<div class=\"wp-block-columns is-layout-flex wp-container-core-columns-is-layout-9d6595d7 wp-block-columns-is-layout-flex\">\n<div class=\"wp-block-column is-layout-flow wp-block-column-is-layout-flow\">\n<figure class=\"wp-block-image size-full\"><img fetchpriority=\"high\" decoding=\"async\" width=\"5947\" height=\"3965\" src=\"https:\/\/moyahousehold.com\/wp-content\/uploads\/2026\/03\/8-2.jpg\" alt=\"MOYA 304 Stainless Steel Colander Bowl Set, Double Layer Drain Basket with Measuring Marks for Fruit Vegetable Washing\" class=\"wp-image-12263\" srcset=\"https:\/\/moyahousehold.com\/wp-content\/uploads\/2026\/03\/8-2.jpg 5947w, https:\/\/moyahousehold.com\/wp-content\/uploads\/2026\/03\/8-2-300x200.jpg 300w, https:\/\/moyahousehold.com\/wp-content\/uploads\/2026\/03\/8-2-768x512.jpg 768w, https:\/\/moyahousehold.com\/wp-content\/uploads\/2026\/03\/8-2-18x12.jpg 18w, https:\/\/moyahousehold.com\/wp-content\/uploads\/2026\/03\/8-2-285x190.jpg 285w, https:\/\/moyahousehold.com\/wp-content\/uploads\/2026\/03\/8-2-1600x1067.jpg 1600w, https:\/\/moyahousehold.com\/wp-content\/uploads\/2026\/03\/8-2-660x440.jpg 660w, https:\/\/moyahousehold.com\/wp-content\/uploads\/2026\/03\/8-2-150x100.jpg 150w\" sizes=\"(max-width: 5947px) 100vw, 5947px\" \/><\/figure>\n<\/div>\n<\/div>\n\n\n\n<h3 class=\"wp-block-heading\">Parameters of Customizable Drain Basket<\/h3>\n\n\n\n<figure class=\"wp-block-table\"><table class=\"has-fixed-layout\"><tbody><tr><td>Art\u00edculo<\/td><td>Material<\/td><td>Color<\/td><td>Capacidad<\/td><td>PCS\/Caja<\/td><\/tr><tr><td>MYXED011<\/td><td rowspan=\"5\">304<\/td><td rowspan=\"5\">Nature<\/td><td>17cm<\/td><td>30<\/td><\/tr><tr><td>MYXED012<\/td><td>19 cm<\/td><td>30<\/td><\/tr><tr><td>MYXED013<\/td><td>21cm<\/td><td>30<\/td><\/tr><\/tbody><\/table><\/figure>\n\n\n\n<h3 class=\"wp-block-heading\">Custom 2-in-1 Colander &amp; Drain Basket Options<\/h3>\n\n\n\n<p><strong>Logotipo<\/strong>: Custom your brand logo on food containers and package.<br><strong>Opciones de logotipo<\/strong>: Le ofrecemos m\u00e9todos de grabado por l\u00e1ser o transferencia t\u00e9rmica para a\u00f1adir su logotipo a la ensaladera.<br><strong>Patr\u00f3n<\/strong>: Printing patterns on drain basket.<br><strong>Tecnolog\u00eda de impresi\u00f3n<\/strong>: Ofrecemos serigraf\u00eda, transferencia de calor, impresi\u00f3n por transferencia de agua para a\u00f1adir patrones a sus productos.<br><strong>Paquete<\/strong>:Puede enviarnos el archivo y le personalizaremos la caja de color para ensaladera.<br><a href=\"https:\/\/moyahousehold.com\/es\/solucion-personalizada\/\"><strong>M\u00e1s personalizaci\u00f3n<\/strong><\/a><\/p>\n<\/div>\n<\/div>\n\n\n\n<div class=\"wp-block-columns is-layout-flex wp-container-core-columns-is-layout-9d6595d7 wp-block-columns-is-layout-flex\">\n<div class=\"wp-block-column is-layout-flow wp-block-column-is-layout-flow\">\n<figure class=\"wp-block-image size-full\"><img decoding=\"async\" width=\"800\" height=\"800\" src=\"https:\/\/moyahousehold.com\/wp-content\/uploads\/2026\/03\/3-4.png\" alt=\"MOYA 304 Stainless Steel Colander Bowl Set, Double Layer Drain Basket with Measuring Marks for Fruit Vegetable Washing\" class=\"wp-image-12266\" srcset=\"https:\/\/moyahousehold.com\/wp-content\/uploads\/2026\/03\/3-4.png 800w, https:\/\/moyahousehold.com\/wp-content\/uploads\/2026\/03\/3-4-300x300.png 300w, https:\/\/moyahousehold.com\/wp-content\/uploads\/2026\/03\/3-4-150x150.png 150w, https:\/\/moyahousehold.com\/wp-content\/uploads\/2026\/03\/3-4-768x768.png 768w, https:\/\/moyahousehold.com\/wp-content\/uploads\/2026\/03\/3-4-12x12.png 12w, https:\/\/moyahousehold.com\/wp-content\/uploads\/2026\/03\/3-4-285x285.png 285w, https:\/\/moyahousehold.com\/wp-content\/uploads\/2026\/03\/3-4-270x270.png 270w, https:\/\/moyahousehold.com\/wp-content\/uploads\/2026\/03\/3-4-540x540.png 540w, https:\/\/moyahousehold.com\/wp-content\/uploads\/2026\/03\/3-4-660x660.png 660w\" sizes=\"(max-width: 800px) 100vw, 800px\" \/><\/figure>\n<\/div>\n\n\n\n<div class=\"wp-block-column is-layout-flow wp-block-column-is-layout-flow\">\n<figure class=\"wp-block-image size-full\"><img decoding=\"async\" width=\"800\" height=\"800\" src=\"https:\/\/moyahousehold.com\/wp-content\/uploads\/2026\/03\/7-2.png\" alt=\"MOYA 304 Stainless Steel Colander Bowl Set, Double Layer Drain Basket with Measuring Marks for Fruit Vegetable Washing\" class=\"wp-image-12262\" srcset=\"https:\/\/moyahousehold.com\/wp-content\/uploads\/2026\/03\/7-2.png 800w, https:\/\/moyahousehold.com\/wp-content\/uploads\/2026\/03\/7-2-300x300.png 300w, https:\/\/moyahousehold.com\/wp-content\/uploads\/2026\/03\/7-2-150x150.png 150w, https:\/\/moyahousehold.com\/wp-content\/uploads\/2026\/03\/7-2-768x768.png 768w, https:\/\/moyahousehold.com\/wp-content\/uploads\/2026\/03\/7-2-12x12.png 12w, https:\/\/moyahousehold.com\/wp-content\/uploads\/2026\/03\/7-2-285x285.png 285w, https:\/\/moyahousehold.com\/wp-content\/uploads\/2026\/03\/7-2-270x270.png 270w, https:\/\/moyahousehold.com\/wp-content\/uploads\/2026\/03\/7-2-540x540.png 540w, https:\/\/moyahousehold.com\/wp-content\/uploads\/2026\/03\/7-2-660x660.png 660w\" sizes=\"(max-width: 800px) 100vw, 800px\" \/><\/figure>\n<\/div>\n<\/div>\n\n\n\n<div class=\"wp-block-columns is-layout-flex wp-container-core-columns-is-layout-9d6595d7 wp-block-columns-is-layout-flex\">\n<div class=\"wp-block-column is-layout-flow wp-block-column-is-layout-flow\">\n<figure class=\"wp-block-image size-full\"><img loading=\"lazy\" decoding=\"async\" width=\"800\" height=\"800\" src=\"https:\/\/moyahousehold.com\/wp-content\/uploads\/2026\/03\/4-5.png\" alt=\"MOYA 304 Stainless Steel Colander Bowl Set, Double Layer Drain Basket with Measuring Marks for Fruit Vegetable Washing\" class=\"wp-image-12259\" srcset=\"https:\/\/moyahousehold.com\/wp-content\/uploads\/2026\/03\/4-5.png 800w, https:\/\/moyahousehold.com\/wp-content\/uploads\/2026\/03\/4-5-300x300.png 300w, https:\/\/moyahousehold.com\/wp-content\/uploads\/2026\/03\/4-5-150x150.png 150w, https:\/\/moyahousehold.com\/wp-content\/uploads\/2026\/03\/4-5-768x768.png 768w, https:\/\/moyahousehold.com\/wp-content\/uploads\/2026\/03\/4-5-12x12.png 12w, https:\/\/moyahousehold.com\/wp-content\/uploads\/2026\/03\/4-5-285x285.png 285w, https:\/\/moyahousehold.com\/wp-content\/uploads\/2026\/03\/4-5-270x270.png 270w, https:\/\/moyahousehold.com\/wp-content\/uploads\/2026\/03\/4-5-540x540.png 540w, https:\/\/moyahousehold.com\/wp-content\/uploads\/2026\/03\/4-5-660x660.png 660w\" sizes=\"(max-width: 800px) 100vw, 800px\" \/><\/figure>\n<\/div>\n\n\n\n<div class=\"wp-block-column is-layout-flow wp-block-column-is-layout-flow\">\n<figure class=\"wp-block-image size-full\"><img loading=\"lazy\" decoding=\"async\" width=\"800\" height=\"800\" src=\"https:\/\/moyahousehold.com\/wp-content\/uploads\/2026\/03\/6-5.png\" alt=\"MOYA 304 Stainless Steel Colander Bowl Set, Double Layer Drain Basket with Measuring Marks for Fruit Vegetable Washing\" class=\"wp-image-12261\" srcset=\"https:\/\/moyahousehold.com\/wp-content\/uploads\/2026\/03\/6-5.png 800w, https:\/\/moyahousehold.com\/wp-content\/uploads\/2026\/03\/6-5-300x300.png 300w, https:\/\/moyahousehold.com\/wp-content\/uploads\/2026\/03\/6-5-150x150.png 150w, https:\/\/moyahousehold.com\/wp-content\/uploads\/2026\/03\/6-5-768x768.png 768w, https:\/\/moyahousehold.com\/wp-content\/uploads\/2026\/03\/6-5-12x12.png 12w, https:\/\/moyahousehold.com\/wp-content\/uploads\/2026\/03\/6-5-285x285.png 285w, https:\/\/moyahousehold.com\/wp-content\/uploads\/2026\/03\/6-5-270x270.png 270w, https:\/\/moyahousehold.com\/wp-content\/uploads\/2026\/03\/6-5-540x540.png 540w, https:\/\/moyahousehold.com\/wp-content\/uploads\/2026\/03\/6-5-660x660.png 660w\" sizes=\"(max-width: 800px) 100vw, 800px\" \/><\/figure>\n<\/div>\n<\/div>\n\n\n\n<div class=\"wp-block-columns is-layout-flex wp-container-core-columns-is-layout-9d6595d7 wp-block-columns-is-layout-flex\">\n<div class=\"wp-block-column is-layout-flow wp-block-column-is-layout-flow\">\n<figure class=\"wp-block-image size-full\"><img loading=\"lazy\" decoding=\"async\" width=\"3648\" height=\"5472\" src=\"https:\/\/moyahousehold.com\/wp-content\/uploads\/2026\/03\/4-13.jpg\" alt=\"MOYA 304 Stainless Steel Colander Bowl Set, Double Layer Drain Basket with Measuring Marks for Fruit Vegetable Washing\" class=\"wp-image-12267\" srcset=\"https:\/\/moyahousehold.com\/wp-content\/uploads\/2026\/03\/4-13.jpg 3648w, https:\/\/moyahousehold.com\/wp-content\/uploads\/2026\/03\/4-13-200x300.jpg 200w, https:\/\/moyahousehold.com\/wp-content\/uploads\/2026\/03\/4-13-768x1152.jpg 768w, https:\/\/moyahousehold.com\/wp-content\/uploads\/2026\/03\/4-13-8x12.jpg 8w, https:\/\/moyahousehold.com\/wp-content\/uploads\/2026\/03\/4-13-285x428.jpg 285w, https:\/\/moyahousehold.com\/wp-content\/uploads\/2026\/03\/4-13-1600x2400.jpg 1600w, https:\/\/moyahousehold.com\/wp-content\/uploads\/2026\/03\/4-13-440x660.jpg 440w, https:\/\/moyahousehold.com\/wp-content\/uploads\/2026\/03\/4-13-100x150.jpg 100w\" sizes=\"(max-width: 3648px) 100vw, 3648px\" \/><\/figure>\n<\/div>\n\n\n\n<div class=\"wp-block-column is-layout-flow wp-block-column-is-layout-flow\">\n<figure class=\"wp-block-image size-full\"><img loading=\"lazy\" decoding=\"async\" width=\"3648\" height=\"5472\" src=\"https:\/\/moyahousehold.com\/wp-content\/uploads\/2026\/03\/5-11.jpg\" alt=\"MOYA 304 Stainless Steel Colander Bowl Set, Double Layer Drain Basket with Measuring Marks for Fruit Vegetable Washing\" class=\"wp-image-12268\" srcset=\"https:\/\/moyahousehold.com\/wp-content\/uploads\/2026\/03\/5-11.jpg 3648w, https:\/\/moyahousehold.com\/wp-content\/uploads\/2026\/03\/5-11-200x300.jpg 200w, https:\/\/moyahousehold.com\/wp-content\/uploads\/2026\/03\/5-11-768x1152.jpg 768w, https:\/\/moyahousehold.com\/wp-content\/uploads\/2026\/03\/5-11-8x12.jpg 8w, https:\/\/moyahousehold.com\/wp-content\/uploads\/2026\/03\/5-11-285x428.jpg 285w, https:\/\/moyahousehold.com\/wp-content\/uploads\/2026\/03\/5-11-1600x2400.jpg 1600w, https:\/\/moyahousehold.com\/wp-content\/uploads\/2026\/03\/5-11-440x660.jpg 440w, https:\/\/moyahousehold.com\/wp-content\/uploads\/2026\/03\/5-11-100x150.jpg 100w\" sizes=\"(max-width: 3648px) 100vw, 3648px\" \/><\/figure>\n<\/div>\n<\/div>","protected":false},"excerpt":{"rendered":"<div class=\"inter-jQQQ8P\">\n<div class=\"container-PrUkKo\">\n<div class=\"item-hGGxLi\">\n<div class=\"container-arOxqB chrome70-container\">\n<div class=\"inner-FyM8gE inner-item-swzCut\" data-target-id=\"message-box-target-id\" data-testid=\"union_message\">\n<div class=\"message-block-container-aFugD6\" data-testid=\"message-block-container\">\n<div class=\"flex flex-row w-full w-full max-w-full s-font-base text-s-color-text-secondary p-0 rounded-s-radius-s bg-transparent group data-[attr=select-mode]:-mt-10 data-[attr=select-mode]:py-10 data-[attr=select-mode]:px-16 data-[attr=select-mode]:sm:p-10 data-[attr=select-mode]:hover:bg-s-color-bg-base data-[attr=select-mode]:hover:rounded-s-radius-xs data-[attr=select-mode]:has-[:checked]:bg-s-color-bg-trans data-[attr=select-mode]:has-[:checked]:rounded-s-radius-xs data-[attr=select-mode]:pointer-events-none\" data-testid=\"receive_message\">\n<div class=\"flex flex-col flex-grow max-w-full min-w-0\">\n<div class=\"flex flex-row w-full\" data-testid=\"message_content\" data-message-id=\"12338308568531714\">\n<div class=\"w-full\" data-plugin-identifier=\"Symbol(infra:receive-message-box:text)\">\n<div class=\"container-ZYIsnH flow-markdown-body theme-samantha-Nbr9UN\" dir=\"ltr\" data-testid=\"message_text_content\" data-show-indicator=\"false\">\n<h3 class=\"header-vfC6AV auto-hide-last-sibling-br\">Features and Benefits of Customizable Drain Basket<\/h3>\n<h3 class=\"header-vfC6AV auto-hide-last-sibling-br\">Material de acero inoxidable 304<\/h3>\n<div class=\"auto-hide-last-sibling-br paragraph-JOTKXA paragraph-element br-paragraph-space\">Fabricada en acero inoxidable 304 de alta calidad, con la pared interior pulida. Evita que los alimentos se peguen, facilita la limpieza y garantiza una larga durabilidad.<\/div>\n<h3 class=\"header-vfC6AV auto-hide-last-sibling-br\">Marcas de volumen incorporadas<\/h3>\n<div class=\"auto-hide-last-sibling-br paragraph-JOTKXA paragraph-element br-paragraph-space\">This drain basket comes with clear and easy &#8211; to &#8211; read built &#8211; in volume markings. It helps you precisely control ingredient amounts, avoid waste, and guarantee perfect flavors for every dish.<\/div>\n<h3 class=\"header-vfC6AV auto-hide-last-sibling-br\">Uso vers\u00e1til<\/h3>\n<div class=\"auto-hide-last-sibling-br paragraph-JOTKXA paragraph-element br-paragraph-space\">Ideal for washing rice, cleaning vegetables, fruits, or straining small &#8211; grained ingredients, meeting various kitchen needs.<\/div>\n<h3 class=\"header-vfC6AV auto-hide-last-sibling-br\">Servicios de personalizaci\u00f3n<\/h3>\n<div class=\"auto-hide-last-sibling-br paragraph-JOTKXA paragraph-element br-paragraph-space\">As a manufacturer, we offer OEM &amp; ODM options. Customize appearance, size, and logo to create your unique, brand &#8211; aligned drain basket. Contact us for tailored solutions.<\/div>\n<\/div>\n<\/div>\n<\/div>\n<\/div>\n<\/div>\n<\/div>\n<\/div>\n<\/div>\n<\/div>\n<\/div>\n<\/div>","protected":false},"featured_media":12270,"comment_status":"open","ping_status":"closed","template":"","meta":[],"product_cat":[55,56],"product_tag":[120,122,121],"class_list":{"0":"post-12258","1":"product","2":"type-product","3":"status-publish","4":"has-post-thumbnail","6":"product_cat-salad-bowl-wholesale","7":"product_cat-stainless-steel-cookware-wholesale","8":"product_tag-drain-basket","9":"product_tag-fruit-basket","10":"product_tag-vegetable-basin","12":"first","13":"instock","14":"shipping-taxable","15":"product-type-simple"},"_links":{"self":[{"href":"https:\/\/moyahousehold.com\/es\/wp-json\/wp\/v2\/product\/12258","targetHints":{"allow":["GET"]}}],"collection":[{"href":"https:\/\/moyahousehold.com\/es\/wp-json\/wp\/v2\/product"}],"about":[{"href":"https:\/\/moyahousehold.com\/es\/wp-json\/wp\/v2\/types\/product"}],"replies":[{"embeddable":true,"href":"https:\/\/moyahousehold.com\/es\/wp-json\/wp\/v2\/comments?post=12258"}],"version-history":[{"count":0,"href":"https:\/\/moyahousehold.com\/es\/wp-json\/wp\/v2\/product\/12258\/revisions"}],"wp:featuredmedia":[{"embeddable":true,"href":"https:\/\/moyahousehold.com\/es\/wp-json\/wp\/v2\/media\/12270"}],"wp:attachment":[{"href":"https:\/\/moyahousehold.com\/es\/wp-json\/wp\/v2\/media?parent=12258"}],"wp:term":[{"taxonomy":"product_cat","embeddable":true,"href":"https:\/\/moyahousehold.com\/es\/wp-json\/wp\/v2\/product_cat?post=12258"},{"taxonomy":"product_tag","embeddable":true,"href":"https:\/\/moyahousehold.com\/es\/wp-json\/wp\/v2\/product_tag?post=12258"}],"curies":[{"name":"wp","href":"https:\/\/api.w.org\/{rel}","templated":true}]}}