{"id":12496,"date":"2026-04-02T02:50:18","date_gmt":"2026-04-02T02:24:03","guid":{"rendered":"https:\/\/moyahousehold.com\/?post_type=product&#038;p=12496"},"modified":"2026-04-02T03:28:11","modified_gmt":"2026-04-02T03:28:11","slug":"304-stainless-steel-large-capacity-airtight-food-storage-containers-refrigerator-fresh-keeping-boxes-for-kitchen","status":"publish","type":"product","link":"https:\/\/moyahousehold.com\/es\/producto\/304-stainless-steel-large-capacity-airtight-food-storage-containers-refrigerator-fresh-keeping-boxes-for-kitchen\/","title":{"rendered":"304 Stainless Steel Large Capacity Airtight Food Storage Containers, Refrigerator Fresh-Keeping Boxes for Kitchen"},"content":{"rendered":"<p><strong>Material:<\/strong> 304 + PP + Silicone<strong> Color:<\/strong> Acero\/beige\/caqui<\/p>\n\n\n\n<figure class=\"wp-block-table\"><table class=\"has-fixed-layout\"><tbody><tr><td>Art\u00edculo<\/td><td>Material<\/td><td>Capacidad<\/td><td>Talla\/PCS<\/td><td>PCS\/Caja<\/td><td>N.W.\/PCS<\/td><td>G.W.\/Caso<\/td><\/tr><tr><td>MYJD309<\/td><td rowspan=\"7\">Acero<\/td><td>700 ml<\/td><td>17*11*7<\/td><td>60<\/td><td>0.31&nbsp;<\/td><td>19.72&nbsp;<\/td><\/tr><tr><td>MYJD310<\/td><td>1080 ml<\/td><td>17*11*10<\/td><td>50<\/td><td>0.37&nbsp;<\/td><td>19.50&nbsp;<\/td><\/tr><tr><td>MYJD311<\/td><td>1200 ml<\/td><td>17*17*7<\/td><td>56<\/td><td>0.43&nbsp;<\/td><td>25.08&nbsp;<\/td><\/tr><tr><td>MYJD312<\/td><td>1800 ml<\/td><td>17*17*10<\/td><td>48<\/td><td>0.49&nbsp;<\/td><td>24.71&nbsp;<\/td><\/tr><tr><td>MYJD313<\/td><td>2000 ml<\/td><td>28*17*7<\/td><td>36<\/td><td>0.68&nbsp;<\/td><td>25.55&nbsp;<\/td><\/tr><tr><td>MYJD314<\/td><td>3200 ml<\/td><td>28*17*10<\/td><td>30<\/td><td>0.79&nbsp;<\/td><td>24.70&nbsp;<\/td><\/tr><tr><td>MYJD315<\/td><td>1000 ml<\/td><td>13.1*13.1*9.8<\/td><td>60<\/td><td>0.25&nbsp;<\/td><td>16.12&nbsp;<\/td><\/tr><tr><td>MYJD316<\/td><td rowspan=\"7\">Khaki\/Beige<\/td><td>700 ml<\/td><td>17*11*7<\/td><td>60<\/td><td>0.32&nbsp;<\/td><td>19.96&nbsp;<\/td><\/tr><tr><td>MYJD317<\/td><td>1080 ml<\/td><td>17*11*10<\/td><td>50<\/td><td>0.38&nbsp;<\/td><td>19.75&nbsp;<\/td><\/tr><tr><td>MYJD318<\/td><td>1200 ml<\/td><td>17*17*7<\/td><td>56<\/td><td>0.43&nbsp;<\/td><td>25.25&nbsp;<\/td><\/tr><tr><td>MYJD319<\/td><td>1800 ml<\/td><td>17*17*10<\/td><td>48<\/td><td>0.50&nbsp;<\/td><td>25.19&nbsp;<\/td><\/tr><tr><td>MYJD320<\/td><td>2000 ml<\/td><td>28*17*7<\/td><td>36<\/td><td>0.70&nbsp;<\/td><td>26.02&nbsp;<\/td><\/tr><tr><td>MYJD321<\/td><td>3200 ml<\/td><td>28*17*10<\/td><td>30<\/td><td>0.80&nbsp;<\/td><td>24.94&nbsp;<\/td><\/tr><tr><td>MYJD322<\/td><td>1000 ml<\/td><td>13.1*13.1*9.8<\/td><td>60<\/td><td>0.26&nbsp;<\/td><td>16.36&nbsp;<\/td><\/tr><\/tbody><\/table><\/figure>\n\n\n\n<h3 class=\"wp-block-heading\">Opciones de fiambreras personalizadas<\/h3>\n\n\n\n<p><strong>Logotipo<\/strong>: Customize your brand logo on the stainless steel bento box and packaging.<br><strong>Opciones de logotipo<\/strong>: Printed logo, laser engraved logo, etc.<br><strong>Patr\u00f3n<\/strong>: Printing patterns on products and packaging.<br><strong>Tecnolog\u00eda de impresi\u00f3n<\/strong>: Water transfer printing, silk screen printing, heat transfer printing, sublimation transfer, etc.<br><strong>Embalaje:<\/strong> Color box.<br><a href=\"https:\/\/moyahousehold.com\/es\/solucion-personalizada\/\"><strong>M\u00e1s informaci\u00f3n sobre soluciones de fiambreras personalizadas.<\/strong><\/a><\/p>\n\n\n\n<div class=\"wp-block-columns is-layout-flex wp-container-core-columns-is-layout-9d6595d7 wp-block-columns-is-layout-flex\">\n<div class=\"wp-block-column is-layout-flow wp-block-column-is-layout-flow\">\n<figure class=\"wp-block-image size-full\"><img fetchpriority=\"high\" decoding=\"async\" width=\"3886\" height=\"3886\" src=\"https:\/\/moyahousehold.com\/wp-content\/uploads\/2025\/06\/Vacuum-Stainless-Steel-Crisper-1_\u526f\u672c-1.webp\" alt=\"Crisper de acero inoxidable al vac\u00edo\" class=\"wp-image-11151\" srcset=\"https:\/\/moyahousehold.com\/wp-content\/uploads\/2025\/06\/Vacuum-Stainless-Steel-Crisper-1_\u526f\u672c-1.webp 3886w, https:\/\/moyahousehold.com\/wp-content\/uploads\/2025\/06\/Vacuum-Stainless-Steel-Crisper-1_\u526f\u672c-1-300x300.webp 300w, https:\/\/moyahousehold.com\/wp-content\/uploads\/2025\/06\/Vacuum-Stainless-Steel-Crisper-1_\u526f\u672c-1-150x150.webp 150w, https:\/\/moyahousehold.com\/wp-content\/uploads\/2025\/06\/Vacuum-Stainless-Steel-Crisper-1_\u526f\u672c-1-768x768.webp 768w, https:\/\/moyahousehold.com\/wp-content\/uploads\/2025\/06\/Vacuum-Stainless-Steel-Crisper-1_\u526f\u672c-1-12x12.webp 12w, https:\/\/moyahousehold.com\/wp-content\/uploads\/2025\/06\/Vacuum-Stainless-Steel-Crisper-1_\u526f\u672c-1-285x285.webp 285w, https:\/\/moyahousehold.com\/wp-content\/uploads\/2025\/06\/Vacuum-Stainless-Steel-Crisper-1_\u526f\u672c-1-1600x1600.webp 1600w, https:\/\/moyahousehold.com\/wp-content\/uploads\/2025\/06\/Vacuum-Stainless-Steel-Crisper-1_\u526f\u672c-1-270x270.webp 270w, https:\/\/moyahousehold.com\/wp-content\/uploads\/2025\/06\/Vacuum-Stainless-Steel-Crisper-1_\u526f\u672c-1-540x540.webp 540w, https:\/\/moyahousehold.com\/wp-content\/uploads\/2025\/06\/Vacuum-Stainless-Steel-Crisper-1_\u526f\u672c-1-660x660.webp 660w\" sizes=\"(max-width: 3886px) 100vw, 3886px\" \/><\/figure>\n<\/div>\n\n\n\n<div class=\"wp-block-column is-layout-flow wp-block-column-is-layout-flow\">\n<figure class=\"wp-block-image size-full\"><img decoding=\"async\" width=\"3912\" height=\"3912\" src=\"https:\/\/moyahousehold.com\/wp-content\/uploads\/2025\/06\/Vacuum-Stainless-Steel-Crisper-2_\u526f\u672c-1.webp\" alt=\"Crisper de acero inoxidable al vac\u00edo\" class=\"wp-image-11152\" srcset=\"https:\/\/moyahousehold.com\/wp-content\/uploads\/2025\/06\/Vacuum-Stainless-Steel-Crisper-2_\u526f\u672c-1.webp 3912w, https:\/\/moyahousehold.com\/wp-content\/uploads\/2025\/06\/Vacuum-Stainless-Steel-Crisper-2_\u526f\u672c-1-300x300.webp 300w, https:\/\/moyahousehold.com\/wp-content\/uploads\/2025\/06\/Vacuum-Stainless-Steel-Crisper-2_\u526f\u672c-1-150x150.webp 150w, https:\/\/moyahousehold.com\/wp-content\/uploads\/2025\/06\/Vacuum-Stainless-Steel-Crisper-2_\u526f\u672c-1-768x768.webp 768w, https:\/\/moyahousehold.com\/wp-content\/uploads\/2025\/06\/Vacuum-Stainless-Steel-Crisper-2_\u526f\u672c-1-12x12.webp 12w, https:\/\/moyahousehold.com\/wp-content\/uploads\/2025\/06\/Vacuum-Stainless-Steel-Crisper-2_\u526f\u672c-1-285x285.webp 285w, https:\/\/moyahousehold.com\/wp-content\/uploads\/2025\/06\/Vacuum-Stainless-Steel-Crisper-2_\u526f\u672c-1-1600x1600.webp 1600w, https:\/\/moyahousehold.com\/wp-content\/uploads\/2025\/06\/Vacuum-Stainless-Steel-Crisper-2_\u526f\u672c-1-270x270.webp 270w, https:\/\/moyahousehold.com\/wp-content\/uploads\/2025\/06\/Vacuum-Stainless-Steel-Crisper-2_\u526f\u672c-1-540x540.webp 540w, https:\/\/moyahousehold.com\/wp-content\/uploads\/2025\/06\/Vacuum-Stainless-Steel-Crisper-2_\u526f\u672c-1-660x660.webp 660w\" sizes=\"(max-width: 3912px) 100vw, 3912px\" \/><\/figure>\n<\/div>\n<\/div>\n\n\n\n<div class=\"wp-block-columns is-layout-flex wp-container-core-columns-is-layout-9d6595d7 wp-block-columns-is-layout-flex\">\n<div class=\"wp-block-column is-layout-flow wp-block-column-is-layout-flow\">\n<figure class=\"wp-block-image size-full\"><img decoding=\"async\" width=\"3778\" height=\"3778\" src=\"https:\/\/moyahousehold.com\/wp-content\/uploads\/2025\/06\/Vacuum-Stainless-Steel-Crisper-3_\u526f\u672c-1.webp\" alt=\"Crisper de acero inoxidable al vac\u00edo\" class=\"wp-image-11153\" srcset=\"https:\/\/moyahousehold.com\/wp-content\/uploads\/2025\/06\/Vacuum-Stainless-Steel-Crisper-3_\u526f\u672c-1.webp 3778w, https:\/\/moyahousehold.com\/wp-content\/uploads\/2025\/06\/Vacuum-Stainless-Steel-Crisper-3_\u526f\u672c-1-300x300.webp 300w, https:\/\/moyahousehold.com\/wp-content\/uploads\/2025\/06\/Vacuum-Stainless-Steel-Crisper-3_\u526f\u672c-1-150x150.webp 150w, https:\/\/moyahousehold.com\/wp-content\/uploads\/2025\/06\/Vacuum-Stainless-Steel-Crisper-3_\u526f\u672c-1-768x768.webp 768w, https:\/\/moyahousehold.com\/wp-content\/uploads\/2025\/06\/Vacuum-Stainless-Steel-Crisper-3_\u526f\u672c-1-12x12.webp 12w, https:\/\/moyahousehold.com\/wp-content\/uploads\/2025\/06\/Vacuum-Stainless-Steel-Crisper-3_\u526f\u672c-1-285x285.webp 285w, https:\/\/moyahousehold.com\/wp-content\/uploads\/2025\/06\/Vacuum-Stainless-Steel-Crisper-3_\u526f\u672c-1-1600x1600.webp 1600w, https:\/\/moyahousehold.com\/wp-content\/uploads\/2025\/06\/Vacuum-Stainless-Steel-Crisper-3_\u526f\u672c-1-270x270.webp 270w, https:\/\/moyahousehold.com\/wp-content\/uploads\/2025\/06\/Vacuum-Stainless-Steel-Crisper-3_\u526f\u672c-1-540x540.webp 540w, https:\/\/moyahousehold.com\/wp-content\/uploads\/2025\/06\/Vacuum-Stainless-Steel-Crisper-3_\u526f\u672c-1-660x660.webp 660w\" sizes=\"(max-width: 3778px) 100vw, 3778px\" \/><\/figure>\n<\/div>\n\n\n\n<div class=\"wp-block-column is-layout-flow wp-block-column-is-layout-flow\">\n<figure class=\"wp-block-image size-full\"><img loading=\"lazy\" decoding=\"async\" width=\"4029\" height=\"4029\" src=\"https:\/\/moyahousehold.com\/wp-content\/uploads\/2025\/06\/Vacuum-Stainless-Steel-Crisper-26_\u526f\u672c-1.webp\" alt=\"Crisper de acero inoxidable al vac\u00edo\" class=\"wp-image-11176\" srcset=\"https:\/\/moyahousehold.com\/wp-content\/uploads\/2025\/06\/Vacuum-Stainless-Steel-Crisper-26_\u526f\u672c-1.webp 4029w, https:\/\/moyahousehold.com\/wp-content\/uploads\/2025\/06\/Vacuum-Stainless-Steel-Crisper-26_\u526f\u672c-1-300x300.webp 300w, https:\/\/moyahousehold.com\/wp-content\/uploads\/2025\/06\/Vacuum-Stainless-Steel-Crisper-26_\u526f\u672c-1-150x150.webp 150w, https:\/\/moyahousehold.com\/wp-content\/uploads\/2025\/06\/Vacuum-Stainless-Steel-Crisper-26_\u526f\u672c-1-768x768.webp 768w, https:\/\/moyahousehold.com\/wp-content\/uploads\/2025\/06\/Vacuum-Stainless-Steel-Crisper-26_\u526f\u672c-1-12x12.webp 12w, https:\/\/moyahousehold.com\/wp-content\/uploads\/2025\/06\/Vacuum-Stainless-Steel-Crisper-26_\u526f\u672c-1-285x285.webp 285w, https:\/\/moyahousehold.com\/wp-content\/uploads\/2025\/06\/Vacuum-Stainless-Steel-Crisper-26_\u526f\u672c-1-1600x1600.webp 1600w, https:\/\/moyahousehold.com\/wp-content\/uploads\/2025\/06\/Vacuum-Stainless-Steel-Crisper-26_\u526f\u672c-1-270x270.webp 270w, https:\/\/moyahousehold.com\/wp-content\/uploads\/2025\/06\/Vacuum-Stainless-Steel-Crisper-26_\u526f\u672c-1-540x540.webp 540w, https:\/\/moyahousehold.com\/wp-content\/uploads\/2025\/06\/Vacuum-Stainless-Steel-Crisper-26_\u526f\u672c-1-660x660.webp 660w\" sizes=\"(max-width: 4029px) 100vw, 4029px\" \/><\/figure>\n<\/div>\n<\/div>\n\n\n\n<div class=\"wp-block-columns is-layout-flex wp-container-core-columns-is-layout-9d6595d7 wp-block-columns-is-layout-flex\">\n<div class=\"wp-block-column is-layout-flow wp-block-column-is-layout-flow\">\n<figure class=\"wp-block-image size-full\"><img loading=\"lazy\" decoding=\"async\" width=\"4160\" height=\"4160\" src=\"https:\/\/moyahousehold.com\/wp-content\/uploads\/2026\/04\/\u4e3b\u56fe2.jpg\" alt=\"MOYA 304 Stainless Steel Vacuum Sealed Food Storage Containers, Airtight Fresh-Keeping Boxes with Date Dial for Refrigerator\" class=\"wp-image-12522\" srcset=\"https:\/\/moyahousehold.com\/wp-content\/uploads\/2026\/04\/\u4e3b\u56fe2.jpg 4160w, https:\/\/moyahousehold.com\/wp-content\/uploads\/2026\/04\/\u4e3b\u56fe2-300x300.jpg 300w, https:\/\/moyahousehold.com\/wp-content\/uploads\/2026\/04\/\u4e3b\u56fe2-150x150.jpg 150w, https:\/\/moyahousehold.com\/wp-content\/uploads\/2026\/04\/\u4e3b\u56fe2-768x768.jpg 768w, https:\/\/moyahousehold.com\/wp-content\/uploads\/2026\/04\/\u4e3b\u56fe2-12x12.jpg 12w, https:\/\/moyahousehold.com\/wp-content\/uploads\/2026\/04\/\u4e3b\u56fe2-285x285.jpg 285w, https:\/\/moyahousehold.com\/wp-content\/uploads\/2026\/04\/\u4e3b\u56fe2-1600x1600.jpg 1600w, https:\/\/moyahousehold.com\/wp-content\/uploads\/2026\/04\/\u4e3b\u56fe2-270x270.jpg 270w, https:\/\/moyahousehold.com\/wp-content\/uploads\/2026\/04\/\u4e3b\u56fe2-540x540.jpg 540w, https:\/\/moyahousehold.com\/wp-content\/uploads\/2026\/04\/\u4e3b\u56fe2-660x660.jpg 660w\" sizes=\"(max-width: 4160px) 100vw, 4160px\" \/><\/figure>\n<\/div>\n\n\n\n<div class=\"wp-block-column is-layout-flow wp-block-column-is-layout-flow\">\n<figure class=\"wp-block-image size-full\"><img loading=\"lazy\" decoding=\"async\" width=\"4160\" height=\"4160\" src=\"https:\/\/moyahousehold.com\/wp-content\/uploads\/2026\/04\/\u4e3b\u56fe4.jpg\" alt=\"MOYA 304 Stainless Steel Vacuum Sealed Food Storage Containers, Airtight Fresh-Keeping Boxes with Date Dial for Refrigerator\" class=\"wp-image-12523\" srcset=\"https:\/\/moyahousehold.com\/wp-content\/uploads\/2026\/04\/\u4e3b\u56fe4.jpg 4160w, https:\/\/moyahousehold.com\/wp-content\/uploads\/2026\/04\/\u4e3b\u56fe4-300x300.jpg 300w, https:\/\/moyahousehold.com\/wp-content\/uploads\/2026\/04\/\u4e3b\u56fe4-150x150.jpg 150w, https:\/\/moyahousehold.com\/wp-content\/uploads\/2026\/04\/\u4e3b\u56fe4-768x768.jpg 768w, https:\/\/moyahousehold.com\/wp-content\/uploads\/2026\/04\/\u4e3b\u56fe4-12x12.jpg 12w, https:\/\/moyahousehold.com\/wp-content\/uploads\/2026\/04\/\u4e3b\u56fe4-285x285.jpg 285w, https:\/\/moyahousehold.com\/wp-content\/uploads\/2026\/04\/\u4e3b\u56fe4-1600x1600.jpg 1600w, https:\/\/moyahousehold.com\/wp-content\/uploads\/2026\/04\/\u4e3b\u56fe4-270x270.jpg 270w, https:\/\/moyahousehold.com\/wp-content\/uploads\/2026\/04\/\u4e3b\u56fe4-540x540.jpg 540w, https:\/\/moyahousehold.com\/wp-content\/uploads\/2026\/04\/\u4e3b\u56fe4-660x660.jpg 660w\" sizes=\"(max-width: 4160px) 100vw, 4160px\" \/><\/figure>\n<\/div>\n<\/div>","protected":false},"excerpt":{"rendered":"<h3 class=\"header-OdWb_u auto-hide-last-sibling-br\">Mayorista de Envases de Acero Inoxidable para Conservas con Tapa de Acero - Frescura Sellada, Soluciones a Medida<\/h3>\n<h4 class=\"header-OdWb_u auto-hide-last-sibling-br\">Principales ventajas del producto<\/h4>\n<div class=\"auto-hide-last-sibling-br paragraph-Oc488D paragraph-element br-paragraph-space\"><strong>Material de acero inoxidable de calidad alimentaria<\/strong><br class=\"container-Vdm5p7 wrapper-_7axQ_ undefined\" \/>Fabricado en acero inoxidable de calidad alimentaria, certificado por instituciones autorizadas, que garantiza la ausencia de toxinas, la resistencia a la corrosi\u00f3n y la ausencia de olores. F\u00e1cil de limpiar y seguro para el contacto directo con alimentos, salvaguardando la salud diet\u00e9tica.<\/div>\n<div>\u00a0<\/div>\n<div class=\"auto-hide-last-sibling-br paragraph-Oc488D paragraph-element br-paragraph-space\"><strong>Dise\u00f1o de tapa de acero sellada de alta eficiencia<\/strong><br class=\"container-Vdm5p7 wrapper-_7axQ_ undefined\" \/>Equipado con una tapa de acero herm\u00e9tica y un anillo de sellado de silicona, formando un fuerte espacio herm\u00e9tico. Bloquea eficazmente el aire y la humedad, evita que se mezclen los olores de los alimentos y que se estropeen, prolongando considerablemente su frescura. Mantiene la calidad de los alimentos refrigerados o almacenados a temperatura ambiente.<\/div>\n<div>\u00a0<\/div>\n<div class=\"auto-hide-last-sibling-br paragraph-Oc488D paragraph-element br-paragraph-space\"><strong>Diversos tama\u00f1os y especificaciones<\/strong><br class=\"container-Vdm5p7 wrapper-_7axQ_ undefined\" \/>Ofrece una amplia gama de tama\u00f1os y capacidades, desde minicontenedores para salsas y aperitivos hasta grandes contenedores para comidas familiares. Se adapta a diferentes situaciones de almacenamiento de alimentos y satisface diversas necesidades de uso.<\/div>\n<div>\u00a0<\/div>\n<div class=\"auto-hide-last-sibling-br paragraph-Oc488D paragraph-element br-paragraph-space\"><strong>Servicios de personalizaci\u00f3n<\/strong><br class=\"container-Vdm5p7 wrapper-_7axQ_ undefined\" \/>Admite personalizaci\u00f3n OEM y ODM: adapte los patrones de la tapa de acero, los colores del recipiente, los logotipos de la marca, etc. Perfectos para uso dom\u00e9stico personalizado, regalos de empresa o art\u00edculos promocionales, crean productos exclusivos acordes con la imagen de marca.<\/div>\n<div>\u00a0<\/div>\n<div class=\"auto-hide-last-sibling-br paragraph-Oc488D paragraph-element br-paragraph-space\"><strong>Descuentos por compras al por mayor<\/strong><br class=\"container-Vdm5p7 wrapper-_7axQ_ undefined\" \/>Ofrece precios atractivos para mayoristas, minoristas y clientes corporativos. Los pedidos m\u00e1s grandes implican mayores descuentos, con modelos de cooperaci\u00f3n flexibles para reducir los costes de adquisici\u00f3n.<\/div>","protected":false},"featured_media":11154,"comment_status":"closed","ping_status":"closed","template":"","meta":[],"product_cat":[57],"product_tag":[87,92],"class_list":{"0":"post-12496","1":"product","2":"type-product","3":"status-publish","4":"has-post-thumbnail","6":"product_cat-food-storage-container-wholesale","7":"product_tag-wholesale-multi-compartment-lunch-box","8":"product_tag-wholesale-rectangle-lunch-box","10":"first","11":"instock","12":"shipping-taxable","13":"product-type-simple"},"_links":{"self":[{"href":"https:\/\/moyahousehold.com\/es\/wp-json\/wp\/v2\/product\/12496","targetHints":{"allow":["GET"]}}],"collection":[{"href":"https:\/\/moyahousehold.com\/es\/wp-json\/wp\/v2\/product"}],"about":[{"href":"https:\/\/moyahousehold.com\/es\/wp-json\/wp\/v2\/types\/product"}],"replies":[{"embeddable":true,"href":"https:\/\/moyahousehold.com\/es\/wp-json\/wp\/v2\/comments?post=12496"}],"version-history":[{"count":1,"href":"https:\/\/moyahousehold.com\/es\/wp-json\/wp\/v2\/product\/12496\/revisions"}],"predecessor-version":[{"id":13101,"href":"https:\/\/moyahousehold.com\/es\/wp-json\/wp\/v2\/product\/12496\/revisions\/13101"}],"wp:featuredmedia":[{"embeddable":true,"href":"https:\/\/moyahousehold.com\/es\/wp-json\/wp\/v2\/media\/11154"}],"wp:attachment":[{"href":"https:\/\/moyahousehold.com\/es\/wp-json\/wp\/v2\/media?parent=12496"}],"wp:term":[{"taxonomy":"product_cat","embeddable":true,"href":"https:\/\/moyahousehold.com\/es\/wp-json\/wp\/v2\/product_cat?post=12496"},{"taxonomy":"product_tag","embeddable":true,"href":"https:\/\/moyahousehold.com\/es\/wp-json\/wp\/v2\/product_tag?post=12496"}],"curies":[{"name":"wp","href":"https:\/\/api.w.org\/{rel}","templated":true}]}}