{"id":12623,"date":"2026-04-06T06:22:55","date_gmt":"2026-04-06T01:39:13","guid":{"rendered":"https:\/\/moyahousehold.com\/?post_type=product&#038;p=12623"},"modified":"2026-04-06T06:42:02","modified_gmt":"2026-04-06T06:42:02","slug":"detachable-handle-cookware-set-space-saving-304-stainless-steel-pots-pans-with-deep-design-oven-safe-lids","status":"publish","type":"product","link":"https:\/\/moyahousehold.com\/es\/producto\/detachable-handle-cookware-set-space-saving-304-stainless-steel-pots-pans-with-deep-design-oven-safe-lids\/","title":{"rendered":"Detachable Handle Cookware Set\u2014Space Saving 304 Stainless Steel Pots &amp; Pans with Deep Design &amp; Oven-Safe Lids"},"content":{"rendered":"<p>Ollas y sartenes todo en uno para cocinar con seguridad y estilo<\/p>\n\n\n\n<figure class=\"wp-block-image size-full is-style-default\"><img fetchpriority=\"high\" decoding=\"async\" width=\"3360\" height=\"2240\" src=\"https:\/\/moyahousehold.com\/wp-content\/uploads\/2026\/04\/BX\u53ef\u62c6\u5378\u624b\u67c4\u9505\u5177\u5957\u88c5-23.jpg\" alt=\"Modular Stainless Steel Cookware Set with Detachable Handles, 3 - Piece Pots &amp; Pans for Kitchen, Induction Compatible, Space - Saving Design\" class=\"wp-image-12628\" srcset=\"https:\/\/moyahousehold.com\/wp-content\/uploads\/2026\/04\/BX\u53ef\u62c6\u5378\u624b\u67c4\u9505\u5177\u5957\u88c5-23.jpg 3360w, https:\/\/moyahousehold.com\/wp-content\/uploads\/2026\/04\/BX\u53ef\u62c6\u5378\u624b\u67c4\u9505\u5177\u5957\u88c5-23-300x200.jpg 300w, https:\/\/moyahousehold.com\/wp-content\/uploads\/2026\/04\/BX\u53ef\u62c6\u5378\u624b\u67c4\u9505\u5177\u5957\u88c5-23-768x512.jpg 768w, https:\/\/moyahousehold.com\/wp-content\/uploads\/2026\/04\/BX\u53ef\u62c6\u5378\u624b\u67c4\u9505\u5177\u5957\u88c5-23-18x12.jpg 18w, https:\/\/moyahousehold.com\/wp-content\/uploads\/2026\/04\/BX\u53ef\u62c6\u5378\u624b\u67c4\u9505\u5177\u5957\u88c5-23-285x190.jpg 285w, https:\/\/moyahousehold.com\/wp-content\/uploads\/2026\/04\/BX\u53ef\u62c6\u5378\u624b\u67c4\u9505\u5177\u5957\u88c5-23-1600x1067.jpg 1600w, https:\/\/moyahousehold.com\/wp-content\/uploads\/2026\/04\/BX\u53ef\u62c6\u5378\u624b\u67c4\u9505\u5177\u5957\u88c5-23-660x440.jpg 660w, https:\/\/moyahousehold.com\/wp-content\/uploads\/2026\/04\/BX\u53ef\u62c6\u5378\u624b\u67c4\u9505\u5177\u5957\u88c5-23-150x100.jpg 150w\" sizes=\"(max-width: 3360px) 100vw, 3360px\" \/><\/figure>\n\n\n\n<p><strong>Material:<\/strong> 304 Stainless Steel + PP <strong> Color:<\/strong> Nature<\/p>\n\n\n\n<figure class=\"wp-block-table\"><table class=\"has-fixed-layout\"><tbody><tr><td class=\"has-text-align-center\" data-align=\"center\"><strong>Art\u00edculo<\/strong><\/td><td class=\"has-text-align-center\" data-align=\"center\"><strong>Material<\/strong><\/td><td><strong>Tama\u00f1o del producto<\/strong><\/td><td class=\"has-text-align-center\" data-align=\"center\"><strong>Color<\/strong><\/td><\/tr><tr><td class=\"has-text-align-center\" data-align=\"center\">MYBX001<\/td><td class=\"has-text-align-center\" data-align=\"center\" rowspan=\"3\">SUS304 + PP<\/td><td>Shallow Frying Pan:20*5cm<br>Deep Frying Pan:20*5.5cm<br>Cooking Bowl:24*8cm<br>Steamer\/Steaming Rack:20*9cm<\/td><td class=\"has-text-align-center\" data-align=\"center\" rowspan=\"3\">Nature Body + White Lid\/<br>Black Lid<\/td><\/tr><\/tbody><\/table><\/figure>\n\n\n\n<h3 class=\"wp-block-heading\">Custom 304 Stainless Steel Cookware Set Options<\/h3>\n\n\n\n<p><strong>Logotipo<\/strong>: Customize your brand logo on the stainless steel pot and packaging.<br><strong>Logo Options<\/strong>: Printed logo, laser engraved logo, etc.<br><strong>Patr\u00f3n<\/strong>: Printing patterns on products and packaging.<br><strong>Tecnolog\u00eda de impresi\u00f3n<\/strong>: Water transfer printing, silk screen printing, heat transfer printing, sublimation transfer, etc.<br><strong>Embalaje:<\/strong> Color box.<br><a href=\"https:\/\/moyahousehold.com\/es\/solucion-personalizada\/\"><strong>M\u00e1s informaci\u00f3n sobre soluciones de macetas a medida.<\/strong><\/a><\/p>\n\n\n\n<div class=\"wp-block-columns is-layout-flex wp-container-core-columns-is-layout-9d6595d7 wp-block-columns-is-layout-flex\">\n<div class=\"wp-block-column is-layout-flow wp-block-column-is-layout-flow\" style=\"flex-basis:100%\">\n<div class=\"wp-block-group is-nowrap is-layout-flex wp-container-core-group-is-layout-ad2f72ca wp-block-group-is-layout-flex\">\n<div class=\"wp-block-columns is-layout-flex wp-container-core-columns-is-layout-9d6595d7 wp-block-columns-is-layout-flex\">\n<div class=\"wp-block-column is-layout-flow wp-block-column-is-layout-flow\">\n<figure class=\"wp-block-image size-full\"><img decoding=\"async\" width=\"800\" height=\"800\" src=\"https:\/\/moyahousehold.com\/wp-content\/uploads\/2026\/04\/1-6.jpg\" alt=\"Modular Stainless Steel Cookware Set with Detachable Handles, 3 - Piece Pots &amp; Pans for Kitchen, Induction Compatible, Space - Saving Design\" class=\"wp-image-12624\" srcset=\"https:\/\/moyahousehold.com\/wp-content\/uploads\/2026\/04\/1-6.jpg 800w, https:\/\/moyahousehold.com\/wp-content\/uploads\/2026\/04\/1-6-300x300.jpg 300w, https:\/\/moyahousehold.com\/wp-content\/uploads\/2026\/04\/1-6-150x150.jpg 150w, https:\/\/moyahousehold.com\/wp-content\/uploads\/2026\/04\/1-6-768x768.jpg 768w, https:\/\/moyahousehold.com\/wp-content\/uploads\/2026\/04\/1-6-12x12.jpg 12w, https:\/\/moyahousehold.com\/wp-content\/uploads\/2026\/04\/1-6-285x285.jpg 285w, https:\/\/moyahousehold.com\/wp-content\/uploads\/2026\/04\/1-6-270x270.jpg 270w, https:\/\/moyahousehold.com\/wp-content\/uploads\/2026\/04\/1-6-540x540.jpg 540w, https:\/\/moyahousehold.com\/wp-content\/uploads\/2026\/04\/1-6-660x660.jpg 660w\" sizes=\"(max-width: 800px) 100vw, 800px\" \/><\/figure>\n<\/div>\n\n\n\n<div class=\"wp-block-column is-layout-flow wp-block-column-is-layout-flow\">\n<figure class=\"wp-block-image size-full\"><img decoding=\"async\" width=\"800\" height=\"800\" src=\"https:\/\/moyahousehold.com\/wp-content\/uploads\/2026\/04\/2-4.jpg\" alt=\"Modular Stainless Steel Cookware Set with Detachable Handles, 3 - Piece Pots &amp; Pans for Kitchen, Induction Compatible, Space - Saving Design\" class=\"wp-image-12625\" srcset=\"https:\/\/moyahousehold.com\/wp-content\/uploads\/2026\/04\/2-4.jpg 800w, https:\/\/moyahousehold.com\/wp-content\/uploads\/2026\/04\/2-4-300x300.jpg 300w, https:\/\/moyahousehold.com\/wp-content\/uploads\/2026\/04\/2-4-150x150.jpg 150w, https:\/\/moyahousehold.com\/wp-content\/uploads\/2026\/04\/2-4-768x768.jpg 768w, https:\/\/moyahousehold.com\/wp-content\/uploads\/2026\/04\/2-4-12x12.jpg 12w, https:\/\/moyahousehold.com\/wp-content\/uploads\/2026\/04\/2-4-285x285.jpg 285w, https:\/\/moyahousehold.com\/wp-content\/uploads\/2026\/04\/2-4-270x270.jpg 270w, https:\/\/moyahousehold.com\/wp-content\/uploads\/2026\/04\/2-4-540x540.jpg 540w, https:\/\/moyahousehold.com\/wp-content\/uploads\/2026\/04\/2-4-660x660.jpg 660w\" sizes=\"(max-width: 800px) 100vw, 800px\" \/><\/figure>\n<\/div>\n<\/div>\n<\/div>\n<\/div>\n<\/div>\n\n\n\n<p>\ud83c\udf1f Elevate Your Kitchen Experience with the Cookware Set \ud83c\udf1f<\/p>\n\n\n\n<p>Tired of cluttered kitchen cabinets? Annoyed by scalding hands while cooking? Frustrated with hard-to-clean cookware? Our 8-pieces Cookware Set is here to solve all your kitchen troubles! Blending premium materials, practical design and elegant aesthetics, it\u2019s not just cookware\u2014it\u2019s a perfect addition to your modern home.<\/p>\n\n\n\n<figure class=\"wp-block-gallery has-nested-images columns-default is-cropped wp-block-gallery-1 is-layout-flex wp-block-gallery-is-layout-flex\">\n<figure class=\"wp-block-image size-full is-style-default\"><img loading=\"lazy\" decoding=\"async\" width=\"800\" height=\"800\" data-id=\"12626\" src=\"https:\/\/moyahousehold.com\/wp-content\/uploads\/2026\/04\/3-3.jpg\" alt=\"Modular Stainless Steel Cookware Set with Detachable Handles, 3 - Piece Pots &amp; Pans for Kitchen, Induction Compatible, Space - Saving Design\" class=\"wp-image-12626\" srcset=\"https:\/\/moyahousehold.com\/wp-content\/uploads\/2026\/04\/3-3.jpg 800w, https:\/\/moyahousehold.com\/wp-content\/uploads\/2026\/04\/3-3-300x300.jpg 300w, https:\/\/moyahousehold.com\/wp-content\/uploads\/2026\/04\/3-3-150x150.jpg 150w, https:\/\/moyahousehold.com\/wp-content\/uploads\/2026\/04\/3-3-768x768.jpg 768w, https:\/\/moyahousehold.com\/wp-content\/uploads\/2026\/04\/3-3-12x12.jpg 12w, https:\/\/moyahousehold.com\/wp-content\/uploads\/2026\/04\/3-3-285x285.jpg 285w, https:\/\/moyahousehold.com\/wp-content\/uploads\/2026\/04\/3-3-270x270.jpg 270w, https:\/\/moyahousehold.com\/wp-content\/uploads\/2026\/04\/3-3-540x540.jpg 540w, https:\/\/moyahousehold.com\/wp-content\/uploads\/2026\/04\/3-3-660x660.jpg 660w\" sizes=\"(max-width: 800px) 100vw, 800px\" \/><\/figure>\n\n\n\n<figure class=\"wp-block-image size-full is-style-default\"><img loading=\"lazy\" decoding=\"async\" width=\"800\" height=\"800\" data-id=\"12627\" src=\"https:\/\/moyahousehold.com\/wp-content\/uploads\/2026\/04\/4-4.jpg\" alt=\"Modular Stainless Steel Cookware Set with Detachable Handles, 3 - Piece Pots &amp; Pans for Kitchen, Induction Compatible, Space - Saving Design\" class=\"wp-image-12627\" srcset=\"https:\/\/moyahousehold.com\/wp-content\/uploads\/2026\/04\/4-4.jpg 800w, https:\/\/moyahousehold.com\/wp-content\/uploads\/2026\/04\/4-4-300x300.jpg 300w, https:\/\/moyahousehold.com\/wp-content\/uploads\/2026\/04\/4-4-150x150.jpg 150w, https:\/\/moyahousehold.com\/wp-content\/uploads\/2026\/04\/4-4-768x768.jpg 768w, https:\/\/moyahousehold.com\/wp-content\/uploads\/2026\/04\/4-4-12x12.jpg 12w, https:\/\/moyahousehold.com\/wp-content\/uploads\/2026\/04\/4-4-285x285.jpg 285w, https:\/\/moyahousehold.com\/wp-content\/uploads\/2026\/04\/4-4-270x270.jpg 270w, https:\/\/moyahousehold.com\/wp-content\/uploads\/2026\/04\/4-4-540x540.jpg 540w, https:\/\/moyahousehold.com\/wp-content\/uploads\/2026\/04\/4-4-660x660.jpg 660w\" sizes=\"(max-width: 800px) 100vw, 800px\" \/><\/figure>\n<\/figure>\n\n\n\n<p><strong>\u2728 Core Advantages that Make a Difference<\/strong><\/p>\n\n\n\n<h3 class=\"wp-block-heading\">1. Detachable Handle \u2013 Space-Saving &amp; Flexible<\/h3>\n\n\n\n<p>El dise\u00f1o desmontable del mango permite retirarlo sin esfuerzo despu\u00e9s de cocinar. Apile las ollas y sartenes ordenadamente en el armario, ahorrando 50% de espacio de almacenamiento-ideal para cocinas peque\u00f1as, apartamentos o casas rodantes. El mango tambi\u00e9n tiene un dise\u00f1o ergon\u00f3mico, con una empu\u00f1adura antideslizante que se mantiene fr\u00eda al tacto, garantizando un manejo c\u00f3modo y seguro.<\/p>\n\n\n\n<h3 class=\"wp-block-heading\">2. Deepened Pot Body \u2013 Anti-Splatter &amp; Anti-Scald<\/h3>\n\n\n\n<p>La cavidad especialmente profunda de la olla evita las salpicaduras de aceite al fre\u00edr y hervir, manteniendo limpia la cocina. Al mismo tiempo, el dise\u00f1o m\u00e1s profundo aumenta la distancia entre las manos y la fuente de calor, lo que evita quemaduras y hace que cocinar sea m\u00e1s seguro para todos.<\/p>\n\n\n\n<h3 class=\"wp-block-heading\">3. 8-Pieces Complete Set \u2013 Covers All Cooking Scenarios<\/h3>\n\n\n\n<p>The set includes steamer, milk pot, soup pot, shallow frying pan, deep frying pan, cooking bowl, steaming rack and detachable handle, meeting all your daily cooking needs\u2014from boiling milk, making soup, frying eggs to stir-frying vegetables. Suitable for gas stoves, induction cookers and other common stoves, versatile and practical.<\/p>\n\n\n\n<figure class=\"wp-block-gallery has-nested-images columns-default is-cropped wp-block-gallery-2 is-layout-flex wp-block-gallery-is-layout-flex\">\n<figure class=\"wp-block-image size-full\"><img loading=\"lazy\" decoding=\"async\" width=\"2240\" height=\"3360\" data-id=\"12630\" src=\"https:\/\/moyahousehold.com\/wp-content\/uploads\/2026\/04\/BX\u53ef\u62c6\u5378\u624b\u67c4\u9505\u5177\u5957\u88c5-12.jpg\" alt=\"Modular Stainless Steel Cookware Set with Detachable Handles, 3 - Piece Pots &amp; Pans for Kitchen, Induction Compatible, Space - Saving Design\" class=\"wp-image-12630\" srcset=\"https:\/\/moyahousehold.com\/wp-content\/uploads\/2026\/04\/BX\u53ef\u62c6\u5378\u624b\u67c4\u9505\u5177\u5957\u88c5-12.jpg 2240w, https:\/\/moyahousehold.com\/wp-content\/uploads\/2026\/04\/BX\u53ef\u62c6\u5378\u624b\u67c4\u9505\u5177\u5957\u88c5-12-200x300.jpg 200w, https:\/\/moyahousehold.com\/wp-content\/uploads\/2026\/04\/BX\u53ef\u62c6\u5378\u624b\u67c4\u9505\u5177\u5957\u88c5-12-768x1152.jpg 768w, https:\/\/moyahousehold.com\/wp-content\/uploads\/2026\/04\/BX\u53ef\u62c6\u5378\u624b\u67c4\u9505\u5177\u5957\u88c5-12-8x12.jpg 8w, https:\/\/moyahousehold.com\/wp-content\/uploads\/2026\/04\/BX\u53ef\u62c6\u5378\u624b\u67c4\u9505\u5177\u5957\u88c5-12-285x428.jpg 285w, https:\/\/moyahousehold.com\/wp-content\/uploads\/2026\/04\/BX\u53ef\u62c6\u5378\u624b\u67c4\u9505\u5177\u5957\u88c5-12-1600x2400.jpg 1600w, https:\/\/moyahousehold.com\/wp-content\/uploads\/2026\/04\/BX\u53ef\u62c6\u5378\u624b\u67c4\u9505\u5177\u5957\u88c5-12-440x660.jpg 440w, https:\/\/moyahousehold.com\/wp-content\/uploads\/2026\/04\/BX\u53ef\u62c6\u5378\u624b\u67c4\u9505\u5177\u5957\u88c5-12-100x150.jpg 100w\" sizes=\"(max-width: 2240px) 100vw, 2240px\" \/><\/figure>\n\n\n\n<figure class=\"wp-block-image size-full\"><img loading=\"lazy\" decoding=\"async\" width=\"2240\" height=\"3360\" data-id=\"12631\" src=\"https:\/\/moyahousehold.com\/wp-content\/uploads\/2026\/04\/BX\u53ef\u62c6\u5378\u624b\u67c4\u9505\u5177\u5957\u88c5-27.jpg\" alt=\"Modular Stainless Steel Cookware Set with Detachable Handles, 3 - Piece Pots &amp; Pans for Kitchen, Induction Compatible, Space - Saving Design\" class=\"wp-image-12631\" srcset=\"https:\/\/moyahousehold.com\/wp-content\/uploads\/2026\/04\/BX\u53ef\u62c6\u5378\u624b\u67c4\u9505\u5177\u5957\u88c5-27.jpg 2240w, https:\/\/moyahousehold.com\/wp-content\/uploads\/2026\/04\/BX\u53ef\u62c6\u5378\u624b\u67c4\u9505\u5177\u5957\u88c5-27-200x300.jpg 200w, https:\/\/moyahousehold.com\/wp-content\/uploads\/2026\/04\/BX\u53ef\u62c6\u5378\u624b\u67c4\u9505\u5177\u5957\u88c5-27-768x1152.jpg 768w, https:\/\/moyahousehold.com\/wp-content\/uploads\/2026\/04\/BX\u53ef\u62c6\u5378\u624b\u67c4\u9505\u5177\u5957\u88c5-27-8x12.jpg 8w, https:\/\/moyahousehold.com\/wp-content\/uploads\/2026\/04\/BX\u53ef\u62c6\u5378\u624b\u67c4\u9505\u5177\u5957\u88c5-27-285x428.jpg 285w, https:\/\/moyahousehold.com\/wp-content\/uploads\/2026\/04\/BX\u53ef\u62c6\u5378\u624b\u67c4\u9505\u5177\u5957\u88c5-27-1600x2400.jpg 1600w, https:\/\/moyahousehold.com\/wp-content\/uploads\/2026\/04\/BX\u53ef\u62c6\u5378\u624b\u67c4\u9505\u5177\u5957\u88c5-27-440x660.jpg 440w, https:\/\/moyahousehold.com\/wp-content\/uploads\/2026\/04\/BX\u53ef\u62c6\u5378\u624b\u67c4\u9505\u5177\u5957\u88c5-27-100x150.jpg 100w\" sizes=\"(max-width: 2240px) 100vw, 2240px\" \/><\/figure>\n<\/figure>\n\n\n\n<p><\/p>","protected":false},"excerpt":{"rendered":"<h2 class=\"header-vfC6AV auto-hide-last-sibling-br\">Servicios de personalizaci\u00f3n<\/h2>\n<div class=\"auto-hide-last-sibling-br paragraph-JOTKXA paragraph-element br-paragraph-space\">Como fabricante profesional de fiambreras, ofrecemos soluciones completas de OEM y ODM:<\/div>\n<ul class=\"auto-hide-last-sibling-br\">\n<li><strong>OEM<\/strong>: Personalice los logotipos, las impresiones o el embalaje para adaptarlos a la identidad de su marca. Tambi\u00e9n puede elegir diferentes colores para la cubierta exterior para que coincida con el estilo de su marca.<\/li>\n<li><strong>ODM<\/strong>: Colaboramos en el dise\u00f1o del producto, desde la disposici\u00f3n de los compartimentos (ajustando su n\u00famero y tama\u00f1o) hasta los acabados de los materiales, para crear soluciones \u00fanicas y adaptadas al mercado. Tambi\u00e9n podemos optimizar la estructura de sellado o a\u00f1adir dise\u00f1os funcionales especiales seg\u00fan sus necesidades.<\/li>\n<\/ul>","protected":false},"featured_media":12633,"comment_status":"closed","ping_status":"closed","template":"","meta":[],"product_cat":[56],"product_tag":[135,134,137],"class_list":{"0":"post-12623","1":"product","2":"type-product","3":"status-publish","4":"has-post-thumbnail","6":"product_cat-stainless-steel-cookware-wholesale","7":"product_tag-304-stainless-steel-pans","8":"product_tag-304-stainless-steel-pots","9":"product_tag-cookware-set","11":"first","12":"instock","13":"shipping-taxable","14":"product-type-simple"},"_links":{"self":[{"href":"https:\/\/moyahousehold.com\/es\/wp-json\/wp\/v2\/product\/12623","targetHints":{"allow":["GET"]}}],"collection":[{"href":"https:\/\/moyahousehold.com\/es\/wp-json\/wp\/v2\/product"}],"about":[{"href":"https:\/\/moyahousehold.com\/es\/wp-json\/wp\/v2\/types\/product"}],"replies":[{"embeddable":true,"href":"https:\/\/moyahousehold.com\/es\/wp-json\/wp\/v2\/comments?post=12623"}],"version-history":[{"count":10,"href":"https:\/\/moyahousehold.com\/es\/wp-json\/wp\/v2\/product\/12623\/revisions"}],"predecessor-version":[{"id":12644,"href":"https:\/\/moyahousehold.com\/es\/wp-json\/wp\/v2\/product\/12623\/revisions\/12644"}],"wp:featuredmedia":[{"embeddable":true,"href":"https:\/\/moyahousehold.com\/es\/wp-json\/wp\/v2\/media\/12633"}],"wp:attachment":[{"href":"https:\/\/moyahousehold.com\/es\/wp-json\/wp\/v2\/media?parent=12623"}],"wp:term":[{"taxonomy":"product_cat","embeddable":true,"href":"https:\/\/moyahousehold.com\/es\/wp-json\/wp\/v2\/product_cat?post=12623"},{"taxonomy":"product_tag","embeddable":true,"href":"https:\/\/moyahousehold.com\/es\/wp-json\/wp\/v2\/product_tag?post=12623"}],"curies":[{"name":"wp","href":"https:\/\/api.w.org\/{rel}","templated":true}]}}