{"id":2846,"date":"2024-04-19T06:59:54","date_gmt":"2024-04-19T06:59:54","guid":{"rendered":"https:\/\/moyahousehold.com\/?post_type=product&#038;p=2846"},"modified":"2026-04-08T07:53:16","modified_gmt":"2026-04-08T07:53:16","slug":"wholesale-350ml-stylish-insulated-water-bottles-with-handle","status":"publish","type":"product","link":"https:\/\/moyahousehold.com\/es\/producto\/wholesale-350ml-stylish-insulated-water-bottles-with-handle\/","title":{"rendered":"Wholesale 350ML Stylish Insulated Water Bottles with Handle &#8211; MOYA Water Bottle Manufacturer"},"content":{"rendered":"<figure class=\"wp-block-image size-full\"><img fetchpriority=\"high\" decoding=\"async\" width=\"6240\" height=\"3512\" src=\"https:\/\/moyahousehold.com\/wp-content\/uploads\/2024\/04\/\u5927\u5408\u7167-2-1.jpg\" alt=\"Premium 500ml Insulated Bottle with Handle | 24-Hour Hot &amp; Cold Retention\" class=\"wp-image-12725\" srcset=\"https:\/\/moyahousehold.com\/wp-content\/uploads\/2024\/04\/\u5927\u5408\u7167-2-1.jpg 6240w, https:\/\/moyahousehold.com\/wp-content\/uploads\/2024\/04\/\u5927\u5408\u7167-2-1-300x169.jpg 300w, https:\/\/moyahousehold.com\/wp-content\/uploads\/2024\/04\/\u5927\u5408\u7167-2-1-768x432.jpg 768w, https:\/\/moyahousehold.com\/wp-content\/uploads\/2024\/04\/\u5927\u5408\u7167-2-1-18x10.jpg 18w, https:\/\/moyahousehold.com\/wp-content\/uploads\/2024\/04\/\u5927\u5408\u7167-2-1-285x160.jpg 285w, https:\/\/moyahousehold.com\/wp-content\/uploads\/2024\/04\/\u5927\u5408\u7167-2-1-1600x901.jpg 1600w, https:\/\/moyahousehold.com\/wp-content\/uploads\/2024\/04\/\u5927\u5408\u7167-2-1-660x371.jpg 660w, https:\/\/moyahousehold.com\/wp-content\/uploads\/2024\/04\/\u5927\u5408\u7167-2-1-150x84.jpg 150w\" sizes=\"(max-width: 6240px) 100vw, 6240px\" \/><\/figure>\n\n\n\n<div class=\"wp-block-columns is-layout-flex wp-container-core-columns-is-layout-9d6595d7 wp-block-columns-is-layout-flex\">\n<div class=\"wp-block-column is-layout-flow wp-block-column-is-layout-flow\">\n<h3 class=\"wp-block-heading\">Par\u00e1metros de la botella de agua isot\u00e9rmica<\/h3>\n\n\n\n<figure class=\"wp-block-table\"><table class=\"has-fixed-layout\"><tbody><tr><td>Art\u00edculo<\/td><td>Capacidad<\/td><td>Color<\/td><td>Material<\/td><td>Dimensiones<\/td><td>G.W.\/PCS<\/td><\/tr><tr><td>MY0764<\/td><td>350 ml<\/td><td>Black\/White\/Pink\/Light grey<\/td><td>304 + PP + Silica Gel<\/td><td>7.5*7.5*18.5<\/td><td>0,3 kg<\/td><\/tr><\/tbody><\/table><\/figure>\n\n\n\n<h3 class=\"wp-block-heading\">Opci\u00f3n de botella de agua isot\u00e9rmica personalizada<\/h3>\n\n\n\n<p><strong>Tapas:<\/strong>&nbsp;Stainless steel pressure lid, handle lid, wooden lid.<br><strong>Logotipo:&nbsp;<\/strong>Customize your brand logo on products and packaging.<br><strong>Logo Options:<\/strong>&nbsp;Printed logo, laser engraved logo, etc.<br><strong>Patrones:<\/strong>&nbsp;Printing patterns on insulated water bottles.<br><strong>Printing Technology:<\/strong>&nbsp;Water transfer printing, silk screen printing, heat transfer printing, sublimation transfer and more.<br><strong>Embalaje:<\/strong>&nbsp;Color box.<br><a href=\"https:\/\/moyahousehold.com\/es\/solucion-personalizada\/\" target=\"_blank\" rel=\"noreferrer noopener\"><strong>Obtenga m\u00e1s informaci\u00f3n sobre soluciones personalizadas para botellas de agua isot\u00e9rmicas.<\/strong><\/a><\/p>\n<\/div>\n<\/div>\n\n\n\n<div class=\"wp-block-columns is-layout-flex wp-container-core-columns-is-layout-9d6595d7 wp-block-columns-is-layout-flex\">\n<div class=\"wp-block-column is-layout-flow wp-block-column-is-layout-flow\">\n<figure class=\"wp-block-image size-full\"><img decoding=\"async\" width=\"1600\" height=\"1600\" src=\"https:\/\/moyahousehold.com\/wp-content\/uploads\/2024\/04\/350mL-insulated-water-bottle-detail-3.webp\" alt=\"Detalle de la botella de agua isot\u00e9rmica de 350 ml (3)\" class=\"wp-image-10288\" srcset=\"https:\/\/moyahousehold.com\/wp-content\/uploads\/2024\/04\/350mL-insulated-water-bottle-detail-3.webp 1600w, https:\/\/moyahousehold.com\/wp-content\/uploads\/2024\/04\/350mL-insulated-water-bottle-detail-3-300x300.webp 300w, https:\/\/moyahousehold.com\/wp-content\/uploads\/2024\/04\/350mL-insulated-water-bottle-detail-3-150x150.webp 150w, https:\/\/moyahousehold.com\/wp-content\/uploads\/2024\/04\/350mL-insulated-water-bottle-detail-3-768x768.webp 768w, https:\/\/moyahousehold.com\/wp-content\/uploads\/2024\/04\/350mL-insulated-water-bottle-detail-3-12x12.webp 12w, https:\/\/moyahousehold.com\/wp-content\/uploads\/2024\/04\/350mL-insulated-water-bottle-detail-3-285x285.webp 285w, https:\/\/moyahousehold.com\/wp-content\/uploads\/2024\/04\/350mL-insulated-water-bottle-detail-3-270x270.webp 270w, https:\/\/moyahousehold.com\/wp-content\/uploads\/2024\/04\/350mL-insulated-water-bottle-detail-3-540x540.webp 540w, https:\/\/moyahousehold.com\/wp-content\/uploads\/2024\/04\/350mL-insulated-water-bottle-detail-3-660x660.webp 660w\" sizes=\"(max-width: 1600px) 100vw, 1600px\" \/><\/figure>\n<\/div>\n\n\n\n<div class=\"wp-block-column is-layout-flow wp-block-column-is-layout-flow\">\n<figure class=\"wp-block-image size-full\"><img decoding=\"async\" width=\"1600\" height=\"1600\" src=\"https:\/\/moyahousehold.com\/wp-content\/uploads\/2024\/04\/350mL-insulated-water-bottle-detail-4.webp\" alt=\"Detalle de la botella de agua isot\u00e9rmica de 350 ml (4)\" class=\"wp-image-10289\" srcset=\"https:\/\/moyahousehold.com\/wp-content\/uploads\/2024\/04\/350mL-insulated-water-bottle-detail-4.webp 1600w, https:\/\/moyahousehold.com\/wp-content\/uploads\/2024\/04\/350mL-insulated-water-bottle-detail-4-300x300.webp 300w, https:\/\/moyahousehold.com\/wp-content\/uploads\/2024\/04\/350mL-insulated-water-bottle-detail-4-150x150.webp 150w, https:\/\/moyahousehold.com\/wp-content\/uploads\/2024\/04\/350mL-insulated-water-bottle-detail-4-768x768.webp 768w, https:\/\/moyahousehold.com\/wp-content\/uploads\/2024\/04\/350mL-insulated-water-bottle-detail-4-12x12.webp 12w, https:\/\/moyahousehold.com\/wp-content\/uploads\/2024\/04\/350mL-insulated-water-bottle-detail-4-285x285.webp 285w, https:\/\/moyahousehold.com\/wp-content\/uploads\/2024\/04\/350mL-insulated-water-bottle-detail-4-270x270.webp 270w, https:\/\/moyahousehold.com\/wp-content\/uploads\/2024\/04\/350mL-insulated-water-bottle-detail-4-540x540.webp 540w, https:\/\/moyahousehold.com\/wp-content\/uploads\/2024\/04\/350mL-insulated-water-bottle-detail-4-660x660.webp 660w\" sizes=\"(max-width: 1600px) 100vw, 1600px\" \/><\/figure>\n<\/div>\n<\/div>\n\n\n\n<div class=\"wp-block-columns is-layout-flex wp-container-core-columns-is-layout-9d6595d7 wp-block-columns-is-layout-flex\">\n<div class=\"wp-block-column is-layout-flow wp-block-column-is-layout-flow\">\n<figure class=\"wp-block-image size-full\"><img loading=\"lazy\" decoding=\"async\" width=\"3462\" height=\"3462\" src=\"https:\/\/moyahousehold.com\/wp-content\/uploads\/2024\/04\/JS-\u97e9\u5f0f\u676f-8.jpg\" alt=\"Premium 500ml Insulated Bottle with Handle | 24-Hour Hot &amp; Cold Retention\" class=\"wp-image-12728\" srcset=\"https:\/\/moyahousehold.com\/wp-content\/uploads\/2024\/04\/JS-\u97e9\u5f0f\u676f-8.jpg 3462w, https:\/\/moyahousehold.com\/wp-content\/uploads\/2024\/04\/JS-\u97e9\u5f0f\u676f-8-300x300.jpg 300w, https:\/\/moyahousehold.com\/wp-content\/uploads\/2024\/04\/JS-\u97e9\u5f0f\u676f-8-150x150.jpg 150w, https:\/\/moyahousehold.com\/wp-content\/uploads\/2024\/04\/JS-\u97e9\u5f0f\u676f-8-768x768.jpg 768w, https:\/\/moyahousehold.com\/wp-content\/uploads\/2024\/04\/JS-\u97e9\u5f0f\u676f-8-12x12.jpg 12w, https:\/\/moyahousehold.com\/wp-content\/uploads\/2024\/04\/JS-\u97e9\u5f0f\u676f-8-285x285.jpg 285w, https:\/\/moyahousehold.com\/wp-content\/uploads\/2024\/04\/JS-\u97e9\u5f0f\u676f-8-1600x1600.jpg 1600w, https:\/\/moyahousehold.com\/wp-content\/uploads\/2024\/04\/JS-\u97e9\u5f0f\u676f-8-270x270.jpg 270w, https:\/\/moyahousehold.com\/wp-content\/uploads\/2024\/04\/JS-\u97e9\u5f0f\u676f-8-540x540.jpg 540w, https:\/\/moyahousehold.com\/wp-content\/uploads\/2024\/04\/JS-\u97e9\u5f0f\u676f-8-660x660.jpg 660w\" sizes=\"(max-width: 3462px) 100vw, 3462px\" \/><\/figure>\n<\/div>\n\n\n\n<div class=\"wp-block-column is-layout-flow wp-block-column-is-layout-flow\">\n<figure class=\"wp-block-image size-full\"><img loading=\"lazy\" decoding=\"async\" width=\"2923\" height=\"2923\" src=\"https:\/\/moyahousehold.com\/wp-content\/uploads\/2024\/04\/JS-\u97e9\u5f0f\u676f-36.jpg\" alt=\"Premium 500ml Insulated Bottle with Handle | 24-Hour Hot &amp; Cold Retention\" class=\"wp-image-12729\" srcset=\"https:\/\/moyahousehold.com\/wp-content\/uploads\/2024\/04\/JS-\u97e9\u5f0f\u676f-36.jpg 2923w, https:\/\/moyahousehold.com\/wp-content\/uploads\/2024\/04\/JS-\u97e9\u5f0f\u676f-36-300x300.jpg 300w, https:\/\/moyahousehold.com\/wp-content\/uploads\/2024\/04\/JS-\u97e9\u5f0f\u676f-36-150x150.jpg 150w, https:\/\/moyahousehold.com\/wp-content\/uploads\/2024\/04\/JS-\u97e9\u5f0f\u676f-36-768x768.jpg 768w, https:\/\/moyahousehold.com\/wp-content\/uploads\/2024\/04\/JS-\u97e9\u5f0f\u676f-36-12x12.jpg 12w, https:\/\/moyahousehold.com\/wp-content\/uploads\/2024\/04\/JS-\u97e9\u5f0f\u676f-36-285x285.jpg 285w, https:\/\/moyahousehold.com\/wp-content\/uploads\/2024\/04\/JS-\u97e9\u5f0f\u676f-36-1600x1600.jpg 1600w, https:\/\/moyahousehold.com\/wp-content\/uploads\/2024\/04\/JS-\u97e9\u5f0f\u676f-36-270x270.jpg 270w, https:\/\/moyahousehold.com\/wp-content\/uploads\/2024\/04\/JS-\u97e9\u5f0f\u676f-36-540x540.jpg 540w, https:\/\/moyahousehold.com\/wp-content\/uploads\/2024\/04\/JS-\u97e9\u5f0f\u676f-36-660x660.jpg 660w\" sizes=\"(max-width: 2923px) 100vw, 2923px\" \/><\/figure>\n<\/div>\n<\/div>","protected":false},"excerpt":{"rendered":"<div>MOYA fabricante de botellas de agua, al por mayor 350mL botellas de agua con aislamiento, su dise\u00f1o de boca ancha es conveniente para verter agua y a\u00f1adir cubitos de hielo, satisfacer diversas necesidades. 100% material libre de BPA, garantizar la salud y la seguridad. Proporcionamos servicios profesionales al por mayor, apoyamos OEM y ODM, p\u00f3ngase en contacto con nosotros para una cotizaci\u00f3n.<\/div>\n<h3>Caracter\u00edsticas y ventajas de la botella de agua isot\u00e9rmica de 350 ml<\/h3>\n<div>\n<div>\n<p><strong>Healthy Material:<\/strong> La botella de agua isot\u00e9rmica est\u00e1 fabricada en acero inoxidable 304 de calidad alimentaria, que es muy duradero, puede almacenar bebidas fr\u00edas o calientes y es f\u00e1cil de limpiar.<\/p>\n<p><strong>Practical Bottom Design:<\/strong> El fondo de la botella de agua isot\u00e9rmica est\u00e1 especialmente dise\u00f1ado con funciones antideslizantes y antiescaldamiento, lo que resulta m\u00e1s seguro cuando se utiliza.<\/p>\n<p><strong>Handle Design:<\/strong> El dise\u00f1o de la tapa es ergon\u00f3mico, y la botella de agua aislada tiene un asa f\u00e1cil de sujetar, que es m\u00e1s f\u00e1cil de transportar que las botellas termo normales y mejora la eficacia de uso.<\/p>\n<p><strong>Simple and Beautiful Design:<\/strong> Su aspecto es sencillo y bello, muy apreciado por la gente, y adecuado para su uso en diversas ocasiones.<\/p>\n<p><strong>Baking Paint Process:<\/strong> La superficie de la botella de agua aislada adopta el proceso de pintura al horno, la apariencia no es f\u00e1cil de rayar, y mantiene la belleza a largo plazo.<\/p>\n<p><strong>Servicio de venta al por mayor:<\/strong> MOYA ofrece la soluci\u00f3n m\u00e1s completa para la venta al por mayor de botellas de agua isot\u00e9rmicas, ya que admite pedidos de lotes peque\u00f1os y compras a gran escala para satisfacer las necesidades de los distintos clientes.<\/p>\n<p><strong>OEM and ODM Customization Service:<\/strong> Admitimos una gran variedad de soluciones de personalizaci\u00f3n, como logotipo, embalaje, asas, etc., para satisfacer necesidades personalizadas.<\/p>\n<\/div>\n<\/div>","protected":false},"featured_media":10284,"comment_status":"closed","ping_status":"closed","template":"","meta":[],"product_cat":[53],"product_tag":[104,149,146],"class_list":{"0":"post-2846","1":"product","2":"type-product","3":"status-publish","4":"has-post-thumbnail","6":"product_cat-vacuum-bottle-wholesale","7":"product_tag-wholesale-350ml-insulated-water-bottles","8":"product_tag-350ml-thermos-bottle","9":"product_tag-stainless-steel-water-bottle","11":"first","12":"instock","13":"shipping-taxable","14":"product-type-simple"},"_links":{"self":[{"href":"https:\/\/moyahousehold.com\/es\/wp-json\/wp\/v2\/product\/2846","targetHints":{"allow":["GET"]}}],"collection":[{"href":"https:\/\/moyahousehold.com\/es\/wp-json\/wp\/v2\/product"}],"about":[{"href":"https:\/\/moyahousehold.com\/es\/wp-json\/wp\/v2\/types\/product"}],"replies":[{"embeddable":true,"href":"https:\/\/moyahousehold.com\/es\/wp-json\/wp\/v2\/comments?post=2846"}],"version-history":[{"count":0,"href":"https:\/\/moyahousehold.com\/es\/wp-json\/wp\/v2\/product\/2846\/revisions"}],"wp:featuredmedia":[{"embeddable":true,"href":"https:\/\/moyahousehold.com\/es\/wp-json\/wp\/v2\/media\/10284"}],"wp:attachment":[{"href":"https:\/\/moyahousehold.com\/es\/wp-json\/wp\/v2\/media?parent=2846"}],"wp:term":[{"taxonomy":"product_cat","embeddable":true,"href":"https:\/\/moyahousehold.com\/es\/wp-json\/wp\/v2\/product_cat?post=2846"},{"taxonomy":"product_tag","embeddable":true,"href":"https:\/\/moyahousehold.com\/es\/wp-json\/wp\/v2\/product_tag?post=2846"}],"curies":[{"name":"wp","href":"https:\/\/api.w.org\/{rel}","templated":true}]}}