{"id":3048,"date":"2024-04-20T09:40:32","date_gmt":"2024-04-20T09:40:32","guid":{"rendered":"https:\/\/moyahousehold.com\/?post_type=product&#038;p=3048"},"modified":"2026-04-08T03:30:03","modified_gmt":"2026-04-08T03:30:03","slug":"wholesale-vacuum-bottle-long-my0809","status":"publish","type":"product","link":"https:\/\/moyahousehold.com\/es\/producto\/wholesale-vacuum-bottle-long-my0809\/","title":{"rendered":"Venta al por mayor 350mL botella de acero inoxidable al vac\u00edo, a granel lindo aislado botellas de agua, Apoyo OEM y ODM"},"content":{"rendered":"<div class=\"wp-block-columns is-layout-flex wp-container-core-columns-is-layout-9d6595d7 wp-block-columns-is-layout-flex\">\n<div class=\"wp-block-column is-layout-flow wp-block-column-is-layout-flow\">\n<figure class=\"wp-block-image size-full\"><img fetchpriority=\"high\" decoding=\"async\" width=\"6106\" height=\"4071\" src=\"https:\/\/moyahousehold.com\/wp-content\/uploads\/2024\/04\/\u5927\u5408\u7167-2.jpg\" alt=\"Matte green 350ml stainless steel vacuum bottle on a wooden desk, next to a laptop and a plant, showing compact daily use\" class=\"wp-image-12715\" srcset=\"https:\/\/moyahousehold.com\/wp-content\/uploads\/2024\/04\/\u5927\u5408\u7167-2.jpg 6106w, https:\/\/moyahousehold.com\/wp-content\/uploads\/2024\/04\/\u5927\u5408\u7167-2-300x200.jpg 300w, https:\/\/moyahousehold.com\/wp-content\/uploads\/2024\/04\/\u5927\u5408\u7167-2-768x512.jpg 768w, https:\/\/moyahousehold.com\/wp-content\/uploads\/2024\/04\/\u5927\u5408\u7167-2-18x12.jpg 18w, https:\/\/moyahousehold.com\/wp-content\/uploads\/2024\/04\/\u5927\u5408\u7167-2-285x190.jpg 285w, https:\/\/moyahousehold.com\/wp-content\/uploads\/2024\/04\/\u5927\u5408\u7167-2-1600x1067.jpg 1600w, https:\/\/moyahousehold.com\/wp-content\/uploads\/2024\/04\/\u5927\u5408\u7167-2-660x440.jpg 660w, https:\/\/moyahousehold.com\/wp-content\/uploads\/2024\/04\/\u5927\u5408\u7167-2-150x100.jpg 150w\" sizes=\"(max-width: 6106px) 100vw, 6106px\" \/><\/figure>\n\n\n\n<h3 class=\"wp-block-heading\">Par\u00e1metros de la botella de vac\u00edo de acero inoxidable de 350 ml<\/h3>\n\n\n\n<figure class=\"wp-block-table\"><table class=\"has-fixed-layout\"><tbody><tr><td>Art\u00edculo<\/td><td>Capacidad<\/td><td>Color<\/td><td>Material<\/td><td>Dimensiones<\/td><td>G.W.\/PCS<\/td><\/tr><tr><td>MY0809<\/td><td>350ML<\/td><td>Black\/White\/Dark green<\/td><td>304 + PP + Silica gel<\/td><td>7*7*19.2<\/td><td>0,4 kg<\/td><\/tr><\/tbody><\/table><\/figure>\n<\/div>\n<\/div>\n\n\n\n<h3 class=\"wp-block-heading\">Opciones de botellas de vac\u00edo de acero sin satinar personalizadas<\/h3>\n\n\n\n<p><strong>Tapas: <\/strong>Stainless steel pressure lid, handle lid, wooden lid.<br><strong>Logotipo:<\/strong> Custom your brand logo on product and package.<br><strong>Logo Options:<\/strong> Printed logo, laser engraved logo, etc.<br><strong>Patr\u00f3n:<\/strong> Impresi\u00f3n de motivos en botellas de vac\u00edo.<br><strong>Printing Technology:<\/strong> Water transfer printing,silk screen printing, heat transfer printing,sublimation transfer, etc.<br><strong>Paquete:<\/strong> Color box<\/p>\n\n\n\n<div class=\"wp-block-columns is-layout-flex wp-container-core-columns-is-layout-9d6595d7 wp-block-columns-is-layout-flex\">\n<div class=\"wp-block-column is-layout-flow wp-block-column-is-layout-flow\">\n<figure class=\"wp-block-image size-full\"><img decoding=\"async\" width=\"1600\" height=\"1600\" src=\"https:\/\/moyahousehold.com\/wp-content\/uploads\/2024\/04\/350mL-Stainless-Steel-Vacuum-Bottle-Details-5.webp\" alt=\"Botella de vac\u00edo de acero inoxidable de 350 ml Detalles (5)\" class=\"wp-image-10339\" srcset=\"https:\/\/moyahousehold.com\/wp-content\/uploads\/2024\/04\/350mL-Stainless-Steel-Vacuum-Bottle-Details-5.webp 1600w, https:\/\/moyahousehold.com\/wp-content\/uploads\/2024\/04\/350mL-Stainless-Steel-Vacuum-Bottle-Details-5-300x300.webp 300w, https:\/\/moyahousehold.com\/wp-content\/uploads\/2024\/04\/350mL-Stainless-Steel-Vacuum-Bottle-Details-5-150x150.webp 150w, https:\/\/moyahousehold.com\/wp-content\/uploads\/2024\/04\/350mL-Stainless-Steel-Vacuum-Bottle-Details-5-768x768.webp 768w, https:\/\/moyahousehold.com\/wp-content\/uploads\/2024\/04\/350mL-Stainless-Steel-Vacuum-Bottle-Details-5-12x12.webp 12w, https:\/\/moyahousehold.com\/wp-content\/uploads\/2024\/04\/350mL-Stainless-Steel-Vacuum-Bottle-Details-5-285x285.webp 285w, https:\/\/moyahousehold.com\/wp-content\/uploads\/2024\/04\/350mL-Stainless-Steel-Vacuum-Bottle-Details-5-270x270.webp 270w, https:\/\/moyahousehold.com\/wp-content\/uploads\/2024\/04\/350mL-Stainless-Steel-Vacuum-Bottle-Details-5-540x540.webp 540w, https:\/\/moyahousehold.com\/wp-content\/uploads\/2024\/04\/350mL-Stainless-Steel-Vacuum-Bottle-Details-5-660x660.webp 660w\" sizes=\"(max-width: 1600px) 100vw, 1600px\" \/><\/figure>\n<\/div>\n\n\n\n<div class=\"wp-block-column is-layout-flow wp-block-column-is-layout-flow\">\n<figure class=\"wp-block-image size-full\"><img decoding=\"async\" width=\"1600\" height=\"1600\" src=\"https:\/\/moyahousehold.com\/wp-content\/uploads\/2024\/04\/350mL-Stainless-Steel-Vacuum-Bottle-Details-6.webp\" alt=\"Botella de vac\u00edo de acero inoxidable de 350 ml Detalles (6)\" class=\"wp-image-10340\" srcset=\"https:\/\/moyahousehold.com\/wp-content\/uploads\/2024\/04\/350mL-Stainless-Steel-Vacuum-Bottle-Details-6.webp 1600w, https:\/\/moyahousehold.com\/wp-content\/uploads\/2024\/04\/350mL-Stainless-Steel-Vacuum-Bottle-Details-6-300x300.webp 300w, https:\/\/moyahousehold.com\/wp-content\/uploads\/2024\/04\/350mL-Stainless-Steel-Vacuum-Bottle-Details-6-150x150.webp 150w, https:\/\/moyahousehold.com\/wp-content\/uploads\/2024\/04\/350mL-Stainless-Steel-Vacuum-Bottle-Details-6-768x768.webp 768w, https:\/\/moyahousehold.com\/wp-content\/uploads\/2024\/04\/350mL-Stainless-Steel-Vacuum-Bottle-Details-6-12x12.webp 12w, https:\/\/moyahousehold.com\/wp-content\/uploads\/2024\/04\/350mL-Stainless-Steel-Vacuum-Bottle-Details-6-285x285.webp 285w, https:\/\/moyahousehold.com\/wp-content\/uploads\/2024\/04\/350mL-Stainless-Steel-Vacuum-Bottle-Details-6-270x270.webp 270w, https:\/\/moyahousehold.com\/wp-content\/uploads\/2024\/04\/350mL-Stainless-Steel-Vacuum-Bottle-Details-6-540x540.webp 540w, https:\/\/moyahousehold.com\/wp-content\/uploads\/2024\/04\/350mL-Stainless-Steel-Vacuum-Bottle-Details-6-660x660.webp 660w\" sizes=\"(max-width: 1600px) 100vw, 1600px\" \/><\/figure>\n<\/div>\n<\/div>\n\n\n\n<div class=\"wp-block-columns is-layout-flex wp-container-core-columns-is-layout-9d6595d7 wp-block-columns-is-layout-flex\">\n<div class=\"wp-block-column is-layout-flow wp-block-column-is-layout-flow\">\n<figure class=\"wp-block-image size-full\"><img loading=\"lazy\" decoding=\"async\" width=\"4160\" height=\"6240\" src=\"https:\/\/moyahousehold.com\/wp-content\/uploads\/2024\/04\/JS-\u968f\u624b\u676f-48.jpg\" alt=\"Matte green 350ml stainless steel vacuum bottle on a wooden desk, next to a laptop and a plant, showing compact daily use\" class=\"wp-image-12716\" srcset=\"https:\/\/moyahousehold.com\/wp-content\/uploads\/2024\/04\/JS-\u968f\u624b\u676f-48.jpg 4160w, https:\/\/moyahousehold.com\/wp-content\/uploads\/2024\/04\/JS-\u968f\u624b\u676f-48-200x300.jpg 200w, https:\/\/moyahousehold.com\/wp-content\/uploads\/2024\/04\/JS-\u968f\u624b\u676f-48-768x1152.jpg 768w, https:\/\/moyahousehold.com\/wp-content\/uploads\/2024\/04\/JS-\u968f\u624b\u676f-48-8x12.jpg 8w, https:\/\/moyahousehold.com\/wp-content\/uploads\/2024\/04\/JS-\u968f\u624b\u676f-48-285x428.jpg 285w, https:\/\/moyahousehold.com\/wp-content\/uploads\/2024\/04\/JS-\u968f\u624b\u676f-48-1600x2400.jpg 1600w, https:\/\/moyahousehold.com\/wp-content\/uploads\/2024\/04\/JS-\u968f\u624b\u676f-48-440x660.jpg 440w, https:\/\/moyahousehold.com\/wp-content\/uploads\/2024\/04\/JS-\u968f\u624b\u676f-48-100x150.jpg 100w\" sizes=\"(max-width: 4160px) 100vw, 4160px\" \/><\/figure>\n<\/div>\n\n\n\n<div class=\"wp-block-column is-layout-flow wp-block-column-is-layout-flow\">\n<figure class=\"wp-block-image size-full\"><img loading=\"lazy\" decoding=\"async\" width=\"4160\" height=\"6240\" src=\"https:\/\/moyahousehold.com\/wp-content\/uploads\/2024\/04\/JS-\u968f\u624b\u676f-54.jpg\" alt=\"\" class=\"wp-image-12717\" srcset=\"https:\/\/moyahousehold.com\/wp-content\/uploads\/2024\/04\/JS-\u968f\u624b\u676f-54.jpg 4160w, https:\/\/moyahousehold.com\/wp-content\/uploads\/2024\/04\/JS-\u968f\u624b\u676f-54-200x300.jpg 200w, https:\/\/moyahousehold.com\/wp-content\/uploads\/2024\/04\/JS-\u968f\u624b\u676f-54-768x1152.jpg 768w, https:\/\/moyahousehold.com\/wp-content\/uploads\/2024\/04\/JS-\u968f\u624b\u676f-54-8x12.jpg 8w, https:\/\/moyahousehold.com\/wp-content\/uploads\/2024\/04\/JS-\u968f\u624b\u676f-54-285x428.jpg 285w, https:\/\/moyahousehold.com\/wp-content\/uploads\/2024\/04\/JS-\u968f\u624b\u676f-54-1600x2400.jpg 1600w, https:\/\/moyahousehold.com\/wp-content\/uploads\/2024\/04\/JS-\u968f\u624b\u676f-54-440x660.jpg 440w, https:\/\/moyahousehold.com\/wp-content\/uploads\/2024\/04\/JS-\u968f\u624b\u676f-54-100x150.jpg 100w\" sizes=\"(max-width: 4160px) 100vw, 4160px\" \/><\/figure>\n<\/div>\n<\/div>\n\n\n\n<p><\/p>","protected":false},"excerpt":{"rendered":"<p>Botella de vac\u00edo de acero inoxidable de 350 ml al por mayor, fabricada en acero inoxidable 304 de calidad alimentaria, no contiene productos qu\u00edmicos nocivos, adecuada para su uso a largo plazo por familias y particulares. Una variedad de colores est\u00e1n disponibles para satisfacer las preferencias de los diferentes usuarios. Apoyamos OEM y ODM, bienvenido a contactarnos para una cotizaci\u00f3n.<\/p>\n<h3>Caracter\u00edsticas y ventajas de la botella de vac\u00edo de acero inoxidable de 350 ml<\/h3>\n<div>\n<p><strong>Excelente rendimiento aislante:<\/strong> La botella de vac\u00edo de acero inoxidable adopta un eficiente dise\u00f1o de acero inoxidable de doble capa, que tiene un excelente rendimiento de aislamiento y puede mantener calientes las bebidas durante m\u00e1s de 12 horas.<\/p>\n<p><strong>Apariencia de moda:<\/strong> La botella de vac\u00edo de acero inoxidable tiene un dise\u00f1o sencillo y elegante y ofrece diversas opciones de color, adecuadas para diferentes usuarios, que es a la vez pr\u00e1ctico y bonito.<\/p>\n<p><strong>F\u00e1cil de limpiar:<\/strong> La tapa superior de la botella de vac\u00edo de acero inoxidable es extra\u00edble, y el interior es liso y f\u00e1cil de limpiar.<\/p>\n<p><strong>F\u00e1cil de verter el agua:<\/strong> La botella de vac\u00edo de acero inoxidable puede liberar agua en 360 grados con s\u00f3lo presionar ligeramente la tapa de la taza, garantizando un flujo de agua suave y sin fugas de agua despu\u00e9s de cerrarla.<\/p>\n<p><strong>Servicio mayorista:<\/strong> Ofrecemos servicio de venta al por mayor de botellas de vac\u00edo a precios de f\u00e1brica, muestras gratuitas y podemos personalizar la impresi\u00f3n de botellas seg\u00fan las necesidades para ayudarle a mejorar su imagen de marca,<\/p>\n<\/div>\n<p><a href=\"https:\/\/moyahousehold.com\/es\/solucion-personalizada\/\">Proporcionamos soluciones de botellas de vac\u00edo de acero inoxidable personalizadas OEM&amp;ODM.<\/a><\/p>","protected":false},"featured_media":10332,"comment_status":"closed","ping_status":"closed","template":"","meta":[],"product_cat":[53],"product_tag":[104,146],"class_list":{"0":"post-3048","1":"product","2":"type-product","3":"status-publish","4":"has-post-thumbnail","6":"product_cat-vacuum-bottle-wholesale","7":"product_tag-wholesale-350ml-insulated-water-bottles","8":"product_tag-stainless-steel-water-bottle","10":"first","11":"instock","12":"shipping-taxable","13":"product-type-simple"},"_links":{"self":[{"href":"https:\/\/moyahousehold.com\/es\/wp-json\/wp\/v2\/product\/3048","targetHints":{"allow":["GET"]}}],"collection":[{"href":"https:\/\/moyahousehold.com\/es\/wp-json\/wp\/v2\/product"}],"about":[{"href":"https:\/\/moyahousehold.com\/es\/wp-json\/wp\/v2\/types\/product"}],"replies":[{"embeddable":true,"href":"https:\/\/moyahousehold.com\/es\/wp-json\/wp\/v2\/comments?post=3048"}],"version-history":[{"count":0,"href":"https:\/\/moyahousehold.com\/es\/wp-json\/wp\/v2\/product\/3048\/revisions"}],"wp:featuredmedia":[{"embeddable":true,"href":"https:\/\/moyahousehold.com\/es\/wp-json\/wp\/v2\/media\/10332"}],"wp:attachment":[{"href":"https:\/\/moyahousehold.com\/es\/wp-json\/wp\/v2\/media?parent=3048"}],"wp:term":[{"taxonomy":"product_cat","embeddable":true,"href":"https:\/\/moyahousehold.com\/es\/wp-json\/wp\/v2\/product_cat?post=3048"},{"taxonomy":"product_tag","embeddable":true,"href":"https:\/\/moyahousehold.com\/es\/wp-json\/wp\/v2\/product_tag?post=3048"}],"curies":[{"name":"wp","href":"https:\/\/api.w.org\/{rel}","templated":true}]}}