{"id":3080,"date":"2024-04-20T15:39:59","date_gmt":"2024-04-20T15:39:59","guid":{"rendered":"https:\/\/moyahousehold.com\/?post_type=product&#038;p=3080"},"modified":"2026-04-08T07:51:39","modified_gmt":"2026-04-08T07:51:39","slug":"wholesale-500ml-insulated-water-bottles","status":"publish","type":"product","link":"https:\/\/moyahousehold.com\/es\/producto\/wholesale-500ml-insulated-water-bottles\/","title":{"rendered":"Wholesale 500ML Insulated Water Bottles | Multi-Color Options &amp; Custom Branding Full | OEM\/ODM Support"},"content":{"rendered":"<figure class=\"wp-block-image size-full\"><img fetchpriority=\"high\" decoding=\"async\" width=\"6101\" height=\"3434\" src=\"https:\/\/moyahousehold.com\/wp-content\/uploads\/2024\/04\/\u5927\u5408\u7167-1.jpg\" alt=\"Premium 500ml Insulated Bottle with Handle | 24-Hour Hot &amp; Cold Retention\" class=\"wp-image-12770\" srcset=\"https:\/\/moyahousehold.com\/wp-content\/uploads\/2024\/04\/\u5927\u5408\u7167-1.jpg 6101w, https:\/\/moyahousehold.com\/wp-content\/uploads\/2024\/04\/\u5927\u5408\u7167-1-300x169.jpg 300w, https:\/\/moyahousehold.com\/wp-content\/uploads\/2024\/04\/\u5927\u5408\u7167-1-768x432.jpg 768w, https:\/\/moyahousehold.com\/wp-content\/uploads\/2024\/04\/\u5927\u5408\u7167-1-18x10.jpg 18w, https:\/\/moyahousehold.com\/wp-content\/uploads\/2024\/04\/\u5927\u5408\u7167-1-285x160.jpg 285w, https:\/\/moyahousehold.com\/wp-content\/uploads\/2024\/04\/\u5927\u5408\u7167-1-1600x901.jpg 1600w, https:\/\/moyahousehold.com\/wp-content\/uploads\/2024\/04\/\u5927\u5408\u7167-1-660x371.jpg 660w, https:\/\/moyahousehold.com\/wp-content\/uploads\/2024\/04\/\u5927\u5408\u7167-1-150x84.jpg 150w\" sizes=\"(max-width: 6101px) 100vw, 6101px\" \/><\/figure>\n\n\n\n<div class=\"wp-block-columns is-layout-flex wp-container-core-columns-is-layout-9d6595d7 wp-block-columns-is-layout-flex\">\n<div class=\"wp-block-column is-layout-flow wp-block-column-is-layout-flow\">\n<h3 class=\"wp-block-heading\">Parameters of 500ML Insulated Water Bottle<\/h3>\n\n\n\n<figure class=\"wp-block-table\"><table class=\"has-fixed-layout\"><tbody><tr><td>Art\u00edculo<\/td><td>Capacidad<\/td><td>Color<\/td><td>Material<\/td><td>Dimensiones<\/td><td>G.W.\/PCS<\/td><\/tr><tr><td>MY0616<\/td><td>500ML<\/td><td>Black\/White\/Pink\/Dark Green<\/td><td>304 + PP + Silica Gel<\/td><td>7.3*7.3*22.3<\/td><td>0,4 kg<\/td><\/tr><\/tbody><\/table><\/figure>\n<\/div>\n<\/div>\n\n\n\n<h3 class=\"wp-block-heading\">Opci\u00f3n de botella de agua isot\u00e9rmica personalizada<\/h3>\n\n\n\n<p><strong>Tapas:<\/strong> Stainless steel pressure lid, handle lid, wooden lid.<br><strong>Logotipo: <\/strong>Customize your brand logo on products and packaging.<br><strong>Logo Options:<\/strong> Printed logo, laser engraved logo, etc.<br><strong>Patrones:<\/strong> Printing patterns on insulated water bottles.<br><strong>Printing Technology:<\/strong> Water transfer printing, silk screen printing, heat transfer printing, sublimation transfer and more.<br><strong>Embalaje:<\/strong> Color box.<br><a href=\"https:\/\/moyahousehold.com\/es\/solucion-personalizada\/\" data-type=\"page\" data-id=\"2817\" target=\"_blank\" rel=\"noreferrer noopener\"><strong>Obtenga m\u00e1s informaci\u00f3n sobre soluciones personalizadas para botellas de agua isot\u00e9rmicas.<\/strong><\/a><\/p>\n\n\n\n<div class=\"wp-block-columns is-layout-flex wp-container-core-columns-is-layout-9d6595d7 wp-block-columns-is-layout-flex\">\n<div class=\"wp-block-column is-layout-flow wp-block-column-is-layout-flow\">\n<figure class=\"wp-block-image size-full\"><img decoding=\"async\" width=\"3711\" height=\"3711\" src=\"https:\/\/moyahousehold.com\/wp-content\/uploads\/2024\/04\/JS-\u7b80\u7ea6\u676f-22.jpg\" alt=\"Premium 500ml Insulated Bottle with Handle | 24-Hour Hot &amp; Cold Retention\" class=\"wp-image-12769\" srcset=\"https:\/\/moyahousehold.com\/wp-content\/uploads\/2024\/04\/JS-\u7b80\u7ea6\u676f-22.jpg 3711w, https:\/\/moyahousehold.com\/wp-content\/uploads\/2024\/04\/JS-\u7b80\u7ea6\u676f-22-300x300.jpg 300w, https:\/\/moyahousehold.com\/wp-content\/uploads\/2024\/04\/JS-\u7b80\u7ea6\u676f-22-150x150.jpg 150w, https:\/\/moyahousehold.com\/wp-content\/uploads\/2024\/04\/JS-\u7b80\u7ea6\u676f-22-768x768.jpg 768w, https:\/\/moyahousehold.com\/wp-content\/uploads\/2024\/04\/JS-\u7b80\u7ea6\u676f-22-12x12.jpg 12w, https:\/\/moyahousehold.com\/wp-content\/uploads\/2024\/04\/JS-\u7b80\u7ea6\u676f-22-285x285.jpg 285w, https:\/\/moyahousehold.com\/wp-content\/uploads\/2024\/04\/JS-\u7b80\u7ea6\u676f-22-1600x1600.jpg 1600w, https:\/\/moyahousehold.com\/wp-content\/uploads\/2024\/04\/JS-\u7b80\u7ea6\u676f-22-270x270.jpg 270w, https:\/\/moyahousehold.com\/wp-content\/uploads\/2024\/04\/JS-\u7b80\u7ea6\u676f-22-540x540.jpg 540w, https:\/\/moyahousehold.com\/wp-content\/uploads\/2024\/04\/JS-\u7b80\u7ea6\u676f-22-660x660.jpg 660w\" sizes=\"(max-width: 3711px) 100vw, 3711px\" \/><\/figure>\n<\/div>\n\n\n\n<div class=\"wp-block-column is-layout-flow wp-block-column-is-layout-flow\">\n<figure class=\"wp-block-image size-full\"><img decoding=\"async\" width=\"800\" height=\"800\" src=\"https:\/\/moyahousehold.com\/wp-content\/uploads\/2024\/04\/1-2.jpg\" alt=\"Premium 500ml Insulated Bottle with Handle | 24-Hour Hot &amp; Cold Retention\" class=\"wp-image-12768\" srcset=\"https:\/\/moyahousehold.com\/wp-content\/uploads\/2024\/04\/1-2.jpg 800w, https:\/\/moyahousehold.com\/wp-content\/uploads\/2024\/04\/1-2-300x300.jpg 300w, https:\/\/moyahousehold.com\/wp-content\/uploads\/2024\/04\/1-2-150x150.jpg 150w, https:\/\/moyahousehold.com\/wp-content\/uploads\/2024\/04\/1-2-768x768.jpg 768w, https:\/\/moyahousehold.com\/wp-content\/uploads\/2024\/04\/1-2-12x12.jpg 12w, https:\/\/moyahousehold.com\/wp-content\/uploads\/2024\/04\/1-2-285x285.jpg 285w, https:\/\/moyahousehold.com\/wp-content\/uploads\/2024\/04\/1-2-270x270.jpg 270w, https:\/\/moyahousehold.com\/wp-content\/uploads\/2024\/04\/1-2-540x540.jpg 540w, https:\/\/moyahousehold.com\/wp-content\/uploads\/2024\/04\/1-2-660x660.jpg 660w\" sizes=\"(max-width: 800px) 100vw, 800px\" \/><\/figure>\n<\/div>\n<\/div>\n\n\n\n<div class=\"wp-block-columns is-layout-flex wp-container-core-columns-is-layout-9d6595d7 wp-block-columns-is-layout-flex\">\n<div class=\"wp-block-column is-layout-flow wp-block-column-is-layout-flow\">\n<figure class=\"wp-block-image size-full\"><img loading=\"lazy\" decoding=\"async\" width=\"1600\" height=\"1600\" src=\"https:\/\/moyahousehold.com\/wp-content\/uploads\/2024\/04\/wholesale-insulated-water-bottle-details-3.webp\" alt=\"mayorista botella de agua aislada detalles (3)\" class=\"wp-image-10279\" srcset=\"https:\/\/moyahousehold.com\/wp-content\/uploads\/2024\/04\/wholesale-insulated-water-bottle-details-3.webp 1600w, https:\/\/moyahousehold.com\/wp-content\/uploads\/2024\/04\/wholesale-insulated-water-bottle-details-3-300x300.webp 300w, https:\/\/moyahousehold.com\/wp-content\/uploads\/2024\/04\/wholesale-insulated-water-bottle-details-3-150x150.webp 150w, https:\/\/moyahousehold.com\/wp-content\/uploads\/2024\/04\/wholesale-insulated-water-bottle-details-3-768x768.webp 768w, https:\/\/moyahousehold.com\/wp-content\/uploads\/2024\/04\/wholesale-insulated-water-bottle-details-3-12x12.webp 12w, https:\/\/moyahousehold.com\/wp-content\/uploads\/2024\/04\/wholesale-insulated-water-bottle-details-3-285x285.webp 285w, https:\/\/moyahousehold.com\/wp-content\/uploads\/2024\/04\/wholesale-insulated-water-bottle-details-3-270x270.webp 270w, https:\/\/moyahousehold.com\/wp-content\/uploads\/2024\/04\/wholesale-insulated-water-bottle-details-3-540x540.webp 540w, https:\/\/moyahousehold.com\/wp-content\/uploads\/2024\/04\/wholesale-insulated-water-bottle-details-3-660x660.webp 660w\" sizes=\"(max-width: 1600px) 100vw, 1600px\" \/><\/figure>\n<\/div>\n\n\n\n<div class=\"wp-block-column is-layout-flow wp-block-column-is-layout-flow\">\n<figure class=\"wp-block-image size-full\"><img loading=\"lazy\" decoding=\"async\" width=\"1600\" height=\"1600\" src=\"https:\/\/moyahousehold.com\/wp-content\/uploads\/2024\/04\/wholesale-insulated-water-bottle-details-4.webp\" alt=\"mayorista botella de agua aislada detalles (4)\" class=\"wp-image-10280\" srcset=\"https:\/\/moyahousehold.com\/wp-content\/uploads\/2024\/04\/wholesale-insulated-water-bottle-details-4.webp 1600w, https:\/\/moyahousehold.com\/wp-content\/uploads\/2024\/04\/wholesale-insulated-water-bottle-details-4-300x300.webp 300w, https:\/\/moyahousehold.com\/wp-content\/uploads\/2024\/04\/wholesale-insulated-water-bottle-details-4-150x150.webp 150w, https:\/\/moyahousehold.com\/wp-content\/uploads\/2024\/04\/wholesale-insulated-water-bottle-details-4-768x768.webp 768w, https:\/\/moyahousehold.com\/wp-content\/uploads\/2024\/04\/wholesale-insulated-water-bottle-details-4-12x12.webp 12w, https:\/\/moyahousehold.com\/wp-content\/uploads\/2024\/04\/wholesale-insulated-water-bottle-details-4-285x285.webp 285w, https:\/\/moyahousehold.com\/wp-content\/uploads\/2024\/04\/wholesale-insulated-water-bottle-details-4-270x270.webp 270w, https:\/\/moyahousehold.com\/wp-content\/uploads\/2024\/04\/wholesale-insulated-water-bottle-details-4-540x540.webp 540w, https:\/\/moyahousehold.com\/wp-content\/uploads\/2024\/04\/wholesale-insulated-water-bottle-details-4-660x660.webp 660w\" sizes=\"(max-width: 1600px) 100vw, 1600px\" \/><\/figure>\n<\/div>\n<\/div>\n\n\n\n<p><\/p>","protected":false},"excerpt":{"rendered":"<p>MOYA fabricante de botellas de agua, venta al por mayor de botellas de agua aisladas de estilo sencillo, fabricadas en acero inoxidable SUS304 de alta calidad, sanas e inocuas, que garantizan la seguridad de las bebidas. La capacidad est\u00e1 disponible en 350ml y 500ml, y una variedad de colores est\u00e1n disponibles. Ofrecemos servicios de personalizaci\u00f3n OEM y ODM, y aceptamos pedidos al por mayor y de peque\u00f1os lotes.<\/p>\n<h3>Caracter\u00edsticas y ventajas de la botella de agua isot\u00e9rmica de 500 ml<\/h3>\n<p><strong>Dise\u00f1o sencillo:<\/strong> La botella de agua isot\u00e9rmica tiene un aspecto delicado y sencillo, es f\u00e1cil de transportar y tiene una variedad de colores para elegir, adecuada para usuarios con diferentes preferencias.<\/p>\n<p><strong>Material saludable:<\/strong> La botella de agua aislada est\u00e1 hecha de acero inoxidable 304 de calidad alimentaria, que tiene buena durabilidad y resistencia a la corrosi\u00f3n, no contiene BPA y es segura para beber.<\/p>\n<p><strong>Efecto aislante de alta calidad:<\/strong> La botella de agua isot\u00e9rmica adopta la tecnolog\u00eda de aislamiento al vac\u00edo de doble capa, que puede mantener eficazmente la temperatura de la bebida y es adecuada para almacenar bebidas calientes y heladas.<\/p>\n<p><strong>Servicio personalizado:<\/strong> El fabricante de botellas de agua MOYA admite la personalizaci\u00f3n OEM&amp;ODM y ofrece soluciones de personalizaci\u00f3n personalizadas para su marca.<\/p>\n<p><strong>Servicio mayorista:<\/strong> Ofrecemos servicio de venta al por mayor de botellas de agua aisladas a precios de f\u00e1brica, y nuestra gran capacidad de producci\u00f3n nos permite realizar adquisiciones a gran escala y pedidos de lotes peque\u00f1os.<\/p>\n<p><a href=\"https:\/\/moyahousehold.com\/es\/solucion-personalizada\/\"><strong>M\u00e1s informaci\u00f3n sobre soluciones OEM y ODM personalizadas para botellas de agua isot\u00e9rmicas.<\/strong><\/a><\/p>","protected":false},"featured_media":12775,"comment_status":"closed","ping_status":"closed","template":"","meta":[],"product_cat":[53],"product_tag":[105],"class_list":{"0":"post-3080","1":"product","2":"type-product","3":"status-publish","4":"has-post-thumbnail","6":"product_cat-vacuum-bottle-wholesale","7":"product_tag-wholesale-500ml-insulated-water-bottles","9":"first","10":"instock","11":"shipping-taxable","12":"product-type-simple"},"_links":{"self":[{"href":"https:\/\/moyahousehold.com\/es\/wp-json\/wp\/v2\/product\/3080","targetHints":{"allow":["GET"]}}],"collection":[{"href":"https:\/\/moyahousehold.com\/es\/wp-json\/wp\/v2\/product"}],"about":[{"href":"https:\/\/moyahousehold.com\/es\/wp-json\/wp\/v2\/types\/product"}],"replies":[{"embeddable":true,"href":"https:\/\/moyahousehold.com\/es\/wp-json\/wp\/v2\/comments?post=3080"}],"version-history":[{"count":8,"href":"https:\/\/moyahousehold.com\/es\/wp-json\/wp\/v2\/product\/3080\/revisions"}],"predecessor-version":[{"id":12785,"href":"https:\/\/moyahousehold.com\/es\/wp-json\/wp\/v2\/product\/3080\/revisions\/12785"}],"wp:featuredmedia":[{"embeddable":true,"href":"https:\/\/moyahousehold.com\/es\/wp-json\/wp\/v2\/media\/12775"}],"wp:attachment":[{"href":"https:\/\/moyahousehold.com\/es\/wp-json\/wp\/v2\/media?parent=3080"}],"wp:term":[{"taxonomy":"product_cat","embeddable":true,"href":"https:\/\/moyahousehold.com\/es\/wp-json\/wp\/v2\/product_cat?post=3080"},{"taxonomy":"product_tag","embeddable":true,"href":"https:\/\/moyahousehold.com\/es\/wp-json\/wp\/v2\/product_tag?post=3080"}],"curies":[{"name":"wp","href":"https:\/\/api.w.org\/{rel}","templated":true}]}}