{"id":3179,"date":"2024-04-21T05:51:57","date_gmt":"2024-04-21T05:51:57","guid":{"rendered":"https:\/\/moyahousehold.com\/?post_type=product&#038;p=3179"},"modified":"2026-04-08T06:49:44","modified_gmt":"2026-04-08T06:49:44","slug":"bulk-500ml-insulated-water-bottles-with-handle","status":"publish","type":"product","link":"https:\/\/moyahousehold.com\/es\/producto\/bulk-500ml-insulated-water-bottles-with-handle\/","title":{"rendered":"A granel 500mL aislado botellas de agua con asa, al por mayor elegante termo botellas, apoyo OEM y ODM"},"content":{"rendered":"<div class=\"wp-block-columns is-layout-flex wp-container-core-columns-is-layout-9d6595d7 wp-block-columns-is-layout-flex\">\n<div class=\"wp-block-column is-layout-flow wp-block-column-is-layout-flow\">\n<figure class=\"wp-block-image size-full\"><img fetchpriority=\"high\" decoding=\"async\" width=\"6240\" height=\"3512\" src=\"https:\/\/moyahousehold.com\/wp-content\/uploads\/2024\/04\/\u5927\u5408\u7167-2-1.jpg\" alt=\"Premium 500ml Insulated Bottle with Handle | 24-Hour Hot &amp; Cold Retention\" class=\"wp-image-12725\" srcset=\"https:\/\/moyahousehold.com\/wp-content\/uploads\/2024\/04\/\u5927\u5408\u7167-2-1.jpg 6240w, https:\/\/moyahousehold.com\/wp-content\/uploads\/2024\/04\/\u5927\u5408\u7167-2-1-300x169.jpg 300w, https:\/\/moyahousehold.com\/wp-content\/uploads\/2024\/04\/\u5927\u5408\u7167-2-1-768x432.jpg 768w, https:\/\/moyahousehold.com\/wp-content\/uploads\/2024\/04\/\u5927\u5408\u7167-2-1-18x10.jpg 18w, https:\/\/moyahousehold.com\/wp-content\/uploads\/2024\/04\/\u5927\u5408\u7167-2-1-285x160.jpg 285w, https:\/\/moyahousehold.com\/wp-content\/uploads\/2024\/04\/\u5927\u5408\u7167-2-1-1600x901.jpg 1600w, https:\/\/moyahousehold.com\/wp-content\/uploads\/2024\/04\/\u5927\u5408\u7167-2-1-660x371.jpg 660w, https:\/\/moyahousehold.com\/wp-content\/uploads\/2024\/04\/\u5927\u5408\u7167-2-1-150x84.jpg 150w\" sizes=\"(max-width: 6240px) 100vw, 6240px\" \/><\/figure>\n\n\n\n<h3 class=\"wp-block-heading\">Par\u00e1metros de las botellas de agua isot\u00e9rmicas al por mayor<\/h3>\n\n\n\n<figure class=\"wp-block-table\"><table class=\"has-fixed-layout\"><tbody><tr><td>Art\u00edculo<\/td><td>Capacidad<\/td><td>Color<\/td><td>Material<\/td><td>Dimensiones<\/td><td>G.W.\/PCS<\/td><\/tr><tr><td>MY0894<\/td><td>500Ml<\/td><td>Black\/White\/Dark green<\/td><td>304 + PP + Silica gel<\/td><td>7.5*7.5*22.8<\/td><td>0,4 kg<\/td><\/tr><\/tbody><\/table><\/figure>\n<\/div>\n<\/div>\n\n\n\n<h3 class=\"wp-block-heading\">Opciones de botellas de agua isot\u00e9rmicas personalizadas<\/h3>\n\n\n\n<p><strong>Tapas<\/strong>: Stainless steel pressure lid, handle lid, wooden lid.<br><strong>Logotipo<\/strong>: Customize your brand logo on products and packaging.<br><strong>Logo Options<\/strong>: Printed logo, laser engraved logo, etc.<br><strong>Patrones<\/strong>: Impresi\u00f3n de motivos en botellas isot\u00e9rmicas.<br><strong>Printing Technology<\/strong>: Water transfer printing, silk screen printing, heat transfer printing, sublimation transfer, etc.<br><strong>Embalaje<\/strong>: Color box.<br><a href=\"https:\/\/moyahousehold.com\/es\/solucion-personalizada\/\" data-type=\"page\" data-id=\"2817\" target=\"_blank\" rel=\"noreferrer noopener\"><strong>Obtenga m\u00e1s informaci\u00f3n sobre soluciones personalizadas para botellas de agua isot\u00e9rmicas.<\/strong><\/a><\/p>\n\n\n\n<div class=\"wp-block-columns is-layout-flex wp-container-core-columns-is-layout-9d6595d7 wp-block-columns-is-layout-flex\">\n<div class=\"wp-block-column is-layout-flow wp-block-column-is-layout-flow\">\n<figure class=\"wp-block-image size-full\"><img decoding=\"async\" width=\"2694\" height=\"2694\" src=\"https:\/\/moyahousehold.com\/wp-content\/uploads\/2024\/04\/wholesale-bulk-insulated-water-bottles-3.jpg\" alt=\"botellas de agua isot\u00e9rmicas al por mayor (3)\" class=\"wp-image-6996\" srcset=\"https:\/\/moyahousehold.com\/wp-content\/uploads\/2024\/04\/wholesale-bulk-insulated-water-bottles-3.jpg 2694w, https:\/\/moyahousehold.com\/wp-content\/uploads\/2024\/04\/wholesale-bulk-insulated-water-bottles-3-300x300.jpg 300w, https:\/\/moyahousehold.com\/wp-content\/uploads\/2024\/04\/wholesale-bulk-insulated-water-bottles-3-150x150.jpg 150w, https:\/\/moyahousehold.com\/wp-content\/uploads\/2024\/04\/wholesale-bulk-insulated-water-bottles-3-768x768.jpg 768w, https:\/\/moyahousehold.com\/wp-content\/uploads\/2024\/04\/wholesale-bulk-insulated-water-bottles-3-12x12.jpg 12w, https:\/\/moyahousehold.com\/wp-content\/uploads\/2024\/04\/wholesale-bulk-insulated-water-bottles-3-285x285.jpg 285w, https:\/\/moyahousehold.com\/wp-content\/uploads\/2024\/04\/wholesale-bulk-insulated-water-bottles-3-1600x1600.jpg 1600w, https:\/\/moyahousehold.com\/wp-content\/uploads\/2024\/04\/wholesale-bulk-insulated-water-bottles-3-270x270.jpg 270w, https:\/\/moyahousehold.com\/wp-content\/uploads\/2024\/04\/wholesale-bulk-insulated-water-bottles-3-540x540.jpg 540w, https:\/\/moyahousehold.com\/wp-content\/uploads\/2024\/04\/wholesale-bulk-insulated-water-bottles-3-660x660.jpg 660w\" sizes=\"(max-width: 2694px) 100vw, 2694px\" \/><\/figure>\n<\/div>\n\n\n\n<div class=\"wp-block-column is-layout-flow wp-block-column-is-layout-flow\">\n<figure class=\"wp-block-image size-full\"><img decoding=\"async\" width=\"2923\" height=\"2923\" src=\"https:\/\/moyahousehold.com\/wp-content\/uploads\/2024\/04\/wholesale-bulk-insulated-water-bottles-4.jpg\" alt=\"botellas de agua isot\u00e9rmicas al por mayor (4)\" class=\"wp-image-6997\" srcset=\"https:\/\/moyahousehold.com\/wp-content\/uploads\/2024\/04\/wholesale-bulk-insulated-water-bottles-4.jpg 2923w, https:\/\/moyahousehold.com\/wp-content\/uploads\/2024\/04\/wholesale-bulk-insulated-water-bottles-4-300x300.jpg 300w, https:\/\/moyahousehold.com\/wp-content\/uploads\/2024\/04\/wholesale-bulk-insulated-water-bottles-4-150x150.jpg 150w, https:\/\/moyahousehold.com\/wp-content\/uploads\/2024\/04\/wholesale-bulk-insulated-water-bottles-4-768x768.jpg 768w, https:\/\/moyahousehold.com\/wp-content\/uploads\/2024\/04\/wholesale-bulk-insulated-water-bottles-4-12x12.jpg 12w, https:\/\/moyahousehold.com\/wp-content\/uploads\/2024\/04\/wholesale-bulk-insulated-water-bottles-4-285x285.jpg 285w, https:\/\/moyahousehold.com\/wp-content\/uploads\/2024\/04\/wholesale-bulk-insulated-water-bottles-4-1600x1600.jpg 1600w, https:\/\/moyahousehold.com\/wp-content\/uploads\/2024\/04\/wholesale-bulk-insulated-water-bottles-4-270x270.jpg 270w, https:\/\/moyahousehold.com\/wp-content\/uploads\/2024\/04\/wholesale-bulk-insulated-water-bottles-4-540x540.jpg 540w, https:\/\/moyahousehold.com\/wp-content\/uploads\/2024\/04\/wholesale-bulk-insulated-water-bottles-4-660x660.jpg 660w\" sizes=\"(max-width: 2923px) 100vw, 2923px\" \/><\/figure>\n<\/div>\n<\/div>\n\n\n\n<div class=\"wp-block-columns is-layout-flex wp-container-core-columns-is-layout-9d6595d7 wp-block-columns-is-layout-flex\">\n<div class=\"wp-block-column is-layout-flow wp-block-column-is-layout-flow\">\n<figure class=\"wp-block-image size-full\"><img loading=\"lazy\" decoding=\"async\" width=\"3462\" height=\"3462\" src=\"https:\/\/moyahousehold.com\/wp-content\/uploads\/2024\/04\/JS-\u97e9\u5f0f\u676f-8.jpg\" alt=\"Premium 500ml Insulated Bottle with Handle | 24-Hour Hot &amp; Cold Retention\" class=\"wp-image-12728\" srcset=\"https:\/\/moyahousehold.com\/wp-content\/uploads\/2024\/04\/JS-\u97e9\u5f0f\u676f-8.jpg 3462w, https:\/\/moyahousehold.com\/wp-content\/uploads\/2024\/04\/JS-\u97e9\u5f0f\u676f-8-300x300.jpg 300w, https:\/\/moyahousehold.com\/wp-content\/uploads\/2024\/04\/JS-\u97e9\u5f0f\u676f-8-150x150.jpg 150w, https:\/\/moyahousehold.com\/wp-content\/uploads\/2024\/04\/JS-\u97e9\u5f0f\u676f-8-768x768.jpg 768w, https:\/\/moyahousehold.com\/wp-content\/uploads\/2024\/04\/JS-\u97e9\u5f0f\u676f-8-12x12.jpg 12w, https:\/\/moyahousehold.com\/wp-content\/uploads\/2024\/04\/JS-\u97e9\u5f0f\u676f-8-285x285.jpg 285w, https:\/\/moyahousehold.com\/wp-content\/uploads\/2024\/04\/JS-\u97e9\u5f0f\u676f-8-1600x1600.jpg 1600w, https:\/\/moyahousehold.com\/wp-content\/uploads\/2024\/04\/JS-\u97e9\u5f0f\u676f-8-270x270.jpg 270w, https:\/\/moyahousehold.com\/wp-content\/uploads\/2024\/04\/JS-\u97e9\u5f0f\u676f-8-540x540.jpg 540w, https:\/\/moyahousehold.com\/wp-content\/uploads\/2024\/04\/JS-\u97e9\u5f0f\u676f-8-660x660.jpg 660w\" sizes=\"(max-width: 3462px) 100vw, 3462px\" \/><\/figure>\n<\/div>\n\n\n\n<div class=\"wp-block-column is-layout-flow wp-block-column-is-layout-flow\">\n<figure class=\"wp-block-image size-full\"><img loading=\"lazy\" decoding=\"async\" width=\"3488\" height=\"3488\" src=\"https:\/\/moyahousehold.com\/wp-content\/uploads\/2024\/04\/JS-\u97e9\u5f0f\u676f-4.jpg\" alt=\"Premium 500ml Insulated Bottle with Handle | 24-Hour Hot &amp; Cold Retention\" class=\"wp-image-12745\" srcset=\"https:\/\/moyahousehold.com\/wp-content\/uploads\/2024\/04\/JS-\u97e9\u5f0f\u676f-4.jpg 3488w, https:\/\/moyahousehold.com\/wp-content\/uploads\/2024\/04\/JS-\u97e9\u5f0f\u676f-4-300x300.jpg 300w, https:\/\/moyahousehold.com\/wp-content\/uploads\/2024\/04\/JS-\u97e9\u5f0f\u676f-4-150x150.jpg 150w, https:\/\/moyahousehold.com\/wp-content\/uploads\/2024\/04\/JS-\u97e9\u5f0f\u676f-4-768x768.jpg 768w, https:\/\/moyahousehold.com\/wp-content\/uploads\/2024\/04\/JS-\u97e9\u5f0f\u676f-4-12x12.jpg 12w, https:\/\/moyahousehold.com\/wp-content\/uploads\/2024\/04\/JS-\u97e9\u5f0f\u676f-4-285x285.jpg 285w, https:\/\/moyahousehold.com\/wp-content\/uploads\/2024\/04\/JS-\u97e9\u5f0f\u676f-4-1600x1600.jpg 1600w, https:\/\/moyahousehold.com\/wp-content\/uploads\/2024\/04\/JS-\u97e9\u5f0f\u676f-4-270x270.jpg 270w, https:\/\/moyahousehold.com\/wp-content\/uploads\/2024\/04\/JS-\u97e9\u5f0f\u676f-4-540x540.jpg 540w, https:\/\/moyahousehold.com\/wp-content\/uploads\/2024\/04\/JS-\u97e9\u5f0f\u676f-4-660x660.jpg 660w\" sizes=\"(max-width: 3488px) 100vw, 3488px\" \/><\/figure>\n<\/div>\n<\/div>\n\n\n\n<p><\/p>","protected":false},"excerpt":{"rendered":"<p>Wholesale 500ML insulated water bottles with handle, the lid has a handle design, easy to carry, suitable for daily use. Made of 304 stainless steel, with a paint finish on the outer layer, scratch-resistant and beautiful. Support OEM &amp; ODM, including LOGO, color, packaging and other personalized designs. Welcome to contact us for a quote.<\/p>\n<h3>Caracter\u00edsticas y ventajas de las botellas de agua isot\u00e9rmicas al por mayor<\/h3>\n<p><strong>Multiplicar Color:<\/strong> Ofrecemos m\u00faltiples colores para la selecci\u00f3n de nuestras botellas de agua aisladas al por mayor.<\/p>\n<p><strong>Excelente dise\u00f1o:<\/strong> La tapa giratoria se abre f\u00e1cilmente con un suave giro. La tapa de la botella de agua aislada tiene un di\u00e1metro ancho, por lo que resulta c\u00f3modo verter agua y limpiar sin esfuerzo.<\/p>\n<p><strong>Good Insulation Performance:<\/strong> La botella de agua aislante tiene una capa de vac\u00edo dentro del cuerpo de la botella, que mantiene eficazmente el efecto aislante y puede mantener la temperatura de la bebida durante mucho tiempo.<\/p>\n<p><strong>High-Quality Material:<\/strong> La capa exterior est\u00e1 hecha de acero inoxidable 304 con pintura para hornear, que es duradera y hermosa, resistente a los ara\u00f1azos y al desgaste. La capa interior tambi\u00e9n utiliza acero inoxidable 304 para garantizar la salud y la seguridad de la bebida.<\/p>\n<p><strong>Wholesale Insulated Water Bottle Service:<\/strong> Ofrecemos botellas de agua aisladas al por mayor a precios de f\u00e1brica, y proporcionamos muestras gratuitas.<\/p>\n<p><strong>OEM and ODM Customization:<\/strong> Apoyamos la personalizaci\u00f3n OEM y ODM de botellas de agua aisladas, cubriendo una amplia gama de opciones de personalizaci\u00f3n, incluyendo el color, la forma, el tama\u00f1o, la capacidad y el embalaje.<\/p>\n<p><strong><a href=\"https:\/\/moyahousehold.com\/es\/solucion-personalizada\/\" target=\"_blank\" rel=\"noopener\">M\u00e1s informaci\u00f3n sobre soluciones personalizadas de botellas de agua isot\u00e9rmicas.<\/a><\/strong><strong><br \/><\/strong><\/p>","protected":false},"featured_media":6989,"comment_status":"closed","ping_status":"closed","template":"","meta":[],"product_cat":[53],"product_tag":[105,148],"class_list":{"0":"post-3179","1":"product","2":"type-product","3":"status-publish","4":"has-post-thumbnail","6":"product_cat-vacuum-bottle-wholesale","7":"product_tag-wholesale-500ml-insulated-water-bottles","8":"product_tag-stainless-steel-thermos-bottle","10":"first","11":"instock","12":"shipping-taxable","13":"product-type-simple"},"_links":{"self":[{"href":"https:\/\/moyahousehold.com\/es\/wp-json\/wp\/v2\/product\/3179","targetHints":{"allow":["GET"]}}],"collection":[{"href":"https:\/\/moyahousehold.com\/es\/wp-json\/wp\/v2\/product"}],"about":[{"href":"https:\/\/moyahousehold.com\/es\/wp-json\/wp\/v2\/types\/product"}],"replies":[{"embeddable":true,"href":"https:\/\/moyahousehold.com\/es\/wp-json\/wp\/v2\/comments?post=3179"}],"version-history":[{"count":0,"href":"https:\/\/moyahousehold.com\/es\/wp-json\/wp\/v2\/product\/3179\/revisions"}],"wp:featuredmedia":[{"embeddable":true,"href":"https:\/\/moyahousehold.com\/es\/wp-json\/wp\/v2\/media\/6989"}],"wp:attachment":[{"href":"https:\/\/moyahousehold.com\/es\/wp-json\/wp\/v2\/media?parent=3179"}],"wp:term":[{"taxonomy":"product_cat","embeddable":true,"href":"https:\/\/moyahousehold.com\/es\/wp-json\/wp\/v2\/product_cat?post=3179"},{"taxonomy":"product_tag","embeddable":true,"href":"https:\/\/moyahousehold.com\/es\/wp-json\/wp\/v2\/product_tag?post=3179"}],"curies":[{"name":"wp","href":"https:\/\/api.w.org\/{rel}","templated":true}]}}