{"id":3180,"date":"2024-04-21T05:52:03","date_gmt":"2024-04-21T05:52:03","guid":{"rendered":"https:\/\/moyahousehold.com\/?post_type=product&#038;p=3180"},"modified":"2026-04-08T08:28:44","modified_gmt":"2026-04-08T08:28:44","slug":"wholesale-thermal-water-bottles-350ml","status":"publish","type":"product","link":"https:\/\/moyahousehold.com\/es\/producto\/wholesale-thermal-water-bottles-350ml\/","title":{"rendered":"Bulk Wholesale Small 350ML Insulated Bottles for Kids &amp; Travel | Custom OEM\/ODM"},"content":{"rendered":"<figure class=\"wp-block-image size-full\"><img fetchpriority=\"high\" decoding=\"async\" width=\"6101\" height=\"3434\" src=\"https:\/\/moyahousehold.com\/wp-content\/uploads\/2024\/04\/\u5927\u5408\u7167-1.jpg\" alt=\"Premium 500ml Insulated Bottle with Handle | 24-Hour Hot &amp; Cold Retention\" class=\"wp-image-12770\" srcset=\"https:\/\/moyahousehold.com\/wp-content\/uploads\/2024\/04\/\u5927\u5408\u7167-1.jpg 6101w, https:\/\/moyahousehold.com\/wp-content\/uploads\/2024\/04\/\u5927\u5408\u7167-1-300x169.jpg 300w, https:\/\/moyahousehold.com\/wp-content\/uploads\/2024\/04\/\u5927\u5408\u7167-1-768x432.jpg 768w, https:\/\/moyahousehold.com\/wp-content\/uploads\/2024\/04\/\u5927\u5408\u7167-1-18x10.jpg 18w, https:\/\/moyahousehold.com\/wp-content\/uploads\/2024\/04\/\u5927\u5408\u7167-1-285x160.jpg 285w, https:\/\/moyahousehold.com\/wp-content\/uploads\/2024\/04\/\u5927\u5408\u7167-1-1600x901.jpg 1600w, https:\/\/moyahousehold.com\/wp-content\/uploads\/2024\/04\/\u5927\u5408\u7167-1-660x371.jpg 660w, https:\/\/moyahousehold.com\/wp-content\/uploads\/2024\/04\/\u5927\u5408\u7167-1-150x84.jpg 150w\" sizes=\"(max-width: 6101px) 100vw, 6101px\" \/><\/figure>\n\n\n\n<p><\/p>\n\n\n\n<div class=\"wp-block-columns is-layout-flex wp-container-core-columns-is-layout-9d6595d7 wp-block-columns-is-layout-flex\">\n<div class=\"wp-block-column is-layout-flow wp-block-column-is-layout-flow\">\n<h3 class=\"wp-block-heading\">Par\u00e1metros de la botella de agua isot\u00e9rmica de 350 ml<\/h3>\n\n\n\n<figure class=\"wp-block-table\"><table class=\"has-fixed-layout\"><tbody><tr><td>Art\u00edculo<\/td><td>Capacidad<\/td><td>Color<\/td><td>Material<\/td><td>Dimensiones<\/td><td>G.W.\/PCS<\/td><\/tr><tr><td>MY0615<\/td><td>350ML<\/td><td>Black\/White\/Pink\/Dark Green<\/td><td>304 + PP + Silica Gel<\/td><td>7.3*7.3*18.4<\/td><td>0,4 kg<\/td><\/tr><\/tbody><\/table><\/figure>\n<\/div>\n<\/div>\n\n\n\n<h3 class=\"wp-block-heading\">Custom 350ML Insulated Water Bottle Options<\/h3>\n\n\n\n<p><strong>Tapas:<\/strong> Stainless steel pressure lid, handle lid, wooden lid.<br><strong>Logotipo: <\/strong>Customize your brand logo on products and packaging.<br><strong>Logo Options: <\/strong>Printed logo, laser engraved logo, etc.<br><strong>Patrones:<\/strong> Printing patterns on insulated water bottles.<br><strong>Printing Technology: <\/strong>Water transfer printing, silk screen printing, heat transfer printing, sublimation transfer, etc.<br><strong>Embalaje: <\/strong>Color box.<br><a href=\"https:\/\/moyahousehold.com\/es\/solucion-personalizada\/\" data-type=\"page\" data-id=\"2817\"><strong>M\u00e1s personalizaci\u00f3n<\/strong><\/a><\/p>\n\n\n\n<div class=\"wp-block-columns is-layout-flex wp-container-core-columns-is-layout-9d6595d7 wp-block-columns-is-layout-flex\">\n<div class=\"wp-block-column is-layout-flow wp-block-column-is-layout-flow\">\n<figure class=\"wp-block-image size-full\"><img decoding=\"async\" width=\"1600\" height=\"1600\" src=\"https:\/\/moyahousehold.com\/wp-content\/uploads\/2024\/04\/wholesale-350mL-samll-insulated-water-bottle-3.webp\" alt=\"venta al por mayor 350mL samll insulated water bottle (3)\" class=\"wp-image-10299\" srcset=\"https:\/\/moyahousehold.com\/wp-content\/uploads\/2024\/04\/wholesale-350mL-samll-insulated-water-bottle-3.webp 1600w, https:\/\/moyahousehold.com\/wp-content\/uploads\/2024\/04\/wholesale-350mL-samll-insulated-water-bottle-3-300x300.webp 300w, https:\/\/moyahousehold.com\/wp-content\/uploads\/2024\/04\/wholesale-350mL-samll-insulated-water-bottle-3-150x150.webp 150w, https:\/\/moyahousehold.com\/wp-content\/uploads\/2024\/04\/wholesale-350mL-samll-insulated-water-bottle-3-768x768.webp 768w, https:\/\/moyahousehold.com\/wp-content\/uploads\/2024\/04\/wholesale-350mL-samll-insulated-water-bottle-3-12x12.webp 12w, https:\/\/moyahousehold.com\/wp-content\/uploads\/2024\/04\/wholesale-350mL-samll-insulated-water-bottle-3-285x285.webp 285w, https:\/\/moyahousehold.com\/wp-content\/uploads\/2024\/04\/wholesale-350mL-samll-insulated-water-bottle-3-270x270.webp 270w, https:\/\/moyahousehold.com\/wp-content\/uploads\/2024\/04\/wholesale-350mL-samll-insulated-water-bottle-3-540x540.webp 540w, https:\/\/moyahousehold.com\/wp-content\/uploads\/2024\/04\/wholesale-350mL-samll-insulated-water-bottle-3-660x660.webp 660w\" sizes=\"(max-width: 1600px) 100vw, 1600px\" \/><\/figure>\n<\/div>\n\n\n\n<div class=\"wp-block-column is-layout-flow wp-block-column-is-layout-flow\">\n<figure class=\"wp-block-image size-full\"><img decoding=\"async\" width=\"1600\" height=\"1600\" src=\"https:\/\/moyahousehold.com\/wp-content\/uploads\/2024\/04\/wholesale-350mL-samll-insulated-water-bottle-4.webp\" alt=\"venta al por mayor 350mL samll insulated water bottle (4)\" class=\"wp-image-10300\" srcset=\"https:\/\/moyahousehold.com\/wp-content\/uploads\/2024\/04\/wholesale-350mL-samll-insulated-water-bottle-4.webp 1600w, https:\/\/moyahousehold.com\/wp-content\/uploads\/2024\/04\/wholesale-350mL-samll-insulated-water-bottle-4-300x300.webp 300w, https:\/\/moyahousehold.com\/wp-content\/uploads\/2024\/04\/wholesale-350mL-samll-insulated-water-bottle-4-150x150.webp 150w, https:\/\/moyahousehold.com\/wp-content\/uploads\/2024\/04\/wholesale-350mL-samll-insulated-water-bottle-4-768x768.webp 768w, https:\/\/moyahousehold.com\/wp-content\/uploads\/2024\/04\/wholesale-350mL-samll-insulated-water-bottle-4-12x12.webp 12w, https:\/\/moyahousehold.com\/wp-content\/uploads\/2024\/04\/wholesale-350mL-samll-insulated-water-bottle-4-285x285.webp 285w, https:\/\/moyahousehold.com\/wp-content\/uploads\/2024\/04\/wholesale-350mL-samll-insulated-water-bottle-4-270x270.webp 270w, https:\/\/moyahousehold.com\/wp-content\/uploads\/2024\/04\/wholesale-350mL-samll-insulated-water-bottle-4-540x540.webp 540w, https:\/\/moyahousehold.com\/wp-content\/uploads\/2024\/04\/wholesale-350mL-samll-insulated-water-bottle-4-660x660.webp 660w\" sizes=\"(max-width: 1600px) 100vw, 1600px\" \/><\/figure>\n<\/div>\n<\/div>\n\n\n\n<div class=\"wp-block-columns is-layout-flex wp-container-core-columns-is-layout-9d6595d7 wp-block-columns-is-layout-flex\">\n<div class=\"wp-block-column is-layout-flow wp-block-column-is-layout-flow\">\n<figure class=\"wp-block-image size-full\"><img loading=\"lazy\" decoding=\"async\" width=\"4160\" height=\"4160\" src=\"https:\/\/moyahousehold.com\/wp-content\/uploads\/2024\/04\/JS-\u7b80\u7ea6\u676f-20.jpg\" alt=\"Premium 350ml Insulated Bottle with Handle | 24-Hour Hot &amp; Cold Retention\" class=\"wp-image-12789\" srcset=\"https:\/\/moyahousehold.com\/wp-content\/uploads\/2024\/04\/JS-\u7b80\u7ea6\u676f-20.jpg 4160w, https:\/\/moyahousehold.com\/wp-content\/uploads\/2024\/04\/JS-\u7b80\u7ea6\u676f-20-300x300.jpg 300w, https:\/\/moyahousehold.com\/wp-content\/uploads\/2024\/04\/JS-\u7b80\u7ea6\u676f-20-150x150.jpg 150w, https:\/\/moyahousehold.com\/wp-content\/uploads\/2024\/04\/JS-\u7b80\u7ea6\u676f-20-768x768.jpg 768w, https:\/\/moyahousehold.com\/wp-content\/uploads\/2024\/04\/JS-\u7b80\u7ea6\u676f-20-12x12.jpg 12w, https:\/\/moyahousehold.com\/wp-content\/uploads\/2024\/04\/JS-\u7b80\u7ea6\u676f-20-285x285.jpg 285w, https:\/\/moyahousehold.com\/wp-content\/uploads\/2024\/04\/JS-\u7b80\u7ea6\u676f-20-1600x1600.jpg 1600w, https:\/\/moyahousehold.com\/wp-content\/uploads\/2024\/04\/JS-\u7b80\u7ea6\u676f-20-270x270.jpg 270w, https:\/\/moyahousehold.com\/wp-content\/uploads\/2024\/04\/JS-\u7b80\u7ea6\u676f-20-540x540.jpg 540w, https:\/\/moyahousehold.com\/wp-content\/uploads\/2024\/04\/JS-\u7b80\u7ea6\u676f-20-660x660.jpg 660w\" sizes=\"(max-width: 4160px) 100vw, 4160px\" \/><\/figure>\n<\/div>\n\n\n\n<div class=\"wp-block-column is-layout-flow wp-block-column-is-layout-flow\">\n<figure class=\"wp-block-image size-full\"><img loading=\"lazy\" decoding=\"async\" width=\"3902\" height=\"3902\" src=\"https:\/\/moyahousehold.com\/wp-content\/uploads\/2024\/04\/JS-\u7b80\u7ea6\u676f-16.jpg\" alt=\"Premium 350ml Insulated Bottle with Handle | 24-Hour Hot &amp; Cold Retention\" class=\"wp-image-12788\" srcset=\"https:\/\/moyahousehold.com\/wp-content\/uploads\/2024\/04\/JS-\u7b80\u7ea6\u676f-16.jpg 3902w, https:\/\/moyahousehold.com\/wp-content\/uploads\/2024\/04\/JS-\u7b80\u7ea6\u676f-16-300x300.jpg 300w, https:\/\/moyahousehold.com\/wp-content\/uploads\/2024\/04\/JS-\u7b80\u7ea6\u676f-16-150x150.jpg 150w, https:\/\/moyahousehold.com\/wp-content\/uploads\/2024\/04\/JS-\u7b80\u7ea6\u676f-16-768x768.jpg 768w, https:\/\/moyahousehold.com\/wp-content\/uploads\/2024\/04\/JS-\u7b80\u7ea6\u676f-16-12x12.jpg 12w, https:\/\/moyahousehold.com\/wp-content\/uploads\/2024\/04\/JS-\u7b80\u7ea6\u676f-16-285x285.jpg 285w, https:\/\/moyahousehold.com\/wp-content\/uploads\/2024\/04\/JS-\u7b80\u7ea6\u676f-16-1600x1600.jpg 1600w, https:\/\/moyahousehold.com\/wp-content\/uploads\/2024\/04\/JS-\u7b80\u7ea6\u676f-16-270x270.jpg 270w, https:\/\/moyahousehold.com\/wp-content\/uploads\/2024\/04\/JS-\u7b80\u7ea6\u676f-16-540x540.jpg 540w, https:\/\/moyahousehold.com\/wp-content\/uploads\/2024\/04\/JS-\u7b80\u7ea6\u676f-16-660x660.jpg 660w\" sizes=\"(max-width: 3902px) 100vw, 3902px\" \/><\/figure>\n<\/div>\n<\/div>\n\n\n\n<p><\/p>","protected":false},"excerpt":{"rendered":"<p>Venta al por mayor 350mL botellas de agua con aislamiento, dise\u00f1o peque\u00f1o y ligero, adecuado para el uso diario y llevar a cabo, la cubierta interior adopta un dise\u00f1o sellado para evitar eficazmente las fugas de agua, m\u00e1s tranquilidad cuando se utiliza. MOYA fabricante de botellas de agua apoya los pedidos de lotes peque\u00f1os y grandes, ofrece servicios profesionales de OEM y ODM, p\u00f3ngase en contacto con nosotros para una cotizaci\u00f3n.<\/p>\n<h3>Caracter\u00edsticas y ventajas de la botella de agua isot\u00e9rmica peque\u00f1a de 350 ml<\/h3>\n<div>\n<p><strong>Small Capacity: <\/strong>La capacidad de esta peque\u00f1a cantimplora isot\u00e9rmica es de 350 ml, adecuada para el transporte y el uso diarios y para satisfacer las necesidades de agua potable.<\/p>\n<p><strong>Lightweight and Portable: <\/strong>La botella de agua aislada es peque\u00f1a y ligera, f\u00e1cil de meter en la bolsa, y puede reponer agua en cualquier momento y lugar.<\/p>\n<p><strong>Fashion Appearance: <\/strong>La botella de agua isot\u00e9rmica tiene un aspecto \u00fanico, sencillo y moderno, que gusta mucho a los consumidores.<\/p>\n<p><strong>Healthy Material:<\/strong> Fabricado en acero inoxidable 304 de calidad alimentaria, no contiene BPA, tiene buena durabilidad y resistencia a la corrosi\u00f3n, es seguro y no t\u00f3xico, y garantiza la salud de la bebida.<\/p>\n<p><strong>Professional Wholesale Service:<\/strong> El fabricante de botellas de agua MOYA ofrece el mejor servicio al por mayor de botellas de agua aisladas, proporciona muestras gratuitas, admite pedidos de lotes peque\u00f1os y compras de lotes grandes.<\/p>\n<p><strong>Custom Insulated Water Bottle Service:<\/strong> Admite soluciones personalizadas OEM&amp;ODM, incluido el cuerpo de la botella, la capacidad, el color del envase y otros dise\u00f1os personalizados para satisfacer las necesidades de su marca.<\/p>\n<\/div>\n<p><strong><a href=\"https:\/\/moyahousehold.com\/es\/solucion-personalizada\/\">M\u00e1s informaci\u00f3n sobre soluciones personalizadas de OEM&amp;ODM para botellas de agua isot\u00e9rmicas.\u00a0<\/a><\/strong><\/p>","protected":false},"featured_media":10295,"comment_status":"closed","ping_status":"closed","template":"","meta":[],"product_cat":[53],"product_tag":[104],"class_list":{"0":"post-3180","1":"product","2":"type-product","3":"status-publish","4":"has-post-thumbnail","6":"product_cat-vacuum-bottle-wholesale","7":"product_tag-wholesale-350ml-insulated-water-bottles","9":"first","10":"instock","11":"shipping-taxable","12":"product-type-simple"},"_links":{"self":[{"href":"https:\/\/moyahousehold.com\/es\/wp-json\/wp\/v2\/product\/3180","targetHints":{"allow":["GET"]}}],"collection":[{"href":"https:\/\/moyahousehold.com\/es\/wp-json\/wp\/v2\/product"}],"about":[{"href":"https:\/\/moyahousehold.com\/es\/wp-json\/wp\/v2\/types\/product"}],"replies":[{"embeddable":true,"href":"https:\/\/moyahousehold.com\/es\/wp-json\/wp\/v2\/comments?post=3180"}],"version-history":[{"count":0,"href":"https:\/\/moyahousehold.com\/es\/wp-json\/wp\/v2\/product\/3180\/revisions"}],"wp:featuredmedia":[{"embeddable":true,"href":"https:\/\/moyahousehold.com\/es\/wp-json\/wp\/v2\/media\/10295"}],"wp:attachment":[{"href":"https:\/\/moyahousehold.com\/es\/wp-json\/wp\/v2\/media?parent=3180"}],"wp:term":[{"taxonomy":"product_cat","embeddable":true,"href":"https:\/\/moyahousehold.com\/es\/wp-json\/wp\/v2\/product_cat?post=3180"},{"taxonomy":"product_tag","embeddable":true,"href":"https:\/\/moyahousehold.com\/es\/wp-json\/wp\/v2\/product_tag?post=3180"}],"curies":[{"name":"wp","href":"https:\/\/api.w.org\/{rel}","templated":true}]}}