{"id":3272,"date":"2024-04-21T08:06:23","date_gmt":"2024-04-21T08:06:23","guid":{"rendered":"https:\/\/moyahousehold.com\/?post_type=product&#038;p=3272"},"modified":"2025-02-06T10:15:53","modified_gmt":"2025-02-06T10:15:53","slug":"stylish-wholesale-thermos-bottles-with-elegant-wooden-lids","status":"publish","type":"product","link":"https:\/\/moyahousehold.com\/es\/producto\/stylish-wholesale-thermos-bottles-with-elegant-wooden-lids\/","title":{"rendered":"Mayorista Termos 350mL con Elegante Tapa de Madera"},"content":{"rendered":"<div class=\"wp-block-columns is-layout-flex wp-container-core-columns-is-layout-9d6595d7 wp-block-columns-is-layout-flex\">\n<div class=\"wp-block-column is-layout-flow wp-block-column-is-layout-flow\">\n<h3 class=\"wp-block-heading\">Par\u00e1metros de los termos al por mayor<\/h3>\n\n\n\n<figure class=\"wp-block-table\"><table class=\"has-fixed-layout\"><tbody><tr><td>Producto&nbsp;<\/td><td>Capacidad<\/td><td>Modelo<\/td><td>Color<\/td><td>Material<\/td><td>Dimensiones<\/td><td>Peso bruto<\/td><\/tr><tr><td>Botella termo de 350 ml con tapa de madera<\/td><td>350 ml<\/td><td>MY0893<\/td><td>negro,<br>blanco,<br>rosa,<br>beige,<br>rojo chino<\/td><td>PP, acero inoxidable 304, gel de s\u00edlice,<br>haya<\/td><td>73x73x175mm<\/td><td>0,6 kg<\/td><\/tr><\/tbody><\/table><\/figure>\n<\/div>\n<\/div>\n\n\n\n<h3 class=\"wp-block-heading\">Opciones de termos personalizados<\/h3>\n\n\n\n<p><strong>Tapas<\/strong>: tapa a presi\u00f3n de acero inoxidable, tapa con asa, tapa de madera.<br><strong>Logotipo<\/strong>Personalice el logotipo de su marca en los productos y embalajes.<br><strong>Opciones de logotipo<\/strong>Logotipo impreso, logotipo grabado con l\u00e1ser, etc.<br><strong>Patrones<\/strong>Impresi\u00f3n de motivos en botellas t\u00e9rmicas.<br><strong>Tecnolog\u00eda de impresi\u00f3n<\/strong>Impresi\u00f3n por transferencia de agua, serigraf\u00eda, transferencia de calor, sublimaci\u00f3n, etc.<br><strong>Embalaje<\/strong>: caja de color.<br><a href=\"https:\/\/moyahousehold.com\/es\/solucion-personalizada\/\" data-type=\"page\" data-id=\"2817\" target=\"_blank\" rel=\"noreferrer noopener\"><strong>Obtenga m\u00e1s informaci\u00f3n sobre soluciones personalizadas para botellas t\u00e9rmicas.<\/strong><\/a><\/p>\n\n\n\n<div class=\"wp-block-columns is-layout-flex wp-container-core-columns-is-layout-9d6595d7 wp-block-columns-is-layout-flex\">\n<div class=\"wp-block-column is-layout-flow wp-block-column-is-layout-flow\">\n<figure class=\"wp-block-image size-full\"><img fetchpriority=\"high\" decoding=\"async\" width=\"1600\" height=\"1600\" src=\"https:\/\/moyahousehold.com\/wp-content\/uploads\/2024\/04\/350mL-thermos-bottle-details-1.webp\" alt=\"Detalles de la botella termo de 350 ml (1)\" class=\"wp-image-10306\" srcset=\"https:\/\/moyahousehold.com\/wp-content\/uploads\/2024\/04\/350mL-thermos-bottle-details-1.webp 1600w, https:\/\/moyahousehold.com\/wp-content\/uploads\/2024\/04\/350mL-thermos-bottle-details-1-300x300.webp 300w, https:\/\/moyahousehold.com\/wp-content\/uploads\/2024\/04\/350mL-thermos-bottle-details-1-150x150.webp 150w, https:\/\/moyahousehold.com\/wp-content\/uploads\/2024\/04\/350mL-thermos-bottle-details-1-768x768.webp 768w, https:\/\/moyahousehold.com\/wp-content\/uploads\/2024\/04\/350mL-thermos-bottle-details-1-12x12.webp 12w, https:\/\/moyahousehold.com\/wp-content\/uploads\/2024\/04\/350mL-thermos-bottle-details-1-285x285.webp 285w, https:\/\/moyahousehold.com\/wp-content\/uploads\/2024\/04\/350mL-thermos-bottle-details-1-270x270.webp 270w, https:\/\/moyahousehold.com\/wp-content\/uploads\/2024\/04\/350mL-thermos-bottle-details-1-540x540.webp 540w, https:\/\/moyahousehold.com\/wp-content\/uploads\/2024\/04\/350mL-thermos-bottle-details-1-660x660.webp 660w\" sizes=\"(max-width: 1600px) 100vw, 1600px\" \/><\/figure>\n<\/div>\n\n\n\n<div class=\"wp-block-column is-layout-flow wp-block-column-is-layout-flow\">\n<figure class=\"wp-block-image size-full\"><img decoding=\"async\" width=\"1600\" height=\"1600\" src=\"https:\/\/moyahousehold.com\/wp-content\/uploads\/2024\/04\/350mL-thermos-bottle-details-2.webp\" alt=\"Detalles de la botella termo de 350 ml (2)\" class=\"wp-image-10307\" srcset=\"https:\/\/moyahousehold.com\/wp-content\/uploads\/2024\/04\/350mL-thermos-bottle-details-2.webp 1600w, https:\/\/moyahousehold.com\/wp-content\/uploads\/2024\/04\/350mL-thermos-bottle-details-2-300x300.webp 300w, https:\/\/moyahousehold.com\/wp-content\/uploads\/2024\/04\/350mL-thermos-bottle-details-2-150x150.webp 150w, https:\/\/moyahousehold.com\/wp-content\/uploads\/2024\/04\/350mL-thermos-bottle-details-2-768x768.webp 768w, https:\/\/moyahousehold.com\/wp-content\/uploads\/2024\/04\/350mL-thermos-bottle-details-2-12x12.webp 12w, https:\/\/moyahousehold.com\/wp-content\/uploads\/2024\/04\/350mL-thermos-bottle-details-2-285x285.webp 285w, https:\/\/moyahousehold.com\/wp-content\/uploads\/2024\/04\/350mL-thermos-bottle-details-2-270x270.webp 270w, https:\/\/moyahousehold.com\/wp-content\/uploads\/2024\/04\/350mL-thermos-bottle-details-2-540x540.webp 540w, https:\/\/moyahousehold.com\/wp-content\/uploads\/2024\/04\/350mL-thermos-bottle-details-2-660x660.webp 660w\" sizes=\"(max-width: 1600px) 100vw, 1600px\" \/><\/figure>\n<\/div>\n<\/div>","protected":false},"excerpt":{"rendered":"<p>Como uno de los mejores fabricantes de botellas termo en China,provice profesional al por mayor servicio de botella termo. Esta botella termo emparejado con tapa de arce, es exquisito y elegante, con beauty.Hanging cl\u00e1sico dise\u00f1o de la cuerda para recoger m\u00e1s elegante.nos provice una variedad de colores personalizados para satisfacer las preferencias de todo el mundo.si desea m\u00e1s opciones, ofrecemos una soluci\u00f3n integral botella termo personalizado.por favor no dude en contactar con nosotros si necesita ayuda.<\/p>\n<h3>Caracter\u00edsticas y ventajas de los termos al por mayor<\/h3>\n<div>1.Este cuerpo de botellas termo al por mayor est\u00e1 hecho de acero inoxidable 304, con aislamiento 24 horas y aislamiento en fr\u00edo.<\/div>\n<p>&nbsp;<\/p>\n<div>2. Equipado con cubierta de madera de arce y correa de cuero PU, es f\u00e1cil de llevar y f\u00e1cil de llevar para viajar.<\/div>\n<p>&nbsp;<\/p>\n<div>3.Las botellas termo al por mayor tienen un dise\u00f1o sencillo, y son duraderas con un aspecto exquisito y compacto.<\/p>\n<p>4.Los termos para mayoristas presentan una textura mate y ofrecen un agarre natural y c\u00f3modo.<\/div>\n<p>&nbsp;<\/p>\n<div>5. Gire la tapa para reponer la humedad en cualquier momento y lugar.<\/p>\n<p>6. Se puede elegir entre varios colores.<\/div>\n<p>&nbsp;<\/p>\n<p><strong><a href=\"https:\/\/moyahousehold.com\/es\/solucion-personalizada\/\" target=\"_blank\" rel=\"noopener\">7.Support OEM&amp;ODM soluci\u00f3n personalizada botella termo.<\/a><\/p>\n<p><\/strong><br \/><strong><br \/><\/strong><\/p>","protected":false},"featured_media":7444,"comment_status":"open","ping_status":"closed","template":"","meta":[],"product_cat":[53],"product_tag":[104],"class_list":{"0":"post-3272","1":"product","2":"type-product","3":"status-publish","4":"has-post-thumbnail","6":"product_cat-vacuum-bottle-wholesale","7":"product_tag-wholesale-350ml-insulated-water-bottles","9":"first","10":"instock","11":"shipping-taxable","12":"product-type-simple"},"_links":{"self":[{"href":"https:\/\/moyahousehold.com\/es\/wp-json\/wp\/v2\/product\/3272","targetHints":{"allow":["GET"]}}],"collection":[{"href":"https:\/\/moyahousehold.com\/es\/wp-json\/wp\/v2\/product"}],"about":[{"href":"https:\/\/moyahousehold.com\/es\/wp-json\/wp\/v2\/types\/product"}],"replies":[{"embeddable":true,"href":"https:\/\/moyahousehold.com\/es\/wp-json\/wp\/v2\/comments?post=3272"}],"version-history":[{"count":0,"href":"https:\/\/moyahousehold.com\/es\/wp-json\/wp\/v2\/product\/3272\/revisions"}],"wp:featuredmedia":[{"embeddable":true,"href":"https:\/\/moyahousehold.com\/es\/wp-json\/wp\/v2\/media\/7444"}],"wp:attachment":[{"href":"https:\/\/moyahousehold.com\/es\/wp-json\/wp\/v2\/media?parent=3272"}],"wp:term":[{"taxonomy":"product_cat","embeddable":true,"href":"https:\/\/moyahousehold.com\/es\/wp-json\/wp\/v2\/product_cat?post=3272"},{"taxonomy":"product_tag","embeddable":true,"href":"https:\/\/moyahousehold.com\/es\/wp-json\/wp\/v2\/product_tag?post=3272"}],"curies":[{"name":"wp","href":"https:\/\/api.w.org\/{rel}","templated":true}]}}