{"id":3299,"date":"2024-04-21T08:47:49","date_gmt":"2024-04-21T08:47:49","guid":{"rendered":"https:\/\/moyahousehold.com\/?post_type=product&#038;p=3299"},"modified":"2026-04-09T02:55:41","modified_gmt":"2026-04-09T02:55:41","slug":"wholesale-insulated-water-bottle-straight-style","status":"publish","type":"product","link":"https:\/\/moyahousehold.com\/es\/producto\/wholesale-insulated-water-bottle-straight-style\/","title":{"rendered":"Wholesale 350ML Insulated Water Bottles | Straight Style Car Thermal Flask for Vehicle Use"},"content":{"rendered":"<div class=\"wp-block-columns is-layout-flex wp-container-core-columns-is-layout-9d6595d7 wp-block-columns-is-layout-flex\">\n<div class=\"wp-block-column is-layout-flow wp-block-column-is-layout-flow\">\n<h3 class=\"wp-block-heading\">Par\u00e1metros de las botellas de agua isot\u00e9rmicas al por mayor<\/h3>\n\n\n\n<figure class=\"wp-block-table\"><table class=\"has-fixed-layout\"><tbody><tr><td>Art\u00edculo<\/td><td>Capacidad<\/td><td>Color<\/td><td>Material<\/td><td>Dimensiones<\/td><td>G.W.\/PCS<\/td><\/tr><tr><td>MY0839-A<\/td><td>350ML<\/td><td>Black\/White\/Nature<\/td><td>304 + PP + Silica Gel<\/td><td>7.3*7.3*18.0<\/td><td>0,4 kg<\/td><\/tr><\/tbody><\/table><\/figure>\n<\/div>\n<\/div>\n\n\n\n<h3 class=\"wp-block-heading\">Opciones de botellas de agua isot\u00e9rmicas personalizadas<\/h3>\n\n\n\n<p><strong>Tapas<\/strong>: Stainless steel pressure lid, handle lid, wooden lid.<br><strong>Logotipo<\/strong>: Customize your brand logo on products and packaging.<br><strong>Logo Options<\/strong>Logotipo impreso, logotipo grabado con l\u00e1ser, etc.<br><strong>Patrones<\/strong>: Printing patterns on insulated water bottles.<br><strong>Printing Technology<\/strong>: Water transfer printing, silk screen printing, heat transfer printing, sublimation transfer, etc.<br><strong>Paquete<\/strong>: Color box.<br><a href=\"https:\/\/moyahousehold.com\/es\/solucion-personalizada\/\" data-type=\"page\" data-id=\"2817\" target=\"_blank\" rel=\"noreferrer noopener\"><strong>Obtenga m\u00e1s informaci\u00f3n sobre soluciones personalizadas para botellas de agua isot\u00e9rmicas.<\/strong><\/a><\/p>\n\n\n\n<div class=\"wp-block-columns is-layout-flex wp-container-core-columns-is-layout-9d6595d7 wp-block-columns-is-layout-flex\">\n<div class=\"wp-block-column is-layout-flow wp-block-column-is-layout-flow\">\n<figure class=\"wp-block-image size-full\"><img fetchpriority=\"high\" decoding=\"async\" width=\"3875\" height=\"3875\" src=\"https:\/\/moyahousehold.com\/wp-content\/uploads\/2024\/04\/Wholesale-Insulated-Water-Bottles-10.webp\" alt=\"Mayorista Botellas isot\u00e9rmicas para agua (10)\" class=\"wp-image-7089\" srcset=\"https:\/\/moyahousehold.com\/wp-content\/uploads\/2024\/04\/Wholesale-Insulated-Water-Bottles-10.webp 3875w, https:\/\/moyahousehold.com\/wp-content\/uploads\/2024\/04\/Wholesale-Insulated-Water-Bottles-10-300x300.webp 300w, https:\/\/moyahousehold.com\/wp-content\/uploads\/2024\/04\/Wholesale-Insulated-Water-Bottles-10-150x150.webp 150w, https:\/\/moyahousehold.com\/wp-content\/uploads\/2024\/04\/Wholesale-Insulated-Water-Bottles-10-768x768.webp 768w, https:\/\/moyahousehold.com\/wp-content\/uploads\/2024\/04\/Wholesale-Insulated-Water-Bottles-10-12x12.webp 12w, https:\/\/moyahousehold.com\/wp-content\/uploads\/2024\/04\/Wholesale-Insulated-Water-Bottles-10-285x285.webp 285w, https:\/\/moyahousehold.com\/wp-content\/uploads\/2024\/04\/Wholesale-Insulated-Water-Bottles-10-1600x1600.webp 1600w, https:\/\/moyahousehold.com\/wp-content\/uploads\/2024\/04\/Wholesale-Insulated-Water-Bottles-10-270x270.webp 270w, https:\/\/moyahousehold.com\/wp-content\/uploads\/2024\/04\/Wholesale-Insulated-Water-Bottles-10-540x540.webp 540w, https:\/\/moyahousehold.com\/wp-content\/uploads\/2024\/04\/Wholesale-Insulated-Water-Bottles-10-660x660.webp 660w\" sizes=\"(max-width: 3875px) 100vw, 3875px\" \/><\/figure>\n<\/div>\n\n\n\n<div class=\"wp-block-column is-layout-flow wp-block-column-is-layout-flow\">\n<figure class=\"wp-block-image size-full\"><img decoding=\"async\" width=\"3994\" height=\"3994\" src=\"https:\/\/moyahousehold.com\/wp-content\/uploads\/2024\/04\/Wholesale-Insulated-Water-Bottles-9.webp\" alt=\"Mayorista Botellas isot\u00e9rmicas (9)\" class=\"wp-image-7088\" srcset=\"https:\/\/moyahousehold.com\/wp-content\/uploads\/2024\/04\/Wholesale-Insulated-Water-Bottles-9.webp 3994w, https:\/\/moyahousehold.com\/wp-content\/uploads\/2024\/04\/Wholesale-Insulated-Water-Bottles-9-300x300.webp 300w, https:\/\/moyahousehold.com\/wp-content\/uploads\/2024\/04\/Wholesale-Insulated-Water-Bottles-9-150x150.webp 150w, https:\/\/moyahousehold.com\/wp-content\/uploads\/2024\/04\/Wholesale-Insulated-Water-Bottles-9-768x768.webp 768w, https:\/\/moyahousehold.com\/wp-content\/uploads\/2024\/04\/Wholesale-Insulated-Water-Bottles-9-12x12.webp 12w, https:\/\/moyahousehold.com\/wp-content\/uploads\/2024\/04\/Wholesale-Insulated-Water-Bottles-9-285x285.webp 285w, https:\/\/moyahousehold.com\/wp-content\/uploads\/2024\/04\/Wholesale-Insulated-Water-Bottles-9-1600x1600.webp 1600w, https:\/\/moyahousehold.com\/wp-content\/uploads\/2024\/04\/Wholesale-Insulated-Water-Bottles-9-270x270.webp 270w, https:\/\/moyahousehold.com\/wp-content\/uploads\/2024\/04\/Wholesale-Insulated-Water-Bottles-9-540x540.webp 540w, https:\/\/moyahousehold.com\/wp-content\/uploads\/2024\/04\/Wholesale-Insulated-Water-Bottles-9-660x660.webp 660w\" sizes=\"(max-width: 3994px) 100vw, 3994px\" \/><\/figure>\n<\/div>\n<\/div>\n\n\n\n<div class=\"wp-block-columns is-layout-flex wp-container-core-columns-is-layout-9d6595d7 wp-block-columns-is-layout-flex\">\n<div class=\"wp-block-column is-layout-flow wp-block-column-is-layout-flow\">\n<figure class=\"wp-block-image size-full\"><img decoding=\"async\" width=\"3897\" height=\"3897\" src=\"https:\/\/moyahousehold.com\/wp-content\/uploads\/2024\/04\/JS-\u76f4\u8eab\u6c7d\u8f66\u676f-9.jpg\" alt=\"Premium 350ml Insulated Bottle with Handle | 24-Hour Hot &amp; Cold Retention\" class=\"wp-image-12813\" srcset=\"https:\/\/moyahousehold.com\/wp-content\/uploads\/2024\/04\/JS-\u76f4\u8eab\u6c7d\u8f66\u676f-9.jpg 3897w, https:\/\/moyahousehold.com\/wp-content\/uploads\/2024\/04\/JS-\u76f4\u8eab\u6c7d\u8f66\u676f-9-300x300.jpg 300w, https:\/\/moyahousehold.com\/wp-content\/uploads\/2024\/04\/JS-\u76f4\u8eab\u6c7d\u8f66\u676f-9-150x150.jpg 150w, https:\/\/moyahousehold.com\/wp-content\/uploads\/2024\/04\/JS-\u76f4\u8eab\u6c7d\u8f66\u676f-9-768x768.jpg 768w, https:\/\/moyahousehold.com\/wp-content\/uploads\/2024\/04\/JS-\u76f4\u8eab\u6c7d\u8f66\u676f-9-12x12.jpg 12w, https:\/\/moyahousehold.com\/wp-content\/uploads\/2024\/04\/JS-\u76f4\u8eab\u6c7d\u8f66\u676f-9-285x285.jpg 285w, https:\/\/moyahousehold.com\/wp-content\/uploads\/2024\/04\/JS-\u76f4\u8eab\u6c7d\u8f66\u676f-9-1600x1600.jpg 1600w, https:\/\/moyahousehold.com\/wp-content\/uploads\/2024\/04\/JS-\u76f4\u8eab\u6c7d\u8f66\u676f-9-270x270.jpg 270w, https:\/\/moyahousehold.com\/wp-content\/uploads\/2024\/04\/JS-\u76f4\u8eab\u6c7d\u8f66\u676f-9-540x540.jpg 540w, https:\/\/moyahousehold.com\/wp-content\/uploads\/2024\/04\/JS-\u76f4\u8eab\u6c7d\u8f66\u676f-9-660x660.jpg 660w\" sizes=\"(max-width: 3897px) 100vw, 3897px\" \/><\/figure>\n<\/div>\n\n\n\n<div class=\"wp-block-column is-layout-flow wp-block-column-is-layout-flow\">\n<figure class=\"wp-block-image size-full\"><img loading=\"lazy\" decoding=\"async\" width=\"3931\" height=\"3931\" src=\"https:\/\/moyahousehold.com\/wp-content\/uploads\/2024\/04\/JS-\u76f4\u8eab\u6c7d\u8f66\u676f-6.jpg\" alt=\"Premium 350ml Insulated Bottle with Handle | 24-Hour Hot &amp; Cold Retention\" class=\"wp-image-12812\" srcset=\"https:\/\/moyahousehold.com\/wp-content\/uploads\/2024\/04\/JS-\u76f4\u8eab\u6c7d\u8f66\u676f-6.jpg 3931w, https:\/\/moyahousehold.com\/wp-content\/uploads\/2024\/04\/JS-\u76f4\u8eab\u6c7d\u8f66\u676f-6-300x300.jpg 300w, https:\/\/moyahousehold.com\/wp-content\/uploads\/2024\/04\/JS-\u76f4\u8eab\u6c7d\u8f66\u676f-6-150x150.jpg 150w, https:\/\/moyahousehold.com\/wp-content\/uploads\/2024\/04\/JS-\u76f4\u8eab\u6c7d\u8f66\u676f-6-768x768.jpg 768w, https:\/\/moyahousehold.com\/wp-content\/uploads\/2024\/04\/JS-\u76f4\u8eab\u6c7d\u8f66\u676f-6-12x12.jpg 12w, https:\/\/moyahousehold.com\/wp-content\/uploads\/2024\/04\/JS-\u76f4\u8eab\u6c7d\u8f66\u676f-6-285x285.jpg 285w, https:\/\/moyahousehold.com\/wp-content\/uploads\/2024\/04\/JS-\u76f4\u8eab\u6c7d\u8f66\u676f-6-1600x1600.jpg 1600w, https:\/\/moyahousehold.com\/wp-content\/uploads\/2024\/04\/JS-\u76f4\u8eab\u6c7d\u8f66\u676f-6-270x270.jpg 270w, https:\/\/moyahousehold.com\/wp-content\/uploads\/2024\/04\/JS-\u76f4\u8eab\u6c7d\u8f66\u676f-6-540x540.jpg 540w, https:\/\/moyahousehold.com\/wp-content\/uploads\/2024\/04\/JS-\u76f4\u8eab\u6c7d\u8f66\u676f-6-660x660.jpg 660w\" sizes=\"(max-width: 3931px) 100vw, 3931px\" \/><\/figure>\n<\/div>\n<\/div>\n\n\n\n<p><\/p>","protected":false},"excerpt":{"rendered":"<p>Moya fabricante de botellas de agua de acero inoxidable, mayorista de botellas de agua aisladas. esta botella de agua es f\u00e1cil de colocar en el coche. Est\u00e1 herm\u00e9ticamente cerrada y no hay que preocuparse por los derrames. Tener una amplia gama de opciones de color para satisfacer las preferencias de diferentes personas. Soporte OEM y ODM, bienvenido a contactar con nosotros.<\/p>\n<h3>Features and Benefits Of\u00a0 350ML Insulated Water Bottles<\/h3>\n<div>\n<p><strong>Wide Mouth Design:<\/strong> La botella de agua aislada adopta un dise\u00f1o de boca ancha, que es f\u00e1cil de verter agua y f\u00e1cil de limpiar para evitar la proliferaci\u00f3n de bacterias.<\/p>\n<p><strong>Superior Insulation Performance:<\/strong> Con el dise\u00f1o de vac\u00edo de doble capa de alta calidad, las bebidas calientes se pueden mantener calientes durante mucho tiempo, y las bebidas fr\u00edas tambi\u00e9n se pueden mantener fr\u00edas durante mucho tiempo.<\/p>\n<p><strong>Versatilidad:<\/strong> Fabricada en acero inoxidable 304 de alta calidad, la botella de agua aislada es apta para una gran variedad de bebidas, como agua, t\u00e9, caf\u00e9, etc., para satisfacer diferentes necesidades de bebida.<\/p>\n<p><strong>Easy Pouring:<\/strong> Presione la parte superior de la tapa interior con un bot\u00f3n para verter agua suavemente, eliminando la necesidad de abrir el tap\u00f3n de la botella, lo que hace m\u00e1s c\u00f3modo su uso.<\/p>\n<p><strong>OEM and ODM Services:<\/strong> MOYA ofrece soluciones integrales de botellas de agua isot\u00e9rmicas personalizadas, con una amplia gama de opciones de personalizaci\u00f3n, como tapas, colores, formas y capacidades.<\/p>\n<\/div>\n<p><strong><a href=\"https:\/\/moyahousehold.com\/es\/solucion-personalizada\/\" target=\"_blank\" rel=\"noopener\">M\u00e1s informaci\u00f3n sobre soluciones personalizadas para botellas de agua aisladas.\u00a0<\/a><\/strong><\/p>","protected":false},"featured_media":7077,"comment_status":"closed","ping_status":"closed","template":"","meta":[],"product_cat":[53],"product_tag":[104,148],"class_list":{"0":"post-3299","1":"product","2":"type-product","3":"status-publish","4":"has-post-thumbnail","6":"product_cat-vacuum-bottle-wholesale","7":"product_tag-wholesale-350ml-insulated-water-bottles","8":"product_tag-stainless-steel-thermos-bottle","10":"first","11":"instock","12":"shipping-taxable","13":"product-type-simple"},"_links":{"self":[{"href":"https:\/\/moyahousehold.com\/es\/wp-json\/wp\/v2\/product\/3299","targetHints":{"allow":["GET"]}}],"collection":[{"href":"https:\/\/moyahousehold.com\/es\/wp-json\/wp\/v2\/product"}],"about":[{"href":"https:\/\/moyahousehold.com\/es\/wp-json\/wp\/v2\/types\/product"}],"replies":[{"embeddable":true,"href":"https:\/\/moyahousehold.com\/es\/wp-json\/wp\/v2\/comments?post=3299"}],"version-history":[{"count":6,"href":"https:\/\/moyahousehold.com\/es\/wp-json\/wp\/v2\/product\/3299\/revisions"}],"predecessor-version":[{"id":12826,"href":"https:\/\/moyahousehold.com\/es\/wp-json\/wp\/v2\/product\/3299\/revisions\/12826"}],"wp:featuredmedia":[{"embeddable":true,"href":"https:\/\/moyahousehold.com\/es\/wp-json\/wp\/v2\/media\/7077"}],"wp:attachment":[{"href":"https:\/\/moyahousehold.com\/es\/wp-json\/wp\/v2\/media?parent=3299"}],"wp:term":[{"taxonomy":"product_cat","embeddable":true,"href":"https:\/\/moyahousehold.com\/es\/wp-json\/wp\/v2\/product_cat?post=3299"},{"taxonomy":"product_tag","embeddable":true,"href":"https:\/\/moyahousehold.com\/es\/wp-json\/wp\/v2\/product_tag?post=3299"}],"curies":[{"name":"wp","href":"https:\/\/api.w.org\/{rel}","templated":true}]}}