{"id":3335,"date":"2024-04-21T09:20:03","date_gmt":"2024-04-21T09:20:03","guid":{"rendered":"https:\/\/moyahousehold.com\/?post_type=product&#038;p=3335"},"modified":"2026-04-09T03:59:13","modified_gmt":"2026-04-09T03:59:13","slug":"wholesale-uu-cup","status":"publish","type":"product","link":"https:\/\/moyahousehold.com\/es\/producto\/wholesale-uu-cup\/","title":{"rendered":"Women Friendly BPA Free UU Cup Wholesale | U-Shaped Lipstick-Saving Cup Mouth Prevents Smudging"},"content":{"rendered":"<figure class=\"wp-block-image size-full\"><img fetchpriority=\"high\" decoding=\"async\" width=\"6016\" height=\"3453\" src=\"https:\/\/moyahousehold.com\/wp-content\/uploads\/2024\/04\/JS-\u4e39\u9ea6\u58f6UU\u676f-1.jpg\" alt=\"MOYA Color Pop Insulated Tumblers \u2013 7 Vibrant Colors, Gold Rimmed\" class=\"wp-image-12828\" srcset=\"https:\/\/moyahousehold.com\/wp-content\/uploads\/2024\/04\/JS-\u4e39\u9ea6\u58f6UU\u676f-1.jpg 6016w, https:\/\/moyahousehold.com\/wp-content\/uploads\/2024\/04\/JS-\u4e39\u9ea6\u58f6UU\u676f-1-300x172.jpg 300w, https:\/\/moyahousehold.com\/wp-content\/uploads\/2024\/04\/JS-\u4e39\u9ea6\u58f6UU\u676f-1-768x441.jpg 768w, https:\/\/moyahousehold.com\/wp-content\/uploads\/2024\/04\/JS-\u4e39\u9ea6\u58f6UU\u676f-1-18x10.jpg 18w, https:\/\/moyahousehold.com\/wp-content\/uploads\/2024\/04\/JS-\u4e39\u9ea6\u58f6UU\u676f-1-285x164.jpg 285w, https:\/\/moyahousehold.com\/wp-content\/uploads\/2024\/04\/JS-\u4e39\u9ea6\u58f6UU\u676f-1-1600x918.jpg 1600w, https:\/\/moyahousehold.com\/wp-content\/uploads\/2024\/04\/JS-\u4e39\u9ea6\u58f6UU\u676f-1-660x379.jpg 660w, https:\/\/moyahousehold.com\/wp-content\/uploads\/2024\/04\/JS-\u4e39\u9ea6\u58f6UU\u676f-1-150x86.jpg 150w\" sizes=\"(max-width: 6016px) 100vw, 6016px\" \/><\/figure>\n\n\n\n<h3 class=\"wp-block-heading\"><strong>Parameters of UU Cup<\/strong><\/h3>\n\n\n\n<figure class=\"wp-block-table\"><table class=\"has-fixed-layout\"><tbody><tr><td>Art\u00edculo<\/td><td>Material<\/td><td>Color<\/td><td>Surface Decoration Technical<\/td><td>Dimensi\u00f3n<\/td><td>G.W.\/PCS<\/td><\/tr><tr><td>MY0710<\/td><td>304 + Tritan + Silica Gel<\/td><td>Beige\/Black\/Pink\/<br>Yellow\/Mint Green\/Dark Green\/Navy Blue<\/td><td>Baking Varnish<\/td><td>7.3*7.3*17.5<\/td><td>0.5<\/td><\/tr><\/tbody><\/table><\/figure>\n\n\n\n<div class=\"wp-block-columns is-layout-flex wp-container-core-columns-is-layout-9d6595d7 wp-block-columns-is-layout-flex\">\n<div class=\"wp-block-column is-layout-flow wp-block-column-is-layout-flow\">\n<h3 class=\"wp-block-heading\">Custom Insulated UU Cup Options<\/h3>\n\n\n\n<p><strong>Logotipo<\/strong>: Custom your brand logo on product and package.<br><strong>Logo Options<\/strong>: Printed logo, laser engraved logo, etc.<br><strong>Patrones<\/strong>: Printing patterns on UU cup.<br><strong>Printing Technology<\/strong>: Water transfer printing, silk screen printing, heat transfer printing, sublimation transfer, etc.<br><strong>Paquete<\/strong>: Color box.<br><a href=\"https:\/\/moyahousehold.com\/es\/solucion-personalizada\/\" data-type=\"page\" data-id=\"2817\" target=\"_blank\" rel=\"noreferrer noopener\"><strong>M\u00e1s personalizaci\u00f3n<\/strong><\/a><\/p>\n<\/div>\n<\/div>\n\n\n\n<div class=\"wp-block-columns is-layout-flex wp-container-core-columns-is-layout-9d6595d7 wp-block-columns-is-layout-flex\">\n<div class=\"wp-block-column is-layout-flow wp-block-column-is-layout-flow\">\n<figure class=\"wp-block-image size-full is-resized\"><img decoding=\"async\" width=\"1600\" height=\"1600\" src=\"https:\/\/moyahousehold.com\/wp-content\/uploads\/2024\/04\/wholesale-UU-Cup-water-bottle-3.webp\" alt=\"mayorista UU Cup botella de agua (3).\" class=\"wp-image-3350\" style=\"width:404px;height:auto\" srcset=\"https:\/\/moyahousehold.com\/wp-content\/uploads\/2024\/04\/wholesale-UU-Cup-water-bottle-3.webp 1600w, https:\/\/moyahousehold.com\/wp-content\/uploads\/2024\/04\/wholesale-UU-Cup-water-bottle-3-300x300.webp 300w, https:\/\/moyahousehold.com\/wp-content\/uploads\/2024\/04\/wholesale-UU-Cup-water-bottle-3-150x150.webp 150w, https:\/\/moyahousehold.com\/wp-content\/uploads\/2024\/04\/wholesale-UU-Cup-water-bottle-3-768x768.webp 768w, https:\/\/moyahousehold.com\/wp-content\/uploads\/2024\/04\/wholesale-UU-Cup-water-bottle-3-285x285.webp 285w, https:\/\/moyahousehold.com\/wp-content\/uploads\/2024\/04\/wholesale-UU-Cup-water-bottle-3-270x270.webp 270w, https:\/\/moyahousehold.com\/wp-content\/uploads\/2024\/04\/wholesale-UU-Cup-water-bottle-3-540x540.webp 540w, https:\/\/moyahousehold.com\/wp-content\/uploads\/2024\/04\/wholesale-UU-Cup-water-bottle-3-660x660.webp 660w\" sizes=\"(max-width: 1600px) 100vw, 1600px\" \/><\/figure>\n<\/div>\n\n\n\n<div class=\"wp-block-column is-layout-flow wp-block-column-is-layout-flow\">\n<figure class=\"wp-block-image size-full is-resized\"><img decoding=\"async\" width=\"2895\" height=\"2895\" src=\"https:\/\/moyahousehold.com\/wp-content\/uploads\/2024\/04\/wholesale-UU-Cup-water-bottle-6.webp\" alt=\"\" class=\"wp-image-3351\" style=\"width:372px;height:auto\" srcset=\"https:\/\/moyahousehold.com\/wp-content\/uploads\/2024\/04\/wholesale-UU-Cup-water-bottle-6.webp 2895w, https:\/\/moyahousehold.com\/wp-content\/uploads\/2024\/04\/wholesale-UU-Cup-water-bottle-6-300x300.webp 300w, https:\/\/moyahousehold.com\/wp-content\/uploads\/2024\/04\/wholesale-UU-Cup-water-bottle-6-150x150.webp 150w, https:\/\/moyahousehold.com\/wp-content\/uploads\/2024\/04\/wholesale-UU-Cup-water-bottle-6-768x768.webp 768w, https:\/\/moyahousehold.com\/wp-content\/uploads\/2024\/04\/wholesale-UU-Cup-water-bottle-6-285x285.webp 285w, https:\/\/moyahousehold.com\/wp-content\/uploads\/2024\/04\/wholesale-UU-Cup-water-bottle-6-1600x1600.webp 1600w, https:\/\/moyahousehold.com\/wp-content\/uploads\/2024\/04\/wholesale-UU-Cup-water-bottle-6-270x270.webp 270w, https:\/\/moyahousehold.com\/wp-content\/uploads\/2024\/04\/wholesale-UU-Cup-water-bottle-6-540x540.webp 540w, https:\/\/moyahousehold.com\/wp-content\/uploads\/2024\/04\/wholesale-UU-Cup-water-bottle-6-660x660.webp 660w\" sizes=\"(max-width: 2895px) 100vw, 2895px\" \/><\/figure>\n<\/div>\n<\/div>\n\n\n\n<div class=\"wp-block-columns is-layout-flex wp-container-core-columns-is-layout-9d6595d7 wp-block-columns-is-layout-flex\">\n<div class=\"wp-block-column is-layout-flow wp-block-column-is-layout-flow\"><\/div>\n\n\n\n<div class=\"wp-block-column is-layout-flow wp-block-column-is-layout-flow\"><\/div>\n<\/div>\n\n\n\n<div class=\"wp-block-columns is-layout-flex wp-container-core-columns-is-layout-9d6595d7 wp-block-columns-is-layout-flex\">\n<div class=\"wp-block-column is-layout-flow wp-block-column-is-layout-flow\">\n<figure class=\"wp-block-image size-full\"><img loading=\"lazy\" decoding=\"async\" width=\"3648\" height=\"5472\" src=\"https:\/\/moyahousehold.com\/wp-content\/uploads\/2024\/04\/JS-\u4e39\u9ea6\u58f6-UU\u676f-17.jpg\" alt=\"MOYA Color Pop Insulated Tumblers \u2013 7 Vibrant Colors, Gold Rimmed\" class=\"wp-image-12829\" srcset=\"https:\/\/moyahousehold.com\/wp-content\/uploads\/2024\/04\/JS-\u4e39\u9ea6\u58f6-UU\u676f-17.jpg 3648w, https:\/\/moyahousehold.com\/wp-content\/uploads\/2024\/04\/JS-\u4e39\u9ea6\u58f6-UU\u676f-17-200x300.jpg 200w, https:\/\/moyahousehold.com\/wp-content\/uploads\/2024\/04\/JS-\u4e39\u9ea6\u58f6-UU\u676f-17-768x1152.jpg 768w, https:\/\/moyahousehold.com\/wp-content\/uploads\/2024\/04\/JS-\u4e39\u9ea6\u58f6-UU\u676f-17-8x12.jpg 8w, https:\/\/moyahousehold.com\/wp-content\/uploads\/2024\/04\/JS-\u4e39\u9ea6\u58f6-UU\u676f-17-285x428.jpg 285w, https:\/\/moyahousehold.com\/wp-content\/uploads\/2024\/04\/JS-\u4e39\u9ea6\u58f6-UU\u676f-17-1600x2400.jpg 1600w, https:\/\/moyahousehold.com\/wp-content\/uploads\/2024\/04\/JS-\u4e39\u9ea6\u58f6-UU\u676f-17-440x660.jpg 440w, https:\/\/moyahousehold.com\/wp-content\/uploads\/2024\/04\/JS-\u4e39\u9ea6\u58f6-UU\u676f-17-100x150.jpg 100w\" sizes=\"(max-width: 3648px) 100vw, 3648px\" \/><\/figure>\n<\/div>\n\n\n\n<div class=\"wp-block-column is-layout-flow wp-block-column-is-layout-flow\">\n<figure class=\"wp-block-image size-full\"><img loading=\"lazy\" decoding=\"async\" width=\"3648\" height=\"5472\" src=\"https:\/\/moyahousehold.com\/wp-content\/uploads\/2024\/04\/JS-\u4e39\u9ea6\u58f6-UU\u676f-10.jpg\" alt=\"MOYA Color Pop Insulated Tumblers \u2013 7 Vibrant Colors, Gold Rimmed\" class=\"wp-image-12831\" srcset=\"https:\/\/moyahousehold.com\/wp-content\/uploads\/2024\/04\/JS-\u4e39\u9ea6\u58f6-UU\u676f-10.jpg 3648w, https:\/\/moyahousehold.com\/wp-content\/uploads\/2024\/04\/JS-\u4e39\u9ea6\u58f6-UU\u676f-10-200x300.jpg 200w, https:\/\/moyahousehold.com\/wp-content\/uploads\/2024\/04\/JS-\u4e39\u9ea6\u58f6-UU\u676f-10-768x1152.jpg 768w, https:\/\/moyahousehold.com\/wp-content\/uploads\/2024\/04\/JS-\u4e39\u9ea6\u58f6-UU\u676f-10-8x12.jpg 8w, https:\/\/moyahousehold.com\/wp-content\/uploads\/2024\/04\/JS-\u4e39\u9ea6\u58f6-UU\u676f-10-285x428.jpg 285w, https:\/\/moyahousehold.com\/wp-content\/uploads\/2024\/04\/JS-\u4e39\u9ea6\u58f6-UU\u676f-10-1600x2400.jpg 1600w, https:\/\/moyahousehold.com\/wp-content\/uploads\/2024\/04\/JS-\u4e39\u9ea6\u58f6-UU\u676f-10-440x660.jpg 440w, https:\/\/moyahousehold.com\/wp-content\/uploads\/2024\/04\/JS-\u4e39\u9ea6\u58f6-UU\u676f-10-100x150.jpg 100w\" sizes=\"(max-width: 3648px) 100vw, 3648px\" \/><\/figure>\n<\/div>\n<\/div>","protected":false},"excerpt":{"rendered":"<p>El interior de la taza UU est\u00e1 recubierto de cer\u00e1mica , que no deja olores residuales y es f\u00e1cil de limpiar. El dise\u00f1o curvo de la boca de la taza en forma de U garantiza que no haya fugas de agua al beber, y el dise\u00f1o de doble capa de acero inoxidable al vac\u00edo mantiene la temperatura de la bebida durante mucho tiempo.<\/p>\n<h3>Caracter\u00edsticas y ventajas de UU Cup<\/h3>\n<div><strong>Superior Insulation Performance:<\/strong> 240ML standard coffee cup capacity, neither large nor small.1. The inside and outside of the cup are made of SUS304 stainless steel material, which is non-toxic, harmless, and healthy to drink freely<\/div>\n<p>&nbsp;<\/p>\n<div><strong>Wide Mouth Design: <\/strong>The threaded cup mouth can be rotated and tightened to ensure that the cup cover and body are not easily detached, ensuring safe drinking.<\/div>\n<div>\u00a0<\/div>\n<div>\u00a0<\/div>\n<div><strong>Silicone Ring Sealing: <\/strong>The cup body and lid are sealed with silicone rings, so that the beverage will not flow out from the gap between the lid and cup body when drinking, and the beverage will not spill out in large quantities in a short period of time after pouring.<\/div>\n<div>\u00a0<\/div>\n<div>\u00a0<\/div>\n<div><strong><a href=\"https:\/\/moyahousehold.com\/es\/solucion-personalizada\/\" target=\"_blank\" rel=\"noopener\">Support OEM&amp;ODM Services:<\/a>\u00a0<\/strong>MOYA ofrece soluciones integrales de botellas de agua isot\u00e9rmicas personalizadas, con una amplia gama de opciones de personalizaci\u00f3n, como tapas, colores, formas y capacidades.<\/div>","protected":false},"featured_media":7097,"comment_status":"open","ping_status":"closed","template":"","meta":[],"product_cat":[53],"product_tag":[151,152,150],"class_list":{"0":"post-3335","1":"product","2":"type-product","3":"status-publish","4":"has-post-thumbnail","6":"product_cat-vacuum-bottle-wholesale","7":"product_tag-bestseller-cup","8":"product_tag-stainless-steel-cup","9":"product_tag-uu-cup","11":"first","12":"instock","13":"shipping-taxable","14":"product-type-simple"},"_links":{"self":[{"href":"https:\/\/moyahousehold.com\/es\/wp-json\/wp\/v2\/product\/3335","targetHints":{"allow":["GET"]}}],"collection":[{"href":"https:\/\/moyahousehold.com\/es\/wp-json\/wp\/v2\/product"}],"about":[{"href":"https:\/\/moyahousehold.com\/es\/wp-json\/wp\/v2\/types\/product"}],"replies":[{"embeddable":true,"href":"https:\/\/moyahousehold.com\/es\/wp-json\/wp\/v2\/comments?post=3335"}],"version-history":[{"count":7,"href":"https:\/\/moyahousehold.com\/es\/wp-json\/wp\/v2\/product\/3335\/revisions"}],"predecessor-version":[{"id":12840,"href":"https:\/\/moyahousehold.com\/es\/wp-json\/wp\/v2\/product\/3335\/revisions\/12840"}],"wp:featuredmedia":[{"embeddable":true,"href":"https:\/\/moyahousehold.com\/es\/wp-json\/wp\/v2\/media\/7097"}],"wp:attachment":[{"href":"https:\/\/moyahousehold.com\/es\/wp-json\/wp\/v2\/media?parent=3335"}],"wp:term":[{"taxonomy":"product_cat","embeddable":true,"href":"https:\/\/moyahousehold.com\/es\/wp-json\/wp\/v2\/product_cat?post=3335"},{"taxonomy":"product_tag","embeddable":true,"href":"https:\/\/moyahousehold.com\/es\/wp-json\/wp\/v2\/product_tag?post=3335"}],"curies":[{"name":"wp","href":"https:\/\/api.w.org\/{rel}","templated":true}]}}