{"id":3362,"date":"2024-04-21T10:07:03","date_gmt":"2024-04-21T10:07:03","guid":{"rendered":"https:\/\/moyahousehold.com\/?post_type=product&#038;p=3362"},"modified":"2026-04-09T06:39:11","modified_gmt":"2026-04-09T06:39:11","slug":"wholesale-insulated-carafe-japanese-style","status":"publish","type":"product","link":"https:\/\/moyahousehold.com\/es\/producto\/wholesale-insulated-carafe-japanese-style\/","title":{"rendered":"Wholesale 1.3L Japanese Style Coffee Thermal Carafe | Exceptional Heat Retention for Hot Beverages"},"content":{"rendered":"<h3 class=\"wp-block-heading\">Par\u00e1metros de la jarra t\u00e9rmica para caf\u00e9 de 1,3 l<\/h3>\n\n\n\n<figure class=\"wp-block-table\"><table class=\"has-fixed-layout\"><tbody><tr><td><strong>Art\u00edculo<\/strong><\/td><td><strong>Material<\/strong><\/td><td><strong>Color<\/strong><\/td><td><strong>Dimensi\u00f3n<\/strong><\/td><td><strong>G.W.\/PCS<\/strong><\/td><\/tr><tr><td>MY0992<\/td><td>304 + PP + Silica Gel + Beech<\/td><td>Beige\/Black\/White\/Pink\/Mint Green\/Dark Green\/Chinese Red\/Crimson<\/td><td>19.5*13*21.2<\/td><td>1kg<\/td><\/tr><\/tbody><\/table><\/figure>\n\n\n\n<div class=\"wp-block-columns is-layout-flex wp-container-core-columns-is-layout-9d6595d7 wp-block-columns-is-layout-flex\">\n<div class=\"wp-block-column is-layout-flow wp-block-column-is-layout-flow\">\n<h3 class=\"wp-block-heading\">Opciones de jarra t\u00e9rmica personalizadas<\/h3>\n\n\n\n<p><strong>Tapas<\/strong>: Stainless steel pressure lid<br><strong>Logotipo<\/strong>: Customize your brand logo on product and packaging.<br><strong>Logo Options<\/strong>: Printed logo, laser engraved logo and more.<br><strong>Patr\u00f3n<\/strong>: Customize the printing of designs on the thermos.<br><strong>Printing Technology<\/strong>: Water transfer printing, silk screen printing, heat transfer printing, sublimation transfer and more.<br><strong>Embalaje:<\/strong> Color box<br><br><a href=\"https:\/\/moyahousehold.com\/es\/solucion-personalizada\/\" target=\"_blank\" rel=\"noreferrer noopener\"><strong>Descubra m\u00e1s soluciones personalizadas para termos.<\/strong><\/a><\/p>\n\n\n\n<p><br><\/p>\n<\/div>\n<\/div>\n\n\n\n<div class=\"wp-block-columns is-layout-flex wp-container-core-columns-is-layout-9d6595d7 wp-block-columns-is-layout-flex\">\n<div class=\"wp-block-column is-layout-flow wp-block-column-is-layout-flow\">\n<figure class=\"wp-block-image size-full\"><img fetchpriority=\"high\" decoding=\"async\" width=\"2103\" height=\"2103\" src=\"https:\/\/moyahousehold.com\/wp-content\/uploads\/2024\/04\/5.png\" alt=\"MOYA 1.3L Thermal Carafe with Wooden Handle \u2013 Double Wall Stainless Steel, Ideal for Hot Beverages\" class=\"wp-image-12845\" srcset=\"https:\/\/moyahousehold.com\/wp-content\/uploads\/2024\/04\/5.png 2103w, https:\/\/moyahousehold.com\/wp-content\/uploads\/2024\/04\/5-300x300.png 300w, https:\/\/moyahousehold.com\/wp-content\/uploads\/2024\/04\/5-150x150.png 150w, https:\/\/moyahousehold.com\/wp-content\/uploads\/2024\/04\/5-768x768.png 768w, https:\/\/moyahousehold.com\/wp-content\/uploads\/2024\/04\/5-12x12.png 12w, https:\/\/moyahousehold.com\/wp-content\/uploads\/2024\/04\/5-285x285.png 285w, https:\/\/moyahousehold.com\/wp-content\/uploads\/2024\/04\/5-1600x1600.png 1600w, https:\/\/moyahousehold.com\/wp-content\/uploads\/2024\/04\/5-270x270.png 270w, https:\/\/moyahousehold.com\/wp-content\/uploads\/2024\/04\/5-540x540.png 540w, https:\/\/moyahousehold.com\/wp-content\/uploads\/2024\/04\/5-660x660.png 660w\" sizes=\"(max-width: 2103px) 100vw, 2103px\" \/><\/figure>\n<\/div>\n\n\n\n<div class=\"wp-block-column is-layout-flow wp-block-column-is-layout-flow\">\n<figure class=\"wp-block-image size-full\"><img decoding=\"async\" width=\"2187\" height=\"2187\" src=\"https:\/\/moyahousehold.com\/wp-content\/uploads\/2024\/04\/6.png\" alt=\"MOYA 1.3L Thermal Carafe with Wooden Handle \u2013 Double Wall Stainless Steel, Ideal for Hot Beverages\" class=\"wp-image-12844\" srcset=\"https:\/\/moyahousehold.com\/wp-content\/uploads\/2024\/04\/6.png 2187w, https:\/\/moyahousehold.com\/wp-content\/uploads\/2024\/04\/6-300x300.png 300w, https:\/\/moyahousehold.com\/wp-content\/uploads\/2024\/04\/6-150x150.png 150w, https:\/\/moyahousehold.com\/wp-content\/uploads\/2024\/04\/6-768x768.png 768w, https:\/\/moyahousehold.com\/wp-content\/uploads\/2024\/04\/6-12x12.png 12w, https:\/\/moyahousehold.com\/wp-content\/uploads\/2024\/04\/6-285x285.png 285w, https:\/\/moyahousehold.com\/wp-content\/uploads\/2024\/04\/6-1600x1600.png 1600w, https:\/\/moyahousehold.com\/wp-content\/uploads\/2024\/04\/6-270x270.png 270w, https:\/\/moyahousehold.com\/wp-content\/uploads\/2024\/04\/6-540x540.png 540w, https:\/\/moyahousehold.com\/wp-content\/uploads\/2024\/04\/6-660x660.png 660w\" sizes=\"(max-width: 2187px) 100vw, 2187px\" \/><\/figure>\n<\/div>\n<\/div>\n\n\n\n<div class=\"wp-block-columns is-layout-flex wp-container-core-columns-is-layout-9d6595d7 wp-block-columns-is-layout-flex\">\n<div class=\"wp-block-column is-layout-flow wp-block-column-is-layout-flow\">\n<figure class=\"wp-block-image size-full\"><img decoding=\"async\" width=\"2232\" height=\"2232\" src=\"https:\/\/moyahousehold.com\/wp-content\/uploads\/2024\/04\/1.png\" alt=\"MOYA 1.3L Thermal Carafe with Wooden Handle \u2013 Double Wall Stainless Steel, Ideal for Hot Beverages\" class=\"wp-image-12842\" srcset=\"https:\/\/moyahousehold.com\/wp-content\/uploads\/2024\/04\/1.png 2232w, https:\/\/moyahousehold.com\/wp-content\/uploads\/2024\/04\/1-300x300.png 300w, https:\/\/moyahousehold.com\/wp-content\/uploads\/2024\/04\/1-150x150.png 150w, https:\/\/moyahousehold.com\/wp-content\/uploads\/2024\/04\/1-768x768.png 768w, https:\/\/moyahousehold.com\/wp-content\/uploads\/2024\/04\/1-12x12.png 12w, https:\/\/moyahousehold.com\/wp-content\/uploads\/2024\/04\/1-285x285.png 285w, https:\/\/moyahousehold.com\/wp-content\/uploads\/2024\/04\/1-1600x1600.png 1600w, https:\/\/moyahousehold.com\/wp-content\/uploads\/2024\/04\/1-270x270.png 270w, https:\/\/moyahousehold.com\/wp-content\/uploads\/2024\/04\/1-540x540.png 540w, https:\/\/moyahousehold.com\/wp-content\/uploads\/2024\/04\/1-660x660.png 660w\" sizes=\"(max-width: 2232px) 100vw, 2232px\" \/><\/figure>\n<\/div>\n\n\n\n<div class=\"wp-block-column is-layout-flow wp-block-column-is-layout-flow\">\n<figure class=\"wp-block-image size-full\"><img loading=\"lazy\" decoding=\"async\" width=\"2210\" height=\"2210\" src=\"https:\/\/moyahousehold.com\/wp-content\/uploads\/2024\/04\/2.png\" alt=\"MOYA 1.3L Thermal Carafe with Wooden Handle \u2013 Double Wall Stainless Steel, Ideal for Hot Beverages\" class=\"wp-image-12843\" srcset=\"https:\/\/moyahousehold.com\/wp-content\/uploads\/2024\/04\/2.png 2210w, https:\/\/moyahousehold.com\/wp-content\/uploads\/2024\/04\/2-300x300.png 300w, https:\/\/moyahousehold.com\/wp-content\/uploads\/2024\/04\/2-150x150.png 150w, https:\/\/moyahousehold.com\/wp-content\/uploads\/2024\/04\/2-768x768.png 768w, https:\/\/moyahousehold.com\/wp-content\/uploads\/2024\/04\/2-12x12.png 12w, https:\/\/moyahousehold.com\/wp-content\/uploads\/2024\/04\/2-285x285.png 285w, https:\/\/moyahousehold.com\/wp-content\/uploads\/2024\/04\/2-1600x1600.png 1600w, https:\/\/moyahousehold.com\/wp-content\/uploads\/2024\/04\/2-270x270.png 270w, https:\/\/moyahousehold.com\/wp-content\/uploads\/2024\/04\/2-540x540.png 540w, https:\/\/moyahousehold.com\/wp-content\/uploads\/2024\/04\/2-660x660.png 660w\" sizes=\"(max-width: 2210px) 100vw, 2210px\" \/><\/figure>\n<\/div>\n<\/div>\n\n\n\n<div class=\"wp-block-columns is-layout-flex wp-container-core-columns-is-layout-9d6595d7 wp-block-columns-is-layout-flex\">\n<div class=\"wp-block-column is-layout-flow wp-block-column-is-layout-flow\">\n<figure class=\"wp-block-image size-full\"><img loading=\"lazy\" decoding=\"async\" width=\"4160\" height=\"6240\" src=\"https:\/\/moyahousehold.com\/wp-content\/uploads\/2024\/04\/5.jpg\" alt=\"MOYA 1.3L Thermal Carafe with Wooden Handle \u2013 Double Wall Stainless Steel, Ideal for Hot Beverages\" class=\"wp-image-12846\" srcset=\"https:\/\/moyahousehold.com\/wp-content\/uploads\/2024\/04\/5.jpg 4160w, https:\/\/moyahousehold.com\/wp-content\/uploads\/2024\/04\/5-200x300.jpg 200w, https:\/\/moyahousehold.com\/wp-content\/uploads\/2024\/04\/5-768x1152.jpg 768w, https:\/\/moyahousehold.com\/wp-content\/uploads\/2024\/04\/5-8x12.jpg 8w, https:\/\/moyahousehold.com\/wp-content\/uploads\/2024\/04\/5-285x428.jpg 285w, https:\/\/moyahousehold.com\/wp-content\/uploads\/2024\/04\/5-1600x2400.jpg 1600w, https:\/\/moyahousehold.com\/wp-content\/uploads\/2024\/04\/5-440x660.jpg 440w, https:\/\/moyahousehold.com\/wp-content\/uploads\/2024\/04\/5-100x150.jpg 100w\" sizes=\"(max-width: 4160px) 100vw, 4160px\" \/><\/figure>\n<\/div>\n\n\n\n<div class=\"wp-block-column is-layout-flow wp-block-column-is-layout-flow\">\n<figure class=\"wp-block-image size-full\"><img loading=\"lazy\" decoding=\"async\" width=\"4160\" height=\"6240\" src=\"https:\/\/moyahousehold.com\/wp-content\/uploads\/2024\/04\/6.jpg\" alt=\"MOYA 1.3L Thermal Carafe with Wooden Handle \u2013 Double Wall Stainless Steel, Ideal for Hot Beverages\" class=\"wp-image-12847\" srcset=\"https:\/\/moyahousehold.com\/wp-content\/uploads\/2024\/04\/6.jpg 4160w, https:\/\/moyahousehold.com\/wp-content\/uploads\/2024\/04\/6-200x300.jpg 200w, https:\/\/moyahousehold.com\/wp-content\/uploads\/2024\/04\/6-768x1152.jpg 768w, https:\/\/moyahousehold.com\/wp-content\/uploads\/2024\/04\/6-8x12.jpg 8w, https:\/\/moyahousehold.com\/wp-content\/uploads\/2024\/04\/6-285x428.jpg 285w, https:\/\/moyahousehold.com\/wp-content\/uploads\/2024\/04\/6-1600x2400.jpg 1600w, https:\/\/moyahousehold.com\/wp-content\/uploads\/2024\/04\/6-440x660.jpg 440w, https:\/\/moyahousehold.com\/wp-content\/uploads\/2024\/04\/6-100x150.jpg 100w\" sizes=\"(max-width: 4160px) 100vw, 4160px\" \/><\/figure>\n<\/div>\n<\/div>","protected":false},"excerpt":{"rendered":"<p>Wholesale Japanese coffee thermal carafe, as an ideal choice for catering industry, cafes, hotels and home use, this coffee thermal carafe adopts high-quality stainless steel lining and advanced double-layer vacuum insulation technology to keep hot and cold drinks at the temperature for a long time, ensuring the best taste of the drinks. <strong>Como fabricante de termos, ofrecemos servicios de personalizaci\u00f3n OEM y ODM, le invitamos a ponerse en contacto con nosotros.<\/strong><\/p>\n<h3>Caracter\u00edsticas de la Jarra T\u00e9rmica para Caf\u00e9 de 1,3L<\/h3>\n<p><strong>Large Capacity Design (1.3 Liters):<\/strong> Esta jarra t\u00e9rmica para caf\u00e9 tiene una capacidad de hasta 1,3 litros, lo que puede mantener la hidrataci\u00f3n durante todo el d\u00eda en un entorno de oficina, reduciendo en gran medida la molestia de a\u00f1adir agua.<\/p>\n<p><strong>Excellent Insulation Performance:<\/strong> Con tecnolog\u00eda de aislamiento al vac\u00edo de doble capa, tanto si se llena con agua caliente como con bebidas calientes o fr\u00edas, puede mantener la temperatura de la bebida durante horas, conserv\u00e1ndola en un estado ideal.<\/p>\n<p><strong>Safe Liner Material:<\/strong> El revestimiento de esta jarra t\u00e9rmica para caf\u00e9 est\u00e1 hecho de acero inoxidable 304 de alta calidad, que tiene una excelente resistencia a la corrosi\u00f3n y durabilidad, garantizando la pureza del agua cada vez que la beba.<\/p>\n<p><strong>Convenient Switch Design:<\/strong> Esta jarra t\u00e9rmica para caf\u00e9 est\u00e1 equipada con un interruptor de un solo bot\u00f3n. Al utilizarla, basta con pulsarlo ligeramente para que el agua salga de forma natural, lo que facilita y hace m\u00e1s c\u00f3modo su uso diario.<\/p>\n<p><strong>Comfortable Handle Configuration:<\/strong> Esta jarra t\u00e9rmica de caf\u00e9 est\u00e1 equipada con un suave asa de madera de haya, que puede proporcionar a los usuarios una sensaci\u00f3n de sujeci\u00f3n extremadamente c\u00f3moda.<\/p>","protected":false},"featured_media":9757,"comment_status":"open","ping_status":"closed","template":"","meta":[],"product_cat":[54],"product_tag":[82,85],"class_list":{"0":"post-3362","1":"product","2":"type-product","3":"status-publish","4":"has-post-thumbnail","6":"product_cat-thermal-carafe-wholesale","7":"product_tag-wholesale-1300ml-thermos-carafe","8":"product_tag-wholesale-stainless-steel-liner-thermos-carafe","10":"first","11":"instock","12":"shipping-taxable","13":"product-type-simple"},"_links":{"self":[{"href":"https:\/\/moyahousehold.com\/es\/wp-json\/wp\/v2\/product\/3362","targetHints":{"allow":["GET"]}}],"collection":[{"href":"https:\/\/moyahousehold.com\/es\/wp-json\/wp\/v2\/product"}],"about":[{"href":"https:\/\/moyahousehold.com\/es\/wp-json\/wp\/v2\/types\/product"}],"replies":[{"embeddable":true,"href":"https:\/\/moyahousehold.com\/es\/wp-json\/wp\/v2\/comments?post=3362"}],"version-history":[{"count":0,"href":"https:\/\/moyahousehold.com\/es\/wp-json\/wp\/v2\/product\/3362\/revisions"}],"wp:featuredmedia":[{"embeddable":true,"href":"https:\/\/moyahousehold.com\/es\/wp-json\/wp\/v2\/media\/9757"}],"wp:attachment":[{"href":"https:\/\/moyahousehold.com\/es\/wp-json\/wp\/v2\/media?parent=3362"}],"wp:term":[{"taxonomy":"product_cat","embeddable":true,"href":"https:\/\/moyahousehold.com\/es\/wp-json\/wp\/v2\/product_cat?post=3362"},{"taxonomy":"product_tag","embeddable":true,"href":"https:\/\/moyahousehold.com\/es\/wp-json\/wp\/v2\/product_tag?post=3362"}],"curies":[{"name":"wp","href":"https:\/\/api.w.org\/{rel}","templated":true}]}}