{"id":3393,"date":"2024-04-21T10:41:42","date_gmt":"2024-04-21T10:41:42","guid":{"rendered":"https:\/\/moyahousehold.com\/?post_type=product&#038;p=3393"},"modified":"2025-04-24T06:06:13","modified_gmt":"2025-04-24T06:06:13","slug":"wholesale-1000ml-cute-thermal-carafe","status":"publish","type":"product","link":"https:\/\/moyahousehold.com\/es\/producto\/mayorista-jarra-aislada-infusor-de-te\/","title":{"rendered":"Venta al por mayor 1000ml Cute Thermal Carafe, Disponible en muchos colores, Soporte OEM &amp; ODM"},"content":{"rendered":"<div class=\"wp-block-columns is-layout-flex wp-container-core-columns-is-layout-9d6595d7 wp-block-columns-is-layout-flex\">\n<div class=\"wp-block-column is-layout-flow wp-block-column-is-layout-flow\">\n<h3 class=\"wp-block-heading\">Par\u00e1metros de la Jarra T\u00e9rmica Cute de 1000ml<\/h3>\n\n\n\n<p><strong>N\u00famero de modelo:<\/strong> MY830<br><strong>Material: <\/strong>borosilicato + PP + Silicagel <br><strong>Peso bruto:<\/strong>1kg<br><strong>Dimensi\u00f3n:<\/strong> 183x126x241mm<br><strong>Color:<\/strong> rosa\/carmes\u00ed\/negro\/verde oscuro\/beige<br><strong>Sin BPA<\/strong><\/p>\n<\/div>\n\n\n\n<div class=\"wp-block-column is-layout-flow wp-block-column-is-layout-flow\">\n<h3 class=\"wp-block-heading\">Opciones de jarra t\u00e9rmica personalizadas<\/h3>\n\n\n\n<p><strong>Tapas: <\/strong>tapa a presi\u00f3n de acero inoxidable<br><strong>Logotipo:<\/strong> personalice el logotipo de su marca en el producto y el envase.<br><strong>Opciones de logotipo:<\/strong> logotipo impreso, logotipo grabado con l\u00e1ser, etc.<br><strong>Patr\u00f3n: <\/strong>impresi\u00f3n de patrones en jarra de vac\u00edo.<br><strong>Tecnolog\u00eda de impresi\u00f3n:<\/strong> impresi\u00f3n por transferencia de agua, serigraf\u00eda, impresi\u00f3n por transferencia de calor, transferencia por sublimaci\u00f3n, etc.<br><strong>Embalaje:<\/strong> caja de color<br><a href=\"https:\/\/moyahousehold.com\/es\/solucion-personalizada\/\"><strong>Explore m\u00e1s soluciones de garrafas t\u00e9rmicas personalizadas <\/strong><\/a><\/p>\n\n\n\n<p><br><\/p>\n<\/div>\n<\/div>\n\n\n\n<div class=\"wp-block-columns is-layout-flex wp-container-core-columns-is-layout-9d6595d7 wp-block-columns-is-layout-flex\">\n<div class=\"wp-block-column is-layout-flow wp-block-column-is-layout-flow\">\n<figure class=\"wp-block-image size-full\"><img fetchpriority=\"high\" decoding=\"async\" width=\"660\" height=\"660\" src=\"https:\/\/moyahousehold.com\/wp-content\/uploads\/2024\/04\/1000ml-cute-thermal-carafe-details-3.jpg\" alt=\"Detalles de la bonita jarra t\u00e9rmica de 1000 ml (3)\" class=\"wp-image-10184\" srcset=\"https:\/\/moyahousehold.com\/wp-content\/uploads\/2024\/04\/1000ml-cute-thermal-carafe-details-3.jpg 660w, https:\/\/moyahousehold.com\/wp-content\/uploads\/2024\/04\/1000ml-cute-thermal-carafe-details-3-300x300.jpg 300w, https:\/\/moyahousehold.com\/wp-content\/uploads\/2024\/04\/1000ml-cute-thermal-carafe-details-3-150x150.jpg 150w, https:\/\/moyahousehold.com\/wp-content\/uploads\/2024\/04\/1000ml-cute-thermal-carafe-details-3-12x12.jpg 12w, https:\/\/moyahousehold.com\/wp-content\/uploads\/2024\/04\/1000ml-cute-thermal-carafe-details-3-285x285.jpg 285w, https:\/\/moyahousehold.com\/wp-content\/uploads\/2024\/04\/1000ml-cute-thermal-carafe-details-3-270x270.jpg 270w, https:\/\/moyahousehold.com\/wp-content\/uploads\/2024\/04\/1000ml-cute-thermal-carafe-details-3-540x540.jpg 540w\" sizes=\"(max-width: 660px) 100vw, 660px\" \/><\/figure>\n<\/div>\n\n\n\n<div class=\"wp-block-column is-layout-flow wp-block-column-is-layout-flow\">\n<figure class=\"wp-block-image size-full\"><img decoding=\"async\" width=\"660\" height=\"660\" src=\"https:\/\/moyahousehold.com\/wp-content\/uploads\/2024\/04\/1000ml-cute-thermal-carafe-details-4.jpg\" alt=\"Detalles de la bonita jarra t\u00e9rmica de 1000 ml (4)\" class=\"wp-image-10185\" srcset=\"https:\/\/moyahousehold.com\/wp-content\/uploads\/2024\/04\/1000ml-cute-thermal-carafe-details-4.jpg 660w, https:\/\/moyahousehold.com\/wp-content\/uploads\/2024\/04\/1000ml-cute-thermal-carafe-details-4-300x300.jpg 300w, https:\/\/moyahousehold.com\/wp-content\/uploads\/2024\/04\/1000ml-cute-thermal-carafe-details-4-150x150.jpg 150w, https:\/\/moyahousehold.com\/wp-content\/uploads\/2024\/04\/1000ml-cute-thermal-carafe-details-4-12x12.jpg 12w, https:\/\/moyahousehold.com\/wp-content\/uploads\/2024\/04\/1000ml-cute-thermal-carafe-details-4-285x285.jpg 285w, https:\/\/moyahousehold.com\/wp-content\/uploads\/2024\/04\/1000ml-cute-thermal-carafe-details-4-270x270.jpg 270w, https:\/\/moyahousehold.com\/wp-content\/uploads\/2024\/04\/1000ml-cute-thermal-carafe-details-4-540x540.jpg 540w\" sizes=\"(max-width: 660px) 100vw, 660px\" \/><\/figure>\n<\/div>\n<\/div>","protected":false},"excerpt":{"rendered":"<p>Venta al por mayor de jarra t\u00e9rmica de 1.0L, esta bonita jarra t\u00e9rmica tiene un dise\u00f1o sencillo y creativo, adecuado para el estilo de hogar moderno. La capacidad es de 1 litro, y hay una variedad de colores para elegir para satisfacer las necesidades de los diferentes usuarios. Apoyamos soluciones personalizadas OEM y ODM, bienvenido a contactarnos.<\/p>\n<h3>Caracter\u00edsticas de la bonita jarra t\u00e9rmica de 1,0L<\/h3>\n<div>\n<p><strong>Excelente rendimiento aislante:<\/strong> La bonita jarra t\u00e9rmica adopta la tecnolog\u00eda de aislamiento al vac\u00edo de doble capa para mantener la temperatura del agua caliente o fr\u00eda durante mucho tiempo.<\/p>\n<p><strong>Material sin BPA:<\/strong> La carcasa de pp de calidad alimentaria y la tapa sin BPA se han seleccionado para garantizar un uso seguro y fiable, apto para su uso como termo, tetera y cafetera aislada.<\/p>\n<p><strong>F\u00e1cil de limpiar:<\/strong> La jarra t\u00e9rmica tiene un fondo desmontable y el revestimiento interior se puede extraer f\u00e1cilmente, por lo que es muy f\u00e1cil de limpiar y adecuada para almacenar leche, zumo, t\u00e9 y otras bebidas.<\/p>\n<p><strong>Bonito dise\u00f1o:<\/strong> La bonita jarra t\u00e9rmica tiene un aspecto redondeado y una bonita forma, lo que la convierte en una opci\u00f3n de regalo ideal.<\/p>\n<p><strong>Servicio a medida:<\/strong> Como fabricante profesional de garrafas t\u00e9rmicas, ofrecemos servicios personalizados integrales de garrafas t\u00e9rmicas para satisfacer las diferentes necesidades del mercado o de las marcas.<\/p>\n<p><a href=\"https:\/\/moyahousehold.com\/es\/wholesale-cute-thermal-coffee-carafe\/\" target=\"_blank\" rel=\"noopener\"><strong>M\u00e1s informaci\u00f3n sobre 1.0L cute thermal coffee carafe.<\/strong><\/a><\/p>\n<\/div>","protected":false},"featured_media":10186,"comment_status":"closed","ping_status":"closed","template":"","meta":[],"product_cat":[54],"product_tag":[66,84],"class_list":{"0":"post-3393","1":"product","2":"type-product","3":"status-publish","4":"has-post-thumbnail","6":"product_cat-thermal-carafe-wholesale","7":"product_tag-wholesale-1000ml-thermos-carafe","8":"product_tag-wholesale-glass-liner-thermos-carafe","10":"first","11":"instock","12":"shipping-taxable","13":"product-type-simple"},"_links":{"self":[{"href":"https:\/\/moyahousehold.com\/es\/wp-json\/wp\/v2\/product\/3393","targetHints":{"allow":["GET"]}}],"collection":[{"href":"https:\/\/moyahousehold.com\/es\/wp-json\/wp\/v2\/product"}],"about":[{"href":"https:\/\/moyahousehold.com\/es\/wp-json\/wp\/v2\/types\/product"}],"replies":[{"embeddable":true,"href":"https:\/\/moyahousehold.com\/es\/wp-json\/wp\/v2\/comments?post=3393"}],"version-history":[{"count":0,"href":"https:\/\/moyahousehold.com\/es\/wp-json\/wp\/v2\/product\/3393\/revisions"}],"wp:featuredmedia":[{"embeddable":true,"href":"https:\/\/moyahousehold.com\/es\/wp-json\/wp\/v2\/media\/10186"}],"wp:attachment":[{"href":"https:\/\/moyahousehold.com\/es\/wp-json\/wp\/v2\/media?parent=3393"}],"wp:term":[{"taxonomy":"product_cat","embeddable":true,"href":"https:\/\/moyahousehold.com\/es\/wp-json\/wp\/v2\/product_cat?post=3393"},{"taxonomy":"product_tag","embeddable":true,"href":"https:\/\/moyahousehold.com\/es\/wp-json\/wp\/v2\/product_tag?post=3393"}],"curies":[{"name":"wp","href":"https:\/\/api.w.org\/{rel}","templated":true}]}}