{"id":3418,"date":"2024-04-21T11:06:57","date_gmt":"2024-04-21T11:06:57","guid":{"rendered":"https:\/\/moyahousehold.com\/?post_type=product&#038;p=3418"},"modified":"2025-04-19T09:33:53","modified_gmt":"2025-04-19T09:33:53","slug":"wholesale-thermos-kettle-fiji-style","status":"publish","type":"product","link":"https:\/\/moyahousehold.com\/es\/producto\/wholesale-thermos-kettle-fiji-style\/","title":{"rendered":"Mayorista 1.0L Hervidor T\u00e9rmico Popular en el Mundo (Estilo Fiyi), Jarra T\u00e9rmica con Estilo a Granel en Venta"},"content":{"rendered":"<div class=\"wp-block-columns is-layout-flex wp-container-core-columns-is-layout-9d6595d7 wp-block-columns-is-layout-flex\">\n<div class=\"wp-block-column is-layout-flow wp-block-column-is-layout-flow\">\n<h3 class=\"wp-block-heading\">Par\u00e1metros del termo hervidor de 1,0L<\/h3>\n\n\n\n<p><strong>N\u00famero de modelo<\/strong>: MY800<br><strong>Material<\/strong>borosilicato + PP + Silicagel <br><strong>Peso bruto<\/strong>: 0.9kg<br><strong>Dimensi\u00f3n<\/strong>: 170x124x248mm<br><strong>Color<\/strong>: blanco\/rosa\/verde menta\/gris claro<br><strong>Sin BPA<\/strong><\/p>\n<\/div>\n\n\n\n<div class=\"wp-block-column is-layout-flow wp-block-column-is-layout-flow\">\n<h3 class=\"wp-block-heading\">Opciones de termos personalizados<\/h3>\n\n\n\n<p><strong>Tapas<\/strong>Tapa a presi\u00f3n de acero inoxidable<br><strong>Logotipo<\/strong>Personalice el logotipo de su marca en el producto y el embalaje.<br><strong>Opciones de logotipo<\/strong>Logotipo impreso, logotipo grabado con l\u00e1ser, etc.<br><strong>Patr\u00f3n<\/strong>Impresi\u00f3n de motivos en termos.<br><strong>Tecnolog\u00eda de impresi\u00f3n<\/strong>Impresi\u00f3n por transferencia de agua, serigraf\u00eda, transferencia de calor, sublimaci\u00f3n, etc.<br><strong>Embalaje<\/strong>: caja de color<br><a href=\"https:\/\/moyahousehold.com\/es\/solucion-personalizada\/\" target=\"_blank\" rel=\"noreferrer noopener\"><strong>M\u00e1s informaci\u00f3n sobre soluciones personalizadas de hervidores t\u00e9rmicos.<\/strong><\/a><\/p>\n\n\n\n<p><br><\/p>\n<\/div>\n<\/div>\n\n\n\n<div class=\"wp-block-columns is-layout-flex wp-container-core-columns-is-layout-9d6595d7 wp-block-columns-is-layout-flex\">\n<div class=\"wp-block-column is-layout-flow wp-block-column-is-layout-flow\">\n<figure class=\"wp-block-image size-full\"><img fetchpriority=\"high\" decoding=\"async\" width=\"1500\" height=\"1500\" src=\"https:\/\/moyahousehold.com\/wp-content\/uploads\/2024\/04\/Thermos-Kettle-Detail-3.jpg\" alt=\"Termo-Hervidor-Detalle-3\" class=\"wp-image-9852\" srcset=\"https:\/\/moyahousehold.com\/wp-content\/uploads\/2024\/04\/Thermos-Kettle-Detail-3.jpg 1500w, https:\/\/moyahousehold.com\/wp-content\/uploads\/2024\/04\/Thermos-Kettle-Detail-3-300x300.jpg 300w, https:\/\/moyahousehold.com\/wp-content\/uploads\/2024\/04\/Thermos-Kettle-Detail-3-150x150.jpg 150w, https:\/\/moyahousehold.com\/wp-content\/uploads\/2024\/04\/Thermos-Kettle-Detail-3-768x768.jpg 768w, https:\/\/moyahousehold.com\/wp-content\/uploads\/2024\/04\/Thermos-Kettle-Detail-3-12x12.jpg 12w, https:\/\/moyahousehold.com\/wp-content\/uploads\/2024\/04\/Thermos-Kettle-Detail-3-285x285.jpg 285w, https:\/\/moyahousehold.com\/wp-content\/uploads\/2024\/04\/Thermos-Kettle-Detail-3-270x270.jpg 270w, https:\/\/moyahousehold.com\/wp-content\/uploads\/2024\/04\/Thermos-Kettle-Detail-3-540x540.jpg 540w, https:\/\/moyahousehold.com\/wp-content\/uploads\/2024\/04\/Thermos-Kettle-Detail-3-660x660.jpg 660w\" sizes=\"(max-width: 1500px) 100vw, 1500px\" \/><\/figure>\n<\/div>\n\n\n\n<div class=\"wp-block-column is-layout-flow wp-block-column-is-layout-flow\">\n<figure class=\"wp-block-image size-full\"><img decoding=\"async\" width=\"1500\" height=\"1501\" src=\"https:\/\/moyahousehold.com\/wp-content\/uploads\/2024\/04\/Fiji-Thermos-Kettle-Detail-5-1.jpg\" alt=\"Fiji-Thermos-Tetera-Detalle-5\" class=\"wp-image-9846\" srcset=\"https:\/\/moyahousehold.com\/wp-content\/uploads\/2024\/04\/Fiji-Thermos-Kettle-Detail-5-1.jpg 1500w, https:\/\/moyahousehold.com\/wp-content\/uploads\/2024\/04\/Fiji-Thermos-Kettle-Detail-5-1-300x300.jpg 300w, https:\/\/moyahousehold.com\/wp-content\/uploads\/2024\/04\/Fiji-Thermos-Kettle-Detail-5-1-150x150.jpg 150w, https:\/\/moyahousehold.com\/wp-content\/uploads\/2024\/04\/Fiji-Thermos-Kettle-Detail-5-1-768x769.jpg 768w, https:\/\/moyahousehold.com\/wp-content\/uploads\/2024\/04\/Fiji-Thermos-Kettle-Detail-5-1-12x12.jpg 12w, https:\/\/moyahousehold.com\/wp-content\/uploads\/2024\/04\/Fiji-Thermos-Kettle-Detail-5-1-285x285.jpg 285w, https:\/\/moyahousehold.com\/wp-content\/uploads\/2024\/04\/Fiji-Thermos-Kettle-Detail-5-1-270x270.jpg 270w, https:\/\/moyahousehold.com\/wp-content\/uploads\/2024\/04\/Fiji-Thermos-Kettle-Detail-5-1-540x540.jpg 540w, https:\/\/moyahousehold.com\/wp-content\/uploads\/2024\/04\/Fiji-Thermos-Kettle-Detail-5-1-660x660.jpg 660w\" sizes=\"(max-width: 1500px) 100vw, 1500px\" \/><\/figure>\n<\/div>\n<\/div>","protected":false},"excerpt":{"rendered":"<p>Mayorista Hervidor t\u00e9rmico estilo Fiji, jarra t\u00e9rmica. La jarra t\u00e9rmica Fiji utiliza un revestimiento interior de vidrio, puede lograr el aislamiento y la refrigeraci\u00f3n durante 24 horas. Apoyamos orden a granel y OEM &amp; ODM modificado para requisitos particulares servicios de jarra t\u00e9rmica, recepci\u00f3n para entrarnos en contacto con.<\/p>\n<h3>Caracter\u00edsticas y ventajas del termo hervidor estilo Fiji de 1.0L<\/h3>\n<p><strong>Dise\u00f1o de apariencia sencilla:<\/strong> Sencilla pero no simple, esta jarra t\u00e9rmica adopta un moderno concepto de dise\u00f1o minimalista, que puede integrarse con diversas decoraciones del hogar y es adecuada para una gran variedad de escenarios.<\/p>\n<p><strong>Aislamiento eficaz:<\/strong> Esta jarra t\u00e9rmica lleva incorporado un revestimiento de vidrio de hiel roja, que permite conservar el calor o el fr\u00edo durante 24 horas, satisfaciendo as\u00ed las necesidades de agua potable en cualquier clima.<\/p>\n<p><strong>Dise\u00f1o de ca\u00f1o antifugas lateral:<\/strong> Esta jarra t\u00e9rmica adopta un dise\u00f1o de boquilla \u00fanico para garantizar un flujo suave del agua, a la vez que evita las fugas laterales y las quemaduras del agua hirviendo, y su uso es seguro y fiable.<\/p>\n<p><strong>Vertido con un solo bot\u00f3n:<\/strong> Equipada con una tapa de presi\u00f3n de un solo bot\u00f3n, puede manejarse f\u00e1cilmente con una sola mano, lo que ahorra trabajo y resulta c\u00f3modo.<\/p>\n<p><strong>Mango c\u00f3modo:<\/strong> Adopta el mango de c\u00e1scara de PP, que es ligero en general, c\u00f3modo de sostener, y no es f\u00e1cil cansarse despu\u00e9s de un uso prolongado.<\/p>\n<p><a href=\"https:\/\/moyahousehold.com\/es\/wholesale-fiji-style-stylish-thermos-kettle\/\" target=\"_blank\" rel=\"noopener\"><strong>M\u00e1s informaci\u00f3n sobre el termo hervidor Fiji Style.<\/strong><\/a><\/p>","protected":false},"featured_media":9848,"comment_status":"open","ping_status":"closed","template":"","meta":[],"product_cat":[54],"product_tag":[66,84],"class_list":{"0":"post-3418","1":"product","2":"type-product","3":"status-publish","4":"has-post-thumbnail","6":"product_cat-thermal-carafe-wholesale","7":"product_tag-wholesale-1000ml-thermos-carafe","8":"product_tag-wholesale-glass-liner-thermos-carafe","10":"first","11":"instock","12":"shipping-taxable","13":"product-type-simple"},"_links":{"self":[{"href":"https:\/\/moyahousehold.com\/es\/wp-json\/wp\/v2\/product\/3418","targetHints":{"allow":["GET"]}}],"collection":[{"href":"https:\/\/moyahousehold.com\/es\/wp-json\/wp\/v2\/product"}],"about":[{"href":"https:\/\/moyahousehold.com\/es\/wp-json\/wp\/v2\/types\/product"}],"replies":[{"embeddable":true,"href":"https:\/\/moyahousehold.com\/es\/wp-json\/wp\/v2\/comments?post=3418"}],"version-history":[{"count":0,"href":"https:\/\/moyahousehold.com\/es\/wp-json\/wp\/v2\/product\/3418\/revisions"}],"wp:featuredmedia":[{"embeddable":true,"href":"https:\/\/moyahousehold.com\/es\/wp-json\/wp\/v2\/media\/9848"}],"wp:attachment":[{"href":"https:\/\/moyahousehold.com\/es\/wp-json\/wp\/v2\/media?parent=3418"}],"wp:term":[{"taxonomy":"product_cat","embeddable":true,"href":"https:\/\/moyahousehold.com\/es\/wp-json\/wp\/v2\/product_cat?post=3418"},{"taxonomy":"product_tag","embeddable":true,"href":"https:\/\/moyahousehold.com\/es\/wp-json\/wp\/v2\/product_tag?post=3418"}],"curies":[{"name":"wp","href":"https:\/\/api.w.org\/{rel}","templated":true}]}}