{"id":3419,"date":"2024-04-21T11:07:00","date_gmt":"2024-04-21T11:07:00","guid":{"rendered":"https:\/\/moyahousehold.com\/?post_type=product&#038;p=3419"},"modified":"2026-04-10T08:47:03","modified_gmt":"2026-04-10T08:47:03","slug":"wholesale-custom-thermos-flask","status":"publish","type":"product","link":"https:\/\/moyahousehold.com\/es\/producto\/wholesale-custom-thermos-flask\/","title":{"rendered":"Wholesale Custom Thermos Flask, Bulk 1000ml Fashionable Thermos Carafe, Support OEM &amp; ODM"},"content":{"rendered":"<figure class=\"wp-block-image size-full\"><img fetchpriority=\"high\" decoding=\"async\" width=\"800\" height=\"800\" src=\"https:\/\/moyahousehold.com\/wp-content\/uploads\/2024\/04\/\u672a\u6807\u9898-1.jpg\" alt=\"MOYA  1L Thermal Carafe \u2013 4 Colors, Double-Wall Insulation, Japanese Minimalist Style\" class=\"wp-image-12878\" srcset=\"https:\/\/moyahousehold.com\/wp-content\/uploads\/2024\/04\/\u672a\u6807\u9898-1.jpg 800w, https:\/\/moyahousehold.com\/wp-content\/uploads\/2024\/04\/\u672a\u6807\u9898-1-300x300.jpg 300w, https:\/\/moyahousehold.com\/wp-content\/uploads\/2024\/04\/\u672a\u6807\u9898-1-150x150.jpg 150w, https:\/\/moyahousehold.com\/wp-content\/uploads\/2024\/04\/\u672a\u6807\u9898-1-768x768.jpg 768w, https:\/\/moyahousehold.com\/wp-content\/uploads\/2024\/04\/\u672a\u6807\u9898-1-12x12.jpg 12w, https:\/\/moyahousehold.com\/wp-content\/uploads\/2024\/04\/\u672a\u6807\u9898-1-285x285.jpg 285w, https:\/\/moyahousehold.com\/wp-content\/uploads\/2024\/04\/\u672a\u6807\u9898-1-270x270.jpg 270w, https:\/\/moyahousehold.com\/wp-content\/uploads\/2024\/04\/\u672a\u6807\u9898-1-540x540.jpg 540w, https:\/\/moyahousehold.com\/wp-content\/uploads\/2024\/04\/\u672a\u6807\u9898-1-660x660.jpg 660w\" sizes=\"(max-width: 800px) 100vw, 800px\" \/><\/figure>\n\n\n\n<h3 class=\"wp-block-heading\">Par\u00e1metros del termo<\/h3>\n\n\n\n<figure class=\"wp-block-table\"><table class=\"has-fixed-layout\"><tbody><tr><td><strong>Art\u00edculo<\/strong><\/td><td><strong>Material<\/strong><\/td><td><strong>Color<\/strong><\/td><td><strong>Dimensi\u00f3n<\/strong><\/td><td><strong>G.W.\/PCS<\/strong><\/td><\/tr><tr><td>MY808<\/td><td>Borosilicate + PP + Silica Gel<\/td><td>Beige\/Pink\/Light Grey\/Black<\/td><td>7*7*19<\/td><td>0.9<\/td><\/tr><\/tbody><\/table><\/figure>\n\n\n\n<div class=\"wp-block-columns is-layout-flex wp-container-core-columns-is-layout-9d6595d7 wp-block-columns-is-layout-flex\">\n<div class=\"wp-block-column is-layout-flow wp-block-column-is-layout-flow\">\n<h3 class=\"wp-block-heading\">Opciones de termos personalizados<\/h3>\n\n\n\n<p><strong>Tapas:<\/strong> Stainless steel pressure lid<br><strong>Logotipo:<\/strong> Custom your brand logo on product and package.<br><strong>Logo Options:<\/strong> Printed logo, laser engraved logo, etc.<br><strong>Patr\u00f3n:<\/strong> Printing patterns on insulated carafes.<br><strong>Printing Technology:<\/strong> Water transfer printing, silk screen printing, heat transfer printing, sublimation transfer, etc.<br><strong>Embalaje:<\/strong> Color box<br><a href=\"https:\/\/moyahousehold.com\/es\/solucion-personalizada\/\"><strong>Explore m\u00e1s soluciones de termos personalizados<\/strong><\/a><\/p>\n<\/div>\n<\/div>\n\n\n\n<div class=\"wp-block-columns is-layout-flex wp-container-core-columns-is-layout-9d6595d7 wp-block-columns-is-layout-flex\">\n<div class=\"wp-block-column is-layout-flow wp-block-column-is-layout-flow\">\n<figure class=\"wp-block-image size-full\"><img decoding=\"async\" width=\"660\" height=\"660\" src=\"https:\/\/moyahousehold.com\/wp-content\/uploads\/2024\/04\/Wholesale-Thermos-Flask-Display-2.webp\" alt=\"Mayorista Expositor de termos (2)\" class=\"wp-image-9927\" srcset=\"https:\/\/moyahousehold.com\/wp-content\/uploads\/2024\/04\/Wholesale-Thermos-Flask-Display-2.webp 660w, https:\/\/moyahousehold.com\/wp-content\/uploads\/2024\/04\/Wholesale-Thermos-Flask-Display-2-300x300.webp 300w, https:\/\/moyahousehold.com\/wp-content\/uploads\/2024\/04\/Wholesale-Thermos-Flask-Display-2-150x150.webp 150w, https:\/\/moyahousehold.com\/wp-content\/uploads\/2024\/04\/Wholesale-Thermos-Flask-Display-2-12x12.webp 12w, https:\/\/moyahousehold.com\/wp-content\/uploads\/2024\/04\/Wholesale-Thermos-Flask-Display-2-285x285.webp 285w, https:\/\/moyahousehold.com\/wp-content\/uploads\/2024\/04\/Wholesale-Thermos-Flask-Display-2-270x270.webp 270w, https:\/\/moyahousehold.com\/wp-content\/uploads\/2024\/04\/Wholesale-Thermos-Flask-Display-2-540x540.webp 540w\" sizes=\"(max-width: 660px) 100vw, 660px\" \/><\/figure>\n<\/div>\n\n\n\n<div class=\"wp-block-column is-layout-flow wp-block-column-is-layout-flow\">\n<figure class=\"wp-block-image size-full\"><img decoding=\"async\" width=\"660\" height=\"660\" src=\"https:\/\/moyahousehold.com\/wp-content\/uploads\/2024\/04\/Wholesale-Thermos-Flask-Display-3.webp\" alt=\"Mayorista Expositor de termos (3)\" class=\"wp-image-9928\" srcset=\"https:\/\/moyahousehold.com\/wp-content\/uploads\/2024\/04\/Wholesale-Thermos-Flask-Display-3.webp 660w, https:\/\/moyahousehold.com\/wp-content\/uploads\/2024\/04\/Wholesale-Thermos-Flask-Display-3-300x300.webp 300w, https:\/\/moyahousehold.com\/wp-content\/uploads\/2024\/04\/Wholesale-Thermos-Flask-Display-3-150x150.webp 150w, https:\/\/moyahousehold.com\/wp-content\/uploads\/2024\/04\/Wholesale-Thermos-Flask-Display-3-12x12.webp 12w, https:\/\/moyahousehold.com\/wp-content\/uploads\/2024\/04\/Wholesale-Thermos-Flask-Display-3-285x285.webp 285w, https:\/\/moyahousehold.com\/wp-content\/uploads\/2024\/04\/Wholesale-Thermos-Flask-Display-3-270x270.webp 270w, https:\/\/moyahousehold.com\/wp-content\/uploads\/2024\/04\/Wholesale-Thermos-Flask-Display-3-540x540.webp 540w\" sizes=\"(max-width: 660px) 100vw, 660px\" \/><\/figure>\n<\/div>\n<\/div>\n\n\n\n<p><\/p>","protected":false},"excerpt":{"rendered":"<p>Mayorista de termos personalizables, MOYA ofrece una gran variedad de estilos para elegir. Este termo tiene un revestimiento de vidrio rojo, que puede mantener eficazmente el calor hasta 24 horas. Es una opci\u00f3n ideal para uso dom\u00e9stico, equipamiento de oficina o hosteler\u00eda. Ofrecemos servicio de termos personalizados OEM y ODM, con apariencia, material, color, logotipo de marca y configuraci\u00f3n funcional personalizados. P\u00f3ngase en contacto con nosotros.<\/p>\n<h3>Features of Customizable Thermos Flask<\/h3>\n<p><strong>Multiple Color Options:<\/strong> Este termo est\u00e1 disponible en cuatro colores, entre ellos el cl\u00e1sico negro, el elegante blanco o los vibrantes amarillo y rosa, para satisfacer las necesidades personalizadas de los distintos consumidores.<\/p>\n<p><strong>High-Quality Materials:<\/strong> Este termo lleva incorporado un forro de vidrio rojo, que a\u00edsla mejor que el forro de vidrio ordinario y proporciona hasta 24 horas de aislamiento.<\/p>\n<p><strong>Easy to Clean and Replace:<\/strong> El fondo de este termo es desmontable, y el revestimiento puede sustituirse y limpiarse f\u00e1cilmente para garantizar la higiene y limpieza internas.<\/p>\n<p><strong>Practical Design:<\/strong> La salida de agua puede encenderse y apagarse con s\u00f3lo pulsar un bot\u00f3n en la parte superior, y la columna de agua converge suavemente para evitar que el agua se derrame.<\/p>\n<p><strong>Customization Service<\/strong>: Proporcionamos servicios de termo personalizado OEM y ODM, ofrecemos una amplia gama de opciones de personalizaci\u00f3n y admitimos pedidos de lotes peque\u00f1os.<\/p>","protected":false},"featured_media":9923,"comment_status":"closed","ping_status":"closed","template":"","meta":[],"product_cat":[54],"product_tag":[66,84],"class_list":{"0":"post-3419","1":"product","2":"type-product","3":"status-publish","4":"has-post-thumbnail","6":"product_cat-thermal-carafe-wholesale","7":"product_tag-wholesale-1000ml-thermos-carafe","8":"product_tag-wholesale-glass-liner-thermos-carafe","10":"first","11":"instock","12":"shipping-taxable","13":"product-type-simple"},"_links":{"self":[{"href":"https:\/\/moyahousehold.com\/es\/wp-json\/wp\/v2\/product\/3419","targetHints":{"allow":["GET"]}}],"collection":[{"href":"https:\/\/moyahousehold.com\/es\/wp-json\/wp\/v2\/product"}],"about":[{"href":"https:\/\/moyahousehold.com\/es\/wp-json\/wp\/v2\/types\/product"}],"replies":[{"embeddable":true,"href":"https:\/\/moyahousehold.com\/es\/wp-json\/wp\/v2\/comments?post=3419"}],"version-history":[{"count":0,"href":"https:\/\/moyahousehold.com\/es\/wp-json\/wp\/v2\/product\/3419\/revisions"}],"wp:featuredmedia":[{"embeddable":true,"href":"https:\/\/moyahousehold.com\/es\/wp-json\/wp\/v2\/media\/9923"}],"wp:attachment":[{"href":"https:\/\/moyahousehold.com\/es\/wp-json\/wp\/v2\/media?parent=3419"}],"wp:term":[{"taxonomy":"product_cat","embeddable":true,"href":"https:\/\/moyahousehold.com\/es\/wp-json\/wp\/v2\/product_cat?post=3419"},{"taxonomy":"product_tag","embeddable":true,"href":"https:\/\/moyahousehold.com\/es\/wp-json\/wp\/v2\/product_tag?post=3419"}],"curies":[{"name":"wp","href":"https:\/\/api.w.org\/{rel}","templated":true}]}}