{"id":3480,"date":"2024-04-21T13:23:49","date_gmt":"2024-04-21T13:23:49","guid":{"rendered":"https:\/\/moyahousehold.com\/?post_type=product&#038;p=3480"},"modified":"2026-04-10T09:35:36","modified_gmt":"2026-04-10T09:35:36","slug":"wholesale-insulated-coffee-carafe","status":"publish","type":"product","link":"https:\/\/moyahousehold.com\/es\/producto\/wholesale-insulated-coffee-carafe\/","title":{"rendered":"Wholesale European Style 1.0L Insulated Coffee Carafe\u2013 Elegant Thermal Jug with Timeless Design, OEM\/ODM Supported"},"content":{"rendered":"<figure class=\"wp-block-image size-full\"><img fetchpriority=\"high\" decoding=\"async\" width=\"1080\" height=\"720\" src=\"https:\/\/moyahousehold.com\/wp-content\/uploads\/2024\/04\/JS-\u6b27\u5f0f\u4fdd\u6e29\u58f6-43.jpg\" alt=\"MOYA 1L Thermal Carafe \u2013 4 Colors, Double-Wall Insulation, European Minimalist Style\" class=\"wp-image-12883\" srcset=\"https:\/\/moyahousehold.com\/wp-content\/uploads\/2024\/04\/JS-\u6b27\u5f0f\u4fdd\u6e29\u58f6-43.jpg 1080w, https:\/\/moyahousehold.com\/wp-content\/uploads\/2024\/04\/JS-\u6b27\u5f0f\u4fdd\u6e29\u58f6-43-300x200.jpg 300w, https:\/\/moyahousehold.com\/wp-content\/uploads\/2024\/04\/JS-\u6b27\u5f0f\u4fdd\u6e29\u58f6-43-768x512.jpg 768w, https:\/\/moyahousehold.com\/wp-content\/uploads\/2024\/04\/JS-\u6b27\u5f0f\u4fdd\u6e29\u58f6-43-18x12.jpg 18w, https:\/\/moyahousehold.com\/wp-content\/uploads\/2024\/04\/JS-\u6b27\u5f0f\u4fdd\u6e29\u58f6-43-285x190.jpg 285w, https:\/\/moyahousehold.com\/wp-content\/uploads\/2024\/04\/JS-\u6b27\u5f0f\u4fdd\u6e29\u58f6-43-660x440.jpg 660w, https:\/\/moyahousehold.com\/wp-content\/uploads\/2024\/04\/JS-\u6b27\u5f0f\u4fdd\u6e29\u58f6-43-150x100.jpg 150w\" sizes=\"(max-width: 1080px) 100vw, 1080px\" \/><\/figure>\n\n\n\n<h3 class=\"wp-block-heading\">Par\u00e1metros de la jarra aislante para caf\u00e9<\/h3>\n\n\n\n<figure class=\"wp-block-table\"><table class=\"has-fixed-layout\"><tbody><tr><td><strong>Art\u00edculo<\/strong><\/td><td><strong>Material<\/strong><\/td><td><strong>Color<\/strong><\/td><td><strong>Dimensi\u00f3n<\/strong><\/td><td><strong>G.W.\/PCS<\/strong><\/td><\/tr><tr><td>MY0342<\/td><td>Borosilicate + ABS + PP + Silica Gel <\/td><td>White\/Pink\/Light Grey\/Black<\/td><td>20.2*15.6*24.8<\/td><td>1.1<\/td><\/tr><\/tbody><\/table><\/figure>\n\n\n\n<div class=\"wp-block-columns is-layout-flex wp-container-core-columns-is-layout-9d6595d7 wp-block-columns-is-layout-flex\">\n<div class=\"wp-block-column is-layout-flow wp-block-column-is-layout-flow\">\n<h3 class=\"wp-block-heading\">Opciones de jarra de caf\u00e9 aislante personalizada<\/h3>\n\n\n\n<p><strong>Tapas: <\/strong>Stainless steel pressure lid<br><strong>Logotipo:<\/strong> Personalice el logotipo de su marca en el producto y el envase.<br><strong>Logo Options:<\/strong> Printed logo, laser engraved logo, etc.<br><strong>Patr\u00f3n:<\/strong> Printing patterns on insulated carafes.<br><strong>Printing Technology:<\/strong> Water transfer printing, silk screen printing, heat transfer printing, sublimation transfer, etc.<br><strong>Embalaje: <\/strong>Color box<br><a href=\"https:\/\/moyahousehold.com\/es\/solucion-personalizada\/\" target=\"_blank\" rel=\"noreferrer noopener\"><strong>M\u00e1s informaci\u00f3n sobre soluciones de garrafas t\u00e9rmicas personalizadas <\/strong><\/a><\/p>\n<\/div>\n<\/div>\n\n\n\n<div class=\"wp-block-columns is-layout-flex wp-container-core-columns-is-layout-9d6595d7 wp-block-columns-is-layout-flex\">\n<div class=\"wp-block-column is-layout-flow wp-block-column-is-layout-flow\">\n<figure class=\"wp-block-image size-full\"><img decoding=\"async\" width=\"3674\" height=\"5141\" src=\"https:\/\/moyahousehold.com\/wp-content\/uploads\/2024\/04\/JS-\u6b27\u5f0f\u4fdd\u6e29\u58f6-38.jpg\" alt=\"MOYA 1L Thermal Carafe \u2013 4 Colors, Double-Wall Insulation, European Minimalist Style\" class=\"wp-image-12893\" srcset=\"https:\/\/moyahousehold.com\/wp-content\/uploads\/2024\/04\/JS-\u6b27\u5f0f\u4fdd\u6e29\u58f6-38.jpg 3674w, https:\/\/moyahousehold.com\/wp-content\/uploads\/2024\/04\/JS-\u6b27\u5f0f\u4fdd\u6e29\u58f6-38-214x300.jpg 214w, https:\/\/moyahousehold.com\/wp-content\/uploads\/2024\/04\/JS-\u6b27\u5f0f\u4fdd\u6e29\u58f6-38-768x1075.jpg 768w, https:\/\/moyahousehold.com\/wp-content\/uploads\/2024\/04\/JS-\u6b27\u5f0f\u4fdd\u6e29\u58f6-38-9x12.jpg 9w, https:\/\/moyahousehold.com\/wp-content\/uploads\/2024\/04\/JS-\u6b27\u5f0f\u4fdd\u6e29\u58f6-38-285x399.jpg 285w, https:\/\/moyahousehold.com\/wp-content\/uploads\/2024\/04\/JS-\u6b27\u5f0f\u4fdd\u6e29\u58f6-38-1600x2239.jpg 1600w, https:\/\/moyahousehold.com\/wp-content\/uploads\/2024\/04\/JS-\u6b27\u5f0f\u4fdd\u6e29\u58f6-38-472x660.jpg 472w, https:\/\/moyahousehold.com\/wp-content\/uploads\/2024\/04\/JS-\u6b27\u5f0f\u4fdd\u6e29\u58f6-38-107x150.jpg 107w\" sizes=\"(max-width: 3674px) 100vw, 3674px\" \/><\/figure>\n<\/div>\n\n\n\n<div class=\"wp-block-column is-layout-flow wp-block-column-is-layout-flow\">\n<figure class=\"wp-block-image size-full\"><img decoding=\"async\" width=\"3674\" height=\"4970\" src=\"https:\/\/moyahousehold.com\/wp-content\/uploads\/2024\/04\/JS-\u6b27\u5f0f\u4fdd\u6e29\u58f6-37.jpg\" alt=\"MOYA 1L Thermal Carafe \u2013 4 Colors, Double-Wall Insulation, European Minimalist Style\" class=\"wp-image-12892\" srcset=\"https:\/\/moyahousehold.com\/wp-content\/uploads\/2024\/04\/JS-\u6b27\u5f0f\u4fdd\u6e29\u58f6-37.jpg 3674w, https:\/\/moyahousehold.com\/wp-content\/uploads\/2024\/04\/JS-\u6b27\u5f0f\u4fdd\u6e29\u58f6-37-222x300.jpg 222w, https:\/\/moyahousehold.com\/wp-content\/uploads\/2024\/04\/JS-\u6b27\u5f0f\u4fdd\u6e29\u58f6-37-768x1039.jpg 768w, https:\/\/moyahousehold.com\/wp-content\/uploads\/2024\/04\/JS-\u6b27\u5f0f\u4fdd\u6e29\u58f6-37-9x12.jpg 9w, https:\/\/moyahousehold.com\/wp-content\/uploads\/2024\/04\/JS-\u6b27\u5f0f\u4fdd\u6e29\u58f6-37-285x386.jpg 285w, https:\/\/moyahousehold.com\/wp-content\/uploads\/2024\/04\/JS-\u6b27\u5f0f\u4fdd\u6e29\u58f6-37-1600x2164.jpg 1600w, https:\/\/moyahousehold.com\/wp-content\/uploads\/2024\/04\/JS-\u6b27\u5f0f\u4fdd\u6e29\u58f6-37-488x660.jpg 488w, https:\/\/moyahousehold.com\/wp-content\/uploads\/2024\/04\/JS-\u6b27\u5f0f\u4fdd\u6e29\u58f6-37-111x150.jpg 111w\" sizes=\"(max-width: 3674px) 100vw, 3674px\" \/><\/figure>\n<\/div>\n<\/div>\n\n\n\n<div class=\"wp-block-columns is-layout-flex wp-container-core-columns-is-layout-9d6595d7 wp-block-columns-is-layout-flex\">\n<div class=\"wp-block-column is-layout-flow wp-block-column-is-layout-flow\">\n<figure class=\"wp-block-image size-full\"><img loading=\"lazy\" decoding=\"async\" width=\"3680\" height=\"5520\" src=\"https:\/\/moyahousehold.com\/wp-content\/uploads\/2024\/04\/JS-\u6b27\u5f0f\u4fdd\u6e29\u58f6-10.jpg\" alt=\"MOYA 1L Thermal Carafe \u2013 4 Colors, Double-Wall Insulation, European Minimalist Style\" class=\"wp-image-12890\" srcset=\"https:\/\/moyahousehold.com\/wp-content\/uploads\/2024\/04\/JS-\u6b27\u5f0f\u4fdd\u6e29\u58f6-10.jpg 3680w, https:\/\/moyahousehold.com\/wp-content\/uploads\/2024\/04\/JS-\u6b27\u5f0f\u4fdd\u6e29\u58f6-10-200x300.jpg 200w, https:\/\/moyahousehold.com\/wp-content\/uploads\/2024\/04\/JS-\u6b27\u5f0f\u4fdd\u6e29\u58f6-10-768x1152.jpg 768w, https:\/\/moyahousehold.com\/wp-content\/uploads\/2024\/04\/JS-\u6b27\u5f0f\u4fdd\u6e29\u58f6-10-8x12.jpg 8w, https:\/\/moyahousehold.com\/wp-content\/uploads\/2024\/04\/JS-\u6b27\u5f0f\u4fdd\u6e29\u58f6-10-285x428.jpg 285w, https:\/\/moyahousehold.com\/wp-content\/uploads\/2024\/04\/JS-\u6b27\u5f0f\u4fdd\u6e29\u58f6-10-1600x2400.jpg 1600w, https:\/\/moyahousehold.com\/wp-content\/uploads\/2024\/04\/JS-\u6b27\u5f0f\u4fdd\u6e29\u58f6-10-440x660.jpg 440w, https:\/\/moyahousehold.com\/wp-content\/uploads\/2024\/04\/JS-\u6b27\u5f0f\u4fdd\u6e29\u58f6-10-100x150.jpg 100w\" sizes=\"(max-width: 3680px) 100vw, 3680px\" \/><\/figure>\n<\/div>\n\n\n\n<div class=\"wp-block-column is-layout-flow wp-block-column-is-layout-flow\">\n<figure class=\"wp-block-image size-full\"><img loading=\"lazy\" decoding=\"async\" width=\"3680\" height=\"5520\" src=\"https:\/\/moyahousehold.com\/wp-content\/uploads\/2024\/04\/JS-\u6b27\u5f0f\u4fdd\u6e29\u58f6-11.jpg\" alt=\"MOYA 1L Thermal Carafe \u2013 4 Colors, Double-Wall Insulation, European Minimalist Style\" class=\"wp-image-12891\" srcset=\"https:\/\/moyahousehold.com\/wp-content\/uploads\/2024\/04\/JS-\u6b27\u5f0f\u4fdd\u6e29\u58f6-11.jpg 3680w, https:\/\/moyahousehold.com\/wp-content\/uploads\/2024\/04\/JS-\u6b27\u5f0f\u4fdd\u6e29\u58f6-11-200x300.jpg 200w, https:\/\/moyahousehold.com\/wp-content\/uploads\/2024\/04\/JS-\u6b27\u5f0f\u4fdd\u6e29\u58f6-11-768x1152.jpg 768w, https:\/\/moyahousehold.com\/wp-content\/uploads\/2024\/04\/JS-\u6b27\u5f0f\u4fdd\u6e29\u58f6-11-8x12.jpg 8w, https:\/\/moyahousehold.com\/wp-content\/uploads\/2024\/04\/JS-\u6b27\u5f0f\u4fdd\u6e29\u58f6-11-285x428.jpg 285w, https:\/\/moyahousehold.com\/wp-content\/uploads\/2024\/04\/JS-\u6b27\u5f0f\u4fdd\u6e29\u58f6-11-1600x2400.jpg 1600w, https:\/\/moyahousehold.com\/wp-content\/uploads\/2024\/04\/JS-\u6b27\u5f0f\u4fdd\u6e29\u58f6-11-440x660.jpg 440w, https:\/\/moyahousehold.com\/wp-content\/uploads\/2024\/04\/JS-\u6b27\u5f0f\u4fdd\u6e29\u58f6-11-100x150.jpg 100w\" sizes=\"(max-width: 3680px) 100vw, 3680px\" \/><\/figure>\n<\/div>\n<\/div>\n\n\n\n<p><\/p>","protected":false},"excerpt":{"rendered":"<p>Jarra de caf\u00e9 aislada al vac\u00edo al por mayor, esta jarra de caf\u00e9 aislada tiene un revestimiento de vidrio incorporado, que puede mantener el calor hasta 24 horas. Tiene un aspecto elegante y es adecuado para el hogar, oficina, restaurante y otras escenas. Ofrecemos soluciones de jarra de caf\u00e9 personalizadas OEM y ODM. P\u00f3ngase en contacto con nosotros.<\/p>\n<h3>Caracter\u00edsticas y ventajas de la jarra aislante para caf\u00e9<\/h3>\n<p><strong>Simple and Modern Design:<\/strong> La jarra de caf\u00e9 aislada tiene una forma aerodin\u00e1mica, y el dise\u00f1o general es muy sencillo y moderno, adecuado para una gran variedad de estilos de hogar.<\/p>\n<p><strong>High-Quality Materials<\/strong>: La superficie de la olla tiene una textura mate, y el interior utiliza un revestimiento de vidrio, que puede mantener la temperatura del l\u00edquido durante mucho tiempo.<\/p>\n<p><strong>Wooden Handle:<\/strong> El asa de la jarra de caf\u00e9 isot\u00e9rmica est\u00e1 dise\u00f1ada con madera, lo que aumenta la calidez visual y proporciona una c\u00f3moda experiencia de agarre.<\/p>\n<p><strong>Multiple Colors Available:<\/strong> Ofrecemos una variedad de opciones de color, incluyendo 4 colores de gris, rosa, negro y blanco, que satisfacen las necesidades est\u00e9ticas de diferentes usuarios.<\/p>\n<p><strong>Wide Range of Applications:<\/strong> No s\u00f3lo es adecuado para cocinas dom\u00e9sticas, sino tambi\u00e9n para oficinas y otras ocasiones. Puede utilizarse para mantener calientes las bebidas o como decoraci\u00f3n para realzar la belleza del espacio.<\/p>","protected":false},"featured_media":10035,"comment_status":"open","ping_status":"closed","template":"","meta":[],"product_cat":[54],"product_tag":[66,154,84],"class_list":{"0":"post-3480","1":"product","2":"type-product","3":"status-publish","4":"has-post-thumbnail","6":"product_cat-thermal-carafe-wholesale","7":"product_tag-wholesale-1000ml-thermos-carafe","8":"product_tag-european-style-thermos-carafe","9":"product_tag-wholesale-glass-liner-thermos-carafe","11":"first","12":"instock","13":"shipping-taxable","14":"product-type-simple"},"_links":{"self":[{"href":"https:\/\/moyahousehold.com\/es\/wp-json\/wp\/v2\/product\/3480","targetHints":{"allow":["GET"]}}],"collection":[{"href":"https:\/\/moyahousehold.com\/es\/wp-json\/wp\/v2\/product"}],"about":[{"href":"https:\/\/moyahousehold.com\/es\/wp-json\/wp\/v2\/types\/product"}],"replies":[{"embeddable":true,"href":"https:\/\/moyahousehold.com\/es\/wp-json\/wp\/v2\/comments?post=3480"}],"version-history":[{"count":2,"href":"https:\/\/moyahousehold.com\/es\/wp-json\/wp\/v2\/product\/3480\/revisions"}],"predecessor-version":[{"id":12895,"href":"https:\/\/moyahousehold.com\/es\/wp-json\/wp\/v2\/product\/3480\/revisions\/12895"}],"wp:featuredmedia":[{"embeddable":true,"href":"https:\/\/moyahousehold.com\/es\/wp-json\/wp\/v2\/media\/10035"}],"wp:attachment":[{"href":"https:\/\/moyahousehold.com\/es\/wp-json\/wp\/v2\/media?parent=3480"}],"wp:term":[{"taxonomy":"product_cat","embeddable":true,"href":"https:\/\/moyahousehold.com\/es\/wp-json\/wp\/v2\/product_cat?post=3480"},{"taxonomy":"product_tag","embeddable":true,"href":"https:\/\/moyahousehold.com\/es\/wp-json\/wp\/v2\/product_tag?post=3480"}],"curies":[{"name":"wp","href":"https:\/\/api.w.org\/{rel}","templated":true}]}}