{"id":3493,"date":"2024-04-21T13:49:11","date_gmt":"2024-04-21T13:49:11","guid":{"rendered":"https:\/\/moyahousehold.com\/?post_type=product&#038;p=3493"},"modified":"2026-04-10T10:05:36","modified_gmt":"2026-04-10T10:05:36","slug":"wholesale-ll-thermos-kettle-with-diamond-shape-design","status":"publish","type":"product","link":"https:\/\/moyahousehold.com\/es\/producto\/venta-al-por-mayor-cafeteras-termicas-estilo-diamante\/","title":{"rendered":"Wholesale l.0L Thermos Kettle with Simple Style and Diamond Shape Design | Support OEM and OEM"},"content":{"rendered":"<figure class=\"wp-block-image size-full\"><img fetchpriority=\"high\" decoding=\"async\" width=\"5520\" height=\"2967\" src=\"https:\/\/moyahousehold.com\/wp-content\/uploads\/2024\/04\/JS-\u94bb\u77f3\u58f6-61.jpg\" alt=\"MOYA 1.0L Minimalist Thermal Pot, Perfect for Home, Office, or Tea\/Coffee\" class=\"wp-image-12899\" srcset=\"https:\/\/moyahousehold.com\/wp-content\/uploads\/2024\/04\/JS-\u94bb\u77f3\u58f6-61.jpg 5520w, https:\/\/moyahousehold.com\/wp-content\/uploads\/2024\/04\/JS-\u94bb\u77f3\u58f6-61-300x161.jpg 300w, https:\/\/moyahousehold.com\/wp-content\/uploads\/2024\/04\/JS-\u94bb\u77f3\u58f6-61-768x413.jpg 768w, https:\/\/moyahousehold.com\/wp-content\/uploads\/2024\/04\/JS-\u94bb\u77f3\u58f6-61-18x10.jpg 18w, https:\/\/moyahousehold.com\/wp-content\/uploads\/2024\/04\/JS-\u94bb\u77f3\u58f6-61-285x153.jpg 285w, https:\/\/moyahousehold.com\/wp-content\/uploads\/2024\/04\/JS-\u94bb\u77f3\u58f6-61-1600x860.jpg 1600w, https:\/\/moyahousehold.com\/wp-content\/uploads\/2024\/04\/JS-\u94bb\u77f3\u58f6-61-660x355.jpg 660w, https:\/\/moyahousehold.com\/wp-content\/uploads\/2024\/04\/JS-\u94bb\u77f3\u58f6-61-150x81.jpg 150w\" sizes=\"(max-width: 5520px) 100vw, 5520px\" \/><\/figure>\n\n\n\n<h3 class=\"wp-block-heading\">Par\u00e1metros del termo de l.0L<\/h3>\n\n\n\n<figure class=\"wp-block-table\"><table class=\"has-fixed-layout\"><tbody><tr><td><strong>Art\u00edculo<\/strong><\/td><td><strong>Material<\/strong><\/td><td><strong>Color<\/strong><\/td><td><strong>Dimensi\u00f3n<\/strong><\/td><td><strong>G.W.\/PCS<\/strong><\/td><\/tr><tr><td>MY0251<\/td><td>Borosilicate + PP + Silica Gel<\/td><td>White\/Black\/Silver<\/td><td>20.1*14.8*20.2<\/td><td>1.3<\/td><\/tr><\/tbody><\/table><\/figure>\n\n\n\n<div class=\"wp-block-columns is-layout-flex wp-container-core-columns-is-layout-9d6595d7 wp-block-columns-is-layout-flex\">\n<div class=\"wp-block-column is-layout-flow wp-block-column-is-layout-flow\">\n<h3 class=\"wp-block-heading\">Opciones de termos personalizados<\/h3>\n\n\n\n<p><strong>Tapas:<\/strong> Stainless steel pressure lid<br><strong>Logotipo: <\/strong>Customize your brand logo on product and package.<br><strong>Logo Options:<\/strong> Printed logo, laser engraved logo, etc.<br><strong>Patr\u00f3n: <\/strong>Customize printing on thermos kettles.<br><strong>Printing Technology:<\/strong> Water transfer printing, silk screen printing, heat transfer printing, sublimation transfer, etc.<br><strong>Embalaje:<\/strong> Color box<br><a href=\"https:\/\/moyahousehold.com\/es\/solucion-personalizada\/\"><strong>Obtenga m\u00e1s informaci\u00f3n sobre soluciones de hervidores t\u00e9rmicos personalizados.<\/strong><\/a><\/p>\n<\/div>\n<\/div>\n\n\n\n<div class=\"wp-block-columns is-layout-flex wp-container-core-columns-is-layout-9d6595d7 wp-block-columns-is-layout-flex\">\n<div class=\"wp-block-column is-layout-flow wp-block-column-is-layout-flow\">\n<figure class=\"wp-block-image size-full\"><img decoding=\"async\" width=\"1500\" height=\"1500\" src=\"https:\/\/moyahousehold.com\/wp-content\/uploads\/2024\/04\/Diamond-design-thermos-kettle-display-1.webp\" alt=\"Expositor termo hervidor dise\u00f1o diamante (1)\" class=\"wp-image-9990\" srcset=\"https:\/\/moyahousehold.com\/wp-content\/uploads\/2024\/04\/Diamond-design-thermos-kettle-display-1.webp 1500w, https:\/\/moyahousehold.com\/wp-content\/uploads\/2024\/04\/Diamond-design-thermos-kettle-display-1-300x300.webp 300w, https:\/\/moyahousehold.com\/wp-content\/uploads\/2024\/04\/Diamond-design-thermos-kettle-display-1-150x150.webp 150w, https:\/\/moyahousehold.com\/wp-content\/uploads\/2024\/04\/Diamond-design-thermos-kettle-display-1-768x768.webp 768w, https:\/\/moyahousehold.com\/wp-content\/uploads\/2024\/04\/Diamond-design-thermos-kettle-display-1-12x12.webp 12w, https:\/\/moyahousehold.com\/wp-content\/uploads\/2024\/04\/Diamond-design-thermos-kettle-display-1-285x285.webp 285w, https:\/\/moyahousehold.com\/wp-content\/uploads\/2024\/04\/Diamond-design-thermos-kettle-display-1-270x270.webp 270w, https:\/\/moyahousehold.com\/wp-content\/uploads\/2024\/04\/Diamond-design-thermos-kettle-display-1-540x540.webp 540w, https:\/\/moyahousehold.com\/wp-content\/uploads\/2024\/04\/Diamond-design-thermos-kettle-display-1-660x660.webp 660w\" sizes=\"(max-width: 1500px) 100vw, 1500px\" \/><\/figure>\n<\/div>\n\n\n\n<div class=\"wp-block-column is-layout-flow wp-block-column-is-layout-flow\">\n<figure class=\"wp-block-image size-full\"><img decoding=\"async\" width=\"1500\" height=\"1500\" src=\"https:\/\/moyahousehold.com\/wp-content\/uploads\/2024\/04\/Diamond-design-thermos-kettle-display-2.webp\" alt=\"Expositor termo hervidor dise\u00f1o diamante (2)\" class=\"wp-image-9991\" srcset=\"https:\/\/moyahousehold.com\/wp-content\/uploads\/2024\/04\/Diamond-design-thermos-kettle-display-2.webp 1500w, https:\/\/moyahousehold.com\/wp-content\/uploads\/2024\/04\/Diamond-design-thermos-kettle-display-2-300x300.webp 300w, https:\/\/moyahousehold.com\/wp-content\/uploads\/2024\/04\/Diamond-design-thermos-kettle-display-2-150x150.webp 150w, https:\/\/moyahousehold.com\/wp-content\/uploads\/2024\/04\/Diamond-design-thermos-kettle-display-2-768x768.webp 768w, https:\/\/moyahousehold.com\/wp-content\/uploads\/2024\/04\/Diamond-design-thermos-kettle-display-2-12x12.webp 12w, https:\/\/moyahousehold.com\/wp-content\/uploads\/2024\/04\/Diamond-design-thermos-kettle-display-2-285x285.webp 285w, https:\/\/moyahousehold.com\/wp-content\/uploads\/2024\/04\/Diamond-design-thermos-kettle-display-2-270x270.webp 270w, https:\/\/moyahousehold.com\/wp-content\/uploads\/2024\/04\/Diamond-design-thermos-kettle-display-2-540x540.webp 540w, https:\/\/moyahousehold.com\/wp-content\/uploads\/2024\/04\/Diamond-design-thermos-kettle-display-2-660x660.webp 660w\" sizes=\"(max-width: 1500px) 100vw, 1500px\" \/><\/figure>\n<\/div>\n<\/div>\n\n\n\n<div class=\"wp-block-columns is-layout-flex wp-container-core-columns-is-layout-9d6595d7 wp-block-columns-is-layout-flex\">\n<div class=\"wp-block-column is-layout-flow wp-block-column-is-layout-flow\"><\/div>\n\n\n\n<div class=\"wp-block-column is-layout-flow wp-block-column-is-layout-flow\"><\/div>\n<\/div>","protected":false},"excerpt":{"rendered":"<p>Mayorista de termos con aspecto de diamante, dise\u00f1o \u00fanico, perfecto para su cocina o restaurante. Este termo, con revestimiento de vidrio incorporado, puede mantener la temperatura hasta 24 horas. Ofrecemos servicios de OEM y ODM para termos personalizados, tanto si necesita pedidos de lotes peque\u00f1os como grandes cantidades. P\u00f3ngase en contacto con nosotros.<\/p>\n<h3>Caracter\u00edsticas de Wholesale l.0L Thermos Kettle\u00a0<\/h3>\n<div>\n<p><strong>Unique Design:<\/strong> Los termos al por mayor adoptan una geometr\u00eda de poliedro de diamante, elegante y moderna, adecuada para todo tipo de estilos de hogar.<\/p>\n<p><strong>Practical Design:<\/strong> El termo hervidor tiene una boquilla bien dise\u00f1ada, que resulta c\u00f3moda para verter l\u00edquidos, evita fugas y es m\u00e1s seguro de usar.<\/p>\n<p><strong>Long-term Heat Preservation:<\/strong> El forro de los termos al por mayor adopta el forro de vidrio de hiel roja, que puede mantener el calor durante 24 horas.<\/p>\n<p><strong>Servicio de venta al por mayor:<\/strong> We provide the best wholesale thermos kettle service and after-sales service and accept small batch orders. <\/p>\n<p><strong>OEM &amp; ODM Customization Support:<\/strong> MOYA le ofrece una soluci\u00f3n integral de hervidor t\u00e9rmico personalizado, que abarca el dise\u00f1o, la fabricaci\u00f3n de muestras y la producci\u00f3n en serie, para crear un hervidor t\u00e9rmico de marca personalizada para usted. <\/p>\n<\/div>\n<p><strong><a href=\"https:\/\/moyahousehold.com\/es\/solucion-personalizada\/\" target=\"_blank\" rel=\"noopener\">M\u00e1s informaci\u00f3n sobre soluciones de termos personalizados OEM&amp;ODM.\u00a0<\/a><\/strong><\/p>","protected":false},"featured_media":9992,"comment_status":"closed","ping_status":"closed","template":"","meta":[],"product_cat":[54],"product_tag":[66,84],"class_list":{"0":"post-3493","1":"product","2":"type-product","3":"status-publish","4":"has-post-thumbnail","6":"product_cat-thermal-carafe-wholesale","7":"product_tag-wholesale-1000ml-thermos-carafe","8":"product_tag-wholesale-glass-liner-thermos-carafe","10":"first","11":"instock","12":"shipping-taxable","13":"product-type-simple"},"_links":{"self":[{"href":"https:\/\/moyahousehold.com\/es\/wp-json\/wp\/v2\/product\/3493","targetHints":{"allow":["GET"]}}],"collection":[{"href":"https:\/\/moyahousehold.com\/es\/wp-json\/wp\/v2\/product"}],"about":[{"href":"https:\/\/moyahousehold.com\/es\/wp-json\/wp\/v2\/types\/product"}],"replies":[{"embeddable":true,"href":"https:\/\/moyahousehold.com\/es\/wp-json\/wp\/v2\/comments?post=3493"}],"version-history":[{"count":2,"href":"https:\/\/moyahousehold.com\/es\/wp-json\/wp\/v2\/product\/3493\/revisions"}],"predecessor-version":[{"id":12901,"href":"https:\/\/moyahousehold.com\/es\/wp-json\/wp\/v2\/product\/3493\/revisions\/12901"}],"wp:featuredmedia":[{"embeddable":true,"href":"https:\/\/moyahousehold.com\/es\/wp-json\/wp\/v2\/media\/9992"}],"wp:attachment":[{"href":"https:\/\/moyahousehold.com\/es\/wp-json\/wp\/v2\/media?parent=3493"}],"wp:term":[{"taxonomy":"product_cat","embeddable":true,"href":"https:\/\/moyahousehold.com\/es\/wp-json\/wp\/v2\/product_cat?post=3493"},{"taxonomy":"product_tag","embeddable":true,"href":"https:\/\/moyahousehold.com\/es\/wp-json\/wp\/v2\/product_tag?post=3493"}],"curies":[{"name":"wp","href":"https:\/\/api.w.org\/{rel}","templated":true}]}}