{"id":3657,"date":"2024-04-22T03:38:05","date_gmt":"2024-04-22T03:38:05","guid":{"rendered":"https:\/\/moyahousehold.com\/?post_type=product&#038;p=3657"},"modified":"2026-04-11T07:07:15","modified_gmt":"2026-04-11T07:07:15","slug":"wholesale-stylish-insulated-drink-dispenser","status":"publish","type":"product","link":"https:\/\/moyahousehold.com\/es\/producto\/wholesale-stylish-insulated-drink-dispenser\/","title":{"rendered":"Wholesale Stylish Insulated Drink Dispenser 5.0L, Bulk Coffee Air Pots Venta Directa de F\u00e1brica, Soporte OEM &amp; ODM"},"content":{"rendered":"<figure class=\"wp-block-image size-full\"><img fetchpriority=\"high\" decoding=\"async\" width=\"3984\" height=\"2240\" src=\"https:\/\/moyahousehold.com\/wp-content\/uploads\/2024\/04\/DSC099881.jpg\" alt=\"5.0L insulated bucket, minimalist thermal insulated water dispenser with ergonomic handle, ideal for home\/office\" class=\"wp-image-12921\" srcset=\"https:\/\/moyahousehold.com\/wp-content\/uploads\/2024\/04\/DSC099881.jpg 3984w, https:\/\/moyahousehold.com\/wp-content\/uploads\/2024\/04\/DSC099881-300x169.jpg 300w, https:\/\/moyahousehold.com\/wp-content\/uploads\/2024\/04\/DSC099881-768x432.jpg 768w, https:\/\/moyahousehold.com\/wp-content\/uploads\/2024\/04\/DSC099881-18x10.jpg 18w, https:\/\/moyahousehold.com\/wp-content\/uploads\/2024\/04\/DSC099881-285x160.jpg 285w, https:\/\/moyahousehold.com\/wp-content\/uploads\/2024\/04\/DSC099881-1600x900.jpg 1600w, https:\/\/moyahousehold.com\/wp-content\/uploads\/2024\/04\/DSC099881-660x371.jpg 660w, https:\/\/moyahousehold.com\/wp-content\/uploads\/2024\/04\/DSC099881-150x84.jpg 150w\" sizes=\"(max-width: 3984px) 100vw, 3984px\" \/><\/figure>\n\n\n\n<h3 class=\"wp-block-heading\">Par\u00e1metros del dispensador de bebidas isot\u00e9rmico<\/h3>\n\n\n\n<figure class=\"wp-block-table\"><table class=\"has-fixed-layout\"><tbody><tr><td><strong>Art\u00edculo<\/strong><\/td><td><strong>Material<\/strong><\/td><td><strong>Color<\/strong><\/td><td><strong>Dimensi\u00f3n<\/strong><\/td><td><strong>G.W.\/PCS<\/strong><\/td><\/tr><tr><td>MY0879<\/td><td>304 + PP + Silica Gel + Beech<\/td><td>Black\/Beige<\/td><td>28.4*20*47.2<\/td><td>3.8<\/td><\/tr><\/tbody><\/table><\/figure>\n\n\n\n<div class=\"wp-block-columns is-layout-flex wp-container-core-columns-is-layout-9d6595d7 wp-block-columns-is-layout-flex\">\n<div class=\"wp-block-column is-layout-flow wp-block-column-is-layout-flow\">\n<h3 class=\"wp-block-heading\">Custom Insulated Drink Dispenser Options<\/h3>\n\n\n\n<p><strong>Logotipo:<\/strong> Personalice el logotipo de su marca en el producto y el envase.<br><strong>Logo Options:<\/strong> Printed logo, laser engraved logo, etc.<br><strong>Patr\u00f3n: <\/strong>Personalice la impresi\u00f3n en el dispensador de bebidas isot\u00e9rmico.<br><strong>Printing Technology:<\/strong> Water transfer printing, silk screen printing, heat transfer printing, sublimation transfer, etc.<br><strong>Embalaje:<\/strong> Color box<br><a href=\"https:\/\/moyahousehold.com\/es\/solucion-personalizada\/\" target=\"_blank\" rel=\"noreferrer noopener\"><strong>Obtenga m\u00e1s informaci\u00f3n sobre soluciones personalizadas para dep\u00f3sitos de aire.<\/strong><\/a><\/p>\n<\/div>\n<\/div>\n\n\n\n<div class=\"wp-block-columns is-layout-flex wp-container-core-columns-is-layout-9d6595d7 wp-block-columns-is-layout-flex\">\n<div class=\"wp-block-column is-layout-flow wp-block-column-is-layout-flow\">\n<figure class=\"wp-block-image size-full\"><img decoding=\"async\" width=\"1500\" height=\"1499\" src=\"https:\/\/moyahousehold.com\/wp-content\/uploads\/2024\/04\/Insulated-Drink-Dispenser-Display\uff081\uff09.webp\" alt=\"Dispensador de bebidas aislado\uff081\uff09\" class=\"wp-image-9908\" srcset=\"https:\/\/moyahousehold.com\/wp-content\/uploads\/2024\/04\/Insulated-Drink-Dispenser-Display\uff081\uff09.webp 1500w, https:\/\/moyahousehold.com\/wp-content\/uploads\/2024\/04\/Insulated-Drink-Dispenser-Display\uff081\uff09-300x300.webp 300w, https:\/\/moyahousehold.com\/wp-content\/uploads\/2024\/04\/Insulated-Drink-Dispenser-Display\uff081\uff09-150x150.webp 150w, https:\/\/moyahousehold.com\/wp-content\/uploads\/2024\/04\/Insulated-Drink-Dispenser-Display\uff081\uff09-768x767.webp 768w, https:\/\/moyahousehold.com\/wp-content\/uploads\/2024\/04\/Insulated-Drink-Dispenser-Display\uff081\uff09-12x12.webp 12w, https:\/\/moyahousehold.com\/wp-content\/uploads\/2024\/04\/Insulated-Drink-Dispenser-Display\uff081\uff09-285x285.webp 285w, https:\/\/moyahousehold.com\/wp-content\/uploads\/2024\/04\/Insulated-Drink-Dispenser-Display\uff081\uff09-270x270.webp 270w, https:\/\/moyahousehold.com\/wp-content\/uploads\/2024\/04\/Insulated-Drink-Dispenser-Display\uff081\uff09-540x540.webp 540w, https:\/\/moyahousehold.com\/wp-content\/uploads\/2024\/04\/Insulated-Drink-Dispenser-Display\uff081\uff09-660x660.webp 660w\" sizes=\"(max-width: 1500px) 100vw, 1500px\" \/><\/figure>\n<\/div>\n\n\n\n<div class=\"wp-block-column is-layout-flow wp-block-column-is-layout-flow\">\n<figure class=\"wp-block-image size-full\"><img decoding=\"async\" width=\"1500\" height=\"1499\" src=\"https:\/\/moyahousehold.com\/wp-content\/uploads\/2024\/04\/Insulated-Drink-Dispenser-Display\uff082\uff09.webp\" alt=\"Dispensador de bebidas aislado\uff082\uff09\" class=\"wp-image-9909\" srcset=\"https:\/\/moyahousehold.com\/wp-content\/uploads\/2024\/04\/Insulated-Drink-Dispenser-Display\uff082\uff09.webp 1500w, https:\/\/moyahousehold.com\/wp-content\/uploads\/2024\/04\/Insulated-Drink-Dispenser-Display\uff082\uff09-300x300.webp 300w, https:\/\/moyahousehold.com\/wp-content\/uploads\/2024\/04\/Insulated-Drink-Dispenser-Display\uff082\uff09-150x150.webp 150w, https:\/\/moyahousehold.com\/wp-content\/uploads\/2024\/04\/Insulated-Drink-Dispenser-Display\uff082\uff09-768x767.webp 768w, https:\/\/moyahousehold.com\/wp-content\/uploads\/2024\/04\/Insulated-Drink-Dispenser-Display\uff082\uff09-12x12.webp 12w, https:\/\/moyahousehold.com\/wp-content\/uploads\/2024\/04\/Insulated-Drink-Dispenser-Display\uff082\uff09-285x285.webp 285w, https:\/\/moyahousehold.com\/wp-content\/uploads\/2024\/04\/Insulated-Drink-Dispenser-Display\uff082\uff09-270x270.webp 270w, https:\/\/moyahousehold.com\/wp-content\/uploads\/2024\/04\/Insulated-Drink-Dispenser-Display\uff082\uff09-540x540.webp 540w, https:\/\/moyahousehold.com\/wp-content\/uploads\/2024\/04\/Insulated-Drink-Dispenser-Display\uff082\uff09-660x660.webp 660w\" sizes=\"(max-width: 1500px) 100vw, 1500px\" \/><\/figure>\n<\/div>\n<\/div>\n\n\n\n<div class=\"wp-block-columns is-layout-flex wp-container-core-columns-is-layout-9d6595d7 wp-block-columns-is-layout-flex\">\n<div class=\"wp-block-column is-layout-flow wp-block-column-is-layout-flow\">\n<figure class=\"wp-block-image size-full\"><img loading=\"lazy\" decoding=\"async\" width=\"2158\" height=\"3132\" src=\"https:\/\/moyahousehold.com\/wp-content\/uploads\/2024\/04\/JS-\u4fdd\u6e29\u6876-28.jpg\" alt=\"5.0L insulated bucket, minimalist thermal insulated water dispenser with ergonomic handle, ideal for home\/office\" class=\"wp-image-12923\" srcset=\"https:\/\/moyahousehold.com\/wp-content\/uploads\/2024\/04\/JS-\u4fdd\u6e29\u6876-28.jpg 2158w, https:\/\/moyahousehold.com\/wp-content\/uploads\/2024\/04\/JS-\u4fdd\u6e29\u6876-28-207x300.jpg 207w, https:\/\/moyahousehold.com\/wp-content\/uploads\/2024\/04\/JS-\u4fdd\u6e29\u6876-28-768x1115.jpg 768w, https:\/\/moyahousehold.com\/wp-content\/uploads\/2024\/04\/JS-\u4fdd\u6e29\u6876-28-8x12.jpg 8w, https:\/\/moyahousehold.com\/wp-content\/uploads\/2024\/04\/JS-\u4fdd\u6e29\u6876-28-285x414.jpg 285w, https:\/\/moyahousehold.com\/wp-content\/uploads\/2024\/04\/JS-\u4fdd\u6e29\u6876-28-1600x2322.jpg 1600w, https:\/\/moyahousehold.com\/wp-content\/uploads\/2024\/04\/JS-\u4fdd\u6e29\u6876-28-455x660.jpg 455w, https:\/\/moyahousehold.com\/wp-content\/uploads\/2024\/04\/JS-\u4fdd\u6e29\u6876-28-103x150.jpg 103w\" sizes=\"(max-width: 2158px) 100vw, 2158px\" \/><\/figure>\n<\/div>\n\n\n\n<div class=\"wp-block-column is-layout-flow wp-block-column-is-layout-flow\">\n<figure class=\"wp-block-image size-full\"><img loading=\"lazy\" decoding=\"async\" width=\"2523\" height=\"3624\" src=\"https:\/\/moyahousehold.com\/wp-content\/uploads\/2024\/04\/JS-\u4fdd\u6e29\u6876-27.jpg\" alt=\"5.0L insulated bucket , minimalist thermal insulated water dispenser with ergonomic handle, ideal for home\/office\" class=\"wp-image-12919\" srcset=\"https:\/\/moyahousehold.com\/wp-content\/uploads\/2024\/04\/JS-\u4fdd\u6e29\u6876-27.jpg 2523w, https:\/\/moyahousehold.com\/wp-content\/uploads\/2024\/04\/JS-\u4fdd\u6e29\u6876-27-209x300.jpg 209w, https:\/\/moyahousehold.com\/wp-content\/uploads\/2024\/04\/JS-\u4fdd\u6e29\u6876-27-768x1103.jpg 768w, https:\/\/moyahousehold.com\/wp-content\/uploads\/2024\/04\/JS-\u4fdd\u6e29\u6876-27-8x12.jpg 8w, https:\/\/moyahousehold.com\/wp-content\/uploads\/2024\/04\/JS-\u4fdd\u6e29\u6876-27-285x409.jpg 285w, https:\/\/moyahousehold.com\/wp-content\/uploads\/2024\/04\/JS-\u4fdd\u6e29\u6876-27-1600x2298.jpg 1600w, https:\/\/moyahousehold.com\/wp-content\/uploads\/2024\/04\/JS-\u4fdd\u6e29\u6876-27-459x660.jpg 459w, https:\/\/moyahousehold.com\/wp-content\/uploads\/2024\/04\/JS-\u4fdd\u6e29\u6876-27-104x150.jpg 104w\" sizes=\"(max-width: 2523px) 100vw, 2523px\" \/><\/figure>\n<\/div>\n<\/div>\n\n\n\n<p><\/p>","protected":false},"excerpt":{"rendered":"<p>Wholesale insulated drink dispenser, its double-layer vacuum design provides a better insulation effect. With a capacity of 5.0L, it is suitable for use in offices, restaurants and other scenes. This insulated drink dispenser is simple and chic and strikes a perfect balance between beauty and practicality. Contact us for a quote.<\/p>\n<h3>Caracter\u00edsticas del dispensador de bebidas isot\u00e9rmico de 5 litros<\/h3>\n<div>\n<p><strong>Large Capacity Design:<\/strong> Este dispensador de bebidas aislado tiene una gran capacidad de 5,0litros, que puede satisfacer las necesidades de grandes cantidades de bebidas y es adecuado para su uso en oficinas, gimnasios y otros lugares.<\/p>\n<p><strong>Superior Insulation Performance:<\/strong> Different from ordinary foam rubber insulated dispensers on the market, MOYA&#8217;s insulated drink dispenser uses vacuum technology to significantly improve the insulation effect and keep the temperature of drinks longer.<\/p>\n<p><strong>Intelligent Temperature Control:<\/strong> This insulated drink dispenser is equipped with an LCD display that can display the temperature inside the barrel in real time. The intelligent temperature control design brings convenient temperature management.<\/p>\n<p><strong>Efficient Filtration:<\/strong> This insulated drink dispenser has a built-in high-density filter that can easily filter out residue and keep drinks clean.<\/p>\n<p><strong>Customized Service:<\/strong> Ofrecemos servicios personalizados de OEM y ODM. Podemos crear tarros de aire de marca exclusiva seg\u00fan las necesidades de los clientes para satisfacer las diferentes demandas del mercado.<\/p>\n<\/div>\n<p><strong><a href=\"https:\/\/moyahousehold.com\/es\/solucion-personalizada\/\" target=\"_blank\" rel=\"noopener\">MOYA ofrece soluciones de dispensadores de bebidas isot\u00e9rmicos personalizados OEM&amp;ODM.<\/a><\/strong><\/p>","protected":false},"featured_media":9910,"comment_status":"closed","ping_status":"closed","template":"","meta":[],"product_cat":[54],"product_tag":[156,155,85],"class_list":{"0":"post-3657","1":"product","2":"type-product","3":"status-publish","4":"has-post-thumbnail","6":"product_cat-thermal-carafe-wholesale","7":"product_tag-5-0l-insulated-bucket","8":"product_tag-5-0l-insulated-drink-dispenser","9":"product_tag-wholesale-stainless-steel-liner-thermos-carafe","11":"first","12":"instock","13":"shipping-taxable","14":"product-type-simple"},"_links":{"self":[{"href":"https:\/\/moyahousehold.com\/es\/wp-json\/wp\/v2\/product\/3657","targetHints":{"allow":["GET"]}}],"collection":[{"href":"https:\/\/moyahousehold.com\/es\/wp-json\/wp\/v2\/product"}],"about":[{"href":"https:\/\/moyahousehold.com\/es\/wp-json\/wp\/v2\/types\/product"}],"replies":[{"embeddable":true,"href":"https:\/\/moyahousehold.com\/es\/wp-json\/wp\/v2\/comments?post=3657"}],"version-history":[{"count":2,"href":"https:\/\/moyahousehold.com\/es\/wp-json\/wp\/v2\/product\/3657\/revisions"}],"predecessor-version":[{"id":12925,"href":"https:\/\/moyahousehold.com\/es\/wp-json\/wp\/v2\/product\/3657\/revisions\/12925"}],"wp:featuredmedia":[{"embeddable":true,"href":"https:\/\/moyahousehold.com\/es\/wp-json\/wp\/v2\/media\/9910"}],"wp:attachment":[{"href":"https:\/\/moyahousehold.com\/es\/wp-json\/wp\/v2\/media?parent=3657"}],"wp:term":[{"taxonomy":"product_cat","embeddable":true,"href":"https:\/\/moyahousehold.com\/es\/wp-json\/wp\/v2\/product_cat?post=3657"},{"taxonomy":"product_tag","embeddable":true,"href":"https:\/\/moyahousehold.com\/es\/wp-json\/wp\/v2\/product_tag?post=3657"}],"curies":[{"name":"wp","href":"https:\/\/api.w.org\/{rel}","templated":true}]}}