{"id":3671,"date":"2024-04-22T05:23:57","date_gmt":"2024-04-22T05:23:57","guid":{"rendered":"https:\/\/moyahousehold.com\/?post_type=product&#038;p=3671"},"modified":"2025-02-05T06:27:08","modified_gmt":"2025-02-05T06:27:08","slug":"wholesale-insulated-water-dispenser-2500ml","status":"publish","type":"product","link":"https:\/\/moyahousehold.com\/es\/producto\/wholesale-insulated-water-dispenser-2500ml\/","title":{"rendered":"Mayorista Dispensador de agua aislado 2500ML: Aislamiento t\u00e9rmico eficiente para el hogar, la oficina y el uso comercial"},"content":{"rendered":"<div class=\"wp-block-columns is-layout-flex wp-container-core-columns-is-layout-9d6595d7 wp-block-columns-is-layout-flex\">\n<div class=\"wp-block-column is-layout-flow wp-block-column-is-layout-flow\">\n<h3 class=\"wp-block-heading\">Par\u00e1metros del dispensador de agua aislado<\/h3>\n\n\n\n<p><strong>N\u00famero de modelo<\/strong>:MY0840<br><strong>Material<\/strong>Acero inoxidable 304 +PP + PE + ABS + gel de s\u00edlice <br><strong>Peso bruto<\/strong>:2.5kg<br><strong>Dimensi\u00f3n:<\/strong>238x160x280mm<br><strong>Color<\/strong>:negro\/beige<br><strong>Sin BPA<\/strong><\/p>\n\n\n\n<h3 class=\"wp-block-heading\">Opciones de termos personalizados<\/h3>\n\n\n\n<p><strong>Logotipo<\/strong>Personalice el logotipo de su marca en el producto y el embalaje.<br><strong>Opciones de logotipo<\/strong>Logotipo impreso, logotipo grabado con l\u00e1ser, etc.<br><strong>Patr\u00f3n<\/strong>: patrones de impresi\u00f3n.<br><strong>Tecnolog\u00eda de impresi\u00f3n<\/strong>Impresi\u00f3n por transferencia de agua, serigraf\u00eda, transferencia de calor, sublimaci\u00f3n, etc.<br><strong>Embalaje:<\/strong> caja de color<br><a href=\"https:\/\/moyahousehold.com\/es\/solucion-personalizada\/\" target=\"_blank\" rel=\"noreferrer noopener\"><strong>M\u00e1s informaci\u00f3n sobre soluciones personalizadas para termos<\/strong><\/a><\/p>\n<\/div>\n<\/div>\n\n\n\n<div class=\"wp-block-columns is-layout-flex wp-container-core-columns-is-layout-9d6595d7 wp-block-columns-is-layout-flex\">\n<div class=\"wp-block-column is-layout-flow wp-block-column-is-layout-flow\">\n<figure class=\"wp-block-image size-full\"><img fetchpriority=\"high\" decoding=\"async\" width=\"670\" height=\"1080\" src=\"https:\/\/moyahousehold.com\/wp-content\/uploads\/2024\/04\/Insulated-Water-Dispenser-Detail-1.jpg\" alt=\"Dispensador de agua aislado Detalle (1)\" class=\"wp-image-9796\" srcset=\"https:\/\/moyahousehold.com\/wp-content\/uploads\/2024\/04\/Insulated-Water-Dispenser-Detail-1.jpg 670w, https:\/\/moyahousehold.com\/wp-content\/uploads\/2024\/04\/Insulated-Water-Dispenser-Detail-1-186x300.jpg 186w, https:\/\/moyahousehold.com\/wp-content\/uploads\/2024\/04\/Insulated-Water-Dispenser-Detail-1-7x12.jpg 7w, https:\/\/moyahousehold.com\/wp-content\/uploads\/2024\/04\/Insulated-Water-Dispenser-Detail-1-285x459.jpg 285w, https:\/\/moyahousehold.com\/wp-content\/uploads\/2024\/04\/Insulated-Water-Dispenser-Detail-1-409x660.jpg 409w, https:\/\/moyahousehold.com\/wp-content\/uploads\/2024\/04\/Insulated-Water-Dispenser-Detail-1-93x150.jpg 93w\" sizes=\"(max-width: 670px) 100vw, 670px\" \/><\/figure>\n<\/div>\n\n\n\n<div class=\"wp-block-column is-layout-flow wp-block-column-is-layout-flow\">\n<figure class=\"wp-block-image size-full\"><img decoding=\"async\" width=\"670\" height=\"1080\" src=\"https:\/\/moyahousehold.com\/wp-content\/uploads\/2024\/04\/Insulated-Water-Dispenser-Detail2.jpg\" alt=\"Dispensador de agua aislado Detalle(2)\" class=\"wp-image-9797\" srcset=\"https:\/\/moyahousehold.com\/wp-content\/uploads\/2024\/04\/Insulated-Water-Dispenser-Detail2.jpg 670w, https:\/\/moyahousehold.com\/wp-content\/uploads\/2024\/04\/Insulated-Water-Dispenser-Detail2-186x300.jpg 186w, https:\/\/moyahousehold.com\/wp-content\/uploads\/2024\/04\/Insulated-Water-Dispenser-Detail2-7x12.jpg 7w, https:\/\/moyahousehold.com\/wp-content\/uploads\/2024\/04\/Insulated-Water-Dispenser-Detail2-285x459.jpg 285w, https:\/\/moyahousehold.com\/wp-content\/uploads\/2024\/04\/Insulated-Water-Dispenser-Detail2-409x660.jpg 409w, https:\/\/moyahousehold.com\/wp-content\/uploads\/2024\/04\/Insulated-Water-Dispenser-Detail2-93x150.jpg 93w\" sizes=\"(max-width: 670px) 100vw, 670px\" \/><\/figure>\n<\/div>\n<\/div>","protected":false},"excerpt":{"rendered":"<p>El dispensador de agua isot\u00e9rmica al por mayor de 2500 ml puede mantener la temperatura interna de la bebida durante mucho tiempo. Este dispensador de agua aislado est\u00e1 dise\u00f1ado para ser ligero y equipado con un asa c\u00f3moda, por lo que es muy conveniente para llevar con usted. Puede ser utilizado por muchas personas en reuniones familiares, oficinas o actividades al aire libre.<\/p>\n<h3>Caracter\u00edsticas del dispensador de agua aislado de 2500ML\u00a0<\/h3>\n<div>\n<p><strong>F\u00e1cil de usar:<\/strong> S\u00f3lo tiene que pulsar el bot\u00f3n y el agua o las bebidas saldr\u00e1n autom\u00e1ticamente, lo que hace que servir bebidas sea extremadamente r\u00e1pido y c\u00f3modo.<\/p>\n<p><strong>Excelente rendimiento aislante:<\/strong> Este dispensador de agua aislado utiliza tecnolog\u00eda de aislamiento al vac\u00edo de doble capa para mantener eficazmente la temperatura adecuada de las bebidas calientes o fr\u00edas.<\/p>\n<p><strong>Gran capacidad:<\/strong> Este dispensador de agua aislado tiene una capacidad de 2,5 litros, que puede satisfacer las necesidades de bebida habituales en las fiestas y evitar la molestia de rellenar agua con frecuencia.<\/p>\n<p><strong>F\u00e1cil de transportar:<\/strong> Este dispensador de agua aislado est\u00e1 dise\u00f1ado para ser ligero, y su forma compacta y dise\u00f1o f\u00e1cil de transportar lo convierten en una opci\u00f3n ideal para actividades al aire libre, viajes o acampadas.<\/p>\n<p><strong>F\u00e1cil de limpiar:<\/strong> El dispensador de agua aislado puede desmontarse f\u00e1cilmente, y los usuarios pueden limpiar f\u00e1cilmente todos los rincones durante su uso.<\/p>\n<p><strong>Dise\u00f1o respetuoso con el medio ambiente:<\/strong> Su concepto de dise\u00f1o no s\u00f3lo se centra en la practicidad, sino que tambi\u00e9n se adhiere a los principios de protecci\u00f3n del medio ambiente. Puede utilizarse varias veces. Este dispensador de agua aislada ayuda a reducir el uso de botellas de pl\u00e1stico desechables.<\/p>\n<p><\/p>\n<p>&nbsp;<\/p>\n<\/div>","protected":false},"featured_media":7445,"comment_status":"closed","ping_status":"closed","template":"","meta":[],"product_cat":[54],"product_tag":[85],"class_list":{"0":"post-3671","1":"product","2":"type-product","3":"status-publish","4":"has-post-thumbnail","6":"product_cat-thermal-carafe-wholesale","7":"product_tag-wholesale-stainless-steel-liner-thermos-carafe","9":"first","10":"instock","11":"shipping-taxable","12":"product-type-simple"},"_links":{"self":[{"href":"https:\/\/moyahousehold.com\/es\/wp-json\/wp\/v2\/product\/3671","targetHints":{"allow":["GET"]}}],"collection":[{"href":"https:\/\/moyahousehold.com\/es\/wp-json\/wp\/v2\/product"}],"about":[{"href":"https:\/\/moyahousehold.com\/es\/wp-json\/wp\/v2\/types\/product"}],"replies":[{"embeddable":true,"href":"https:\/\/moyahousehold.com\/es\/wp-json\/wp\/v2\/comments?post=3671"}],"version-history":[{"count":0,"href":"https:\/\/moyahousehold.com\/es\/wp-json\/wp\/v2\/product\/3671\/revisions"}],"wp:featuredmedia":[{"embeddable":true,"href":"https:\/\/moyahousehold.com\/es\/wp-json\/wp\/v2\/media\/7445"}],"wp:attachment":[{"href":"https:\/\/moyahousehold.com\/es\/wp-json\/wp\/v2\/media?parent=3671"}],"wp:term":[{"taxonomy":"product_cat","embeddable":true,"href":"https:\/\/moyahousehold.com\/es\/wp-json\/wp\/v2\/product_cat?post=3671"},{"taxonomy":"product_tag","embeddable":true,"href":"https:\/\/moyahousehold.com\/es\/wp-json\/wp\/v2\/product_tag?post=3671"}],"curies":[{"name":"wp","href":"https:\/\/api.w.org\/{rel}","templated":true}]}}